{"id":5,"date":"2020-07-20T07:22:22","date_gmt":"2020-07-20T04:22:22","guid":{"rendered":"http:\/\/ticaret.edu.tr\/abuam\/?page_id=5"},"modified":"2025-02-26T11:17:12","modified_gmt":"2025-02-26T08:17:12","slug":"ana-sayfa","status":"publish","type":"page","link":"http:\/\/ticaret.edu.tr\/avrupa-birligi-uygulama-ve-arastirma-merkezi\/","title":{"rendered":"Ana Sayfa"},"content":{"rendered":"<p><img loading=\"lazy\" decoding=\"async\" class=\"alignnone wp-image-350 size-large\" src=\"http:\/\/ticaret.edu.tr\/avrupa-birligi-uygulama-ve-arastirma-merkezi\/wp-content\/uploads\/sites\/49\/2024\/12\/2024_12_16_Digitalization_and_the_EU_Programmes_12_12_2024_INSTAGRAM-1-1024x1024.jpg\" alt=\"\" width=\"1024\" height=\"1024\" srcset=\"http:\/\/ticaret.edu.tr\/avrupa-birligi-uygulama-ve-arastirma-merkezi\/wp-content\/uploads\/sites\/49\/2024\/12\/2024_12_16_Digitalization_and_the_EU_Programmes_12_12_2024_INSTAGRAM-1-1024x1024.jpg 1024w, http:\/\/ticaret.edu.tr\/avrupa-birligi-uygulama-ve-arastirma-merkezi\/wp-content\/uploads\/sites\/49\/2024\/12\/2024_12_16_Digitalization_and_the_EU_Programmes_12_12_2024_INSTAGRAM-1-300x300.jpg 300w, http:\/\/ticaret.edu.tr\/avrupa-birligi-uygulama-ve-arastirma-merkezi\/wp-content\/uploads\/sites\/49\/2024\/12\/2024_12_16_Digitalization_and_the_EU_Programmes_12_12_2024_INSTAGRAM-1-150x150.jpg 150w, http:\/\/ticaret.edu.tr\/avrupa-birligi-uygulama-ve-arastirma-merkezi\/wp-content\/uploads\/sites\/49\/2024\/12\/2024_12_16_Digitalization_and_the_EU_Programmes_12_12_2024_INSTAGRAM-1-768x768.jpg 768w, http:\/\/ticaret.edu.tr\/avrupa-birligi-uygulama-ve-arastirma-merkezi\/wp-content\/uploads\/sites\/49\/2024\/12\/2024_12_16_Digitalization_and_the_EU_Programmes_12_12_2024_INSTAGRAM-1.jpg 1200w\" sizes=\"(max-width: 1024px) 100vw, 1024px\" \/><\/p>\n","protected":false},"excerpt":{"rendered":"","protected":false},"author":142,"featured_media":0,"parent":0,"menu_order":0,"comment_status":"closed","ping_status":"closed","template":"pages\/homepage.php","meta":{"footnotes":""},"yoast_head":"<!-- This site is optimized with the Yoast SEO Premium plugin v22.1 (Yoast SEO v22.1) - https:\/\/yoast.com\/wordpress\/plugins\/seo\/ -->\n<title>Ana Sayfa - Avrupa Birli\u011fi Uygulama ve Ara\u015ft\u0131rma Merkezi<\/title>\n<meta name=\"description\" content=\"Anasayfa\" \/>\n<meta name=\"robots\" content=\"index, follow, max-snippet:-1, max-image-preview:large, max-video-preview:-1\" \/>\n<link rel=\"canonical\" href=\"https:\/\/ticaret.edu.tr\/avrupa-birligi-uygulama-ve-arastirma-merkezi\/\" \/>\n<meta property=\"og:locale\" content=\"tr_TR\" \/>\n<meta property=\"og:type\" content=\"article\" \/>\n<meta property=\"og:title\" content=\"Ana Sayfa\" \/>\n<meta property=\"og:description\" content=\"Anasayfa\" \/>\n<meta property=\"og:url\" content=\"https:\/\/ticaret.edu.tr\/avrupa-birligi-uygulama-ve-arastirma-merkezi\/\" \/>\n<meta property=\"og:site_name\" content=\"Avrupa Birli\u011fi Uygulama ve Ara\u015ft\u0131rma Merkezi\" \/>\n<meta property=\"article:publisher\" content=\"https:\/\/www.facebook.com\/ticaretedutr\" \/>\n<meta property=\"article:modified_time\" content=\"2025-02-26T08:17:12+00:00\" \/>\n<meta property=\"og:image\" content=\"http:\/\/ticaret.edu.tr\/avrupa-birligi-uygulama-ve-arastirma-merkezi\/wp-content\/uploads\/sites\/49\/2024\/12\/2024_12_16_Digitalization_and_the_EU_Programmes_12_12_2024_INSTAGRAM-1-1024x1024.jpg\" \/>\n<meta name=\"twitter:card\" content=\"summary_large_image\" \/>\n<meta name=\"twitter:site\" content=\"@ticaretedutr\" \/>\n<meta name=\"twitter:label1\" content=\"Tahmini okuma s\u00fcresi\" \/>\n\t<meta name=\"twitter:data1\" content=\"1 dakika\" \/>\n<script type=\"application\/ld+json\" class=\"yoast-schema-graph\">{\"@context\":\"https:\/\/schema.org\",\"@graph\":[{\"@type\":\"WebPage\",\"@id\":\"https:\/\/ticaret.edu.tr\/avrupa-birligi-uygulama-ve-arastirma-merkezi\/\",\"url\":\"https:\/\/ticaret.edu.tr\/avrupa-birligi-uygulama-ve-arastirma-merkezi\/\",\"name\":\"Ana Sayfa - Avrupa Birli\u011fi Uygulama ve Ara\u015ft\u0131rma Merkezi\",\"isPartOf\":{\"@id\":\"http:\/\/ticaret.edu.tr\/avrupa-birligi-uygulama-ve-arastirma-merkezi\/en\/#website\"},\"datePublished\":\"2020-07-20T04:22:22+00:00\",\"dateModified\":\"2025-02-26T08:17:12+00:00\",\"description\":\"Anasayfa\",\"breadcrumb\":{\"@id\":\"https:\/\/ticaret.edu.tr\/avrupa-birligi-uygulama-ve-arastirma-merkezi\/#breadcrumb\"},\"inLanguage\":\"tr\",\"potentialAction\":[{\"@type\":\"ReadAction\",\"target\":[\"https:\/\/ticaret.edu.tr\/avrupa-birligi-uygulama-ve-arastirma-merkezi\/\"]}]},{\"@type\":\"BreadcrumbList\",\"@id\":\"https:\/\/ticaret.edu.tr\/avrupa-birligi-uygulama-ve-arastirma-merkezi\/#breadcrumb\",\"itemListElement\":[{\"@type\":\"ListItem\",\"position\":1,\"name\":\"Ana sayfa\",\"item\":\"https:\/\/ticaret.edu.tr\/avrupa-birligi-uygulama-ve-arastirma-merkezi\/\"},{\"@type\":\"ListItem\",\"position\":2,\"name\":\"Ana Sayfa\"}]},{\"@type\":\"WebSite\",\"@id\":\"http:\/\/ticaret.edu.tr\/avrupa-birligi-uygulama-ve-arastirma-merkezi\/en\/#website\",\"url\":\"http:\/\/ticaret.edu.tr\/avrupa-birligi-uygulama-ve-arastirma-merkezi\/en\/\",\"name\":\"Avrupa Birli\u011fi Uygulama ve Ara\u015ft\u0131rma Merkezi\",\"description\":\"Bir ba\u015fka \u0130stanbul Ticaret \u00dcniversitesi site sitesi\",\"potentialAction\":[{\"@type\":\"SearchAction\",\"target\":{\"@type\":\"EntryPoint\",\"urlTemplate\":\"http:\/\/ticaret.edu.tr\/avrupa-birligi-uygulama-ve-arastirma-merkezi\/en\/?s={search_term_string}\"},\"query-input\":\"required name=search_term_string\"}],\"inLanguage\":\"tr\"}]}<\/script>\n<!-- \/ Yoast SEO Premium plugin. -->","yoast_head_json":{"title":"Ana Sayfa - Avrupa Birli\u011fi Uygulama ve Ara\u015ft\u0131rma Merkezi","description":"Anasayfa","robots":{"index":"index","follow":"follow","max-snippet":"max-snippet:-1","max-image-preview":"max-image-preview:large","max-video-preview":"max-video-preview:-1"},"canonical":"https:\/\/ticaret.edu.tr\/avrupa-birligi-uygulama-ve-arastirma-merkezi\/","og_locale":"tr_TR","og_type":"article","og_title":"Ana Sayfa","og_description":"Anasayfa","og_url":"https:\/\/ticaret.edu.tr\/avrupa-birligi-uygulama-ve-arastirma-merkezi\/","og_site_name":"Avrupa Birli\u011fi Uygulama ve Ara\u015ft\u0131rma Merkezi","article_publisher":"https:\/\/www.facebook.com\/ticaretedutr","article_modified_time":"2025-02-26T08:17:12+00:00","og_image":[{"url":"http:\/\/ticaret.edu.tr\/avrupa-birligi-uygulama-ve-arastirma-merkezi\/wp-content\/uploads\/sites\/49\/2024\/12\/2024_12_16_Digitalization_and_the_EU_Programmes_12_12_2024_INSTAGRAM-1-1024x1024.jpg"}],"twitter_card":"summary_large_image","twitter_site":"@ticaretedutr","twitter_misc":{"Tahmini okuma s\u00fcresi":"1 dakika"},"schema":{"@context":"https:\/\/schema.org","@graph":[{"@type":"WebPage","@id":"https:\/\/ticaret.edu.tr\/avrupa-birligi-uygulama-ve-arastirma-merkezi\/","url":"https:\/\/ticaret.edu.tr\/avrupa-birligi-uygulama-ve-arastirma-merkezi\/","name":"Ana Sayfa - Avrupa Birli\u011fi Uygulama ve Ara\u015ft\u0131rma Merkezi","isPartOf":{"@id":"http:\/\/ticaret.edu.tr\/avrupa-birligi-uygulama-ve-arastirma-merkezi\/en\/#website"},"datePublished":"2020-07-20T04:22:22+00:00","dateModified":"2025-02-26T08:17:12+00:00","description":"Anasayfa","breadcrumb":{"@id":"https:\/\/ticaret.edu.tr\/avrupa-birligi-uygulama-ve-arastirma-merkezi\/#breadcrumb"},"inLanguage":"tr","potentialAction":[{"@type":"ReadAction","target":["https:\/\/ticaret.edu.tr\/avrupa-birligi-uygulama-ve-arastirma-merkezi\/"]}]},{"@type":"BreadcrumbList","@id":"https:\/\/ticaret.edu.tr\/avrupa-birligi-uygulama-ve-arastirma-merkezi\/#breadcrumb","itemListElement":[{"@type":"ListItem","position":1,"name":"Ana sayfa","item":"https:\/\/ticaret.edu.tr\/avrupa-birligi-uygulama-ve-arastirma-merkezi\/"},{"@type":"ListItem","position":2,"name":"Ana Sayfa"}]},{"@type":"WebSite","@id":"http:\/\/ticaret.edu.tr\/avrupa-birligi-uygulama-ve-arastirma-merkezi\/en\/#website","url":"http:\/\/ticaret.edu.tr\/avrupa-birligi-uygulama-ve-arastirma-merkezi\/en\/","name":"Avrupa Birli\u011fi Uygulama ve Ara\u015ft\u0131rma Merkezi","description":"Bir ba\u015fka \u0130stanbul Ticaret \u00dcniversitesi site sitesi","potentialAction":[{"@type":"SearchAction","target":{"@type":"EntryPoint","urlTemplate":"http:\/\/ticaret.edu.tr\/avrupa-birligi-uygulama-ve-arastirma-merkezi\/en\/?s={search_term_string}"},"query-input":"required name=search_term_string"}],"inLanguage":"tr"}]}},"lang":"tr","translations":{"en":90,"tr":5},"pll_sync_post":[],"_links":{"self":[{"href":"http:\/\/ticaret.edu.tr\/avrupa-birligi-uygulama-ve-arastirma-merkezi\/wp-json\/wp\/v2\/pages\/5"}],"collection":[{"href":"http:\/\/ticaret.edu.tr\/avrupa-birligi-uygulama-ve-arastirma-merkezi\/wp-json\/wp\/v2\/pages"}],"about":[{"href":"http:\/\/ticaret.edu.tr\/avrupa-birligi-uygulama-ve-arastirma-merkezi\/wp-json\/wp\/v2\/types\/page"}],"author":[{"embeddable":true,"href":"http:\/\/ticaret.edu.tr\/avrupa-birligi-uygulama-ve-arastirma-merkezi\/wp-json\/wp\/v2\/users\/142"}],"replies":[{"embeddable":true,"href":"http:\/\/ticaret.edu.tr\/avrupa-birligi-uygulama-ve-arastirma-merkezi\/wp-json\/wp\/v2\/comments?post=5"}],"version-history":[{"count":10,"href":"http:\/\/ticaret.edu.tr\/avrupa-birligi-uygulama-ve-arastirma-merkezi\/wp-json\/wp\/v2\/pages\/5\/revisions"}],"predecessor-version":[{"id":361,"href":"http:\/\/ticaret.edu.tr\/avrupa-birligi-uygulama-ve-arastirma-merkezi\/wp-json\/wp\/v2\/pages\/5\/revisions\/361"}],"wp:attachment":[{"href":"http:\/\/ticaret.edu.tr\/avrupa-birligi-uygulama-ve-arastirma-merkezi\/wp-json\/wp\/v2\/media?parent=5"}],"curies":[{"name":"wp","href":"https:\/\/api.w.org\/{rel}","templated":true}]}}