{"id":6,"date":"2020-07-20T07:22:33","date_gmt":"2020-07-20T04:22:33","guid":{"rendered":"http:\/\/ticaret.edu.tr\/abuam\/?page_id=6"},"modified":"2025-12-23T16:03:06","modified_gmt":"2025-12-23T13:03:06","slug":"hakkimizda","status":"publish","type":"page","link":"http:\/\/ticaret.edu.tr\/avrupa-birligi-uygulama-ve-arastirma-merkezi\/hakkimizda\/","title":{"rendered":"Hakk\u0131m\u0131zda"},"content":{"rendered":"<div class=\"entry-content\">\n<p><strong>Y\u00d6NET\u0130M KURULU<\/strong><\/p>\n<p>Do\u00e7. Dr. U\u011fur Yasin ASAL (M\u00fcd\u00fcr)<\/p>\n<p>Do\u00e7. Dr. Ayfer GEN\u00c7 YILMAZ (M\u00fcd\u00fcr Yard\u0131mc\u0131s\u0131)<\/p>\n<p>Prof. Dr. Naz\u0131m EKREN (\u00dcye)<\/p>\n<p>Prof. Dr. Oya DA\u011eLAR MACAR (\u00dcye)<\/p>\n<p>Prof. Dr. Necla \u00d6yk\u00fc \u0130Y\u0130G\u00dcN (\u00dcye)<\/p>\n<p>&nbsp;<\/p>\n<p><strong>DANI\u015eMA KURULU<\/strong><\/p>\n<p>Do\u00e7. Dr. U\u011fur Yasin ASAL<\/p>\n<p>Prof. Dr. Mesut \u00d6ZCAN<\/p>\n<p>Prof. Dr. \u00d6zg\u00fcn ERLER BAYIR<\/p>\n<p>Prof. Dr. Emine Sare AYDIN<\/p>\n<p>Alper UZUNYOL<\/p>\n<p>Selin KO\u00c7<\/p>\n<p>&nbsp;<\/p>\n<p>Merkez, T\u00fcrkiye\u2019nin Avrupa Birli\u011fi tam \u00fcyelik s\u00fcrecinde hukuki, politik, ekonomik ve sosyal konularda ara\u015ft\u0131rma ve uygulama projeleri geli\u015ftirmek amac\u0131yla kamuoyunun bilgilendirilmesi ve T\u00fcrkiye-Avrupa Birli\u011fi ili\u015fkilerinin geli\u015ftirilmesine disiplinleraras\u0131 bir yakla\u015f\u0131mla katk\u0131 sa\u011flamak \u00fczere May\u0131s 2004\u2019te kurulmu\u015ftur.<\/p>\n<p>Bu do\u011frultuda \u0130stanbul Ticaret \u00dcniversitesi AB Uygulama ve Ara\u015ft\u0131rma Merkezi ilgili kurulu\u015flarla i\u015fbirli\u011fi i\u00e7erisinde e\u011fitim programlar\u0131, seminerler, ara\u015ft\u0131rma raporlar\u0131 ve kitap\u00e7\u0131klar\u0131, akademik yay\u0131nlar ve organizasyonlar ger\u00e7ekle\u015ftirmekte ve ba\u015fta \u00f6zel sekt\u00f6r olmak \u00fczere toplumun de\u011fi\u015fik kesimlerinin s\u00fcre\u00e7 ile ilgili bilgi d\u00fczeyini art\u0131rmaya y\u00f6nelik \u00e7al\u0131\u015fmalar\u0131n\u0131 s\u00fcrd\u00fcrmektedir.<\/p>\n<p>Avrupa Birli\u011fi Uygulama ve Ara\u015ft\u0131rma Merkezi, \u00fcniversitemiz taraf\u0131ndan sunulan imkanlar \u00f6l\u00e7\u00fcs\u00fcnde ba\u015fka kurulu\u015flar taraf\u0131ndan d\u00fczenlenen \u00e7al\u0131\u015fmalara da katk\u0131 sa\u011flamakta ve \u0130stanbul Ticaret \u00dcniversitesi kurulu\u015f felsefesi do\u011frultusunda T\u00fcrkiye\u2019nin AB \u00fcyelik s\u00fcrecine katk\u0131 sa\u011flamaya \u00e7al\u0131\u015fmaktad\u0131r.<\/p>\n<p>&nbsp;<\/p>\n<p>Do\u00e7. Dr. U\u011fur Yasin ASAL<\/p>\n<p>Avrupa Birli\u011fi Uygulama ve Ara\u015ft\u0131rma Merkezi M\u00fcd\u00fcr<\/p>\n<\/div>\n<p>&nbsp;<\/p>\n<p>&nbsp;<\/p>\n<p><strong>Y\u00d6NETMEL\u0130K<\/strong><\/p>\n<p><strong>Y\u00f6netmeli\u011fin Yay\u0131mland\u0131\u011f\u0131 Resm\u00ee Gazete\uff82\u2019nin<\/strong><br \/>\n<strong>Tarihi Say\u0131s\u0131<\/strong><br \/>\n<strong>15\/5\/2004 25463<\/strong><br \/>\n<strong>Y\u00f6netmelikte De\u011fi\u015fiklik Yapan Y\u00f6netmeliklerin Yay\u0131mland\u0131\u011f\u0131 Resm\u00ee<\/strong><br \/>\n<strong>Gazetelerin<\/strong><br \/>\n<strong>Tarihi Say\u0131s\u0131<\/strong><br \/>\n<strong>1 23\/5\/2016 29720<\/strong><\/p>\n<p><strong>\u0130STANBUL T\u0130CARET \u00dcN\u0130VERS\u0130TES\u0130<\/strong><br \/>\n<strong>AVRUPA B\u0130RL\u0130\u011e\u0130 UYGULAMA VE ARA\u015eTIRMA MERKEZ\u0130 Y\u00d6NETMEL\u0130\u011e\u0130<\/strong><br \/>\n<strong>Kurulu\u015f<\/strong><br \/>\n<strong>Madde 1 \u2014<\/strong> \u0130stanbul Ticaret \u00dcniversitesi Rekt\u00f6rl\u00fc\u011f\u00fcne ba\u011fl\u0131 olarak, 2547 say\u0131l\u0131 Kanunun 3\/c, j ve 7\/d (2) maddeleri uyar\u0131nca &#8220;\u0130stanbul Ticaret \u00dcniversitesi Avrupa Birli\u011fi Uygulama ve Ara\u015ft\u0131rma Merkezi&#8221; kurulmu\u015ftur.<br \/>\n<strong>Ama\u00e7<\/strong><br \/>\n<strong>Madde 2 \u2014<\/strong> Merkezin amac\u0131, Avrupa Birli\u011finin hukuksal, siyasal, ekonomik, sosyal ve k\u00fclt\u00fcrel y\u00f6nlerden incelenmesi ve ara\u015ft\u0131r\u0131lmas\u0131, T\u00fcrkiye Avrupa Birli\u011fi ili\u015fkilerinin geli\u015ftirilmesi hedefine y\u00f6nelik, disiplinleraras\u0131 bir yakla\u015f\u0131mla uygulamalar ve ara\u015ft\u0131rmalar yapmakt\u0131r.<br \/>\n<strong>Faaliyetler<\/strong><br \/>\n<strong>Madde 3 \u2014<\/strong> Merkez, 2&#8242; nci maddedeki amac\u0131na ula\u015fabilmek i\u00e7in \u015fu faaliyetlerde bulunur:<br \/>\na) Avrupa Birli\u011fi, Avrupa Birli\u011fi T\u00fcrkiye ili\u015fkileri alanlar\u0131nda ara\u015ft\u0131rma yapmak ve bunlar\u0131 T\u00fcrk\u00e7e ve\/veya yabanc\u0131 dillerde yay\u0131mlamak.<br \/>\nb) Avrupa Birli\u011fi, Avrupa Birli\u011fi &#8211; T\u00fcrkiye ili\u015fkileri alanlar\u0131nda ulusal ve uluslararas\u0131 nitelikte konferans, sempozyum, kollokyum, seminer ve<br \/>\nbenzeri faaliyetlerde bulunmak.<br \/>\nc) Merkez\uff82\u2019in ilgi alan\u0131na giren konularda faaliyette bulunan ulusal veya uluslararas\u0131, resmi veya \u00f6zel kurum ve \u00f6rg\u00fctler ile Merkez\uff82\u2019in amac\u0131<br \/>\ndo\u011frultusunda ili\u015fki kurmak, i\u015fbirli\u011finde bulunmak, ortak \u00e7al\u0131\u015fmalar d\u00fczenlemek, uygulama ve ara\u015ft\u0131rma projeleri haz\u0131rlamak, bu projelere kaynak yaratmak ve projeleri uygulamak ve\/veya uygulaman\u0131n takibini yapmak.<br \/>\nd) De\u011fi\u015fik sekt\u00f6rlere mensup \u00e7al\u0131\u015fanlar\u0131n meslek i\u00e7i e\u011fitimlerinde, Avrupa Birli\u011fi\uff82\u2019nin \u00f6nemini vurgulayan ve bunun uygulamada i\u015flerlik<br \/>\nkazanmas\u0131n\u0131 hedefleyen e\u011fitim \u00e7al\u0131\u015fmalar\u0131 haz\u0131rlamak ve y\u00fcr\u00fctmek, kurslar, meslek i\u00e7i e\u011fitim ve sertifika programlar\u0131, ulusal ve uluslararas\u0131 d\u00fczeyde yaz okullar\u0131 ve \u00e7al\u0131\u015fmalar d\u00fczenlemek.<br \/>\ne) Merkez\uff82\u2019in ilgi alan\u0131na giren konularda, y\u00fcksek \u00f6\u011fretim mevzuat\u0131 \u00e7er\u00e7evesinde, hukuki dan\u0131\u015fmanl\u0131k, bilirki\u015filik ve benzeri nitelikte faaliyetlerde bulunmak.<br \/>\nf) Avrupa Birli\u011fi alan\u0131nda ulusal ve uluslararas\u0131 d\u00fczeydeki normlar\u0131, Avrupa \u0130nsan Haklar\u0131 Mahkemesi kararlar\u0131n\u0131, ilgili andla\u015fmalar\u0131n kabul\u00fcn\u00fc ve bunlara ili\u015fkin uygulamay\u0131 izlemek ve bu konulardaki de\u011ferlendirmeleri uygun yollarla ilgililerin ve kamunun bilgisine sunmak.<br \/>\ng) Avrupa Birli\u011fi alan\u0131nda ara\u015ft\u0131rma yapmaya elveri\u015fli nitelikte bir k\u00fct\u00fcphane ve ar\u015fiv olu\u015fturmak, ulusal ve uluslararas\u0131 bir elektronik ileti\u015fim a\u011f\u0131 kurmak, Merkez\uff82\u2019e ait, en az bir s\u00fcreli yay\u0131n\u0131 haz\u0131rlay\u0131p yay\u0131mlamak.<br \/>\nh) Amac\u0131 ile ilgili olan di\u011fer her t\u00fcrl\u00fc faaliyette bulunmak.<br \/>\n<strong>Merkezin Organlar\u0131<\/strong><br \/>\n<strong>Madde 4 \u2014<\/strong> Merkez\uff82\u2019in Organlar\u0131; Merkez M\u00fcd\u00fcr\u00fc, Y\u00f6netim Kurulu ve Dan\u0131\u015fma Kurulu\uff82\u2019dur.<br \/>\n<strong>Merkez M\u00fcd\u00fcr\u00fc<\/strong><br \/>\n<strong>Madde 5 \u2014<\/strong> (De\u011fi\u015fik f\u0131kra:RG-23\/5\/2016-29720) M\u00fcd\u00fcr, \u00dcniversitede tam g\u00fcn \u00e7al\u0131\u015fan \u00f6\u011fretim \u00fcyeleri veya idari personel aras\u0131ndan \u00fc\u00e7 y\u0131l<br \/>\ni\u00e7in Rekt\u00f6r taraf\u0131ndan g\u00f6revlendirilir. G\u00f6rev s\u00fcresi sona eren M\u00fcd\u00fcr ayn\u0131 usulle yeniden g\u00f6revlendirilebilir. M\u00fcd\u00fcr\u00fcn g\u00f6revden al\u0131nmas\u0131nda da ayn\u0131 y\u00f6ntem uygulan\u0131r. M\u00fcd\u00fcr Merkezin \u00e7al\u0131\u015fmalar\u0131n\u0131n d\u00fczenli olarak y\u00fcr\u00fct\u00fclmesi ve geli\u015ftirilmesinden Rekt\u00f6re kar\u015f\u0131 sorumludur.<\/p>\n<p>Merkez M\u00fcd\u00fcr\u00fc, kendisine yard\u0131mc\u0131 olmak \u00fczere, Y\u00f6netim Kurulu \u00fcyelerinden birisini M\u00fcd\u00fcr Yard\u0131mc\u0131s\u0131 olarak se\u00e7ebilir. Merkez M\u00fcd\u00fcr\u00fc,<br \/>\ng\u00f6revi ba\u015f\u0131nda olmad\u0131\u011f\u0131 zaman yard\u0131mc\u0131s\u0131 kendisine vekalet eder. Ba\u015fkan\u0131n g\u00f6revi sona erdi\u011finde Ba\u015fkan Yard\u0131mc\u0131s\u0131n\u0131n g\u00f6revi de sona erer.<br \/>\nMerkez M\u00fcd\u00fcr\u00fcn\u00fcn, kesintisiz 6 aydan fazla bir s\u00fcre g\u00f6revi ba\u015f\u0131nda bulunamamas\u0131 durumunda yeni bir Merkez M\u00fcd\u00fcr\u00fc g\u00f6revlendirilir.<br \/>\n<strong>Merkez M\u00fcd\u00fcr\u00fcn\u00fcn G\u00f6rev, Yetki ve Sorumluluklar\u0131<\/strong><br \/>\n<strong>Madde 6 \u2014<\/strong> Merkez M\u00fcd\u00fcr\u00fcn\u00fcn g\u00f6rev, yetki ve sorumluluklar\u0131 \u015funlard\u0131r;<br \/>\na) Merkezi temsil ve Y\u00f6netim Kuruluna ba\u015fkanl\u0131k etmek.<br \/>\nb) Y\u00f6netim Kurulu kararlar\u0131n\u0131 bu Y\u00f6netmelik \u00e7er\u00e7evesinde uygulamak.<br \/>\nc) Merkez\uff82\u2019in idari i\u015flerini y\u00fcr\u00fctmek, gerekli e\u015fg\u00fcd\u00fcm ve denetimi sa\u011flamak, yaz\u0131\u015fmalar\u0131 yapmak.<br \/>\nd) Y\u00f6netim Kurulunun haz\u0131rlad\u0131\u011f\u0131 y\u0131ll\u0131k faaliyet raporunu Rekt\u00f6rl\u00fc\u011fe sunmakt\u0131r.<br \/>\n<strong>Merkez Y\u00f6netim Kurulu<\/strong><br \/>\n<strong>Madde 7 \u2014<\/strong> Merkez Y\u00f6netim Kurulu; Merkez M\u00fcd\u00fcr\u00fc dahil 5 ki\u015fiden olu\u015fur. M\u00fcd\u00fcr d\u0131\u015f\u0131ndaki di\u011fer \u00fcyeler, \u00f6\u011fretim elemanlar\u0131 aras\u0131ndan<br \/>\nSenato taraf\u0131ndan 2 y\u0131ll\u0131k s\u00fcre i\u00e7in atan\u0131rlar; s\u00fcreleri dolan \u00fcyeler yeniden se\u00e7ilebilir. S\u00fcresi bitmeden ayr\u0131lanlar\u0131n veya 6 aydan fazla \u00dcniversite d\u0131\u015f\u0131nda g\u00f6revlendirilenlerin yerine, s\u00fcreyi doldurmak \u00fczere yenileri se\u00e7ilir.<br \/>\nY\u00f6netim Kurulu ola\u011fan olarak ayda en az bir, gerekli oldu\u011funda da M\u00fcd\u00fcr\u00fcn \u00e7a\u011fr\u0131s\u0131 \u00fczerine ve \u00e7o\u011funluk sa\u011flanarak toplan\u0131r. Kararlar, kurula kat\u0131lanlar\u0131n salt \u00e7o\u011funlu\u011fu ile al\u0131n\u0131r.<br \/>\n<strong>Merkez Y\u00f6netim Kurulunun G\u00f6rev, Yetki ve Sorumluluklar\u0131<\/strong><br \/>\n<strong>Madde 8 \u2014<\/strong> Merkez Y\u00f6netim Kurulunun g\u00f6rev, yetki ve sorumluluklar\u0131 \u015funlard\u0131r;<br \/>\na) Merkezin \u00e7al\u0131\u015fma program\u0131n\u0131 haz\u0131rlamak ve y\u00fcr\u00fctmek.<br \/>\nb) Merkezin y\u0131ll\u0131k faaliyet raporunu haz\u0131rlamak.<br \/>\nc) Merkezin b\u00fcnyesinde kurulacak bilimsel \u00e7al\u0131\u015fma gruplar\u0131nda g\u00f6revlendirilecek \u00f6\u011fretim elemanlar\u0131n\u0131n se\u00e7imini yapmak ve g\u00f6revlendirmeleri i\u00e7in Rekt\u00f6rl\u00fc\u011fe sunmak.<br \/>\nd) Ara\u015ft\u0131rma ve uygulama projelerini, kurs ve benzeri e\u011fitim \u00f6nerilerini bilimsel \u00e7al\u0131\u015fma kurullar\u0131n\u0131n da katk\u0131lar\u0131 ile de\u011ferlendirmek,<br \/>\ng\u00f6revlendirilecek ki\u015fi, kurulu\u015f ve \u00dcniversite birimlerini belirlemek.<br \/>\ne) \u00dcniversite d\u0131\u015f\u0131 ulusal ve uluslararas\u0131 kurum ve kurulu\u015flarla i\u015fbirli\u011fi esaslar\u0131n\u0131 belirlemek, protokol taslaklar\u0131n\u0131 haz\u0131rlamak ve Rekt\u00f6rl\u00fc\u011fe<br \/>\nsunmak.<br \/>\nf) \u00dcniversite birimleri veya \u00f6\u011fretim elemanlar\u0131nca y\u00fcr\u00fct\u00fclecek olan dan\u0131\u015fmanl\u0131k, proje ve benzeri hizmetlerin, d\u00f6ner sermayeye aktar\u0131lmak \u00fczere bedelini belirlemek.<br \/>\ng) Merkez\uff82\u2019e atanacak idari ve teknik personelin se\u00e7imini yaparak Rekt\u00f6r\u00fcn onay\u0131na sunmak.<br \/>\n<strong>Dan\u0131\u015fma Kurulu<\/strong><br \/>\n<strong>Madde 9 \u2014<\/strong> Dan\u0131\u015fma Kurulu; \u0130stanbul Ticaret \u00dcniversitesi Rekt\u00f6r\u00fc, \u0130stanbul Ticaret \u00dcniversitesi Hukuk Fak\u00fcltesi ve Ticari Bilimler<br \/>\nDekanlar\u0131n\u0131n \u00f6nerece\u011fi \u0130stanbul Ticaret \u00dcniversitesi camias\u0131 mensuplar\u0131 ve Merkez\uff82\u2019in \u00e7al\u0131\u015fmalar\u0131 ile ilgili, \u00f6zel ve kamu kurulu\u015flar\u0131 temsilcileri aras\u0131ndan, Y\u00f6netim Kurulu\uff82\u2019nca iki y\u0131l i\u00e7in se\u00e7ilen en \u00e7ok on ki\u015fiden olu\u015fur.<br \/>\nMerkez ile i\u015f, ekonomi ve kamu d\u00fcnyas\u0131 aras\u0131nda k\u00f6pr\u00fc g\u00f6revi yapacak Dan\u0131\u015fma Kurulu y\u0131lda en az bir kez Merkez M\u00fcd\u00fcr\u00fcn\u00fcn \u00e7a\u011fr\u0131s\u0131 \u00fczerine ve onun ba\u015fkanl\u0131\u011f\u0131nda toplan\u0131r; Merkez \u00e7al\u0131\u015fmalar\u0131 ile ilgili de\u011ferlendirmeler yapar ve \u00f6nerilerde bulunur.<br \/>\n<strong>Personel \u0130htiyac\u0131<\/strong><br \/>\n<strong>Madde 10 \u2014<\/strong> Merkezin akademik, teknik ve idari personel ihtiyac\u0131, Rekt\u00f6r taraf\u0131ndan g\u00f6revlendirilecek elemanlarca kar\u015f\u0131lan\u0131r.<br \/>\n<strong>Genel Esaslar<\/strong><br \/>\n<strong>Madde 11 \u2014<\/strong> Merkez taraf\u0131ndan desteklenen ara\u015ft\u0131rmalar kapsam\u0131nda al\u0131nan her t\u00fcrl\u00fc alet, ekipman ve demirba\u015flar merkezin kullan\u0131m\u0131na tahsis edilir.<br \/>\n<strong>Di\u011fer H\u00fck\u00fcmler<\/strong><br \/>\n<strong>Madde 12 \u2014<\/strong> Bu Y\u00f6netmelikte yer almayan hususlarda genel h\u00fck\u00fcmlere g\u00f6re i\u015flem yap\u0131l\u0131r.<br \/>\n<strong>Y\u00fcr\u00fcrl\u00fck<\/strong><br \/>\n<strong>Madde 13 \u2014<\/strong> Bu Y\u00f6netmelik yay\u0131m\u0131 tarihinde y\u00fcr\u00fcrl\u00fc\u011fe girer.<br \/>\n<strong>Y\u00fcr\u00fctme<\/strong><br \/>\n<strong>Madde 14 \u2014<\/strong> Bu Y\u00f6netmelik h\u00fck\u00fcmlerini \u0130stanbul Ticaret \u00dcniversitesi Rekt\u00f6r\u00fc y\u00fcr\u00fct\u00fcr.<\/p>\n","protected":false},"excerpt":{"rendered":"<p>Y\u00d6NET\u0130M KURULU Do\u00e7. Dr. U\u011fur Yasin ASAL (M\u00fcd\u00fcr) Do\u00e7. Dr. Ayfer GEN\u00c7 YILMAZ (M\u00fcd\u00fcr Yard\u0131mc\u0131s\u0131) Prof. Dr. Naz\u0131m EKREN (\u00dcye) Prof. Dr. Oya DA\u011eLAR MACAR (\u00dcye) Prof. Dr. Necla \u00d6yk\u00fc \u0130Y\u0130G\u00dcN (\u00dcye) &nbsp; DANI\u015eMA KURULU Do\u00e7. Dr. U\u011fur Yasin ASAL Prof. Dr. Mesut \u00d6ZCAN Prof. Dr. \u00d6zg\u00fcn ERLER BAYIR Prof. Dr. Emine Sare AYDIN Alper [&hellip;]<\/p>\n","protected":false},"author":142,"featured_media":0,"parent":0,"menu_order":0,"comment_status":"closed","ping_status":"closed","template":"genel_sayfa.php","meta":{"footnotes":""},"yoast_head":"<!-- This site is optimized with the Yoast SEO Premium plugin v22.1 (Yoast SEO v22.1) - https:\/\/yoast.com\/wordpress\/plugins\/seo\/ -->\n<title>Hakk\u0131m\u0131zda - Avrupa Birli\u011fi Uygulama ve Ara\u015ft\u0131rma Merkezi<\/title>\n<meta name=\"description\" content=\"Hakk\u0131m\u0131zda\" \/>\n<meta name=\"robots\" content=\"index, follow, max-snippet:-1, max-image-preview:large, max-video-preview:-1\" \/>\n<link rel=\"canonical\" href=\"https:\/\/ticaret.edu.tr\/avrupa-birligi-uygulama-ve-arastirma-merkezi\/hakkimizda\/\" \/>\n<meta property=\"og:locale\" content=\"tr_TR\" \/>\n<meta property=\"og:type\" content=\"article\" \/>\n<meta property=\"og:title\" content=\"Hakk\u0131m\u0131zda\" \/>\n<meta property=\"og:description\" content=\"Hakk\u0131m\u0131zda\" \/>\n<meta property=\"og:url\" content=\"https:\/\/ticaret.edu.tr\/avrupa-birligi-uygulama-ve-arastirma-merkezi\/hakkimizda\/\" \/>\n<meta property=\"og:site_name\" content=\"Avrupa Birli\u011fi Uygulama ve Ara\u015ft\u0131rma Merkezi\" \/>\n<meta property=\"article:publisher\" content=\"https:\/\/www.facebook.com\/ticaretedutr\" \/>\n<meta property=\"article:modified_time\" content=\"2025-12-23T13:03:06+00:00\" \/>\n<meta property=\"og:image\" content=\"http:\/\/ticaret.edu.tr\/avrupa-birligi-uygulama-ve-arastirma-merkezi\/wp-content\/uploads\/sites\/49\/2021\/11\/web_logo-01.jpg\" \/>\n\t<meta property=\"og:image:width\" content=\"1250\" \/>\n\t<meta property=\"og:image:height\" content=\"833\" \/>\n\t<meta property=\"og:image:type\" content=\"image\/jpeg\" \/>\n<meta name=\"twitter:card\" content=\"summary_large_image\" \/>\n<meta name=\"twitter:site\" content=\"@ticaretedutr\" \/>\n<meta name=\"twitter:label1\" content=\"Tahmini okuma s\u00fcresi\" \/>\n\t<meta name=\"twitter:data1\" content=\"6 dakika\" \/>\n<script type=\"application\/ld+json\" class=\"yoast-schema-graph\">{\"@context\":\"https:\/\/schema.org\",\"@graph\":[{\"@type\":\"WebPage\",\"@id\":\"https:\/\/ticaret.edu.tr\/avrupa-birligi-uygulama-ve-arastirma-merkezi\/hakkimizda\/\",\"url\":\"https:\/\/ticaret.edu.tr\/avrupa-birligi-uygulama-ve-arastirma-merkezi\/hakkimizda\/\",\"name\":\"Hakk\u0131m\u0131zda - Avrupa Birli\u011fi Uygulama ve Ara\u015ft\u0131rma Merkezi\",\"isPartOf\":{\"@id\":\"http:\/\/ticaret.edu.tr\/avrupa-birligi-uygulama-ve-arastirma-merkezi\/en\/#website\"},\"datePublished\":\"2020-07-20T04:22:33+00:00\",\"dateModified\":\"2025-12-23T13:03:06+00:00\",\"description\":\"Hakk\u0131m\u0131zda\",\"breadcrumb\":{\"@id\":\"https:\/\/ticaret.edu.tr\/avrupa-birligi-uygulama-ve-arastirma-merkezi\/hakkimizda\/#breadcrumb\"},\"inLanguage\":\"tr\",\"potentialAction\":[{\"@type\":\"ReadAction\",\"target\":[\"https:\/\/ticaret.edu.tr\/avrupa-birligi-uygulama-ve-arastirma-merkezi\/hakkimizda\/\"]}]},{\"@type\":\"BreadcrumbList\",\"@id\":\"https:\/\/ticaret.edu.tr\/avrupa-birligi-uygulama-ve-arastirma-merkezi\/hakkimizda\/#breadcrumb\",\"itemListElement\":[{\"@type\":\"ListItem\",\"position\":1,\"name\":\"Ana sayfa\",\"item\":\"https:\/\/ticaret.edu.tr\/avrupa-birligi-uygulama-ve-arastirma-merkezi\/\"},{\"@type\":\"ListItem\",\"position\":2,\"name\":\"Hakk\u0131m\u0131zda\"}]},{\"@type\":\"WebSite\",\"@id\":\"http:\/\/ticaret.edu.tr\/avrupa-birligi-uygulama-ve-arastirma-merkezi\/en\/#website\",\"url\":\"http:\/\/ticaret.edu.tr\/avrupa-birligi-uygulama-ve-arastirma-merkezi\/en\/\",\"name\":\"Avrupa Birli\u011fi Uygulama ve Ara\u015ft\u0131rma Merkezi\",\"description\":\"Bir ba\u015fka \u0130stanbul Ticaret \u00dcniversitesi site sitesi\",\"potentialAction\":[{\"@type\":\"SearchAction\",\"target\":{\"@type\":\"EntryPoint\",\"urlTemplate\":\"http:\/\/ticaret.edu.tr\/avrupa-birligi-uygulama-ve-arastirma-merkezi\/en\/?s={search_term_string}\"},\"query-input\":\"required name=search_term_string\"}],\"inLanguage\":\"tr\"}]}<\/script>\n<!-- \/ Yoast SEO Premium plugin. -->","yoast_head_json":{"title":"Hakk\u0131m\u0131zda - Avrupa Birli\u011fi Uygulama ve Ara\u015ft\u0131rma Merkezi","description":"Hakk\u0131m\u0131zda","robots":{"index":"index","follow":"follow","max-snippet":"max-snippet:-1","max-image-preview":"max-image-preview:large","max-video-preview":"max-video-preview:-1"},"canonical":"https:\/\/ticaret.edu.tr\/avrupa-birligi-uygulama-ve-arastirma-merkezi\/hakkimizda\/","og_locale":"tr_TR","og_type":"article","og_title":"Hakk\u0131m\u0131zda","og_description":"Hakk\u0131m\u0131zda","og_url":"https:\/\/ticaret.edu.tr\/avrupa-birligi-uygulama-ve-arastirma-merkezi\/hakkimizda\/","og_site_name":"Avrupa Birli\u011fi Uygulama ve Ara\u015ft\u0131rma Merkezi","article_publisher":"https:\/\/www.facebook.com\/ticaretedutr","article_modified_time":"2025-12-23T13:03:06+00:00","og_image":[{"width":1250,"height":833,"url":"http:\/\/ticaret.edu.tr\/avrupa-birligi-uygulama-ve-arastirma-merkezi\/wp-content\/uploads\/sites\/49\/2021\/11\/web_logo-01.jpg","type":"image\/jpeg"}],"twitter_card":"summary_large_image","twitter_site":"@ticaretedutr","twitter_misc":{"Tahmini okuma s\u00fcresi":"6 dakika"},"schema":{"@context":"https:\/\/schema.org","@graph":[{"@type":"WebPage","@id":"https:\/\/ticaret.edu.tr\/avrupa-birligi-uygulama-ve-arastirma-merkezi\/hakkimizda\/","url":"https:\/\/ticaret.edu.tr\/avrupa-birligi-uygulama-ve-arastirma-merkezi\/hakkimizda\/","name":"Hakk\u0131m\u0131zda - Avrupa Birli\u011fi Uygulama ve Ara\u015ft\u0131rma Merkezi","isPartOf":{"@id":"http:\/\/ticaret.edu.tr\/avrupa-birligi-uygulama-ve-arastirma-merkezi\/en\/#website"},"datePublished":"2020-07-20T04:22:33+00:00","dateModified":"2025-12-23T13:03:06+00:00","description":"Hakk\u0131m\u0131zda","breadcrumb":{"@id":"https:\/\/ticaret.edu.tr\/avrupa-birligi-uygulama-ve-arastirma-merkezi\/hakkimizda\/#breadcrumb"},"inLanguage":"tr","potentialAction":[{"@type":"ReadAction","target":["https:\/\/ticaret.edu.tr\/avrupa-birligi-uygulama-ve-arastirma-merkezi\/hakkimizda\/"]}]},{"@type":"BreadcrumbList","@id":"https:\/\/ticaret.edu.tr\/avrupa-birligi-uygulama-ve-arastirma-merkezi\/hakkimizda\/#breadcrumb","itemListElement":[{"@type":"ListItem","position":1,"name":"Ana sayfa","item":"https:\/\/ticaret.edu.tr\/avrupa-birligi-uygulama-ve-arastirma-merkezi\/"},{"@type":"ListItem","position":2,"name":"Hakk\u0131m\u0131zda"}]},{"@type":"WebSite","@id":"http:\/\/ticaret.edu.tr\/avrupa-birligi-uygulama-ve-arastirma-merkezi\/en\/#website","url":"http:\/\/ticaret.edu.tr\/avrupa-birligi-uygulama-ve-arastirma-merkezi\/en\/","name":"Avrupa Birli\u011fi Uygulama ve Ara\u015ft\u0131rma Merkezi","description":"Bir ba\u015fka \u0130stanbul Ticaret \u00dcniversitesi site sitesi","potentialAction":[{"@type":"SearchAction","target":{"@type":"EntryPoint","urlTemplate":"http:\/\/ticaret.edu.tr\/avrupa-birligi-uygulama-ve-arastirma-merkezi\/en\/?s={search_term_string}"},"query-input":"required name=search_term_string"}],"inLanguage":"tr"}]}},"lang":"tr","translations":{"en":224,"tr":6},"pll_sync_post":[],"_links":{"self":[{"href":"http:\/\/ticaret.edu.tr\/avrupa-birligi-uygulama-ve-arastirma-merkezi\/wp-json\/wp\/v2\/pages\/6"}],"collection":[{"href":"http:\/\/ticaret.edu.tr\/avrupa-birligi-uygulama-ve-arastirma-merkezi\/wp-json\/wp\/v2\/pages"}],"about":[{"href":"http:\/\/ticaret.edu.tr\/avrupa-birligi-uygulama-ve-arastirma-merkezi\/wp-json\/wp\/v2\/types\/page"}],"author":[{"embeddable":true,"href":"http:\/\/ticaret.edu.tr\/avrupa-birligi-uygulama-ve-arastirma-merkezi\/wp-json\/wp\/v2\/users\/142"}],"replies":[{"embeddable":true,"href":"http:\/\/ticaret.edu.tr\/avrupa-birligi-uygulama-ve-arastirma-merkezi\/wp-json\/wp\/v2\/comments?post=6"}],"version-history":[{"count":17,"href":"http:\/\/ticaret.edu.tr\/avrupa-birligi-uygulama-ve-arastirma-merkezi\/wp-json\/wp\/v2\/pages\/6\/revisions"}],"predecessor-version":[{"id":414,"href":"http:\/\/ticaret.edu.tr\/avrupa-birligi-uygulama-ve-arastirma-merkezi\/wp-json\/wp\/v2\/pages\/6\/revisions\/414"}],"wp:attachment":[{"href":"http:\/\/ticaret.edu.tr\/avrupa-birligi-uygulama-ve-arastirma-merkezi\/wp-json\/wp\/v2\/media?parent=6"}],"curies":[{"name":"wp","href":"https:\/\/api.w.org\/{rel}","templated":true}]}}