{"id":101,"date":"2021-10-28T10:39:43","date_gmt":"2021-10-28T07:39:43","guid":{"rendered":"https:\/\/ticaret.edu.tr\/btuam\/?page_id=101"},"modified":"2025-02-27T09:59:15","modified_gmt":"2025-02-27T06:59:15","slug":"project","status":"publish","type":"page","link":"http:\/\/ticaret.edu.tr\/bilisim-teknolojileri-uygulama-arastirma-merkezi\/en\/project\/","title":{"rendered":"COLLABORATORS"},"content":{"rendered":"<p>Oak Ridge National Laboratory<\/p>\n<p><img loading=\"lazy\" decoding=\"async\" class=\"alignnone size-medium wp-image-230\" src=\"http:\/\/ticaret.edu.tr\/bilisim-teknolojileri-uygulama-arastirma-merkezi\/wp-content\/uploads\/sites\/58\/2024\/03\/oak_ridge_national_lab_logo-1-300x72.png\" alt=\"\" width=\"300\" height=\"72\" srcset=\"http:\/\/ticaret.edu.tr\/bilisim-teknolojileri-uygulama-arastirma-merkezi\/wp-content\/uploads\/sites\/58\/2024\/03\/oak_ridge_national_lab_logo-1-300x72.png 300w, http:\/\/ticaret.edu.tr\/bilisim-teknolojileri-uygulama-arastirma-merkezi\/wp-content\/uploads\/sites\/58\/2024\/03\/oak_ridge_national_lab_logo-1-1024x246.png 1024w, http:\/\/ticaret.edu.tr\/bilisim-teknolojileri-uygulama-arastirma-merkezi\/wp-content\/uploads\/sites\/58\/2024\/03\/oak_ridge_national_lab_logo-1-768x185.png 768w, http:\/\/ticaret.edu.tr\/bilisim-teknolojileri-uygulama-arastirma-merkezi\/wp-content\/uploads\/sites\/58\/2024\/03\/oak_ridge_national_lab_logo-1-1536x370.png 1536w, http:\/\/ticaret.edu.tr\/bilisim-teknolojileri-uygulama-arastirma-merkezi\/wp-content\/uploads\/sites\/58\/2024\/03\/oak_ridge_national_lab_logo-1-2048x493.png 2048w\" sizes=\"(max-width: 300px) 100vw, 300px\" \/><\/p>\n<p>&nbsp;<\/p>\n<p>Qualcomm<\/p>\n<p><img loading=\"lazy\" decoding=\"async\" class=\"alignnone size-medium wp-image-231\" src=\"http:\/\/ticaret.edu.tr\/bilisim-teknolojileri-uygulama-arastirma-merkezi\/wp-content\/uploads\/sites\/58\/2024\/03\/qualcom_logo-1-300x55.png\" alt=\"\" width=\"300\" height=\"55\" srcset=\"http:\/\/ticaret.edu.tr\/bilisim-teknolojileri-uygulama-arastirma-merkezi\/wp-content\/uploads\/sites\/58\/2024\/03\/qualcom_logo-1-300x55.png 300w, http:\/\/ticaret.edu.tr\/bilisim-teknolojileri-uygulama-arastirma-merkezi\/wp-content\/uploads\/sites\/58\/2024\/03\/qualcom_logo-1-1024x188.png 1024w, http:\/\/ticaret.edu.tr\/bilisim-teknolojileri-uygulama-arastirma-merkezi\/wp-content\/uploads\/sites\/58\/2024\/03\/qualcom_logo-1-768x141.png 768w, http:\/\/ticaret.edu.tr\/bilisim-teknolojileri-uygulama-arastirma-merkezi\/wp-content\/uploads\/sites\/58\/2024\/03\/qualcom_logo-1.png 1290w\" sizes=\"(max-width: 300px) 100vw, 300px\" \/><\/p>\n<p>&nbsp;<\/p>\n<p>Mitsubishi Electric Research Laboratories<\/p>\n<p><img loading=\"lazy\" decoding=\"async\" class=\"alignnone size-medium wp-image-233\" src=\"http:\/\/ticaret.edu.tr\/bilisim-teknolojileri-uygulama-arastirma-merkezi\/wp-content\/uploads\/sites\/58\/2024\/03\/merl_logo-1-300x83.png\" alt=\"\" width=\"300\" height=\"83\" srcset=\"http:\/\/ticaret.edu.tr\/bilisim-teknolojileri-uygulama-arastirma-merkezi\/wp-content\/uploads\/sites\/58\/2024\/03\/merl_logo-1-300x83.png 300w, http:\/\/ticaret.edu.tr\/bilisim-teknolojileri-uygulama-arastirma-merkezi\/wp-content\/uploads\/sites\/58\/2024\/03\/merl_logo-1.png 663w\" sizes=\"(max-width: 300px) 100vw, 300px\" \/><\/p>\n<p>&nbsp;<\/p>\n<p>Oklahoma State University<\/p>\n<p><img loading=\"lazy\" decoding=\"async\" class=\"alignnone size-medium wp-image-234\" src=\"http:\/\/ticaret.edu.tr\/bilisim-teknolojileri-uygulama-arastirma-merkezi\/wp-content\/uploads\/sites\/58\/2024\/03\/osu_logo-1-300x155.png\" alt=\"\" width=\"300\" height=\"155\" srcset=\"http:\/\/ticaret.edu.tr\/bilisim-teknolojileri-uygulama-arastirma-merkezi\/wp-content\/uploads\/sites\/58\/2024\/03\/osu_logo-1-300x155.png 300w, http:\/\/ticaret.edu.tr\/bilisim-teknolojileri-uygulama-arastirma-merkezi\/wp-content\/uploads\/sites\/58\/2024\/03\/osu_logo-1.png 653w\" sizes=\"(max-width: 300px) 100vw, 300px\" \/><\/p>\n<p>&nbsp;<\/p>\n<p>Texas A&amp;M University @College Station<\/p>\n<p><img loading=\"lazy\" decoding=\"async\" class=\"alignnone size-full wp-image-235\" src=\"http:\/\/ticaret.edu.tr\/bilisim-teknolojileri-uygulama-arastirma-merkezi\/wp-content\/uploads\/sites\/58\/2024\/03\/tam_logo-1.png\" alt=\"\" width=\"277\" height=\"279\" srcset=\"http:\/\/ticaret.edu.tr\/bilisim-teknolojileri-uygulama-arastirma-merkezi\/wp-content\/uploads\/sites\/58\/2024\/03\/tam_logo-1.png 277w, http:\/\/ticaret.edu.tr\/bilisim-teknolojileri-uygulama-arastirma-merkezi\/wp-content\/uploads\/sites\/58\/2024\/03\/tam_logo-1-150x150.png 150w\" sizes=\"(max-width: 277px) 100vw, 277px\" \/><\/p>\n<p>&nbsp;<\/p>\n<p>Texas A&amp;M University @Qatar<\/p>\n<p><img loading=\"lazy\" decoding=\"async\" class=\"alignnone size-medium wp-image-236\" src=\"http:\/\/ticaret.edu.tr\/bilisim-teknolojileri-uygulama-arastirma-merkezi\/wp-content\/uploads\/sites\/58\/2024\/03\/tamqatar_logo-1-300x300.png\" alt=\"\" width=\"300\" height=\"300\" srcset=\"http:\/\/ticaret.edu.tr\/bilisim-teknolojileri-uygulama-arastirma-merkezi\/wp-content\/uploads\/sites\/58\/2024\/03\/tamqatar_logo-1-300x300.png 300w, http:\/\/ticaret.edu.tr\/bilisim-teknolojileri-uygulama-arastirma-merkezi\/wp-content\/uploads\/sites\/58\/2024\/03\/tamqatar_logo-1-150x150.png 150w, http:\/\/ticaret.edu.tr\/bilisim-teknolojileri-uygulama-arastirma-merkezi\/wp-content\/uploads\/sites\/58\/2024\/03\/tamqatar_logo-1.png 400w\" sizes=\"(max-width: 300px) 100vw, 300px\" \/><\/p>\n<p>&nbsp;<\/p>\n<p>\u0130stanbul University \u2013 Cerrahpa\u015fa<\/p>\n<p><img loading=\"lazy\" decoding=\"async\" class=\"alignnone size-medium wp-image-237\" src=\"http:\/\/ticaret.edu.tr\/bilisim-teknolojileri-uygulama-arastirma-merkezi\/wp-content\/uploads\/sites\/58\/2024\/03\/Istanbul_universitesi-cerrahpasa_logosu-1-300x300.png\" alt=\"\" width=\"300\" height=\"300\" srcset=\"http:\/\/ticaret.edu.tr\/bilisim-teknolojileri-uygulama-arastirma-merkezi\/wp-content\/uploads\/sites\/58\/2024\/03\/Istanbul_universitesi-cerrahpasa_logosu-1-300x300.png 300w, http:\/\/ticaret.edu.tr\/bilisim-teknolojileri-uygulama-arastirma-merkezi\/wp-content\/uploads\/sites\/58\/2024\/03\/Istanbul_universitesi-cerrahpasa_logosu-1-1024x1021.png 1024w, http:\/\/ticaret.edu.tr\/bilisim-teknolojileri-uygulama-arastirma-merkezi\/wp-content\/uploads\/sites\/58\/2024\/03\/Istanbul_universitesi-cerrahpasa_logosu-1-150x150.png 150w, http:\/\/ticaret.edu.tr\/bilisim-teknolojileri-uygulama-arastirma-merkezi\/wp-content\/uploads\/sites\/58\/2024\/03\/Istanbul_universitesi-cerrahpasa_logosu-1-768x766.png 768w, http:\/\/ticaret.edu.tr\/bilisim-teknolojileri-uygulama-arastirma-merkezi\/wp-content\/uploads\/sites\/58\/2024\/03\/Istanbul_universitesi-cerrahpasa_logosu-1-1536x1531.png 1536w, http:\/\/ticaret.edu.tr\/bilisim-teknolojileri-uygulama-arastirma-merkezi\/wp-content\/uploads\/sites\/58\/2024\/03\/Istanbul_universitesi-cerrahpasa_logosu-1-2048x2041.png 2048w\" sizes=\"(max-width: 300px) 100vw, 300px\" \/><\/p>\n<p>&nbsp;<\/p>\n<p>Fotech<\/p>\n<p><img loading=\"lazy\" decoding=\"async\" class=\"alignnone size-full wp-image-238\" src=\"http:\/\/ticaret.edu.tr\/bilisim-teknolojileri-uygulama-arastirma-merkezi\/wp-content\/uploads\/sites\/58\/2024\/03\/fotech_logo-1.png\" alt=\"\" width=\"224\" height=\"76\" \/><\/p>\n<p>&nbsp;<\/p>\n<p>Turkcell Technology<\/p>\n<p><img loading=\"lazy\" decoding=\"async\" class=\"alignnone size-medium wp-image-239\" src=\"http:\/\/ticaret.edu.tr\/bilisim-teknolojileri-uygulama-arastirma-merkezi\/wp-content\/uploads\/sites\/58\/2024\/03\/trkcl_logo-1-300x87.png\" alt=\"\" width=\"300\" height=\"87\" srcset=\"http:\/\/ticaret.edu.tr\/bilisim-teknolojileri-uygulama-arastirma-merkezi\/wp-content\/uploads\/sites\/58\/2024\/03\/trkcl_logo-1-300x87.png 300w, http:\/\/ticaret.edu.tr\/bilisim-teknolojileri-uygulama-arastirma-merkezi\/wp-content\/uploads\/sites\/58\/2024\/03\/trkcl_logo-1.png 310w\" sizes=\"(max-width: 300px) 100vw, 300px\" \/><\/p>\n<p>&nbsp;<\/p>\n<p>P.I. Works<\/p>\n<p><img loading=\"lazy\" decoding=\"async\" class=\"alignnone size-medium wp-image-240\" src=\"http:\/\/ticaret.edu.tr\/bilisim-teknolojileri-uygulama-arastirma-merkezi\/wp-content\/uploads\/sites\/58\/2024\/03\/piworks_logo-1-300x51.png\" alt=\"\" width=\"300\" height=\"51\" srcset=\"http:\/\/ticaret.edu.tr\/bilisim-teknolojileri-uygulama-arastirma-merkezi\/wp-content\/uploads\/sites\/58\/2024\/03\/piworks_logo-1-300x51.png 300w, http:\/\/ticaret.edu.tr\/bilisim-teknolojileri-uygulama-arastirma-merkezi\/wp-content\/uploads\/sites\/58\/2024\/03\/piworks_logo-1.png 379w\" sizes=\"(max-width: 300px) 100vw, 300px\" \/><\/p>\n<p>&nbsp;<\/p>\n<p>Y\u0131ld\u0131z Technical University<\/p>\n<p><img loading=\"lazy\" decoding=\"async\" class=\"alignnone size-medium wp-image-241\" src=\"http:\/\/ticaret.edu.tr\/bilisim-teknolojileri-uygulama-arastirma-merkezi\/wp-content\/uploads\/sites\/58\/2024\/03\/ytu_logo-1-300x291.jpg\" alt=\"\" width=\"300\" height=\"291\" srcset=\"http:\/\/ticaret.edu.tr\/bilisim-teknolojileri-uygulama-arastirma-merkezi\/wp-content\/uploads\/sites\/58\/2024\/03\/ytu_logo-1-300x291.jpg 300w, http:\/\/ticaret.edu.tr\/bilisim-teknolojileri-uygulama-arastirma-merkezi\/wp-content\/uploads\/sites\/58\/2024\/03\/ytu_logo-1.jpg 665w\" sizes=\"(max-width: 300px) 100vw, 300px\" \/><\/p>\n<p>&nbsp;<\/p>\n<p>\u00d6zye\u011fin University<\/p>\n<p><img loading=\"lazy\" decoding=\"async\" class=\"alignnone size-medium wp-image-242\" src=\"http:\/\/ticaret.edu.tr\/bilisim-teknolojileri-uygulama-arastirma-merkezi\/wp-content\/uploads\/sites\/58\/2024\/03\/ou_logo-1-300x212.png\" alt=\"\" width=\"300\" height=\"212\" srcset=\"http:\/\/ticaret.edu.tr\/bilisim-teknolojileri-uygulama-arastirma-merkezi\/wp-content\/uploads\/sites\/58\/2024\/03\/ou_logo-1-300x212.png 300w, http:\/\/ticaret.edu.tr\/bilisim-teknolojileri-uygulama-arastirma-merkezi\/wp-content\/uploads\/sites\/58\/2024\/03\/ou_logo-1-1024x724.png 1024w, http:\/\/ticaret.edu.tr\/bilisim-teknolojileri-uygulama-arastirma-merkezi\/wp-content\/uploads\/sites\/58\/2024\/03\/ou_logo-1-768x543.png 768w, http:\/\/ticaret.edu.tr\/bilisim-teknolojileri-uygulama-arastirma-merkezi\/wp-content\/uploads\/sites\/58\/2024\/03\/ou_logo-1.png 1123w\" sizes=\"(max-width: 300px) 100vw, 300px\" \/><\/p>\n<p>&nbsp;<\/p>\n<p>Bal\u0131kesir University<\/p>\n<p><img loading=\"lazy\" decoding=\"async\" class=\"alignnone size-medium wp-image-243\" src=\"http:\/\/ticaret.edu.tr\/bilisim-teknolojileri-uygulama-arastirma-merkezi\/wp-content\/uploads\/sites\/58\/2024\/03\/baun_logo-2-300x300.jpg\" alt=\"\" width=\"300\" height=\"300\" srcset=\"http:\/\/ticaret.edu.tr\/bilisim-teknolojileri-uygulama-arastirma-merkezi\/wp-content\/uploads\/sites\/58\/2024\/03\/baun_logo-2-300x300.jpg 300w, http:\/\/ticaret.edu.tr\/bilisim-teknolojileri-uygulama-arastirma-merkezi\/wp-content\/uploads\/sites\/58\/2024\/03\/baun_logo-2-150x150.jpg 150w, http:\/\/ticaret.edu.tr\/bilisim-teknolojileri-uygulama-arastirma-merkezi\/wp-content\/uploads\/sites\/58\/2024\/03\/baun_logo-2.jpg 400w\" sizes=\"(max-width: 300px) 100vw, 300px\" \/><\/p>\n<p>&nbsp;<\/p>\n<p>Istanbul Medipol University<\/p>\n<p><img loading=\"lazy\" decoding=\"async\" class=\"alignnone size-medium wp-image-244\" src=\"http:\/\/ticaret.edu.tr\/bilisim-teknolojileri-uygulama-arastirma-merkezi\/wp-content\/uploads\/sites\/58\/2024\/03\/mu_logo-scaled-2-300x139.jpg\" alt=\"\" width=\"300\" height=\"139\" srcset=\"http:\/\/ticaret.edu.tr\/bilisim-teknolojileri-uygulama-arastirma-merkezi\/wp-content\/uploads\/sites\/58\/2024\/03\/mu_logo-scaled-2-300x139.jpg 300w, http:\/\/ticaret.edu.tr\/bilisim-teknolojileri-uygulama-arastirma-merkezi\/wp-content\/uploads\/sites\/58\/2024\/03\/mu_logo-scaled-2-1024x475.jpg 1024w, http:\/\/ticaret.edu.tr\/bilisim-teknolojileri-uygulama-arastirma-merkezi\/wp-content\/uploads\/sites\/58\/2024\/03\/mu_logo-scaled-2-768x356.jpg 768w, http:\/\/ticaret.edu.tr\/bilisim-teknolojileri-uygulama-arastirma-merkezi\/wp-content\/uploads\/sites\/58\/2024\/03\/mu_logo-scaled-2-1536x713.jpg 1536w, http:\/\/ticaret.edu.tr\/bilisim-teknolojileri-uygulama-arastirma-merkezi\/wp-content\/uploads\/sites\/58\/2024\/03\/mu_logo-scaled-2-2048x950.jpg 2048w\" sizes=\"(max-width: 300px) 100vw, 300px\" \/><\/p>\n<p>&nbsp;<\/p>\n<p>Huawei France R&amp;D<\/p>\n<p>Huawei Turkey R&amp;D<\/p>\n<p><img loading=\"lazy\" decoding=\"async\" class=\"alignnone size-medium wp-image-245\" src=\"http:\/\/ticaret.edu.tr\/bilisim-teknolojileri-uygulama-arastirma-merkezi\/wp-content\/uploads\/sites\/58\/2024\/03\/huawei_logo-1-300x300.png\" alt=\"\" width=\"300\" height=\"300\" srcset=\"http:\/\/ticaret.edu.tr\/bilisim-teknolojileri-uygulama-arastirma-merkezi\/wp-content\/uploads\/sites\/58\/2024\/03\/huawei_logo-1-300x300.png 300w, http:\/\/ticaret.edu.tr\/bilisim-teknolojileri-uygulama-arastirma-merkezi\/wp-content\/uploads\/sites\/58\/2024\/03\/huawei_logo-1-150x150.png 150w, http:\/\/ticaret.edu.tr\/bilisim-teknolojileri-uygulama-arastirma-merkezi\/wp-content\/uploads\/sites\/58\/2024\/03\/huawei_logo-1.png 336w\" sizes=\"(max-width: 300px) 100vw, 300px\" \/><\/p>\n<p>&nbsp;<\/p>\n<p>Sakarya University<\/p>\n<p><img loading=\"lazy\" decoding=\"async\" class=\"alignnone size-medium wp-image-246\" src=\"http:\/\/ticaret.edu.tr\/bilisim-teknolojileri-uygulama-arastirma-merkezi\/wp-content\/uploads\/sites\/58\/2024\/03\/su_logo-1-220x300.jpg\" alt=\"\" width=\"220\" height=\"300\" srcset=\"http:\/\/ticaret.edu.tr\/bilisim-teknolojileri-uygulama-arastirma-merkezi\/wp-content\/uploads\/sites\/58\/2024\/03\/su_logo-1-220x300.jpg 220w, http:\/\/ticaret.edu.tr\/bilisim-teknolojileri-uygulama-arastirma-merkezi\/wp-content\/uploads\/sites\/58\/2024\/03\/su_logo-1-753x1024.jpg 753w, http:\/\/ticaret.edu.tr\/bilisim-teknolojileri-uygulama-arastirma-merkezi\/wp-content\/uploads\/sites\/58\/2024\/03\/su_logo-1-768x1045.jpg 768w, http:\/\/ticaret.edu.tr\/bilisim-teknolojileri-uygulama-arastirma-merkezi\/wp-content\/uploads\/sites\/58\/2024\/03\/su_logo-1.jpg 912w\" sizes=\"(max-width: 220px) 100vw, 220px\" \/><\/p>\n","protected":false},"excerpt":{"rendered":"<p>Oak Ridge National Laboratory &nbsp; Qualcomm &nbsp; Mitsubishi Electric Research Laboratories &nbsp; Oklahoma State University &nbsp; Texas A&amp;M University @College Station &nbsp; Texas A&amp;M University @Qatar &nbsp; \u0130stanbul University \u2013 Cerrahpa\u015fa &nbsp; Fotech &nbsp; Turkcell Technology &nbsp; P.I. Works &nbsp; Y\u0131ld\u0131z Technical University &nbsp; \u00d6zye\u011fin University &nbsp; Bal\u0131kesir University &nbsp; Istanbul Medipol University &nbsp; Huawei [&hellip;]<\/p>\n","protected":false},"author":149,"featured_media":0,"parent":0,"menu_order":0,"comment_status":"closed","ping_status":"closed","template":"genel_sayfa.php","meta":{"footnotes":""},"yoast_head":"<!-- This site is optimized with the Yoast SEO Premium plugin v22.1 (Yoast SEO v22.1) - https:\/\/yoast.com\/wordpress\/plugins\/seo\/ -->\n<title>COLLABORATORS - Bili\u015fim Teknolojileri Uygulama ve Ara\u015ft\u0131rma Merkezi<\/title>\n<meta name=\"robots\" content=\"index, follow, max-snippet:-1, max-image-preview:large, max-video-preview:-1\" \/>\n<link rel=\"canonical\" href=\"http:\/\/ticaret.edu.tr\/bilisim-teknolojileri-uygulama-arastirma-merkezi\/en\/project\/\" \/>\n<meta property=\"og:locale\" content=\"tr_TR\" \/>\n<meta property=\"og:type\" content=\"article\" \/>\n<meta property=\"og:title\" content=\"COLLABORATORS\" \/>\n<meta property=\"og:description\" content=\"Oak Ridge National Laboratory &nbsp; Qualcomm &nbsp; Mitsubishi Electric Research Laboratories &nbsp; Oklahoma State University &nbsp; Texas A&amp;M University @College Station &nbsp; Texas A&amp;M University @Qatar &nbsp; \u0130stanbul University \u2013 Cerrahpa\u015fa &nbsp; Fotech &nbsp; Turkcell Technology &nbsp; P.I. Works &nbsp; Y\u0131ld\u0131z Technical University &nbsp; \u00d6zye\u011fin University &nbsp; Bal\u0131kesir University &nbsp; Istanbul Medipol University &nbsp; Huawei [&hellip;]\" \/>\n<meta property=\"og:url\" content=\"http:\/\/ticaret.edu.tr\/bilisim-teknolojileri-uygulama-arastirma-merkezi\/en\/project\/\" \/>\n<meta property=\"og:site_name\" content=\"Bili\u015fim Teknolojileri Uygulama ve Ara\u015ft\u0131rma Merkezi\" \/>\n<meta property=\"article:publisher\" content=\"https:\/\/www.facebook.com\/ticaretedutr\" \/>\n<meta property=\"article:modified_time\" content=\"2025-02-27T06:59:15+00:00\" \/>\n<meta property=\"og:image\" content=\"http:\/\/ticaret.edu.tr\/bilisim-teknolojileri-uygulama-arastirma-merkezi\/wp-content\/uploads\/sites\/58\/2024\/03\/oak_ridge_national_lab_logo-1-300x72.png\" \/>\n<meta name=\"twitter:card\" content=\"summary_large_image\" \/>\n<meta name=\"twitter:site\" content=\"@ticaretedutr\" \/>\n<meta name=\"twitter:label1\" content=\"Tahmini okuma s\u00fcresi\" \/>\n\t<meta name=\"twitter:data1\" content=\"4 dakika\" \/>\n<script type=\"application\/ld+json\" class=\"yoast-schema-graph\">{\"@context\":\"https:\/\/schema.org\",\"@graph\":[{\"@type\":\"WebPage\",\"@id\":\"http:\/\/ticaret.edu.tr\/bilisim-teknolojileri-uygulama-arastirma-merkezi\/en\/project\/\",\"url\":\"http:\/\/ticaret.edu.tr\/bilisim-teknolojileri-uygulama-arastirma-merkezi\/en\/project\/\",\"name\":\"COLLABORATORS - Bili\u015fim Teknolojileri Uygulama ve Ara\u015ft\u0131rma Merkezi\",\"isPartOf\":{\"@id\":\"http:\/\/ticaret.edu.tr\/bilisim-teknolojileri-uygulama-arastirma-merkezi\/#website\"},\"datePublished\":\"2021-10-28T07:39:43+00:00\",\"dateModified\":\"2025-02-27T06:59:15+00:00\",\"breadcrumb\":{\"@id\":\"http:\/\/ticaret.edu.tr\/bilisim-teknolojileri-uygulama-arastirma-merkezi\/en\/project\/#breadcrumb\"},\"inLanguage\":\"tr\",\"potentialAction\":[{\"@type\":\"ReadAction\",\"target\":[\"http:\/\/ticaret.edu.tr\/bilisim-teknolojileri-uygulama-arastirma-merkezi\/en\/project\/\"]}]},{\"@type\":\"BreadcrumbList\",\"@id\":\"http:\/\/ticaret.edu.tr\/bilisim-teknolojileri-uygulama-arastirma-merkezi\/en\/project\/#breadcrumb\",\"itemListElement\":[{\"@type\":\"ListItem\",\"position\":1,\"name\":\"Ana sayfa\",\"item\":\"http:\/\/ticaret.edu.tr\/bilisim-teknolojileri-uygulama-arastirma-merkezi\/\"},{\"@type\":\"ListItem\",\"position\":2,\"name\":\"COLLABORATORS\"}]},{\"@type\":\"WebSite\",\"@id\":\"http:\/\/ticaret.edu.tr\/bilisim-teknolojileri-uygulama-arastirma-merkezi\/#website\",\"url\":\"http:\/\/ticaret.edu.tr\/bilisim-teknolojileri-uygulama-arastirma-merkezi\/\",\"name\":\"Bili\u015fim Teknolojileri Uygulama ve Ara\u015ft\u0131rma Merkezi\",\"description\":\"Bir ba\u015fka \u0130stanbul Ticaret \u00dcniversitesi site sitesi\",\"potentialAction\":[{\"@type\":\"SearchAction\",\"target\":{\"@type\":\"EntryPoint\",\"urlTemplate\":\"http:\/\/ticaret.edu.tr\/bilisim-teknolojileri-uygulama-arastirma-merkezi\/?s={search_term_string}\"},\"query-input\":\"required name=search_term_string\"}],\"inLanguage\":\"tr\"}]}<\/script>\n<!-- \/ Yoast SEO Premium plugin. -->","yoast_head_json":{"title":"COLLABORATORS - Bili\u015fim Teknolojileri Uygulama ve Ara\u015ft\u0131rma Merkezi","robots":{"index":"index","follow":"follow","max-snippet":"max-snippet:-1","max-image-preview":"max-image-preview:large","max-video-preview":"max-video-preview:-1"},"canonical":"http:\/\/ticaret.edu.tr\/bilisim-teknolojileri-uygulama-arastirma-merkezi\/en\/project\/","og_locale":"tr_TR","og_type":"article","og_title":"COLLABORATORS","og_description":"Oak Ridge National Laboratory &nbsp; Qualcomm &nbsp; Mitsubishi Electric Research Laboratories &nbsp; Oklahoma State University &nbsp; Texas A&amp;M University @College Station &nbsp; Texas A&amp;M University @Qatar &nbsp; \u0130stanbul University \u2013 Cerrahpa\u015fa &nbsp; Fotech &nbsp; Turkcell Technology &nbsp; P.I. Works &nbsp; Y\u0131ld\u0131z Technical University &nbsp; \u00d6zye\u011fin University &nbsp; Bal\u0131kesir University &nbsp; Istanbul Medipol University &nbsp; Huawei [&hellip;]","og_url":"http:\/\/ticaret.edu.tr\/bilisim-teknolojileri-uygulama-arastirma-merkezi\/en\/project\/","og_site_name":"Bili\u015fim Teknolojileri Uygulama ve Ara\u015ft\u0131rma Merkezi","article_publisher":"https:\/\/www.facebook.com\/ticaretedutr","article_modified_time":"2025-02-27T06:59:15+00:00","og_image":[{"url":"http:\/\/ticaret.edu.tr\/bilisim-teknolojileri-uygulama-arastirma-merkezi\/wp-content\/uploads\/sites\/58\/2024\/03\/oak_ridge_national_lab_logo-1-300x72.png"}],"twitter_card":"summary_large_image","twitter_site":"@ticaretedutr","twitter_misc":{"Tahmini okuma s\u00fcresi":"4 dakika"},"schema":{"@context":"https:\/\/schema.org","@graph":[{"@type":"WebPage","@id":"http:\/\/ticaret.edu.tr\/bilisim-teknolojileri-uygulama-arastirma-merkezi\/en\/project\/","url":"http:\/\/ticaret.edu.tr\/bilisim-teknolojileri-uygulama-arastirma-merkezi\/en\/project\/","name":"COLLABORATORS - Bili\u015fim Teknolojileri Uygulama ve Ara\u015ft\u0131rma Merkezi","isPartOf":{"@id":"http:\/\/ticaret.edu.tr\/bilisim-teknolojileri-uygulama-arastirma-merkezi\/#website"},"datePublished":"2021-10-28T07:39:43+00:00","dateModified":"2025-02-27T06:59:15+00:00","breadcrumb":{"@id":"http:\/\/ticaret.edu.tr\/bilisim-teknolojileri-uygulama-arastirma-merkezi\/en\/project\/#breadcrumb"},"inLanguage":"tr","potentialAction":[{"@type":"ReadAction","target":["http:\/\/ticaret.edu.tr\/bilisim-teknolojileri-uygulama-arastirma-merkezi\/en\/project\/"]}]},{"@type":"BreadcrumbList","@id":"http:\/\/ticaret.edu.tr\/bilisim-teknolojileri-uygulama-arastirma-merkezi\/en\/project\/#breadcrumb","itemListElement":[{"@type":"ListItem","position":1,"name":"Ana sayfa","item":"http:\/\/ticaret.edu.tr\/bilisim-teknolojileri-uygulama-arastirma-merkezi\/"},{"@type":"ListItem","position":2,"name":"COLLABORATORS"}]},{"@type":"WebSite","@id":"http:\/\/ticaret.edu.tr\/bilisim-teknolojileri-uygulama-arastirma-merkezi\/#website","url":"http:\/\/ticaret.edu.tr\/bilisim-teknolojileri-uygulama-arastirma-merkezi\/","name":"Bili\u015fim Teknolojileri Uygulama ve Ara\u015ft\u0131rma Merkezi","description":"Bir ba\u015fka \u0130stanbul Ticaret \u00dcniversitesi site sitesi","potentialAction":[{"@type":"SearchAction","target":{"@type":"EntryPoint","urlTemplate":"http:\/\/ticaret.edu.tr\/bilisim-teknolojileri-uygulama-arastirma-merkezi\/?s={search_term_string}"},"query-input":"required name=search_term_string"}],"inLanguage":"tr"}]}},"lang":"en","translations":{"en":101,"tr":28},"pll_sync_post":[],"_links":{"self":[{"href":"http:\/\/ticaret.edu.tr\/bilisim-teknolojileri-uygulama-arastirma-merkezi\/wp-json\/wp\/v2\/pages\/101"}],"collection":[{"href":"http:\/\/ticaret.edu.tr\/bilisim-teknolojileri-uygulama-arastirma-merkezi\/wp-json\/wp\/v2\/pages"}],"about":[{"href":"http:\/\/ticaret.edu.tr\/bilisim-teknolojileri-uygulama-arastirma-merkezi\/wp-json\/wp\/v2\/types\/page"}],"author":[{"embeddable":true,"href":"http:\/\/ticaret.edu.tr\/bilisim-teknolojileri-uygulama-arastirma-merkezi\/wp-json\/wp\/v2\/users\/149"}],"replies":[{"embeddable":true,"href":"http:\/\/ticaret.edu.tr\/bilisim-teknolojileri-uygulama-arastirma-merkezi\/wp-json\/wp\/v2\/comments?post=101"}],"version-history":[{"count":4,"href":"http:\/\/ticaret.edu.tr\/bilisim-teknolojileri-uygulama-arastirma-merkezi\/wp-json\/wp\/v2\/pages\/101\/revisions"}],"predecessor-version":[{"id":247,"href":"http:\/\/ticaret.edu.tr\/bilisim-teknolojileri-uygulama-arastirma-merkezi\/wp-json\/wp\/v2\/pages\/101\/revisions\/247"}],"wp:attachment":[{"href":"http:\/\/ticaret.edu.tr\/bilisim-teknolojileri-uygulama-arastirma-merkezi\/wp-json\/wp\/v2\/media?parent=101"}],"curies":[{"name":"wp","href":"https:\/\/api.w.org\/{rel}","templated":true}]}}