{"id":201,"date":"2024-03-15T15:52:20","date_gmt":"2024-03-15T12:52:20","guid":{"rendered":"https:\/\/ticaret.edu.tr\/bilisim-teknolojileri-uygulama-arastirma-merkezi\/?page_id=201"},"modified":"2026-03-30T11:15:37","modified_gmt":"2026-03-30T08:15:37","slug":"yonetim-kurulu","status":"publish","type":"page","link":"http:\/\/ticaret.edu.tr\/bilisim-teknolojileri-uygulama-arastirma-merkezi\/yonetim-kurulu\/","title":{"rendered":"Y\u00f6netim Kurulu"},"content":{"rendered":"<p><strong>Y\u00f6netim Kurulu<\/strong><\/p>\n<p>Do\u00e7. Dr. Ahmet Fatih TABAK &#8211; M\u00fcd\u00fcr<br \/>\nDr. \u00d6\u011fr. \u00dcyesi Ufuk \u015eANVER &#8211; M\u00fcd\u00fcr Yard\u0131mc\u0131s\u0131<br \/>\nProf. Dr. Sibkat KA\u00c7TIO\u011eLU &#8211; Y\u00f6netim Kurulu \u00dcyesi<br \/>\nDo\u00e7. Dr. Muhammet CEYLAN\u00a0 Y\u00f6netim Kurulu \u00dcyesi<br \/>\nDr. \u00d6\u011fr. \u00dcyesi Esra \u00c7EL\u0130K &#8211; Y\u00f6netim Kurulu \u00dcyesi<\/p>\n<p>&nbsp;<\/p>\n<p><strong>Dan\u0131\u015fma Kurulu<\/strong><\/p>\n<p>Prof. Dr. Vatan KARAKAYA (YILDIZ TEKN\u0130K \u00dcN\u0130VERS\u0130TES\u0130)<br \/>\nProf. Dr. Murat K\u0130R\u0130\u015e\u00c7\u0130 (\u0130STANBUL \u00dcN\u0130VERS\u0130TES\u0130-CERRAHPA\u015eA)<br \/>\nDr. \u00d6\u011fr. \u00dcyesi Bilal EROL (YILDIZ TEKN\u0130K \u00dcN\u0130VERS\u0130TES\u0130)<br \/>\nProf. Dr. Metin GEN\u00c7TEN (YILDIZ TEKN\u0130K \u00dcN\u0130VERS\u0130TES\u0130)<br \/>\nProf. Dr. G\u00fcven GONCA (YILDIZ TEKN\u0130K \u00dcN\u0130VERS\u0130TES\u0130)<br \/>\nDo\u00e7. Dr. \u00dcmit G\u00dcNE\u015e (YILDIZ TEKN\u0130K \u00dcN\u0130VERS\u0130TES\u0130)<br \/>\nDo\u00e7. Dr. \u00dcmit A\u011eBULUT (YILDIZ TEKN\u0130K \u00dcN\u0130VERS\u0130TES\u0130)<br \/>\nProf. Dr. Ahmet Selim DALKILI\u00c7 (YILDIZ TEKN\u0130K \u00dcN\u0130VERS\u0130TES\u0130)<br \/>\nDo\u00e7. Dr. Mehmet Erdi KORKMAZ (YILDIZ TEKN\u0130K \u00dcN\u0130VERS\u0130TES\u0130)<\/p>\n","protected":false},"excerpt":{"rendered":"<p>Y\u00f6netim Kurulu Do\u00e7. Dr. Ahmet Fatih TABAK &#8211; M\u00fcd\u00fcr Dr. \u00d6\u011fr. \u00dcyesi Ufuk \u015eANVER &#8211; M\u00fcd\u00fcr Yard\u0131mc\u0131s\u0131 Prof. Dr. Sibkat KA\u00c7TIO\u011eLU &#8211; Y\u00f6netim Kurulu \u00dcyesi Do\u00e7. Dr. Muhammet CEYLAN\u00a0 Y\u00f6netim Kurulu \u00dcyesi Dr. \u00d6\u011fr. \u00dcyesi Esra \u00c7EL\u0130K &#8211; Y\u00f6netim Kurulu \u00dcyesi &nbsp; Dan\u0131\u015fma Kurulu Prof. Dr. Vatan KARAKAYA (YILDIZ TEKN\u0130K \u00dcN\u0130VERS\u0130TES\u0130) Prof. Dr. Murat K\u0130R\u0130\u015e\u00c7\u0130 [&hellip;]<\/p>\n","protected":false},"author":142,"featured_media":0,"parent":0,"menu_order":0,"comment_status":"closed","ping_status":"closed","template":"genel_sayfa.php","meta":{"footnotes":""},"yoast_head":"<!-- This site is optimized with the Yoast SEO Premium plugin v22.1 (Yoast SEO v22.1) - https:\/\/yoast.com\/wordpress\/plugins\/seo\/ -->\n<title>Y\u00f6netim Kurulu - Bili\u015fim Teknolojileri Uygulama ve Ara\u015ft\u0131rma Merkezi<\/title>\n<meta name=\"robots\" content=\"index, follow, max-snippet:-1, max-image-preview:large, max-video-preview:-1\" \/>\n<link rel=\"canonical\" href=\"http:\/\/ticaret.edu.tr\/bilisim-teknolojileri-uygulama-arastirma-merkezi\/yonetim-kurulu\/\" \/>\n<meta property=\"og:locale\" content=\"tr_TR\" \/>\n<meta property=\"og:type\" content=\"article\" \/>\n<meta property=\"og:title\" content=\"Y\u00f6netim Kurulu\" \/>\n<meta property=\"og:description\" content=\"Y\u00f6netim Kurulu Do\u00e7. Dr. Ahmet Fatih TABAK &#8211; M\u00fcd\u00fcr Dr. \u00d6\u011fr. \u00dcyesi Ufuk \u015eANVER &#8211; M\u00fcd\u00fcr Yard\u0131mc\u0131s\u0131 Prof. Dr. Sibkat KA\u00c7TIO\u011eLU &#8211; Y\u00f6netim Kurulu \u00dcyesi Do\u00e7. Dr. Muhammet CEYLAN\u00a0 Y\u00f6netim Kurulu \u00dcyesi Dr. \u00d6\u011fr. \u00dcyesi Esra \u00c7EL\u0130K &#8211; Y\u00f6netim Kurulu \u00dcyesi &nbsp; Dan\u0131\u015fma Kurulu Prof. Dr. Vatan KARAKAYA (YILDIZ TEKN\u0130K \u00dcN\u0130VERS\u0130TES\u0130) Prof. Dr. Murat K\u0130R\u0130\u015e\u00c7\u0130 [&hellip;]\" \/>\n<meta property=\"og:url\" content=\"http:\/\/ticaret.edu.tr\/bilisim-teknolojileri-uygulama-arastirma-merkezi\/yonetim-kurulu\/\" \/>\n<meta property=\"og:site_name\" content=\"Bili\u015fim Teknolojileri Uygulama ve Ara\u015ft\u0131rma Merkezi\" \/>\n<meta property=\"article:publisher\" content=\"https:\/\/www.facebook.com\/ticaretedutr\" \/>\n<meta property=\"article:modified_time\" content=\"2026-03-30T08:15:37+00:00\" \/>\n<meta property=\"og:image\" content=\"http:\/\/ticaret.edu.tr\/bilisim-teknolojileri-uygulama-arastirma-merkezi\/wp-content\/uploads\/sites\/58\/2021\/11\/web_logo-01.jpg\" \/>\n\t<meta property=\"og:image:width\" content=\"1250\" \/>\n\t<meta property=\"og:image:height\" content=\"833\" \/>\n\t<meta property=\"og:image:type\" content=\"image\/jpeg\" \/>\n<meta name=\"twitter:card\" content=\"summary_large_image\" \/>\n<meta name=\"twitter:site\" content=\"@ticaretedutr\" \/>\n<meta name=\"twitter:label1\" content=\"Tahmini okuma s\u00fcresi\" \/>\n\t<meta name=\"twitter:data1\" content=\"1 dakika\" \/>\n<script type=\"application\/ld+json\" class=\"yoast-schema-graph\">{\"@context\":\"https:\/\/schema.org\",\"@graph\":[{\"@type\":\"WebPage\",\"@id\":\"http:\/\/ticaret.edu.tr\/bilisim-teknolojileri-uygulama-arastirma-merkezi\/yonetim-kurulu\/\",\"url\":\"http:\/\/ticaret.edu.tr\/bilisim-teknolojileri-uygulama-arastirma-merkezi\/yonetim-kurulu\/\",\"name\":\"Y\u00f6netim Kurulu - Bili\u015fim Teknolojileri Uygulama ve Ara\u015ft\u0131rma Merkezi\",\"isPartOf\":{\"@id\":\"http:\/\/ticaret.edu.tr\/bilisim-teknolojileri-uygulama-arastirma-merkezi\/#website\"},\"datePublished\":\"2024-03-15T12:52:20+00:00\",\"dateModified\":\"2026-03-30T08:15:37+00:00\",\"breadcrumb\":{\"@id\":\"http:\/\/ticaret.edu.tr\/bilisim-teknolojileri-uygulama-arastirma-merkezi\/yonetim-kurulu\/#breadcrumb\"},\"inLanguage\":\"tr\",\"potentialAction\":[{\"@type\":\"ReadAction\",\"target\":[\"http:\/\/ticaret.edu.tr\/bilisim-teknolojileri-uygulama-arastirma-merkezi\/yonetim-kurulu\/\"]}]},{\"@type\":\"BreadcrumbList\",\"@id\":\"http:\/\/ticaret.edu.tr\/bilisim-teknolojileri-uygulama-arastirma-merkezi\/yonetim-kurulu\/#breadcrumb\",\"itemListElement\":[{\"@type\":\"ListItem\",\"position\":1,\"name\":\"Ana sayfa\",\"item\":\"http:\/\/ticaret.edu.tr\/bilisim-teknolojileri-uygulama-arastirma-merkezi\/\"},{\"@type\":\"ListItem\",\"position\":2,\"name\":\"Y\u00f6netim Kurulu\"}]},{\"@type\":\"WebSite\",\"@id\":\"http:\/\/ticaret.edu.tr\/bilisim-teknolojileri-uygulama-arastirma-merkezi\/#website\",\"url\":\"http:\/\/ticaret.edu.tr\/bilisim-teknolojileri-uygulama-arastirma-merkezi\/\",\"name\":\"Bili\u015fim Teknolojileri Uygulama ve Ara\u015ft\u0131rma Merkezi\",\"description\":\"Bir ba\u015fka \u0130stanbul Ticaret \u00dcniversitesi site sitesi\",\"potentialAction\":[{\"@type\":\"SearchAction\",\"target\":{\"@type\":\"EntryPoint\",\"urlTemplate\":\"http:\/\/ticaret.edu.tr\/bilisim-teknolojileri-uygulama-arastirma-merkezi\/?s={search_term_string}\"},\"query-input\":\"required name=search_term_string\"}],\"inLanguage\":\"tr\"}]}<\/script>\n<!-- \/ Yoast SEO Premium plugin. -->","yoast_head_json":{"title":"Y\u00f6netim Kurulu - Bili\u015fim Teknolojileri Uygulama ve Ara\u015ft\u0131rma Merkezi","robots":{"index":"index","follow":"follow","max-snippet":"max-snippet:-1","max-image-preview":"max-image-preview:large","max-video-preview":"max-video-preview:-1"},"canonical":"http:\/\/ticaret.edu.tr\/bilisim-teknolojileri-uygulama-arastirma-merkezi\/yonetim-kurulu\/","og_locale":"tr_TR","og_type":"article","og_title":"Y\u00f6netim Kurulu","og_description":"Y\u00f6netim Kurulu Do\u00e7. Dr. Ahmet Fatih TABAK &#8211; M\u00fcd\u00fcr Dr. \u00d6\u011fr. \u00dcyesi Ufuk \u015eANVER &#8211; M\u00fcd\u00fcr Yard\u0131mc\u0131s\u0131 Prof. Dr. Sibkat KA\u00c7TIO\u011eLU &#8211; Y\u00f6netim Kurulu \u00dcyesi Do\u00e7. Dr. Muhammet CEYLAN\u00a0 Y\u00f6netim Kurulu \u00dcyesi Dr. \u00d6\u011fr. \u00dcyesi Esra \u00c7EL\u0130K &#8211; Y\u00f6netim Kurulu \u00dcyesi &nbsp; Dan\u0131\u015fma Kurulu Prof. Dr. Vatan KARAKAYA (YILDIZ TEKN\u0130K \u00dcN\u0130VERS\u0130TES\u0130) Prof. Dr. Murat K\u0130R\u0130\u015e\u00c7\u0130 [&hellip;]","og_url":"http:\/\/ticaret.edu.tr\/bilisim-teknolojileri-uygulama-arastirma-merkezi\/yonetim-kurulu\/","og_site_name":"Bili\u015fim Teknolojileri Uygulama ve Ara\u015ft\u0131rma Merkezi","article_publisher":"https:\/\/www.facebook.com\/ticaretedutr","article_modified_time":"2026-03-30T08:15:37+00:00","og_image":[{"width":1250,"height":833,"url":"http:\/\/ticaret.edu.tr\/bilisim-teknolojileri-uygulama-arastirma-merkezi\/wp-content\/uploads\/sites\/58\/2021\/11\/web_logo-01.jpg","type":"image\/jpeg"}],"twitter_card":"summary_large_image","twitter_site":"@ticaretedutr","twitter_misc":{"Tahmini okuma s\u00fcresi":"1 dakika"},"schema":{"@context":"https:\/\/schema.org","@graph":[{"@type":"WebPage","@id":"http:\/\/ticaret.edu.tr\/bilisim-teknolojileri-uygulama-arastirma-merkezi\/yonetim-kurulu\/","url":"http:\/\/ticaret.edu.tr\/bilisim-teknolojileri-uygulama-arastirma-merkezi\/yonetim-kurulu\/","name":"Y\u00f6netim Kurulu - Bili\u015fim Teknolojileri Uygulama ve Ara\u015ft\u0131rma Merkezi","isPartOf":{"@id":"http:\/\/ticaret.edu.tr\/bilisim-teknolojileri-uygulama-arastirma-merkezi\/#website"},"datePublished":"2024-03-15T12:52:20+00:00","dateModified":"2026-03-30T08:15:37+00:00","breadcrumb":{"@id":"http:\/\/ticaret.edu.tr\/bilisim-teknolojileri-uygulama-arastirma-merkezi\/yonetim-kurulu\/#breadcrumb"},"inLanguage":"tr","potentialAction":[{"@type":"ReadAction","target":["http:\/\/ticaret.edu.tr\/bilisim-teknolojileri-uygulama-arastirma-merkezi\/yonetim-kurulu\/"]}]},{"@type":"BreadcrumbList","@id":"http:\/\/ticaret.edu.tr\/bilisim-teknolojileri-uygulama-arastirma-merkezi\/yonetim-kurulu\/#breadcrumb","itemListElement":[{"@type":"ListItem","position":1,"name":"Ana sayfa","item":"http:\/\/ticaret.edu.tr\/bilisim-teknolojileri-uygulama-arastirma-merkezi\/"},{"@type":"ListItem","position":2,"name":"Y\u00f6netim Kurulu"}]},{"@type":"WebSite","@id":"http:\/\/ticaret.edu.tr\/bilisim-teknolojileri-uygulama-arastirma-merkezi\/#website","url":"http:\/\/ticaret.edu.tr\/bilisim-teknolojileri-uygulama-arastirma-merkezi\/","name":"Bili\u015fim Teknolojileri Uygulama ve Ara\u015ft\u0131rma Merkezi","description":"Bir ba\u015fka \u0130stanbul Ticaret \u00dcniversitesi site sitesi","potentialAction":[{"@type":"SearchAction","target":{"@type":"EntryPoint","urlTemplate":"http:\/\/ticaret.edu.tr\/bilisim-teknolojileri-uygulama-arastirma-merkezi\/?s={search_term_string}"},"query-input":"required name=search_term_string"}],"inLanguage":"tr"}]}},"lang":"tr","translations":{"en":255,"tr":201},"pll_sync_post":[],"_links":{"self":[{"href":"http:\/\/ticaret.edu.tr\/bilisim-teknolojileri-uygulama-arastirma-merkezi\/wp-json\/wp\/v2\/pages\/201"}],"collection":[{"href":"http:\/\/ticaret.edu.tr\/bilisim-teknolojileri-uygulama-arastirma-merkezi\/wp-json\/wp\/v2\/pages"}],"about":[{"href":"http:\/\/ticaret.edu.tr\/bilisim-teknolojileri-uygulama-arastirma-merkezi\/wp-json\/wp\/v2\/types\/page"}],"author":[{"embeddable":true,"href":"http:\/\/ticaret.edu.tr\/bilisim-teknolojileri-uygulama-arastirma-merkezi\/wp-json\/wp\/v2\/users\/142"}],"replies":[{"embeddable":true,"href":"http:\/\/ticaret.edu.tr\/bilisim-teknolojileri-uygulama-arastirma-merkezi\/wp-json\/wp\/v2\/comments?post=201"}],"version-history":[{"count":11,"href":"http:\/\/ticaret.edu.tr\/bilisim-teknolojileri-uygulama-arastirma-merkezi\/wp-json\/wp\/v2\/pages\/201\/revisions"}],"predecessor-version":[{"id":405,"href":"http:\/\/ticaret.edu.tr\/bilisim-teknolojileri-uygulama-arastirma-merkezi\/wp-json\/wp\/v2\/pages\/201\/revisions\/405"}],"wp:attachment":[{"href":"http:\/\/ticaret.edu.tr\/bilisim-teknolojileri-uygulama-arastirma-merkezi\/wp-json\/wp\/v2\/media?parent=201"}],"curies":[{"name":"wp","href":"https:\/\/api.w.org\/{rel}","templated":true}]}}