{"id":205,"date":"2024-03-15T15:53:04","date_gmt":"2024-03-15T12:53:04","guid":{"rendered":"https:\/\/ticaret.edu.tr\/bilisim-teknolojileri-uygulama-arastirma-merkezi\/?page_id=205"},"modified":"2025-02-27T09:59:21","modified_gmt":"2025-02-27T06:59:21","slug":"misyon-ve-vizyon","status":"publish","type":"page","link":"http:\/\/ticaret.edu.tr\/bilisim-teknolojileri-uygulama-arastirma-merkezi\/misyon-ve-vizyon\/","title":{"rendered":"Misyon ve Vizyon"},"content":{"rendered":"<p>Misyon:<\/p>\n<p>\u0130stanbul Ticaret \u00dcniversitesi Bili\u015fim Teknolojileri Uygulama ve Ara\u015ft\u0131rma Merkezi, bili\u015fim teknolojileri alan\u0131nda kuramsal ve uygulamal\u0131 bilimsel ara\u015ft\u0131rmalar yaparak, bilgi ve teknolojiyi toplumun hizmetine sunmay\u0131 ama\u00e7lar. Y\u00fcksek nitelikli e\u011fitim ve dan\u0131\u015fmanl\u0131k hizmetleriyle kamu ve \u00f6zel sekt\u00f6r kurumlar\u0131yla i\u015fbirli\u011fi yaparak, bili\u015fim teknolojileri alan\u0131ndaki sorunlara \u00e7\u00f6z\u00fcm odakl\u0131 yakla\u015f\u0131mlar geli\u015ftirir ve bilimsel bilgilerin yay\u0131lmas\u0131n\u0131 sa\u011flar.<\/p>\n<p>Vizyon:<\/p>\n<p>\u0130stanbul Ticaret \u00dcniversitesi Bili\u015fim Teknolojileri Uygulama ve Ara\u015ft\u0131rma Merkezi, ulusal ve uluslararas\u0131 d\u00fczeyde tan\u0131nan ve \u00f6nc\u00fc bir merkez olmay\u0131 hedefler. S\u00fcrekli geli\u015fen bili\u015fim teknolojileriyle uyumlu, yenilik\u00e7i ve \u00f6zg\u00fcn \u00e7\u00f6z\u00fcmler \u00fcreterek, bilgi ve teknolojinin ilerlemesine \u00f6nc\u00fcl\u00fck eder. Toplumun dijital d\u00f6n\u00fc\u015f\u00fcm s\u00fcrecine katk\u0131da bulunarak, bilgiye eri\u015fim ve teknolojiyi kullanma konusunda \u00f6nc\u00fc bir kurum olarak tan\u0131n\u0131r.<\/p>\n","protected":false},"excerpt":{"rendered":"<p>Misyon: \u0130stanbul Ticaret \u00dcniversitesi Bili\u015fim Teknolojileri Uygulama ve Ara\u015ft\u0131rma Merkezi, bili\u015fim teknolojileri alan\u0131nda kuramsal ve uygulamal\u0131 bilimsel ara\u015ft\u0131rmalar yaparak, bilgi ve teknolojiyi toplumun hizmetine sunmay\u0131 ama\u00e7lar. Y\u00fcksek nitelikli e\u011fitim ve dan\u0131\u015fmanl\u0131k hizmetleriyle kamu ve \u00f6zel sekt\u00f6r kurumlar\u0131yla i\u015fbirli\u011fi yaparak, bili\u015fim teknolojileri alan\u0131ndaki sorunlara \u00e7\u00f6z\u00fcm odakl\u0131 yakla\u015f\u0131mlar geli\u015ftirir ve bilimsel bilgilerin yay\u0131lmas\u0131n\u0131 sa\u011flar. Vizyon: \u0130stanbul Ticaret [&hellip;]<\/p>\n","protected":false},"author":142,"featured_media":0,"parent":0,"menu_order":0,"comment_status":"closed","ping_status":"closed","template":"genel_sayfa.php","meta":{"footnotes":""},"yoast_head":"<!-- This site is optimized with the Yoast SEO Premium plugin v22.1 (Yoast SEO v22.1) - https:\/\/yoast.com\/wordpress\/plugins\/seo\/ -->\n<title>Misyon ve Vizyon - Bili\u015fim Teknolojileri Uygulama ve Ara\u015ft\u0131rma Merkezi<\/title>\n<meta name=\"robots\" content=\"index, follow, max-snippet:-1, max-image-preview:large, max-video-preview:-1\" \/>\n<link rel=\"canonical\" href=\"http:\/\/ticaret.edu.tr\/bilisim-teknolojileri-uygulama-arastirma-merkezi\/misyon-ve-vizyon\/\" \/>\n<meta property=\"og:locale\" content=\"tr_TR\" \/>\n<meta property=\"og:type\" content=\"article\" \/>\n<meta property=\"og:title\" content=\"Misyon ve Vizyon\" \/>\n<meta property=\"og:description\" content=\"Misyon: \u0130stanbul Ticaret \u00dcniversitesi Bili\u015fim Teknolojileri Uygulama ve Ara\u015ft\u0131rma Merkezi, bili\u015fim teknolojileri alan\u0131nda kuramsal ve uygulamal\u0131 bilimsel ara\u015ft\u0131rmalar yaparak, bilgi ve teknolojiyi toplumun hizmetine sunmay\u0131 ama\u00e7lar. Y\u00fcksek nitelikli e\u011fitim ve dan\u0131\u015fmanl\u0131k hizmetleriyle kamu ve \u00f6zel sekt\u00f6r kurumlar\u0131yla i\u015fbirli\u011fi yaparak, bili\u015fim teknolojileri alan\u0131ndaki sorunlara \u00e7\u00f6z\u00fcm odakl\u0131 yakla\u015f\u0131mlar geli\u015ftirir ve bilimsel bilgilerin yay\u0131lmas\u0131n\u0131 sa\u011flar. Vizyon: \u0130stanbul Ticaret [&hellip;]\" \/>\n<meta property=\"og:url\" content=\"http:\/\/ticaret.edu.tr\/bilisim-teknolojileri-uygulama-arastirma-merkezi\/misyon-ve-vizyon\/\" \/>\n<meta property=\"og:site_name\" content=\"Bili\u015fim Teknolojileri Uygulama ve Ara\u015ft\u0131rma Merkezi\" \/>\n<meta property=\"article:publisher\" content=\"https:\/\/www.facebook.com\/ticaretedutr\" \/>\n<meta property=\"article:modified_time\" content=\"2025-02-27T06:59:21+00:00\" \/>\n<meta property=\"og:image\" content=\"http:\/\/ticaret.edu.tr\/bilisim-teknolojileri-uygulama-arastirma-merkezi\/wp-content\/uploads\/sites\/58\/2021\/11\/web_logo-01.jpg\" \/>\n\t<meta property=\"og:image:width\" content=\"1250\" \/>\n\t<meta property=\"og:image:height\" content=\"833\" \/>\n\t<meta property=\"og:image:type\" content=\"image\/jpeg\" \/>\n<meta name=\"twitter:card\" content=\"summary_large_image\" \/>\n<meta name=\"twitter:site\" content=\"@ticaretedutr\" \/>\n<meta name=\"twitter:label1\" content=\"Tahmini okuma s\u00fcresi\" \/>\n\t<meta name=\"twitter:data1\" content=\"1 dakika\" \/>\n<script type=\"application\/ld+json\" class=\"yoast-schema-graph\">{\"@context\":\"https:\/\/schema.org\",\"@graph\":[{\"@type\":\"WebPage\",\"@id\":\"http:\/\/ticaret.edu.tr\/bilisim-teknolojileri-uygulama-arastirma-merkezi\/misyon-ve-vizyon\/\",\"url\":\"http:\/\/ticaret.edu.tr\/bilisim-teknolojileri-uygulama-arastirma-merkezi\/misyon-ve-vizyon\/\",\"name\":\"Misyon ve Vizyon - Bili\u015fim Teknolojileri Uygulama ve Ara\u015ft\u0131rma Merkezi\",\"isPartOf\":{\"@id\":\"http:\/\/ticaret.edu.tr\/bilisim-teknolojileri-uygulama-arastirma-merkezi\/#website\"},\"datePublished\":\"2024-03-15T12:53:04+00:00\",\"dateModified\":\"2025-02-27T06:59:21+00:00\",\"breadcrumb\":{\"@id\":\"http:\/\/ticaret.edu.tr\/bilisim-teknolojileri-uygulama-arastirma-merkezi\/misyon-ve-vizyon\/#breadcrumb\"},\"inLanguage\":\"tr\",\"potentialAction\":[{\"@type\":\"ReadAction\",\"target\":[\"http:\/\/ticaret.edu.tr\/bilisim-teknolojileri-uygulama-arastirma-merkezi\/misyon-ve-vizyon\/\"]}]},{\"@type\":\"BreadcrumbList\",\"@id\":\"http:\/\/ticaret.edu.tr\/bilisim-teknolojileri-uygulama-arastirma-merkezi\/misyon-ve-vizyon\/#breadcrumb\",\"itemListElement\":[{\"@type\":\"ListItem\",\"position\":1,\"name\":\"Ana sayfa\",\"item\":\"http:\/\/ticaret.edu.tr\/bilisim-teknolojileri-uygulama-arastirma-merkezi\/\"},{\"@type\":\"ListItem\",\"position\":2,\"name\":\"Misyon ve Vizyon\"}]},{\"@type\":\"WebSite\",\"@id\":\"http:\/\/ticaret.edu.tr\/bilisim-teknolojileri-uygulama-arastirma-merkezi\/#website\",\"url\":\"http:\/\/ticaret.edu.tr\/bilisim-teknolojileri-uygulama-arastirma-merkezi\/\",\"name\":\"Bili\u015fim Teknolojileri Uygulama ve Ara\u015ft\u0131rma Merkezi\",\"description\":\"Bir ba\u015fka \u0130stanbul Ticaret \u00dcniversitesi site sitesi\",\"potentialAction\":[{\"@type\":\"SearchAction\",\"target\":{\"@type\":\"EntryPoint\",\"urlTemplate\":\"http:\/\/ticaret.edu.tr\/bilisim-teknolojileri-uygulama-arastirma-merkezi\/?s={search_term_string}\"},\"query-input\":\"required name=search_term_string\"}],\"inLanguage\":\"tr\"}]}<\/script>\n<!-- \/ Yoast SEO Premium plugin. -->","yoast_head_json":{"title":"Misyon ve Vizyon - Bili\u015fim Teknolojileri Uygulama ve Ara\u015ft\u0131rma Merkezi","robots":{"index":"index","follow":"follow","max-snippet":"max-snippet:-1","max-image-preview":"max-image-preview:large","max-video-preview":"max-video-preview:-1"},"canonical":"http:\/\/ticaret.edu.tr\/bilisim-teknolojileri-uygulama-arastirma-merkezi\/misyon-ve-vizyon\/","og_locale":"tr_TR","og_type":"article","og_title":"Misyon ve Vizyon","og_description":"Misyon: \u0130stanbul Ticaret \u00dcniversitesi Bili\u015fim Teknolojileri Uygulama ve Ara\u015ft\u0131rma Merkezi, bili\u015fim teknolojileri alan\u0131nda kuramsal ve uygulamal\u0131 bilimsel ara\u015ft\u0131rmalar yaparak, bilgi ve teknolojiyi toplumun hizmetine sunmay\u0131 ama\u00e7lar. Y\u00fcksek nitelikli e\u011fitim ve dan\u0131\u015fmanl\u0131k hizmetleriyle kamu ve \u00f6zel sekt\u00f6r kurumlar\u0131yla i\u015fbirli\u011fi yaparak, bili\u015fim teknolojileri alan\u0131ndaki sorunlara \u00e7\u00f6z\u00fcm odakl\u0131 yakla\u015f\u0131mlar geli\u015ftirir ve bilimsel bilgilerin yay\u0131lmas\u0131n\u0131 sa\u011flar. Vizyon: \u0130stanbul Ticaret [&hellip;]","og_url":"http:\/\/ticaret.edu.tr\/bilisim-teknolojileri-uygulama-arastirma-merkezi\/misyon-ve-vizyon\/","og_site_name":"Bili\u015fim Teknolojileri Uygulama ve Ara\u015ft\u0131rma Merkezi","article_publisher":"https:\/\/www.facebook.com\/ticaretedutr","article_modified_time":"2025-02-27T06:59:21+00:00","og_image":[{"width":1250,"height":833,"url":"http:\/\/ticaret.edu.tr\/bilisim-teknolojileri-uygulama-arastirma-merkezi\/wp-content\/uploads\/sites\/58\/2021\/11\/web_logo-01.jpg","type":"image\/jpeg"}],"twitter_card":"summary_large_image","twitter_site":"@ticaretedutr","twitter_misc":{"Tahmini okuma s\u00fcresi":"1 dakika"},"schema":{"@context":"https:\/\/schema.org","@graph":[{"@type":"WebPage","@id":"http:\/\/ticaret.edu.tr\/bilisim-teknolojileri-uygulama-arastirma-merkezi\/misyon-ve-vizyon\/","url":"http:\/\/ticaret.edu.tr\/bilisim-teknolojileri-uygulama-arastirma-merkezi\/misyon-ve-vizyon\/","name":"Misyon ve Vizyon - Bili\u015fim Teknolojileri Uygulama ve Ara\u015ft\u0131rma Merkezi","isPartOf":{"@id":"http:\/\/ticaret.edu.tr\/bilisim-teknolojileri-uygulama-arastirma-merkezi\/#website"},"datePublished":"2024-03-15T12:53:04+00:00","dateModified":"2025-02-27T06:59:21+00:00","breadcrumb":{"@id":"http:\/\/ticaret.edu.tr\/bilisim-teknolojileri-uygulama-arastirma-merkezi\/misyon-ve-vizyon\/#breadcrumb"},"inLanguage":"tr","potentialAction":[{"@type":"ReadAction","target":["http:\/\/ticaret.edu.tr\/bilisim-teknolojileri-uygulama-arastirma-merkezi\/misyon-ve-vizyon\/"]}]},{"@type":"BreadcrumbList","@id":"http:\/\/ticaret.edu.tr\/bilisim-teknolojileri-uygulama-arastirma-merkezi\/misyon-ve-vizyon\/#breadcrumb","itemListElement":[{"@type":"ListItem","position":1,"name":"Ana sayfa","item":"http:\/\/ticaret.edu.tr\/bilisim-teknolojileri-uygulama-arastirma-merkezi\/"},{"@type":"ListItem","position":2,"name":"Misyon ve Vizyon"}]},{"@type":"WebSite","@id":"http:\/\/ticaret.edu.tr\/bilisim-teknolojileri-uygulama-arastirma-merkezi\/#website","url":"http:\/\/ticaret.edu.tr\/bilisim-teknolojileri-uygulama-arastirma-merkezi\/","name":"Bili\u015fim Teknolojileri Uygulama ve Ara\u015ft\u0131rma Merkezi","description":"Bir ba\u015fka \u0130stanbul Ticaret \u00dcniversitesi site sitesi","potentialAction":[{"@type":"SearchAction","target":{"@type":"EntryPoint","urlTemplate":"http:\/\/ticaret.edu.tr\/bilisim-teknolojileri-uygulama-arastirma-merkezi\/?s={search_term_string}"},"query-input":"required name=search_term_string"}],"inLanguage":"tr"}]}},"lang":"tr","translations":{"en":264,"tr":205},"pll_sync_post":[],"_links":{"self":[{"href":"http:\/\/ticaret.edu.tr\/bilisim-teknolojileri-uygulama-arastirma-merkezi\/wp-json\/wp\/v2\/pages\/205"}],"collection":[{"href":"http:\/\/ticaret.edu.tr\/bilisim-teknolojileri-uygulama-arastirma-merkezi\/wp-json\/wp\/v2\/pages"}],"about":[{"href":"http:\/\/ticaret.edu.tr\/bilisim-teknolojileri-uygulama-arastirma-merkezi\/wp-json\/wp\/v2\/types\/page"}],"author":[{"embeddable":true,"href":"http:\/\/ticaret.edu.tr\/bilisim-teknolojileri-uygulama-arastirma-merkezi\/wp-json\/wp\/v2\/users\/142"}],"replies":[{"embeddable":true,"href":"http:\/\/ticaret.edu.tr\/bilisim-teknolojileri-uygulama-arastirma-merkezi\/wp-json\/wp\/v2\/comments?post=205"}],"version-history":[{"count":1,"href":"http:\/\/ticaret.edu.tr\/bilisim-teknolojileri-uygulama-arastirma-merkezi\/wp-json\/wp\/v2\/pages\/205\/revisions"}],"predecessor-version":[{"id":206,"href":"http:\/\/ticaret.edu.tr\/bilisim-teknolojileri-uygulama-arastirma-merkezi\/wp-json\/wp\/v2\/pages\/205\/revisions\/206"}],"wp:attachment":[{"href":"http:\/\/ticaret.edu.tr\/bilisim-teknolojileri-uygulama-arastirma-merkezi\/wp-json\/wp\/v2\/media?parent=205"}],"curies":[{"name":"wp","href":"https:\/\/api.w.org\/{rel}","templated":true}]}}