{"id":264,"date":"2024-03-15T16:35:07","date_gmt":"2024-03-15T13:35:07","guid":{"rendered":"https:\/\/ticaret.edu.tr\/bilisim-teknolojileri-uygulama-arastirma-merkezi\/?page_id=264"},"modified":"2025-02-27T09:59:20","modified_gmt":"2025-02-27T06:59:20","slug":"mission-and-vision","status":"publish","type":"page","link":"http:\/\/ticaret.edu.tr\/bilisim-teknolojileri-uygulama-arastirma-merkezi\/en\/mission-and-vision\/","title":{"rendered":"Mission and Vision"},"content":{"rendered":"<p>Mission:<\/p>\n<p>The Istanbul Commerce University Center for Applied Research on Informatics Technologies endeavors to engage in both theoretical exploration and practical investigation within the realm of informatics technologies. Our mission is to leverage knowledge and technology for the betterment of society. Through the delivery of high-quality education and consultancy services, we foster collaboration with both public and private sector entities. We strive to develop solution-oriented approaches to challenges in the field of informatics technologies and facilitate the dissemination of scientific knowledge.<\/p>\n<p>Vision:<\/p>\n<p>The vision of the Istanbul Commerce University Center for Applied Research on Informatics Technologies is to emerge as a distinguished and pioneering institution on both national and international fronts. We aim to continuously innovate and produce original solutions that are in harmony with the ever-evolving landscape of informatics technologies. By contributing to the digital transformation of society, we aspire to be recognized as a trailblazer in promoting access to information and pioneering the use of technology.<\/p>\n","protected":false},"excerpt":{"rendered":"<p>Mission: The Istanbul Commerce University Center for Applied Research on Informatics Technologies endeavors to engage in both theoretical exploration and practical investigation within the realm of informatics technologies. Our mission is to leverage knowledge and technology for the betterment of society. Through the delivery of high-quality education and consultancy services, we foster collaboration with both [&hellip;]<\/p>\n","protected":false},"author":142,"featured_media":0,"parent":0,"menu_order":0,"comment_status":"closed","ping_status":"closed","template":"genel_sayfa.php","meta":{"footnotes":""},"yoast_head":"<!-- This site is optimized with the Yoast SEO Premium plugin v22.1 (Yoast SEO v22.1) - https:\/\/yoast.com\/wordpress\/plugins\/seo\/ -->\n<title>Mission and Vision - Bili\u015fim Teknolojileri Uygulama ve Ara\u015ft\u0131rma Merkezi<\/title>\n<meta name=\"robots\" content=\"index, follow, max-snippet:-1, max-image-preview:large, max-video-preview:-1\" \/>\n<link rel=\"canonical\" href=\"http:\/\/ticaret.edu.tr\/bilisim-teknolojileri-uygulama-arastirma-merkezi\/en\/mission-and-vision\/\" \/>\n<meta property=\"og:locale\" content=\"tr_TR\" \/>\n<meta property=\"og:type\" content=\"article\" \/>\n<meta property=\"og:title\" content=\"Mission and Vision\" \/>\n<meta property=\"og:description\" content=\"Mission: The Istanbul Commerce University Center for Applied Research on Informatics Technologies endeavors to engage in both theoretical exploration and practical investigation within the realm of informatics technologies. Our mission is to leverage knowledge and technology for the betterment of society. Through the delivery of high-quality education and consultancy services, we foster collaboration with both [&hellip;]\" \/>\n<meta property=\"og:url\" content=\"http:\/\/ticaret.edu.tr\/bilisim-teknolojileri-uygulama-arastirma-merkezi\/en\/mission-and-vision\/\" \/>\n<meta property=\"og:site_name\" content=\"Bili\u015fim Teknolojileri Uygulama ve Ara\u015ft\u0131rma Merkezi\" \/>\n<meta property=\"article:publisher\" content=\"https:\/\/www.facebook.com\/ticaretedutr\" \/>\n<meta property=\"article:modified_time\" content=\"2025-02-27T06:59:20+00:00\" \/>\n<meta property=\"og:image\" content=\"http:\/\/ticaret.edu.tr\/bilisim-teknolojileri-uygulama-arastirma-merkezi\/wp-content\/uploads\/sites\/58\/2021\/11\/web_logo-01.jpg\" \/>\n\t<meta property=\"og:image:width\" content=\"1250\" \/>\n\t<meta property=\"og:image:height\" content=\"833\" \/>\n\t<meta property=\"og:image:type\" content=\"image\/jpeg\" \/>\n<meta name=\"twitter:card\" content=\"summary_large_image\" \/>\n<meta name=\"twitter:site\" content=\"@ticaretedutr\" \/>\n<meta name=\"twitter:label1\" content=\"Tahmini okuma s\u00fcresi\" \/>\n\t<meta name=\"twitter:data1\" content=\"1 dakika\" \/>\n<script type=\"application\/ld+json\" class=\"yoast-schema-graph\">{\"@context\":\"https:\/\/schema.org\",\"@graph\":[{\"@type\":\"WebPage\",\"@id\":\"http:\/\/ticaret.edu.tr\/bilisim-teknolojileri-uygulama-arastirma-merkezi\/en\/mission-and-vision\/\",\"url\":\"http:\/\/ticaret.edu.tr\/bilisim-teknolojileri-uygulama-arastirma-merkezi\/en\/mission-and-vision\/\",\"name\":\"Mission and Vision - Bili\u015fim Teknolojileri Uygulama ve Ara\u015ft\u0131rma Merkezi\",\"isPartOf\":{\"@id\":\"http:\/\/ticaret.edu.tr\/bilisim-teknolojileri-uygulama-arastirma-merkezi\/#website\"},\"datePublished\":\"2024-03-15T13:35:07+00:00\",\"dateModified\":\"2025-02-27T06:59:20+00:00\",\"breadcrumb\":{\"@id\":\"http:\/\/ticaret.edu.tr\/bilisim-teknolojileri-uygulama-arastirma-merkezi\/en\/mission-and-vision\/#breadcrumb\"},\"inLanguage\":\"tr\",\"potentialAction\":[{\"@type\":\"ReadAction\",\"target\":[\"http:\/\/ticaret.edu.tr\/bilisim-teknolojileri-uygulama-arastirma-merkezi\/en\/mission-and-vision\/\"]}]},{\"@type\":\"BreadcrumbList\",\"@id\":\"http:\/\/ticaret.edu.tr\/bilisim-teknolojileri-uygulama-arastirma-merkezi\/en\/mission-and-vision\/#breadcrumb\",\"itemListElement\":[{\"@type\":\"ListItem\",\"position\":1,\"name\":\"Ana sayfa\",\"item\":\"http:\/\/ticaret.edu.tr\/bilisim-teknolojileri-uygulama-arastirma-merkezi\/\"},{\"@type\":\"ListItem\",\"position\":2,\"name\":\"Mission and Vision\"}]},{\"@type\":\"WebSite\",\"@id\":\"http:\/\/ticaret.edu.tr\/bilisim-teknolojileri-uygulama-arastirma-merkezi\/#website\",\"url\":\"http:\/\/ticaret.edu.tr\/bilisim-teknolojileri-uygulama-arastirma-merkezi\/\",\"name\":\"Bili\u015fim Teknolojileri Uygulama ve Ara\u015ft\u0131rma Merkezi\",\"description\":\"Bir ba\u015fka \u0130stanbul Ticaret \u00dcniversitesi site sitesi\",\"potentialAction\":[{\"@type\":\"SearchAction\",\"target\":{\"@type\":\"EntryPoint\",\"urlTemplate\":\"http:\/\/ticaret.edu.tr\/bilisim-teknolojileri-uygulama-arastirma-merkezi\/?s={search_term_string}\"},\"query-input\":\"required name=search_term_string\"}],\"inLanguage\":\"tr\"}]}<\/script>\n<!-- \/ Yoast SEO Premium plugin. -->","yoast_head_json":{"title":"Mission and Vision - Bili\u015fim Teknolojileri Uygulama ve Ara\u015ft\u0131rma Merkezi","robots":{"index":"index","follow":"follow","max-snippet":"max-snippet:-1","max-image-preview":"max-image-preview:large","max-video-preview":"max-video-preview:-1"},"canonical":"http:\/\/ticaret.edu.tr\/bilisim-teknolojileri-uygulama-arastirma-merkezi\/en\/mission-and-vision\/","og_locale":"tr_TR","og_type":"article","og_title":"Mission and Vision","og_description":"Mission: The Istanbul Commerce University Center for Applied Research on Informatics Technologies endeavors to engage in both theoretical exploration and practical investigation within the realm of informatics technologies. Our mission is to leverage knowledge and technology for the betterment of society. Through the delivery of high-quality education and consultancy services, we foster collaboration with both [&hellip;]","og_url":"http:\/\/ticaret.edu.tr\/bilisim-teknolojileri-uygulama-arastirma-merkezi\/en\/mission-and-vision\/","og_site_name":"Bili\u015fim Teknolojileri Uygulama ve Ara\u015ft\u0131rma Merkezi","article_publisher":"https:\/\/www.facebook.com\/ticaretedutr","article_modified_time":"2025-02-27T06:59:20+00:00","og_image":[{"width":1250,"height":833,"url":"http:\/\/ticaret.edu.tr\/bilisim-teknolojileri-uygulama-arastirma-merkezi\/wp-content\/uploads\/sites\/58\/2021\/11\/web_logo-01.jpg","type":"image\/jpeg"}],"twitter_card":"summary_large_image","twitter_site":"@ticaretedutr","twitter_misc":{"Tahmini okuma s\u00fcresi":"1 dakika"},"schema":{"@context":"https:\/\/schema.org","@graph":[{"@type":"WebPage","@id":"http:\/\/ticaret.edu.tr\/bilisim-teknolojileri-uygulama-arastirma-merkezi\/en\/mission-and-vision\/","url":"http:\/\/ticaret.edu.tr\/bilisim-teknolojileri-uygulama-arastirma-merkezi\/en\/mission-and-vision\/","name":"Mission and Vision - Bili\u015fim Teknolojileri Uygulama ve Ara\u015ft\u0131rma Merkezi","isPartOf":{"@id":"http:\/\/ticaret.edu.tr\/bilisim-teknolojileri-uygulama-arastirma-merkezi\/#website"},"datePublished":"2024-03-15T13:35:07+00:00","dateModified":"2025-02-27T06:59:20+00:00","breadcrumb":{"@id":"http:\/\/ticaret.edu.tr\/bilisim-teknolojileri-uygulama-arastirma-merkezi\/en\/mission-and-vision\/#breadcrumb"},"inLanguage":"tr","potentialAction":[{"@type":"ReadAction","target":["http:\/\/ticaret.edu.tr\/bilisim-teknolojileri-uygulama-arastirma-merkezi\/en\/mission-and-vision\/"]}]},{"@type":"BreadcrumbList","@id":"http:\/\/ticaret.edu.tr\/bilisim-teknolojileri-uygulama-arastirma-merkezi\/en\/mission-and-vision\/#breadcrumb","itemListElement":[{"@type":"ListItem","position":1,"name":"Ana sayfa","item":"http:\/\/ticaret.edu.tr\/bilisim-teknolojileri-uygulama-arastirma-merkezi\/"},{"@type":"ListItem","position":2,"name":"Mission and Vision"}]},{"@type":"WebSite","@id":"http:\/\/ticaret.edu.tr\/bilisim-teknolojileri-uygulama-arastirma-merkezi\/#website","url":"http:\/\/ticaret.edu.tr\/bilisim-teknolojileri-uygulama-arastirma-merkezi\/","name":"Bili\u015fim Teknolojileri Uygulama ve Ara\u015ft\u0131rma Merkezi","description":"Bir ba\u015fka \u0130stanbul Ticaret \u00dcniversitesi site sitesi","potentialAction":[{"@type":"SearchAction","target":{"@type":"EntryPoint","urlTemplate":"http:\/\/ticaret.edu.tr\/bilisim-teknolojileri-uygulama-arastirma-merkezi\/?s={search_term_string}"},"query-input":"required name=search_term_string"}],"inLanguage":"tr"}]}},"lang":"en","translations":{"en":264,"tr":205},"pll_sync_post":[],"_links":{"self":[{"href":"http:\/\/ticaret.edu.tr\/bilisim-teknolojileri-uygulama-arastirma-merkezi\/wp-json\/wp\/v2\/pages\/264"}],"collection":[{"href":"http:\/\/ticaret.edu.tr\/bilisim-teknolojileri-uygulama-arastirma-merkezi\/wp-json\/wp\/v2\/pages"}],"about":[{"href":"http:\/\/ticaret.edu.tr\/bilisim-teknolojileri-uygulama-arastirma-merkezi\/wp-json\/wp\/v2\/types\/page"}],"author":[{"embeddable":true,"href":"http:\/\/ticaret.edu.tr\/bilisim-teknolojileri-uygulama-arastirma-merkezi\/wp-json\/wp\/v2\/users\/142"}],"replies":[{"embeddable":true,"href":"http:\/\/ticaret.edu.tr\/bilisim-teknolojileri-uygulama-arastirma-merkezi\/wp-json\/wp\/v2\/comments?post=264"}],"version-history":[{"count":1,"href":"http:\/\/ticaret.edu.tr\/bilisim-teknolojileri-uygulama-arastirma-merkezi\/wp-json\/wp\/v2\/pages\/264\/revisions"}],"predecessor-version":[{"id":265,"href":"http:\/\/ticaret.edu.tr\/bilisim-teknolojileri-uygulama-arastirma-merkezi\/wp-json\/wp\/v2\/pages\/264\/revisions\/265"}],"wp:attachment":[{"href":"http:\/\/ticaret.edu.tr\/bilisim-teknolojileri-uygulama-arastirma-merkezi\/wp-json\/wp\/v2\/media?parent=264"}],"curies":[{"name":"wp","href":"https:\/\/api.w.org\/{rel}","templated":true}]}}