{"id":30,"date":"2021-01-15T22:08:51","date_gmt":"2021-01-15T19:08:51","guid":{"rendered":"http:\/\/ticaret.edu.tr\/btuam\/?page_id=30"},"modified":"2025-12-15T11:53:50","modified_gmt":"2025-12-15T08:53:50","slug":"iletisim","status":"publish","type":"page","link":"http:\/\/ticaret.edu.tr\/bilisim-teknolojileri-uygulama-arastirma-merkezi\/iletisim\/","title":{"rendered":"\u0130leti\u015fim"},"content":{"rendered":"<header class=\"page-header\">\n<h1 class=\"page-title\">\u0130leti\u015fim<\/h1>\n<\/header>\n<article id=\"page-378\" class=\"post-378 page type-page status-publish hentry\">\n<div class=\"entry-content\">\n<h4>\u0130stanbul Ticaret \u00dcniversitesi Hezarfen Kamp\u00fcs\u00fc K\u00fc\u00e7\u00fckyal\u0131<\/h4>\n<p>Adres: Ayd\u0131nevler Mh. \u0130smet \u0130n\u00f6n\u00fc Cd. No: 4 Maltepe \/ \u0130stanbul 34840<\/p>\n<p>Tel: 444 0 413<\/p>\n<p>&nbsp;<\/p>\n<\/div>\n<\/article>\n","protected":false},"excerpt":{"rendered":"<p>\u0130leti\u015fim \u0130stanbul Ticaret \u00dcniversitesi Hezarfen Kamp\u00fcs\u00fc K\u00fc\u00e7\u00fckyal\u0131 Adres: Ayd\u0131nevler Mh. \u0130smet \u0130n\u00f6n\u00fc Cd. No: 4 Maltepe \/ \u0130stanbul 34840 Tel: 444 0 413 &nbsp;<\/p>\n","protected":false},"author":142,"featured_media":0,"parent":0,"menu_order":0,"comment_status":"closed","ping_status":"closed","template":"genel_sayfa.php","meta":{"footnotes":""},"yoast_head":"<!-- This site is optimized with the Yoast SEO Premium plugin v22.1 (Yoast SEO v22.1) - https:\/\/yoast.com\/wordpress\/plugins\/seo\/ -->\n<title>\u0130leti\u015fim - Bili\u015fim Teknolojileri Uygulama ve Ara\u015ft\u0131rma Merkezi<\/title>\n<meta name=\"robots\" content=\"index, follow, max-snippet:-1, max-image-preview:large, max-video-preview:-1\" \/>\n<link rel=\"canonical\" href=\"http:\/\/ticaret.edu.tr\/bilisim-teknolojileri-uygulama-arastirma-merkezi\/iletisim\/\" \/>\n<meta property=\"og:locale\" content=\"tr_TR\" \/>\n<meta property=\"og:type\" content=\"article\" \/>\n<meta property=\"og:title\" content=\"\u0130leti\u015fim\" \/>\n<meta property=\"og:description\" content=\"\u0130leti\u015fim \u0130stanbul Ticaret \u00dcniversitesi Hezarfen Kamp\u00fcs\u00fc K\u00fc\u00e7\u00fckyal\u0131 Adres: Ayd\u0131nevler Mh. \u0130smet \u0130n\u00f6n\u00fc Cd. No: 4 Maltepe \/ \u0130stanbul 34840 Tel: 444 0 413 &nbsp;\" \/>\n<meta property=\"og:url\" content=\"http:\/\/ticaret.edu.tr\/bilisim-teknolojileri-uygulama-arastirma-merkezi\/iletisim\/\" \/>\n<meta property=\"og:site_name\" content=\"Bili\u015fim Teknolojileri Uygulama ve Ara\u015ft\u0131rma Merkezi\" \/>\n<meta property=\"article:publisher\" content=\"https:\/\/www.facebook.com\/ticaretedutr\" \/>\n<meta property=\"article:modified_time\" content=\"2025-12-15T08:53:50+00:00\" \/>\n<meta property=\"og:image\" content=\"http:\/\/ticaret.edu.tr\/bilisim-teknolojileri-uygulama-arastirma-merkezi\/wp-content\/uploads\/sites\/58\/2021\/11\/web_logo-01.jpg\" \/>\n\t<meta property=\"og:image:width\" content=\"1250\" \/>\n\t<meta property=\"og:image:height\" content=\"833\" \/>\n\t<meta property=\"og:image:type\" content=\"image\/jpeg\" \/>\n<meta name=\"twitter:card\" content=\"summary_large_image\" \/>\n<meta name=\"twitter:site\" content=\"@ticaretedutr\" \/>\n<meta name=\"twitter:label1\" content=\"Tahmini okuma s\u00fcresi\" \/>\n\t<meta name=\"twitter:data1\" content=\"1 dakika\" \/>\n<script type=\"application\/ld+json\" class=\"yoast-schema-graph\">{\"@context\":\"https:\/\/schema.org\",\"@graph\":[{\"@type\":\"WebPage\",\"@id\":\"http:\/\/ticaret.edu.tr\/bilisim-teknolojileri-uygulama-arastirma-merkezi\/iletisim\/\",\"url\":\"http:\/\/ticaret.edu.tr\/bilisim-teknolojileri-uygulama-arastirma-merkezi\/iletisim\/\",\"name\":\"\u0130leti\u015fim - Bili\u015fim Teknolojileri Uygulama ve Ara\u015ft\u0131rma Merkezi\",\"isPartOf\":{\"@id\":\"http:\/\/ticaret.edu.tr\/bilisim-teknolojileri-uygulama-arastirma-merkezi\/#website\"},\"datePublished\":\"2021-01-15T19:08:51+00:00\",\"dateModified\":\"2025-12-15T08:53:50+00:00\",\"breadcrumb\":{\"@id\":\"http:\/\/ticaret.edu.tr\/bilisim-teknolojileri-uygulama-arastirma-merkezi\/iletisim\/#breadcrumb\"},\"inLanguage\":\"tr\",\"potentialAction\":[{\"@type\":\"ReadAction\",\"target\":[\"http:\/\/ticaret.edu.tr\/bilisim-teknolojileri-uygulama-arastirma-merkezi\/iletisim\/\"]}]},{\"@type\":\"BreadcrumbList\",\"@id\":\"http:\/\/ticaret.edu.tr\/bilisim-teknolojileri-uygulama-arastirma-merkezi\/iletisim\/#breadcrumb\",\"itemListElement\":[{\"@type\":\"ListItem\",\"position\":1,\"name\":\"Ana sayfa\",\"item\":\"http:\/\/ticaret.edu.tr\/bilisim-teknolojileri-uygulama-arastirma-merkezi\/\"},{\"@type\":\"ListItem\",\"position\":2,\"name\":\"\u0130leti\u015fim\"}]},{\"@type\":\"WebSite\",\"@id\":\"http:\/\/ticaret.edu.tr\/bilisim-teknolojileri-uygulama-arastirma-merkezi\/#website\",\"url\":\"http:\/\/ticaret.edu.tr\/bilisim-teknolojileri-uygulama-arastirma-merkezi\/\",\"name\":\"Bili\u015fim Teknolojileri Uygulama ve Ara\u015ft\u0131rma Merkezi\",\"description\":\"Bir ba\u015fka \u0130stanbul Ticaret \u00dcniversitesi site sitesi\",\"potentialAction\":[{\"@type\":\"SearchAction\",\"target\":{\"@type\":\"EntryPoint\",\"urlTemplate\":\"http:\/\/ticaret.edu.tr\/bilisim-teknolojileri-uygulama-arastirma-merkezi\/?s={search_term_string}\"},\"query-input\":\"required name=search_term_string\"}],\"inLanguage\":\"tr\"}]}<\/script>\n<!-- \/ Yoast SEO Premium plugin. -->","yoast_head_json":{"title":"\u0130leti\u015fim - Bili\u015fim Teknolojileri Uygulama ve Ara\u015ft\u0131rma Merkezi","robots":{"index":"index","follow":"follow","max-snippet":"max-snippet:-1","max-image-preview":"max-image-preview:large","max-video-preview":"max-video-preview:-1"},"canonical":"http:\/\/ticaret.edu.tr\/bilisim-teknolojileri-uygulama-arastirma-merkezi\/iletisim\/","og_locale":"tr_TR","og_type":"article","og_title":"\u0130leti\u015fim","og_description":"\u0130leti\u015fim \u0130stanbul Ticaret \u00dcniversitesi Hezarfen Kamp\u00fcs\u00fc K\u00fc\u00e7\u00fckyal\u0131 Adres: Ayd\u0131nevler Mh. \u0130smet \u0130n\u00f6n\u00fc Cd. No: 4 Maltepe \/ \u0130stanbul 34840 Tel: 444 0 413 &nbsp;","og_url":"http:\/\/ticaret.edu.tr\/bilisim-teknolojileri-uygulama-arastirma-merkezi\/iletisim\/","og_site_name":"Bili\u015fim Teknolojileri Uygulama ve Ara\u015ft\u0131rma Merkezi","article_publisher":"https:\/\/www.facebook.com\/ticaretedutr","article_modified_time":"2025-12-15T08:53:50+00:00","og_image":[{"width":1250,"height":833,"url":"http:\/\/ticaret.edu.tr\/bilisim-teknolojileri-uygulama-arastirma-merkezi\/wp-content\/uploads\/sites\/58\/2021\/11\/web_logo-01.jpg","type":"image\/jpeg"}],"twitter_card":"summary_large_image","twitter_site":"@ticaretedutr","twitter_misc":{"Tahmini okuma s\u00fcresi":"1 dakika"},"schema":{"@context":"https:\/\/schema.org","@graph":[{"@type":"WebPage","@id":"http:\/\/ticaret.edu.tr\/bilisim-teknolojileri-uygulama-arastirma-merkezi\/iletisim\/","url":"http:\/\/ticaret.edu.tr\/bilisim-teknolojileri-uygulama-arastirma-merkezi\/iletisim\/","name":"\u0130leti\u015fim - Bili\u015fim Teknolojileri Uygulama ve Ara\u015ft\u0131rma Merkezi","isPartOf":{"@id":"http:\/\/ticaret.edu.tr\/bilisim-teknolojileri-uygulama-arastirma-merkezi\/#website"},"datePublished":"2021-01-15T19:08:51+00:00","dateModified":"2025-12-15T08:53:50+00:00","breadcrumb":{"@id":"http:\/\/ticaret.edu.tr\/bilisim-teknolojileri-uygulama-arastirma-merkezi\/iletisim\/#breadcrumb"},"inLanguage":"tr","potentialAction":[{"@type":"ReadAction","target":["http:\/\/ticaret.edu.tr\/bilisim-teknolojileri-uygulama-arastirma-merkezi\/iletisim\/"]}]},{"@type":"BreadcrumbList","@id":"http:\/\/ticaret.edu.tr\/bilisim-teknolojileri-uygulama-arastirma-merkezi\/iletisim\/#breadcrumb","itemListElement":[{"@type":"ListItem","position":1,"name":"Ana sayfa","item":"http:\/\/ticaret.edu.tr\/bilisim-teknolojileri-uygulama-arastirma-merkezi\/"},{"@type":"ListItem","position":2,"name":"\u0130leti\u015fim"}]},{"@type":"WebSite","@id":"http:\/\/ticaret.edu.tr\/bilisim-teknolojileri-uygulama-arastirma-merkezi\/#website","url":"http:\/\/ticaret.edu.tr\/bilisim-teknolojileri-uygulama-arastirma-merkezi\/","name":"Bili\u015fim Teknolojileri Uygulama ve Ara\u015ft\u0131rma Merkezi","description":"Bir ba\u015fka \u0130stanbul Ticaret \u00dcniversitesi site sitesi","potentialAction":[{"@type":"SearchAction","target":{"@type":"EntryPoint","urlTemplate":"http:\/\/ticaret.edu.tr\/bilisim-teknolojileri-uygulama-arastirma-merkezi\/?s={search_term_string}"},"query-input":"required name=search_term_string"}],"inLanguage":"tr"}]}},"lang":"tr","translations":{"en":106,"tr":30},"pll_sync_post":[],"_links":{"self":[{"href":"http:\/\/ticaret.edu.tr\/bilisim-teknolojileri-uygulama-arastirma-merkezi\/wp-json\/wp\/v2\/pages\/30"}],"collection":[{"href":"http:\/\/ticaret.edu.tr\/bilisim-teknolojileri-uygulama-arastirma-merkezi\/wp-json\/wp\/v2\/pages"}],"about":[{"href":"http:\/\/ticaret.edu.tr\/bilisim-teknolojileri-uygulama-arastirma-merkezi\/wp-json\/wp\/v2\/types\/page"}],"author":[{"embeddable":true,"href":"http:\/\/ticaret.edu.tr\/bilisim-teknolojileri-uygulama-arastirma-merkezi\/wp-json\/wp\/v2\/users\/142"}],"replies":[{"embeddable":true,"href":"http:\/\/ticaret.edu.tr\/bilisim-teknolojileri-uygulama-arastirma-merkezi\/wp-json\/wp\/v2\/comments?post=30"}],"version-history":[{"count":12,"href":"http:\/\/ticaret.edu.tr\/bilisim-teknolojileri-uygulama-arastirma-merkezi\/wp-json\/wp\/v2\/pages\/30\/revisions"}],"predecessor-version":[{"id":383,"href":"http:\/\/ticaret.edu.tr\/bilisim-teknolojileri-uygulama-arastirma-merkezi\/wp-json\/wp\/v2\/pages\/30\/revisions\/383"}],"wp:attachment":[{"href":"http:\/\/ticaret.edu.tr\/bilisim-teknolojileri-uygulama-arastirma-merkezi\/wp-json\/wp\/v2\/media?parent=30"}],"curies":[{"name":"wp","href":"https:\/\/api.w.org\/{rel}","templated":true}]}}