{"id":334,"date":"2025-02-27T10:00:52","date_gmt":"2025-02-27T07:00:52","guid":{"rendered":"https:\/\/ticaret.edu.tr\/bilisim-teknolojileri-uygulama-arastirma-merkezi\/?page_id=334"},"modified":"2025-02-27T10:00:52","modified_gmt":"2025-02-27T07:00:52","slug":"genel-bilgi","status":"publish","type":"page","link":"http:\/\/ticaret.edu.tr\/bilisim-teknolojileri-uygulama-arastirma-merkezi\/genel-bilgi\/","title":{"rendered":"Genel Bilgi"},"content":{"rendered":"<p>\u0130stanbul Ticaret \u00dcniversitesi Bili\u015fim Teknolojileri Uygulama ve Ara\u015ft\u0131rma Merkezi, bili\u015fim teknolojileri alan\u0131nda \u00f6nemli bir role sahip olan ve s\u00fcrekli olarak geli\u015fmekte olan bir merkezdir. Merkez, kuramsal ve uygulamal\u0131 bilimsel ara\u015ft\u0131rmalar yaparak elde etti\u011fi bilgi ve teknolojiyi toplumun hizmetine sunmay\u0131 ama\u00e7lar. Bu kapsamda, y\u00fcksek nitelikli e\u011fitim ve dan\u0131\u015fmanl\u0131k hizmetleriyle kamu ve \u00f6zel sekt\u00f6r kurumlar\u0131yla i\u015fbirli\u011fi i\u00e7erisinde \u00e7al\u0131\u015farak, bili\u015fim teknolojileri alan\u0131ndaki sorunlara \u00e7\u00f6z\u00fcm odakl\u0131 yakla\u015f\u0131mlar geli\u015ftirir ve bilimsel bilgilerin yay\u0131lmas\u0131n\u0131 sa\u011flar. Ayr\u0131ca Merkez, ulusal ve uluslararas\u0131 d\u00fczeyde tan\u0131nan rekabet\u00e7i altyap\u0131lar olu\u015fturmay\u0131 ve y\u00fcksek nitelikli ara\u015ft\u0131rma \u00e7\u0131kt\u0131lar\u0131 \u00fcretmeyi hedeflemektedir. S\u00fcrekli geli\u015fen bili\u015fim teknolojileriyle uyumlu, yenilik\u00e7i ve \u00f6zg\u00fcn \u00e7\u00f6z\u00fcmler \u00fcreterek, bilgi ve teknolojinin ilerlemesine \u00f6nc\u00fcl\u00fck etmeyi ama\u00e7lar. Toplumun dijital d\u00f6n\u00fc\u015f\u00fcm s\u00fcrecine katk\u0131da bulunarak, bilgiye eri\u015fim ve teknolojiyi kullanma konusunda \u00f6nc\u00fc bir kurum olmay\u0131 hedefler.<\/p>\n<p><strong>\u0130stanbul Ticaret \u00dcniversitesi Bili\u015fim Teknolojileri Uygulama ve Ara\u015ft\u0131rma Merkezi\u2019nin faaliyetlerine genel bir bak\u0131\u015f;<\/strong><\/p>\n<ul>\n<li><strong>Ara\u015ft\u0131rma ve Geli\u015ftirme Projeleri:<\/strong> Merkez, bili\u015fim teknolojileri alan\u0131nda yap\u0131lan ara\u015ft\u0131rma ve geli\u015ftirme projelerine \u00f6nc\u00fcl\u00fck eder. Bu projelerin sonu\u00e7lar\u0131, sekt\u00f6rdeki g\u00fcncel ihtiya\u00e7lara y\u00f6nelik \u00e7\u00f6z\u00fcmler sunar. Ayr\u0131ca, geli\u015ftirilen \u00e7\u00f6z\u00fcmleri uygun platformlarda yay\u0131mlar.<\/li>\n<li><strong>E\u011fitim Programlar\u0131:<\/strong> Bili\u015fim teknolojileri alan\u0131nda uzmanla\u015fmak isteyen bireyler i\u00e7in \u00e7e\u015fitli e\u011fitim programlar\u0131 d\u00fczenler. Bu programlar, sekt\u00f6rdeki yeni geli\u015fmeleri takip eden ve uygulamaya d\u00f6n\u00fck beceriler kazand\u0131ran i\u00e7eriklere sahiptir.<\/li>\n<li><strong>Dan\u0131\u015fmanl\u0131k Hizmetleri:<\/strong> Kamu ve \u00f6zel sekt\u00f6r kurumlar\u0131na bili\u015fim teknolojileri alan\u0131nda dan\u0131\u015fmanl\u0131k hizmetleri sunar. Bu hizmetler, kurumlar\u0131n mevcut sistemlerini optimize etmelerine ve yenilik\u00e7i \u00e7\u00f6z\u00fcmler geli\u015ftirmelerine yard\u0131mc\u0131 olur.<\/li>\n<li><strong>Seminer ve Etkinlikler:<\/strong> Bili\u015fim teknolojileri alan\u0131ndaki g\u00fcncel konular\u0131 tart\u0131\u015fmak \u00fczere seminerler ve etkinlikler d\u00fczenler. Bu etkinlikler, sekt\u00f6rdeki profesyonellerin bir araya gelerek bilgi ve deneyim payla\u015f\u0131m\u0131n\u0131 sa\u011flar.<\/li>\n<\/ul>\n<p>\u0130stanbul Ticaret \u00dcniversitesi Bili\u015fim Teknolojileri Uygulama ve Ara\u015ft\u0131rma Merkezi, bili\u015fim teknolojileri alan\u0131nda \u00f6nemli bir role sahip olmaya ve toplumun dijital d\u00f6n\u00fc\u015f\u00fcm s\u00fcrecine katk\u0131da bulunmaya devam edecektir.<\/p>\n","protected":false},"excerpt":{"rendered":"<p>\u0130stanbul Ticaret \u00dcniversitesi Bili\u015fim Teknolojileri Uygulama ve Ara\u015ft\u0131rma Merkezi, bili\u015fim teknolojileri alan\u0131nda \u00f6nemli bir role sahip olan ve s\u00fcrekli olarak geli\u015fmekte olan bir merkezdir. Merkez, kuramsal ve uygulamal\u0131 bilimsel ara\u015ft\u0131rmalar yaparak elde etti\u011fi bilgi ve teknolojiyi toplumun hizmetine sunmay\u0131 ama\u00e7lar. Bu kapsamda, y\u00fcksek nitelikli e\u011fitim ve dan\u0131\u015fmanl\u0131k hizmetleriyle kamu ve \u00f6zel sekt\u00f6r kurumlar\u0131yla i\u015fbirli\u011fi i\u00e7erisinde [&hellip;]<\/p>\n","protected":false},"author":228,"featured_media":0,"parent":0,"menu_order":0,"comment_status":"closed","ping_status":"closed","template":"genel_sayfa.php","meta":{"footnotes":""},"yoast_head":"<!-- This site is optimized with the Yoast SEO Premium plugin v22.1 (Yoast SEO v22.1) - https:\/\/yoast.com\/wordpress\/plugins\/seo\/ -->\n<title>Genel Bilgi - Bili\u015fim Teknolojileri Uygulama ve Ara\u015ft\u0131rma Merkezi<\/title>\n<meta name=\"robots\" content=\"index, follow, max-snippet:-1, max-image-preview:large, max-video-preview:-1\" \/>\n<link rel=\"canonical\" href=\"http:\/\/ticaret.edu.tr\/bilisim-teknolojileri-uygulama-arastirma-merkezi\/genel-bilgi\/\" \/>\n<meta property=\"og:locale\" content=\"tr_TR\" \/>\n<meta property=\"og:type\" content=\"article\" \/>\n<meta property=\"og:title\" content=\"Genel Bilgi\" \/>\n<meta property=\"og:description\" content=\"\u0130stanbul Ticaret \u00dcniversitesi Bili\u015fim Teknolojileri Uygulama ve Ara\u015ft\u0131rma Merkezi, bili\u015fim teknolojileri alan\u0131nda \u00f6nemli bir role sahip olan ve s\u00fcrekli olarak geli\u015fmekte olan bir merkezdir. Merkez, kuramsal ve uygulamal\u0131 bilimsel ara\u015ft\u0131rmalar yaparak elde etti\u011fi bilgi ve teknolojiyi toplumun hizmetine sunmay\u0131 ama\u00e7lar. Bu kapsamda, y\u00fcksek nitelikli e\u011fitim ve dan\u0131\u015fmanl\u0131k hizmetleriyle kamu ve \u00f6zel sekt\u00f6r kurumlar\u0131yla i\u015fbirli\u011fi i\u00e7erisinde [&hellip;]\" \/>\n<meta property=\"og:url\" content=\"http:\/\/ticaret.edu.tr\/bilisim-teknolojileri-uygulama-arastirma-merkezi\/genel-bilgi\/\" \/>\n<meta property=\"og:site_name\" content=\"Bili\u015fim Teknolojileri Uygulama ve Ara\u015ft\u0131rma Merkezi\" \/>\n<meta property=\"article:publisher\" content=\"https:\/\/www.facebook.com\/ticaretedutr\" \/>\n<meta property=\"og:image\" content=\"http:\/\/ticaret.edu.tr\/bilisim-teknolojileri-uygulama-arastirma-merkezi\/wp-content\/uploads\/sites\/58\/2021\/11\/web_logo-01.jpg\" \/>\n\t<meta property=\"og:image:width\" content=\"1250\" \/>\n\t<meta property=\"og:image:height\" content=\"833\" \/>\n\t<meta property=\"og:image:type\" content=\"image\/jpeg\" \/>\n<meta name=\"twitter:card\" content=\"summary_large_image\" \/>\n<meta name=\"twitter:site\" content=\"@ticaretedutr\" \/>\n<script type=\"application\/ld+json\" class=\"yoast-schema-graph\">{\"@context\":\"https:\/\/schema.org\",\"@graph\":[{\"@type\":\"WebPage\",\"@id\":\"http:\/\/ticaret.edu.tr\/bilisim-teknolojileri-uygulama-arastirma-merkezi\/genel-bilgi\/\",\"url\":\"http:\/\/ticaret.edu.tr\/bilisim-teknolojileri-uygulama-arastirma-merkezi\/genel-bilgi\/\",\"name\":\"Genel Bilgi - Bili\u015fim Teknolojileri Uygulama ve Ara\u015ft\u0131rma Merkezi\",\"isPartOf\":{\"@id\":\"http:\/\/ticaret.edu.tr\/bilisim-teknolojileri-uygulama-arastirma-merkezi\/#website\"},\"datePublished\":\"2025-02-27T07:00:52+00:00\",\"dateModified\":\"2025-02-27T07:00:52+00:00\",\"breadcrumb\":{\"@id\":\"http:\/\/ticaret.edu.tr\/bilisim-teknolojileri-uygulama-arastirma-merkezi\/genel-bilgi\/#breadcrumb\"},\"inLanguage\":\"tr\",\"potentialAction\":[{\"@type\":\"ReadAction\",\"target\":[\"http:\/\/ticaret.edu.tr\/bilisim-teknolojileri-uygulama-arastirma-merkezi\/genel-bilgi\/\"]}]},{\"@type\":\"BreadcrumbList\",\"@id\":\"http:\/\/ticaret.edu.tr\/bilisim-teknolojileri-uygulama-arastirma-merkezi\/genel-bilgi\/#breadcrumb\",\"itemListElement\":[{\"@type\":\"ListItem\",\"position\":1,\"name\":\"Ana sayfa\",\"item\":\"http:\/\/ticaret.edu.tr\/bilisim-teknolojileri-uygulama-arastirma-merkezi\/\"},{\"@type\":\"ListItem\",\"position\":2,\"name\":\"Genel Bilgi\"}]},{\"@type\":\"WebSite\",\"@id\":\"http:\/\/ticaret.edu.tr\/bilisim-teknolojileri-uygulama-arastirma-merkezi\/#website\",\"url\":\"http:\/\/ticaret.edu.tr\/bilisim-teknolojileri-uygulama-arastirma-merkezi\/\",\"name\":\"Bili\u015fim Teknolojileri Uygulama ve Ara\u015ft\u0131rma Merkezi\",\"description\":\"Bir ba\u015fka \u0130stanbul Ticaret \u00dcniversitesi site sitesi\",\"potentialAction\":[{\"@type\":\"SearchAction\",\"target\":{\"@type\":\"EntryPoint\",\"urlTemplate\":\"http:\/\/ticaret.edu.tr\/bilisim-teknolojileri-uygulama-arastirma-merkezi\/?s={search_term_string}\"},\"query-input\":\"required name=search_term_string\"}],\"inLanguage\":\"tr\"}]}<\/script>\n<!-- \/ Yoast SEO Premium plugin. -->","yoast_head_json":{"title":"Genel Bilgi - Bili\u015fim Teknolojileri Uygulama ve Ara\u015ft\u0131rma Merkezi","robots":{"index":"index","follow":"follow","max-snippet":"max-snippet:-1","max-image-preview":"max-image-preview:large","max-video-preview":"max-video-preview:-1"},"canonical":"http:\/\/ticaret.edu.tr\/bilisim-teknolojileri-uygulama-arastirma-merkezi\/genel-bilgi\/","og_locale":"tr_TR","og_type":"article","og_title":"Genel Bilgi","og_description":"\u0130stanbul Ticaret \u00dcniversitesi Bili\u015fim Teknolojileri Uygulama ve Ara\u015ft\u0131rma Merkezi, bili\u015fim teknolojileri alan\u0131nda \u00f6nemli bir role sahip olan ve s\u00fcrekli olarak geli\u015fmekte olan bir merkezdir. Merkez, kuramsal ve uygulamal\u0131 bilimsel ara\u015ft\u0131rmalar yaparak elde etti\u011fi bilgi ve teknolojiyi toplumun hizmetine sunmay\u0131 ama\u00e7lar. Bu kapsamda, y\u00fcksek nitelikli e\u011fitim ve dan\u0131\u015fmanl\u0131k hizmetleriyle kamu ve \u00f6zel sekt\u00f6r kurumlar\u0131yla i\u015fbirli\u011fi i\u00e7erisinde [&hellip;]","og_url":"http:\/\/ticaret.edu.tr\/bilisim-teknolojileri-uygulama-arastirma-merkezi\/genel-bilgi\/","og_site_name":"Bili\u015fim Teknolojileri Uygulama ve Ara\u015ft\u0131rma Merkezi","article_publisher":"https:\/\/www.facebook.com\/ticaretedutr","og_image":[{"width":1250,"height":833,"url":"http:\/\/ticaret.edu.tr\/bilisim-teknolojileri-uygulama-arastirma-merkezi\/wp-content\/uploads\/sites\/58\/2021\/11\/web_logo-01.jpg","type":"image\/jpeg"}],"twitter_card":"summary_large_image","twitter_site":"@ticaretedutr","schema":{"@context":"https:\/\/schema.org","@graph":[{"@type":"WebPage","@id":"http:\/\/ticaret.edu.tr\/bilisim-teknolojileri-uygulama-arastirma-merkezi\/genel-bilgi\/","url":"http:\/\/ticaret.edu.tr\/bilisim-teknolojileri-uygulama-arastirma-merkezi\/genel-bilgi\/","name":"Genel Bilgi - Bili\u015fim Teknolojileri Uygulama ve Ara\u015ft\u0131rma Merkezi","isPartOf":{"@id":"http:\/\/ticaret.edu.tr\/bilisim-teknolojileri-uygulama-arastirma-merkezi\/#website"},"datePublished":"2025-02-27T07:00:52+00:00","dateModified":"2025-02-27T07:00:52+00:00","breadcrumb":{"@id":"http:\/\/ticaret.edu.tr\/bilisim-teknolojileri-uygulama-arastirma-merkezi\/genel-bilgi\/#breadcrumb"},"inLanguage":"tr","potentialAction":[{"@type":"ReadAction","target":["http:\/\/ticaret.edu.tr\/bilisim-teknolojileri-uygulama-arastirma-merkezi\/genel-bilgi\/"]}]},{"@type":"BreadcrumbList","@id":"http:\/\/ticaret.edu.tr\/bilisim-teknolojileri-uygulama-arastirma-merkezi\/genel-bilgi\/#breadcrumb","itemListElement":[{"@type":"ListItem","position":1,"name":"Ana sayfa","item":"http:\/\/ticaret.edu.tr\/bilisim-teknolojileri-uygulama-arastirma-merkezi\/"},{"@type":"ListItem","position":2,"name":"Genel Bilgi"}]},{"@type":"WebSite","@id":"http:\/\/ticaret.edu.tr\/bilisim-teknolojileri-uygulama-arastirma-merkezi\/#website","url":"http:\/\/ticaret.edu.tr\/bilisim-teknolojileri-uygulama-arastirma-merkezi\/","name":"Bili\u015fim Teknolojileri Uygulama ve Ara\u015ft\u0131rma Merkezi","description":"Bir ba\u015fka \u0130stanbul Ticaret \u00dcniversitesi site sitesi","potentialAction":[{"@type":"SearchAction","target":{"@type":"EntryPoint","urlTemplate":"http:\/\/ticaret.edu.tr\/bilisim-teknolojileri-uygulama-arastirma-merkezi\/?s={search_term_string}"},"query-input":"required name=search_term_string"}],"inLanguage":"tr"}]}},"lang":"tr","translations":{"en":336,"tr":334},"pll_sync_post":[],"_links":{"self":[{"href":"http:\/\/ticaret.edu.tr\/bilisim-teknolojileri-uygulama-arastirma-merkezi\/wp-json\/wp\/v2\/pages\/334"}],"collection":[{"href":"http:\/\/ticaret.edu.tr\/bilisim-teknolojileri-uygulama-arastirma-merkezi\/wp-json\/wp\/v2\/pages"}],"about":[{"href":"http:\/\/ticaret.edu.tr\/bilisim-teknolojileri-uygulama-arastirma-merkezi\/wp-json\/wp\/v2\/types\/page"}],"author":[{"embeddable":true,"href":"http:\/\/ticaret.edu.tr\/bilisim-teknolojileri-uygulama-arastirma-merkezi\/wp-json\/wp\/v2\/users\/228"}],"replies":[{"embeddable":true,"href":"http:\/\/ticaret.edu.tr\/bilisim-teknolojileri-uygulama-arastirma-merkezi\/wp-json\/wp\/v2\/comments?post=334"}],"version-history":[{"count":1,"href":"http:\/\/ticaret.edu.tr\/bilisim-teknolojileri-uygulama-arastirma-merkezi\/wp-json\/wp\/v2\/pages\/334\/revisions"}],"predecessor-version":[{"id":335,"href":"http:\/\/ticaret.edu.tr\/bilisim-teknolojileri-uygulama-arastirma-merkezi\/wp-json\/wp\/v2\/pages\/334\/revisions\/335"}],"wp:attachment":[{"href":"http:\/\/ticaret.edu.tr\/bilisim-teknolojileri-uygulama-arastirma-merkezi\/wp-json\/wp\/v2\/media?parent=334"}],"curies":[{"name":"wp","href":"https:\/\/api.w.org\/{rel}","templated":true}]}}