{"id":336,"date":"2025-02-27T10:02:08","date_gmt":"2025-02-27T07:02:08","guid":{"rendered":"https:\/\/ticaret.edu.tr\/bilisim-teknolojileri-uygulama-arastirma-merkezi\/?page_id=336"},"modified":"2025-02-27T10:02:15","modified_gmt":"2025-02-27T07:02:15","slug":"general-information","status":"publish","type":"page","link":"http:\/\/ticaret.edu.tr\/bilisim-teknolojileri-uygulama-arastirma-merkezi\/en\/general-information\/","title":{"rendered":"General Information"},"content":{"rendered":"<p>The Istanbul Commerce University Center for Applied Research on Informatics Technologies (CARIT) plays a significant role in the field of information technologies and continually evolves as a center. The center aims to offer the knowledge and technology it acquires through theoretical and applied scientific research to serve the community. In this context, it collaborates with public and private sector institutions, providing high-quality education and consultancy services, and develops problem-solving approaches in the field of information technologies while facilitating the dissemination of scientific knowledge. Additionally, it aims to be a leading center recognized nationally and internationally. By producing innovative and original solutions compatible with the constantly evolving information technologies, it aims to lead the progress of knowledge and technology. It also strives to contribute to the society&#8217;s digital transformation process, aiming to be a pioneering institution in accessing information and utilizing technology.<\/p>\n<p><b>General Overview of the Activities of the Istanbul Commerce University Center for Applied Research on Informatics Technologies:<\/b><\/p>\n<ul>\n<li><b>Research and Development Projects:<\/b>\u00a0The center pioneers research and development projects in the field of information technologies. The outcomes of these projects offer solutions to current needs in the sector. Additionally, it publishes the developed solutions.<\/li>\n<li><b>Training Programs:<\/b>\u00a0It organizes various training programs for individuals seeking specialization in information technologies. These programs have content that follows new developments in the sector and provides practical skills.<\/li>\n<li><b>Consultancy Services<\/b>: It provides consultancy services in the field of information technologies to public and private sector institutions. These services help institutions optimize their existing systems and develop innovative solutions.<\/li>\n<li><b>Seminars and Events:<\/b>\u00a0It organizes seminars and events to discuss current topics in information technologies. These events bring together professionals in the sector to share knowledge and experiences.<\/li>\n<\/ul>\n<p>Center for Applied Research on Informatics Technologies will continue to play a significant role in the field of information technologies and contribute to society&#8217;s digital transformation process.<\/p>\n","protected":false},"excerpt":{"rendered":"<p>The Istanbul Commerce University Center for Applied Research on Informatics Technologies (CARIT) plays a significant role in the field of information technologies and continually evolves as a center. The center aims to offer the knowledge and technology it acquires through theoretical and applied scientific research to serve the community. In this context, it collaborates with [&hellip;]<\/p>\n","protected":false},"author":228,"featured_media":0,"parent":0,"menu_order":0,"comment_status":"closed","ping_status":"closed","template":"genel_sayfa.php","meta":{"footnotes":""},"yoast_head":"<!-- This site is optimized with the Yoast SEO Premium plugin v22.1 (Yoast SEO v22.1) - https:\/\/yoast.com\/wordpress\/plugins\/seo\/ -->\n<title>General Information - Bili\u015fim Teknolojileri Uygulama ve Ara\u015ft\u0131rma Merkezi<\/title>\n<meta name=\"robots\" content=\"index, follow, max-snippet:-1, max-image-preview:large, max-video-preview:-1\" \/>\n<link rel=\"canonical\" href=\"http:\/\/ticaret.edu.tr\/bilisim-teknolojileri-uygulama-arastirma-merkezi\/en\/general-information\/\" \/>\n<meta property=\"og:locale\" content=\"tr_TR\" \/>\n<meta property=\"og:type\" content=\"article\" \/>\n<meta property=\"og:title\" content=\"General Information\" \/>\n<meta property=\"og:description\" content=\"The Istanbul Commerce University Center for Applied Research on Informatics Technologies (CARIT) plays a significant role in the field of information technologies and continually evolves as a center. The center aims to offer the knowledge and technology it acquires through theoretical and applied scientific research to serve the community. In this context, it collaborates with [&hellip;]\" \/>\n<meta property=\"og:url\" content=\"http:\/\/ticaret.edu.tr\/bilisim-teknolojileri-uygulama-arastirma-merkezi\/en\/general-information\/\" \/>\n<meta property=\"og:site_name\" content=\"Bili\u015fim Teknolojileri Uygulama ve Ara\u015ft\u0131rma Merkezi\" \/>\n<meta property=\"article:publisher\" content=\"https:\/\/www.facebook.com\/ticaretedutr\" \/>\n<meta property=\"article:modified_time\" content=\"2025-02-27T07:02:15+00:00\" \/>\n<meta property=\"og:image\" content=\"http:\/\/ticaret.edu.tr\/bilisim-teknolojileri-uygulama-arastirma-merkezi\/wp-content\/uploads\/sites\/58\/2021\/11\/web_logo-01.jpg\" \/>\n\t<meta property=\"og:image:width\" content=\"1250\" \/>\n\t<meta property=\"og:image:height\" content=\"833\" \/>\n\t<meta property=\"og:image:type\" content=\"image\/jpeg\" \/>\n<meta name=\"twitter:card\" content=\"summary_large_image\" \/>\n<meta name=\"twitter:site\" content=\"@ticaretedutr\" \/>\n<meta name=\"twitter:label1\" content=\"Tahmini okuma s\u00fcresi\" \/>\n\t<meta name=\"twitter:data1\" content=\"2 dakika\" \/>\n<script type=\"application\/ld+json\" class=\"yoast-schema-graph\">{\"@context\":\"https:\/\/schema.org\",\"@graph\":[{\"@type\":\"WebPage\",\"@id\":\"http:\/\/ticaret.edu.tr\/bilisim-teknolojileri-uygulama-arastirma-merkezi\/en\/general-information\/\",\"url\":\"http:\/\/ticaret.edu.tr\/bilisim-teknolojileri-uygulama-arastirma-merkezi\/en\/general-information\/\",\"name\":\"General Information - Bili\u015fim Teknolojileri Uygulama ve Ara\u015ft\u0131rma Merkezi\",\"isPartOf\":{\"@id\":\"http:\/\/ticaret.edu.tr\/bilisim-teknolojileri-uygulama-arastirma-merkezi\/#website\"},\"datePublished\":\"2025-02-27T07:02:08+00:00\",\"dateModified\":\"2025-02-27T07:02:15+00:00\",\"breadcrumb\":{\"@id\":\"http:\/\/ticaret.edu.tr\/bilisim-teknolojileri-uygulama-arastirma-merkezi\/en\/general-information\/#breadcrumb\"},\"inLanguage\":\"tr\",\"potentialAction\":[{\"@type\":\"ReadAction\",\"target\":[\"http:\/\/ticaret.edu.tr\/bilisim-teknolojileri-uygulama-arastirma-merkezi\/en\/general-information\/\"]}]},{\"@type\":\"BreadcrumbList\",\"@id\":\"http:\/\/ticaret.edu.tr\/bilisim-teknolojileri-uygulama-arastirma-merkezi\/en\/general-information\/#breadcrumb\",\"itemListElement\":[{\"@type\":\"ListItem\",\"position\":1,\"name\":\"Ana sayfa\",\"item\":\"http:\/\/ticaret.edu.tr\/bilisim-teknolojileri-uygulama-arastirma-merkezi\/\"},{\"@type\":\"ListItem\",\"position\":2,\"name\":\"General Information\"}]},{\"@type\":\"WebSite\",\"@id\":\"http:\/\/ticaret.edu.tr\/bilisim-teknolojileri-uygulama-arastirma-merkezi\/#website\",\"url\":\"http:\/\/ticaret.edu.tr\/bilisim-teknolojileri-uygulama-arastirma-merkezi\/\",\"name\":\"Bili\u015fim Teknolojileri Uygulama ve Ara\u015ft\u0131rma Merkezi\",\"description\":\"Bir ba\u015fka \u0130stanbul Ticaret \u00dcniversitesi site sitesi\",\"potentialAction\":[{\"@type\":\"SearchAction\",\"target\":{\"@type\":\"EntryPoint\",\"urlTemplate\":\"http:\/\/ticaret.edu.tr\/bilisim-teknolojileri-uygulama-arastirma-merkezi\/?s={search_term_string}\"},\"query-input\":\"required name=search_term_string\"}],\"inLanguage\":\"tr\"}]}<\/script>\n<!-- \/ Yoast SEO Premium plugin. -->","yoast_head_json":{"title":"General Information - Bili\u015fim Teknolojileri Uygulama ve Ara\u015ft\u0131rma Merkezi","robots":{"index":"index","follow":"follow","max-snippet":"max-snippet:-1","max-image-preview":"max-image-preview:large","max-video-preview":"max-video-preview:-1"},"canonical":"http:\/\/ticaret.edu.tr\/bilisim-teknolojileri-uygulama-arastirma-merkezi\/en\/general-information\/","og_locale":"tr_TR","og_type":"article","og_title":"General Information","og_description":"The Istanbul Commerce University Center for Applied Research on Informatics Technologies (CARIT) plays a significant role in the field of information technologies and continually evolves as a center. The center aims to offer the knowledge and technology it acquires through theoretical and applied scientific research to serve the community. In this context, it collaborates with [&hellip;]","og_url":"http:\/\/ticaret.edu.tr\/bilisim-teknolojileri-uygulama-arastirma-merkezi\/en\/general-information\/","og_site_name":"Bili\u015fim Teknolojileri Uygulama ve Ara\u015ft\u0131rma Merkezi","article_publisher":"https:\/\/www.facebook.com\/ticaretedutr","article_modified_time":"2025-02-27T07:02:15+00:00","og_image":[{"width":1250,"height":833,"url":"http:\/\/ticaret.edu.tr\/bilisim-teknolojileri-uygulama-arastirma-merkezi\/wp-content\/uploads\/sites\/58\/2021\/11\/web_logo-01.jpg","type":"image\/jpeg"}],"twitter_card":"summary_large_image","twitter_site":"@ticaretedutr","twitter_misc":{"Tahmini okuma s\u00fcresi":"2 dakika"},"schema":{"@context":"https:\/\/schema.org","@graph":[{"@type":"WebPage","@id":"http:\/\/ticaret.edu.tr\/bilisim-teknolojileri-uygulama-arastirma-merkezi\/en\/general-information\/","url":"http:\/\/ticaret.edu.tr\/bilisim-teknolojileri-uygulama-arastirma-merkezi\/en\/general-information\/","name":"General Information - Bili\u015fim Teknolojileri Uygulama ve Ara\u015ft\u0131rma Merkezi","isPartOf":{"@id":"http:\/\/ticaret.edu.tr\/bilisim-teknolojileri-uygulama-arastirma-merkezi\/#website"},"datePublished":"2025-02-27T07:02:08+00:00","dateModified":"2025-02-27T07:02:15+00:00","breadcrumb":{"@id":"http:\/\/ticaret.edu.tr\/bilisim-teknolojileri-uygulama-arastirma-merkezi\/en\/general-information\/#breadcrumb"},"inLanguage":"tr","potentialAction":[{"@type":"ReadAction","target":["http:\/\/ticaret.edu.tr\/bilisim-teknolojileri-uygulama-arastirma-merkezi\/en\/general-information\/"]}]},{"@type":"BreadcrumbList","@id":"http:\/\/ticaret.edu.tr\/bilisim-teknolojileri-uygulama-arastirma-merkezi\/en\/general-information\/#breadcrumb","itemListElement":[{"@type":"ListItem","position":1,"name":"Ana sayfa","item":"http:\/\/ticaret.edu.tr\/bilisim-teknolojileri-uygulama-arastirma-merkezi\/"},{"@type":"ListItem","position":2,"name":"General Information"}]},{"@type":"WebSite","@id":"http:\/\/ticaret.edu.tr\/bilisim-teknolojileri-uygulama-arastirma-merkezi\/#website","url":"http:\/\/ticaret.edu.tr\/bilisim-teknolojileri-uygulama-arastirma-merkezi\/","name":"Bili\u015fim Teknolojileri Uygulama ve Ara\u015ft\u0131rma Merkezi","description":"Bir ba\u015fka \u0130stanbul Ticaret \u00dcniversitesi site sitesi","potentialAction":[{"@type":"SearchAction","target":{"@type":"EntryPoint","urlTemplate":"http:\/\/ticaret.edu.tr\/bilisim-teknolojileri-uygulama-arastirma-merkezi\/?s={search_term_string}"},"query-input":"required name=search_term_string"}],"inLanguage":"tr"}]}},"lang":"en","translations":{"en":336,"tr":334},"pll_sync_post":[],"_links":{"self":[{"href":"http:\/\/ticaret.edu.tr\/bilisim-teknolojileri-uygulama-arastirma-merkezi\/wp-json\/wp\/v2\/pages\/336"}],"collection":[{"href":"http:\/\/ticaret.edu.tr\/bilisim-teknolojileri-uygulama-arastirma-merkezi\/wp-json\/wp\/v2\/pages"}],"about":[{"href":"http:\/\/ticaret.edu.tr\/bilisim-teknolojileri-uygulama-arastirma-merkezi\/wp-json\/wp\/v2\/types\/page"}],"author":[{"embeddable":true,"href":"http:\/\/ticaret.edu.tr\/bilisim-teknolojileri-uygulama-arastirma-merkezi\/wp-json\/wp\/v2\/users\/228"}],"replies":[{"embeddable":true,"href":"http:\/\/ticaret.edu.tr\/bilisim-teknolojileri-uygulama-arastirma-merkezi\/wp-json\/wp\/v2\/comments?post=336"}],"version-history":[{"count":1,"href":"http:\/\/ticaret.edu.tr\/bilisim-teknolojileri-uygulama-arastirma-merkezi\/wp-json\/wp\/v2\/pages\/336\/revisions"}],"predecessor-version":[{"id":337,"href":"http:\/\/ticaret.edu.tr\/bilisim-teknolojileri-uygulama-arastirma-merkezi\/wp-json\/wp\/v2\/pages\/336\/revisions\/337"}],"wp:attachment":[{"href":"http:\/\/ticaret.edu.tr\/bilisim-teknolojileri-uygulama-arastirma-merkezi\/wp-json\/wp\/v2\/media?parent=336"}],"curies":[{"name":"wp","href":"https:\/\/api.w.org\/{rel}","templated":true}]}}