{"id":10,"date":"2020-07-19T05:54:23","date_gmt":"2020-07-19T02:54:23","guid":{"rendered":"http:\/\/ticaret.edu.tr\/cdbuam\/?page_id=10"},"modified":"2026-01-02T15:13:52","modified_gmt":"2026-01-02T12:13:52","slug":"raporlar","status":"publish","type":"page","link":"http:\/\/ticaret.edu.tr\/cevre-ve-doga-bilimleri-uygulama-ve-arastirma-merkezi\/raporlar\/","title":{"rendered":"Raporlar ve Yay\u0131nlar"},"content":{"rendered":"<p><a href=\"http:\/\/ticaret.edu.tr\/cevre-ve-doga-bilimleri-uygulama-ve-arastirma-merkezi\/wp-content\/uploads\/sites\/46\/2021\/11\/ekolojik-mimarlik-idr.pdf\" target=\"_blank\" rel=\"noopener\">&#8220;Ekolojik Mimarl\u0131k&#8221; sunumu i\u00e7in <strong>t\u0131klay\u0131n\u0131z!<\/strong><\/a><\/p>\n<p><a href=\"http:\/\/ticaret.edu.tr\/cevre-ve-doga-bilimleri-uygulama-ve-arastirma-merkezi\/wp-content\/uploads\/sites\/46\/2021\/11\/Istanbulun-Kentci-Faunasini-Nasil-Koruyabiliriz-2.pdf\" target=\"_blank\" rel=\"noopener\">&#8220;\u0130stanbul&#8217;un Kent i\u00e7i Faunas\u0131n\u0131 Nas\u0131l Koruyabiliriz?&#8221; sunumu i\u00e7in <strong>t\u0131klay\u0131n\u0131z!<\/strong><\/a><\/p>\n<p><a href=\"http:\/\/ticaret.edu.tr\/cevre-ve-doga-bilimleri-uygulama-ve-arastirma-merkezi\/wp-content\/uploads\/sites\/46\/2025\/02\/Kent-Peyzajinda-Ekolojik-Donati-Elemani-Olarak-Ahsap.pdf\" target=\"_blank\" rel=\"noopener\">&#8220;Kent Peyzaj\u0131nda Ekolojik Donat\u0131 Eleman\u0131 Olarak Ah\u015fap&#8221; sunumu i\u00e7in <strong>t\u0131klay\u0131n\u0131z!<\/strong><\/a><\/p>\n<p><a href=\"http:\/\/ticaret.edu.tr\/cevre-ve-doga-bilimleri-uygulama-ve-arastirma-merkezi\/wp-content\/uploads\/sites\/46\/2021\/11\/Yaban_Hayati_Envanteri-6-1.pdf\" target=\"_blank\" rel=\"noopener\">&#8220;Yaban Hayat\u0131 Envanteri&#8221; sunumu i\u00e7in <strong>t\u0131klay\u0131n\u0131z!<\/strong><\/a><\/p>\n<p><a href=\"http:\/\/ticaret.edu.tr\/cevre-ve-doga-bilimleri-uygulama-ve-arastirma-merkezi\/wp-content\/uploads\/sites\/46\/2021\/11\/faunistanbul.pdf\" target=\"_blank\" rel=\"noopener\">&#8220;\u0130stanbul&#8217;un Kent \u0130\u00e7i Faunas\u0131&#8221; sunumu i\u00e7in <strong>t\u0131klay\u0131n\u0131z!<\/strong><\/a><\/p>\n<p><a href=\"http:\/\/ticaret.edu.tr\/cevre-ve-doga-bilimleri-uygulama-ve-arastirma-merkezi\/wp-content\/uploads\/sites\/46\/2021\/11\/sehrim-kulturum-gelecegim.pdf\" target=\"_blank\" rel=\"noopener\">&#8220;\u015eehirlerimiz K\u00fclt\u00fcr\u00fcm\u00fcz Gelece\u011fimiz&#8221; sunumu i\u00e7in <strong>t\u0131klay\u0131n\u0131z!<\/strong><\/a><\/p>\n<p><a href=\"http:\/\/ticaret.edu.tr\/cevre-ve-doga-bilimleri-uygulama-ve-arastirma-merkezi\/wp-content\/uploads\/sites\/46\/2025\/02\/su-ve-insan.pdf\" target=\"_blank\" rel=\"noopener\">&#8220;Su ve \u0130nsan&#8221; sunumu i\u00e7in <strong>t\u0131klay\u0131n\u0131z!<\/strong><\/a><\/p>\n<p><a href=\"http:\/\/ticaret.edu.tr\/cevre-ve-doga-bilimleri-uygulama-ve-arastirma-merkezi\/wp-content\/uploads\/sites\/46\/2021\/11\/MilliPark-Planlama.pdf\" target=\"_blank\" rel=\"noopener\">&#8220;Milli Parklar\u0131n Geli\u015ftirme Esaslar\u0131&#8221; sunumu i\u00e7in <strong>t\u0131klay\u0131n\u0131z!<\/strong><\/a><\/p>\n<p><a href=\"http:\/\/ticaret.edu.tr\/cevre-ve-doga-bilimleri-uygulama-ve-arastirma-merkezi\/wp-content\/uploads\/sites\/46\/2021\/11\/Milli-Parklar-2.pdf\" target=\"_blank\" rel=\"noopener\">&#8220;Milli Parklar&#8221; sunumu i\u00e7in <strong>t\u0131klay\u0131n\u0131z!<\/strong><\/a><\/p>\n<p><a href=\"http:\/\/ticaret.edu.tr\/cevre-ve-doga-bilimleri-uygulama-ve-arastirma-merkezi\/wp-content\/uploads\/sites\/46\/2021\/11\/AVCILIK.pdf\" target=\"_blank\" rel=\"noopener\">&#8220;Avc\u0131l\u0131k ve Planlanmas\u0131&#8221; sunumu i\u00e7in <strong>t\u0131klay\u0131n\u0131z!<\/strong><\/a><\/p>\n<p><a href=\"http:\/\/ticaret.edu.tr\/cevre-ve-doga-bilimleri-uygulama-ve-arastirma-merkezi\/wp-content\/uploads\/sites\/46\/2025\/02\/kent-_icre_-kus-_agirlamak.pdf\" target=\"_blank\" rel=\"noopener\">&#8220;Kent \u0130\u00e7inde Ku\u015f A\u011f\u0131rlamak&#8221; sunumu i\u00e7in <strong>t\u0131klay\u0131n\u0131z!<\/strong><\/a><\/p>\n<p>&nbsp;<\/p>\n<h2><strong>Yay\u0131nlar\u0131m\u0131z<\/strong><\/h2>\n<p>&nbsp;<\/p>\n<ol>\n<li><a href=\"http:\/\/ormanweb.sdu.edu.tr\/mermerteknik\/belgeler\/BildirilerKitabi_v2.pdf\">O\u011furlu, \u0130., Aksu, G.A., S\u00f6zgen, \u00d6. T., \u0130\u015fleyen ve \u0130\u015fi Bitmi\u015f Ta\u015f ve Mermer Ocaklar\u0131n\u0131n Peyzaj Rekreasyon ve Biyotop Tasar\u0131m Potansiyeli, Ulusal Mermer ve Ta\u015f Ocaklar\u0131 Onar\u0131m Sempozyumu, 18-20 Eyl\u00fcl 2014-Isparta, Bildiriler Kitab\u0131 s. 227-241.<\/a><\/li>\n<li><a href=\"http:\/\/www.biodicon.com\/YayinlananMakaleler\/20.%20341-0713.pdf\">Aksan, \u015e.,\u00a0<strong>O\u011furlu, I.,<\/strong>\u00a0Ozdemir I., 2013, Using of track and sign in wildlife inventory: a case study from G\u00f6lc\u00fck-Isparta National Park, Biological Diversity and Conservation, 6\/2(2013) 188-206, ISSN 1308-8084 Online; ISSN 1308-5301<\/a>,<\/li>\n<li><a href=\"http:\/\/www.biodicon.com\/YayinlananMakaleler\/1.%20370-0114,%20%C5%9Eeng%C3%BCl.pdf\">Aksan, \u015e., Ozdemir, I.,<strong>\u00a0O\u011furlu, I.,\u00a0<\/strong>Modeling the distributions of some wild mammalian species in G\u00f6lc\u00fck Natural Park\/Turkey, Biological Diversity and Conservation, 7\/1 (2014) 1-15, 188-206, ISSN 1308-8084 Online; ISSN 1308-5301<\/a>,<\/li>\n<li><a href=\"http:\/\/web.deu.edu.tr\/geomed\/proceedings\/download\/053_GeoMed_2013_Proceedings_553-565.pdf\">Suel, H., Ertu\u011frul, E. T.,\u00a0 Aksan, \u015e., Unal, Y., Akdemir, D., Cengiz, G.,\u00a0 Bayrak, H.,\u00a0 Ersin, M.O.,\u00a0<strong>O\u011furlu, I<\/strong>.,\u00a0 Ozkan, K. and \u00d6zdemir. \u0130.,\u00a0 Indicator Species of Habitat Preferences to Wildlife Animals in Koprucay District \/ Koprucay Yoresinde Yaban Hayvanlarin Habitat Tercihlerine Yonelik Gosterge Turler. The 3rd International Geography Symposium-GEOMED 2013, Kemer-Antalya-Turkey, 2013 Symposium Proceedings, ISBN:978-605-62253-8-3, Pages 553-565.<\/a><\/li>\n<li><a href=\"http:\/\/web.deu.edu.tr\/geomed\/proceedings\/download\/048_GeoMed_2013_Proceedings_498-508.pdf\"><strong>O\u011furlu, I<\/strong>., Alkan, H., Unal, Y., Ersin, M.O. and\u00a0 Bayrak\u00a0 H. Contributions of Environment and Nature Training to Geography Education: Ide Projects Case Study \/ Cevre ve Do\u011fa E\u011fitimlerinin Co\u011frafya E\u011fitimine Katkilari: Ide Projeleri Orne\u011fi,\u00a0\u00a0 The 3rd Internatinal Geography Semposium-GEOMED 2013, Kemer-Antalya-Turkey, 2013, Symposium Proceedings, ISBN:978-605-62253-8-3 Pages 498-508<\/a><\/li>\n<li><a href=\"http:\/\/www.academicjournals.org\/article\/article1380538683_Ogurlu%20et%20al.pdf\"><strong>Ogurlu, I.,<\/strong>\u00a0Ertugrul, E. T. &amp;\u00a0 Unal, Y., Research On Efficiency And Performance of Camera Traps and Dome System for Wild Goat Inventory, Afr.\u00a0 J. Environ. Sci. Technol, Vol. 7 (5) 229-235, May 2013, DOI: 10.5897\/AJEST 12.111, ISSN 1996-0786\u00a92013 Academic Journals<\/a><\/li>\n<li><a href=\"http:\/\/ww4.ticaret.edu.tr\/cdb\/yayinlarimiz\/%20\/\/omicron.ch.tuiasi.ro\/EEMJ\/%20WOS:000340482300026\">ALKAN&amp;OGURLU-2014\u00a0 Alkan, H.,\u00a0<strong>O\u011furlu, I.,\u00a0<\/strong>2014. Changes In The Environmental Perception, Attitude and Behaviour Of Participants At The End Of Nature Training Projects, Environmental Engineering and Management Journal, Vol.13, No. 2, 419-428, ISSN: 1582-9596,<\/a><\/li>\n<li><a href=\"http:\/\/socialsciences.eurasianacademy.org\/\">O\u011eURLU, \u0130., 2016, A Review On Akhism With Its Aspects Of Environmental Ethics And Education, Eurasian Academy of Sciences Social Sciences Journal,\u00a0 2016, Volume: 8\u00a0, S: 169\u00a0\u2010\u00a0187.<\/a><\/li>\n<li><a href=\"http:\/\/eurasscience.com\/ejatd\/article\/view\/5000202885\">O\u011furlu, \u0130. ve \u00dcnal, Y. ,\u00a0 Ba\u011f\u0131rtlakl\u0131 Ku\u015f, Avrasya Terim Dergisi, 2016, 4 (2): 54 \u2013 66.<\/a><\/li>\n<li><a href=\"http:\/\/dx.doi.org\/10.18182\/tjf.12345\">Cengiz, G., \u00dcnal, Y., O\u011furlu, \u0130., 2016. Ecological observation on Wild boar (Sus scrofa L.) and determination of species habitat relationships: Isparta-G\u00f6lc\u00fck Natural Park sample,. Turkish Journal of Forest ry, 17(2): 158-165. DOI: 10.18182\/t jf.12345<\/a><\/li>\n<li><a href=\"http:\/\/webb.deu.edu.tr\/baed\/giris\/baed\/14_5.pdf\">O\u011furlu, I., 2016 Bir Do\u011fa E\u011fitim Projesinin Kat\u0131l\u0131mc\u0131 \u00dczerindeki Etkilerinin De\u011ferlendirilmesi, Bat\u0131 Anadolu E\u011fitim Bilimleri Dergisi (BAED),Cilt: 07, Say\u0131: 14, 2016, 59 \u2013 101. ISSN 1308 \u2013 8971 59<\/a><\/li>\n<li><a href=\"http:\/\/fefbim.erciyes.edu.tr\/ecology2017\/abstractbook.pdf\">Halil S\u00dcEL,\u00a0<strong>\u0130dris O\u011eURLU<\/strong>\u00a0and Emrah Tagi ERTU\u011eRUL, Bird Fauna of Karaca\u00f6ren I Dam Lake, ECOLOGY 2017, 11-13 May 2017, Kayseri TURKEY Abstract Book Oral Presentations,\u00a0<\/a><\/li>\n<li><a href=\"http:\/\/fefbim.erciyes.edu.tr\/ecology2017\/abstractbook.pdf\"><strong>\u0130dris O\u011eURLU<\/strong>\u00a0and Ebubekir G\u00dcNDO\u011eDU, Effects of Nature Education on Ecology Culture and Wildlife Awareness of Participants: Sample of IDE\u00a0<\/a>Projects ,<a href=\"http:\/\/fefbim.erciyes.edu.tr\/ecology2017\/abstractbook.pdf\">\u00a0ECOLOGY 2017, 11-13 May 2017, Kayseri TURKEY Abstract Book Oral Presentations,<\/a><\/li>\n<li><a href=\"http:\/\/fefbim.erciyes.edu.tr\/ecology2017\/abstractbook.pdf\">\u00d6mer Taha S\u00d6ZGEN and\u00a0<strong>\u0130dris O\u011eURLU<\/strong>, Hunting Culture and Wildlife Awareness Relationship: Sample of Bilecik Osmaneli-Turkey\u00a0<\/a>,ECOLOGY<a href=\"http:\/\/fefbim.erciyes.edu.tr\/ecology2017\/abstractbook.pdf\">\u00a02017 11-13\u00a0<\/a>May,<a href=\"http:\/\/fefbim.erciyes.edu.tr\/ecology2017\/abstractbook.pdf\">\u00a02017, Kayseri TURKEY Abstract Book Oral Presentations,<\/a><\/li>\n<li><a href=\"http:\/\/dergipark.gov.tr\/buefad\/issue\/28302\/292778\">\u0130., O\u011furlu,&amp; S., Turkoguz, \u00dc\u00e7 Do\u011fa E\u011fitim Projesinin Kat\u0131l\u0131mc\u0131 \u00dczerindeki Etkilerinin Nicel ve Nitel Yoldan De\u011ferlendirilmesi Bartin University, Journal of Faculty of Education , Volume 6, Issue 2, p. 529-555, June 2017 Doi: 10.14686\/buefad.292778\u00a0<\/a><\/li>\n<li><a href=\"http:\/\/dergipark.ulakbim.gov.tr\/sduofd\/article\/view\/5000187142\">Cengiz, G., \u00dcnal, Y.,\u00a0<strong>O\u011furlu, \u0130.,<\/strong>\u00a0Ecological observation on Wild boar (Sus scrofa L.) and determination of species habitat relationships: Isparta-G\u00f6lc\u00fck Natural Park\u00a0<\/a>sample,.<a href=\"http:\/\/dergipark.ulakbim.gov.tr\/sduofd\/article\/view\/5000187142\">\u00a0Turkish Journal of Forestry, 17(2): 158-165. DOI: 10.18182\/t jf.12345<\/a><\/li>\n<li><a href=\"http:\/\/dergipark.gov.tr\/download\/article-file\/331076\">Ertu\u011frul, E.T., Mert, A.,\u00a0<strong>O\u011furlu, \u0130.,<\/strong>\u00a0Mapping habitat suitabilities of some wildlife species in Burdur Lake District. Turkish Journal of Forestry, 18(2): 149-154. DOI: 10.18182\/tjf.330950\u00a0<\/a><\/li>\n<li><strong>O\u011furlu<\/strong>,\u00a0<strong>\u0130.,<\/strong>\u00a0Osmaneli\u2019nin Biyolojik \u00c7e\u015fitlili\u011fi, Geli\u015fim S\u00fcrecinde Osmaneli Kitab\u0131 179-196, Osmaneli Belediyesi Yay\u0131nlar\u0131, Yay\u0131n No:1, Edit\u00f6rler Ay\u015fen Akp\u0131nar, G\u00fcl Asl\u0131 Aksu, Karak\u0131\u015f Bas\u0131m Matbaa..Ltd. \u015eti. \u0130stanbul. 2017, ISBN 978-605-83045-0-5<\/li>\n<li><strong>O\u011furlu<\/strong>,\u00a0<strong>\u0130.,<\/strong>\u00a0Topay, M., Bilecik-Osmaneli\u2019ne Ait Do\u011fal Kaynak De\u011ferler ve Potansiyel Kullan\u0131mlar\u0131n De\u011ferlendirilmesi,\u00a0 Geli\u015fim S\u00fcrecinde Osmaneli Kitab\u0131 279-315, Osmaneli Belediyesi Yay\u0131nlar\u0131, Yay\u0131n No:1, Edit\u00f6rler Ay\u015fen Akp\u0131nar, G\u00fcl Asl\u0131 Aksu, Karak\u0131\u015f Bas\u0131m Matbaa..Ltd. \u015eti. \u0130stanbul. 2017, ISBN 978-605-83045-0-5<\/li>\n<li><strong>O\u011furlu,<\/strong>\u00a0<strong>\u0130.,<\/strong>\u00a0S\u00f6zgen, \u00d6., T., Payda\u015f G\u00f6z\u00fcyle Osmaneli: Do\u011fal Potansiyelimizi Nas\u0131l De\u011ferlendirebiliriz (\u00c7al\u0131\u015ftay Tutanak ve Raporlar\u0131) Geli\u015fim S\u00fcrecinde Osmaneli Kitab\u0131 367-387, Osmaneli Belediyesi Yay\u0131nlar\u0131, Yay\u0131n No:1, Edit\u00f6rler Ay\u015fen Akp\u0131nar, G\u00fcl Asl\u0131 Aksu, Karak\u0131\u015f Bas\u0131m Matbaa..Ltd. \u015eti. \u0130stanbul. 2017, ISBN 978-605-83045-0-5<\/li>\n<li><a href=\"http:\/\/dergipark.gov.tr\/download\/article-file\/402169\">S\u00fcel H.,\u00a0<strong>O\u011furlu, \u0130.,<\/strong>\u00a0Ertu\u011frul, E., T.,\u00a0 Karaca\u00f6ren I Baraj G\u00f6l\u00fcn\u00fcn Ku\u015f Faunas\u0131,Mehmet Akif Ersoy \u00dcniversitesi Fen Bilimleri Enstit\u00fcs\u00fc Dergisi 9(1): 22-28 (2018) ISSN Online: 1309-2243 \u00a0DOI: 10.29048\/makufebed.<\/a>\u00a0http:\/\/dergipark.gov.tr\/makufebed<\/li>\n<li><a href=\"https:\/\/dergipark.org.tr\/en\/download\/article-file\/1195887\">O\u011furlu, \u0130., (2018) Tabiatta Biyotik Zararl\u0131ya Ekolojik M\u00fcdahale Sorumlulu\u011fu, \u0130stanbul Ticaret \u00dcniversitesi Fen Bilimleri Dergisi, 17(34), 31-45<\/a><\/li>\n<li>\n<div><a href=\"https:\/\/grdspublishing.org\/index.php\/life\/article\/view\/2257\/3706\">S\u00f6zgen, O. T., Aksu, G. A.,\u00a0<strong>O\u011furlu, \u0130.<\/strong>\u00a0&amp; Aya\u015fl\u0131gil, T. E., (2019). Using Indicator Fauna Elements in Biotope Maps for Urban Landscape Planning. LIFE: International Journal of Health and Life \u2013 Sciences, 5 ( 3 ), 78 \u2013 94. https:\/\/grdspublishing.org\/index.php\/life\/article\/view\/2257\/3706<\/a><\/div>\n<\/li>\n<li>\u00a0<a href=\"http:\/\/ticaret.edu.tr\/cevre-ve-doga-bilimleri-uygulama-ve-arastirma-merkezi\/wp-content\/uploads\/sites\/46\/2026\/01\/Calistay-Ekotekstil-Sonuc-Bildirgesi.pdf\">Ekolojik Tekstil ve Yava\u015f Moda \u00c7al\u0131\u015ftay\u0131 (17-18-19 Aral\u0131k 2025)<\/a><\/li>\n<\/ol>\n","protected":false},"excerpt":{"rendered":"<p>&#8220;Ekolojik Mimarl\u0131k&#8221; sunumu i\u00e7in t\u0131klay\u0131n\u0131z! &#8220;\u0130stanbul&#8217;un Kent i\u00e7i Faunas\u0131n\u0131 Nas\u0131l Koruyabiliriz?&#8221; sunumu i\u00e7in t\u0131klay\u0131n\u0131z! &#8220;Kent Peyzaj\u0131nda Ekolojik Donat\u0131 Eleman\u0131 Olarak Ah\u015fap&#8221; sunumu i\u00e7in t\u0131klay\u0131n\u0131z! &#8220;Yaban Hayat\u0131 Envanteri&#8221; sunumu i\u00e7in t\u0131klay\u0131n\u0131z! &#8220;\u0130stanbul&#8217;un Kent \u0130\u00e7i Faunas\u0131&#8221; sunumu i\u00e7in t\u0131klay\u0131n\u0131z! &#8220;\u015eehirlerimiz K\u00fclt\u00fcr\u00fcm\u00fcz Gelece\u011fimiz&#8221; sunumu i\u00e7in t\u0131klay\u0131n\u0131z! &#8220;Su ve \u0130nsan&#8221; sunumu i\u00e7in t\u0131klay\u0131n\u0131z! &#8220;Milli Parklar\u0131n Geli\u015ftirme Esaslar\u0131&#8221; sunumu i\u00e7in [&hellip;]<\/p>\n","protected":false},"author":142,"featured_media":0,"parent":0,"menu_order":0,"comment_status":"closed","ping_status":"closed","template":"genel_sayfa.php","meta":{"footnotes":""},"yoast_head":"<!-- This site is optimized with the Yoast SEO Premium plugin v22.1 (Yoast SEO v22.1) - https:\/\/yoast.com\/wordpress\/plugins\/seo\/ -->\n<title>Raporlar ve Yay\u0131nlar - \u00c7evre ve Do\u011fa Bilimleri Uygulama ve Ara\u015ft\u0131rma Merkezi<\/title>\n<meta name=\"robots\" content=\"index, follow, max-snippet:-1, max-image-preview:large, max-video-preview:-1\" \/>\n<link rel=\"canonical\" href=\"https:\/\/ticaret.edu.tr\/cevre-ve-doga-bilimleri-uygulama-ve-arastirma-merkezi\/raporlar\/\" \/>\n<meta property=\"og:locale\" content=\"tr_TR\" \/>\n<meta property=\"og:type\" content=\"article\" \/>\n<meta property=\"og:title\" content=\"Raporlar ve Yay\u0131nlar\" \/>\n<meta property=\"og:description\" content=\"&#8220;Ekolojik Mimarl\u0131k&#8221; sunumu i\u00e7in t\u0131klay\u0131n\u0131z! &#8220;\u0130stanbul&#8217;un Kent i\u00e7i Faunas\u0131n\u0131 Nas\u0131l Koruyabiliriz?&#8221; sunumu i\u00e7in t\u0131klay\u0131n\u0131z! &#8220;Kent Peyzaj\u0131nda Ekolojik Donat\u0131 Eleman\u0131 Olarak Ah\u015fap&#8221; sunumu i\u00e7in t\u0131klay\u0131n\u0131z! &#8220;Yaban Hayat\u0131 Envanteri&#8221; sunumu i\u00e7in t\u0131klay\u0131n\u0131z! &#8220;\u0130stanbul&#8217;un Kent \u0130\u00e7i Faunas\u0131&#8221; sunumu i\u00e7in t\u0131klay\u0131n\u0131z! &#8220;\u015eehirlerimiz K\u00fclt\u00fcr\u00fcm\u00fcz Gelece\u011fimiz&#8221; sunumu i\u00e7in t\u0131klay\u0131n\u0131z! &#8220;Su ve \u0130nsan&#8221; sunumu i\u00e7in t\u0131klay\u0131n\u0131z! &#8220;Milli Parklar\u0131n Geli\u015ftirme Esaslar\u0131&#8221; sunumu i\u00e7in [&hellip;]\" \/>\n<meta property=\"og:url\" content=\"https:\/\/ticaret.edu.tr\/cevre-ve-doga-bilimleri-uygulama-ve-arastirma-merkezi\/raporlar\/\" \/>\n<meta property=\"og:site_name\" content=\"\u00c7evre ve Do\u011fa Bilimleri Uygulama ve Ara\u015ft\u0131rma Merkezi\" \/>\n<meta property=\"article:publisher\" content=\"https:\/\/www.facebook.com\/ticaretedutr\" \/>\n<meta property=\"article:modified_time\" content=\"2026-01-02T12:13:52+00:00\" \/>\n<meta property=\"og:image\" content=\"http:\/\/ticaret.edu.tr\/cevre-ve-doga-bilimleri-uygulama-ve-arastirma-merkezi\/wp-content\/uploads\/sites\/46\/2021\/11\/web_logo-01.jpg\" \/>\n\t<meta property=\"og:image:width\" content=\"1250\" \/>\n\t<meta property=\"og:image:height\" content=\"833\" \/>\n\t<meta property=\"og:image:type\" content=\"image\/jpeg\" \/>\n<meta name=\"twitter:card\" content=\"summary_large_image\" \/>\n<meta name=\"twitter:site\" content=\"@ticaretedutr\" \/>\n<meta name=\"twitter:label1\" content=\"Tahmini okuma s\u00fcresi\" \/>\n\t<meta name=\"twitter:data1\" content=\"6 dakika\" \/>\n<script type=\"application\/ld+json\" class=\"yoast-schema-graph\">{\"@context\":\"https:\/\/schema.org\",\"@graph\":[{\"@type\":\"WebPage\",\"@id\":\"https:\/\/ticaret.edu.tr\/cevre-ve-doga-bilimleri-uygulama-ve-arastirma-merkezi\/raporlar\/\",\"url\":\"https:\/\/ticaret.edu.tr\/cevre-ve-doga-bilimleri-uygulama-ve-arastirma-merkezi\/raporlar\/\",\"name\":\"Raporlar ve Yay\u0131nlar - \u00c7evre ve Do\u011fa Bilimleri Uygulama ve Ara\u015ft\u0131rma Merkezi\",\"isPartOf\":{\"@id\":\"https:\/\/ticaret.edu.tr\/cevre-ve-doga-bilimleri-uygulama-ve-arastirma-merkezi\/#website\"},\"datePublished\":\"2020-07-19T02:54:23+00:00\",\"dateModified\":\"2026-01-02T12:13:52+00:00\",\"breadcrumb\":{\"@id\":\"https:\/\/ticaret.edu.tr\/cevre-ve-doga-bilimleri-uygulama-ve-arastirma-merkezi\/raporlar\/#breadcrumb\"},\"inLanguage\":\"tr\",\"potentialAction\":[{\"@type\":\"ReadAction\",\"target\":[\"https:\/\/ticaret.edu.tr\/cevre-ve-doga-bilimleri-uygulama-ve-arastirma-merkezi\/raporlar\/\"]}]},{\"@type\":\"BreadcrumbList\",\"@id\":\"https:\/\/ticaret.edu.tr\/cevre-ve-doga-bilimleri-uygulama-ve-arastirma-merkezi\/raporlar\/#breadcrumb\",\"itemListElement\":[{\"@type\":\"ListItem\",\"position\":1,\"name\":\"Ana sayfa\",\"item\":\"https:\/\/ticaret.edu.tr\/cevre-ve-doga-bilimleri-uygulama-ve-arastirma-merkezi\/\"},{\"@type\":\"ListItem\",\"position\":2,\"name\":\"Raporlar ve Yay\u0131nlar\"}]},{\"@type\":\"WebSite\",\"@id\":\"https:\/\/ticaret.edu.tr\/cevre-ve-doga-bilimleri-uygulama-ve-arastirma-merkezi\/#website\",\"url\":\"https:\/\/ticaret.edu.tr\/cevre-ve-doga-bilimleri-uygulama-ve-arastirma-merkezi\/\",\"name\":\"\u00c7evre ve Do\u011fa Bilimleri Uygulama ve Ara\u015ft\u0131rma Merkezi\",\"description\":\"Bir ba\u015fka \u0130stanbul Ticaret \u00dcniversitesi site sitesi\",\"potentialAction\":[{\"@type\":\"SearchAction\",\"target\":{\"@type\":\"EntryPoint\",\"urlTemplate\":\"https:\/\/ticaret.edu.tr\/cevre-ve-doga-bilimleri-uygulama-ve-arastirma-merkezi\/?s={search_term_string}\"},\"query-input\":\"required name=search_term_string\"}],\"inLanguage\":\"tr\"}]}<\/script>\n<!-- \/ Yoast SEO Premium plugin. -->","yoast_head_json":{"title":"Raporlar ve Yay\u0131nlar - \u00c7evre ve Do\u011fa Bilimleri Uygulama ve Ara\u015ft\u0131rma Merkezi","robots":{"index":"index","follow":"follow","max-snippet":"max-snippet:-1","max-image-preview":"max-image-preview:large","max-video-preview":"max-video-preview:-1"},"canonical":"https:\/\/ticaret.edu.tr\/cevre-ve-doga-bilimleri-uygulama-ve-arastirma-merkezi\/raporlar\/","og_locale":"tr_TR","og_type":"article","og_title":"Raporlar ve Yay\u0131nlar","og_description":"&#8220;Ekolojik Mimarl\u0131k&#8221; sunumu i\u00e7in t\u0131klay\u0131n\u0131z! &#8220;\u0130stanbul&#8217;un Kent i\u00e7i Faunas\u0131n\u0131 Nas\u0131l Koruyabiliriz?&#8221; sunumu i\u00e7in t\u0131klay\u0131n\u0131z! &#8220;Kent Peyzaj\u0131nda Ekolojik Donat\u0131 Eleman\u0131 Olarak Ah\u015fap&#8221; sunumu i\u00e7in t\u0131klay\u0131n\u0131z! &#8220;Yaban Hayat\u0131 Envanteri&#8221; sunumu i\u00e7in t\u0131klay\u0131n\u0131z! &#8220;\u0130stanbul&#8217;un Kent \u0130\u00e7i Faunas\u0131&#8221; sunumu i\u00e7in t\u0131klay\u0131n\u0131z! &#8220;\u015eehirlerimiz K\u00fclt\u00fcr\u00fcm\u00fcz Gelece\u011fimiz&#8221; sunumu i\u00e7in t\u0131klay\u0131n\u0131z! &#8220;Su ve \u0130nsan&#8221; sunumu i\u00e7in t\u0131klay\u0131n\u0131z! &#8220;Milli Parklar\u0131n Geli\u015ftirme Esaslar\u0131&#8221; sunumu i\u00e7in [&hellip;]","og_url":"https:\/\/ticaret.edu.tr\/cevre-ve-doga-bilimleri-uygulama-ve-arastirma-merkezi\/raporlar\/","og_site_name":"\u00c7evre ve Do\u011fa Bilimleri Uygulama ve Ara\u015ft\u0131rma Merkezi","article_publisher":"https:\/\/www.facebook.com\/ticaretedutr","article_modified_time":"2026-01-02T12:13:52+00:00","og_image":[{"width":1250,"height":833,"url":"http:\/\/ticaret.edu.tr\/cevre-ve-doga-bilimleri-uygulama-ve-arastirma-merkezi\/wp-content\/uploads\/sites\/46\/2021\/11\/web_logo-01.jpg","type":"image\/jpeg"}],"twitter_card":"summary_large_image","twitter_site":"@ticaretedutr","twitter_misc":{"Tahmini okuma s\u00fcresi":"6 dakika"},"schema":{"@context":"https:\/\/schema.org","@graph":[{"@type":"WebPage","@id":"https:\/\/ticaret.edu.tr\/cevre-ve-doga-bilimleri-uygulama-ve-arastirma-merkezi\/raporlar\/","url":"https:\/\/ticaret.edu.tr\/cevre-ve-doga-bilimleri-uygulama-ve-arastirma-merkezi\/raporlar\/","name":"Raporlar ve Yay\u0131nlar - \u00c7evre ve Do\u011fa Bilimleri Uygulama ve Ara\u015ft\u0131rma Merkezi","isPartOf":{"@id":"https:\/\/ticaret.edu.tr\/cevre-ve-doga-bilimleri-uygulama-ve-arastirma-merkezi\/#website"},"datePublished":"2020-07-19T02:54:23+00:00","dateModified":"2026-01-02T12:13:52+00:00","breadcrumb":{"@id":"https:\/\/ticaret.edu.tr\/cevre-ve-doga-bilimleri-uygulama-ve-arastirma-merkezi\/raporlar\/#breadcrumb"},"inLanguage":"tr","potentialAction":[{"@type":"ReadAction","target":["https:\/\/ticaret.edu.tr\/cevre-ve-doga-bilimleri-uygulama-ve-arastirma-merkezi\/raporlar\/"]}]},{"@type":"BreadcrumbList","@id":"https:\/\/ticaret.edu.tr\/cevre-ve-doga-bilimleri-uygulama-ve-arastirma-merkezi\/raporlar\/#breadcrumb","itemListElement":[{"@type":"ListItem","position":1,"name":"Ana sayfa","item":"https:\/\/ticaret.edu.tr\/cevre-ve-doga-bilimleri-uygulama-ve-arastirma-merkezi\/"},{"@type":"ListItem","position":2,"name":"Raporlar ve Yay\u0131nlar"}]},{"@type":"WebSite","@id":"https:\/\/ticaret.edu.tr\/cevre-ve-doga-bilimleri-uygulama-ve-arastirma-merkezi\/#website","url":"https:\/\/ticaret.edu.tr\/cevre-ve-doga-bilimleri-uygulama-ve-arastirma-merkezi\/","name":"\u00c7evre ve Do\u011fa Bilimleri Uygulama ve Ara\u015ft\u0131rma Merkezi","description":"Bir ba\u015fka \u0130stanbul Ticaret \u00dcniversitesi site sitesi","potentialAction":[{"@type":"SearchAction","target":{"@type":"EntryPoint","urlTemplate":"https:\/\/ticaret.edu.tr\/cevre-ve-doga-bilimleri-uygulama-ve-arastirma-merkezi\/?s={search_term_string}"},"query-input":"required name=search_term_string"}],"inLanguage":"tr"}]}},"lang":"tr","translations":{"tr":10},"pll_sync_post":[],"_links":{"self":[{"href":"http:\/\/ticaret.edu.tr\/cevre-ve-doga-bilimleri-uygulama-ve-arastirma-merkezi\/wp-json\/wp\/v2\/pages\/10"}],"collection":[{"href":"http:\/\/ticaret.edu.tr\/cevre-ve-doga-bilimleri-uygulama-ve-arastirma-merkezi\/wp-json\/wp\/v2\/pages"}],"about":[{"href":"http:\/\/ticaret.edu.tr\/cevre-ve-doga-bilimleri-uygulama-ve-arastirma-merkezi\/wp-json\/wp\/v2\/types\/page"}],"author":[{"embeddable":true,"href":"http:\/\/ticaret.edu.tr\/cevre-ve-doga-bilimleri-uygulama-ve-arastirma-merkezi\/wp-json\/wp\/v2\/users\/142"}],"replies":[{"embeddable":true,"href":"http:\/\/ticaret.edu.tr\/cevre-ve-doga-bilimleri-uygulama-ve-arastirma-merkezi\/wp-json\/wp\/v2\/comments?post=10"}],"version-history":[{"count":15,"href":"http:\/\/ticaret.edu.tr\/cevre-ve-doga-bilimleri-uygulama-ve-arastirma-merkezi\/wp-json\/wp\/v2\/pages\/10\/revisions"}],"predecessor-version":[{"id":400,"href":"http:\/\/ticaret.edu.tr\/cevre-ve-doga-bilimleri-uygulama-ve-arastirma-merkezi\/wp-json\/wp\/v2\/pages\/10\/revisions\/400"}],"wp:attachment":[{"href":"http:\/\/ticaret.edu.tr\/cevre-ve-doga-bilimleri-uygulama-ve-arastirma-merkezi\/wp-json\/wp\/v2\/media?parent=10"}],"curies":[{"name":"wp","href":"https:\/\/api.w.org\/{rel}","templated":true}]}}