{"id":123,"date":"2021-11-18T15:14:36","date_gmt":"2021-11-18T12:14:36","guid":{"rendered":"https:\/\/ticaret.edu.tr\/cevre-ve-doga-bilimleri-uygulama-ve-arastirma-merkezi\/?page_id=123"},"modified":"2026-01-05T12:02:15","modified_gmt":"2026-01-05T09:02:15","slug":"guncel-yayin","status":"publish","type":"page","link":"http:\/\/ticaret.edu.tr\/cevre-ve-doga-bilimleri-uygulama-ve-arastirma-merkezi\/raporlar\/guncel-yayin\/","title":{"rendered":"G\u00fcncel Yay\u0131n"},"content":{"rendered":"<h3>\u00c7al\u0131\u015ftay ve Paneller<\/h3>\n<p>Panel: Ekoloji, Tekstil ve Yava\u015f Moda, \u00a0K\u00fc\u00e7\u00fckyal\u0131 Yerle\u015fkesi, Konferans Salonu, 28 May\u0131s 2025<\/p>\n<p>\u00c7al\u0131\u015ftay: Ekolojik Tekstil ve Yava\u015f Moda, 17-18-19 Aral\u0131k 2025, Hezarfen Kamp\u00fcs\u00fc K\u00fc\u00e7\u00fckyal\u0131.<\/p>\n<h3><\/h3>\n<h3>Konferanslar<\/h3>\n<p>08 Ocak 2014, Prof. Dr. Nusret AS \u201cAh\u015fap Malzemenin S\u00fcrd\u00fcr\u00fclebilir Mimarideki Yeri\u201d Konferans\u0131, K\u00fc\u00e7\u00fckyal\u0131 Kamp\u00fcs\u00fc Konferans Salonu<\/p>\n<p>15 May\u0131s 2014; Prof. Dr. Ya\u015far Nuho\u011flu \u201cK\u00fcresel \u0130klim De\u011fi\u015fikli\u011fi\u201d Konferans\u0131 , Emin\u00f6n\u00fc Kamp\u00fcs\u00fc Konferans Salonu<\/p>\n<p>30 Eyl\u00fcl 2014; Do\u00e7. Dr. Mehmet TOPAY \u201c\u0130\u00e7imizdeki Do\u011fadan Do\u011fadaki Peyzaja S\u00fcrd\u00fcr\u00fclebilirlik\u201d Konferans\u0131, K\u00fc\u00e7\u00fckyal\u0131 Kamp\u00fcs\u00fc Konferans Salonu<\/p>\n<p>26 Mart 2015: Yrd. Do\u00e7. Dr. Ahmet Ertek \u201cD\u00fcnya\u2019da ve T\u00fcrkiye\u2019de Do\u011fal Afetler ve Depremler\u201d Konferans\u0131, K\u00fc\u00e7\u00fckyal\u0131 Kamp\u00fcs\u00fc Konferans Salonu<\/p>\n<p>16 Nisan 2015: Prof. Dr. \u0130smail Tor\u00f6z \u201cGenel \u00c7evre Problemleri\u201d Konferans\u0131, K\u00fc\u00e7\u00fckyal\u0131 Kamp\u00fcs\u00fc Konferans Salonu<\/p>\n<p>21-23 Kas\u0131m 2015 tarihleri aras\u0131nda: \u201cOsmaneli Do\u011fal Kaynak ve De\u011ferlerinden Nas\u0131l Yararlanmal\u0131\u201d \u00c7al\u0131\u015ftay\u0131, Bilecik-Osmaneli MYO ve Necla Han\u0131m Kona\u011f\u0131.<\/p>\n<p>17 Aral\u0131k 2015: Prof. Dr. Adnan UZUN (I\u015f\u0131k \u00dcniversitesi \u00f6\u011fretim \u00fcyesi) \u201cMekan Alg\u0131s\u0131 ve \u00c7evresel Sanat Yakla\u015f\u0131mlar\u0131\u201d Konferans\u0131, K\u00fc\u00e7\u00fckyal\u0131 kamp\u00fcs\u00fc Konferans Salonu.<\/p>\n<p>29 Mart 2016: Do\u00e7. Dr. Ahmet DO\u011eAN (Y\u0131ld\u0131z Teknik \u00dcniversitesi \u00d6\u011fretim \u00dcyesi) \u201cSuyun Getirdi\u011fi Medeniyet\u201d konferans\u0131, K\u00fc\u00e7\u00fckyal\u0131 Kamp\u00fcs\u00fc Konferans Salonu.<\/p>\n<p>&nbsp;<\/p>\n","protected":false},"excerpt":{"rendered":"<p>\u00c7al\u0131\u015ftay ve Paneller Panel: Ekoloji, Tekstil ve Yava\u015f Moda, \u00a0K\u00fc\u00e7\u00fckyal\u0131 Yerle\u015fkesi, Konferans Salonu, 28 May\u0131s 2025 \u00c7al\u0131\u015ftay: Ekolojik Tekstil ve Yava\u015f Moda, 17-18-19 Aral\u0131k 2025, Hezarfen Kamp\u00fcs\u00fc K\u00fc\u00e7\u00fckyal\u0131. Konferanslar 08 Ocak 2014, Prof. Dr. Nusret AS \u201cAh\u015fap Malzemenin S\u00fcrd\u00fcr\u00fclebilir Mimarideki Yeri\u201d Konferans\u0131, K\u00fc\u00e7\u00fckyal\u0131 Kamp\u00fcs\u00fc Konferans Salonu 15 May\u0131s 2014; Prof. Dr. Ya\u015far Nuho\u011flu \u201cK\u00fcresel \u0130klim [&hellip;]<\/p>\n","protected":false},"author":149,"featured_media":0,"parent":10,"menu_order":0,"comment_status":"closed","ping_status":"closed","template":"genel_sayfa.php","meta":{"footnotes":""},"yoast_head":"<!-- This site is optimized with the Yoast SEO Premium plugin v22.1 (Yoast SEO v22.1) - https:\/\/yoast.com\/wordpress\/plugins\/seo\/ -->\n<title>G\u00fcncel Yay\u0131n - \u00c7evre ve Do\u011fa Bilimleri Uygulama ve Ara\u015ft\u0131rma Merkezi<\/title>\n<meta name=\"robots\" content=\"index, follow, max-snippet:-1, max-image-preview:large, max-video-preview:-1\" \/>\n<link rel=\"canonical\" href=\"https:\/\/ticaret.edu.tr\/cevre-ve-doga-bilimleri-uygulama-ve-arastirma-merkezi\/raporlar\/guncel-yayin\/\" \/>\n<meta property=\"og:locale\" content=\"tr_TR\" \/>\n<meta property=\"og:type\" content=\"article\" \/>\n<meta property=\"og:title\" content=\"G\u00fcncel Yay\u0131n\" \/>\n<meta property=\"og:description\" content=\"\u00c7al\u0131\u015ftay ve Paneller Panel: Ekoloji, Tekstil ve Yava\u015f Moda, \u00a0K\u00fc\u00e7\u00fckyal\u0131 Yerle\u015fkesi, Konferans Salonu, 28 May\u0131s 2025 \u00c7al\u0131\u015ftay: Ekolojik Tekstil ve Yava\u015f Moda, 17-18-19 Aral\u0131k 2025, Hezarfen Kamp\u00fcs\u00fc K\u00fc\u00e7\u00fckyal\u0131. Konferanslar 08 Ocak 2014, Prof. Dr. Nusret AS \u201cAh\u015fap Malzemenin S\u00fcrd\u00fcr\u00fclebilir Mimarideki Yeri\u201d Konferans\u0131, K\u00fc\u00e7\u00fckyal\u0131 Kamp\u00fcs\u00fc Konferans Salonu 15 May\u0131s 2014; Prof. Dr. Ya\u015far Nuho\u011flu \u201cK\u00fcresel \u0130klim [&hellip;]\" \/>\n<meta property=\"og:url\" content=\"https:\/\/ticaret.edu.tr\/cevre-ve-doga-bilimleri-uygulama-ve-arastirma-merkezi\/raporlar\/guncel-yayin\/\" \/>\n<meta property=\"og:site_name\" content=\"\u00c7evre ve Do\u011fa Bilimleri Uygulama ve Ara\u015ft\u0131rma Merkezi\" \/>\n<meta property=\"article:publisher\" content=\"https:\/\/www.facebook.com\/ticaretedutr\" \/>\n<meta property=\"article:modified_time\" content=\"2026-01-05T09:02:15+00:00\" \/>\n<meta property=\"og:image\" content=\"http:\/\/ticaret.edu.tr\/cevre-ve-doga-bilimleri-uygulama-ve-arastirma-merkezi\/wp-content\/uploads\/sites\/46\/2021\/11\/web_logo-01.jpg\" \/>\n\t<meta property=\"og:image:width\" content=\"1250\" \/>\n\t<meta property=\"og:image:height\" content=\"833\" \/>\n\t<meta property=\"og:image:type\" content=\"image\/jpeg\" \/>\n<meta name=\"twitter:card\" content=\"summary_large_image\" \/>\n<meta name=\"twitter:site\" content=\"@ticaretedutr\" \/>\n<meta name=\"twitter:label1\" content=\"Tahmini okuma s\u00fcresi\" \/>\n\t<meta name=\"twitter:data1\" content=\"2 dakika\" \/>\n<script type=\"application\/ld+json\" class=\"yoast-schema-graph\">{\"@context\":\"https:\/\/schema.org\",\"@graph\":[{\"@type\":\"WebPage\",\"@id\":\"https:\/\/ticaret.edu.tr\/cevre-ve-doga-bilimleri-uygulama-ve-arastirma-merkezi\/raporlar\/guncel-yayin\/\",\"url\":\"https:\/\/ticaret.edu.tr\/cevre-ve-doga-bilimleri-uygulama-ve-arastirma-merkezi\/raporlar\/guncel-yayin\/\",\"name\":\"G\u00fcncel Yay\u0131n - \u00c7evre ve Do\u011fa Bilimleri Uygulama ve Ara\u015ft\u0131rma Merkezi\",\"isPartOf\":{\"@id\":\"https:\/\/ticaret.edu.tr\/cevre-ve-doga-bilimleri-uygulama-ve-arastirma-merkezi\/en\/#website\"},\"datePublished\":\"2021-11-18T12:14:36+00:00\",\"dateModified\":\"2026-01-05T09:02:15+00:00\",\"breadcrumb\":{\"@id\":\"https:\/\/ticaret.edu.tr\/cevre-ve-doga-bilimleri-uygulama-ve-arastirma-merkezi\/raporlar\/guncel-yayin\/#breadcrumb\"},\"inLanguage\":\"tr\",\"potentialAction\":[{\"@type\":\"ReadAction\",\"target\":[\"https:\/\/ticaret.edu.tr\/cevre-ve-doga-bilimleri-uygulama-ve-arastirma-merkezi\/raporlar\/guncel-yayin\/\"]}]},{\"@type\":\"BreadcrumbList\",\"@id\":\"https:\/\/ticaret.edu.tr\/cevre-ve-doga-bilimleri-uygulama-ve-arastirma-merkezi\/raporlar\/guncel-yayin\/#breadcrumb\",\"itemListElement\":[{\"@type\":\"ListItem\",\"position\":1,\"name\":\"Ana sayfa\",\"item\":\"https:\/\/ticaret.edu.tr\/cevre-ve-doga-bilimleri-uygulama-ve-arastirma-merkezi\/\"},{\"@type\":\"ListItem\",\"position\":2,\"name\":\"Raporlar ve Yay\u0131nlar\",\"item\":\"https:\/\/ticaret.edu.tr\/cevre-ve-doga-bilimleri-uygulama-ve-arastirma-merkezi\/raporlar\/\"},{\"@type\":\"ListItem\",\"position\":3,\"name\":\"G\u00fcncel Yay\u0131n\"}]},{\"@type\":\"WebSite\",\"@id\":\"https:\/\/ticaret.edu.tr\/cevre-ve-doga-bilimleri-uygulama-ve-arastirma-merkezi\/en\/#website\",\"url\":\"https:\/\/ticaret.edu.tr\/cevre-ve-doga-bilimleri-uygulama-ve-arastirma-merkezi\/en\/\",\"name\":\"\u00c7evre ve Do\u011fa Bilimleri Uygulama ve Ara\u015ft\u0131rma Merkezi\",\"description\":\"Bir ba\u015fka \u0130stanbul Ticaret \u00dcniversitesi site sitesi\",\"potentialAction\":[{\"@type\":\"SearchAction\",\"target\":{\"@type\":\"EntryPoint\",\"urlTemplate\":\"https:\/\/ticaret.edu.tr\/cevre-ve-doga-bilimleri-uygulama-ve-arastirma-merkezi\/en\/?s={search_term_string}\"},\"query-input\":\"required name=search_term_string\"}],\"inLanguage\":\"tr\"}]}<\/script>\n<!-- \/ Yoast SEO Premium plugin. -->","yoast_head_json":{"title":"G\u00fcncel Yay\u0131n - \u00c7evre ve Do\u011fa Bilimleri Uygulama ve Ara\u015ft\u0131rma Merkezi","robots":{"index":"index","follow":"follow","max-snippet":"max-snippet:-1","max-image-preview":"max-image-preview:large","max-video-preview":"max-video-preview:-1"},"canonical":"https:\/\/ticaret.edu.tr\/cevre-ve-doga-bilimleri-uygulama-ve-arastirma-merkezi\/raporlar\/guncel-yayin\/","og_locale":"tr_TR","og_type":"article","og_title":"G\u00fcncel Yay\u0131n","og_description":"\u00c7al\u0131\u015ftay ve Paneller Panel: Ekoloji, Tekstil ve Yava\u015f Moda, \u00a0K\u00fc\u00e7\u00fckyal\u0131 Yerle\u015fkesi, Konferans Salonu, 28 May\u0131s 2025 \u00c7al\u0131\u015ftay: Ekolojik Tekstil ve Yava\u015f Moda, 17-18-19 Aral\u0131k 2025, Hezarfen Kamp\u00fcs\u00fc K\u00fc\u00e7\u00fckyal\u0131. Konferanslar 08 Ocak 2014, Prof. Dr. Nusret AS \u201cAh\u015fap Malzemenin S\u00fcrd\u00fcr\u00fclebilir Mimarideki Yeri\u201d Konferans\u0131, K\u00fc\u00e7\u00fckyal\u0131 Kamp\u00fcs\u00fc Konferans Salonu 15 May\u0131s 2014; Prof. Dr. Ya\u015far Nuho\u011flu \u201cK\u00fcresel \u0130klim [&hellip;]","og_url":"https:\/\/ticaret.edu.tr\/cevre-ve-doga-bilimleri-uygulama-ve-arastirma-merkezi\/raporlar\/guncel-yayin\/","og_site_name":"\u00c7evre ve Do\u011fa Bilimleri Uygulama ve Ara\u015ft\u0131rma Merkezi","article_publisher":"https:\/\/www.facebook.com\/ticaretedutr","article_modified_time":"2026-01-05T09:02:15+00:00","og_image":[{"width":1250,"height":833,"url":"http:\/\/ticaret.edu.tr\/cevre-ve-doga-bilimleri-uygulama-ve-arastirma-merkezi\/wp-content\/uploads\/sites\/46\/2021\/11\/web_logo-01.jpg","type":"image\/jpeg"}],"twitter_card":"summary_large_image","twitter_site":"@ticaretedutr","twitter_misc":{"Tahmini okuma s\u00fcresi":"2 dakika"},"schema":{"@context":"https:\/\/schema.org","@graph":[{"@type":"WebPage","@id":"https:\/\/ticaret.edu.tr\/cevre-ve-doga-bilimleri-uygulama-ve-arastirma-merkezi\/raporlar\/guncel-yayin\/","url":"https:\/\/ticaret.edu.tr\/cevre-ve-doga-bilimleri-uygulama-ve-arastirma-merkezi\/raporlar\/guncel-yayin\/","name":"G\u00fcncel Yay\u0131n - \u00c7evre ve Do\u011fa Bilimleri Uygulama ve Ara\u015ft\u0131rma Merkezi","isPartOf":{"@id":"https:\/\/ticaret.edu.tr\/cevre-ve-doga-bilimleri-uygulama-ve-arastirma-merkezi\/en\/#website"},"datePublished":"2021-11-18T12:14:36+00:00","dateModified":"2026-01-05T09:02:15+00:00","breadcrumb":{"@id":"https:\/\/ticaret.edu.tr\/cevre-ve-doga-bilimleri-uygulama-ve-arastirma-merkezi\/raporlar\/guncel-yayin\/#breadcrumb"},"inLanguage":"tr","potentialAction":[{"@type":"ReadAction","target":["https:\/\/ticaret.edu.tr\/cevre-ve-doga-bilimleri-uygulama-ve-arastirma-merkezi\/raporlar\/guncel-yayin\/"]}]},{"@type":"BreadcrumbList","@id":"https:\/\/ticaret.edu.tr\/cevre-ve-doga-bilimleri-uygulama-ve-arastirma-merkezi\/raporlar\/guncel-yayin\/#breadcrumb","itemListElement":[{"@type":"ListItem","position":1,"name":"Ana sayfa","item":"https:\/\/ticaret.edu.tr\/cevre-ve-doga-bilimleri-uygulama-ve-arastirma-merkezi\/"},{"@type":"ListItem","position":2,"name":"Raporlar ve Yay\u0131nlar","item":"https:\/\/ticaret.edu.tr\/cevre-ve-doga-bilimleri-uygulama-ve-arastirma-merkezi\/raporlar\/"},{"@type":"ListItem","position":3,"name":"G\u00fcncel Yay\u0131n"}]},{"@type":"WebSite","@id":"https:\/\/ticaret.edu.tr\/cevre-ve-doga-bilimleri-uygulama-ve-arastirma-merkezi\/en\/#website","url":"https:\/\/ticaret.edu.tr\/cevre-ve-doga-bilimleri-uygulama-ve-arastirma-merkezi\/en\/","name":"\u00c7evre ve Do\u011fa Bilimleri Uygulama ve Ara\u015ft\u0131rma Merkezi","description":"Bir ba\u015fka \u0130stanbul Ticaret \u00dcniversitesi site sitesi","potentialAction":[{"@type":"SearchAction","target":{"@type":"EntryPoint","urlTemplate":"https:\/\/ticaret.edu.tr\/cevre-ve-doga-bilimleri-uygulama-ve-arastirma-merkezi\/en\/?s={search_term_string}"},"query-input":"required name=search_term_string"}],"inLanguage":"tr"}]}},"lang":"tr","translations":{"tr":123},"pll_sync_post":[],"_links":{"self":[{"href":"http:\/\/ticaret.edu.tr\/cevre-ve-doga-bilimleri-uygulama-ve-arastirma-merkezi\/wp-json\/wp\/v2\/pages\/123"}],"collection":[{"href":"http:\/\/ticaret.edu.tr\/cevre-ve-doga-bilimleri-uygulama-ve-arastirma-merkezi\/wp-json\/wp\/v2\/pages"}],"about":[{"href":"http:\/\/ticaret.edu.tr\/cevre-ve-doga-bilimleri-uygulama-ve-arastirma-merkezi\/wp-json\/wp\/v2\/types\/page"}],"author":[{"embeddable":true,"href":"http:\/\/ticaret.edu.tr\/cevre-ve-doga-bilimleri-uygulama-ve-arastirma-merkezi\/wp-json\/wp\/v2\/users\/149"}],"replies":[{"embeddable":true,"href":"http:\/\/ticaret.edu.tr\/cevre-ve-doga-bilimleri-uygulama-ve-arastirma-merkezi\/wp-json\/wp\/v2\/comments?post=123"}],"version-history":[{"count":4,"href":"http:\/\/ticaret.edu.tr\/cevre-ve-doga-bilimleri-uygulama-ve-arastirma-merkezi\/wp-json\/wp\/v2\/pages\/123\/revisions"}],"predecessor-version":[{"id":408,"href":"http:\/\/ticaret.edu.tr\/cevre-ve-doga-bilimleri-uygulama-ve-arastirma-merkezi\/wp-json\/wp\/v2\/pages\/123\/revisions\/408"}],"up":[{"embeddable":true,"href":"http:\/\/ticaret.edu.tr\/cevre-ve-doga-bilimleri-uygulama-ve-arastirma-merkezi\/wp-json\/wp\/v2\/pages\/10"}],"wp:attachment":[{"href":"http:\/\/ticaret.edu.tr\/cevre-ve-doga-bilimleri-uygulama-ve-arastirma-merkezi\/wp-json\/wp\/v2\/media?parent=123"}],"curies":[{"name":"wp","href":"https:\/\/api.w.org\/{rel}","templated":true}]}}