{"id":125,"date":"2021-11-18T15:15:26","date_gmt":"2021-11-18T12:15:26","guid":{"rendered":"https:\/\/ticaret.edu.tr\/cevre-ve-doga-bilimleri-uygulama-ve-arastirma-merkezi\/?page_id=125"},"modified":"2025-02-26T09:39:53","modified_gmt":"2025-02-26T06:39:53","slug":"yayin-arsivi","status":"publish","type":"page","link":"http:\/\/ticaret.edu.tr\/cevre-ve-doga-bilimleri-uygulama-ve-arastirma-merkezi\/raporlar\/yayin-arsivi\/","title":{"rendered":"Yay\u0131n Ar\u015fivi"},"content":{"rendered":"<p><a href=\"http:\/\/ticaret.edu.tr\/cevre-ve-doga-bilimleri-uygulama-ve-arastirma-merkezi\/wp-content\/uploads\/sites\/46\/2021\/11\/artvin-kongre-onsayfa-icindekiler.pdf\">III. Ulusal Karadeniz Ormanc\u0131l\u0131k Kongresi<\/a><\/p>\n<p><a href=\"http:\/\/ticaret.edu.tr\/cevre-ve-doga-bilimleri-uygulama-ve-arastirma-merkezi\/wp-content\/uploads\/sites\/46\/2021\/11\/Agac-Sansari-Martes-martes-L.nin-Habitat-Secimi-ve-Beslenme-Rejimi.pdf\">A\u011fa\u00e7 Sansar\u0131 (Martes-martes-L.&#8217;nin) Habitat Se\u00e7imi ve Beslenme Rejimi<\/a><\/p>\n<p><a href=\"http:\/\/ticaret.edu.tr\/cevre-ve-doga-bilimleri-uygulama-ve-arastirma-merkezi\/wp-content\/uploads\/sites\/46\/2021\/11\/av-kaynaklarimizin-azalma-sebepleri-ve-gelistirilme-imkanlari.pdf\">Av Kaynaklar\u0131m\u0131z\u0131n Azalma Sebepleri ve Geli\u015ftirilme \u0130mkanlar\u0131<\/a><\/p>\n<p><a href=\"http:\/\/ticaret.edu.tr\/cevre-ve-doga-bilimleri-uygulama-ve-arastirma-merkezi\/wp-content\/uploads\/sites\/46\/2021\/11\/Bazi-Memeli-Herbivorlarda-Diski-Sayim-Yontemiyle.pdf\">Baz\u0131 Memeli Herbivorlarda D\u0131\u015fk\u0131 Say\u0131m Y\u00f6ntemiyle Habitat Tercihinin Belirlenmesi<\/a><\/p>\n<p><a href=\"http:\/\/ticaret.edu.tr\/cevre-ve-doga-bilimleri-uygulama-ve-arastirma-merkezi\/wp-content\/uploads\/sites\/46\/2021\/11\/Bir-Don-Cukuru-Uzerine-Arastirmalar.pdf\">Bir Don \u00c7ukuru \u00dczerine Ara\u015ft\u0131rmalar<\/a><\/p>\n<p><a href=\"http:\/\/ticaret.edu.tr\/cevre-ve-doga-bilimleri-uygulama-ve-arastirma-merkezi\/wp-content\/uploads\/sites\/46\/2021\/11\/Bir-Geyik-Populasyonunda-Diski-Sayim-Metodu-ile-Yogunluk-Tespiti.pdf\">Bir Geyik Populasyonunda D\u0131\u015fk\u0131 Say\u0131m Metodu ile Yo\u011funluk Tespiti<\/a><\/p>\n<p><a href=\"http:\/\/ticaret.edu.tr\/cevre-ve-doga-bilimleri-uygulama-ve-arastirma-merkezi\/wp-content\/uploads\/sites\/46\/2021\/11\/BiYOLOJiK-CEsitliligiN-ULKEMiZ-ACISINDAN-ONEMi-VE-KORUNAN-DOGAL-ALAN-PLANLARINA-YANSITILMASI.pdf\">Biyolojik \u00c7e\u015fitlili\u011fin \u00dclkemiz A\u00e7\u0131s\u0131ndan \u00d6nemi ve Korunan Do\u011fal Alan Planlar\u0131na Yans\u0131t\u0131lmas\u0131<\/a><\/p>\n<p><a href=\"http:\/\/ticaret.edu.tr\/cevre-ve-doga-bilimleri-uygulama-ve-arastirma-merkezi\/wp-content\/uploads\/sites\/46\/2021\/11\/camkese-boceginin-mucadelesinde-dogal-dusmanlarinin-yeri.pdf\">\u00c7amkese B\u00f6ce\u011finin M\u00fccadelesinde Do\u011fal D\u00fc\u015fmanlar\u0131n\u0131n Yeri<\/a><\/p>\n<p><a href=\"http:\/\/ticaret.edu.tr\/cevre-ve-doga-bilimleri-uygulama-ve-arastirma-merkezi\/wp-content\/uploads\/sites\/46\/2021\/11\/Dag-Horozu-Lyrurus-mlokosiewiczi-Tackanowskinun-Turkiyedeki-Yayilisi.pdf\">Da\u011f Horozu Lyrurus Mlokosiewiczi Tackanowski&#8217;nun T\u00fcrkiye&#8217;deki Yay\u0131l\u0131\u015f\u0131<\/a><\/p>\n<p><a href=\"http:\/\/ticaret.edu.tr\/cevre-ve-doga-bilimleri-uygulama-ve-arastirma-merkezi\/wp-content\/uploads\/sites\/46\/2021\/11\/distribution-of-Black-Grouse.pdf\">Distribution of Black Grouse<\/a><\/p>\n<p><a href=\"http:\/\/ticaret.edu.tr\/cevre-ve-doga-bilimleri-uygulama-ve-arastirma-merkezi\/wp-content\/uploads\/sites\/46\/2021\/11\/DURSUNBEY-ORMAN-ISLETME-MUDURLUGU-ORMANLARINDA.pdf\">DURSUNBEY-ORMAN-\u0130\u015eLETME-M\u00dcD\u00dcRL\u00dc\u011e\u00dc-ORMANLARINDA<\/a><\/p>\n<p><a href=\"http:\/\/ticaret.edu.tr\/cevre-ve-doga-bilimleri-uygulama-ve-arastirma-merkezi\/wp-content\/uploads\/sites\/46\/2021\/11\/felis-chaus.pdf\">felis-chaus<\/a><\/p>\n<p><a href=\"http:\/\/ticaret.edu.tr\/cevre-ve-doga-bilimleri-uygulama-ve-arastirma-merkezi\/wp-content\/uploads\/sites\/46\/2021\/11\/Geyigin-Cervus-elaphus-L.-Soyma-Zarari-Uzerine-bir-Arastirma.pdf\">Geyi\u011fin-Cervus-elaphus-L.-Soyma-Zarar\u0131-\u00dczerine-bir-Ara\u015ft\u0131rma<\/a><\/p>\n<p><a href=\"http:\/\/ticaret.edu.tr\/cevre-ve-doga-bilimleri-uygulama-ve-arastirma-merkezi\/wp-content\/uploads\/sites\/46\/2021\/11\/geyik-pop-diski-bilgisayar-prog.pdf\">Geyik-pop-d\u0131\u015fk\u0131-bilgisayar-pro\u011f<\/a><\/p>\n<p><a href=\"http:\/\/ticaret.edu.tr\/cevre-ve-doga-bilimleri-uygulama-ve-arastirma-merkezi\/wp-content\/uploads\/sites\/46\/2021\/11\/Geyiklerde-pop.tahmin-metodlari...-1.pdf\">Geyiklerde-pop.tahmin-metodlar\u0131&#8230;<\/a><\/p>\n<p><a href=\"http:\/\/ticaret.edu.tr\/cevre-ve-doga-bilimleri-uygulama-ve-arastirma-merkezi\/wp-content\/uploads\/sites\/46\/2021\/11\/goller-bolgesi-cam-ormanlarinda-cem-kese-bocegi.pdf\">G\u00f6ller-b\u00f6lgesi-\u00e7am-ormanlar\u0131nda-\u00e7em-kese-b\u00f6ce\u011fi<\/a><\/p>\n<p><a href=\"http:\/\/ticaret.edu.tr\/cevre-ve-doga-bilimleri-uygulama-ve-arastirma-merkezi\/wp-content\/uploads\/sites\/46\/2021\/11\/Goller-yoresinde-av-ve-yaban-hayati.pdf\">G\u00f6ller-y\u00f6resinde-av-ve-yaban-hayat\u0131<\/a><\/p>\n<p><a href=\"http:\/\/ticaret.edu.tr\/cevre-ve-doga-bilimleri-uygulama-ve-arastirma-merkezi\/wp-content\/uploads\/sites\/46\/2021\/11\/Habitat-Use-of-Red-Deer-Cervus-elaphus-L.-in-Catacik-Forest.pdf\">Habitat-Use-of-Red-Deer-Cervus-elaphus-L.-in-\u00c7atac\u0131k-Forest<\/a><\/p>\n<p><a href=\"http:\/\/ticaret.edu.tr\/cevre-ve-doga-bilimleri-uygulama-ve-arastirma-merkezi\/wp-content\/uploads\/sites\/46\/2021\/11\/hava-kirliligi-asit-yagisi-ve-toprak.pdf\">Hava-kirlili\u011fi-asit-ya\u011f\u0131\u015f\u0131-ve-toprak<\/a><\/p>\n<p><a href=\"http:\/\/ticaret.edu.tr\/cevre-ve-doga-bilimleri-uygulama-ve-arastirma-merkezi\/wp-content\/uploads\/sites\/46\/2021\/11\/Importance-of-Herbal-Non-Wood-Forest-Products-on-the-Diet-of-wild-animals.pdf\">Importance-of-Herbal-Non-Wood-Forest-Products-on-the-Diet-of-wild-animals<\/a><\/p>\n<p><a href=\"http:\/\/ticaret.edu.tr\/cevre-ve-doga-bilimleri-uygulama-ve-arastirma-merkezi\/wp-content\/uploads\/sites\/46\/2021\/11\/ISPARTA-KORUNAN-DOGAL-ALANLARINDA-DOGA-EGITIMI-PROJESI-I.pdf\">ISPARTA-KORUNAN-DO\u011eAL-ALANLARINDA-DO\u011eA-E\u011e\u0130T\u0130M\u0130-PROJES\u0130-I<\/a><\/p>\n<p><a href=\"http:\/\/ticaret.edu.tr\/cevre-ve-doga-bilimleri-uygulama-ve-arastirma-merkezi\/wp-content\/uploads\/sites\/46\/2021\/11\/isparta-ormanlarinda-zararli-bocekler.pdf\">Isparta-ormanlar\u0131nda-zararl\u0131-b\u00f6cekler<\/a><\/p>\n<p><a href=\"http:\/\/ticaret.edu.tr\/cevre-ve-doga-bilimleri-uygulama-ve-arastirma-merkezi\/wp-content\/uploads\/sites\/46\/2021\/11\/Isletme-ormanlarinda-yaban-hayati-pop.duzenlenmesi.pdf\">\u0130\u015fletme-ormanlar\u0131nda-yaban-hayat\u0131-pop.d\u00fczenlenmesi<\/a><\/p>\n<p><a href=\"http:\/\/ticaret.edu.tr\/cevre-ve-doga-bilimleri-uygulama-ve-arastirma-merkezi\/wp-content\/uploads\/sites\/46\/2021\/11\/kasnak-mesesi-tabiati-koruma-alani-ve-golcuk-tabiat-parki-faunasi-1.pdf\">Kasnak-me\u015fesi-tabiat\u0131-koruma-alan\u0131-ve-g\u00f6lc\u00fck-tabiat-park\u0131-faunas\u0131 (1)<\/a><\/p>\n<p><a href=\"http:\/\/ticaret.edu.tr\/cevre-ve-doga-bilimleri-uygulama-ve-arastirma-merkezi\/wp-content\/uploads\/sites\/46\/2021\/11\/Kasnak-mesesine-zarar-yapan-bocekler.pdf\">Kasnak-me\u015fesine-zarar-yapan-b\u00f6cekler<\/a><\/p>\n<p><a href=\"http:\/\/ticaret.edu.tr\/cevre-ve-doga-bilimleri-uygulama-ve-arastirma-merkezi\/wp-content\/uploads\/sites\/46\/2021\/11\/kitaplar-ic-sayfa.pdf\">Kitaplar-i\u00e7-sayfa<\/a><\/p>\n<p><a href=\"http:\/\/ticaret.edu.tr\/cevre-ve-doga-bilimleri-uygulama-ve-arastirma-merkezi\/wp-content\/uploads\/sites\/46\/2021\/11\/kusburnu-bitkisinde-rastlanan-zararli-bocekler-1.pdf\">Ku\u015fburnu-bitkisinde-rastlanan-zararl\u0131-b\u00f6cekler (1)<\/a><\/p>\n<p><a href=\"http:\/\/ticaret.edu.tr\/cevre-ve-doga-bilimleri-uygulama-ve-arastirma-merkezi\/wp-content\/uploads\/sites\/46\/2021\/11\/Munzur-dagi-faunasi.doc\">Munzur-da\u011f\u0131-faunas\u0131<\/a><\/p>\n<p><a href=\"http:\/\/ticaret.edu.tr\/cevre-ve-doga-bilimleri-uygulama-ve-arastirma-merkezi\/wp-content\/uploads\/sites\/46\/2021\/11\/nonwood_abstracts.pdf\">nonwood_abstracts<\/a><\/p>\n<p><a href=\"http:\/\/ticaret.edu.tr\/cevre-ve-doga-bilimleri-uygulama-ve-arastirma-merkezi\/wp-content\/uploads\/sites\/46\/2021\/11\/orman-vejetasyonunda-dolu-tahribati-ve-karacam-sedir-turleri-ile-yapilan-..-1.pdf\">Orman-vejetasyonunda-dolu-tahribat\u0131-ve-kara\u00e7am-sedir-t\u00fcrleri-ile-yap\u0131lan-<\/a><\/p>\n<p><a href=\"http:\/\/ticaret.edu.tr\/cevre-ve-doga-bilimleri-uygulama-ve-arastirma-merkezi\/wp-content\/uploads\/sites\/46\/2021\/11\/ormancilik-ve-yaban-hayati-koruma-uretme-uz.-koordinasyon-1.pdf\">Ormanc\u0131l\u0131k-ve-yaban-hayat\u0131-koruma-\u00fcretme-\u00fcz.-koordinasyon\u00a0<\/a><\/p>\n<p><a href=\"http:\/\/ticaret.edu.tr\/cevre-ve-doga-bilimleri-uygulama-ve-arastirma-merkezi\/wp-content\/uploads\/sites\/46\/2021\/11\/ORMANCILIK-VE-YABAN-HAYATI-KORUMA-URETME.pdf\">ORMANCILIK-VE-YABAN-HAYATI-KORUMA-\u00dcRETME<\/a><\/p>\n<p><a href=\"http:\/\/ticaret.edu.tr\/cevre-ve-doga-bilimleri-uygulama-ve-arastirma-merkezi\/wp-content\/uploads\/sites\/46\/2021\/11\/Ormanlik-Bir-Alanda-Yabani-Tavsan-Lepus-europaeus-Pallasin-Habitat.pdf\">Ormanl\u0131k-Bir-Alanda-Yabani-Tav\u015fan-Lepus-europaeus-Pallas\u0131n-Habitat<\/a><\/p>\n<p><a href=\"http:\/\/ticaret.edu.tr\/cevre-ve-doga-bilimleri-uygulama-ve-arastirma-merkezi\/wp-content\/uploads\/sites\/46\/2021\/11\/ORMANtCt-MERALARDA-YASAYAN-BAZI-YABAN-HAYVANLARININ-BESLENME-SEKILLERI.pdf\">ORMAN\u0130\u00c7\u0130-MERALARDA-YA\u015eAYAN-BAZI-YABAN-HAYVANLARININ-BESLENME-\u015eEK\u0130LLER\u0130<\/a><\/p>\n<p><a href=\"http:\/\/ticaret.edu.tr\/cevre-ve-doga-bilimleri-uygulama-ve-arastirma-merkezi\/wp-content\/uploads\/sites\/46\/2021\/11\/Saliverilen-bir-Geyik-Cervus-elaphus-L.-Grubunun-Sinyalle-Takibi.pdf\">Sal\u0131verilen-bir-Geyik-Cervus-elaphus-L.-Grubunun-Sinyalle-Takibi<\/a><\/p>\n<p><a href=\"http:\/\/ticaret.edu.tr\/cevre-ve-doga-bilimleri-uygulama-ve-arastirma-merkezi\/wp-content\/uploads\/sites\/46\/2021\/11\/TAB__ATTA-B__YOT__K-ZARARLIYA-EKOLOJ__K-M__DAHALE-SORUMLULU__U483871-1195887.pdf\">Tabiatta Biyotik Zararl\u0131ya Ekolojik M\u00fcdahale Sorumlulu\u011fu<\/a><\/p>\n<p><a href=\"http:\/\/ticaret.edu.tr\/cevre-ve-doga-bilimleri-uygulama-ve-arastirma-merkezi\/wp-content\/uploads\/sites\/46\/2021\/11\/The-distrubition-of-wild-goat.pdf\">The-distrubition-of-wild-goat<\/a><\/p>\n<p><a href=\"http:\/\/ticaret.edu.tr\/cevre-ve-doga-bilimleri-uygulama-ve-arastirma-merkezi\/wp-content\/uploads\/sites\/46\/2021\/11\/the-status-of-the-ring-necked.pdf\">the-status-of-the-ring-necked<\/a><\/p>\n<p><a href=\"http:\/\/ticaret.edu.tr\/cevre-ve-doga-bilimleri-uygulama-ve-arastirma-merkezi\/wp-content\/uploads\/sites\/46\/2021\/11\/turkiyede-av-ve-yaban-hayatinin-korunmasi-duzenlenmesi..-1.pdf\">T\u00fcrkiyede-av-ve-yaban-hayat\u0131n\u0131n-korunmas\u0131-d\u00fczenlenmesi<\/a><\/p>\n<p><a href=\"http:\/\/ticaret.edu.tr\/cevre-ve-doga-bilimleri-uygulama-ve-arastirma-merkezi\/wp-content\/uploads\/sites\/46\/2021\/11\/ulkemiz-av-ve-yaban-hayatina-gorus-ve-oneriler-1.pdf\">\u00dclkemiz-av-ve-yaban-hayat\u0131na-g\u00f6r\u00fc\u015f-ve-\u00f6neriler\u00a0<\/a><\/p>\n<p><a href=\"http:\/\/ticaret.edu.tr\/cevre-ve-doga-bilimleri-uygulama-ve-arastirma-merkezi\/wp-content\/uploads\/sites\/46\/2021\/11\/wild-ongulates-1.pdf\">wild-ongulates<\/a><\/p>\n<p><a href=\"http:\/\/ticaret.edu.tr\/cevre-ve-doga-bilimleri-uygulama-ve-arastirma-merkezi\/wp-content\/uploads\/sites\/46\/2021\/11\/YABAN-HAYATI-KAYNAKLARIMIZIN-YONETIMI-UZERINE.pdf\">YABAN-HAYATI-KAYNAKLARIMIZIN-Y\u00d6NET\u0130M\u0130-\u00dcZER\u0130NE<\/a><\/p>\n<p><a href=\"http:\/\/ticaret.edu.tr\/cevre-ve-doga-bilimleri-uygulama-ve-arastirma-merkezi\/wp-content\/uploads\/sites\/46\/2021\/11\/YABAN-HAYATINDA-KENAR-ETKISI.pdf\">YABAN-HAYATINDA-KENAR-ETK\u0130S\u0130<\/a>\u0130<\/p>\n<p><a href=\"http:\/\/ticaret.edu.tr\/cevre-ve-doga-bilimleri-uygulama-ve-arastirma-merkezi\/wp-content\/uploads\/sites\/46\/2021\/11\/yaban-haytinda-darbogazlar-ve-cikis-yollari.pdf\">Yaban-hayat\u0131nda-darbo\u011fazlar-ve-\u00e7\u0131k\u0131\u015f-yollar\u0131<\/a><\/p>\n<p><a href=\"http:\/\/ticaret.edu.tr\/cevre-ve-doga-bilimleri-uygulama-ve-arastirma-merkezi\/wp-content\/uploads\/sites\/46\/2021\/11\/yangin-yerinin-saptanmasinda-basarili-gozetim-1.pdf\">Yang\u0131n-yerinin-saptanmas\u0131nda-ba\u015far\u0131l\u0131-g\u00f6zetim<\/a><\/p>\n","protected":false},"excerpt":{"rendered":"<p>III. Ulusal Karadeniz Ormanc\u0131l\u0131k Kongresi A\u011fa\u00e7 Sansar\u0131 (Martes-martes-L.&#8217;nin) Habitat Se\u00e7imi ve Beslenme Rejimi Av Kaynaklar\u0131m\u0131z\u0131n Azalma Sebepleri ve Geli\u015ftirilme \u0130mkanlar\u0131 Baz\u0131 Memeli Herbivorlarda D\u0131\u015fk\u0131 Say\u0131m Y\u00f6ntemiyle Habitat Tercihinin Belirlenmesi Bir Don \u00c7ukuru \u00dczerine Ara\u015ft\u0131rmalar Bir Geyik Populasyonunda D\u0131\u015fk\u0131 Say\u0131m Metodu ile Yo\u011funluk Tespiti Biyolojik \u00c7e\u015fitlili\u011fin \u00dclkemiz A\u00e7\u0131s\u0131ndan \u00d6nemi ve Korunan Do\u011fal Alan Planlar\u0131na Yans\u0131t\u0131lmas\u0131 \u00c7amkese [&hellip;]<\/p>\n","protected":false},"author":149,"featured_media":0,"parent":10,"menu_order":0,"comment_status":"closed","ping_status":"closed","template":"genel_sayfa.php","meta":{"footnotes":""},"yoast_head":"<!-- This site is optimized with the Yoast SEO Premium plugin v22.1 (Yoast SEO v22.1) - https:\/\/yoast.com\/wordpress\/plugins\/seo\/ -->\n<title>Yay\u0131n Ar\u015fivi - \u00c7evre ve Do\u011fa Bilimleri Uygulama ve Ara\u015ft\u0131rma Merkezi<\/title>\n<meta name=\"robots\" content=\"index, follow, max-snippet:-1, max-image-preview:large, max-video-preview:-1\" \/>\n<link rel=\"canonical\" href=\"https:\/\/ticaret.edu.tr\/cevre-ve-doga-bilimleri-uygulama-ve-arastirma-merkezi\/raporlar\/yayin-arsivi\/\" \/>\n<meta property=\"og:locale\" content=\"tr_TR\" \/>\n<meta property=\"og:type\" content=\"article\" \/>\n<meta property=\"og:title\" content=\"Yay\u0131n Ar\u015fivi\" \/>\n<meta property=\"og:description\" content=\"III. Ulusal Karadeniz Ormanc\u0131l\u0131k Kongresi A\u011fa\u00e7 Sansar\u0131 (Martes-martes-L.&#8217;nin) Habitat Se\u00e7imi ve Beslenme Rejimi Av Kaynaklar\u0131m\u0131z\u0131n Azalma Sebepleri ve Geli\u015ftirilme \u0130mkanlar\u0131 Baz\u0131 Memeli Herbivorlarda D\u0131\u015fk\u0131 Say\u0131m Y\u00f6ntemiyle Habitat Tercihinin Belirlenmesi Bir Don \u00c7ukuru \u00dczerine Ara\u015ft\u0131rmalar Bir Geyik Populasyonunda D\u0131\u015fk\u0131 Say\u0131m Metodu ile Yo\u011funluk Tespiti Biyolojik \u00c7e\u015fitlili\u011fin \u00dclkemiz A\u00e7\u0131s\u0131ndan \u00d6nemi ve Korunan Do\u011fal Alan Planlar\u0131na Yans\u0131t\u0131lmas\u0131 \u00c7amkese [&hellip;]\" \/>\n<meta property=\"og:url\" content=\"https:\/\/ticaret.edu.tr\/cevre-ve-doga-bilimleri-uygulama-ve-arastirma-merkezi\/raporlar\/yayin-arsivi\/\" \/>\n<meta property=\"og:site_name\" content=\"\u00c7evre ve Do\u011fa Bilimleri Uygulama ve Ara\u015ft\u0131rma Merkezi\" \/>\n<meta property=\"article:publisher\" content=\"https:\/\/www.facebook.com\/ticaretedutr\" \/>\n<meta property=\"article:modified_time\" content=\"2025-02-26T06:39:53+00:00\" \/>\n<meta property=\"og:image\" content=\"http:\/\/ticaret.edu.tr\/cevre-ve-doga-bilimleri-uygulama-ve-arastirma-merkezi\/wp-content\/uploads\/sites\/46\/2021\/11\/web_logo-01.jpg\" \/>\n\t<meta property=\"og:image:width\" content=\"1250\" \/>\n\t<meta property=\"og:image:height\" content=\"833\" \/>\n\t<meta property=\"og:image:type\" content=\"image\/jpeg\" \/>\n<meta name=\"twitter:card\" content=\"summary_large_image\" \/>\n<meta name=\"twitter:site\" content=\"@ticaretedutr\" \/>\n<meta name=\"twitter:label1\" content=\"Tahmini okuma s\u00fcresi\" \/>\n\t<meta name=\"twitter:data1\" content=\"1 dakika\" \/>\n<script type=\"application\/ld+json\" class=\"yoast-schema-graph\">{\"@context\":\"https:\/\/schema.org\",\"@graph\":[{\"@type\":\"WebPage\",\"@id\":\"https:\/\/ticaret.edu.tr\/cevre-ve-doga-bilimleri-uygulama-ve-arastirma-merkezi\/raporlar\/yayin-arsivi\/\",\"url\":\"https:\/\/ticaret.edu.tr\/cevre-ve-doga-bilimleri-uygulama-ve-arastirma-merkezi\/raporlar\/yayin-arsivi\/\",\"name\":\"Yay\u0131n Ar\u015fivi - \u00c7evre ve Do\u011fa Bilimleri Uygulama ve Ara\u015ft\u0131rma Merkezi\",\"isPartOf\":{\"@id\":\"https:\/\/ticaret.edu.tr\/cevre-ve-doga-bilimleri-uygulama-ve-arastirma-merkezi\/#website\"},\"datePublished\":\"2021-11-18T12:15:26+00:00\",\"dateModified\":\"2025-02-26T06:39:53+00:00\",\"breadcrumb\":{\"@id\":\"https:\/\/ticaret.edu.tr\/cevre-ve-doga-bilimleri-uygulama-ve-arastirma-merkezi\/raporlar\/yayin-arsivi\/#breadcrumb\"},\"inLanguage\":\"tr\",\"potentialAction\":[{\"@type\":\"ReadAction\",\"target\":[\"https:\/\/ticaret.edu.tr\/cevre-ve-doga-bilimleri-uygulama-ve-arastirma-merkezi\/raporlar\/yayin-arsivi\/\"]}]},{\"@type\":\"BreadcrumbList\",\"@id\":\"https:\/\/ticaret.edu.tr\/cevre-ve-doga-bilimleri-uygulama-ve-arastirma-merkezi\/raporlar\/yayin-arsivi\/#breadcrumb\",\"itemListElement\":[{\"@type\":\"ListItem\",\"position\":1,\"name\":\"Ana sayfa\",\"item\":\"https:\/\/ticaret.edu.tr\/cevre-ve-doga-bilimleri-uygulama-ve-arastirma-merkezi\/\"},{\"@type\":\"ListItem\",\"position\":2,\"name\":\"Raporlar ve Yay\u0131nlar\",\"item\":\"https:\/\/ticaret.edu.tr\/cevre-ve-doga-bilimleri-uygulama-ve-arastirma-merkezi\/raporlar\/\"},{\"@type\":\"ListItem\",\"position\":3,\"name\":\"Yay\u0131n Ar\u015fivi\"}]},{\"@type\":\"WebSite\",\"@id\":\"https:\/\/ticaret.edu.tr\/cevre-ve-doga-bilimleri-uygulama-ve-arastirma-merkezi\/#website\",\"url\":\"https:\/\/ticaret.edu.tr\/cevre-ve-doga-bilimleri-uygulama-ve-arastirma-merkezi\/\",\"name\":\"\u00c7evre ve Do\u011fa Bilimleri Uygulama ve Ara\u015ft\u0131rma Merkezi\",\"description\":\"Bir ba\u015fka \u0130stanbul Ticaret \u00dcniversitesi site sitesi\",\"potentialAction\":[{\"@type\":\"SearchAction\",\"target\":{\"@type\":\"EntryPoint\",\"urlTemplate\":\"https:\/\/ticaret.edu.tr\/cevre-ve-doga-bilimleri-uygulama-ve-arastirma-merkezi\/?s={search_term_string}\"},\"query-input\":\"required name=search_term_string\"}],\"inLanguage\":\"tr\"}]}<\/script>\n<!-- \/ Yoast SEO Premium plugin. -->","yoast_head_json":{"title":"Yay\u0131n Ar\u015fivi - \u00c7evre ve Do\u011fa Bilimleri Uygulama ve Ara\u015ft\u0131rma Merkezi","robots":{"index":"index","follow":"follow","max-snippet":"max-snippet:-1","max-image-preview":"max-image-preview:large","max-video-preview":"max-video-preview:-1"},"canonical":"https:\/\/ticaret.edu.tr\/cevre-ve-doga-bilimleri-uygulama-ve-arastirma-merkezi\/raporlar\/yayin-arsivi\/","og_locale":"tr_TR","og_type":"article","og_title":"Yay\u0131n Ar\u015fivi","og_description":"III. Ulusal Karadeniz Ormanc\u0131l\u0131k Kongresi A\u011fa\u00e7 Sansar\u0131 (Martes-martes-L.&#8217;nin) Habitat Se\u00e7imi ve Beslenme Rejimi Av Kaynaklar\u0131m\u0131z\u0131n Azalma Sebepleri ve Geli\u015ftirilme \u0130mkanlar\u0131 Baz\u0131 Memeli Herbivorlarda D\u0131\u015fk\u0131 Say\u0131m Y\u00f6ntemiyle Habitat Tercihinin Belirlenmesi Bir Don \u00c7ukuru \u00dczerine Ara\u015ft\u0131rmalar Bir Geyik Populasyonunda D\u0131\u015fk\u0131 Say\u0131m Metodu ile Yo\u011funluk Tespiti Biyolojik \u00c7e\u015fitlili\u011fin \u00dclkemiz A\u00e7\u0131s\u0131ndan \u00d6nemi ve Korunan Do\u011fal Alan Planlar\u0131na Yans\u0131t\u0131lmas\u0131 \u00c7amkese [&hellip;]","og_url":"https:\/\/ticaret.edu.tr\/cevre-ve-doga-bilimleri-uygulama-ve-arastirma-merkezi\/raporlar\/yayin-arsivi\/","og_site_name":"\u00c7evre ve Do\u011fa Bilimleri Uygulama ve Ara\u015ft\u0131rma Merkezi","article_publisher":"https:\/\/www.facebook.com\/ticaretedutr","article_modified_time":"2025-02-26T06:39:53+00:00","og_image":[{"width":1250,"height":833,"url":"http:\/\/ticaret.edu.tr\/cevre-ve-doga-bilimleri-uygulama-ve-arastirma-merkezi\/wp-content\/uploads\/sites\/46\/2021\/11\/web_logo-01.jpg","type":"image\/jpeg"}],"twitter_card":"summary_large_image","twitter_site":"@ticaretedutr","twitter_misc":{"Tahmini okuma s\u00fcresi":"1 dakika"},"schema":{"@context":"https:\/\/schema.org","@graph":[{"@type":"WebPage","@id":"https:\/\/ticaret.edu.tr\/cevre-ve-doga-bilimleri-uygulama-ve-arastirma-merkezi\/raporlar\/yayin-arsivi\/","url":"https:\/\/ticaret.edu.tr\/cevre-ve-doga-bilimleri-uygulama-ve-arastirma-merkezi\/raporlar\/yayin-arsivi\/","name":"Yay\u0131n Ar\u015fivi - \u00c7evre ve Do\u011fa Bilimleri Uygulama ve Ara\u015ft\u0131rma Merkezi","isPartOf":{"@id":"https:\/\/ticaret.edu.tr\/cevre-ve-doga-bilimleri-uygulama-ve-arastirma-merkezi\/#website"},"datePublished":"2021-11-18T12:15:26+00:00","dateModified":"2025-02-26T06:39:53+00:00","breadcrumb":{"@id":"https:\/\/ticaret.edu.tr\/cevre-ve-doga-bilimleri-uygulama-ve-arastirma-merkezi\/raporlar\/yayin-arsivi\/#breadcrumb"},"inLanguage":"tr","potentialAction":[{"@type":"ReadAction","target":["https:\/\/ticaret.edu.tr\/cevre-ve-doga-bilimleri-uygulama-ve-arastirma-merkezi\/raporlar\/yayin-arsivi\/"]}]},{"@type":"BreadcrumbList","@id":"https:\/\/ticaret.edu.tr\/cevre-ve-doga-bilimleri-uygulama-ve-arastirma-merkezi\/raporlar\/yayin-arsivi\/#breadcrumb","itemListElement":[{"@type":"ListItem","position":1,"name":"Ana sayfa","item":"https:\/\/ticaret.edu.tr\/cevre-ve-doga-bilimleri-uygulama-ve-arastirma-merkezi\/"},{"@type":"ListItem","position":2,"name":"Raporlar ve Yay\u0131nlar","item":"https:\/\/ticaret.edu.tr\/cevre-ve-doga-bilimleri-uygulama-ve-arastirma-merkezi\/raporlar\/"},{"@type":"ListItem","position":3,"name":"Yay\u0131n Ar\u015fivi"}]},{"@type":"WebSite","@id":"https:\/\/ticaret.edu.tr\/cevre-ve-doga-bilimleri-uygulama-ve-arastirma-merkezi\/#website","url":"https:\/\/ticaret.edu.tr\/cevre-ve-doga-bilimleri-uygulama-ve-arastirma-merkezi\/","name":"\u00c7evre ve Do\u011fa Bilimleri Uygulama ve Ara\u015ft\u0131rma Merkezi","description":"Bir ba\u015fka \u0130stanbul Ticaret \u00dcniversitesi site sitesi","potentialAction":[{"@type":"SearchAction","target":{"@type":"EntryPoint","urlTemplate":"https:\/\/ticaret.edu.tr\/cevre-ve-doga-bilimleri-uygulama-ve-arastirma-merkezi\/?s={search_term_string}"},"query-input":"required name=search_term_string"}],"inLanguage":"tr"}]}},"lang":"tr","translations":{"tr":125},"pll_sync_post":[],"_links":{"self":[{"href":"http:\/\/ticaret.edu.tr\/cevre-ve-doga-bilimleri-uygulama-ve-arastirma-merkezi\/wp-json\/wp\/v2\/pages\/125"}],"collection":[{"href":"http:\/\/ticaret.edu.tr\/cevre-ve-doga-bilimleri-uygulama-ve-arastirma-merkezi\/wp-json\/wp\/v2\/pages"}],"about":[{"href":"http:\/\/ticaret.edu.tr\/cevre-ve-doga-bilimleri-uygulama-ve-arastirma-merkezi\/wp-json\/wp\/v2\/types\/page"}],"author":[{"embeddable":true,"href":"http:\/\/ticaret.edu.tr\/cevre-ve-doga-bilimleri-uygulama-ve-arastirma-merkezi\/wp-json\/wp\/v2\/users\/149"}],"replies":[{"embeddable":true,"href":"http:\/\/ticaret.edu.tr\/cevre-ve-doga-bilimleri-uygulama-ve-arastirma-merkezi\/wp-json\/wp\/v2\/comments?post=125"}],"version-history":[{"count":42,"href":"http:\/\/ticaret.edu.tr\/cevre-ve-doga-bilimleri-uygulama-ve-arastirma-merkezi\/wp-json\/wp\/v2\/pages\/125\/revisions"}],"predecessor-version":[{"id":359,"href":"http:\/\/ticaret.edu.tr\/cevre-ve-doga-bilimleri-uygulama-ve-arastirma-merkezi\/wp-json\/wp\/v2\/pages\/125\/revisions\/359"}],"up":[{"embeddable":true,"href":"http:\/\/ticaret.edu.tr\/cevre-ve-doga-bilimleri-uygulama-ve-arastirma-merkezi\/wp-json\/wp\/v2\/pages\/10"}],"wp:attachment":[{"href":"http:\/\/ticaret.edu.tr\/cevre-ve-doga-bilimleri-uygulama-ve-arastirma-merkezi\/wp-json\/wp\/v2\/media?parent=125"}],"curies":[{"name":"wp","href":"https:\/\/api.w.org\/{rel}","templated":true}]}}