{"id":132,"date":"2021-11-18T15:16:55","date_gmt":"2021-11-18T12:16:55","guid":{"rendered":"https:\/\/ticaret.edu.tr\/cevre-ve-doga-bilimleri-uygulama-ve-arastirma-merkezi\/?page_id=132"},"modified":"2025-11-05T17:10:03","modified_gmt":"2025-11-05T14:10:03","slug":"calisma-grubu","status":"publish","type":"page","link":"http:\/\/ticaret.edu.tr\/cevre-ve-doga-bilimleri-uygulama-ve-arastirma-merkezi\/hakkimizda\/calisma-grubu\/","title":{"rendered":"\u00c7al\u0131\u015fma Grubu"},"content":{"rendered":"<p><img loading=\"lazy\" decoding=\"async\" class=\"alignnone size-medium wp-image-327\" src=\"http:\/\/ticaret.edu.tr\/cevre-ve-doga-bilimleri-uygulama-ve-arastirma-merkezi\/wp-content\/uploads\/sites\/46\/2024\/11\/IMG_0820-300x232.jpg\" alt=\"\" width=\"300\" height=\"232\" srcset=\"http:\/\/ticaret.edu.tr\/cevre-ve-doga-bilimleri-uygulama-ve-arastirma-merkezi\/wp-content\/uploads\/sites\/46\/2024\/11\/IMG_0820-300x232.jpg 300w, http:\/\/ticaret.edu.tr\/cevre-ve-doga-bilimleri-uygulama-ve-arastirma-merkezi\/wp-content\/uploads\/sites\/46\/2024\/11\/IMG_0820-1024x791.jpg 1024w, http:\/\/ticaret.edu.tr\/cevre-ve-doga-bilimleri-uygulama-ve-arastirma-merkezi\/wp-content\/uploads\/sites\/46\/2024\/11\/IMG_0820-768x593.jpg 768w, http:\/\/ticaret.edu.tr\/cevre-ve-doga-bilimleri-uygulama-ve-arastirma-merkezi\/wp-content\/uploads\/sites\/46\/2024\/11\/IMG_0820-1536x1187.jpg 1536w, http:\/\/ticaret.edu.tr\/cevre-ve-doga-bilimleri-uygulama-ve-arastirma-merkezi\/wp-content\/uploads\/sites\/46\/2024\/11\/IMG_0820.jpg 2048w\" sizes=\"(max-width: 300px) 100vw, 300px\" \/><\/p>\n<p>Prof. Dr. \u0130dris O\u011furlu ( M\u00fcd\u00fcr )<\/p>\n<h3>Y\u00f6netim Kurulu<\/h3>\n<p>Prof. Dr. \u0130dris O\u011eURLU (M\u00fcd\u00fcr)<\/p>\n<p>Do\u00e7. Dr. G\u00f6revlisi Leyla SUR\u0130 (M\u00fcd\u00fcr Yard\u0131mc\u0131s\u0131)<\/p>\n<p>Prof. Dr. Saadettin AKSOY (\u00dcye)<\/p>\n<p>Do\u00e7. Dr. Berk AYVAZ (\u00dcye)<\/p>\n<p>&nbsp;<\/p>\n<h3>Dan\u0131\u015fma Kurulu<\/h3>\n<p>Prof. Dr. \u0130dris O\u011furlu, \u0130stanbul Ticaret \u00dcniversitesi<\/p>\n<p>Prof. Dr. O\u011fuz BORAT, Emekli \u00d6\u011fretim \u00dcyesi<\/p>\n<p>Prof. Dr. \u0130smail EKMEK\u00c7\u0130, \u0130stanbul Ticaret \u00dcniversitesi<\/p>\n<p>Prof. Dr. Sibkat KA\u00c7TIO\u011eLU, \u0130stanbul Ticaret \u00dcniversitesi<\/p>\n<p>Prof. Dr. Nigar MERDAN, \u0130stanbul Ticaret \u00dcniversitesi<\/p>\n<p>Prof. Mustafa K\u00d6KSAL, Emekli \u00d6\u011fretim \u00dcyesi<\/p>\n<p>Prof. Dr. H\u00fcseyin CENG\u0130Z, Emekli \u00d6\u011fretim \u00dcyesi<\/p>\n<p>Do\u00e7. Dr. Yasin \u00dcNAL, Isparta Uygulamal\u0131 Bilimler \u00dcniversitesi<\/p>\n<p>&nbsp;<\/p>\n<h3>\u00c7al\u0131\u015fma Grubu<\/h3>\n<p>Prof. Dr. Nusret AS \u0130stanbul \u00dcniversitesi<\/p>\n<p>Prof. Dr. Ya\u015far NUHO\u011eLU Y\u0131ld\u0131z Teknik \u00dcniversitesi<\/p>\n<p>Prof. Dr. Muhittin G\u00d6RM\u00dc\u015e Ankara \u00dcniversitesi<\/p>\n<p>Prof. Dr. \u015eemsettin CARAN S\u00fcleyman Demirel \u00dcniversitesi<\/p>\n<p>Do\u00e7. Dr. Ahmet DO\u011eAN Y\u0131ld\u0131z Teknik \u00dcniversitesi<\/p>\n<p>Do\u00e7. Dr. Suat T\u00dcRKOGUZ Dokuz Eyl\u00fcl \u00dcniversitesi<\/p>\n<p>Dr. \u00d6\u011fr. \u00dcyesi G\u00fcl Asl\u0131 AKSU Kastamonu \u00dcniversitesi<\/p>\n<p>Do\u00e7. Dr. Ahmad JASHAR\u0130 (Makedonya Tetovo \u00dcniversitesi)<\/p>\n<p>\u00d6\u011fr. G\u00f6r. Mehmet KILIN\u00c7 (Giresun \u00dcniversitesi)<\/p>\n<p>Dr. \u00d6\u011fr. \u00dcyesi Yasin \u00dcNAL (Isparta Uygulamal\u0131 Bilimler \u00dcniversitesi)<\/p>\n<p>Dr. \u00d6\u011fr. \u00dcyesi Emrah Tagi ERTU\u011eRUL (\u00c7anakkale Onsekiz Mart \u00dcniversitesi)<\/p>\n<p>G\u00fcll\u00fc BUZUNO\u011eLU (\u0130stanbul Ticaret \u00dcniversitesi)<\/p>\n","protected":false},"excerpt":{"rendered":"<p>Prof. Dr. \u0130dris O\u011furlu ( M\u00fcd\u00fcr ) Y\u00f6netim Kurulu Prof. Dr. \u0130dris O\u011eURLU (M\u00fcd\u00fcr) Do\u00e7. Dr. G\u00f6revlisi Leyla SUR\u0130 (M\u00fcd\u00fcr Yard\u0131mc\u0131s\u0131) Prof. Dr. Saadettin AKSOY (\u00dcye) Do\u00e7. Dr. Berk AYVAZ (\u00dcye) &nbsp; Dan\u0131\u015fma Kurulu Prof. Dr. \u0130dris O\u011furlu, \u0130stanbul Ticaret \u00dcniversitesi Prof. Dr. O\u011fuz BORAT, Emekli \u00d6\u011fretim \u00dcyesi Prof. Dr. \u0130smail EKMEK\u00c7\u0130, \u0130stanbul Ticaret \u00dcniversitesi [&hellip;]<\/p>\n","protected":false},"author":149,"featured_media":0,"parent":9,"menu_order":0,"comment_status":"closed","ping_status":"closed","template":"genel_sayfa.php","meta":{"footnotes":""},"yoast_head":"<!-- This site is optimized with the Yoast SEO Premium plugin v22.1 (Yoast SEO v22.1) - https:\/\/yoast.com\/wordpress\/plugins\/seo\/ -->\n<title>\u00c7al\u0131\u015fma Grubu - \u00c7evre ve Do\u011fa Bilimleri Uygulama ve Ara\u015ft\u0131rma Merkezi<\/title>\n<meta name=\"robots\" content=\"index, follow, max-snippet:-1, max-image-preview:large, max-video-preview:-1\" \/>\n<link rel=\"canonical\" href=\"http:\/\/ticaret.edu.tr\/cevre-ve-doga-bilimleri-uygulama-ve-arastirma-merkezi\/hakkimizda\/calisma-grubu\/\" \/>\n<meta property=\"og:locale\" content=\"tr_TR\" \/>\n<meta property=\"og:type\" content=\"article\" \/>\n<meta property=\"og:title\" content=\"\u00c7al\u0131\u015fma Grubu\" \/>\n<meta property=\"og:description\" content=\"Prof. Dr. \u0130dris O\u011furlu ( M\u00fcd\u00fcr ) Y\u00f6netim Kurulu Prof. Dr. \u0130dris O\u011eURLU (M\u00fcd\u00fcr) Do\u00e7. Dr. G\u00f6revlisi Leyla SUR\u0130 (M\u00fcd\u00fcr Yard\u0131mc\u0131s\u0131) Prof. Dr. Saadettin AKSOY (\u00dcye) Do\u00e7. Dr. Berk AYVAZ (\u00dcye) &nbsp; Dan\u0131\u015fma Kurulu Prof. Dr. \u0130dris O\u011furlu, \u0130stanbul Ticaret \u00dcniversitesi Prof. Dr. O\u011fuz BORAT, Emekli \u00d6\u011fretim \u00dcyesi Prof. Dr. \u0130smail EKMEK\u00c7\u0130, \u0130stanbul Ticaret \u00dcniversitesi [&hellip;]\" \/>\n<meta property=\"og:url\" content=\"http:\/\/ticaret.edu.tr\/cevre-ve-doga-bilimleri-uygulama-ve-arastirma-merkezi\/hakkimizda\/calisma-grubu\/\" \/>\n<meta property=\"og:site_name\" content=\"\u00c7evre ve Do\u011fa Bilimleri Uygulama ve Ara\u015ft\u0131rma Merkezi\" \/>\n<meta property=\"article:publisher\" content=\"https:\/\/www.facebook.com\/ticaretedutr\" \/>\n<meta property=\"article:modified_time\" content=\"2025-11-05T14:10:03+00:00\" \/>\n<meta property=\"og:image\" content=\"http:\/\/ticaret.edu.tr\/cevre-ve-doga-bilimleri-uygulama-ve-arastirma-merkezi\/wp-content\/uploads\/sites\/46\/2024\/11\/IMG_0820-300x232.jpg\" \/>\n<meta name=\"twitter:card\" content=\"summary_large_image\" \/>\n<meta name=\"twitter:site\" content=\"@ticaretedutr\" \/>\n<meta name=\"twitter:label1\" content=\"Tahmini okuma s\u00fcresi\" \/>\n\t<meta name=\"twitter:data1\" content=\"2 dakika\" \/>\n<script type=\"application\/ld+json\" class=\"yoast-schema-graph\">{\"@context\":\"https:\/\/schema.org\",\"@graph\":[{\"@type\":\"WebPage\",\"@id\":\"http:\/\/ticaret.edu.tr\/cevre-ve-doga-bilimleri-uygulama-ve-arastirma-merkezi\/hakkimizda\/calisma-grubu\/\",\"url\":\"http:\/\/ticaret.edu.tr\/cevre-ve-doga-bilimleri-uygulama-ve-arastirma-merkezi\/hakkimizda\/calisma-grubu\/\",\"name\":\"\u00c7al\u0131\u015fma Grubu - \u00c7evre ve Do\u011fa Bilimleri Uygulama ve Ara\u015ft\u0131rma Merkezi\",\"isPartOf\":{\"@id\":\"https:\/\/ticaret.edu.tr\/cevre-ve-doga-bilimleri-uygulama-ve-arastirma-merkezi\/en\/#website\"},\"datePublished\":\"2021-11-18T12:16:55+00:00\",\"dateModified\":\"2025-11-05T14:10:03+00:00\",\"breadcrumb\":{\"@id\":\"http:\/\/ticaret.edu.tr\/cevre-ve-doga-bilimleri-uygulama-ve-arastirma-merkezi\/hakkimizda\/calisma-grubu\/#breadcrumb\"},\"inLanguage\":\"tr\",\"potentialAction\":[{\"@type\":\"ReadAction\",\"target\":[\"http:\/\/ticaret.edu.tr\/cevre-ve-doga-bilimleri-uygulama-ve-arastirma-merkezi\/hakkimizda\/calisma-grubu\/\"]}]},{\"@type\":\"BreadcrumbList\",\"@id\":\"http:\/\/ticaret.edu.tr\/cevre-ve-doga-bilimleri-uygulama-ve-arastirma-merkezi\/hakkimizda\/calisma-grubu\/#breadcrumb\",\"itemListElement\":[{\"@type\":\"ListItem\",\"position\":1,\"name\":\"Ana sayfa\",\"item\":\"https:\/\/ticaret.edu.tr\/cevre-ve-doga-bilimleri-uygulama-ve-arastirma-merkezi\/\"},{\"@type\":\"ListItem\",\"position\":2,\"name\":\"Hakk\u0131m\u0131zda\",\"item\":\"https:\/\/ticaret.edu.tr\/cevre-ve-doga-bilimleri-uygulama-ve-arastirma-merkezi\/hakkimizda\/\"},{\"@type\":\"ListItem\",\"position\":3,\"name\":\"\u00c7al\u0131\u015fma Grubu\"}]},{\"@type\":\"WebSite\",\"@id\":\"https:\/\/ticaret.edu.tr\/cevre-ve-doga-bilimleri-uygulama-ve-arastirma-merkezi\/en\/#website\",\"url\":\"https:\/\/ticaret.edu.tr\/cevre-ve-doga-bilimleri-uygulama-ve-arastirma-merkezi\/en\/\",\"name\":\"\u00c7evre ve Do\u011fa Bilimleri Uygulama ve Ara\u015ft\u0131rma Merkezi\",\"description\":\"Bir ba\u015fka \u0130stanbul Ticaret \u00dcniversitesi site sitesi\",\"potentialAction\":[{\"@type\":\"SearchAction\",\"target\":{\"@type\":\"EntryPoint\",\"urlTemplate\":\"https:\/\/ticaret.edu.tr\/cevre-ve-doga-bilimleri-uygulama-ve-arastirma-merkezi\/en\/?s={search_term_string}\"},\"query-input\":\"required name=search_term_string\"}],\"inLanguage\":\"tr\"}]}<\/script>\n<!-- \/ Yoast SEO Premium plugin. -->","yoast_head_json":{"title":"\u00c7al\u0131\u015fma Grubu - \u00c7evre ve Do\u011fa Bilimleri Uygulama ve Ara\u015ft\u0131rma Merkezi","robots":{"index":"index","follow":"follow","max-snippet":"max-snippet:-1","max-image-preview":"max-image-preview:large","max-video-preview":"max-video-preview:-1"},"canonical":"http:\/\/ticaret.edu.tr\/cevre-ve-doga-bilimleri-uygulama-ve-arastirma-merkezi\/hakkimizda\/calisma-grubu\/","og_locale":"tr_TR","og_type":"article","og_title":"\u00c7al\u0131\u015fma Grubu","og_description":"Prof. Dr. \u0130dris O\u011furlu ( M\u00fcd\u00fcr ) Y\u00f6netim Kurulu Prof. Dr. \u0130dris O\u011eURLU (M\u00fcd\u00fcr) Do\u00e7. Dr. G\u00f6revlisi Leyla SUR\u0130 (M\u00fcd\u00fcr Yard\u0131mc\u0131s\u0131) Prof. Dr. Saadettin AKSOY (\u00dcye) Do\u00e7. Dr. Berk AYVAZ (\u00dcye) &nbsp; Dan\u0131\u015fma Kurulu Prof. Dr. \u0130dris O\u011furlu, \u0130stanbul Ticaret \u00dcniversitesi Prof. Dr. O\u011fuz BORAT, Emekli \u00d6\u011fretim \u00dcyesi Prof. Dr. \u0130smail EKMEK\u00c7\u0130, \u0130stanbul Ticaret \u00dcniversitesi [&hellip;]","og_url":"http:\/\/ticaret.edu.tr\/cevre-ve-doga-bilimleri-uygulama-ve-arastirma-merkezi\/hakkimizda\/calisma-grubu\/","og_site_name":"\u00c7evre ve Do\u011fa Bilimleri Uygulama ve Ara\u015ft\u0131rma Merkezi","article_publisher":"https:\/\/www.facebook.com\/ticaretedutr","article_modified_time":"2025-11-05T14:10:03+00:00","og_image":[{"url":"http:\/\/ticaret.edu.tr\/cevre-ve-doga-bilimleri-uygulama-ve-arastirma-merkezi\/wp-content\/uploads\/sites\/46\/2024\/11\/IMG_0820-300x232.jpg"}],"twitter_card":"summary_large_image","twitter_site":"@ticaretedutr","twitter_misc":{"Tahmini okuma s\u00fcresi":"2 dakika"},"schema":{"@context":"https:\/\/schema.org","@graph":[{"@type":"WebPage","@id":"http:\/\/ticaret.edu.tr\/cevre-ve-doga-bilimleri-uygulama-ve-arastirma-merkezi\/hakkimizda\/calisma-grubu\/","url":"http:\/\/ticaret.edu.tr\/cevre-ve-doga-bilimleri-uygulama-ve-arastirma-merkezi\/hakkimizda\/calisma-grubu\/","name":"\u00c7al\u0131\u015fma Grubu - \u00c7evre ve Do\u011fa Bilimleri Uygulama ve Ara\u015ft\u0131rma Merkezi","isPartOf":{"@id":"https:\/\/ticaret.edu.tr\/cevre-ve-doga-bilimleri-uygulama-ve-arastirma-merkezi\/en\/#website"},"datePublished":"2021-11-18T12:16:55+00:00","dateModified":"2025-11-05T14:10:03+00:00","breadcrumb":{"@id":"http:\/\/ticaret.edu.tr\/cevre-ve-doga-bilimleri-uygulama-ve-arastirma-merkezi\/hakkimizda\/calisma-grubu\/#breadcrumb"},"inLanguage":"tr","potentialAction":[{"@type":"ReadAction","target":["http:\/\/ticaret.edu.tr\/cevre-ve-doga-bilimleri-uygulama-ve-arastirma-merkezi\/hakkimizda\/calisma-grubu\/"]}]},{"@type":"BreadcrumbList","@id":"http:\/\/ticaret.edu.tr\/cevre-ve-doga-bilimleri-uygulama-ve-arastirma-merkezi\/hakkimizda\/calisma-grubu\/#breadcrumb","itemListElement":[{"@type":"ListItem","position":1,"name":"Ana sayfa","item":"https:\/\/ticaret.edu.tr\/cevre-ve-doga-bilimleri-uygulama-ve-arastirma-merkezi\/"},{"@type":"ListItem","position":2,"name":"Hakk\u0131m\u0131zda","item":"https:\/\/ticaret.edu.tr\/cevre-ve-doga-bilimleri-uygulama-ve-arastirma-merkezi\/hakkimizda\/"},{"@type":"ListItem","position":3,"name":"\u00c7al\u0131\u015fma Grubu"}]},{"@type":"WebSite","@id":"https:\/\/ticaret.edu.tr\/cevre-ve-doga-bilimleri-uygulama-ve-arastirma-merkezi\/en\/#website","url":"https:\/\/ticaret.edu.tr\/cevre-ve-doga-bilimleri-uygulama-ve-arastirma-merkezi\/en\/","name":"\u00c7evre ve Do\u011fa Bilimleri Uygulama ve Ara\u015ft\u0131rma Merkezi","description":"Bir ba\u015fka \u0130stanbul Ticaret \u00dcniversitesi site sitesi","potentialAction":[{"@type":"SearchAction","target":{"@type":"EntryPoint","urlTemplate":"https:\/\/ticaret.edu.tr\/cevre-ve-doga-bilimleri-uygulama-ve-arastirma-merkezi\/en\/?s={search_term_string}"},"query-input":"required name=search_term_string"}],"inLanguage":"tr"}]}},"lang":"tr","translations":{"tr":132},"pll_sync_post":[],"_links":{"self":[{"href":"http:\/\/ticaret.edu.tr\/cevre-ve-doga-bilimleri-uygulama-ve-arastirma-merkezi\/wp-json\/wp\/v2\/pages\/132"}],"collection":[{"href":"http:\/\/ticaret.edu.tr\/cevre-ve-doga-bilimleri-uygulama-ve-arastirma-merkezi\/wp-json\/wp\/v2\/pages"}],"about":[{"href":"http:\/\/ticaret.edu.tr\/cevre-ve-doga-bilimleri-uygulama-ve-arastirma-merkezi\/wp-json\/wp\/v2\/types\/page"}],"author":[{"embeddable":true,"href":"http:\/\/ticaret.edu.tr\/cevre-ve-doga-bilimleri-uygulama-ve-arastirma-merkezi\/wp-json\/wp\/v2\/users\/149"}],"replies":[{"embeddable":true,"href":"http:\/\/ticaret.edu.tr\/cevre-ve-doga-bilimleri-uygulama-ve-arastirma-merkezi\/wp-json\/wp\/v2\/comments?post=132"}],"version-history":[{"count":20,"href":"http:\/\/ticaret.edu.tr\/cevre-ve-doga-bilimleri-uygulama-ve-arastirma-merkezi\/wp-json\/wp\/v2\/pages\/132\/revisions"}],"predecessor-version":[{"id":386,"href":"http:\/\/ticaret.edu.tr\/cevre-ve-doga-bilimleri-uygulama-ve-arastirma-merkezi\/wp-json\/wp\/v2\/pages\/132\/revisions\/386"}],"up":[{"embeddable":true,"href":"http:\/\/ticaret.edu.tr\/cevre-ve-doga-bilimleri-uygulama-ve-arastirma-merkezi\/wp-json\/wp\/v2\/pages\/9"}],"wp:attachment":[{"href":"http:\/\/ticaret.edu.tr\/cevre-ve-doga-bilimleri-uygulama-ve-arastirma-merkezi\/wp-json\/wp\/v2\/media?parent=132"}],"curies":[{"name":"wp","href":"https:\/\/api.w.org\/{rel}","templated":true}]}}