{"id":31,"date":"2021-01-15T22:12:54","date_gmt":"2021-01-15T19:12:54","guid":{"rendered":"http:\/\/ticaret.edu.tr\/cdbuam\/?page_id=31"},"modified":"2025-12-05T12:56:02","modified_gmt":"2025-12-05T09:56:02","slug":"projeler","status":"publish","type":"page","link":"http:\/\/ticaret.edu.tr\/cevre-ve-doga-bilimleri-uygulama-ve-arastirma-merkezi\/projeler\/","title":{"rendered":"Projeler"},"content":{"rendered":"<p><a href=\"https:\/\/www.dogaproje.org\/deymuk\/index.php\">Do\u011fal-Ekolojik Yap\u0131 Malzemeleri \u00dcretim ve Uygulama Teknikleri Kursu<\/a><\/p>\n<p><img loading=\"lazy\" decoding=\"async\" class=\"alignnone wp-image-311\" src=\"http:\/\/ticaret.edu.tr\/cevre-ve-doga-bilimleri-uygulama-ve-arastirma-merkezi\/wp-content\/uploads\/sites\/46\/2024\/03\/Ekran-Alintisi.jpg\" alt=\"\" width=\"404\" height=\"97\" \/><\/p>\n<p>&nbsp;<\/p>\n<p><span style=\"text-decoration: underline\"><strong><a href=\"https:\/\/dogaproje.org\/osmanelidae\/\">Osmaneli\u2019nden Orhaneli\u2019ne Do\u011fa E\u011fitimi<\/a><\/strong><\/span><\/p>\n<p><a href=\"http:\/\/osmanelidae.net\/\"><img loading=\"lazy\" decoding=\"async\" class=\"alignnone size-full wp-image-149\" src=\"http:\/\/ticaret.edu.tr\/cevre-ve-doga-bilimleri-uygulama-ve-arastirma-merkezi\/wp-content\/uploads\/sites\/46\/2021\/11\/logo_osmanelidae_250-1.png\" alt=\"\" width=\"300\" height=\"257\" \/><\/a><\/p>\n<p>&nbsp;<\/p>\n<p>&nbsp;<\/p>\n<p><a href=\"https:\/\/dogaproje.org\/ide\">Isparta&#8217;da Do\u011fa E\u011fitimi<\/a><\/p>\n<p><a href=\"https:\/\/dogaproje.org\/ide\/\"><img loading=\"lazy\" decoding=\"async\" class=\"alignnone wp-image-152 size-full\" src=\"http:\/\/ticaret.edu.tr\/cevre-ve-doga-bilimleri-uygulama-ve-arastirma-merkezi\/wp-content\/uploads\/sites\/46\/2021\/11\/logo_175x.jpg\" alt=\"\" width=\"250\" height=\"258\" \/><\/a><\/p>\n<p>&nbsp;<\/p>\n<p>&nbsp;<\/p>\n<p><span style=\"text-decoration: underline\"><strong><a href=\"http:\/\/www.yhekokurs.org\/\">Yaban Hayat\u0131 Ekolojisi ve Envanter Teknikleri Kursu<\/a><\/strong><\/span><\/p>\n<p><a href=\"http:\/\/www.yhekokurs.org\/\"><img loading=\"lazy\" decoding=\"async\" class=\"alignnone size-full wp-image-157\" src=\"http:\/\/ticaret.edu.tr\/cevre-ve-doga-bilimleri-uygulama-ve-arastirma-merkezi\/wp-content\/uploads\/sites\/46\/2021\/11\/logo250.png\" alt=\"\" width=\"242\" height=\"250\" \/><\/a><\/p>\n<p>&nbsp;<\/p>\n<p>&nbsp;<\/p>\n","protected":false},"excerpt":{"rendered":"<p>Do\u011fal-Ekolojik Yap\u0131 Malzemeleri \u00dcretim ve Uygulama Teknikleri Kursu &nbsp; Osmaneli\u2019nden Orhaneli\u2019ne Do\u011fa E\u011fitimi &nbsp; &nbsp; Isparta&#8217;da Do\u011fa E\u011fitimi &nbsp; &nbsp; Yaban Hayat\u0131 Ekolojisi ve Envanter Teknikleri Kursu &nbsp; &nbsp;<\/p>\n","protected":false},"author":142,"featured_media":0,"parent":0,"menu_order":0,"comment_status":"closed","ping_status":"closed","template":"genel_sayfa.php","meta":{"footnotes":""},"yoast_head":"<!-- This site is optimized with the Yoast SEO Premium plugin v22.1 (Yoast SEO v22.1) - https:\/\/yoast.com\/wordpress\/plugins\/seo\/ -->\n<title>Projeler - \u00c7evre ve Do\u011fa Bilimleri Uygulama ve Ara\u015ft\u0131rma Merkezi<\/title>\n<meta name=\"robots\" content=\"index, follow, max-snippet:-1, max-image-preview:large, max-video-preview:-1\" \/>\n<link rel=\"canonical\" href=\"http:\/\/ticaret.edu.tr\/cevre-ve-doga-bilimleri-uygulama-ve-arastirma-merkezi\/projeler\/\" \/>\n<meta property=\"og:locale\" content=\"tr_TR\" \/>\n<meta property=\"og:type\" content=\"article\" \/>\n<meta property=\"og:title\" content=\"Projeler\" \/>\n<meta property=\"og:description\" content=\"Do\u011fal-Ekolojik Yap\u0131 Malzemeleri \u00dcretim ve Uygulama Teknikleri Kursu &nbsp; Osmaneli\u2019nden Orhaneli\u2019ne Do\u011fa E\u011fitimi &nbsp; &nbsp; Isparta&#8217;da Do\u011fa E\u011fitimi &nbsp; &nbsp; Yaban Hayat\u0131 Ekolojisi ve Envanter Teknikleri Kursu &nbsp; &nbsp;\" \/>\n<meta property=\"og:url\" content=\"http:\/\/ticaret.edu.tr\/cevre-ve-doga-bilimleri-uygulama-ve-arastirma-merkezi\/projeler\/\" \/>\n<meta property=\"og:site_name\" content=\"\u00c7evre ve Do\u011fa Bilimleri Uygulama ve Ara\u015ft\u0131rma Merkezi\" \/>\n<meta property=\"article:publisher\" content=\"https:\/\/www.facebook.com\/ticaretedutr\" \/>\n<meta property=\"article:modified_time\" content=\"2025-12-05T09:56:02+00:00\" \/>\n<meta property=\"og:image\" content=\"http:\/\/ticaret.edu.tr\/cevre-ve-doga-bilimleri-uygulama-ve-arastirma-merkezi\/wp-content\/uploads\/sites\/46\/2024\/03\/Ekran-Alintisi.jpg\" \/>\n<meta name=\"twitter:card\" content=\"summary_large_image\" \/>\n<meta name=\"twitter:site\" content=\"@ticaretedutr\" \/>\n<meta name=\"twitter:label1\" content=\"Tahmini okuma s\u00fcresi\" \/>\n\t<meta name=\"twitter:data1\" content=\"1 dakika\" \/>\n<script type=\"application\/ld+json\" class=\"yoast-schema-graph\">{\"@context\":\"https:\/\/schema.org\",\"@graph\":[{\"@type\":\"WebPage\",\"@id\":\"http:\/\/ticaret.edu.tr\/cevre-ve-doga-bilimleri-uygulama-ve-arastirma-merkezi\/projeler\/\",\"url\":\"http:\/\/ticaret.edu.tr\/cevre-ve-doga-bilimleri-uygulama-ve-arastirma-merkezi\/projeler\/\",\"name\":\"Projeler - \u00c7evre ve Do\u011fa Bilimleri Uygulama ve Ara\u015ft\u0131rma Merkezi\",\"isPartOf\":{\"@id\":\"https:\/\/ticaret.edu.tr\/cevre-ve-doga-bilimleri-uygulama-ve-arastirma-merkezi\/en\/#website\"},\"datePublished\":\"2021-01-15T19:12:54+00:00\",\"dateModified\":\"2025-12-05T09:56:02+00:00\",\"breadcrumb\":{\"@id\":\"http:\/\/ticaret.edu.tr\/cevre-ve-doga-bilimleri-uygulama-ve-arastirma-merkezi\/projeler\/#breadcrumb\"},\"inLanguage\":\"tr\",\"potentialAction\":[{\"@type\":\"ReadAction\",\"target\":[\"http:\/\/ticaret.edu.tr\/cevre-ve-doga-bilimleri-uygulama-ve-arastirma-merkezi\/projeler\/\"]}]},{\"@type\":\"BreadcrumbList\",\"@id\":\"http:\/\/ticaret.edu.tr\/cevre-ve-doga-bilimleri-uygulama-ve-arastirma-merkezi\/projeler\/#breadcrumb\",\"itemListElement\":[{\"@type\":\"ListItem\",\"position\":1,\"name\":\"Ana sayfa\",\"item\":\"https:\/\/ticaret.edu.tr\/cevre-ve-doga-bilimleri-uygulama-ve-arastirma-merkezi\/\"},{\"@type\":\"ListItem\",\"position\":2,\"name\":\"Projeler\"}]},{\"@type\":\"WebSite\",\"@id\":\"https:\/\/ticaret.edu.tr\/cevre-ve-doga-bilimleri-uygulama-ve-arastirma-merkezi\/en\/#website\",\"url\":\"https:\/\/ticaret.edu.tr\/cevre-ve-doga-bilimleri-uygulama-ve-arastirma-merkezi\/en\/\",\"name\":\"\u00c7evre ve Do\u011fa Bilimleri Uygulama ve Ara\u015ft\u0131rma Merkezi\",\"description\":\"Bir ba\u015fka \u0130stanbul Ticaret \u00dcniversitesi site sitesi\",\"potentialAction\":[{\"@type\":\"SearchAction\",\"target\":{\"@type\":\"EntryPoint\",\"urlTemplate\":\"https:\/\/ticaret.edu.tr\/cevre-ve-doga-bilimleri-uygulama-ve-arastirma-merkezi\/en\/?s={search_term_string}\"},\"query-input\":\"required name=search_term_string\"}],\"inLanguage\":\"tr\"}]}<\/script>\n<!-- \/ Yoast SEO Premium plugin. -->","yoast_head_json":{"title":"Projeler - \u00c7evre ve Do\u011fa Bilimleri Uygulama ve Ara\u015ft\u0131rma Merkezi","robots":{"index":"index","follow":"follow","max-snippet":"max-snippet:-1","max-image-preview":"max-image-preview:large","max-video-preview":"max-video-preview:-1"},"canonical":"http:\/\/ticaret.edu.tr\/cevre-ve-doga-bilimleri-uygulama-ve-arastirma-merkezi\/projeler\/","og_locale":"tr_TR","og_type":"article","og_title":"Projeler","og_description":"Do\u011fal-Ekolojik Yap\u0131 Malzemeleri \u00dcretim ve Uygulama Teknikleri Kursu &nbsp; Osmaneli\u2019nden Orhaneli\u2019ne Do\u011fa E\u011fitimi &nbsp; &nbsp; Isparta&#8217;da Do\u011fa E\u011fitimi &nbsp; &nbsp; Yaban Hayat\u0131 Ekolojisi ve Envanter Teknikleri Kursu &nbsp; &nbsp;","og_url":"http:\/\/ticaret.edu.tr\/cevre-ve-doga-bilimleri-uygulama-ve-arastirma-merkezi\/projeler\/","og_site_name":"\u00c7evre ve Do\u011fa Bilimleri Uygulama ve Ara\u015ft\u0131rma Merkezi","article_publisher":"https:\/\/www.facebook.com\/ticaretedutr","article_modified_time":"2025-12-05T09:56:02+00:00","og_image":[{"url":"http:\/\/ticaret.edu.tr\/cevre-ve-doga-bilimleri-uygulama-ve-arastirma-merkezi\/wp-content\/uploads\/sites\/46\/2024\/03\/Ekran-Alintisi.jpg"}],"twitter_card":"summary_large_image","twitter_site":"@ticaretedutr","twitter_misc":{"Tahmini okuma s\u00fcresi":"1 dakika"},"schema":{"@context":"https:\/\/schema.org","@graph":[{"@type":"WebPage","@id":"http:\/\/ticaret.edu.tr\/cevre-ve-doga-bilimleri-uygulama-ve-arastirma-merkezi\/projeler\/","url":"http:\/\/ticaret.edu.tr\/cevre-ve-doga-bilimleri-uygulama-ve-arastirma-merkezi\/projeler\/","name":"Projeler - \u00c7evre ve Do\u011fa Bilimleri Uygulama ve Ara\u015ft\u0131rma Merkezi","isPartOf":{"@id":"https:\/\/ticaret.edu.tr\/cevre-ve-doga-bilimleri-uygulama-ve-arastirma-merkezi\/en\/#website"},"datePublished":"2021-01-15T19:12:54+00:00","dateModified":"2025-12-05T09:56:02+00:00","breadcrumb":{"@id":"http:\/\/ticaret.edu.tr\/cevre-ve-doga-bilimleri-uygulama-ve-arastirma-merkezi\/projeler\/#breadcrumb"},"inLanguage":"tr","potentialAction":[{"@type":"ReadAction","target":["http:\/\/ticaret.edu.tr\/cevre-ve-doga-bilimleri-uygulama-ve-arastirma-merkezi\/projeler\/"]}]},{"@type":"BreadcrumbList","@id":"http:\/\/ticaret.edu.tr\/cevre-ve-doga-bilimleri-uygulama-ve-arastirma-merkezi\/projeler\/#breadcrumb","itemListElement":[{"@type":"ListItem","position":1,"name":"Ana sayfa","item":"https:\/\/ticaret.edu.tr\/cevre-ve-doga-bilimleri-uygulama-ve-arastirma-merkezi\/"},{"@type":"ListItem","position":2,"name":"Projeler"}]},{"@type":"WebSite","@id":"https:\/\/ticaret.edu.tr\/cevre-ve-doga-bilimleri-uygulama-ve-arastirma-merkezi\/en\/#website","url":"https:\/\/ticaret.edu.tr\/cevre-ve-doga-bilimleri-uygulama-ve-arastirma-merkezi\/en\/","name":"\u00c7evre ve Do\u011fa Bilimleri Uygulama ve Ara\u015ft\u0131rma Merkezi","description":"Bir ba\u015fka \u0130stanbul Ticaret \u00dcniversitesi site sitesi","potentialAction":[{"@type":"SearchAction","target":{"@type":"EntryPoint","urlTemplate":"https:\/\/ticaret.edu.tr\/cevre-ve-doga-bilimleri-uygulama-ve-arastirma-merkezi\/en\/?s={search_term_string}"},"query-input":"required name=search_term_string"}],"inLanguage":"tr"}]}},"lang":"tr","translations":{"en":72,"tr":31},"pll_sync_post":[],"_links":{"self":[{"href":"http:\/\/ticaret.edu.tr\/cevre-ve-doga-bilimleri-uygulama-ve-arastirma-merkezi\/wp-json\/wp\/v2\/pages\/31"}],"collection":[{"href":"http:\/\/ticaret.edu.tr\/cevre-ve-doga-bilimleri-uygulama-ve-arastirma-merkezi\/wp-json\/wp\/v2\/pages"}],"about":[{"href":"http:\/\/ticaret.edu.tr\/cevre-ve-doga-bilimleri-uygulama-ve-arastirma-merkezi\/wp-json\/wp\/v2\/types\/page"}],"author":[{"embeddable":true,"href":"http:\/\/ticaret.edu.tr\/cevre-ve-doga-bilimleri-uygulama-ve-arastirma-merkezi\/wp-json\/wp\/v2\/users\/142"}],"replies":[{"embeddable":true,"href":"http:\/\/ticaret.edu.tr\/cevre-ve-doga-bilimleri-uygulama-ve-arastirma-merkezi\/wp-json\/wp\/v2\/comments?post=31"}],"version-history":[{"count":19,"href":"http:\/\/ticaret.edu.tr\/cevre-ve-doga-bilimleri-uygulama-ve-arastirma-merkezi\/wp-json\/wp\/v2\/pages\/31\/revisions"}],"predecessor-version":[{"id":389,"href":"http:\/\/ticaret.edu.tr\/cevre-ve-doga-bilimleri-uygulama-ve-arastirma-merkezi\/wp-json\/wp\/v2\/pages\/31\/revisions\/389"}],"wp:attachment":[{"href":"http:\/\/ticaret.edu.tr\/cevre-ve-doga-bilimleri-uygulama-ve-arastirma-merkezi\/wp-json\/wp\/v2\/media?parent=31"}],"curies":[{"name":"wp","href":"https:\/\/api.w.org\/{rel}","templated":true}]}}