{"id":337,"date":"2025-02-26T08:59:12","date_gmt":"2025-02-26T05:59:12","guid":{"rendered":"https:\/\/ticaret.edu.tr\/cevre-ve-doga-bilimleri-uygulama-ve-arastirma-merkezi\/?page_id=337"},"modified":"2025-02-26T08:59:12","modified_gmt":"2025-02-26T05:59:12","slug":"genel-bilgi","status":"publish","type":"page","link":"http:\/\/ticaret.edu.tr\/cevre-ve-doga-bilimleri-uygulama-ve-arastirma-merkezi\/genel-bilgi\/","title":{"rendered":"Genel Bilgi"},"content":{"rendered":"<p><img loading=\"lazy\" decoding=\"async\" class=\"alignnone wp-image-246 \" src=\"http:\/\/ticaret.edu.tr\/cevre-ve-doga-bilimleri-uygulama-ve-arastirma-merkezi\/wp-content\/uploads\/sites\/46\/2021\/11\/Ekran-Alintisi.jpg\" alt=\"\" width=\"711\" height=\"161\" srcset=\"http:\/\/ticaret.edu.tr\/cevre-ve-doga-bilimleri-uygulama-ve-arastirma-merkezi\/wp-content\/uploads\/sites\/46\/2021\/11\/Ekran-Alintisi.jpg 667w, http:\/\/ticaret.edu.tr\/cevre-ve-doga-bilimleri-uygulama-ve-arastirma-merkezi\/wp-content\/uploads\/sites\/46\/2021\/11\/Ekran-Alintisi-300x68.jpg 300w\" sizes=\"(max-width: 711px) 100vw, 711px\" \/><\/p>\n<p>\u0130nsanlar\u0131n sa\u011fl\u0131\u011f\u0131 ve refah\u0131 i\u00e7in do\u011fa ve do\u011fal varl\u0131klar\u0131m\u0131z\u0131n korunmas\u0131 geli\u015ftirilmesi ve yerli yerince kullan\u0131lmas\u0131 gerekmektedir. Bunu sa\u011flamaya, \u00e7evremizi tehdit eden \u00a0kirleten-bozan her t\u00fcrl\u00fc etkiyi ara\u015ft\u0131rmak ve toplumu bundan haberdar etmek ve bunun i\u00e7in de \u00e7evre bilincinin yayg\u0131nla\u015ft\u0131r\u0131lmas\u0131na y\u00f6nelik e\u011fitim vermek, ara\u015ft\u0131rmalar y\u00fcr\u00fctmek \u00fcniversitelere d\u00fc\u015fen g\u00f6revlerdendir. \u0130stanbul Ticaret \u00dcniversitesi b\u00fcnyesinde kurulan \u00c7evre ve Do\u011fa Bilimleri Uygulama ve Ara\u015ft\u0131rma Merkezi bu istikamette faaliyet g\u00f6stermektedir.<\/p>\n<p>Merkezimiz \u00e7evre ve do\u011fa koruma konular\u0131na b\u00f6lgesel ve ulusal \u00f6l\u00e7ekte katk\u0131 sa\u011flamay\u0131 ve bu konuda \u00e7al\u0131\u015fan ara\u015ft\u0131rmac\u0131lar\u0131n ihtiyac\u0131 olan bilgi taban\u0131 olu\u015fturmay\u0131 temel misyon olarak benimsemi\u015ftir.<\/p>\n<p>Merkezin amac\u0131; \u00e7evre ve do\u011fan\u0131n tan\u0131t\u0131lmas\u0131na, korunmas\u0131na ve geli\u015ftirilmesine ara\u015ft\u0131rma, e\u011fitim ve uygulama \u00e7al\u0131\u015fmalar\u0131 yoluyla destek vermek, \u00e7evre ve do\u011fay\u0131 etkileyen sorunlara dikkat \u00e7ekmek, \u00e7evre ve do\u011fa g\u00f6zlemcili\u011fini sevdirmek suretiyle do\u011fa k\u00fclt\u00fcr\u00fcn\u00fcn geli\u015fmesine ve yayg\u0131nla\u015fmas\u0131na katk\u0131da bulunmakt\u0131r. Merkez bu ama\u00e7la \u00e7evre ve do\u011fa \u00e7al\u0131\u015fanlar\u0131na hizmet verecek ara\u015ft\u0131rma ve e\u011fitim ekipmanlar\u0131 sa\u011flamak, dok\u00fcmantasyon merkezi, ara\u015ft\u0131rma ve g\u00f6zlem istasyonlar\u0131, veri bankalar\u0131, haberle\u015fme a\u011flar\u0131 kurmak, yaz\u0131l\u0131 ve g\u00f6rsel kay\u0131tlar olu\u015fturup bunlar\u0131 akademik kurum ve kurulu\u015flar\u0131n hizmetine sunmak g\u00f6revini \u00fcstlenmi\u015ftir.<\/p>\n<p>Merkezimiz do\u011fada ve do\u011fal ortamlarda do\u011fa e\u011fitimi ve bilim okulu gibi projeler geli\u015ftirmekte ve yak\u0131n \u00e7evreden ba\u015flayarak b\u00f6lgemiz ve \u00fclkemizin do\u011fal varl\u0131klar\u0131n\u0131n ortaya \u00e7\u0131kar\u0131lmas\u0131na y\u00f6nelik bilimsel \u00e7al\u0131\u015fmalar yapmaktad\u0131r.<\/p>\n<p>\u00c7evre ve do\u011fa bilimleri alan\u0131nda faaliyet g\u00f6steren sekt\u00f6r ve uygulay\u0131c\u0131lara yol g\u00f6sterici modeller ve pilot \u00e7al\u0131\u015fmalar olu\u015fturmak; \u00c7evre ve do\u011fay\u0131 tehdit eden faaliyetleri \u00f6nlemek i\u00e7in giri\u015fimde bulunmak veya proje geli\u015ftirmek; Do\u011faya uygun planl\u0131 geli\u015fmeyi yayg\u0131nla\u015ft\u0131rmaya y\u00f6nelik ara\u015ft\u0131rmalar ve e\u011fitim programlar\u0131 icra etmek Merkezimizin g\u00f6revleri aras\u0131ndad\u0131r.<\/p>\n<p>Merkezimiz Ulusal ve Global \u00e7evre sorunlar\u0131n\u0131n \u00e7\u00f6z\u00fcm\u00fcne ara\u015ft\u0131rma yoluyla katk\u0131 sa\u011flamaya; do\u011fal kaynaklar\u0131n kullan\u0131m\u0131nda ekolojik s\u00fcrd\u00fcr\u00fclebilirlik boyutunu ve b\u00f6lgemizdeki kentsel d\u00f6n\u00fc\u015f\u00fcmlerin do\u011fal parametrelerini ortaya koymaya y\u00f6nelik \u00e7al\u0131\u015fmalar yapmakta, \u00dclkemizin milli park, tabiat an\u0131t\u0131, flora-fauna, yaban hayat\u0131 ve peyzaj de\u011ferlerini ele alan projeler haz\u0131rlamakta, Tabiattan ve do\u011fal hayattan kopan veya uzakla\u015fan kitlelerin do\u011fayla yak\u0131nla\u015fmas\u0131na sa\u011flayacak e\u011fitim projeleri y\u00fcr\u00fcterek gen\u00e7 nesillere do\u011fay\u0131 ve do\u011fa bilimlerini sevdirmeye \u00e7al\u0131\u015fmaktad\u0131r.<\/p>\n","protected":false},"excerpt":{"rendered":"<p>\u0130nsanlar\u0131n sa\u011fl\u0131\u011f\u0131 ve refah\u0131 i\u00e7in do\u011fa ve do\u011fal varl\u0131klar\u0131m\u0131z\u0131n korunmas\u0131 geli\u015ftirilmesi ve yerli yerince kullan\u0131lmas\u0131 gerekmektedir. Bunu sa\u011flamaya, \u00e7evremizi tehdit eden \u00a0kirleten-bozan her t\u00fcrl\u00fc etkiyi ara\u015ft\u0131rmak ve toplumu bundan haberdar etmek ve bunun i\u00e7in de \u00e7evre bilincinin yayg\u0131nla\u015ft\u0131r\u0131lmas\u0131na y\u00f6nelik e\u011fitim vermek, ara\u015ft\u0131rmalar y\u00fcr\u00fctmek \u00fcniversitelere d\u00fc\u015fen g\u00f6revlerdendir. \u0130stanbul Ticaret \u00dcniversitesi b\u00fcnyesinde kurulan \u00c7evre ve Do\u011fa Bilimleri [&hellip;]<\/p>\n","protected":false},"author":228,"featured_media":0,"parent":0,"menu_order":0,"comment_status":"closed","ping_status":"closed","template":"genel_sayfa.php","meta":{"footnotes":""},"yoast_head":"<!-- This site is optimized with the Yoast SEO Premium plugin v22.1 (Yoast SEO v22.1) - https:\/\/yoast.com\/wordpress\/plugins\/seo\/ -->\n<title>Genel Bilgi - \u00c7evre ve Do\u011fa Bilimleri Uygulama ve Ara\u015ft\u0131rma Merkezi<\/title>\n<meta name=\"robots\" content=\"index, follow, max-snippet:-1, max-image-preview:large, max-video-preview:-1\" \/>\n<link rel=\"canonical\" href=\"http:\/\/ticaret.edu.tr\/cevre-ve-doga-bilimleri-uygulama-ve-arastirma-merkezi\/genel-bilgi\/\" \/>\n<meta property=\"og:locale\" content=\"tr_TR\" \/>\n<meta property=\"og:type\" content=\"article\" \/>\n<meta property=\"og:title\" content=\"Genel Bilgi\" \/>\n<meta property=\"og:description\" content=\"\u0130nsanlar\u0131n sa\u011fl\u0131\u011f\u0131 ve refah\u0131 i\u00e7in do\u011fa ve do\u011fal varl\u0131klar\u0131m\u0131z\u0131n korunmas\u0131 geli\u015ftirilmesi ve yerli yerince kullan\u0131lmas\u0131 gerekmektedir. Bunu sa\u011flamaya, \u00e7evremizi tehdit eden \u00a0kirleten-bozan her t\u00fcrl\u00fc etkiyi ara\u015ft\u0131rmak ve toplumu bundan haberdar etmek ve bunun i\u00e7in de \u00e7evre bilincinin yayg\u0131nla\u015ft\u0131r\u0131lmas\u0131na y\u00f6nelik e\u011fitim vermek, ara\u015ft\u0131rmalar y\u00fcr\u00fctmek \u00fcniversitelere d\u00fc\u015fen g\u00f6revlerdendir. \u0130stanbul Ticaret \u00dcniversitesi b\u00fcnyesinde kurulan \u00c7evre ve Do\u011fa Bilimleri [&hellip;]\" \/>\n<meta property=\"og:url\" content=\"http:\/\/ticaret.edu.tr\/cevre-ve-doga-bilimleri-uygulama-ve-arastirma-merkezi\/genel-bilgi\/\" \/>\n<meta property=\"og:site_name\" content=\"\u00c7evre ve Do\u011fa Bilimleri Uygulama ve Ara\u015ft\u0131rma Merkezi\" \/>\n<meta property=\"article:publisher\" content=\"https:\/\/www.facebook.com\/ticaretedutr\" \/>\n<meta property=\"og:image\" content=\"http:\/\/ticaret.edu.tr\/cevre-ve-doga-bilimleri-uygulama-ve-arastirma-merkezi\/wp-content\/uploads\/sites\/46\/2021\/11\/Ekran-Alintisi.jpg\" \/>\n<meta name=\"twitter:card\" content=\"summary_large_image\" \/>\n<meta name=\"twitter:site\" content=\"@ticaretedutr\" \/>\n<script type=\"application\/ld+json\" class=\"yoast-schema-graph\">{\"@context\":\"https:\/\/schema.org\",\"@graph\":[{\"@type\":\"WebPage\",\"@id\":\"http:\/\/ticaret.edu.tr\/cevre-ve-doga-bilimleri-uygulama-ve-arastirma-merkezi\/genel-bilgi\/\",\"url\":\"http:\/\/ticaret.edu.tr\/cevre-ve-doga-bilimleri-uygulama-ve-arastirma-merkezi\/genel-bilgi\/\",\"name\":\"Genel Bilgi - \u00c7evre ve Do\u011fa Bilimleri Uygulama ve Ara\u015ft\u0131rma Merkezi\",\"isPartOf\":{\"@id\":\"https:\/\/ticaret.edu.tr\/cevre-ve-doga-bilimleri-uygulama-ve-arastirma-merkezi\/en\/#website\"},\"datePublished\":\"2025-02-26T05:59:12+00:00\",\"dateModified\":\"2025-02-26T05:59:12+00:00\",\"breadcrumb\":{\"@id\":\"http:\/\/ticaret.edu.tr\/cevre-ve-doga-bilimleri-uygulama-ve-arastirma-merkezi\/genel-bilgi\/#breadcrumb\"},\"inLanguage\":\"tr\",\"potentialAction\":[{\"@type\":\"ReadAction\",\"target\":[\"http:\/\/ticaret.edu.tr\/cevre-ve-doga-bilimleri-uygulama-ve-arastirma-merkezi\/genel-bilgi\/\"]}]},{\"@type\":\"BreadcrumbList\",\"@id\":\"http:\/\/ticaret.edu.tr\/cevre-ve-doga-bilimleri-uygulama-ve-arastirma-merkezi\/genel-bilgi\/#breadcrumb\",\"itemListElement\":[{\"@type\":\"ListItem\",\"position\":1,\"name\":\"Ana sayfa\",\"item\":\"https:\/\/ticaret.edu.tr\/cevre-ve-doga-bilimleri-uygulama-ve-arastirma-merkezi\/\"},{\"@type\":\"ListItem\",\"position\":2,\"name\":\"Genel Bilgi\"}]},{\"@type\":\"WebSite\",\"@id\":\"https:\/\/ticaret.edu.tr\/cevre-ve-doga-bilimleri-uygulama-ve-arastirma-merkezi\/en\/#website\",\"url\":\"https:\/\/ticaret.edu.tr\/cevre-ve-doga-bilimleri-uygulama-ve-arastirma-merkezi\/en\/\",\"name\":\"\u00c7evre ve Do\u011fa Bilimleri Uygulama ve Ara\u015ft\u0131rma Merkezi\",\"description\":\"Bir ba\u015fka \u0130stanbul Ticaret \u00dcniversitesi site sitesi\",\"potentialAction\":[{\"@type\":\"SearchAction\",\"target\":{\"@type\":\"EntryPoint\",\"urlTemplate\":\"https:\/\/ticaret.edu.tr\/cevre-ve-doga-bilimleri-uygulama-ve-arastirma-merkezi\/en\/?s={search_term_string}\"},\"query-input\":\"required name=search_term_string\"}],\"inLanguage\":\"tr\"}]}<\/script>\n<!-- \/ Yoast SEO Premium plugin. -->","yoast_head_json":{"title":"Genel Bilgi - \u00c7evre ve Do\u011fa Bilimleri Uygulama ve Ara\u015ft\u0131rma Merkezi","robots":{"index":"index","follow":"follow","max-snippet":"max-snippet:-1","max-image-preview":"max-image-preview:large","max-video-preview":"max-video-preview:-1"},"canonical":"http:\/\/ticaret.edu.tr\/cevre-ve-doga-bilimleri-uygulama-ve-arastirma-merkezi\/genel-bilgi\/","og_locale":"tr_TR","og_type":"article","og_title":"Genel Bilgi","og_description":"\u0130nsanlar\u0131n sa\u011fl\u0131\u011f\u0131 ve refah\u0131 i\u00e7in do\u011fa ve do\u011fal varl\u0131klar\u0131m\u0131z\u0131n korunmas\u0131 geli\u015ftirilmesi ve yerli yerince kullan\u0131lmas\u0131 gerekmektedir. Bunu sa\u011flamaya, \u00e7evremizi tehdit eden \u00a0kirleten-bozan her t\u00fcrl\u00fc etkiyi ara\u015ft\u0131rmak ve toplumu bundan haberdar etmek ve bunun i\u00e7in de \u00e7evre bilincinin yayg\u0131nla\u015ft\u0131r\u0131lmas\u0131na y\u00f6nelik e\u011fitim vermek, ara\u015ft\u0131rmalar y\u00fcr\u00fctmek \u00fcniversitelere d\u00fc\u015fen g\u00f6revlerdendir. \u0130stanbul Ticaret \u00dcniversitesi b\u00fcnyesinde kurulan \u00c7evre ve Do\u011fa Bilimleri [&hellip;]","og_url":"http:\/\/ticaret.edu.tr\/cevre-ve-doga-bilimleri-uygulama-ve-arastirma-merkezi\/genel-bilgi\/","og_site_name":"\u00c7evre ve Do\u011fa Bilimleri Uygulama ve Ara\u015ft\u0131rma Merkezi","article_publisher":"https:\/\/www.facebook.com\/ticaretedutr","og_image":[{"url":"http:\/\/ticaret.edu.tr\/cevre-ve-doga-bilimleri-uygulama-ve-arastirma-merkezi\/wp-content\/uploads\/sites\/46\/2021\/11\/Ekran-Alintisi.jpg"}],"twitter_card":"summary_large_image","twitter_site":"@ticaretedutr","schema":{"@context":"https:\/\/schema.org","@graph":[{"@type":"WebPage","@id":"http:\/\/ticaret.edu.tr\/cevre-ve-doga-bilimleri-uygulama-ve-arastirma-merkezi\/genel-bilgi\/","url":"http:\/\/ticaret.edu.tr\/cevre-ve-doga-bilimleri-uygulama-ve-arastirma-merkezi\/genel-bilgi\/","name":"Genel Bilgi - \u00c7evre ve Do\u011fa Bilimleri Uygulama ve Ara\u015ft\u0131rma Merkezi","isPartOf":{"@id":"https:\/\/ticaret.edu.tr\/cevre-ve-doga-bilimleri-uygulama-ve-arastirma-merkezi\/en\/#website"},"datePublished":"2025-02-26T05:59:12+00:00","dateModified":"2025-02-26T05:59:12+00:00","breadcrumb":{"@id":"http:\/\/ticaret.edu.tr\/cevre-ve-doga-bilimleri-uygulama-ve-arastirma-merkezi\/genel-bilgi\/#breadcrumb"},"inLanguage":"tr","potentialAction":[{"@type":"ReadAction","target":["http:\/\/ticaret.edu.tr\/cevre-ve-doga-bilimleri-uygulama-ve-arastirma-merkezi\/genel-bilgi\/"]}]},{"@type":"BreadcrumbList","@id":"http:\/\/ticaret.edu.tr\/cevre-ve-doga-bilimleri-uygulama-ve-arastirma-merkezi\/genel-bilgi\/#breadcrumb","itemListElement":[{"@type":"ListItem","position":1,"name":"Ana sayfa","item":"https:\/\/ticaret.edu.tr\/cevre-ve-doga-bilimleri-uygulama-ve-arastirma-merkezi\/"},{"@type":"ListItem","position":2,"name":"Genel Bilgi"}]},{"@type":"WebSite","@id":"https:\/\/ticaret.edu.tr\/cevre-ve-doga-bilimleri-uygulama-ve-arastirma-merkezi\/en\/#website","url":"https:\/\/ticaret.edu.tr\/cevre-ve-doga-bilimleri-uygulama-ve-arastirma-merkezi\/en\/","name":"\u00c7evre ve Do\u011fa Bilimleri Uygulama ve Ara\u015ft\u0131rma Merkezi","description":"Bir ba\u015fka \u0130stanbul Ticaret \u00dcniversitesi site sitesi","potentialAction":[{"@type":"SearchAction","target":{"@type":"EntryPoint","urlTemplate":"https:\/\/ticaret.edu.tr\/cevre-ve-doga-bilimleri-uygulama-ve-arastirma-merkezi\/en\/?s={search_term_string}"},"query-input":"required name=search_term_string"}],"inLanguage":"tr"}]}},"lang":"tr","translations":{"en":339,"tr":337},"pll_sync_post":[],"_links":{"self":[{"href":"http:\/\/ticaret.edu.tr\/cevre-ve-doga-bilimleri-uygulama-ve-arastirma-merkezi\/wp-json\/wp\/v2\/pages\/337"}],"collection":[{"href":"http:\/\/ticaret.edu.tr\/cevre-ve-doga-bilimleri-uygulama-ve-arastirma-merkezi\/wp-json\/wp\/v2\/pages"}],"about":[{"href":"http:\/\/ticaret.edu.tr\/cevre-ve-doga-bilimleri-uygulama-ve-arastirma-merkezi\/wp-json\/wp\/v2\/types\/page"}],"author":[{"embeddable":true,"href":"http:\/\/ticaret.edu.tr\/cevre-ve-doga-bilimleri-uygulama-ve-arastirma-merkezi\/wp-json\/wp\/v2\/users\/228"}],"replies":[{"embeddable":true,"href":"http:\/\/ticaret.edu.tr\/cevre-ve-doga-bilimleri-uygulama-ve-arastirma-merkezi\/wp-json\/wp\/v2\/comments?post=337"}],"version-history":[{"count":1,"href":"http:\/\/ticaret.edu.tr\/cevre-ve-doga-bilimleri-uygulama-ve-arastirma-merkezi\/wp-json\/wp\/v2\/pages\/337\/revisions"}],"predecessor-version":[{"id":338,"href":"http:\/\/ticaret.edu.tr\/cevre-ve-doga-bilimleri-uygulama-ve-arastirma-merkezi\/wp-json\/wp\/v2\/pages\/337\/revisions\/338"}],"wp:attachment":[{"href":"http:\/\/ticaret.edu.tr\/cevre-ve-doga-bilimleri-uygulama-ve-arastirma-merkezi\/wp-json\/wp\/v2\/media?parent=337"}],"curies":[{"name":"wp","href":"https:\/\/api.w.org\/{rel}","templated":true}]}}