{"id":72,"date":"2021-10-27T13:15:14","date_gmt":"2021-10-27T10:15:14","guid":{"rendered":"https:\/\/ticaret.edu.tr\/cdbuam\/?page_id=72"},"modified":"2025-02-26T08:58:06","modified_gmt":"2025-02-26T05:58:06","slug":"project","status":"publish","type":"page","link":"http:\/\/ticaret.edu.tr\/cevre-ve-doga-bilimleri-uygulama-ve-arastirma-merkezi\/en\/project\/","title":{"rendered":"PROJECT"},"content":{"rendered":"<p><span style=\"text-decoration: underline\"><strong><a href=\"http:\/\/osmanelidae.net\/\">Osmaneli\u2019nden Orhaneli\u2019ne Do\u011fa E\u011fitimi<\/a><\/strong><\/span><\/p>\n<p>&nbsp;<\/p>\n<p><span style=\"text-decoration: underline\"><strong><a href=\"http:\/\/ide.sdu.edu.tr\/\">Isparta&#8217;da Do\u011fa E\u011fitimi<\/a><\/strong><\/span><\/p>\n<p>&nbsp;<\/p>\n<p><span style=\"text-decoration: underline\"><strong><a href=\"http:\/\/www.yhekokurs.org\/\">Yaban Hayat\u0131 Ekolojisi ve Envanter Teknikleri Kursu<\/a><\/strong><\/span><\/p>\n","protected":false},"excerpt":{"rendered":"<p>Osmaneli\u2019nden Orhaneli\u2019ne Do\u011fa E\u011fitimi &nbsp; Isparta&#8217;da Do\u011fa E\u011fitimi &nbsp; Yaban Hayat\u0131 Ekolojisi ve Envanter Teknikleri Kursu<\/p>\n","protected":false},"author":142,"featured_media":0,"parent":0,"menu_order":0,"comment_status":"closed","ping_status":"closed","template":"genel_sayfa.php","meta":{"footnotes":""},"yoast_head":"<!-- This site is optimized with the Yoast SEO Premium plugin v22.1 (Yoast SEO v22.1) - https:\/\/yoast.com\/wordpress\/plugins\/seo\/ -->\n<title>PROJECT - \u00c7evre ve Do\u011fa Bilimleri Uygulama ve Ara\u015ft\u0131rma Merkezi<\/title>\n<meta name=\"robots\" content=\"index, follow, max-snippet:-1, max-image-preview:large, max-video-preview:-1\" \/>\n<link rel=\"canonical\" href=\"https:\/\/ticaret.edu.tr\/cevre-ve-doga-bilimleri-uygulama-ve-arastirma-merkezi\/en\/project\/\" \/>\n<meta property=\"og:locale\" content=\"tr_TR\" \/>\n<meta property=\"og:type\" content=\"article\" \/>\n<meta property=\"og:title\" content=\"PROJECT\" \/>\n<meta property=\"og:description\" content=\"Osmaneli\u2019nden Orhaneli\u2019ne Do\u011fa E\u011fitimi &nbsp; Isparta&#8217;da Do\u011fa E\u011fitimi &nbsp; Yaban Hayat\u0131 Ekolojisi ve Envanter Teknikleri Kursu\" \/>\n<meta property=\"og:url\" content=\"https:\/\/ticaret.edu.tr\/cevre-ve-doga-bilimleri-uygulama-ve-arastirma-merkezi\/en\/project\/\" \/>\n<meta property=\"og:site_name\" content=\"\u00c7evre ve Do\u011fa Bilimleri Uygulama ve Ara\u015ft\u0131rma Merkezi\" \/>\n<meta property=\"article:publisher\" content=\"https:\/\/www.facebook.com\/ticaretedutr\" \/>\n<meta property=\"article:modified_time\" content=\"2025-02-26T05:58:06+00:00\" \/>\n<meta property=\"og:image\" content=\"http:\/\/ticaret.edu.tr\/cevre-ve-doga-bilimleri-uygulama-ve-arastirma-merkezi\/wp-content\/uploads\/sites\/46\/2021\/11\/web_logo-01.jpg\" \/>\n\t<meta property=\"og:image:width\" content=\"1250\" \/>\n\t<meta property=\"og:image:height\" content=\"833\" \/>\n\t<meta property=\"og:image:type\" content=\"image\/jpeg\" \/>\n<meta name=\"twitter:card\" content=\"summary_large_image\" \/>\n<meta name=\"twitter:site\" content=\"@ticaretedutr\" \/>\n<script type=\"application\/ld+json\" class=\"yoast-schema-graph\">{\"@context\":\"https:\/\/schema.org\",\"@graph\":[{\"@type\":\"WebPage\",\"@id\":\"https:\/\/ticaret.edu.tr\/cevre-ve-doga-bilimleri-uygulama-ve-arastirma-merkezi\/en\/project\/\",\"url\":\"https:\/\/ticaret.edu.tr\/cevre-ve-doga-bilimleri-uygulama-ve-arastirma-merkezi\/en\/project\/\",\"name\":\"PROJECT - \u00c7evre ve Do\u011fa Bilimleri Uygulama ve Ara\u015ft\u0131rma Merkezi\",\"isPartOf\":{\"@id\":\"https:\/\/ticaret.edu.tr\/cevre-ve-doga-bilimleri-uygulama-ve-arastirma-merkezi\/en\/#website\"},\"datePublished\":\"2021-10-27T10:15:14+00:00\",\"dateModified\":\"2025-02-26T05:58:06+00:00\",\"breadcrumb\":{\"@id\":\"https:\/\/ticaret.edu.tr\/cevre-ve-doga-bilimleri-uygulama-ve-arastirma-merkezi\/en\/project\/#breadcrumb\"},\"inLanguage\":\"tr\",\"potentialAction\":[{\"@type\":\"ReadAction\",\"target\":[\"https:\/\/ticaret.edu.tr\/cevre-ve-doga-bilimleri-uygulama-ve-arastirma-merkezi\/en\/project\/\"]}]},{\"@type\":\"BreadcrumbList\",\"@id\":\"https:\/\/ticaret.edu.tr\/cevre-ve-doga-bilimleri-uygulama-ve-arastirma-merkezi\/en\/project\/#breadcrumb\",\"itemListElement\":[{\"@type\":\"ListItem\",\"position\":1,\"name\":\"Ana sayfa\",\"item\":\"https:\/\/ticaret.edu.tr\/cevre-ve-doga-bilimleri-uygulama-ve-arastirma-merkezi\/\"},{\"@type\":\"ListItem\",\"position\":2,\"name\":\"PROJECT\"}]},{\"@type\":\"WebSite\",\"@id\":\"https:\/\/ticaret.edu.tr\/cevre-ve-doga-bilimleri-uygulama-ve-arastirma-merkezi\/en\/#website\",\"url\":\"https:\/\/ticaret.edu.tr\/cevre-ve-doga-bilimleri-uygulama-ve-arastirma-merkezi\/en\/\",\"name\":\"\u00c7evre ve Do\u011fa Bilimleri Uygulama ve Ara\u015ft\u0131rma Merkezi\",\"description\":\"Bir ba\u015fka \u0130stanbul Ticaret \u00dcniversitesi site sitesi\",\"potentialAction\":[{\"@type\":\"SearchAction\",\"target\":{\"@type\":\"EntryPoint\",\"urlTemplate\":\"https:\/\/ticaret.edu.tr\/cevre-ve-doga-bilimleri-uygulama-ve-arastirma-merkezi\/en\/?s={search_term_string}\"},\"query-input\":\"required name=search_term_string\"}],\"inLanguage\":\"tr\"}]}<\/script>\n<!-- \/ Yoast SEO Premium plugin. -->","yoast_head_json":{"title":"PROJECT - \u00c7evre ve Do\u011fa Bilimleri Uygulama ve Ara\u015ft\u0131rma Merkezi","robots":{"index":"index","follow":"follow","max-snippet":"max-snippet:-1","max-image-preview":"max-image-preview:large","max-video-preview":"max-video-preview:-1"},"canonical":"https:\/\/ticaret.edu.tr\/cevre-ve-doga-bilimleri-uygulama-ve-arastirma-merkezi\/en\/project\/","og_locale":"tr_TR","og_type":"article","og_title":"PROJECT","og_description":"Osmaneli\u2019nden Orhaneli\u2019ne Do\u011fa E\u011fitimi &nbsp; Isparta&#8217;da Do\u011fa E\u011fitimi &nbsp; Yaban Hayat\u0131 Ekolojisi ve Envanter Teknikleri Kursu","og_url":"https:\/\/ticaret.edu.tr\/cevre-ve-doga-bilimleri-uygulama-ve-arastirma-merkezi\/en\/project\/","og_site_name":"\u00c7evre ve Do\u011fa Bilimleri Uygulama ve Ara\u015ft\u0131rma Merkezi","article_publisher":"https:\/\/www.facebook.com\/ticaretedutr","article_modified_time":"2025-02-26T05:58:06+00:00","og_image":[{"width":1250,"height":833,"url":"http:\/\/ticaret.edu.tr\/cevre-ve-doga-bilimleri-uygulama-ve-arastirma-merkezi\/wp-content\/uploads\/sites\/46\/2021\/11\/web_logo-01.jpg","type":"image\/jpeg"}],"twitter_card":"summary_large_image","twitter_site":"@ticaretedutr","schema":{"@context":"https:\/\/schema.org","@graph":[{"@type":"WebPage","@id":"https:\/\/ticaret.edu.tr\/cevre-ve-doga-bilimleri-uygulama-ve-arastirma-merkezi\/en\/project\/","url":"https:\/\/ticaret.edu.tr\/cevre-ve-doga-bilimleri-uygulama-ve-arastirma-merkezi\/en\/project\/","name":"PROJECT - \u00c7evre ve Do\u011fa Bilimleri Uygulama ve Ara\u015ft\u0131rma Merkezi","isPartOf":{"@id":"https:\/\/ticaret.edu.tr\/cevre-ve-doga-bilimleri-uygulama-ve-arastirma-merkezi\/en\/#website"},"datePublished":"2021-10-27T10:15:14+00:00","dateModified":"2025-02-26T05:58:06+00:00","breadcrumb":{"@id":"https:\/\/ticaret.edu.tr\/cevre-ve-doga-bilimleri-uygulama-ve-arastirma-merkezi\/en\/project\/#breadcrumb"},"inLanguage":"tr","potentialAction":[{"@type":"ReadAction","target":["https:\/\/ticaret.edu.tr\/cevre-ve-doga-bilimleri-uygulama-ve-arastirma-merkezi\/en\/project\/"]}]},{"@type":"BreadcrumbList","@id":"https:\/\/ticaret.edu.tr\/cevre-ve-doga-bilimleri-uygulama-ve-arastirma-merkezi\/en\/project\/#breadcrumb","itemListElement":[{"@type":"ListItem","position":1,"name":"Ana sayfa","item":"https:\/\/ticaret.edu.tr\/cevre-ve-doga-bilimleri-uygulama-ve-arastirma-merkezi\/"},{"@type":"ListItem","position":2,"name":"PROJECT"}]},{"@type":"WebSite","@id":"https:\/\/ticaret.edu.tr\/cevre-ve-doga-bilimleri-uygulama-ve-arastirma-merkezi\/en\/#website","url":"https:\/\/ticaret.edu.tr\/cevre-ve-doga-bilimleri-uygulama-ve-arastirma-merkezi\/en\/","name":"\u00c7evre ve Do\u011fa Bilimleri Uygulama ve Ara\u015ft\u0131rma Merkezi","description":"Bir ba\u015fka \u0130stanbul Ticaret \u00dcniversitesi site sitesi","potentialAction":[{"@type":"SearchAction","target":{"@type":"EntryPoint","urlTemplate":"https:\/\/ticaret.edu.tr\/cevre-ve-doga-bilimleri-uygulama-ve-arastirma-merkezi\/en\/?s={search_term_string}"},"query-input":"required name=search_term_string"}],"inLanguage":"tr"}]}},"lang":"en","translations":{"en":72,"tr":31},"pll_sync_post":[],"_links":{"self":[{"href":"http:\/\/ticaret.edu.tr\/cevre-ve-doga-bilimleri-uygulama-ve-arastirma-merkezi\/wp-json\/wp\/v2\/pages\/72"}],"collection":[{"href":"http:\/\/ticaret.edu.tr\/cevre-ve-doga-bilimleri-uygulama-ve-arastirma-merkezi\/wp-json\/wp\/v2\/pages"}],"about":[{"href":"http:\/\/ticaret.edu.tr\/cevre-ve-doga-bilimleri-uygulama-ve-arastirma-merkezi\/wp-json\/wp\/v2\/types\/page"}],"author":[{"embeddable":true,"href":"http:\/\/ticaret.edu.tr\/cevre-ve-doga-bilimleri-uygulama-ve-arastirma-merkezi\/wp-json\/wp\/v2\/users\/142"}],"replies":[{"embeddable":true,"href":"http:\/\/ticaret.edu.tr\/cevre-ve-doga-bilimleri-uygulama-ve-arastirma-merkezi\/wp-json\/wp\/v2\/comments?post=72"}],"version-history":[{"count":1,"href":"http:\/\/ticaret.edu.tr\/cevre-ve-doga-bilimleri-uygulama-ve-arastirma-merkezi\/wp-json\/wp\/v2\/pages\/72\/revisions"}],"predecessor-version":[{"id":73,"href":"http:\/\/ticaret.edu.tr\/cevre-ve-doga-bilimleri-uygulama-ve-arastirma-merkezi\/wp-json\/wp\/v2\/pages\/72\/revisions\/73"}],"wp:attachment":[{"href":"http:\/\/ticaret.edu.tr\/cevre-ve-doga-bilimleri-uygulama-ve-arastirma-merkezi\/wp-json\/wp\/v2\/media?parent=72"}],"curies":[{"name":"wp","href":"https:\/\/api.w.org\/{rel}","templated":true}]}}