{"id":44,"date":"2025-02-28T14:06:04","date_gmt":"2025-02-28T11:06:04","guid":{"rendered":"https:\/\/ticaret.edu.tr\/destek-hizmetleri-daire-baskanligi\/?page_id=44"},"modified":"2025-08-01T17:35:53","modified_gmt":"2025-08-01T14:35:53","slug":"hakkimizda","status":"publish","type":"page","link":"http:\/\/ticaret.edu.tr\/destek-hizmetleri-daire-baskanligi\/hakkimizda\/","title":{"rendered":"Hakk\u0131m\u0131zda"},"content":{"rendered":"<p><strong>DESTEK H\u0130ZMETLER\u0130 DA\u0130RE BA\u015eKANLI\u011eI<\/strong><\/p>\n<p>Destek Hizmetleri Daire Ba\u015fkanl\u0131\u011f\u0131, \u0130dari \u0130\u015fler Birimi ile Yap\u0131 ve Teknik \u0130\u015fler Birimi olmak \u00fczere 2 birimden olu\u015fmaktad\u0131r.<\/p>\n<p><strong>\u0130dari \u0130\u015fler Birimi<\/strong><\/p>\n<p>\u00dcniversitemiz misyonu, vizyonu ve kalite standartlar\u0131na uygun olarak hizmetlerin ekonomik ve etkin bir \u015fekilde yerine getirilmesi, mevcut kaynaklar\u0131n en verimli \u015fekilde kullan\u0131lmas\u0131 i\u00e7in kendisine ba\u011fl\u0131 birimlerden ve bu birimlerin faaliyetlerinden sorumludur. Sorumlu oldu\u011fu ula\u015ft\u0131rma, temizlik, g\u00fcvenlik, \u00e7ay ocaklar\u0131, dan\u0131\u015fma, \u0130SG, sivil savunma alanlar\u0131nda, hizmet kalitesinin s\u00fcreklili\u011fi i\u00e7in h\u0131zl\u0131 ve etkili \u00e7\u00f6z\u00fcm \u00fcreterek hizmet vermektedir.<\/p>\n<p><strong>\u0130leti\u015fim<\/strong>: sinanaydin@ticaret.edu.tr<\/p>\n<p><strong>Yap\u0131 ve Teknik \u0130\u015fler Birimi<\/strong><\/p>\n<p>\u00dcniversitemizin yap\u0131m, onar\u0131m,\u00a0altyap\u0131, \u00e7evre d\u00fczenleme, yerle\u015fim, proje ve teknik destek hizmetlerini ger\u00e7ekle\u015ftirmektedir. \u0130\u015flevsellik, estetik ve verimlilik ad\u0131yla yola \u00e7\u0131karak s\u00fcrd\u00fcr\u00fclebilir ve etkin \u00e7\u00f6z\u00fcmler sunmay\u0131 ama\u00e7 edinmekte olup her t\u00fcrl\u00fc i\u015fin yakla\u015f\u0131k maliyeti, kontrol\u00fc, hakedi\u015fi, kabul i\u015flemleri, vb. envanterler birimimiz taraf\u0131ndan y\u00fcr\u00fct\u00fclmektedir.<\/p>\n<p><strong>\u0130leti\u015fim<\/strong>: teknik@ticaret.edu.tr<\/p>\n","protected":false},"excerpt":{"rendered":"<p>DESTEK H\u0130ZMETLER\u0130 DA\u0130RE BA\u015eKANLI\u011eI Destek Hizmetleri Daire Ba\u015fkanl\u0131\u011f\u0131, \u0130dari \u0130\u015fler Birimi ile Yap\u0131 ve Teknik \u0130\u015fler Birimi olmak \u00fczere 2 birimden olu\u015fmaktad\u0131r. \u0130dari \u0130\u015fler Birimi \u00dcniversitemiz misyonu, vizyonu ve kalite standartlar\u0131na uygun olarak hizmetlerin ekonomik ve etkin bir \u015fekilde yerine getirilmesi, mevcut kaynaklar\u0131n en verimli \u015fekilde kullan\u0131lmas\u0131 i\u00e7in kendisine ba\u011fl\u0131 birimlerden ve bu birimlerin faaliyetlerinden [&hellip;]<\/p>\n","protected":false},"author":228,"featured_media":0,"parent":0,"menu_order":0,"comment_status":"closed","ping_status":"closed","template":"genel_sayfa.php","meta":{"footnotes":""},"yoast_head":"<!-- This site is optimized with the Yoast SEO Premium plugin v22.1 (Yoast SEO v22.1) - https:\/\/yoast.com\/wordpress\/plugins\/seo\/ -->\n<title>Hakk\u0131m\u0131zda - Destek Hizmetleri Daire Ba\u015fkanl\u0131\u011f\u0131<\/title>\n<meta name=\"robots\" content=\"index, follow, max-snippet:-1, max-image-preview:large, max-video-preview:-1\" \/>\n<link rel=\"canonical\" href=\"http:\/\/ticaret.edu.tr\/destek-hizmetleri-daire-baskanligi\/hakkimizda\/\" \/>\n<meta property=\"og:locale\" content=\"tr_TR\" \/>\n<meta property=\"og:type\" content=\"article\" \/>\n<meta property=\"og:title\" content=\"Hakk\u0131m\u0131zda\" \/>\n<meta property=\"og:description\" content=\"DESTEK H\u0130ZMETLER\u0130 DA\u0130RE BA\u015eKANLI\u011eI Destek Hizmetleri Daire Ba\u015fkanl\u0131\u011f\u0131, \u0130dari \u0130\u015fler Birimi ile Yap\u0131 ve Teknik \u0130\u015fler Birimi olmak \u00fczere 2 birimden olu\u015fmaktad\u0131r. \u0130dari \u0130\u015fler Birimi \u00dcniversitemiz misyonu, vizyonu ve kalite standartlar\u0131na uygun olarak hizmetlerin ekonomik ve etkin bir \u015fekilde yerine getirilmesi, mevcut kaynaklar\u0131n en verimli \u015fekilde kullan\u0131lmas\u0131 i\u00e7in kendisine ba\u011fl\u0131 birimlerden ve bu birimlerin faaliyetlerinden [&hellip;]\" \/>\n<meta property=\"og:url\" content=\"http:\/\/ticaret.edu.tr\/destek-hizmetleri-daire-baskanligi\/hakkimizda\/\" \/>\n<meta property=\"og:site_name\" content=\"Destek Hizmetleri Daire Ba\u015fkanl\u0131\u011f\u0131\" \/>\n<meta property=\"article:publisher\" content=\"https:\/\/www.facebook.com\/ticaretedutr\" \/>\n<meta property=\"article:modified_time\" content=\"2025-08-01T14:35:53+00:00\" \/>\n<meta property=\"og:image\" content=\"http:\/\/ticaret.edu.tr\/destek-hizmetleri-daire-baskanligi\/wp-content\/uploads\/sites\/65\/2021\/11\/web_logo-01.jpg\" \/>\n\t<meta property=\"og:image:width\" content=\"1250\" \/>\n\t<meta property=\"og:image:height\" content=\"833\" \/>\n\t<meta property=\"og:image:type\" content=\"image\/jpeg\" \/>\n<meta name=\"twitter:card\" content=\"summary_large_image\" \/>\n<meta name=\"twitter:site\" content=\"@ticaretedutr\" \/>\n<meta name=\"twitter:label1\" content=\"Tahmini okuma s\u00fcresi\" \/>\n\t<meta name=\"twitter:data1\" content=\"1 dakika\" \/>\n<script type=\"application\/ld+json\" class=\"yoast-schema-graph\">{\"@context\":\"https:\/\/schema.org\",\"@graph\":[{\"@type\":\"WebPage\",\"@id\":\"http:\/\/ticaret.edu.tr\/destek-hizmetleri-daire-baskanligi\/hakkimizda\/\",\"url\":\"http:\/\/ticaret.edu.tr\/destek-hizmetleri-daire-baskanligi\/hakkimizda\/\",\"name\":\"Hakk\u0131m\u0131zda - Destek Hizmetleri Daire Ba\u015fkanl\u0131\u011f\u0131\",\"isPartOf\":{\"@id\":\"https:\/\/ticaret.edu.tr\/destek-hizmetleri-daire-baskanligi\/en\/#website\"},\"datePublished\":\"2025-02-28T11:06:04+00:00\",\"dateModified\":\"2025-08-01T14:35:53+00:00\",\"breadcrumb\":{\"@id\":\"http:\/\/ticaret.edu.tr\/destek-hizmetleri-daire-baskanligi\/hakkimizda\/#breadcrumb\"},\"inLanguage\":\"tr\",\"potentialAction\":[{\"@type\":\"ReadAction\",\"target\":[\"http:\/\/ticaret.edu.tr\/destek-hizmetleri-daire-baskanligi\/hakkimizda\/\"]}]},{\"@type\":\"BreadcrumbList\",\"@id\":\"http:\/\/ticaret.edu.tr\/destek-hizmetleri-daire-baskanligi\/hakkimizda\/#breadcrumb\",\"itemListElement\":[{\"@type\":\"ListItem\",\"position\":1,\"name\":\"Anasayfa\",\"item\":\"http:\/\/ticaret.edu.tr\/destek-hizmetleri-daire-baskanligi\/\"},{\"@type\":\"ListItem\",\"position\":2,\"name\":\"Hakk\u0131m\u0131zda\"}]},{\"@type\":\"WebSite\",\"@id\":\"https:\/\/ticaret.edu.tr\/destek-hizmetleri-daire-baskanligi\/en\/#website\",\"url\":\"https:\/\/ticaret.edu.tr\/destek-hizmetleri-daire-baskanligi\/en\/\",\"name\":\"Destek Hizmetleri Daire Ba\u015fkanl\u0131\u011f\u0131\",\"description\":\"Bir ba\u015fka \u0130stanbul Ticaret \u00dcniversitesi site sitesi\",\"potentialAction\":[{\"@type\":\"SearchAction\",\"target\":{\"@type\":\"EntryPoint\",\"urlTemplate\":\"https:\/\/ticaret.edu.tr\/destek-hizmetleri-daire-baskanligi\/en\/?s={search_term_string}\"},\"query-input\":\"required name=search_term_string\"}],\"inLanguage\":\"tr\"}]}<\/script>\n<!-- \/ Yoast SEO Premium plugin. -->","yoast_head_json":{"title":"Hakk\u0131m\u0131zda - Destek Hizmetleri Daire Ba\u015fkanl\u0131\u011f\u0131","robots":{"index":"index","follow":"follow","max-snippet":"max-snippet:-1","max-image-preview":"max-image-preview:large","max-video-preview":"max-video-preview:-1"},"canonical":"http:\/\/ticaret.edu.tr\/destek-hizmetleri-daire-baskanligi\/hakkimizda\/","og_locale":"tr_TR","og_type":"article","og_title":"Hakk\u0131m\u0131zda","og_description":"DESTEK H\u0130ZMETLER\u0130 DA\u0130RE BA\u015eKANLI\u011eI Destek Hizmetleri Daire Ba\u015fkanl\u0131\u011f\u0131, \u0130dari \u0130\u015fler Birimi ile Yap\u0131 ve Teknik \u0130\u015fler Birimi olmak \u00fczere 2 birimden olu\u015fmaktad\u0131r. \u0130dari \u0130\u015fler Birimi \u00dcniversitemiz misyonu, vizyonu ve kalite standartlar\u0131na uygun olarak hizmetlerin ekonomik ve etkin bir \u015fekilde yerine getirilmesi, mevcut kaynaklar\u0131n en verimli \u015fekilde kullan\u0131lmas\u0131 i\u00e7in kendisine ba\u011fl\u0131 birimlerden ve bu birimlerin faaliyetlerinden [&hellip;]","og_url":"http:\/\/ticaret.edu.tr\/destek-hizmetleri-daire-baskanligi\/hakkimizda\/","og_site_name":"Destek Hizmetleri Daire Ba\u015fkanl\u0131\u011f\u0131","article_publisher":"https:\/\/www.facebook.com\/ticaretedutr","article_modified_time":"2025-08-01T14:35:53+00:00","og_image":[{"width":1250,"height":833,"url":"http:\/\/ticaret.edu.tr\/destek-hizmetleri-daire-baskanligi\/wp-content\/uploads\/sites\/65\/2021\/11\/web_logo-01.jpg","type":"image\/jpeg"}],"twitter_card":"summary_large_image","twitter_site":"@ticaretedutr","twitter_misc":{"Tahmini okuma s\u00fcresi":"1 dakika"},"schema":{"@context":"https:\/\/schema.org","@graph":[{"@type":"WebPage","@id":"http:\/\/ticaret.edu.tr\/destek-hizmetleri-daire-baskanligi\/hakkimizda\/","url":"http:\/\/ticaret.edu.tr\/destek-hizmetleri-daire-baskanligi\/hakkimizda\/","name":"Hakk\u0131m\u0131zda - Destek Hizmetleri Daire Ba\u015fkanl\u0131\u011f\u0131","isPartOf":{"@id":"https:\/\/ticaret.edu.tr\/destek-hizmetleri-daire-baskanligi\/en\/#website"},"datePublished":"2025-02-28T11:06:04+00:00","dateModified":"2025-08-01T14:35:53+00:00","breadcrumb":{"@id":"http:\/\/ticaret.edu.tr\/destek-hizmetleri-daire-baskanligi\/hakkimizda\/#breadcrumb"},"inLanguage":"tr","potentialAction":[{"@type":"ReadAction","target":["http:\/\/ticaret.edu.tr\/destek-hizmetleri-daire-baskanligi\/hakkimizda\/"]}]},{"@type":"BreadcrumbList","@id":"http:\/\/ticaret.edu.tr\/destek-hizmetleri-daire-baskanligi\/hakkimizda\/#breadcrumb","itemListElement":[{"@type":"ListItem","position":1,"name":"Anasayfa","item":"http:\/\/ticaret.edu.tr\/destek-hizmetleri-daire-baskanligi\/"},{"@type":"ListItem","position":2,"name":"Hakk\u0131m\u0131zda"}]},{"@type":"WebSite","@id":"https:\/\/ticaret.edu.tr\/destek-hizmetleri-daire-baskanligi\/en\/#website","url":"https:\/\/ticaret.edu.tr\/destek-hizmetleri-daire-baskanligi\/en\/","name":"Destek Hizmetleri Daire Ba\u015fkanl\u0131\u011f\u0131","description":"Bir ba\u015fka \u0130stanbul Ticaret \u00dcniversitesi site sitesi","potentialAction":[{"@type":"SearchAction","target":{"@type":"EntryPoint","urlTemplate":"https:\/\/ticaret.edu.tr\/destek-hizmetleri-daire-baskanligi\/en\/?s={search_term_string}"},"query-input":"required name=search_term_string"}],"inLanguage":"tr"}]}},"lang":"tr","translations":{"en":47,"tr":44},"pll_sync_post":[],"_links":{"self":[{"href":"http:\/\/ticaret.edu.tr\/destek-hizmetleri-daire-baskanligi\/wp-json\/wp\/v2\/pages\/44"}],"collection":[{"href":"http:\/\/ticaret.edu.tr\/destek-hizmetleri-daire-baskanligi\/wp-json\/wp\/v2\/pages"}],"about":[{"href":"http:\/\/ticaret.edu.tr\/destek-hizmetleri-daire-baskanligi\/wp-json\/wp\/v2\/types\/page"}],"author":[{"embeddable":true,"href":"http:\/\/ticaret.edu.tr\/destek-hizmetleri-daire-baskanligi\/wp-json\/wp\/v2\/users\/228"}],"replies":[{"embeddable":true,"href":"http:\/\/ticaret.edu.tr\/destek-hizmetleri-daire-baskanligi\/wp-json\/wp\/v2\/comments?post=44"}],"version-history":[{"count":2,"href":"http:\/\/ticaret.edu.tr\/destek-hizmetleri-daire-baskanligi\/wp-json\/wp\/v2\/pages\/44\/revisions"}],"predecessor-version":[{"id":82,"href":"http:\/\/ticaret.edu.tr\/destek-hizmetleri-daire-baskanligi\/wp-json\/wp\/v2\/pages\/44\/revisions\/82"}],"wp:attachment":[{"href":"http:\/\/ticaret.edu.tr\/destek-hizmetleri-daire-baskanligi\/wp-json\/wp\/v2\/media?parent=44"}],"curies":[{"name":"wp","href":"https:\/\/api.w.org\/{rel}","templated":true}]}}