{"id":47,"date":"2025-02-28T14:06:46","date_gmt":"2025-02-28T11:06:46","guid":{"rendered":"https:\/\/ticaret.edu.tr\/destek-hizmetleri-daire-baskanligi\/?page_id=47"},"modified":"2025-02-28T14:06:55","modified_gmt":"2025-02-28T11:06:55","slug":"about-us","status":"publish","type":"page","link":"http:\/\/ticaret.edu.tr\/destek-hizmetleri-daire-baskanligi\/en\/about-us\/","title":{"rendered":"About Us"},"content":{"rendered":"<p><strong>OFFICE OF MAINTENANCE SUPPORT SERVICES<\/strong><\/p>\n<p>Office of Maintenance Support Services consists of 2 units, the Administrative Affairs Unit and the Construction and Technical Affairs Unit.<\/p>\n<p><strong>Administrative Affairs Unit<\/strong><\/p>\n<p>Administrative Affairs Unit is responsible for the units affiliated with it and for the activities of these units, in respect of the provision of the services in an economical and effective way and the utilization of the available resources in the most efficient way, in accordance with the mission, vision and quality standards of the University. Administrative Affairs Unit provides services by producing fast and effective solutions for the continuity of service quality in the fields it is responsible for, which are transportation services, cleaning services, security services, teahouses, information offices, occupational health and safety (OHS) and civil defense.<\/p>\n<p><strong>Construction and Technical Affairs Unit<\/strong><\/p>\n<p>Construction and Technical Affairs Unit provides construction, repair, infrastructure, landscaping, layout, project and technical support services of the University. Construction and Technical Affairs Unit aims to provide sustainable and effective solutions based on functionality, aesthetics and efficiency, and to this end, carries out the procedures for cost approximation, control, progress payment, project acceptance, inventories, etc. of any and all kinds of work.<\/p>\n","protected":false},"excerpt":{"rendered":"<p>OFFICE OF MAINTENANCE SUPPORT SERVICES Office of Maintenance Support Services consists of 2 units, the Administrative Affairs Unit and the Construction and Technical Affairs Unit. Administrative Affairs Unit Administrative Affairs Unit is responsible for the units affiliated with it and for the activities of these units, in respect of the provision of the services in [&hellip;]<\/p>\n","protected":false},"author":228,"featured_media":0,"parent":0,"menu_order":0,"comment_status":"closed","ping_status":"closed","template":"genel_sayfa.php","meta":{"footnotes":""},"yoast_head":"<!-- This site is optimized with the Yoast SEO Premium plugin v22.1 (Yoast SEO v22.1) - https:\/\/yoast.com\/wordpress\/plugins\/seo\/ -->\n<title>About Us - Destek Hizmetleri Daire Ba\u015fkanl\u0131\u011f\u0131<\/title>\n<meta name=\"robots\" content=\"index, follow, max-snippet:-1, max-image-preview:large, max-video-preview:-1\" \/>\n<link rel=\"canonical\" href=\"https:\/\/ticaret.edu.tr\/destek-hizmetleri-daire-baskanligi\/en\/about-us\/\" \/>\n<meta property=\"og:locale\" content=\"tr_TR\" \/>\n<meta property=\"og:type\" content=\"article\" \/>\n<meta property=\"og:title\" content=\"About Us\" \/>\n<meta property=\"og:description\" content=\"OFFICE OF MAINTENANCE SUPPORT SERVICES Office of Maintenance Support Services consists of 2 units, the Administrative Affairs Unit and the Construction and Technical Affairs Unit. Administrative Affairs Unit Administrative Affairs Unit is responsible for the units affiliated with it and for the activities of these units, in respect of the provision of the services in [&hellip;]\" \/>\n<meta property=\"og:url\" content=\"https:\/\/ticaret.edu.tr\/destek-hizmetleri-daire-baskanligi\/en\/about-us\/\" \/>\n<meta property=\"og:site_name\" content=\"Destek Hizmetleri Daire Ba\u015fkanl\u0131\u011f\u0131\" \/>\n<meta property=\"article:publisher\" content=\"https:\/\/www.facebook.com\/ticaretedutr\" \/>\n<meta property=\"article:modified_time\" content=\"2025-02-28T11:06:55+00:00\" \/>\n<meta property=\"og:image\" content=\"http:\/\/ticaret.edu.tr\/destek-hizmetleri-daire-baskanligi\/wp-content\/uploads\/sites\/65\/2021\/11\/web_logo-01.jpg\" \/>\n\t<meta property=\"og:image:width\" content=\"1250\" \/>\n\t<meta property=\"og:image:height\" content=\"833\" \/>\n\t<meta property=\"og:image:type\" content=\"image\/jpeg\" \/>\n<meta name=\"twitter:card\" content=\"summary_large_image\" \/>\n<meta name=\"twitter:site\" content=\"@ticaretedutr\" \/>\n<meta name=\"twitter:label1\" content=\"Tahmini okuma s\u00fcresi\" \/>\n\t<meta name=\"twitter:data1\" content=\"2 dakika\" \/>\n<script type=\"application\/ld+json\" class=\"yoast-schema-graph\">{\"@context\":\"https:\/\/schema.org\",\"@graph\":[{\"@type\":\"WebPage\",\"@id\":\"https:\/\/ticaret.edu.tr\/destek-hizmetleri-daire-baskanligi\/en\/about-us\/\",\"url\":\"https:\/\/ticaret.edu.tr\/destek-hizmetleri-daire-baskanligi\/en\/about-us\/\",\"name\":\"About Us - Destek Hizmetleri Daire Ba\u015fkanl\u0131\u011f\u0131\",\"isPartOf\":{\"@id\":\"https:\/\/ticaret.edu.tr\/destek-hizmetleri-daire-baskanligi\/en\/#website\"},\"datePublished\":\"2025-02-28T11:06:46+00:00\",\"dateModified\":\"2025-02-28T11:06:55+00:00\",\"breadcrumb\":{\"@id\":\"https:\/\/ticaret.edu.tr\/destek-hizmetleri-daire-baskanligi\/en\/about-us\/#breadcrumb\"},\"inLanguage\":\"tr\",\"potentialAction\":[{\"@type\":\"ReadAction\",\"target\":[\"https:\/\/ticaret.edu.tr\/destek-hizmetleri-daire-baskanligi\/en\/about-us\/\"]}]},{\"@type\":\"BreadcrumbList\",\"@id\":\"https:\/\/ticaret.edu.tr\/destek-hizmetleri-daire-baskanligi\/en\/about-us\/#breadcrumb\",\"itemListElement\":[{\"@type\":\"ListItem\",\"position\":1,\"name\":\"Anasayfa\",\"item\":\"http:\/\/ticaret.edu.tr\/destek-hizmetleri-daire-baskanligi\/\"},{\"@type\":\"ListItem\",\"position\":2,\"name\":\"About Us\"}]},{\"@type\":\"WebSite\",\"@id\":\"https:\/\/ticaret.edu.tr\/destek-hizmetleri-daire-baskanligi\/en\/#website\",\"url\":\"https:\/\/ticaret.edu.tr\/destek-hizmetleri-daire-baskanligi\/en\/\",\"name\":\"Destek Hizmetleri Daire Ba\u015fkanl\u0131\u011f\u0131\",\"description\":\"Bir ba\u015fka \u0130stanbul Ticaret \u00dcniversitesi site sitesi\",\"potentialAction\":[{\"@type\":\"SearchAction\",\"target\":{\"@type\":\"EntryPoint\",\"urlTemplate\":\"https:\/\/ticaret.edu.tr\/destek-hizmetleri-daire-baskanligi\/en\/?s={search_term_string}\"},\"query-input\":\"required name=search_term_string\"}],\"inLanguage\":\"tr\"}]}<\/script>\n<!-- \/ Yoast SEO Premium plugin. -->","yoast_head_json":{"title":"About Us - Destek Hizmetleri Daire Ba\u015fkanl\u0131\u011f\u0131","robots":{"index":"index","follow":"follow","max-snippet":"max-snippet:-1","max-image-preview":"max-image-preview:large","max-video-preview":"max-video-preview:-1"},"canonical":"https:\/\/ticaret.edu.tr\/destek-hizmetleri-daire-baskanligi\/en\/about-us\/","og_locale":"tr_TR","og_type":"article","og_title":"About Us","og_description":"OFFICE OF MAINTENANCE SUPPORT SERVICES Office of Maintenance Support Services consists of 2 units, the Administrative Affairs Unit and the Construction and Technical Affairs Unit. Administrative Affairs Unit Administrative Affairs Unit is responsible for the units affiliated with it and for the activities of these units, in respect of the provision of the services in [&hellip;]","og_url":"https:\/\/ticaret.edu.tr\/destek-hizmetleri-daire-baskanligi\/en\/about-us\/","og_site_name":"Destek Hizmetleri Daire Ba\u015fkanl\u0131\u011f\u0131","article_publisher":"https:\/\/www.facebook.com\/ticaretedutr","article_modified_time":"2025-02-28T11:06:55+00:00","og_image":[{"width":1250,"height":833,"url":"http:\/\/ticaret.edu.tr\/destek-hizmetleri-daire-baskanligi\/wp-content\/uploads\/sites\/65\/2021\/11\/web_logo-01.jpg","type":"image\/jpeg"}],"twitter_card":"summary_large_image","twitter_site":"@ticaretedutr","twitter_misc":{"Tahmini okuma s\u00fcresi":"2 dakika"},"schema":{"@context":"https:\/\/schema.org","@graph":[{"@type":"WebPage","@id":"https:\/\/ticaret.edu.tr\/destek-hizmetleri-daire-baskanligi\/en\/about-us\/","url":"https:\/\/ticaret.edu.tr\/destek-hizmetleri-daire-baskanligi\/en\/about-us\/","name":"About Us - Destek Hizmetleri Daire Ba\u015fkanl\u0131\u011f\u0131","isPartOf":{"@id":"https:\/\/ticaret.edu.tr\/destek-hizmetleri-daire-baskanligi\/en\/#website"},"datePublished":"2025-02-28T11:06:46+00:00","dateModified":"2025-02-28T11:06:55+00:00","breadcrumb":{"@id":"https:\/\/ticaret.edu.tr\/destek-hizmetleri-daire-baskanligi\/en\/about-us\/#breadcrumb"},"inLanguage":"tr","potentialAction":[{"@type":"ReadAction","target":["https:\/\/ticaret.edu.tr\/destek-hizmetleri-daire-baskanligi\/en\/about-us\/"]}]},{"@type":"BreadcrumbList","@id":"https:\/\/ticaret.edu.tr\/destek-hizmetleri-daire-baskanligi\/en\/about-us\/#breadcrumb","itemListElement":[{"@type":"ListItem","position":1,"name":"Anasayfa","item":"http:\/\/ticaret.edu.tr\/destek-hizmetleri-daire-baskanligi\/"},{"@type":"ListItem","position":2,"name":"About Us"}]},{"@type":"WebSite","@id":"https:\/\/ticaret.edu.tr\/destek-hizmetleri-daire-baskanligi\/en\/#website","url":"https:\/\/ticaret.edu.tr\/destek-hizmetleri-daire-baskanligi\/en\/","name":"Destek Hizmetleri Daire Ba\u015fkanl\u0131\u011f\u0131","description":"Bir ba\u015fka \u0130stanbul Ticaret \u00dcniversitesi site sitesi","potentialAction":[{"@type":"SearchAction","target":{"@type":"EntryPoint","urlTemplate":"https:\/\/ticaret.edu.tr\/destek-hizmetleri-daire-baskanligi\/en\/?s={search_term_string}"},"query-input":"required name=search_term_string"}],"inLanguage":"tr"}]}},"lang":"en","translations":{"en":47,"tr":44},"pll_sync_post":[],"_links":{"self":[{"href":"http:\/\/ticaret.edu.tr\/destek-hizmetleri-daire-baskanligi\/wp-json\/wp\/v2\/pages\/47"}],"collection":[{"href":"http:\/\/ticaret.edu.tr\/destek-hizmetleri-daire-baskanligi\/wp-json\/wp\/v2\/pages"}],"about":[{"href":"http:\/\/ticaret.edu.tr\/destek-hizmetleri-daire-baskanligi\/wp-json\/wp\/v2\/types\/page"}],"author":[{"embeddable":true,"href":"http:\/\/ticaret.edu.tr\/destek-hizmetleri-daire-baskanligi\/wp-json\/wp\/v2\/users\/228"}],"replies":[{"embeddable":true,"href":"http:\/\/ticaret.edu.tr\/destek-hizmetleri-daire-baskanligi\/wp-json\/wp\/v2\/comments?post=47"}],"version-history":[{"count":1,"href":"http:\/\/ticaret.edu.tr\/destek-hizmetleri-daire-baskanligi\/wp-json\/wp\/v2\/pages\/47\/revisions"}],"predecessor-version":[{"id":48,"href":"http:\/\/ticaret.edu.tr\/destek-hizmetleri-daire-baskanligi\/wp-json\/wp\/v2\/pages\/47\/revisions\/48"}],"wp:attachment":[{"href":"http:\/\/ticaret.edu.tr\/destek-hizmetleri-daire-baskanligi\/wp-json\/wp\/v2\/media?parent=47"}],"curies":[{"name":"wp","href":"https:\/\/api.w.org\/{rel}","templated":true}]}}