{"id":12,"date":"2020-07-20T07:50:58","date_gmt":"2020-07-20T04:50:58","guid":{"rendered":"http:\/\/ticaret.edu.tr\/dpua\/?page_id=12"},"modified":"2025-02-27T10:59:38","modified_gmt":"2025-02-27T07:59:38","slug":"hakkimizda","status":"publish","type":"page","link":"http:\/\/ticaret.edu.tr\/dusunce-ve-proje-uretim-akademisi\/hakkimizda\/","title":{"rendered":"Hakk\u0131m\u0131zda"},"content":{"rendered":"<div class=\"row\">\n<div class=\"col-12\">\n<div class=\"row\" style=\"text-align: center\"><strong>\u00a0\u0130STANBUL T\u0130CARET \u00dcN\u0130VERS\u0130TES\u0130 D\u00dc\u015e\u00dcNCE VE PROJE \u00dcRET\u0130M AKADEM\u0130S\u0130 (D\u00dcPA)<\/strong><\/div>\n<\/div>\n<\/div>\n<div class=\"row\">\n<div class=\"col-md-12\">\n<p>\u201cG20 2015\u201d d\u00f6nem ba\u015fkanl\u0131\u011f\u0131n\u0131 1 Aral\u0131k 2014 itibariyle T\u00fcrkiye devralm\u0131\u015ft\u0131r. Devletleraras\u0131 ekonomik i\u015f birli\u011finin en \u00f6nemli forumu olan G20, Asya finansal krizinin hemen sonras\u0131nda yedi geli\u015fmi\u015f \u00fclkenin finans bakanlar\u0131n\u0131n karar\u0131yla 26 Eyl\u00fcl 1999 tarihinde kurulmu\u015ftur. \u0130lk toplant\u0131s\u0131n\u0131 19 \u00fclke ve ilaveten AB \u00fclkelerinin finans bakanlar\u0131\/merkez bankas\u0131 ba\u015fkanlar\u0131n\u0131n kat\u0131l\u0131m\u0131yla, 15-16 Aral\u0131k 1999 tarihinde Berlin\u2019de ger\u00e7ekle\u015ftirmi\u015ftir. 2000\u2019lerin ba\u015f\u0131nda kat\u0131l\u0131mlar\u0131n bakanl\u0131k seviyesinde tutuldu\u011fu G20 toplant\u0131lar\u0131, 2008 sonras\u0131nda Washington\/ ABD\u2019de liderlerin kat\u0131l\u0131m\u0131yla ger\u00e7ekle\u015ftirilmi\u015ftir. 2008\u2019den bu yana, y\u0131l i\u00e7inde d\u00fczenlenen \u00e7al\u0131\u015fma grubu ve bakanlar seviyesinde ger\u00e7ekle\u015ftirilen toplant\u0131lar\u0131n yan\u0131 s\u0131ra, G20 toplant\u0131lar\u0131 \u00fclke liderleri seviyesinde yap\u0131lmaktad\u0131r.<\/p>\n<p>G20 taraf\u0131ndan olu\u015fturulan\u00a0<em>D\u00fc\u015f\u00fcnce 20 (T20)<\/em>\u00a0grubu ilk toplant\u0131s\u0131n\u0131 15 \u00fclkenin d\u00fc\u015f\u00fcnce kurulu\u015flar\u0131n\u0131n temsilcileriyle Meksika\u2019n\u0131n G20 d\u00f6nem ba\u015fkanl\u0131\u011f\u0131nda ger\u00e7ekle\u015ftirmi\u015ftir. Rusya ve Avustralya\u2019n\u0131n d\u00f6nem ba\u015fkanl\u0131klar\u0131 d\u00f6neminde de T20\u2019nin hem \u00fcye hem de program say\u0131s\u0131nda \u00f6nemli oranda art\u0131\u015f kaydedilmi\u015ftir.<\/p>\n<p>T\u00fcrkiye\u2019nin\u00a0<em>\u201cG20 2015\u201d<\/em>\u00a0d\u00f6nem ba\u015fkanl\u0131\u011f\u0131 s\u00fcresince\u00a0<em>D\u00fc\u015f\u00fcnce 20 (T20)<\/em>\u2019nin organizasyon ve koordinasyon g\u00f6revi\u00a0<em>T\u00fcrkiye Ekonomi Politikalar\u0131 Ara\u015ft\u0131rma Vakf\u0131 (TEPAV)<\/em>\u00a0taraf\u0131ndan y\u00fcr\u00fct\u00fclecektir. \u00dcniversitemiz b\u00fcnyesinde kurulmu\u015f olan\u00a0D\u00fc\u015f\u00fcnce ve Proje \u00dcretim Akademisi (D\u00dcPA);\u00a0TEPAV taraf\u0131ndan olu\u015fturulan \u201cT20 Ulusal Dan\u0131\u015fma Kurulu\u201cnun \u00fcyesidir.<\/p>\n<p>&nbsp;<\/p>\n<\/div>\n<\/div>\n<table style=\"height: 236px\" width=\"628\">\n<tbody>\n<tr>\n<td style=\"text-align: center\" width=\"326\"><strong>Y\u00f6netim Kurulu<\/strong><\/td>\n<td style=\"text-align: center\" width=\"194\"><strong>Dan\u0131\u015fma Kurulu<\/strong><\/td>\n<\/tr>\n<tr>\n<td style=\"text-align: center\">Prof. Dr. Naz\u0131m EKREN (M\u00fcd\u00fcr)<\/td>\n<td style=\"text-align: center\">Prof. Dr. Nihat ALAYO\u011eLU<\/td>\n<\/tr>\n<tr>\n<td style=\"text-align: center\">Dr. Mefule FINDIK\u00c7I ERDO\u011eAN (M\u00fcd\u00fcr Yard\u0131mc\u0131s\u0131)<\/td>\n<td style=\"text-align: center\">\u0130smail ERT\u00dcRK<\/td>\n<\/tr>\n<tr>\n<td style=\"text-align: center\">Prof. Dr. M. Said YAZICIO\u011eLU (\u00dcye)<\/td>\n<td style=\"text-align: center\">Atilla KURAMA<\/td>\n<\/tr>\n<tr>\n<td style=\"text-align: center\">Prof. Dr. El\u00e7in AYKA\u00c7 ALP (\u00dcye)<\/td>\n<td style=\"text-align: center\">Dr. Tevfik B\u0130LG\u0130N<\/td>\n<\/tr>\n<tr>\n<td style=\"text-align: center\">Prof. Dr. \u0130brahim BAZ (\u00dcye)<\/td>\n<td style=\"text-align: center\">Ba\u015far AY<\/td>\n<\/tr>\n<tr>\n<td style=\"text-align: center\">Prof. Dr. Celalettin AKTA\u015e (\u00dcye)<\/td>\n<td style=\"text-align: center\">Dr. \u0130nan\u00e7 A. S\u00d6ZER<\/td>\n<\/tr>\n<tr>\n<td style=\"text-align: center\"><\/td>\n<td style=\"text-align: center\">Vehbi KARABIYIK<\/td>\n<\/tr>\n<\/tbody>\n<\/table>\n<p>&nbsp;<\/p>\n<div class=\"row\">\n<div class=\"col-md-12\">\n<p style=\"text-align: center\"><strong>\u0130stanbul Ticaret \u00dcniversitesi D\u00fc\u015f\u00fcnce ve Proje \u00dcretim Akademisi (D\u00dcPA) \u00c7al\u0131\u015fma Usul ve Esaslar<\/strong><\/p>\n<p>D\u00fc\u015f\u00fcnce Ve Proje \u00dcretim Akademisi (D\u00dcPA) kurulu\u015f amac\u0131;<\/p>\n<ol>\n<li>Ekonomi, Ticaret, Siyaset, Sosyal, Finans, Teknik, Hukuk, \u0130leti\u015fim, Uluslararas\u0131 \u0130li\u015fkiler alanlarda, ara\u015ft\u0131rma faaliyetleri yapmak\/yapt\u0131rmak, \u00a0birey \u015firket kamu ve toplumun yetkinli\u011fini, kalitesini, rekabet g\u00fcc\u00fcn\u00fc artt\u0131racak, d\u00fc\u015f\u00fcnce ve proje \u00fcretmek, desteklemek, i\u015fbirli\u011fi yapmak.<\/li>\n<li>\u00dcniversitenin lisans, lisans\u00fcst\u00fc programlar\u0131ndaki, uygulama ve ara\u015ft\u0131rma merkezlerinde g\u00f6revli akademisyen, \u00f6\u011frenci ve idari personelin bilgi birikimi, tecr\u00fcbe ve yetki n l i\u011fini de\u011ferlendirerek teorik, uygulamal\u0131 ve tematik ara\u015ft\u0131rmalar yapmak\/yapt\u0131rmak, projeler ve raporlar haz\u0131rlamak\/haz\u0131rlatmak, yay\u0131nlar yapmak\/yapt\u0131rmak, \u00a0bilimsel \u00e7al\u0131\u015fmalar ve etkinlikler d\u00fczenlemek\/d\u00fczenletmek, bu t\u00fcr etkinliklere kat\u0131lmakt\u0131r.<\/li>\n<li>Ger\u00e7ek ve t\u00fczel kamu ve \u00f6zel kesim ki\u015filerinin talep etti\u011fi ara\u015ft\u0131rmalar\u0131 yapmak\/yapt\u0131rmak, projeleri ve raporlar\u0131 haz\u0131rlamak\/haz\u0131rlatmak, yay\u0131nlar\u0131 yapmak\/yapt\u0131rmak, bilimsel \u00e7al\u0131\u015fmalar\u0131 ve etkinlikleri d\u00fczenlemek\/d\u00fczenletmektir.<\/li>\n<li>Yerli ve yabanc\u0131 kurum ve kurulu\u015flarla i\u015fbirli\u011fi yaparak ara\u015ft\u0131rmalar yapmak\/yapt\u0131rmak, projeler ve raporlar haz\u0131rlamak\/haz\u0131rlatmak, yay\u0131nlar \u00a0yapmak\/yapt\u0131rmak, bilimsel \u00a0\u00e7al\u0131\u015fmalar ve etkinlikler d\u00fczenlemek\/d\u00fczenletmektir.<\/li>\n<li>Yukar\u0131daki ama\u00e7lar\u0131n ger\u00e7ekle\u015ftirilmesinde, uygulama ve ara\u015ft\u0131rma merkezleri ve enstit\u00fclerdeki programlarla i\u015fbirli\u011fi yapmakt\u0131r.<\/li>\n<\/ol>\n<\/div>\n<p>&nbsp;<\/p>\n<\/div>\n","protected":false},"excerpt":{"rendered":"<p>\u00a0\u0130STANBUL T\u0130CARET \u00dcN\u0130VERS\u0130TES\u0130 D\u00dc\u015e\u00dcNCE VE PROJE \u00dcRET\u0130M AKADEM\u0130S\u0130 (D\u00dcPA) \u201cG20 2015\u201d d\u00f6nem ba\u015fkanl\u0131\u011f\u0131n\u0131 1 Aral\u0131k 2014 itibariyle T\u00fcrkiye devralm\u0131\u015ft\u0131r. Devletleraras\u0131 ekonomik i\u015f birli\u011finin en \u00f6nemli forumu olan G20, Asya finansal krizinin hemen sonras\u0131nda yedi geli\u015fmi\u015f \u00fclkenin finans bakanlar\u0131n\u0131n karar\u0131yla 26 Eyl\u00fcl 1999 tarihinde kurulmu\u015ftur. \u0130lk toplant\u0131s\u0131n\u0131 19 \u00fclke ve ilaveten AB \u00fclkelerinin finans bakanlar\u0131\/merkez bankas\u0131 [&hellip;]<\/p>\n","protected":false},"author":143,"featured_media":0,"parent":0,"menu_order":0,"comment_status":"closed","ping_status":"closed","template":"genel_sayfa.php","meta":{"footnotes":""},"yoast_head":"<!-- This site is optimized with the Yoast SEO Premium plugin v22.1 (Yoast SEO v22.1) - https:\/\/yoast.com\/wordpress\/plugins\/seo\/ -->\n<title>Hakk\u0131m\u0131zda - D\u00fc\u015f\u00fcnce ve Proje \u00dcretim Akademisi<\/title>\n<meta name=\"robots\" content=\"index, follow, max-snippet:-1, max-image-preview:large, max-video-preview:-1\" \/>\n<link rel=\"canonical\" href=\"http:\/\/ticaret.edu.tr\/dusunce-ve-proje-uretim-akademisi\/hakkimizda\/\" \/>\n<meta property=\"og:locale\" content=\"tr_TR\" \/>\n<meta property=\"og:type\" content=\"article\" \/>\n<meta property=\"og:title\" content=\"Hakk\u0131m\u0131zda\" \/>\n<meta property=\"og:description\" content=\"\u00a0\u0130STANBUL T\u0130CARET \u00dcN\u0130VERS\u0130TES\u0130 D\u00dc\u015e\u00dcNCE VE PROJE \u00dcRET\u0130M AKADEM\u0130S\u0130 (D\u00dcPA) \u201cG20 2015\u201d d\u00f6nem ba\u015fkanl\u0131\u011f\u0131n\u0131 1 Aral\u0131k 2014 itibariyle T\u00fcrkiye devralm\u0131\u015ft\u0131r. Devletleraras\u0131 ekonomik i\u015f birli\u011finin en \u00f6nemli forumu olan G20, Asya finansal krizinin hemen sonras\u0131nda yedi geli\u015fmi\u015f \u00fclkenin finans bakanlar\u0131n\u0131n karar\u0131yla 26 Eyl\u00fcl 1999 tarihinde kurulmu\u015ftur. \u0130lk toplant\u0131s\u0131n\u0131 19 \u00fclke ve ilaveten AB \u00fclkelerinin finans bakanlar\u0131\/merkez bankas\u0131 [&hellip;]\" \/>\n<meta property=\"og:url\" content=\"http:\/\/ticaret.edu.tr\/dusunce-ve-proje-uretim-akademisi\/hakkimizda\/\" \/>\n<meta property=\"og:site_name\" content=\"D\u00fc\u015f\u00fcnce ve Proje \u00dcretim Akademisi\" \/>\n<meta property=\"article:publisher\" content=\"https:\/\/www.facebook.com\/ticaretedutr\" \/>\n<meta property=\"article:modified_time\" content=\"2025-02-27T07:59:38+00:00\" \/>\n<meta property=\"og:image\" content=\"http:\/\/ticaret.edu.tr\/dusunce-ve-proje-uretim-akademisi\/wp-content\/uploads\/sites\/54\/2021\/11\/web_logo-01.jpg\" \/>\n\t<meta property=\"og:image:width\" content=\"1250\" \/>\n\t<meta property=\"og:image:height\" content=\"833\" \/>\n\t<meta property=\"og:image:type\" content=\"image\/jpeg\" \/>\n<meta name=\"twitter:card\" content=\"summary_large_image\" \/>\n<meta name=\"twitter:site\" content=\"@ticaretedutr\" \/>\n<meta name=\"twitter:label1\" content=\"Tahmini okuma s\u00fcresi\" \/>\n\t<meta name=\"twitter:data1\" content=\"3 dakika\" \/>\n<script type=\"application\/ld+json\" class=\"yoast-schema-graph\">{\"@context\":\"https:\/\/schema.org\",\"@graph\":[{\"@type\":\"WebPage\",\"@id\":\"http:\/\/ticaret.edu.tr\/dusunce-ve-proje-uretim-akademisi\/hakkimizda\/\",\"url\":\"http:\/\/ticaret.edu.tr\/dusunce-ve-proje-uretim-akademisi\/hakkimizda\/\",\"name\":\"Hakk\u0131m\u0131zda - D\u00fc\u015f\u00fcnce ve Proje \u00dcretim Akademisi\",\"isPartOf\":{\"@id\":\"https:\/\/ticaret.edu.tr\/dusunce-ve-proje-uretim-akademisi\/#website\"},\"datePublished\":\"2020-07-20T04:50:58+00:00\",\"dateModified\":\"2025-02-27T07:59:38+00:00\",\"breadcrumb\":{\"@id\":\"http:\/\/ticaret.edu.tr\/dusunce-ve-proje-uretim-akademisi\/hakkimizda\/#breadcrumb\"},\"inLanguage\":\"tr\",\"potentialAction\":[{\"@type\":\"ReadAction\",\"target\":[\"http:\/\/ticaret.edu.tr\/dusunce-ve-proje-uretim-akademisi\/hakkimizda\/\"]}]},{\"@type\":\"BreadcrumbList\",\"@id\":\"http:\/\/ticaret.edu.tr\/dusunce-ve-proje-uretim-akademisi\/hakkimizda\/#breadcrumb\",\"itemListElement\":[{\"@type\":\"ListItem\",\"position\":1,\"name\":\"Ana sayfa\",\"item\":\"https:\/\/ticaret.edu.tr\/dusunce-ve-proje-uretim-akademisi\/\"},{\"@type\":\"ListItem\",\"position\":2,\"name\":\"Hakk\u0131m\u0131zda\"}]},{\"@type\":\"WebSite\",\"@id\":\"https:\/\/ticaret.edu.tr\/dusunce-ve-proje-uretim-akademisi\/#website\",\"url\":\"https:\/\/ticaret.edu.tr\/dusunce-ve-proje-uretim-akademisi\/\",\"name\":\"D\u00fc\u015f\u00fcnce ve Proje \u00dcretim Akademisi\",\"description\":\"Bir ba\u015fka \u0130stanbul Ticaret \u00dcniversitesi site sitesi\",\"potentialAction\":[{\"@type\":\"SearchAction\",\"target\":{\"@type\":\"EntryPoint\",\"urlTemplate\":\"https:\/\/ticaret.edu.tr\/dusunce-ve-proje-uretim-akademisi\/?s={search_term_string}\"},\"query-input\":\"required name=search_term_string\"}],\"inLanguage\":\"tr\"}]}<\/script>\n<!-- \/ Yoast SEO Premium plugin. -->","yoast_head_json":{"title":"Hakk\u0131m\u0131zda - D\u00fc\u015f\u00fcnce ve Proje \u00dcretim Akademisi","robots":{"index":"index","follow":"follow","max-snippet":"max-snippet:-1","max-image-preview":"max-image-preview:large","max-video-preview":"max-video-preview:-1"},"canonical":"http:\/\/ticaret.edu.tr\/dusunce-ve-proje-uretim-akademisi\/hakkimizda\/","og_locale":"tr_TR","og_type":"article","og_title":"Hakk\u0131m\u0131zda","og_description":"\u00a0\u0130STANBUL T\u0130CARET \u00dcN\u0130VERS\u0130TES\u0130 D\u00dc\u015e\u00dcNCE VE PROJE \u00dcRET\u0130M AKADEM\u0130S\u0130 (D\u00dcPA) \u201cG20 2015\u201d d\u00f6nem ba\u015fkanl\u0131\u011f\u0131n\u0131 1 Aral\u0131k 2014 itibariyle T\u00fcrkiye devralm\u0131\u015ft\u0131r. Devletleraras\u0131 ekonomik i\u015f birli\u011finin en \u00f6nemli forumu olan G20, Asya finansal krizinin hemen sonras\u0131nda yedi geli\u015fmi\u015f \u00fclkenin finans bakanlar\u0131n\u0131n karar\u0131yla 26 Eyl\u00fcl 1999 tarihinde kurulmu\u015ftur. \u0130lk toplant\u0131s\u0131n\u0131 19 \u00fclke ve ilaveten AB \u00fclkelerinin finans bakanlar\u0131\/merkez bankas\u0131 [&hellip;]","og_url":"http:\/\/ticaret.edu.tr\/dusunce-ve-proje-uretim-akademisi\/hakkimizda\/","og_site_name":"D\u00fc\u015f\u00fcnce ve Proje \u00dcretim Akademisi","article_publisher":"https:\/\/www.facebook.com\/ticaretedutr","article_modified_time":"2025-02-27T07:59:38+00:00","og_image":[{"width":1250,"height":833,"url":"http:\/\/ticaret.edu.tr\/dusunce-ve-proje-uretim-akademisi\/wp-content\/uploads\/sites\/54\/2021\/11\/web_logo-01.jpg","type":"image\/jpeg"}],"twitter_card":"summary_large_image","twitter_site":"@ticaretedutr","twitter_misc":{"Tahmini okuma s\u00fcresi":"3 dakika"},"schema":{"@context":"https:\/\/schema.org","@graph":[{"@type":"WebPage","@id":"http:\/\/ticaret.edu.tr\/dusunce-ve-proje-uretim-akademisi\/hakkimizda\/","url":"http:\/\/ticaret.edu.tr\/dusunce-ve-proje-uretim-akademisi\/hakkimizda\/","name":"Hakk\u0131m\u0131zda - D\u00fc\u015f\u00fcnce ve Proje \u00dcretim Akademisi","isPartOf":{"@id":"https:\/\/ticaret.edu.tr\/dusunce-ve-proje-uretim-akademisi\/#website"},"datePublished":"2020-07-20T04:50:58+00:00","dateModified":"2025-02-27T07:59:38+00:00","breadcrumb":{"@id":"http:\/\/ticaret.edu.tr\/dusunce-ve-proje-uretim-akademisi\/hakkimizda\/#breadcrumb"},"inLanguage":"tr","potentialAction":[{"@type":"ReadAction","target":["http:\/\/ticaret.edu.tr\/dusunce-ve-proje-uretim-akademisi\/hakkimizda\/"]}]},{"@type":"BreadcrumbList","@id":"http:\/\/ticaret.edu.tr\/dusunce-ve-proje-uretim-akademisi\/hakkimizda\/#breadcrumb","itemListElement":[{"@type":"ListItem","position":1,"name":"Ana sayfa","item":"https:\/\/ticaret.edu.tr\/dusunce-ve-proje-uretim-akademisi\/"},{"@type":"ListItem","position":2,"name":"Hakk\u0131m\u0131zda"}]},{"@type":"WebSite","@id":"https:\/\/ticaret.edu.tr\/dusunce-ve-proje-uretim-akademisi\/#website","url":"https:\/\/ticaret.edu.tr\/dusunce-ve-proje-uretim-akademisi\/","name":"D\u00fc\u015f\u00fcnce ve Proje \u00dcretim Akademisi","description":"Bir ba\u015fka \u0130stanbul Ticaret \u00dcniversitesi site sitesi","potentialAction":[{"@type":"SearchAction","target":{"@type":"EntryPoint","urlTemplate":"https:\/\/ticaret.edu.tr\/dusunce-ve-proje-uretim-akademisi\/?s={search_term_string}"},"query-input":"required name=search_term_string"}],"inLanguage":"tr"}]}},"lang":"tr","translations":{"en":140,"tr":12},"pll_sync_post":[],"_links":{"self":[{"href":"http:\/\/ticaret.edu.tr\/dusunce-ve-proje-uretim-akademisi\/wp-json\/wp\/v2\/pages\/12"}],"collection":[{"href":"http:\/\/ticaret.edu.tr\/dusunce-ve-proje-uretim-akademisi\/wp-json\/wp\/v2\/pages"}],"about":[{"href":"http:\/\/ticaret.edu.tr\/dusunce-ve-proje-uretim-akademisi\/wp-json\/wp\/v2\/types\/page"}],"author":[{"embeddable":true,"href":"http:\/\/ticaret.edu.tr\/dusunce-ve-proje-uretim-akademisi\/wp-json\/wp\/v2\/users\/143"}],"replies":[{"embeddable":true,"href":"http:\/\/ticaret.edu.tr\/dusunce-ve-proje-uretim-akademisi\/wp-json\/wp\/v2\/comments?post=12"}],"version-history":[{"count":10,"href":"http:\/\/ticaret.edu.tr\/dusunce-ve-proje-uretim-akademisi\/wp-json\/wp\/v2\/pages\/12\/revisions"}],"predecessor-version":[{"id":258,"href":"http:\/\/ticaret.edu.tr\/dusunce-ve-proje-uretim-akademisi\/wp-json\/wp\/v2\/pages\/12\/revisions\/258"}],"wp:attachment":[{"href":"http:\/\/ticaret.edu.tr\/dusunce-ve-proje-uretim-akademisi\/wp-json\/wp\/v2\/media?parent=12"}],"curies":[{"name":"wp","href":"https:\/\/api.w.org\/{rel}","templated":true}]}}