{"id":313,"date":"2025-02-27T11:02:13","date_gmt":"2025-02-27T08:02:13","guid":{"rendered":"https:\/\/ticaret.edu.tr\/dusunce-ve-proje-uretim-akademisi\/?page_id=313"},"modified":"2025-02-27T11:02:20","modified_gmt":"2025-02-27T08:02:20","slug":"general-information","status":"publish","type":"page","link":"http:\/\/ticaret.edu.tr\/dusunce-ve-proje-uretim-akademisi\/en\/general-information\/","title":{"rendered":"General Information"},"content":{"rendered":"<p style=\"text-align: center\"><strong>Research and Project Development Academy<\/strong><strong><em> is a member of the T20 National Advisory Board.<\/em><\/strong><\/p>\n<p><strong>Istanbul Chamber of Sworn-in Certified Public Accountants Economic Expectation Index-1<\/strong><\/p>\n<p>You can access the results of the Istanbul Chamber of Sworn-in Certified Public Accountants Economic Expectation Index 2021 (1<sup>st <\/sup>&amp; 2<sup>nd<\/sup> quarters) prepared by the collaboration of the University of \u0130stanbul Ticaret Research and Project Development Academy (DUPA), Economy and Finance Applying and Research Centre (EFAM) and Istanbul Chamber of Sworn-in Certified Public Accountants (IYMM) via <a href=\"http:\/\/akademikportal.istanbulymmo.org.tr\/endeksler\/2020Q1-2\/\"><strong>clicking<\/strong> <\/a><strong>here.<\/strong><\/p>\n<p><strong>The result of the Economic Survey of COVID-19 Pandemic Period is published.<\/strong><\/p>\n<p>The study was started as of April 2020 with the aim of revealing the negativities experienced in the companies during the COVID-19 pandemic process and the solutions proposed to these negativities by the collaboration of IYMM, DUPA and EFAM.<\/p>\n<p>CSCPA Expectation Index study -has been carried out since 2017- an indicative index on real economic expectations is calculated and shared with the \u201cContemporary Turkish Economy\u201d panel series. Since the 2<sup>nd<\/sup> half of 2019, the scope of the study has been expanded and the problems of the enterprises and their solution advises are analysed. This study aimed to see the effects of the COVID-19 pandemic on the economy and to investigate the solutions to these side effects.<\/p>\n<p>You can access the study via <a href=\"http:\/\/akademikportal.istanbulymmo.org.tr\/4e78582f03713002325803471d4b7b9f\/covid19-ekonomi-anketi.pdf\"><strong>clicking here.<\/strong><\/a><\/p>\n<p><img loading=\"lazy\" decoding=\"async\" class=\"alignnone size-medium wp-image-137\" src=\"http:\/\/ticaret.edu.tr\/dpua\/wp-content\/uploads\/sites\/54\/2021\/09\/covid19-ekonomi-anketi-3-212x300.jpg\" alt=\"\" width=\"212\" height=\"300\" srcset=\"http:\/\/ticaret.edu.tr\/dusunce-ve-proje-uretim-akademisi\/wp-content\/uploads\/sites\/54\/2021\/09\/covid19-ekonomi-anketi-3-212x300.jpg 212w, http:\/\/ticaret.edu.tr\/dusunce-ve-proje-uretim-akademisi\/wp-content\/uploads\/sites\/54\/2021\/09\/covid19-ekonomi-anketi-3-724x1024.jpg 724w, http:\/\/ticaret.edu.tr\/dusunce-ve-proje-uretim-akademisi\/wp-content\/uploads\/sites\/54\/2021\/09\/covid19-ekonomi-anketi-3-768x1086.jpg 768w, http:\/\/ticaret.edu.tr\/dusunce-ve-proje-uretim-akademisi\/wp-content\/uploads\/sites\/54\/2021\/09\/covid19-ekonomi-anketi-3.jpg 1035w\" sizes=\"(max-width: 212px) 100vw, 212px\" \/><\/p>\n<p><strong>Istanbul Chamber of Sworn-in Certified Public Accountants Economic Expectation Index 2<\/strong><\/p>\n<p>You can access the results of the Istanbul Chamber of Sworn-in Certified Public Accountants Economic Expectation Index 2021 (3<sup>rd<\/sup> &amp; 4<sup>th<\/sup> quarters) prepared by the collaboration of University of \u0130stanbul Ticaret Thinking and Project Production Academy (DUPA), Economy and Finance Applying and Research Centre (EFAM) and Istanbul Chamber of Sworn-in Certified Public Accountants (IYMM) via<a href=\"http:\/\/akademikportal.istanbulymmo.org.tr\/sorunlar\/2021Q3-4\/\"> <strong>clicking here.<\/strong><\/a><\/p>\n","protected":false},"excerpt":{"rendered":"<p>Research and Project Development Academy is a member of the T20 National Advisory Board. Istanbul Chamber of Sworn-in Certified Public Accountants Economic Expectation Index-1 You can access the results of the Istanbul Chamber of Sworn-in Certified Public Accountants Economic Expectation Index 2021 (1st &amp; 2nd quarters) prepared by the collaboration of the University of \u0130stanbul [&hellip;]<\/p>\n","protected":false},"author":228,"featured_media":0,"parent":0,"menu_order":0,"comment_status":"closed","ping_status":"closed","template":"genel_sayfa.php","meta":{"footnotes":""},"yoast_head":"<!-- This site is optimized with the Yoast SEO Premium plugin v22.1 (Yoast SEO v22.1) - https:\/\/yoast.com\/wordpress\/plugins\/seo\/ -->\n<title>General Information - D\u00fc\u015f\u00fcnce ve Proje \u00dcretim Akademisi<\/title>\n<meta name=\"robots\" content=\"index, follow, max-snippet:-1, max-image-preview:large, max-video-preview:-1\" \/>\n<link rel=\"canonical\" href=\"http:\/\/ticaret.edu.tr\/dusunce-ve-proje-uretim-akademisi\/en\/general-information\/\" \/>\n<meta property=\"og:locale\" content=\"tr_TR\" \/>\n<meta property=\"og:type\" content=\"article\" \/>\n<meta property=\"og:title\" content=\"General Information\" \/>\n<meta property=\"og:description\" content=\"Research and Project Development Academy is a member of the T20 National Advisory Board. Istanbul Chamber of Sworn-in Certified Public Accountants Economic Expectation Index-1 You can access the results of the Istanbul Chamber of Sworn-in Certified Public Accountants Economic Expectation Index 2021 (1st &amp; 2nd quarters) prepared by the collaboration of the University of \u0130stanbul [&hellip;]\" \/>\n<meta property=\"og:url\" content=\"http:\/\/ticaret.edu.tr\/dusunce-ve-proje-uretim-akademisi\/en\/general-information\/\" \/>\n<meta property=\"og:site_name\" content=\"D\u00fc\u015f\u00fcnce ve Proje \u00dcretim Akademisi\" \/>\n<meta property=\"article:publisher\" content=\"https:\/\/www.facebook.com\/ticaretedutr\" \/>\n<meta property=\"article:modified_time\" content=\"2025-02-27T08:02:20+00:00\" \/>\n<meta property=\"og:image\" content=\"http:\/\/ticaret.edu.tr\/dpua\/wp-content\/uploads\/sites\/54\/2021\/09\/covid19-ekonomi-anketi-3-212x300.jpg\" \/>\n<meta name=\"twitter:card\" content=\"summary_large_image\" \/>\n<meta name=\"twitter:site\" content=\"@ticaretedutr\" \/>\n<meta name=\"twitter:label1\" content=\"Tahmini okuma s\u00fcresi\" \/>\n\t<meta name=\"twitter:data1\" content=\"2 dakika\" \/>\n<script type=\"application\/ld+json\" class=\"yoast-schema-graph\">{\"@context\":\"https:\/\/schema.org\",\"@graph\":[{\"@type\":\"WebPage\",\"@id\":\"http:\/\/ticaret.edu.tr\/dusunce-ve-proje-uretim-akademisi\/en\/general-information\/\",\"url\":\"http:\/\/ticaret.edu.tr\/dusunce-ve-proje-uretim-akademisi\/en\/general-information\/\",\"name\":\"General Information - D\u00fc\u015f\u00fcnce ve Proje \u00dcretim Akademisi\",\"isPartOf\":{\"@id\":\"https:\/\/ticaret.edu.tr\/dusunce-ve-proje-uretim-akademisi\/#website\"},\"datePublished\":\"2025-02-27T08:02:13+00:00\",\"dateModified\":\"2025-02-27T08:02:20+00:00\",\"breadcrumb\":{\"@id\":\"http:\/\/ticaret.edu.tr\/dusunce-ve-proje-uretim-akademisi\/en\/general-information\/#breadcrumb\"},\"inLanguage\":\"tr\",\"potentialAction\":[{\"@type\":\"ReadAction\",\"target\":[\"http:\/\/ticaret.edu.tr\/dusunce-ve-proje-uretim-akademisi\/en\/general-information\/\"]}]},{\"@type\":\"BreadcrumbList\",\"@id\":\"http:\/\/ticaret.edu.tr\/dusunce-ve-proje-uretim-akademisi\/en\/general-information\/#breadcrumb\",\"itemListElement\":[{\"@type\":\"ListItem\",\"position\":1,\"name\":\"Ana sayfa\",\"item\":\"https:\/\/ticaret.edu.tr\/dusunce-ve-proje-uretim-akademisi\/\"},{\"@type\":\"ListItem\",\"position\":2,\"name\":\"General Information\"}]},{\"@type\":\"WebSite\",\"@id\":\"https:\/\/ticaret.edu.tr\/dusunce-ve-proje-uretim-akademisi\/#website\",\"url\":\"https:\/\/ticaret.edu.tr\/dusunce-ve-proje-uretim-akademisi\/\",\"name\":\"D\u00fc\u015f\u00fcnce ve Proje \u00dcretim Akademisi\",\"description\":\"Bir ba\u015fka \u0130stanbul Ticaret \u00dcniversitesi site sitesi\",\"potentialAction\":[{\"@type\":\"SearchAction\",\"target\":{\"@type\":\"EntryPoint\",\"urlTemplate\":\"https:\/\/ticaret.edu.tr\/dusunce-ve-proje-uretim-akademisi\/?s={search_term_string}\"},\"query-input\":\"required name=search_term_string\"}],\"inLanguage\":\"tr\"}]}<\/script>\n<!-- \/ Yoast SEO Premium plugin. -->","yoast_head_json":{"title":"General Information - D\u00fc\u015f\u00fcnce ve Proje \u00dcretim Akademisi","robots":{"index":"index","follow":"follow","max-snippet":"max-snippet:-1","max-image-preview":"max-image-preview:large","max-video-preview":"max-video-preview:-1"},"canonical":"http:\/\/ticaret.edu.tr\/dusunce-ve-proje-uretim-akademisi\/en\/general-information\/","og_locale":"tr_TR","og_type":"article","og_title":"General Information","og_description":"Research and Project Development Academy is a member of the T20 National Advisory Board. Istanbul Chamber of Sworn-in Certified Public Accountants Economic Expectation Index-1 You can access the results of the Istanbul Chamber of Sworn-in Certified Public Accountants Economic Expectation Index 2021 (1st &amp; 2nd quarters) prepared by the collaboration of the University of \u0130stanbul [&hellip;]","og_url":"http:\/\/ticaret.edu.tr\/dusunce-ve-proje-uretim-akademisi\/en\/general-information\/","og_site_name":"D\u00fc\u015f\u00fcnce ve Proje \u00dcretim Akademisi","article_publisher":"https:\/\/www.facebook.com\/ticaretedutr","article_modified_time":"2025-02-27T08:02:20+00:00","og_image":[{"url":"http:\/\/ticaret.edu.tr\/dpua\/wp-content\/uploads\/sites\/54\/2021\/09\/covid19-ekonomi-anketi-3-212x300.jpg"}],"twitter_card":"summary_large_image","twitter_site":"@ticaretedutr","twitter_misc":{"Tahmini okuma s\u00fcresi":"2 dakika"},"schema":{"@context":"https:\/\/schema.org","@graph":[{"@type":"WebPage","@id":"http:\/\/ticaret.edu.tr\/dusunce-ve-proje-uretim-akademisi\/en\/general-information\/","url":"http:\/\/ticaret.edu.tr\/dusunce-ve-proje-uretim-akademisi\/en\/general-information\/","name":"General Information - D\u00fc\u015f\u00fcnce ve Proje \u00dcretim Akademisi","isPartOf":{"@id":"https:\/\/ticaret.edu.tr\/dusunce-ve-proje-uretim-akademisi\/#website"},"datePublished":"2025-02-27T08:02:13+00:00","dateModified":"2025-02-27T08:02:20+00:00","breadcrumb":{"@id":"http:\/\/ticaret.edu.tr\/dusunce-ve-proje-uretim-akademisi\/en\/general-information\/#breadcrumb"},"inLanguage":"tr","potentialAction":[{"@type":"ReadAction","target":["http:\/\/ticaret.edu.tr\/dusunce-ve-proje-uretim-akademisi\/en\/general-information\/"]}]},{"@type":"BreadcrumbList","@id":"http:\/\/ticaret.edu.tr\/dusunce-ve-proje-uretim-akademisi\/en\/general-information\/#breadcrumb","itemListElement":[{"@type":"ListItem","position":1,"name":"Ana sayfa","item":"https:\/\/ticaret.edu.tr\/dusunce-ve-proje-uretim-akademisi\/"},{"@type":"ListItem","position":2,"name":"General Information"}]},{"@type":"WebSite","@id":"https:\/\/ticaret.edu.tr\/dusunce-ve-proje-uretim-akademisi\/#website","url":"https:\/\/ticaret.edu.tr\/dusunce-ve-proje-uretim-akademisi\/","name":"D\u00fc\u015f\u00fcnce ve Proje \u00dcretim Akademisi","description":"Bir ba\u015fka \u0130stanbul Ticaret \u00dcniversitesi site sitesi","potentialAction":[{"@type":"SearchAction","target":{"@type":"EntryPoint","urlTemplate":"https:\/\/ticaret.edu.tr\/dusunce-ve-proje-uretim-akademisi\/?s={search_term_string}"},"query-input":"required name=search_term_string"}],"inLanguage":"tr"}]}},"lang":"en","translations":{"en":313,"tr":311},"pll_sync_post":[],"_links":{"self":[{"href":"http:\/\/ticaret.edu.tr\/dusunce-ve-proje-uretim-akademisi\/wp-json\/wp\/v2\/pages\/313"}],"collection":[{"href":"http:\/\/ticaret.edu.tr\/dusunce-ve-proje-uretim-akademisi\/wp-json\/wp\/v2\/pages"}],"about":[{"href":"http:\/\/ticaret.edu.tr\/dusunce-ve-proje-uretim-akademisi\/wp-json\/wp\/v2\/types\/page"}],"author":[{"embeddable":true,"href":"http:\/\/ticaret.edu.tr\/dusunce-ve-proje-uretim-akademisi\/wp-json\/wp\/v2\/users\/228"}],"replies":[{"embeddable":true,"href":"http:\/\/ticaret.edu.tr\/dusunce-ve-proje-uretim-akademisi\/wp-json\/wp\/v2\/comments?post=313"}],"version-history":[{"count":1,"href":"http:\/\/ticaret.edu.tr\/dusunce-ve-proje-uretim-akademisi\/wp-json\/wp\/v2\/pages\/313\/revisions"}],"predecessor-version":[{"id":314,"href":"http:\/\/ticaret.edu.tr\/dusunce-ve-proje-uretim-akademisi\/wp-json\/wp\/v2\/pages\/313\/revisions\/314"}],"wp:attachment":[{"href":"http:\/\/ticaret.edu.tr\/dusunce-ve-proje-uretim-akademisi\/wp-json\/wp\/v2\/media?parent=313"}],"curies":[{"name":"wp","href":"https:\/\/api.w.org\/{rel}","templated":true}]}}