{"id":7,"date":"2020-07-20T07:50:35","date_gmt":"2020-07-20T04:50:35","guid":{"rendered":"http:\/\/ticaret.edu.tr\/dpua\/?page_id=7"},"modified":"2025-02-27T10:59:41","modified_gmt":"2025-02-27T07:59:41","slug":"raporlar","status":"publish","type":"page","link":"http:\/\/ticaret.edu.tr\/dusunce-ve-proje-uretim-akademisi\/projeler\/raporlar\/","title":{"rendered":"Raporlar"},"content":{"rendered":"","protected":false},"excerpt":{"rendered":"","protected":false},"author":143,"featured_media":0,"parent":76,"menu_order":0,"comment_status":"closed","ping_status":"closed","template":"genel_sayfa.php","meta":{"footnotes":""},"yoast_head":"<!-- This site is optimized with the Yoast SEO Premium plugin v22.1 (Yoast SEO v22.1) - https:\/\/yoast.com\/wordpress\/plugins\/seo\/ -->\n<title>Raporlar - D\u00fc\u015f\u00fcnce ve Proje \u00dcretim Akademisi<\/title>\n<meta name=\"robots\" content=\"index, follow, max-snippet:-1, max-image-preview:large, max-video-preview:-1\" \/>\n<link rel=\"canonical\" href=\"http:\/\/ticaret.edu.tr\/dusunce-ve-proje-uretim-akademisi\/projeler\/raporlar\/\" \/>\n<meta property=\"og:locale\" content=\"tr_TR\" \/>\n<meta property=\"og:type\" content=\"article\" \/>\n<meta property=\"og:title\" content=\"Raporlar\" \/>\n<meta property=\"og:url\" content=\"http:\/\/ticaret.edu.tr\/dusunce-ve-proje-uretim-akademisi\/projeler\/raporlar\/\" \/>\n<meta property=\"og:site_name\" content=\"D\u00fc\u015f\u00fcnce ve Proje \u00dcretim Akademisi\" \/>\n<meta property=\"article:publisher\" content=\"https:\/\/www.facebook.com\/ticaretedutr\" \/>\n<meta property=\"article:modified_time\" content=\"2025-02-27T07:59:41+00:00\" \/>\n<meta property=\"og:image\" content=\"http:\/\/ticaret.edu.tr\/dusunce-ve-proje-uretim-akademisi\/wp-content\/uploads\/sites\/54\/2021\/11\/web_logo-01.jpg\" \/>\n\t<meta property=\"og:image:width\" content=\"1250\" \/>\n\t<meta property=\"og:image:height\" content=\"833\" \/>\n\t<meta property=\"og:image:type\" content=\"image\/jpeg\" \/>\n<meta name=\"twitter:card\" content=\"summary_large_image\" \/>\n<meta name=\"twitter:site\" content=\"@ticaretedutr\" \/>\n<script type=\"application\/ld+json\" class=\"yoast-schema-graph\">{\"@context\":\"https:\/\/schema.org\",\"@graph\":[{\"@type\":\"WebPage\",\"@id\":\"http:\/\/ticaret.edu.tr\/dusunce-ve-proje-uretim-akademisi\/projeler\/raporlar\/\",\"url\":\"http:\/\/ticaret.edu.tr\/dusunce-ve-proje-uretim-akademisi\/projeler\/raporlar\/\",\"name\":\"Raporlar - D\u00fc\u015f\u00fcnce ve Proje \u00dcretim Akademisi\",\"isPartOf\":{\"@id\":\"https:\/\/ticaret.edu.tr\/dusunce-ve-proje-uretim-akademisi\/#website\"},\"datePublished\":\"2020-07-20T04:50:35+00:00\",\"dateModified\":\"2025-02-27T07:59:41+00:00\",\"breadcrumb\":{\"@id\":\"http:\/\/ticaret.edu.tr\/dusunce-ve-proje-uretim-akademisi\/projeler\/raporlar\/#breadcrumb\"},\"inLanguage\":\"tr\",\"potentialAction\":[{\"@type\":\"ReadAction\",\"target\":[\"http:\/\/ticaret.edu.tr\/dusunce-ve-proje-uretim-akademisi\/projeler\/raporlar\/\"]}]},{\"@type\":\"BreadcrumbList\",\"@id\":\"http:\/\/ticaret.edu.tr\/dusunce-ve-proje-uretim-akademisi\/projeler\/raporlar\/#breadcrumb\",\"itemListElement\":[{\"@type\":\"ListItem\",\"position\":1,\"name\":\"Ana sayfa\",\"item\":\"https:\/\/ticaret.edu.tr\/dusunce-ve-proje-uretim-akademisi\/\"},{\"@type\":\"ListItem\",\"position\":2,\"name\":\"Projeler\",\"item\":\"https:\/\/ticaret.edu.tr\/dusunce-ve-proje-uretim-akademisi\/projeler\/\"},{\"@type\":\"ListItem\",\"position\":3,\"name\":\"Raporlar\"}]},{\"@type\":\"WebSite\",\"@id\":\"https:\/\/ticaret.edu.tr\/dusunce-ve-proje-uretim-akademisi\/#website\",\"url\":\"https:\/\/ticaret.edu.tr\/dusunce-ve-proje-uretim-akademisi\/\",\"name\":\"D\u00fc\u015f\u00fcnce ve Proje \u00dcretim Akademisi\",\"description\":\"Bir ba\u015fka \u0130stanbul Ticaret \u00dcniversitesi site sitesi\",\"potentialAction\":[{\"@type\":\"SearchAction\",\"target\":{\"@type\":\"EntryPoint\",\"urlTemplate\":\"https:\/\/ticaret.edu.tr\/dusunce-ve-proje-uretim-akademisi\/?s={search_term_string}\"},\"query-input\":\"required name=search_term_string\"}],\"inLanguage\":\"tr\"}]}<\/script>\n<!-- \/ Yoast SEO Premium plugin. -->","yoast_head_json":{"title":"Raporlar - D\u00fc\u015f\u00fcnce ve Proje \u00dcretim Akademisi","robots":{"index":"index","follow":"follow","max-snippet":"max-snippet:-1","max-image-preview":"max-image-preview:large","max-video-preview":"max-video-preview:-1"},"canonical":"http:\/\/ticaret.edu.tr\/dusunce-ve-proje-uretim-akademisi\/projeler\/raporlar\/","og_locale":"tr_TR","og_type":"article","og_title":"Raporlar","og_url":"http:\/\/ticaret.edu.tr\/dusunce-ve-proje-uretim-akademisi\/projeler\/raporlar\/","og_site_name":"D\u00fc\u015f\u00fcnce ve Proje \u00dcretim Akademisi","article_publisher":"https:\/\/www.facebook.com\/ticaretedutr","article_modified_time":"2025-02-27T07:59:41+00:00","og_image":[{"width":1250,"height":833,"url":"http:\/\/ticaret.edu.tr\/dusunce-ve-proje-uretim-akademisi\/wp-content\/uploads\/sites\/54\/2021\/11\/web_logo-01.jpg","type":"image\/jpeg"}],"twitter_card":"summary_large_image","twitter_site":"@ticaretedutr","schema":{"@context":"https:\/\/schema.org","@graph":[{"@type":"WebPage","@id":"http:\/\/ticaret.edu.tr\/dusunce-ve-proje-uretim-akademisi\/projeler\/raporlar\/","url":"http:\/\/ticaret.edu.tr\/dusunce-ve-proje-uretim-akademisi\/projeler\/raporlar\/","name":"Raporlar - D\u00fc\u015f\u00fcnce ve Proje \u00dcretim Akademisi","isPartOf":{"@id":"https:\/\/ticaret.edu.tr\/dusunce-ve-proje-uretim-akademisi\/#website"},"datePublished":"2020-07-20T04:50:35+00:00","dateModified":"2025-02-27T07:59:41+00:00","breadcrumb":{"@id":"http:\/\/ticaret.edu.tr\/dusunce-ve-proje-uretim-akademisi\/projeler\/raporlar\/#breadcrumb"},"inLanguage":"tr","potentialAction":[{"@type":"ReadAction","target":["http:\/\/ticaret.edu.tr\/dusunce-ve-proje-uretim-akademisi\/projeler\/raporlar\/"]}]},{"@type":"BreadcrumbList","@id":"http:\/\/ticaret.edu.tr\/dusunce-ve-proje-uretim-akademisi\/projeler\/raporlar\/#breadcrumb","itemListElement":[{"@type":"ListItem","position":1,"name":"Ana sayfa","item":"https:\/\/ticaret.edu.tr\/dusunce-ve-proje-uretim-akademisi\/"},{"@type":"ListItem","position":2,"name":"Projeler","item":"https:\/\/ticaret.edu.tr\/dusunce-ve-proje-uretim-akademisi\/projeler\/"},{"@type":"ListItem","position":3,"name":"Raporlar"}]},{"@type":"WebSite","@id":"https:\/\/ticaret.edu.tr\/dusunce-ve-proje-uretim-akademisi\/#website","url":"https:\/\/ticaret.edu.tr\/dusunce-ve-proje-uretim-akademisi\/","name":"D\u00fc\u015f\u00fcnce ve Proje \u00dcretim Akademisi","description":"Bir ba\u015fka \u0130stanbul Ticaret \u00dcniversitesi site sitesi","potentialAction":[{"@type":"SearchAction","target":{"@type":"EntryPoint","urlTemplate":"https:\/\/ticaret.edu.tr\/dusunce-ve-proje-uretim-akademisi\/?s={search_term_string}"},"query-input":"required name=search_term_string"}],"inLanguage":"tr"}]}},"lang":"tr","translations":{"en":154,"tr":7},"pll_sync_post":[],"_links":{"self":[{"href":"http:\/\/ticaret.edu.tr\/dusunce-ve-proje-uretim-akademisi\/wp-json\/wp\/v2\/pages\/7"}],"collection":[{"href":"http:\/\/ticaret.edu.tr\/dusunce-ve-proje-uretim-akademisi\/wp-json\/wp\/v2\/pages"}],"about":[{"href":"http:\/\/ticaret.edu.tr\/dusunce-ve-proje-uretim-akademisi\/wp-json\/wp\/v2\/types\/page"}],"author":[{"embeddable":true,"href":"http:\/\/ticaret.edu.tr\/dusunce-ve-proje-uretim-akademisi\/wp-json\/wp\/v2\/users\/143"}],"replies":[{"embeddable":true,"href":"http:\/\/ticaret.edu.tr\/dusunce-ve-proje-uretim-akademisi\/wp-json\/wp\/v2\/comments?post=7"}],"version-history":[{"count":5,"href":"http:\/\/ticaret.edu.tr\/dusunce-ve-proje-uretim-akademisi\/wp-json\/wp\/v2\/pages\/7\/revisions"}],"predecessor-version":[{"id":190,"href":"http:\/\/ticaret.edu.tr\/dusunce-ve-proje-uretim-akademisi\/wp-json\/wp\/v2\/pages\/7\/revisions\/190"}],"up":[{"embeddable":true,"href":"http:\/\/ticaret.edu.tr\/dusunce-ve-proje-uretim-akademisi\/wp-json\/wp\/v2\/pages\/76"}],"wp:attachment":[{"href":"http:\/\/ticaret.edu.tr\/dusunce-ve-proje-uretim-akademisi\/wp-json\/wp\/v2\/media?parent=7"}],"curies":[{"name":"wp","href":"https:\/\/api.w.org\/{rel}","templated":true}]}}