{"id":155,"date":"2023-10-03T11:15:24","date_gmt":"2023-10-03T08:15:24","guid":{"rendered":"https:\/\/ticaret.edu.tr\/egitim-bilimleri\/?page_id=155"},"modified":"2025-10-15T14:00:56","modified_gmt":"2025-10-15T11:00:56","slug":"pedagojik-formasyon-ders-programi-2023-2024-guz","status":"publish","type":"page","link":"http:\/\/ticaret.edu.tr\/egitim-bilimleri\/pedagojik-formasyon-ders-programi-2023-2024-guz\/","title":{"rendered":"Pedagojik Formasyon Ders Program\u0131 (2025-2026)"},"content":{"rendered":"<p style=\"font-weight: 400\"><strong><span data-markjs=\"true\">Pedagojik<\/span> <span data-markjs=\"true\">Formasyon<\/span> G\u00fcz D\u00f6nemi Ders Program\u0131 (2025-2026 G\u00fcz)<\/strong><\/p>\n<p style=\"font-weight: 400\"><strong>\u00a0<\/strong><\/p>\n<table style=\"font-weight: 400\">\n<tbody>\n<tr>\n<td width=\"85\"><strong>G\u00fcn<\/strong><\/td>\n<td width=\"246\"><strong>Dersin Kodu\/ Ad\u0131<\/strong><\/td>\n<td width=\"246\"><strong>\u00d6\u011fretim \u00dcyesi<\/strong><\/td>\n<td width=\"113\"><strong>Saat<\/strong><\/td>\n<td width=\"113\"><strong>S\u0131n\u0131f<\/strong><\/td>\n<\/tr>\n<tr>\n<td width=\"85\"><strong>Pazartesi<\/strong><\/td>\n<td width=\"246\"><strong>PEF 109<\/strong> E\u011fitime Giri\u015f<\/td>\n<td width=\"246\">Dr. \u00d6\u011fr. \u00dcyesi Meral Halisdemir<\/td>\n<td width=\"113\">18:00-20:50<\/td>\n<td width=\"113\"><strong>\u00c7evrimi\u00e7i<\/strong><\/td>\n<\/tr>\n<tr>\n<td width=\"85\"><strong>Sal\u0131 <\/strong><\/td>\n<td width=\"246\"><strong>PEF 105<\/strong> S\u0131n\u0131f Y\u00f6netimi<\/td>\n<td width=\"246\">Dr. \u00d6\u011fr. \u00dcyesi Meral Halisdemir<\/p>\n<p>&nbsp;<\/td>\n<td width=\"113\">18:00-20:50<\/td>\n<td width=\"113\"><strong>S\u0131n\u0131f<\/strong><\/td>\n<\/tr>\n<tr>\n<td width=\"85\"><strong>\u00c7ar\u015famba<\/strong><\/td>\n<td width=\"246\"><strong>PEF 106<\/strong> \u00d6zel \u00d6\u011fretim Y\u00f6ntemleri<\/td>\n<td width=\"246\">Dr. \u00d6\u011fr. \u00dcyesi L\u00fctf\u00fc \u00c7ak\u0131r<\/p>\n<p>&nbsp;<\/td>\n<td width=\"113\">18:00-20:50<\/td>\n<td width=\"113\"><strong>\u00c7evrimi\u00e7i<\/strong><\/td>\n<\/tr>\n<tr>\n<td width=\"85\"><strong>Per\u015fembe<\/strong><\/td>\n<td width=\"246\"><strong>PEF 104<\/strong> \u00d6\u011fretim \u0130lke ve Y\u00f6ntemleri<\/td>\n<td width=\"246\">Dr. \u00d6\u011fr. \u00dcyesi Polat Erdo\u011fan<\/td>\n<td width=\"113\">18:00-20:50<\/td>\n<td width=\"113\"><strong>\u00c7evrimi\u00e7i<\/strong><\/td>\n<\/tr>\n<tr>\n<td width=\"85\"><strong>Cuma<\/strong><\/td>\n<td width=\"246\"><strong>PEF 108<\/strong> \u00d6\u011fretmenlik Uygulamas\u0131<\/td>\n<td width=\"246\">Dr. \u00d6\u011fr. \u00dcyesi Polat Erdo\u011fan<\/p>\n<p><strong>\u00a0<\/strong><\/td>\n<td width=\"113\">10:00-13:00<\/td>\n<td width=\"113\"><strong>\u00c7evrimi\u00e7i<\/strong><\/td>\n<\/tr>\n<\/tbody>\n<\/table>\n<p style=\"font-weight: 400\"><strong>\u00a0<\/strong><\/p>\n<p style=\"text-align: center\"><strong>Pedagojik Formasyon Kapsam\u0131nda Tamamlanmas\u0131 Gereken T\u00fcm Dersler:<\/strong><\/p>\n<table width=\"100%\">\n<tbody>\n<tr>\n<td colspan=\"6\" width=\"100%\"><strong>Se\u00e7meli Dersler<\/strong><\/td>\n<\/tr>\n<tr>\n<td width=\"22%\"><strong>Ders Kodu<\/strong><\/td>\n<td width=\"52%\"><strong>Ders Ad\u0131<\/strong><\/td>\n<td width=\"4%\"><strong>T<\/strong><\/td>\n<td width=\"4%\"><strong>U<\/strong><\/td>\n<td width=\"4%\"><strong>K<\/strong><\/td>\n<td width=\"11%\"><strong>AKTS<\/strong><\/td>\n<\/tr>\n<tr>\n<td width=\"22%\"><strong>PEF 109<\/strong><\/td>\n<td width=\"52%\">E\u011fitime Giri\u015f<\/td>\n<td width=\"4%\">3<\/td>\n<td width=\"4%\">0<\/td>\n<td width=\"4%\">3<\/td>\n<td width=\"11%\">4<\/td>\n<\/tr>\n<tr>\n<td width=\"22%\"><strong>PEF 104<\/strong><\/td>\n<td width=\"52%\">\u00d6\u011fretim \u0130lke ve Y\u00f6ntemleri<\/td>\n<td width=\"4%\">3<\/td>\n<td width=\"4%\">0<\/td>\n<td width=\"4%\">3<\/td>\n<td width=\"11%\">4<\/td>\n<\/tr>\n<tr>\n<td width=\"22%\"><strong>PEF 105<\/strong><\/td>\n<td width=\"52%\">S\u0131n\u0131f Y\u00f6netimi<\/td>\n<td width=\"4%\">2<\/td>\n<td width=\"4%\">0<\/td>\n<td width=\"4%\">2<\/td>\n<td width=\"11%\">3<\/td>\n<\/tr>\n<tr>\n<td width=\"22%\"><strong>PEF 106<\/strong><\/td>\n<td width=\"52%\">\u00d6zel \u00d6\u011fretim Y\u00f6ntemleri<\/td>\n<td width=\"4%\">3<\/td>\n<td width=\"4%\">0<\/td>\n<td width=\"4%\">3<\/td>\n<td width=\"11%\">4<\/td>\n<\/tr>\n<tr>\n<td width=\"22%\"><strong>PEF 131<\/strong><\/td>\n<td width=\"52%\">Rehberlik ve \u00d6zel E\u011fitim<\/td>\n<td width=\"4%\">3<\/td>\n<td width=\"4%\">0<\/td>\n<td width=\"4%\">3<\/td>\n<td width=\"11%\">4<\/td>\n<\/tr>\n<tr>\n<td width=\"22%\"><strong>PEF 102<\/strong><\/td>\n<td width=\"52%\">E\u011fitimde \u00d6l\u00e7me ve De\u011ferlendirme<\/td>\n<td width=\"4%\">3<\/td>\n<td width=\"4%\">0<\/td>\n<td width=\"4%\">3<\/td>\n<td width=\"11%\">4<\/td>\n<\/tr>\n<tr>\n<td width=\"22%\"><strong>PEF 101<\/strong><\/td>\n<td width=\"52%\">E\u011fitim Psikolojisi<\/td>\n<td width=\"4%\">3<\/td>\n<td width=\"4%\">0<\/td>\n<td width=\"4%\">3<\/td>\n<td width=\"11%\">4<\/td>\n<\/tr>\n<tr>\n<td width=\"22%\"><strong>PEF 107<\/strong><\/td>\n<td width=\"52%\">\u00d6\u011fretim Teknolojileri<\/td>\n<td width=\"4%\">2<\/td>\n<td width=\"4%\">0<\/td>\n<td width=\"4%\">2<\/td>\n<td width=\"11%\">3<\/td>\n<\/tr>\n<tr>\n<td width=\"22%\"><strong>PEF 108<\/strong><\/td>\n<td width=\"52%\">\u00d6\u011fretmenlik Uygulamas\u0131<\/td>\n<td width=\"4%\">1<\/td>\n<td width=\"4%\">8<\/td>\n<td width=\"4%\">5<\/td>\n<td width=\"11%\">10<\/td>\n<\/tr>\n<tr>\n<td width=\"22%\"><strong>\u00a0<\/strong><\/td>\n<td width=\"52%\"><strong>TOPLAM<\/strong><\/td>\n<td width=\"4%\"><strong>23<\/strong><\/td>\n<td width=\"4%\"><strong>8<\/strong><\/td>\n<td width=\"4%\"><strong>27<\/strong><\/td>\n<td width=\"11%\"><strong>40<\/strong><\/td>\n<\/tr>\n<\/tbody>\n<\/table>\n<p><strong>\u00a0<\/strong><\/p>\n<p>Program\u0131 indirmek i\u00e7in <a href=\"http:\/\/ticaret.edu.tr\/egitim-bilimleri\/wp-content\/uploads\/sites\/66\/2025\/01\/PEF-PROGRAMI-guz-ve-bahar_2024-2025.pdf\">sayfay\u0131 ziyaret ediniz.<\/a><\/p>\n<p>&nbsp;<\/p>\n<p><strong>Not:<\/strong> Pedagojik Formasyon E\u011fitimi ders program\u0131; 27.09.2021 tarihli Y\u00fcksek\u00f6\u011fretim Genel Kurul toplant\u0131s\u0131nda Y\u00fcksek\u00f6\u011fretim Kurulu taraf\u0131ndan izin verilen \u00fcniversitelerce uygulanacak Pedagojik Formasyon E\u011fitimi Sertifika Program\u0131na \u0130li\u015fkin \u00c7er\u00e7eve Usul ve Esaslar dikkate al\u0131narak haz\u0131rlanm\u0131\u015ft\u0131r.<\/p>\n<p><strong>11.09.2025<\/strong><\/p>\n<p><strong>Prof. Dr. Hanifi PARLAR<\/strong><\/p>\n<p><strong>E\u011fitim Bilimleri B\u00f6l\u00fcm Ba\u015fkan\u0131<\/strong><\/p>\n","protected":false},"excerpt":{"rendered":"<p>Pedagojik Formasyon G\u00fcz D\u00f6nemi Ders Program\u0131 (2025-2026 G\u00fcz) \u00a0 G\u00fcn Dersin Kodu\/ Ad\u0131 \u00d6\u011fretim \u00dcyesi Saat S\u0131n\u0131f Pazartesi PEF 109 E\u011fitime Giri\u015f Dr. \u00d6\u011fr. \u00dcyesi Meral Halisdemir 18:00-20:50 \u00c7evrimi\u00e7i Sal\u0131 PEF 105 S\u0131n\u0131f Y\u00f6netimi Dr. \u00d6\u011fr. \u00dcyesi Meral Halisdemir &nbsp; 18:00-20:50 S\u0131n\u0131f \u00c7ar\u015famba PEF 106 \u00d6zel \u00d6\u011fretim Y\u00f6ntemleri Dr. \u00d6\u011fr. \u00dcyesi L\u00fctf\u00fc \u00c7ak\u0131r &nbsp; 18:00-20:50 [&hellip;]<\/p>\n","protected":false},"author":139,"featured_media":0,"parent":0,"menu_order":0,"comment_status":"closed","ping_status":"closed","template":"genel_sayfa.php","meta":{"footnotes":""},"yoast_head":"<!-- This site is optimized with the Yoast SEO Premium plugin v22.1 (Yoast SEO v22.1) - https:\/\/yoast.com\/wordpress\/plugins\/seo\/ -->\n<title>Pedagojik Formasyon Ders Program\u0131 (2025-2026) - E\u011fitim Bilimleri<\/title>\n<meta name=\"robots\" content=\"index, follow, max-snippet:-1, max-image-preview:large, max-video-preview:-1\" \/>\n<link rel=\"canonical\" href=\"https:\/\/ticaret.edu.tr\/egitim-bilimleri\/pedagojik-formasyon-ders-programi-2023-2024-guz\/\" \/>\n<meta property=\"og:locale\" content=\"tr_TR\" \/>\n<meta property=\"og:type\" content=\"article\" \/>\n<meta property=\"og:title\" content=\"Pedagojik Formasyon Ders Program\u0131 (2025-2026)\" \/>\n<meta property=\"og:description\" content=\"Pedagojik Formasyon G\u00fcz D\u00f6nemi Ders Program\u0131 (2025-2026 G\u00fcz) \u00a0 G\u00fcn Dersin Kodu\/ Ad\u0131 \u00d6\u011fretim \u00dcyesi Saat S\u0131n\u0131f Pazartesi PEF 109 E\u011fitime Giri\u015f Dr. \u00d6\u011fr. \u00dcyesi Meral Halisdemir 18:00-20:50 \u00c7evrimi\u00e7i Sal\u0131 PEF 105 S\u0131n\u0131f Y\u00f6netimi Dr. \u00d6\u011fr. \u00dcyesi Meral Halisdemir &nbsp; 18:00-20:50 S\u0131n\u0131f \u00c7ar\u015famba PEF 106 \u00d6zel \u00d6\u011fretim Y\u00f6ntemleri Dr. \u00d6\u011fr. \u00dcyesi L\u00fctf\u00fc \u00c7ak\u0131r &nbsp; 18:00-20:50 [&hellip;]\" \/>\n<meta property=\"og:url\" content=\"https:\/\/ticaret.edu.tr\/egitim-bilimleri\/pedagojik-formasyon-ders-programi-2023-2024-guz\/\" \/>\n<meta property=\"og:site_name\" content=\"E\u011fitim Bilimleri\" \/>\n<meta property=\"article:publisher\" content=\"https:\/\/www.facebook.com\/ticaretedutr\" \/>\n<meta property=\"article:modified_time\" content=\"2025-10-15T11:00:56+00:00\" \/>\n<meta property=\"og:image\" content=\"http:\/\/ticaret.edu.tr\/egitim-bilimleri\/wp-content\/uploads\/sites\/66\/2021\/11\/web_logo-01.jpg\" \/>\n\t<meta property=\"og:image:width\" content=\"1250\" \/>\n\t<meta property=\"og:image:height\" content=\"833\" \/>\n\t<meta property=\"og:image:type\" content=\"image\/jpeg\" \/>\n<meta name=\"twitter:card\" content=\"summary_large_image\" \/>\n<meta name=\"twitter:site\" content=\"@ticaretedutr\" \/>\n<meta name=\"twitter:label1\" content=\"Tahmini okuma s\u00fcresi\" \/>\n\t<meta name=\"twitter:data1\" content=\"2 dakika\" \/>\n<script type=\"application\/ld+json\" class=\"yoast-schema-graph\">{\"@context\":\"https:\/\/schema.org\",\"@graph\":[{\"@type\":\"WebPage\",\"@id\":\"https:\/\/ticaret.edu.tr\/egitim-bilimleri\/pedagojik-formasyon-ders-programi-2023-2024-guz\/\",\"url\":\"https:\/\/ticaret.edu.tr\/egitim-bilimleri\/pedagojik-formasyon-ders-programi-2023-2024-guz\/\",\"name\":\"Pedagojik Formasyon Ders Program\u0131 (2025-2026) - E\u011fitim Bilimleri\",\"isPartOf\":{\"@id\":\"https:\/\/ticaret.edu.tr\/egitim-bilimleri\/#website\"},\"datePublished\":\"2023-10-03T08:15:24+00:00\",\"dateModified\":\"2025-10-15T11:00:56+00:00\",\"breadcrumb\":{\"@id\":\"https:\/\/ticaret.edu.tr\/egitim-bilimleri\/pedagojik-formasyon-ders-programi-2023-2024-guz\/#breadcrumb\"},\"inLanguage\":\"tr\",\"potentialAction\":[{\"@type\":\"ReadAction\",\"target\":[\"https:\/\/ticaret.edu.tr\/egitim-bilimleri\/pedagojik-formasyon-ders-programi-2023-2024-guz\/\"]}]},{\"@type\":\"BreadcrumbList\",\"@id\":\"https:\/\/ticaret.edu.tr\/egitim-bilimleri\/pedagojik-formasyon-ders-programi-2023-2024-guz\/#breadcrumb\",\"itemListElement\":[{\"@type\":\"ListItem\",\"position\":1,\"name\":\"Anasayfa\",\"item\":\"https:\/\/ticaret.edu.tr\/egitim-bilimleri\/\"},{\"@type\":\"ListItem\",\"position\":2,\"name\":\"Pedagojik Formasyon Ders Program\u0131 (2025-2026)\"}]},{\"@type\":\"WebSite\",\"@id\":\"https:\/\/ticaret.edu.tr\/egitim-bilimleri\/#website\",\"url\":\"https:\/\/ticaret.edu.tr\/egitim-bilimleri\/\",\"name\":\"E\u011fitim Bilimleri\",\"description\":\"Bir ba\u015fka \u0130stanbul Ticaret \u00dcniversitesi site sitesi\",\"potentialAction\":[{\"@type\":\"SearchAction\",\"target\":{\"@type\":\"EntryPoint\",\"urlTemplate\":\"https:\/\/ticaret.edu.tr\/egitim-bilimleri\/?s={search_term_string}\"},\"query-input\":\"required name=search_term_string\"}],\"inLanguage\":\"tr\"}]}<\/script>\n<!-- \/ Yoast SEO Premium plugin. -->","yoast_head_json":{"title":"Pedagojik Formasyon Ders Program\u0131 (2025-2026) - E\u011fitim Bilimleri","robots":{"index":"index","follow":"follow","max-snippet":"max-snippet:-1","max-image-preview":"max-image-preview:large","max-video-preview":"max-video-preview:-1"},"canonical":"https:\/\/ticaret.edu.tr\/egitim-bilimleri\/pedagojik-formasyon-ders-programi-2023-2024-guz\/","og_locale":"tr_TR","og_type":"article","og_title":"Pedagojik Formasyon Ders Program\u0131 (2025-2026)","og_description":"Pedagojik Formasyon G\u00fcz D\u00f6nemi Ders Program\u0131 (2025-2026 G\u00fcz) \u00a0 G\u00fcn Dersin Kodu\/ Ad\u0131 \u00d6\u011fretim \u00dcyesi Saat S\u0131n\u0131f Pazartesi PEF 109 E\u011fitime Giri\u015f Dr. \u00d6\u011fr. \u00dcyesi Meral Halisdemir 18:00-20:50 \u00c7evrimi\u00e7i Sal\u0131 PEF 105 S\u0131n\u0131f Y\u00f6netimi Dr. \u00d6\u011fr. \u00dcyesi Meral Halisdemir &nbsp; 18:00-20:50 S\u0131n\u0131f \u00c7ar\u015famba PEF 106 \u00d6zel \u00d6\u011fretim Y\u00f6ntemleri Dr. \u00d6\u011fr. \u00dcyesi L\u00fctf\u00fc \u00c7ak\u0131r &nbsp; 18:00-20:50 [&hellip;]","og_url":"https:\/\/ticaret.edu.tr\/egitim-bilimleri\/pedagojik-formasyon-ders-programi-2023-2024-guz\/","og_site_name":"E\u011fitim Bilimleri","article_publisher":"https:\/\/www.facebook.com\/ticaretedutr","article_modified_time":"2025-10-15T11:00:56+00:00","og_image":[{"width":1250,"height":833,"url":"http:\/\/ticaret.edu.tr\/egitim-bilimleri\/wp-content\/uploads\/sites\/66\/2021\/11\/web_logo-01.jpg","type":"image\/jpeg"}],"twitter_card":"summary_large_image","twitter_site":"@ticaretedutr","twitter_misc":{"Tahmini okuma s\u00fcresi":"2 dakika"},"schema":{"@context":"https:\/\/schema.org","@graph":[{"@type":"WebPage","@id":"https:\/\/ticaret.edu.tr\/egitim-bilimleri\/pedagojik-formasyon-ders-programi-2023-2024-guz\/","url":"https:\/\/ticaret.edu.tr\/egitim-bilimleri\/pedagojik-formasyon-ders-programi-2023-2024-guz\/","name":"Pedagojik Formasyon Ders Program\u0131 (2025-2026) - E\u011fitim Bilimleri","isPartOf":{"@id":"https:\/\/ticaret.edu.tr\/egitim-bilimleri\/#website"},"datePublished":"2023-10-03T08:15:24+00:00","dateModified":"2025-10-15T11:00:56+00:00","breadcrumb":{"@id":"https:\/\/ticaret.edu.tr\/egitim-bilimleri\/pedagojik-formasyon-ders-programi-2023-2024-guz\/#breadcrumb"},"inLanguage":"tr","potentialAction":[{"@type":"ReadAction","target":["https:\/\/ticaret.edu.tr\/egitim-bilimleri\/pedagojik-formasyon-ders-programi-2023-2024-guz\/"]}]},{"@type":"BreadcrumbList","@id":"https:\/\/ticaret.edu.tr\/egitim-bilimleri\/pedagojik-formasyon-ders-programi-2023-2024-guz\/#breadcrumb","itemListElement":[{"@type":"ListItem","position":1,"name":"Anasayfa","item":"https:\/\/ticaret.edu.tr\/egitim-bilimleri\/"},{"@type":"ListItem","position":2,"name":"Pedagojik Formasyon Ders Program\u0131 (2025-2026)"}]},{"@type":"WebSite","@id":"https:\/\/ticaret.edu.tr\/egitim-bilimleri\/#website","url":"https:\/\/ticaret.edu.tr\/egitim-bilimleri\/","name":"E\u011fitim Bilimleri","description":"Bir ba\u015fka \u0130stanbul Ticaret \u00dcniversitesi site sitesi","potentialAction":[{"@type":"SearchAction","target":{"@type":"EntryPoint","urlTemplate":"https:\/\/ticaret.edu.tr\/egitim-bilimleri\/?s={search_term_string}"},"query-input":"required name=search_term_string"}],"inLanguage":"tr"}]}},"lang":"tr","translations":{"tr":155},"pll_sync_post":[],"_links":{"self":[{"href":"http:\/\/ticaret.edu.tr\/egitim-bilimleri\/wp-json\/wp\/v2\/pages\/155"}],"collection":[{"href":"http:\/\/ticaret.edu.tr\/egitim-bilimleri\/wp-json\/wp\/v2\/pages"}],"about":[{"href":"http:\/\/ticaret.edu.tr\/egitim-bilimleri\/wp-json\/wp\/v2\/types\/page"}],"author":[{"embeddable":true,"href":"http:\/\/ticaret.edu.tr\/egitim-bilimleri\/wp-json\/wp\/v2\/users\/139"}],"replies":[{"embeddable":true,"href":"http:\/\/ticaret.edu.tr\/egitim-bilimleri\/wp-json\/wp\/v2\/comments?post=155"}],"version-history":[{"count":12,"href":"http:\/\/ticaret.edu.tr\/egitim-bilimleri\/wp-json\/wp\/v2\/pages\/155\/revisions"}],"predecessor-version":[{"id":720,"href":"http:\/\/ticaret.edu.tr\/egitim-bilimleri\/wp-json\/wp\/v2\/pages\/155\/revisions\/720"}],"wp:attachment":[{"href":"http:\/\/ticaret.edu.tr\/egitim-bilimleri\/wp-json\/wp\/v2\/media?parent=155"}],"curies":[{"name":"wp","href":"https:\/\/api.w.org\/{rel}","templated":true}]}}