{"id":401,"date":"2025-01-27T01:29:05","date_gmt":"2025-01-26T22:29:05","guid":{"rendered":"https:\/\/ticaret.edu.tr\/egitim-bilimleri\/?page_id=401"},"modified":"2025-10-15T13:41:26","modified_gmt":"2025-10-15T10:41:26","slug":"giris-yazisi","status":"publish","type":"page","link":"http:\/\/ticaret.edu.tr\/egitim-bilimleri\/giris-yazisi\/","title":{"rendered":"Giri\u015f Yaz\u0131s\u0131"},"content":{"rendered":"<p data-start=\"298\" data-end=\"573\">\u0130stanbul Ticaret \u00dcniversitesi <strong data-start=\"328\" data-end=\"355\">E\u011fitim Bilimleri B\u00f6l\u00fcm\u00fc<\/strong>, bireyin, ailenin ve toplumun geli\u015fimini merkeze alan bir anlay\u0131\u015fla; de\u011fi\u015fen d\u00fcnyan\u0131n ihtiya\u00e7lar\u0131na yan\u0131t verebilen, ele\u015ftirel d\u00fc\u015f\u00fcnen, etik de\u011ferlere ba\u011fl\u0131 ve yenilik\u00e7i e\u011fitim uzmanlar\u0131 yeti\u015ftirmeyi ama\u00e7lamaktad\u0131r.<\/p>\n<p data-start=\"575\" data-end=\"883\">E\u011fitim, dan\u0131\u015fmanl\u0131k ve y\u00f6netim alanlar\u0131nda bilimsel bilgi ile uygulamay\u0131 birle\u015ftiren b\u00f6l\u00fcm\u00fcm\u00fcz, <strong data-start=\"671\" data-end=\"703\">Aile Dan\u0131\u015fmanl\u0131\u011f\u0131 ve E\u011fitimi<\/strong>, <strong data-start=\"705\" data-end=\"724\">E\u011fitim Y\u00f6netimi<\/strong> y\u00fcksek lisans programlar\u0131yla birlikte <strong data-start=\"763\" data-end=\"813\">Pedagojik Formasyon E\u011fitimi Sertifika Program\u0131<\/strong> ve <strong data-start=\"817\" data-end=\"850\">Ortak Dersler Koordinat\u00f6rl\u00fc\u011f\u00fc<\/strong> faaliyetlerini s\u00fcrd\u00fcrmektedir.<\/p>\n<p data-start=\"885\" data-end=\"1094\">Disiplinler aras\u0131 yakla\u015f\u0131m\u0131, g\u00fc\u00e7l\u00fc akademik kadrosu, proje ve ara\u015ft\u0131rma temelli \u00e7al\u0131\u015fmalar\u0131yla E\u011fitim Bilimleri B\u00f6l\u00fcm\u00fc, \u00f6\u011frencilerine <strong data-start=\"1019\" data-end=\"1085\">insan odakl\u0131, kat\u0131l\u0131mc\u0131 ve d\u00f6n\u00fc\u015f\u00fcm yaratan bir e\u011fitim deneyimi<\/strong> sunar.<\/p>\n<p data-start=\"1096\" data-end=\"1314\">Topluma de\u011fer katan, bilgiyi eyleme d\u00f6n\u00fc\u015ft\u00fcren ve ya\u015fam boyu \u00f6\u011frenmeyi ilke edinen bireyler yeti\u015ftirme hedefiyle;<br data-start=\"1209\" data-end=\"1212\" \/><strong data-start=\"1212\" data-end=\"1263\">E\u011fitimde kalite, bilimde yenilik, insanda anlam<\/strong> ilkeleri do\u011frultusunda \u00e7al\u0131\u015fmaya devam ediyoruz.<\/p>\n","protected":false},"excerpt":{"rendered":"<p>\u0130stanbul Ticaret \u00dcniversitesi E\u011fitim Bilimleri B\u00f6l\u00fcm\u00fc, bireyin, ailenin ve toplumun geli\u015fimini merkeze alan bir anlay\u0131\u015fla; de\u011fi\u015fen d\u00fcnyan\u0131n ihtiya\u00e7lar\u0131na yan\u0131t verebilen, ele\u015ftirel d\u00fc\u015f\u00fcnen, etik de\u011ferlere ba\u011fl\u0131 ve yenilik\u00e7i e\u011fitim uzmanlar\u0131 yeti\u015ftirmeyi ama\u00e7lamaktad\u0131r. E\u011fitim, dan\u0131\u015fmanl\u0131k ve y\u00f6netim alanlar\u0131nda bilimsel bilgi ile uygulamay\u0131 birle\u015ftiren b\u00f6l\u00fcm\u00fcm\u00fcz, Aile Dan\u0131\u015fmanl\u0131\u011f\u0131 ve E\u011fitimi, E\u011fitim Y\u00f6netimi y\u00fcksek lisans programlar\u0131yla birlikte Pedagojik Formasyon E\u011fitimi [&hellip;]<\/p>\n","protected":false},"author":223,"featured_media":0,"parent":0,"menu_order":0,"comment_status":"closed","ping_status":"closed","template":"genel_sayfa.php","meta":{"footnotes":""},"yoast_head":"<!-- This site is optimized with the Yoast SEO Premium plugin v22.1 (Yoast SEO v22.1) - https:\/\/yoast.com\/wordpress\/plugins\/seo\/ -->\n<title>Giri\u015f Yaz\u0131s\u0131 - E\u011fitim Bilimleri<\/title>\n<meta name=\"robots\" content=\"index, follow, max-snippet:-1, max-image-preview:large, max-video-preview:-1\" \/>\n<link rel=\"canonical\" href=\"https:\/\/ticaret.edu.tr\/egitim-bilimleri\/giris-yazisi\/\" \/>\n<meta property=\"og:locale\" content=\"tr_TR\" \/>\n<meta property=\"og:type\" content=\"article\" \/>\n<meta property=\"og:title\" content=\"Giri\u015f Yaz\u0131s\u0131\" \/>\n<meta property=\"og:description\" content=\"\u0130stanbul Ticaret \u00dcniversitesi E\u011fitim Bilimleri B\u00f6l\u00fcm\u00fc, bireyin, ailenin ve toplumun geli\u015fimini merkeze alan bir anlay\u0131\u015fla; de\u011fi\u015fen d\u00fcnyan\u0131n ihtiya\u00e7lar\u0131na yan\u0131t verebilen, ele\u015ftirel d\u00fc\u015f\u00fcnen, etik de\u011ferlere ba\u011fl\u0131 ve yenilik\u00e7i e\u011fitim uzmanlar\u0131 yeti\u015ftirmeyi ama\u00e7lamaktad\u0131r. E\u011fitim, dan\u0131\u015fmanl\u0131k ve y\u00f6netim alanlar\u0131nda bilimsel bilgi ile uygulamay\u0131 birle\u015ftiren b\u00f6l\u00fcm\u00fcm\u00fcz, Aile Dan\u0131\u015fmanl\u0131\u011f\u0131 ve E\u011fitimi, E\u011fitim Y\u00f6netimi y\u00fcksek lisans programlar\u0131yla birlikte Pedagojik Formasyon E\u011fitimi [&hellip;]\" \/>\n<meta property=\"og:url\" content=\"https:\/\/ticaret.edu.tr\/egitim-bilimleri\/giris-yazisi\/\" \/>\n<meta property=\"og:site_name\" content=\"E\u011fitim Bilimleri\" \/>\n<meta property=\"article:publisher\" content=\"https:\/\/www.facebook.com\/ticaretedutr\" \/>\n<meta property=\"article:modified_time\" content=\"2025-10-15T10:41:26+00:00\" \/>\n<meta property=\"og:image\" content=\"http:\/\/ticaret.edu.tr\/egitim-bilimleri\/wp-content\/uploads\/sites\/66\/2021\/11\/web_logo-01.jpg\" \/>\n\t<meta property=\"og:image:width\" content=\"1250\" \/>\n\t<meta property=\"og:image:height\" content=\"833\" \/>\n\t<meta property=\"og:image:type\" content=\"image\/jpeg\" \/>\n<meta name=\"twitter:card\" content=\"summary_large_image\" \/>\n<meta name=\"twitter:site\" content=\"@ticaretedutr\" \/>\n<meta name=\"twitter:label1\" content=\"Tahmini okuma s\u00fcresi\" \/>\n\t<meta name=\"twitter:data1\" content=\"1 dakika\" \/>\n<script type=\"application\/ld+json\" class=\"yoast-schema-graph\">{\"@context\":\"https:\/\/schema.org\",\"@graph\":[{\"@type\":\"WebPage\",\"@id\":\"https:\/\/ticaret.edu.tr\/egitim-bilimleri\/giris-yazisi\/\",\"url\":\"https:\/\/ticaret.edu.tr\/egitim-bilimleri\/giris-yazisi\/\",\"name\":\"Giri\u015f Yaz\u0131s\u0131 - E\u011fitim Bilimleri\",\"isPartOf\":{\"@id\":\"https:\/\/ticaret.edu.tr\/egitim-bilimleri\/#website\"},\"datePublished\":\"2025-01-26T22:29:05+00:00\",\"dateModified\":\"2025-10-15T10:41:26+00:00\",\"breadcrumb\":{\"@id\":\"https:\/\/ticaret.edu.tr\/egitim-bilimleri\/giris-yazisi\/#breadcrumb\"},\"inLanguage\":\"tr\",\"potentialAction\":[{\"@type\":\"ReadAction\",\"target\":[\"https:\/\/ticaret.edu.tr\/egitim-bilimleri\/giris-yazisi\/\"]}]},{\"@type\":\"BreadcrumbList\",\"@id\":\"https:\/\/ticaret.edu.tr\/egitim-bilimleri\/giris-yazisi\/#breadcrumb\",\"itemListElement\":[{\"@type\":\"ListItem\",\"position\":1,\"name\":\"Anasayfa\",\"item\":\"https:\/\/ticaret.edu.tr\/egitim-bilimleri\/\"},{\"@type\":\"ListItem\",\"position\":2,\"name\":\"Giri\u015f Yaz\u0131s\u0131\"}]},{\"@type\":\"WebSite\",\"@id\":\"https:\/\/ticaret.edu.tr\/egitim-bilimleri\/#website\",\"url\":\"https:\/\/ticaret.edu.tr\/egitim-bilimleri\/\",\"name\":\"E\u011fitim Bilimleri\",\"description\":\"Bir ba\u015fka \u0130stanbul Ticaret \u00dcniversitesi site sitesi\",\"potentialAction\":[{\"@type\":\"SearchAction\",\"target\":{\"@type\":\"EntryPoint\",\"urlTemplate\":\"https:\/\/ticaret.edu.tr\/egitim-bilimleri\/?s={search_term_string}\"},\"query-input\":\"required name=search_term_string\"}],\"inLanguage\":\"tr\"}]}<\/script>\n<!-- \/ Yoast SEO Premium plugin. -->","yoast_head_json":{"title":"Giri\u015f Yaz\u0131s\u0131 - E\u011fitim Bilimleri","robots":{"index":"index","follow":"follow","max-snippet":"max-snippet:-1","max-image-preview":"max-image-preview:large","max-video-preview":"max-video-preview:-1"},"canonical":"https:\/\/ticaret.edu.tr\/egitim-bilimleri\/giris-yazisi\/","og_locale":"tr_TR","og_type":"article","og_title":"Giri\u015f Yaz\u0131s\u0131","og_description":"\u0130stanbul Ticaret \u00dcniversitesi E\u011fitim Bilimleri B\u00f6l\u00fcm\u00fc, bireyin, ailenin ve toplumun geli\u015fimini merkeze alan bir anlay\u0131\u015fla; de\u011fi\u015fen d\u00fcnyan\u0131n ihtiya\u00e7lar\u0131na yan\u0131t verebilen, ele\u015ftirel d\u00fc\u015f\u00fcnen, etik de\u011ferlere ba\u011fl\u0131 ve yenilik\u00e7i e\u011fitim uzmanlar\u0131 yeti\u015ftirmeyi ama\u00e7lamaktad\u0131r. E\u011fitim, dan\u0131\u015fmanl\u0131k ve y\u00f6netim alanlar\u0131nda bilimsel bilgi ile uygulamay\u0131 birle\u015ftiren b\u00f6l\u00fcm\u00fcm\u00fcz, Aile Dan\u0131\u015fmanl\u0131\u011f\u0131 ve E\u011fitimi, E\u011fitim Y\u00f6netimi y\u00fcksek lisans programlar\u0131yla birlikte Pedagojik Formasyon E\u011fitimi [&hellip;]","og_url":"https:\/\/ticaret.edu.tr\/egitim-bilimleri\/giris-yazisi\/","og_site_name":"E\u011fitim Bilimleri","article_publisher":"https:\/\/www.facebook.com\/ticaretedutr","article_modified_time":"2025-10-15T10:41:26+00:00","og_image":[{"width":1250,"height":833,"url":"http:\/\/ticaret.edu.tr\/egitim-bilimleri\/wp-content\/uploads\/sites\/66\/2021\/11\/web_logo-01.jpg","type":"image\/jpeg"}],"twitter_card":"summary_large_image","twitter_site":"@ticaretedutr","twitter_misc":{"Tahmini okuma s\u00fcresi":"1 dakika"},"schema":{"@context":"https:\/\/schema.org","@graph":[{"@type":"WebPage","@id":"https:\/\/ticaret.edu.tr\/egitim-bilimleri\/giris-yazisi\/","url":"https:\/\/ticaret.edu.tr\/egitim-bilimleri\/giris-yazisi\/","name":"Giri\u015f Yaz\u0131s\u0131 - E\u011fitim Bilimleri","isPartOf":{"@id":"https:\/\/ticaret.edu.tr\/egitim-bilimleri\/#website"},"datePublished":"2025-01-26T22:29:05+00:00","dateModified":"2025-10-15T10:41:26+00:00","breadcrumb":{"@id":"https:\/\/ticaret.edu.tr\/egitim-bilimleri\/giris-yazisi\/#breadcrumb"},"inLanguage":"tr","potentialAction":[{"@type":"ReadAction","target":["https:\/\/ticaret.edu.tr\/egitim-bilimleri\/giris-yazisi\/"]}]},{"@type":"BreadcrumbList","@id":"https:\/\/ticaret.edu.tr\/egitim-bilimleri\/giris-yazisi\/#breadcrumb","itemListElement":[{"@type":"ListItem","position":1,"name":"Anasayfa","item":"https:\/\/ticaret.edu.tr\/egitim-bilimleri\/"},{"@type":"ListItem","position":2,"name":"Giri\u015f Yaz\u0131s\u0131"}]},{"@type":"WebSite","@id":"https:\/\/ticaret.edu.tr\/egitim-bilimleri\/#website","url":"https:\/\/ticaret.edu.tr\/egitim-bilimleri\/","name":"E\u011fitim Bilimleri","description":"Bir ba\u015fka \u0130stanbul Ticaret \u00dcniversitesi site sitesi","potentialAction":[{"@type":"SearchAction","target":{"@type":"EntryPoint","urlTemplate":"https:\/\/ticaret.edu.tr\/egitim-bilimleri\/?s={search_term_string}"},"query-input":"required name=search_term_string"}],"inLanguage":"tr"}]}},"lang":"tr","translations":{"tr":401},"pll_sync_post":[],"_links":{"self":[{"href":"http:\/\/ticaret.edu.tr\/egitim-bilimleri\/wp-json\/wp\/v2\/pages\/401"}],"collection":[{"href":"http:\/\/ticaret.edu.tr\/egitim-bilimleri\/wp-json\/wp\/v2\/pages"}],"about":[{"href":"http:\/\/ticaret.edu.tr\/egitim-bilimleri\/wp-json\/wp\/v2\/types\/page"}],"author":[{"embeddable":true,"href":"http:\/\/ticaret.edu.tr\/egitim-bilimleri\/wp-json\/wp\/v2\/users\/223"}],"replies":[{"embeddable":true,"href":"http:\/\/ticaret.edu.tr\/egitim-bilimleri\/wp-json\/wp\/v2\/comments?post=401"}],"version-history":[{"count":2,"href":"http:\/\/ticaret.edu.tr\/egitim-bilimleri\/wp-json\/wp\/v2\/pages\/401\/revisions"}],"predecessor-version":[{"id":706,"href":"http:\/\/ticaret.edu.tr\/egitim-bilimleri\/wp-json\/wp\/v2\/pages\/401\/revisions\/706"}],"wp:attachment":[{"href":"http:\/\/ticaret.edu.tr\/egitim-bilimleri\/wp-json\/wp\/v2\/media?parent=401"}],"curies":[{"name":"wp","href":"https:\/\/api.w.org\/{rel}","templated":true}]}}