{"id":405,"date":"2025-01-27T01:29:30","date_gmt":"2025-01-26T22:29:30","guid":{"rendered":"https:\/\/ticaret.edu.tr\/egitim-bilimleri\/?page_id=405"},"modified":"2025-10-15T13:55:12","modified_gmt":"2025-10-15T10:55:12","slug":"tarihce","status":"publish","type":"page","link":"http:\/\/ticaret.edu.tr\/egitim-bilimleri\/tarihce\/","title":{"rendered":"Tarih\u00e7e"},"content":{"rendered":"<p data-start=\"210\" data-end=\"401\">\u0130stanbul Ticaret \u00dcniversitesi <strong data-start=\"240\" data-end=\"267\">E\u011fitim Bilimleri B\u00f6l\u00fcm\u00fc<\/strong>, e\u011fitim ve psikolojik dan\u0131\u015fma alanlar\u0131nda nitelikli uzmanlar yeti\u015ftirmek amac\u0131yla, <strong data-start=\"351\" data-end=\"386\">E\u011fitim Fak\u00fcltesi \u00e7at\u0131s\u0131 alt\u0131nda<\/strong> kurulmu\u015ftur.<\/p>\n<p data-start=\"403\" data-end=\"611\">B\u00f6l\u00fcm, kurulu\u015fundan itibaren bireyin, ailenin ve kurumlar\u0131n geli\u015fimini desteklemeyi merkeze alarak, <strong data-start=\"503\" data-end=\"562\">e\u011fitim, dan\u0131\u015fmanl\u0131k ve y\u00f6netim alanlar\u0131n\u0131 b\u00fct\u00fcnle\u015ftiren<\/strong> disiplinler aras\u0131 bir yakla\u015f\u0131m\u0131 benimsemi\u015ftir.<\/p>\n<p data-start=\"613\" data-end=\"753\">Y\u00fcksek\u00f6\u011fretimde de\u011fi\u015fen ihtiya\u00e7lara yan\u0131t verebilmek amac\u0131yla, b\u00f6l\u00fcm b\u00fcnyesinde farkl\u0131 d\u00f6nemlerde a\u015fa\u011f\u0131daki programlar yap\u0131land\u0131r\u0131lm\u0131\u015ft\u0131r:<\/p>\n<ul data-start=\"754\" data-end=\"979\">\n<li data-start=\"754\" data-end=\"830\">\n<p data-start=\"756\" data-end=\"830\"><strong data-start=\"756\" data-end=\"828\">Aile Dan\u0131\u015fmanl\u0131\u011f\u0131 ve E\u011fitimi Y\u00fcksek Lisans Program\u0131 (Tezli \/ Tezsiz)<\/strong><\/p>\n<\/li>\n<li data-start=\"831\" data-end=\"886\">\n<p data-start=\"833\" data-end=\"886\"><strong data-start=\"833\" data-end=\"884\">E\u011fitim Y\u00f6netimi Y\u00fcksek Lisans Program\u0131 (Tezsiz)<\/strong><\/p>\n<\/li>\n<li data-start=\"887\" data-end=\"941\">\n<p data-start=\"889\" data-end=\"941\"><strong data-start=\"889\" data-end=\"939\">Pedagojik Formasyon E\u011fitimi Sertifika Program\u0131<\/strong><\/p>\n<\/li>\n<li data-start=\"942\" data-end=\"979\">\n<p data-start=\"944\" data-end=\"979\"><strong data-start=\"944\" data-end=\"977\">Ortak Dersler Koordinat\u00f6rl\u00fc\u011f\u00fc<\/strong><\/p>\n<\/li>\n<\/ul>\n<p data-start=\"981\" data-end=\"1224\">E\u011fitim Bilimleri B\u00f6l\u00fcm\u00fc, kurulu\u015fundan bu yana <strong data-start=\"1027\" data-end=\"1080\">e\u011fitimde kalite, bilimde yenilik ve insanda anlam<\/strong> ilkeleri do\u011frultusunda hareket etmi\u015f; akademik \u00fcretkenli\u011fi, etik de\u011ferlere ba\u011fl\u0131l\u0131\u011f\u0131 ve topluma hizmet anlay\u0131\u015f\u0131n\u0131 \u00f6ncelik haline getirmi\u015ftir.<\/p>\n<p data-start=\"1226\" data-end=\"1506\">Bug\u00fcn b\u00f6l\u00fcm, \u0130stanbul Ticaret \u00dcniversitesi\u2019nin <strong data-start=\"1273\" data-end=\"1355\">E\u011fitim Bilimleri, Aile Dan\u0131\u015fmanl\u0131\u011f\u0131 ve E\u011fitim Y\u00f6netimi<\/strong> alanlar\u0131ndaki akademik birikiminin merkezinde yer almakta; <strong data-start=\"1415\" data-end=\"1456\">ara\u015ft\u0131rma, \u00f6\u011fretim ve toplumsal katk\u0131 <\/strong>i\u015flevlerini b\u00fct\u00fcnc\u00fcl bir yap\u0131da s\u00fcrd\u00fcrmektedir.<\/p>\n","protected":false},"excerpt":{"rendered":"<p>\u0130stanbul Ticaret \u00dcniversitesi E\u011fitim Bilimleri B\u00f6l\u00fcm\u00fc, e\u011fitim ve psikolojik dan\u0131\u015fma alanlar\u0131nda nitelikli uzmanlar yeti\u015ftirmek amac\u0131yla, E\u011fitim Fak\u00fcltesi \u00e7at\u0131s\u0131 alt\u0131nda kurulmu\u015ftur. B\u00f6l\u00fcm, kurulu\u015fundan itibaren bireyin, ailenin ve kurumlar\u0131n geli\u015fimini desteklemeyi merkeze alarak, e\u011fitim, dan\u0131\u015fmanl\u0131k ve y\u00f6netim alanlar\u0131n\u0131 b\u00fct\u00fcnle\u015ftiren disiplinler aras\u0131 bir yakla\u015f\u0131m\u0131 benimsemi\u015ftir. Y\u00fcksek\u00f6\u011fretimde de\u011fi\u015fen ihtiya\u00e7lara yan\u0131t verebilmek amac\u0131yla, b\u00f6l\u00fcm b\u00fcnyesinde farkl\u0131 d\u00f6nemlerde a\u015fa\u011f\u0131daki programlar yap\u0131land\u0131r\u0131lm\u0131\u015ft\u0131r: [&hellip;]<\/p>\n","protected":false},"author":223,"featured_media":0,"parent":0,"menu_order":0,"comment_status":"closed","ping_status":"closed","template":"genel_sayfa.php","meta":{"footnotes":""},"yoast_head":"<!-- This site is optimized with the Yoast SEO Premium plugin v22.1 (Yoast SEO v22.1) - https:\/\/yoast.com\/wordpress\/plugins\/seo\/ -->\n<title>Tarih\u00e7e - E\u011fitim Bilimleri<\/title>\n<meta name=\"robots\" content=\"index, follow, max-snippet:-1, max-image-preview:large, max-video-preview:-1\" \/>\n<link rel=\"canonical\" href=\"https:\/\/ticaret.edu.tr\/egitim-bilimleri\/tarihce\/\" \/>\n<meta property=\"og:locale\" content=\"tr_TR\" \/>\n<meta property=\"og:type\" content=\"article\" \/>\n<meta property=\"og:title\" content=\"Tarih\u00e7e\" \/>\n<meta property=\"og:description\" content=\"\u0130stanbul Ticaret \u00dcniversitesi E\u011fitim Bilimleri B\u00f6l\u00fcm\u00fc, e\u011fitim ve psikolojik dan\u0131\u015fma alanlar\u0131nda nitelikli uzmanlar yeti\u015ftirmek amac\u0131yla, E\u011fitim Fak\u00fcltesi \u00e7at\u0131s\u0131 alt\u0131nda kurulmu\u015ftur. B\u00f6l\u00fcm, kurulu\u015fundan itibaren bireyin, ailenin ve kurumlar\u0131n geli\u015fimini desteklemeyi merkeze alarak, e\u011fitim, dan\u0131\u015fmanl\u0131k ve y\u00f6netim alanlar\u0131n\u0131 b\u00fct\u00fcnle\u015ftiren disiplinler aras\u0131 bir yakla\u015f\u0131m\u0131 benimsemi\u015ftir. Y\u00fcksek\u00f6\u011fretimde de\u011fi\u015fen ihtiya\u00e7lara yan\u0131t verebilmek amac\u0131yla, b\u00f6l\u00fcm b\u00fcnyesinde farkl\u0131 d\u00f6nemlerde a\u015fa\u011f\u0131daki programlar yap\u0131land\u0131r\u0131lm\u0131\u015ft\u0131r: [&hellip;]\" \/>\n<meta property=\"og:url\" content=\"https:\/\/ticaret.edu.tr\/egitim-bilimleri\/tarihce\/\" \/>\n<meta property=\"og:site_name\" content=\"E\u011fitim Bilimleri\" \/>\n<meta property=\"article:publisher\" content=\"https:\/\/www.facebook.com\/ticaretedutr\" \/>\n<meta property=\"article:modified_time\" content=\"2025-10-15T10:55:12+00:00\" \/>\n<meta property=\"og:image\" content=\"http:\/\/ticaret.edu.tr\/egitim-bilimleri\/wp-content\/uploads\/sites\/66\/2021\/11\/web_logo-01.jpg\" \/>\n\t<meta property=\"og:image:width\" content=\"1250\" \/>\n\t<meta property=\"og:image:height\" content=\"833\" \/>\n\t<meta property=\"og:image:type\" content=\"image\/jpeg\" \/>\n<meta name=\"twitter:card\" content=\"summary_large_image\" \/>\n<meta name=\"twitter:site\" content=\"@ticaretedutr\" \/>\n<meta name=\"twitter:label1\" content=\"Tahmini okuma s\u00fcresi\" \/>\n\t<meta name=\"twitter:data1\" content=\"1 dakika\" \/>\n<script type=\"application\/ld+json\" class=\"yoast-schema-graph\">{\"@context\":\"https:\/\/schema.org\",\"@graph\":[{\"@type\":\"WebPage\",\"@id\":\"https:\/\/ticaret.edu.tr\/egitim-bilimleri\/tarihce\/\",\"url\":\"https:\/\/ticaret.edu.tr\/egitim-bilimleri\/tarihce\/\",\"name\":\"Tarih\u00e7e - E\u011fitim Bilimleri\",\"isPartOf\":{\"@id\":\"https:\/\/ticaret.edu.tr\/egitim-bilimleri\/#website\"},\"datePublished\":\"2025-01-26T22:29:30+00:00\",\"dateModified\":\"2025-10-15T10:55:12+00:00\",\"breadcrumb\":{\"@id\":\"https:\/\/ticaret.edu.tr\/egitim-bilimleri\/tarihce\/#breadcrumb\"},\"inLanguage\":\"tr\",\"potentialAction\":[{\"@type\":\"ReadAction\",\"target\":[\"https:\/\/ticaret.edu.tr\/egitim-bilimleri\/tarihce\/\"]}]},{\"@type\":\"BreadcrumbList\",\"@id\":\"https:\/\/ticaret.edu.tr\/egitim-bilimleri\/tarihce\/#breadcrumb\",\"itemListElement\":[{\"@type\":\"ListItem\",\"position\":1,\"name\":\"Anasayfa\",\"item\":\"https:\/\/ticaret.edu.tr\/egitim-bilimleri\/\"},{\"@type\":\"ListItem\",\"position\":2,\"name\":\"Tarih\u00e7e\"}]},{\"@type\":\"WebSite\",\"@id\":\"https:\/\/ticaret.edu.tr\/egitim-bilimleri\/#website\",\"url\":\"https:\/\/ticaret.edu.tr\/egitim-bilimleri\/\",\"name\":\"E\u011fitim Bilimleri\",\"description\":\"Bir ba\u015fka \u0130stanbul Ticaret \u00dcniversitesi site sitesi\",\"potentialAction\":[{\"@type\":\"SearchAction\",\"target\":{\"@type\":\"EntryPoint\",\"urlTemplate\":\"https:\/\/ticaret.edu.tr\/egitim-bilimleri\/?s={search_term_string}\"},\"query-input\":\"required name=search_term_string\"}],\"inLanguage\":\"tr\"}]}<\/script>\n<!-- \/ Yoast SEO Premium plugin. -->","yoast_head_json":{"title":"Tarih\u00e7e - E\u011fitim Bilimleri","robots":{"index":"index","follow":"follow","max-snippet":"max-snippet:-1","max-image-preview":"max-image-preview:large","max-video-preview":"max-video-preview:-1"},"canonical":"https:\/\/ticaret.edu.tr\/egitim-bilimleri\/tarihce\/","og_locale":"tr_TR","og_type":"article","og_title":"Tarih\u00e7e","og_description":"\u0130stanbul Ticaret \u00dcniversitesi E\u011fitim Bilimleri B\u00f6l\u00fcm\u00fc, e\u011fitim ve psikolojik dan\u0131\u015fma alanlar\u0131nda nitelikli uzmanlar yeti\u015ftirmek amac\u0131yla, E\u011fitim Fak\u00fcltesi \u00e7at\u0131s\u0131 alt\u0131nda kurulmu\u015ftur. B\u00f6l\u00fcm, kurulu\u015fundan itibaren bireyin, ailenin ve kurumlar\u0131n geli\u015fimini desteklemeyi merkeze alarak, e\u011fitim, dan\u0131\u015fmanl\u0131k ve y\u00f6netim alanlar\u0131n\u0131 b\u00fct\u00fcnle\u015ftiren disiplinler aras\u0131 bir yakla\u015f\u0131m\u0131 benimsemi\u015ftir. Y\u00fcksek\u00f6\u011fretimde de\u011fi\u015fen ihtiya\u00e7lara yan\u0131t verebilmek amac\u0131yla, b\u00f6l\u00fcm b\u00fcnyesinde farkl\u0131 d\u00f6nemlerde a\u015fa\u011f\u0131daki programlar yap\u0131land\u0131r\u0131lm\u0131\u015ft\u0131r: [&hellip;]","og_url":"https:\/\/ticaret.edu.tr\/egitim-bilimleri\/tarihce\/","og_site_name":"E\u011fitim Bilimleri","article_publisher":"https:\/\/www.facebook.com\/ticaretedutr","article_modified_time":"2025-10-15T10:55:12+00:00","og_image":[{"width":1250,"height":833,"url":"http:\/\/ticaret.edu.tr\/egitim-bilimleri\/wp-content\/uploads\/sites\/66\/2021\/11\/web_logo-01.jpg","type":"image\/jpeg"}],"twitter_card":"summary_large_image","twitter_site":"@ticaretedutr","twitter_misc":{"Tahmini okuma s\u00fcresi":"1 dakika"},"schema":{"@context":"https:\/\/schema.org","@graph":[{"@type":"WebPage","@id":"https:\/\/ticaret.edu.tr\/egitim-bilimleri\/tarihce\/","url":"https:\/\/ticaret.edu.tr\/egitim-bilimleri\/tarihce\/","name":"Tarih\u00e7e - E\u011fitim Bilimleri","isPartOf":{"@id":"https:\/\/ticaret.edu.tr\/egitim-bilimleri\/#website"},"datePublished":"2025-01-26T22:29:30+00:00","dateModified":"2025-10-15T10:55:12+00:00","breadcrumb":{"@id":"https:\/\/ticaret.edu.tr\/egitim-bilimleri\/tarihce\/#breadcrumb"},"inLanguage":"tr","potentialAction":[{"@type":"ReadAction","target":["https:\/\/ticaret.edu.tr\/egitim-bilimleri\/tarihce\/"]}]},{"@type":"BreadcrumbList","@id":"https:\/\/ticaret.edu.tr\/egitim-bilimleri\/tarihce\/#breadcrumb","itemListElement":[{"@type":"ListItem","position":1,"name":"Anasayfa","item":"https:\/\/ticaret.edu.tr\/egitim-bilimleri\/"},{"@type":"ListItem","position":2,"name":"Tarih\u00e7e"}]},{"@type":"WebSite","@id":"https:\/\/ticaret.edu.tr\/egitim-bilimleri\/#website","url":"https:\/\/ticaret.edu.tr\/egitim-bilimleri\/","name":"E\u011fitim Bilimleri","description":"Bir ba\u015fka \u0130stanbul Ticaret \u00dcniversitesi site sitesi","potentialAction":[{"@type":"SearchAction","target":{"@type":"EntryPoint","urlTemplate":"https:\/\/ticaret.edu.tr\/egitim-bilimleri\/?s={search_term_string}"},"query-input":"required name=search_term_string"}],"inLanguage":"tr"}]}},"lang":"tr","translations":{"tr":405},"pll_sync_post":[],"_links":{"self":[{"href":"http:\/\/ticaret.edu.tr\/egitim-bilimleri\/wp-json\/wp\/v2\/pages\/405"}],"collection":[{"href":"http:\/\/ticaret.edu.tr\/egitim-bilimleri\/wp-json\/wp\/v2\/pages"}],"about":[{"href":"http:\/\/ticaret.edu.tr\/egitim-bilimleri\/wp-json\/wp\/v2\/types\/page"}],"author":[{"embeddable":true,"href":"http:\/\/ticaret.edu.tr\/egitim-bilimleri\/wp-json\/wp\/v2\/users\/223"}],"replies":[{"embeddable":true,"href":"http:\/\/ticaret.edu.tr\/egitim-bilimleri\/wp-json\/wp\/v2\/comments?post=405"}],"version-history":[{"count":3,"href":"http:\/\/ticaret.edu.tr\/egitim-bilimleri\/wp-json\/wp\/v2\/pages\/405\/revisions"}],"predecessor-version":[{"id":716,"href":"http:\/\/ticaret.edu.tr\/egitim-bilimleri\/wp-json\/wp\/v2\/pages\/405\/revisions\/716"}],"wp:attachment":[{"href":"http:\/\/ticaret.edu.tr\/egitim-bilimleri\/wp-json\/wp\/v2\/media?parent=405"}],"curies":[{"name":"wp","href":"https:\/\/api.w.org\/{rel}","templated":true}]}}