{"id":423,"date":"2025-01-27T01:31:30","date_gmt":"2025-01-26T22:31:30","guid":{"rendered":"https:\/\/ticaret.edu.tr\/egitim-bilimleri\/?page_id=423"},"modified":"2025-10-15T14:50:09","modified_gmt":"2025-10-15T11:50:09","slug":"ogrenci-danismanlari","status":"publish","type":"page","link":"http:\/\/ticaret.edu.tr\/egitim-bilimleri\/ogrenci-danismanlari\/","title":{"rendered":"\u00d6\u011frenci Dan\u0131\u015fmanlar\u0131"},"content":{"rendered":"<h3 data-start=\"221\" data-end=\"257\">\ud83d\udc69\u200d\ud83c\udfeb <strong data-start=\"231\" data-end=\"255\">\u00d6\u011frenci Dan\u0131\u015fmanl\u0131\u011f\u0131<\/strong><\/h3>\n<p data-start=\"259\" data-end=\"451\">\u0130stanbul Ticaret \u00dcniversitesi <strong data-start=\"289\" data-end=\"316\">E\u011fitim Bilimleri B\u00f6l\u00fcm\u00fc<\/strong>, \u00f6\u011frencilerin akademik, mesleki ve ki\u015fisel geli\u015fimlerini desteklemek amac\u0131yla <strong data-start=\"395\" data-end=\"420\">dan\u0131\u015fmanl\u0131k sistemini<\/strong> etkin bi\u00e7imde y\u00fcr\u00fctmektedir.<\/p>\n<p data-start=\"453\" data-end=\"658\">Her \u00f6\u011frenciye, kay\u0131tl\u0131 oldu\u011fu programa g\u00f6re bir <strong data-start=\"501\" data-end=\"522\">akademik dan\u0131\u015fman<\/strong> atan\u0131r.<br data-start=\"530\" data-end=\"533\" \/>Dan\u0131\u015fmanlar, \u00f6\u011frencilerin lisans\u00fcst\u00fc e\u011fitim s\u00fcreci boyunca kar\u015f\u0131la\u015fabilecekleri akademik ve idari konularda rehberlik eder.<\/p>\n<hr data-start=\"660\" data-end=\"663\" \/>\n<h3 data-start=\"665\" data-end=\"715\">\ud83c\udf93 <strong data-start=\"672\" data-end=\"713\">Dan\u0131\u015fmanlar\u0131n G\u00f6rev ve Sorumluluklar\u0131<\/strong><\/h3>\n<p data-start=\"716\" data-end=\"742\">\ud83d\udcd8 \u00d6\u011frenci dan\u0131\u015fmanlar\u0131;<\/p>\n<ul data-start=\"743\" data-end=\"1115\">\n<li data-start=\"743\" data-end=\"796\">\n<p data-start=\"745\" data-end=\"796\">Ders se\u00e7imi ve kay\u0131t i\u015flemlerinde rehberlik eder,<\/p>\n<\/li>\n<li data-start=\"797\" data-end=\"885\">\n<p data-start=\"799\" data-end=\"885\">Program\u0131n ders plan\u0131, m\u00fcfredat ve y\u00f6netmelik h\u00fck\u00fcmleri hakk\u0131nda bilgilendirme yapar,<\/p>\n<\/li>\n<li data-start=\"886\" data-end=\"947\">\n<p data-start=\"888\" data-end=\"947\">Tezli programlarda <strong data-start=\"907\" data-end=\"927\">tez dan\u0131\u015fmanl\u0131\u011f\u0131<\/strong> s\u00fcrecini y\u00fcr\u00fct\u00fcr,<\/p>\n<\/li>\n<li data-start=\"948\" data-end=\"1016\">\n<p data-start=\"950\" data-end=\"1016\">\u00d6\u011frencilerin akademik ba\u015far\u0131lar\u0131n\u0131 ve geli\u015fim s\u00fcre\u00e7lerini izler,<\/p>\n<\/li>\n<li data-start=\"1017\" data-end=\"1115\">\n<p data-start=\"1019\" data-end=\"1115\">Gerekti\u011finde psikolojik, akademik veya mesleki destek i\u00e7in ilgili birimlere y\u00f6nlendirme yapar.<\/p>\n<\/li>\n<\/ul>\n<hr data-start=\"1117\" data-end=\"1120\" \/>\n<h3 data-start=\"1122\" data-end=\"1153\">\ud83e\udded <strong data-start=\"1129\" data-end=\"1151\">Dan\u0131\u015fmanl\u0131k S\u00fcreci<\/strong><\/h3>\n<p data-start=\"1154\" data-end=\"1486\">\ud83d\udcc5 Dan\u0131\u015fmanl\u0131k s\u00fcreci, \u00f6\u011frencinin programa kabul\u00fcyle ba\u015flar ve mezuniyetine kadar devam eder.<br data-start=\"1247\" data-end=\"1250\" \/>Dan\u0131\u015fman atamalar\u0131, <strong data-start=\"1270\" data-end=\"1301\">Lisans\u00fcst\u00fc E\u011fitim Enstit\u00fcs\u00fc<\/strong> taraf\u0131ndan onaylanarak \u00f6\u011frencilere duyurulur.<br data-start=\"1347\" data-end=\"1350\" \/>Her yar\u0131y\u0131l ba\u015f\u0131nda \u00f6\u011frencilerin dan\u0131\u015fmanlar\u0131yla d\u00fczenli olarak g\u00f6r\u00fc\u015fmeleri, akademik planlamalar\u0131n\u0131 bu do\u011frultuda yapmalar\u0131 beklenir.<\/p>\n<hr data-start=\"1488\" data-end=\"1491\" \/>\n<h3 data-start=\"1493\" data-end=\"1522\">\ud83c\udf31 <strong data-start=\"1500\" data-end=\"1520\">Ama\u00e7 ve Yakla\u015f\u0131m<\/strong><\/h3>\n<p data-start=\"1523\" data-end=\"1873\">E\u011fitim Bilimleri B\u00f6l\u00fcm\u00fc, dan\u0131\u015fmanl\u0131k sistemini yaln\u0131zca akademik bir zorunluluk de\u011fil; <strong data-start=\"1610\" data-end=\"1677\">\u00f6\u011frencinin b\u00fct\u00fcnc\u00fcl geli\u015fimini destekleyen bir rehberlik s\u00fcreci<\/strong> olarak g\u00f6rmektedir.<br data-start=\"1697\" data-end=\"1700\" \/>Ama\u00e7, \u00f6\u011frencilerin e\u011fitim s\u00fcrecini bilin\u00e7li \u015fekilde y\u00f6netmeleri, hedeflerine uygun akademik planlama yapmalar\u0131 ve <strong data-start=\"1814\" data-end=\"1871\">mesleki kimliklerini g\u00fc\u00e7l\u00fc bi\u00e7imde geli\u015ftirmeleridir.<\/strong><\/p>\n<p data-start=\"1523\" data-end=\"1873\">\n<p data-start=\"1523\" data-end=\"1873\">Lisans\u00fcst\u00fc Ders Dan\u0131\u015fmanl\u0131\u011f\u0131: Prof. Dr. Hanifi PARLAR<\/p>\n<p data-start=\"1523\" data-end=\"1873\">Pedagojik Formasyon Birimi: Dr. \u00d6\u011fr. \u00dcyesi Polat ERDO\u011eAN<\/p>\n","protected":false},"excerpt":{"rendered":"<p>\ud83d\udc69\u200d\ud83c\udfeb \u00d6\u011frenci Dan\u0131\u015fmanl\u0131\u011f\u0131 \u0130stanbul Ticaret \u00dcniversitesi E\u011fitim Bilimleri B\u00f6l\u00fcm\u00fc, \u00f6\u011frencilerin akademik, mesleki ve ki\u015fisel geli\u015fimlerini desteklemek amac\u0131yla dan\u0131\u015fmanl\u0131k sistemini etkin bi\u00e7imde y\u00fcr\u00fctmektedir. Her \u00f6\u011frenciye, kay\u0131tl\u0131 oldu\u011fu programa g\u00f6re bir akademik dan\u0131\u015fman atan\u0131r.Dan\u0131\u015fmanlar, \u00f6\u011frencilerin lisans\u00fcst\u00fc e\u011fitim s\u00fcreci boyunca kar\u015f\u0131la\u015fabilecekleri akademik ve idari konularda rehberlik eder. \ud83c\udf93 Dan\u0131\u015fmanlar\u0131n G\u00f6rev ve Sorumluluklar\u0131 \ud83d\udcd8 \u00d6\u011frenci dan\u0131\u015fmanlar\u0131; Ders se\u00e7imi ve [&hellip;]<\/p>\n","protected":false},"author":223,"featured_media":0,"parent":0,"menu_order":0,"comment_status":"closed","ping_status":"closed","template":"genel_sayfa.php","meta":{"footnotes":""},"yoast_head":"<!-- This site is optimized with the Yoast SEO Premium plugin v22.1 (Yoast SEO v22.1) - https:\/\/yoast.com\/wordpress\/plugins\/seo\/ -->\n<title>\u00d6\u011frenci Dan\u0131\u015fmanlar\u0131 - E\u011fitim Bilimleri<\/title>\n<meta name=\"robots\" content=\"index, follow, max-snippet:-1, max-image-preview:large, max-video-preview:-1\" \/>\n<link rel=\"canonical\" href=\"https:\/\/ticaret.edu.tr\/egitim-bilimleri\/ogrenci-danismanlari\/\" \/>\n<meta property=\"og:locale\" content=\"tr_TR\" \/>\n<meta property=\"og:type\" content=\"article\" \/>\n<meta property=\"og:title\" content=\"\u00d6\u011frenci Dan\u0131\u015fmanlar\u0131\" \/>\n<meta property=\"og:description\" content=\"\ud83d\udc69\u200d\ud83c\udfeb \u00d6\u011frenci Dan\u0131\u015fmanl\u0131\u011f\u0131 \u0130stanbul Ticaret \u00dcniversitesi E\u011fitim Bilimleri B\u00f6l\u00fcm\u00fc, \u00f6\u011frencilerin akademik, mesleki ve ki\u015fisel geli\u015fimlerini desteklemek amac\u0131yla dan\u0131\u015fmanl\u0131k sistemini etkin bi\u00e7imde y\u00fcr\u00fctmektedir. Her \u00f6\u011frenciye, kay\u0131tl\u0131 oldu\u011fu programa g\u00f6re bir akademik dan\u0131\u015fman atan\u0131r.Dan\u0131\u015fmanlar, \u00f6\u011frencilerin lisans\u00fcst\u00fc e\u011fitim s\u00fcreci boyunca kar\u015f\u0131la\u015fabilecekleri akademik ve idari konularda rehberlik eder. \ud83c\udf93 Dan\u0131\u015fmanlar\u0131n G\u00f6rev ve Sorumluluklar\u0131 \ud83d\udcd8 \u00d6\u011frenci dan\u0131\u015fmanlar\u0131; Ders se\u00e7imi ve [&hellip;]\" \/>\n<meta property=\"og:url\" content=\"https:\/\/ticaret.edu.tr\/egitim-bilimleri\/ogrenci-danismanlari\/\" \/>\n<meta property=\"og:site_name\" content=\"E\u011fitim Bilimleri\" \/>\n<meta property=\"article:publisher\" content=\"https:\/\/www.facebook.com\/ticaretedutr\" \/>\n<meta property=\"article:modified_time\" content=\"2025-10-15T11:50:09+00:00\" \/>\n<meta property=\"og:image\" content=\"http:\/\/ticaret.edu.tr\/egitim-bilimleri\/wp-content\/uploads\/sites\/66\/2021\/11\/web_logo-01.jpg\" \/>\n\t<meta property=\"og:image:width\" content=\"1250\" \/>\n\t<meta property=\"og:image:height\" content=\"833\" \/>\n\t<meta property=\"og:image:type\" content=\"image\/jpeg\" \/>\n<meta name=\"twitter:card\" content=\"summary_large_image\" \/>\n<meta name=\"twitter:site\" content=\"@ticaretedutr\" \/>\n<meta name=\"twitter:label1\" content=\"Tahmini okuma s\u00fcresi\" \/>\n\t<meta name=\"twitter:data1\" content=\"2 dakika\" \/>\n<script type=\"application\/ld+json\" class=\"yoast-schema-graph\">{\"@context\":\"https:\/\/schema.org\",\"@graph\":[{\"@type\":\"WebPage\",\"@id\":\"https:\/\/ticaret.edu.tr\/egitim-bilimleri\/ogrenci-danismanlari\/\",\"url\":\"https:\/\/ticaret.edu.tr\/egitim-bilimleri\/ogrenci-danismanlari\/\",\"name\":\"\u00d6\u011frenci Dan\u0131\u015fmanlar\u0131 - E\u011fitim Bilimleri\",\"isPartOf\":{\"@id\":\"https:\/\/ticaret.edu.tr\/egitim-bilimleri\/#website\"},\"datePublished\":\"2025-01-26T22:31:30+00:00\",\"dateModified\":\"2025-10-15T11:50:09+00:00\",\"breadcrumb\":{\"@id\":\"https:\/\/ticaret.edu.tr\/egitim-bilimleri\/ogrenci-danismanlari\/#breadcrumb\"},\"inLanguage\":\"tr\",\"potentialAction\":[{\"@type\":\"ReadAction\",\"target\":[\"https:\/\/ticaret.edu.tr\/egitim-bilimleri\/ogrenci-danismanlari\/\"]}]},{\"@type\":\"BreadcrumbList\",\"@id\":\"https:\/\/ticaret.edu.tr\/egitim-bilimleri\/ogrenci-danismanlari\/#breadcrumb\",\"itemListElement\":[{\"@type\":\"ListItem\",\"position\":1,\"name\":\"Anasayfa\",\"item\":\"https:\/\/ticaret.edu.tr\/egitim-bilimleri\/\"},{\"@type\":\"ListItem\",\"position\":2,\"name\":\"\u00d6\u011frenci Dan\u0131\u015fmanlar\u0131\"}]},{\"@type\":\"WebSite\",\"@id\":\"https:\/\/ticaret.edu.tr\/egitim-bilimleri\/#website\",\"url\":\"https:\/\/ticaret.edu.tr\/egitim-bilimleri\/\",\"name\":\"E\u011fitim Bilimleri\",\"description\":\"Bir ba\u015fka \u0130stanbul Ticaret \u00dcniversitesi site sitesi\",\"potentialAction\":[{\"@type\":\"SearchAction\",\"target\":{\"@type\":\"EntryPoint\",\"urlTemplate\":\"https:\/\/ticaret.edu.tr\/egitim-bilimleri\/?s={search_term_string}\"},\"query-input\":\"required name=search_term_string\"}],\"inLanguage\":\"tr\"}]}<\/script>\n<!-- \/ Yoast SEO Premium plugin. -->","yoast_head_json":{"title":"\u00d6\u011frenci Dan\u0131\u015fmanlar\u0131 - E\u011fitim Bilimleri","robots":{"index":"index","follow":"follow","max-snippet":"max-snippet:-1","max-image-preview":"max-image-preview:large","max-video-preview":"max-video-preview:-1"},"canonical":"https:\/\/ticaret.edu.tr\/egitim-bilimleri\/ogrenci-danismanlari\/","og_locale":"tr_TR","og_type":"article","og_title":"\u00d6\u011frenci Dan\u0131\u015fmanlar\u0131","og_description":"\ud83d\udc69\u200d\ud83c\udfeb \u00d6\u011frenci Dan\u0131\u015fmanl\u0131\u011f\u0131 \u0130stanbul Ticaret \u00dcniversitesi E\u011fitim Bilimleri B\u00f6l\u00fcm\u00fc, \u00f6\u011frencilerin akademik, mesleki ve ki\u015fisel geli\u015fimlerini desteklemek amac\u0131yla dan\u0131\u015fmanl\u0131k sistemini etkin bi\u00e7imde y\u00fcr\u00fctmektedir. Her \u00f6\u011frenciye, kay\u0131tl\u0131 oldu\u011fu programa g\u00f6re bir akademik dan\u0131\u015fman atan\u0131r.Dan\u0131\u015fmanlar, \u00f6\u011frencilerin lisans\u00fcst\u00fc e\u011fitim s\u00fcreci boyunca kar\u015f\u0131la\u015fabilecekleri akademik ve idari konularda rehberlik eder. \ud83c\udf93 Dan\u0131\u015fmanlar\u0131n G\u00f6rev ve Sorumluluklar\u0131 \ud83d\udcd8 \u00d6\u011frenci dan\u0131\u015fmanlar\u0131; Ders se\u00e7imi ve [&hellip;]","og_url":"https:\/\/ticaret.edu.tr\/egitim-bilimleri\/ogrenci-danismanlari\/","og_site_name":"E\u011fitim Bilimleri","article_publisher":"https:\/\/www.facebook.com\/ticaretedutr","article_modified_time":"2025-10-15T11:50:09+00:00","og_image":[{"width":1250,"height":833,"url":"http:\/\/ticaret.edu.tr\/egitim-bilimleri\/wp-content\/uploads\/sites\/66\/2021\/11\/web_logo-01.jpg","type":"image\/jpeg"}],"twitter_card":"summary_large_image","twitter_site":"@ticaretedutr","twitter_misc":{"Tahmini okuma s\u00fcresi":"2 dakika"},"schema":{"@context":"https:\/\/schema.org","@graph":[{"@type":"WebPage","@id":"https:\/\/ticaret.edu.tr\/egitim-bilimleri\/ogrenci-danismanlari\/","url":"https:\/\/ticaret.edu.tr\/egitim-bilimleri\/ogrenci-danismanlari\/","name":"\u00d6\u011frenci Dan\u0131\u015fmanlar\u0131 - E\u011fitim Bilimleri","isPartOf":{"@id":"https:\/\/ticaret.edu.tr\/egitim-bilimleri\/#website"},"datePublished":"2025-01-26T22:31:30+00:00","dateModified":"2025-10-15T11:50:09+00:00","breadcrumb":{"@id":"https:\/\/ticaret.edu.tr\/egitim-bilimleri\/ogrenci-danismanlari\/#breadcrumb"},"inLanguage":"tr","potentialAction":[{"@type":"ReadAction","target":["https:\/\/ticaret.edu.tr\/egitim-bilimleri\/ogrenci-danismanlari\/"]}]},{"@type":"BreadcrumbList","@id":"https:\/\/ticaret.edu.tr\/egitim-bilimleri\/ogrenci-danismanlari\/#breadcrumb","itemListElement":[{"@type":"ListItem","position":1,"name":"Anasayfa","item":"https:\/\/ticaret.edu.tr\/egitim-bilimleri\/"},{"@type":"ListItem","position":2,"name":"\u00d6\u011frenci Dan\u0131\u015fmanlar\u0131"}]},{"@type":"WebSite","@id":"https:\/\/ticaret.edu.tr\/egitim-bilimleri\/#website","url":"https:\/\/ticaret.edu.tr\/egitim-bilimleri\/","name":"E\u011fitim Bilimleri","description":"Bir ba\u015fka \u0130stanbul Ticaret \u00dcniversitesi site sitesi","potentialAction":[{"@type":"SearchAction","target":{"@type":"EntryPoint","urlTemplate":"https:\/\/ticaret.edu.tr\/egitim-bilimleri\/?s={search_term_string}"},"query-input":"required name=search_term_string"}],"inLanguage":"tr"}]}},"lang":"tr","translations":{"tr":423},"pll_sync_post":[],"_links":{"self":[{"href":"http:\/\/ticaret.edu.tr\/egitim-bilimleri\/wp-json\/wp\/v2\/pages\/423"}],"collection":[{"href":"http:\/\/ticaret.edu.tr\/egitim-bilimleri\/wp-json\/wp\/v2\/pages"}],"about":[{"href":"http:\/\/ticaret.edu.tr\/egitim-bilimleri\/wp-json\/wp\/v2\/types\/page"}],"author":[{"embeddable":true,"href":"http:\/\/ticaret.edu.tr\/egitim-bilimleri\/wp-json\/wp\/v2\/users\/223"}],"replies":[{"embeddable":true,"href":"http:\/\/ticaret.edu.tr\/egitim-bilimleri\/wp-json\/wp\/v2\/comments?post=423"}],"version-history":[{"count":3,"href":"http:\/\/ticaret.edu.tr\/egitim-bilimleri\/wp-json\/wp\/v2\/pages\/423\/revisions"}],"predecessor-version":[{"id":738,"href":"http:\/\/ticaret.edu.tr\/egitim-bilimleri\/wp-json\/wp\/v2\/pages\/423\/revisions\/738"}],"wp:attachment":[{"href":"http:\/\/ticaret.edu.tr\/egitim-bilimleri\/wp-json\/wp\/v2\/media?parent=423"}],"curies":[{"name":"wp","href":"https:\/\/api.w.org\/{rel}","templated":true}]}}