{"id":425,"date":"2025-01-27T01:31:39","date_gmt":"2025-01-26T22:31:39","guid":{"rendered":"https:\/\/ticaret.edu.tr\/egitim-bilimleri\/?page_id=425"},"modified":"2025-10-15T14:53:02","modified_gmt":"2025-10-15T11:53:02","slug":"ogrenci-topluluklari","status":"publish","type":"page","link":"http:\/\/ticaret.edu.tr\/egitim-bilimleri\/ogrenci-topluluklari\/","title":{"rendered":"\u00d6\u011frenci Topluluklar\u0131"},"content":{"rendered":"<h3 data-start=\"410\" data-end=\"443\">\ud83e\udd1d <strong data-start=\"417\" data-end=\"441\">\u00d6\u011frenci Topluluklar\u0131<\/strong><\/h3>\n<p data-start=\"445\" data-end=\"623\">\u0130stanbul Ticaret \u00dcniversitesi \u00f6\u011frencileri, akademik geli\u015fimlerinin yan\u0131 s\u0131ra sosyal, k\u00fclt\u00fcrel ve sanatsal alanlarda da aktif bir \u00fcniversite ya\u015fam\u0131na kat\u0131lma f\u0131rsat\u0131na sahiptir.<\/p>\n<p data-start=\"625\" data-end=\"846\"><strong data-start=\"625\" data-end=\"652\">E\u011fitim Bilimleri B\u00f6l\u00fcm\u00fc<\/strong> \u00f6\u011frencileri, b\u00f6l\u00fcm b\u00fcnyesinde ayr\u0131 bir topluluk bulunmamakla birlikte, <strong data-start=\"724\" data-end=\"787\">\u00fcniversite genelinde faaliyet g\u00f6steren \u00f6\u011frenci topluluklar\u0131<\/strong> arac\u0131l\u0131\u011f\u0131yla \u00e7ok y\u00f6nl\u00fc geli\u015fimlerini destekleyebilirler.<\/p>\n<hr data-start=\"848\" data-end=\"851\" \/>\n<h3 data-start=\"853\" data-end=\"901\">\ud83c\udf93 <strong data-start=\"860\" data-end=\"899\">\u00dcniversite B\u00fcnyesindeki Topluluklar<\/strong><\/h3>\n<p data-start=\"902\" data-end=\"1085\">\u00dcniversitemizde, farkl\u0131 ilgi alanlar\u0131na hitap eden bir\u00e7ok aktif topluluk bulunmaktad\u0131r.<br data-start=\"989\" data-end=\"992\" \/>E\u011fitim Bilimleri \u00f6\u011frencileri \u00f6zellikle \u015fu t\u00fcr topluluklarda aktif olarak g\u00f6rev alabilirler:<\/p>\n<ul data-start=\"1087\" data-end=\"1595\">\n<li data-start=\"1087\" data-end=\"1227\">\n<p data-start=\"1089\" data-end=\"1227\">\ud83e\udde0 <strong data-start=\"1092\" data-end=\"1142\">Psikoloji, Sosyoloji ve Rehberlik Topluluklar\u0131<\/strong> \u2013 \u0130nsan davran\u0131\u015f\u0131, toplum ve e\u011fitim alanlar\u0131nda fark\u0131ndal\u0131k etkinlikleri d\u00fczenler.<\/p>\n<\/li>\n<li data-start=\"1228\" data-end=\"1360\">\n<p data-start=\"1230\" data-end=\"1360\">\ud83d\udcac <strong data-start=\"1233\" data-end=\"1265\">Kariyer ve Geli\u015fim Kul\u00fcpleri<\/strong> \u2013 Ki\u015fisel geli\u015fim, liderlik, kariyer planlama ve giri\u015fimcilik alanlar\u0131nda faaliyet g\u00f6sterir.<\/p>\n<\/li>\n<li data-start=\"1361\" data-end=\"1470\">\n<p data-start=\"1363\" data-end=\"1470\">\ud83c\udf0d <strong data-start=\"1366\" data-end=\"1411\">Sosyal Sorumluluk ve G\u00f6n\u00fcll\u00fcl\u00fck Kul\u00fcpleri<\/strong> \u2013 Toplumsal duyarl\u0131l\u0131\u011f\u0131 art\u0131ran sosyal projeler y\u00fcr\u00fct\u00fcr.<\/p>\n<\/li>\n<li data-start=\"1471\" data-end=\"1595\">\n<p data-start=\"1473\" data-end=\"1595\">\ud83c\udfa8 <strong data-start=\"1476\" data-end=\"1514\">K\u00fclt\u00fcr, Sanat ve Spor Topluluklar\u0131<\/strong> \u2013 \u00dcniversite ya\u015fam\u0131na dinamizm katan k\u00fclt\u00fcrel ve sportif etkinlikler d\u00fczenler.<\/p>\n<\/li>\n<\/ul>\n<hr data-start=\"1597\" data-end=\"1600\" \/>\n<h3 data-start=\"1602\" data-end=\"1630\">\ud83c\udf31 <strong data-start=\"1609\" data-end=\"1628\">Ama\u00e7 ve Kat\u0131l\u0131m<\/strong><\/h3>\n<p data-start=\"1631\" data-end=\"1669\">\u00d6\u011frenci topluluklar\u0131n\u0131n temel amac\u0131;<\/p>\n<ul data-start=\"1670\" data-end=\"1885\">\n<li data-start=\"1670\" data-end=\"1753\">\n<p data-start=\"1672\" data-end=\"1753\">\u00d6\u011frencilerin <strong data-start=\"1685\" data-end=\"1725\">liderlik, ileti\u015fim ve ekip \u00e7al\u0131\u015fmas\u0131<\/strong> becerilerini geli\u015ftirmek,<\/p>\n<\/li>\n<li data-start=\"1754\" data-end=\"1814\">\n<p data-start=\"1756\" data-end=\"1814\"><strong data-start=\"1756\" data-end=\"1798\">\u00dcniversite k\u00fclt\u00fcr\u00fcne aidiyet duygusunu<\/strong> g\u00fc\u00e7lendirmek,<\/p>\n<\/li>\n<li data-start=\"1815\" data-end=\"1885\">\n<p data-start=\"1817\" data-end=\"1885\"><strong data-start=\"1817\" data-end=\"1867\">Akademik bilginin sosyal ya\u015fama yans\u0131t\u0131lmas\u0131n\u0131<\/strong> desteklemektir.<\/p>\n<\/li>\n<\/ul>\n<p data-start=\"1887\" data-end=\"2069\">E\u011fitim Bilimleri B\u00f6l\u00fcm\u00fc \u00f6\u011frencileri, bu topluluklara kat\u0131larak hem ki\u015fisel ve mesleki geli\u015fimlerini g\u00fc\u00e7lendirebilir hem de <strong data-start=\"2010\" data-end=\"2067\">\u00fcniversite ya\u015fam\u0131na aktif bi\u00e7imde katk\u0131 sunabilirler.<\/strong><\/p>\n<hr data-start=\"2071\" data-end=\"2074\" \/>\n<h3 data-start=\"2076\" data-end=\"2113\">\ud83d\udcc5 <strong data-start=\"2083\" data-end=\"2111\">Etkinlikler ve Duyurular<\/strong><\/h3>\n<p data-start=\"2114\" data-end=\"2400\">Topluluk faaliyetleri, <strong data-start=\"2137\" data-end=\"2209\">\u0130stanbul Ticaret \u00dcniversitesi Sa\u011fl\u0131k, K\u00fclt\u00fcr ve Spor M\u00fcd\u00fcrl\u00fc\u011f\u00fc (SKS)<\/strong> taraf\u0131ndan koordine edilmekte ve her d\u00f6nem ba\u015f\u0131nda duyurulmaktad\u0131r.<br data-start=\"2277\" data-end=\"2280\" \/><\/p>\n","protected":false},"excerpt":{"rendered":"<p>\ud83e\udd1d \u00d6\u011frenci Topluluklar\u0131 \u0130stanbul Ticaret \u00dcniversitesi \u00f6\u011frencileri, akademik geli\u015fimlerinin yan\u0131 s\u0131ra sosyal, k\u00fclt\u00fcrel ve sanatsal alanlarda da aktif bir \u00fcniversite ya\u015fam\u0131na kat\u0131lma f\u0131rsat\u0131na sahiptir. E\u011fitim Bilimleri B\u00f6l\u00fcm\u00fc \u00f6\u011frencileri, b\u00f6l\u00fcm b\u00fcnyesinde ayr\u0131 bir topluluk bulunmamakla birlikte, \u00fcniversite genelinde faaliyet g\u00f6steren \u00f6\u011frenci topluluklar\u0131 arac\u0131l\u0131\u011f\u0131yla \u00e7ok y\u00f6nl\u00fc geli\u015fimlerini destekleyebilirler. \ud83c\udf93 \u00dcniversite B\u00fcnyesindeki Topluluklar \u00dcniversitemizde, farkl\u0131 ilgi alanlar\u0131na hitap [&hellip;]<\/p>\n","protected":false},"author":223,"featured_media":0,"parent":0,"menu_order":0,"comment_status":"closed","ping_status":"closed","template":"genel_sayfa.php","meta":{"footnotes":""},"yoast_head":"<!-- This site is optimized with the Yoast SEO Premium plugin v22.1 (Yoast SEO v22.1) - https:\/\/yoast.com\/wordpress\/plugins\/seo\/ -->\n<title>\u00d6\u011frenci Topluluklar\u0131 - E\u011fitim Bilimleri<\/title>\n<meta name=\"robots\" content=\"index, follow, max-snippet:-1, max-image-preview:large, max-video-preview:-1\" \/>\n<link rel=\"canonical\" href=\"https:\/\/ticaret.edu.tr\/egitim-bilimleri\/ogrenci-topluluklari\/\" \/>\n<meta property=\"og:locale\" content=\"tr_TR\" \/>\n<meta property=\"og:type\" content=\"article\" \/>\n<meta property=\"og:title\" content=\"\u00d6\u011frenci Topluluklar\u0131\" \/>\n<meta property=\"og:description\" content=\"\ud83e\udd1d \u00d6\u011frenci Topluluklar\u0131 \u0130stanbul Ticaret \u00dcniversitesi \u00f6\u011frencileri, akademik geli\u015fimlerinin yan\u0131 s\u0131ra sosyal, k\u00fclt\u00fcrel ve sanatsal alanlarda da aktif bir \u00fcniversite ya\u015fam\u0131na kat\u0131lma f\u0131rsat\u0131na sahiptir. E\u011fitim Bilimleri B\u00f6l\u00fcm\u00fc \u00f6\u011frencileri, b\u00f6l\u00fcm b\u00fcnyesinde ayr\u0131 bir topluluk bulunmamakla birlikte, \u00fcniversite genelinde faaliyet g\u00f6steren \u00f6\u011frenci topluluklar\u0131 arac\u0131l\u0131\u011f\u0131yla \u00e7ok y\u00f6nl\u00fc geli\u015fimlerini destekleyebilirler. \ud83c\udf93 \u00dcniversite B\u00fcnyesindeki Topluluklar \u00dcniversitemizde, farkl\u0131 ilgi alanlar\u0131na hitap [&hellip;]\" \/>\n<meta property=\"og:url\" content=\"https:\/\/ticaret.edu.tr\/egitim-bilimleri\/ogrenci-topluluklari\/\" \/>\n<meta property=\"og:site_name\" content=\"E\u011fitim Bilimleri\" \/>\n<meta property=\"article:publisher\" content=\"https:\/\/www.facebook.com\/ticaretedutr\" \/>\n<meta property=\"article:modified_time\" content=\"2025-10-15T11:53:02+00:00\" \/>\n<meta property=\"og:image\" content=\"http:\/\/ticaret.edu.tr\/egitim-bilimleri\/wp-content\/uploads\/sites\/66\/2021\/11\/web_logo-01.jpg\" \/>\n\t<meta property=\"og:image:width\" content=\"1250\" \/>\n\t<meta property=\"og:image:height\" content=\"833\" \/>\n\t<meta property=\"og:image:type\" content=\"image\/jpeg\" \/>\n<meta name=\"twitter:card\" content=\"summary_large_image\" \/>\n<meta name=\"twitter:site\" content=\"@ticaretedutr\" \/>\n<meta name=\"twitter:label1\" content=\"Tahmini okuma s\u00fcresi\" \/>\n\t<meta name=\"twitter:data1\" content=\"2 dakika\" \/>\n<script type=\"application\/ld+json\" class=\"yoast-schema-graph\">{\"@context\":\"https:\/\/schema.org\",\"@graph\":[{\"@type\":\"WebPage\",\"@id\":\"https:\/\/ticaret.edu.tr\/egitim-bilimleri\/ogrenci-topluluklari\/\",\"url\":\"https:\/\/ticaret.edu.tr\/egitim-bilimleri\/ogrenci-topluluklari\/\",\"name\":\"\u00d6\u011frenci Topluluklar\u0131 - E\u011fitim Bilimleri\",\"isPartOf\":{\"@id\":\"https:\/\/ticaret.edu.tr\/egitim-bilimleri\/#website\"},\"datePublished\":\"2025-01-26T22:31:39+00:00\",\"dateModified\":\"2025-10-15T11:53:02+00:00\",\"breadcrumb\":{\"@id\":\"https:\/\/ticaret.edu.tr\/egitim-bilimleri\/ogrenci-topluluklari\/#breadcrumb\"},\"inLanguage\":\"tr\",\"potentialAction\":[{\"@type\":\"ReadAction\",\"target\":[\"https:\/\/ticaret.edu.tr\/egitim-bilimleri\/ogrenci-topluluklari\/\"]}]},{\"@type\":\"BreadcrumbList\",\"@id\":\"https:\/\/ticaret.edu.tr\/egitim-bilimleri\/ogrenci-topluluklari\/#breadcrumb\",\"itemListElement\":[{\"@type\":\"ListItem\",\"position\":1,\"name\":\"Anasayfa\",\"item\":\"https:\/\/ticaret.edu.tr\/egitim-bilimleri\/\"},{\"@type\":\"ListItem\",\"position\":2,\"name\":\"\u00d6\u011frenci Topluluklar\u0131\"}]},{\"@type\":\"WebSite\",\"@id\":\"https:\/\/ticaret.edu.tr\/egitim-bilimleri\/#website\",\"url\":\"https:\/\/ticaret.edu.tr\/egitim-bilimleri\/\",\"name\":\"E\u011fitim Bilimleri\",\"description\":\"Bir ba\u015fka \u0130stanbul Ticaret \u00dcniversitesi site sitesi\",\"potentialAction\":[{\"@type\":\"SearchAction\",\"target\":{\"@type\":\"EntryPoint\",\"urlTemplate\":\"https:\/\/ticaret.edu.tr\/egitim-bilimleri\/?s={search_term_string}\"},\"query-input\":\"required name=search_term_string\"}],\"inLanguage\":\"tr\"}]}<\/script>\n<!-- \/ Yoast SEO Premium plugin. -->","yoast_head_json":{"title":"\u00d6\u011frenci Topluluklar\u0131 - E\u011fitim Bilimleri","robots":{"index":"index","follow":"follow","max-snippet":"max-snippet:-1","max-image-preview":"max-image-preview:large","max-video-preview":"max-video-preview:-1"},"canonical":"https:\/\/ticaret.edu.tr\/egitim-bilimleri\/ogrenci-topluluklari\/","og_locale":"tr_TR","og_type":"article","og_title":"\u00d6\u011frenci Topluluklar\u0131","og_description":"\ud83e\udd1d \u00d6\u011frenci Topluluklar\u0131 \u0130stanbul Ticaret \u00dcniversitesi \u00f6\u011frencileri, akademik geli\u015fimlerinin yan\u0131 s\u0131ra sosyal, k\u00fclt\u00fcrel ve sanatsal alanlarda da aktif bir \u00fcniversite ya\u015fam\u0131na kat\u0131lma f\u0131rsat\u0131na sahiptir. E\u011fitim Bilimleri B\u00f6l\u00fcm\u00fc \u00f6\u011frencileri, b\u00f6l\u00fcm b\u00fcnyesinde ayr\u0131 bir topluluk bulunmamakla birlikte, \u00fcniversite genelinde faaliyet g\u00f6steren \u00f6\u011frenci topluluklar\u0131 arac\u0131l\u0131\u011f\u0131yla \u00e7ok y\u00f6nl\u00fc geli\u015fimlerini destekleyebilirler. \ud83c\udf93 \u00dcniversite B\u00fcnyesindeki Topluluklar \u00dcniversitemizde, farkl\u0131 ilgi alanlar\u0131na hitap [&hellip;]","og_url":"https:\/\/ticaret.edu.tr\/egitim-bilimleri\/ogrenci-topluluklari\/","og_site_name":"E\u011fitim Bilimleri","article_publisher":"https:\/\/www.facebook.com\/ticaretedutr","article_modified_time":"2025-10-15T11:53:02+00:00","og_image":[{"width":1250,"height":833,"url":"http:\/\/ticaret.edu.tr\/egitim-bilimleri\/wp-content\/uploads\/sites\/66\/2021\/11\/web_logo-01.jpg","type":"image\/jpeg"}],"twitter_card":"summary_large_image","twitter_site":"@ticaretedutr","twitter_misc":{"Tahmini okuma s\u00fcresi":"2 dakika"},"schema":{"@context":"https:\/\/schema.org","@graph":[{"@type":"WebPage","@id":"https:\/\/ticaret.edu.tr\/egitim-bilimleri\/ogrenci-topluluklari\/","url":"https:\/\/ticaret.edu.tr\/egitim-bilimleri\/ogrenci-topluluklari\/","name":"\u00d6\u011frenci Topluluklar\u0131 - E\u011fitim Bilimleri","isPartOf":{"@id":"https:\/\/ticaret.edu.tr\/egitim-bilimleri\/#website"},"datePublished":"2025-01-26T22:31:39+00:00","dateModified":"2025-10-15T11:53:02+00:00","breadcrumb":{"@id":"https:\/\/ticaret.edu.tr\/egitim-bilimleri\/ogrenci-topluluklari\/#breadcrumb"},"inLanguage":"tr","potentialAction":[{"@type":"ReadAction","target":["https:\/\/ticaret.edu.tr\/egitim-bilimleri\/ogrenci-topluluklari\/"]}]},{"@type":"BreadcrumbList","@id":"https:\/\/ticaret.edu.tr\/egitim-bilimleri\/ogrenci-topluluklari\/#breadcrumb","itemListElement":[{"@type":"ListItem","position":1,"name":"Anasayfa","item":"https:\/\/ticaret.edu.tr\/egitim-bilimleri\/"},{"@type":"ListItem","position":2,"name":"\u00d6\u011frenci Topluluklar\u0131"}]},{"@type":"WebSite","@id":"https:\/\/ticaret.edu.tr\/egitim-bilimleri\/#website","url":"https:\/\/ticaret.edu.tr\/egitim-bilimleri\/","name":"E\u011fitim Bilimleri","description":"Bir ba\u015fka \u0130stanbul Ticaret \u00dcniversitesi site sitesi","potentialAction":[{"@type":"SearchAction","target":{"@type":"EntryPoint","urlTemplate":"https:\/\/ticaret.edu.tr\/egitim-bilimleri\/?s={search_term_string}"},"query-input":"required name=search_term_string"}],"inLanguage":"tr"}]}},"lang":"tr","translations":{"tr":425},"pll_sync_post":[],"_links":{"self":[{"href":"http:\/\/ticaret.edu.tr\/egitim-bilimleri\/wp-json\/wp\/v2\/pages\/425"}],"collection":[{"href":"http:\/\/ticaret.edu.tr\/egitim-bilimleri\/wp-json\/wp\/v2\/pages"}],"about":[{"href":"http:\/\/ticaret.edu.tr\/egitim-bilimleri\/wp-json\/wp\/v2\/types\/page"}],"author":[{"embeddable":true,"href":"http:\/\/ticaret.edu.tr\/egitim-bilimleri\/wp-json\/wp\/v2\/users\/223"}],"replies":[{"embeddable":true,"href":"http:\/\/ticaret.edu.tr\/egitim-bilimleri\/wp-json\/wp\/v2\/comments?post=425"}],"version-history":[{"count":2,"href":"http:\/\/ticaret.edu.tr\/egitim-bilimleri\/wp-json\/wp\/v2\/pages\/425\/revisions"}],"predecessor-version":[{"id":739,"href":"http:\/\/ticaret.edu.tr\/egitim-bilimleri\/wp-json\/wp\/v2\/pages\/425\/revisions\/739"}],"wp:attachment":[{"href":"http:\/\/ticaret.edu.tr\/egitim-bilimleri\/wp-json\/wp\/v2\/media?parent=425"}],"curies":[{"name":"wp","href":"https:\/\/api.w.org\/{rel}","templated":true}]}}