{"id":433,"date":"2025-01-27T01:32:15","date_gmt":"2025-01-26T22:32:15","guid":{"rendered":"https:\/\/ticaret.edu.tr\/egitim-bilimleri\/?page_id=433"},"modified":"2025-10-15T13:41:01","modified_gmt":"2025-10-15T10:41:01","slug":"lisans-genel-bilgi","status":"publish","type":"page","link":"http:\/\/ticaret.edu.tr\/egitim-bilimleri\/lisans-genel-bilgi\/","title":{"rendered":"Genel Bilgi"},"content":{"rendered":"<p data-start=\"190\" data-end=\"535\">\u0130stanbul Ticaret \u00dcniversitesi <strong data-start=\"220\" data-end=\"247\">E\u011fitim Bilimleri B\u00f6l\u00fcm\u00fc<\/strong>, bireylerin, ailelerin ve e\u011fitim kurumlar\u0131n\u0131n geli\u015fimine katk\u0131 sa\u011flayacak nitelikli uzmanlar yeti\u015ftirmeyi ama\u00e7lamaktad\u0131r. B\u00f6l\u00fcm; \u00e7a\u011fda\u015f e\u011fitim yakla\u015f\u0131mlar\u0131n\u0131, bilimsel ara\u015ft\u0131rmay\u0131 ve etik de\u011ferleri temel alarak toplumsal fayday\u0131 merkeze alan bir anlay\u0131\u015fla \u00e7al\u0131\u015fmalar\u0131n\u0131 s\u00fcrd\u00fcrmektedir.<\/p>\n<p data-start=\"537\" data-end=\"556\">B\u00f6l\u00fcm b\u00fcnyesinde;<\/p>\n<ul data-start=\"557\" data-end=\"808\">\n<li data-start=\"557\" data-end=\"633\">\n<p data-start=\"559\" data-end=\"633\"><strong data-start=\"559\" data-end=\"631\">Aile Dan\u0131\u015fmanl\u0131\u011f\u0131 ve E\u011fitimi Y\u00fcksek Lisans Program\u0131 (Tezli \/ Tezsiz)<\/strong><\/p>\n<\/li>\n<li data-start=\"634\" data-end=\"697\">\n<p data-start=\"636\" data-end=\"697\"><strong data-start=\"636\" data-end=\"695\">E\u011fitim Y\u00f6netimi Y\u00fcksek Lisans Program\u0131 \u00a0(Tezsiz)<\/strong><\/p>\n<\/li>\n<li data-start=\"698\" data-end=\"752\">\n<p data-start=\"700\" data-end=\"752\"><strong data-start=\"700\" data-end=\"750\">Pedagojik Formasyon E\u011fitimi Sertifika Program\u0131<\/strong><\/p>\n<\/li>\n<li data-start=\"753\" data-end=\"808\">\n<p data-start=\"755\" data-end=\"808\"><strong data-start=\"755\" data-end=\"788\">Ortak Dersler Koordinat\u00f6rl\u00fc\u011f\u00fc<\/strong><br data-start=\"788\" data-end=\"791\" \/>yer almaktad\u0131r.<\/p>\n<\/li>\n<\/ul>\n<p data-start=\"810\" data-end=\"997\"><strong data-start=\"810\" data-end=\"851\">Aile Dan\u0131\u015fmanl\u0131\u011f\u0131 ve E\u011fitimi Program\u0131<\/strong>, aile yap\u0131s\u0131n\u0131n g\u00fc\u00e7lendirilmesi, ebeveyn-\u00e7ocuk ili\u015fkilerinin desteklenmesi ve psikolojik dan\u0131\u015fma s\u00fcre\u00e7lerinin geli\u015ftirilmesine odaklanmaktad\u0131r.<\/p>\n<p data-start=\"999\" data-end=\"1180\"><strong data-start=\"999\" data-end=\"1027\">E\u011fitim Y\u00f6netimi Program\u0131<\/strong> ise e\u011fitim kurumlar\u0131nda liderlik, planlama, \u00f6l\u00e7me-de\u011ferlendirme ve kalite y\u00f6netimi konular\u0131nda uzmanla\u015fmak isteyen profesyoneller i\u00e7in tasarlanm\u0131\u015ft\u0131r.<\/p>\n<p data-start=\"1182\" data-end=\"1405\">B\u00f6l\u00fcm, akademik \u00e7al\u0131\u015fmalar\u0131n\u0131 <strong data-start=\"1212\" data-end=\"1271\">bilimsel ara\u015ft\u0131rma, toplumsal hizmet ve s\u00fcrekli geli\u015fim<\/strong> ilkeleri do\u011frultusunda y\u00fcr\u00fctmekte; \u00f6\u011frencilerine <strong data-start=\"1321\" data-end=\"1386\">kuramsal bilgi ile uygulama becerisini bir arada kazand\u0131rmay\u0131<\/strong> hedeflemektedir.<\/p>\n<p data-start=\"1407\" data-end=\"1612\">\u0130stanbul Ticaret \u00dcniversitesi E\u011fitim Bilimleri B\u00f6l\u00fcm\u00fc, g\u00fc\u00e7l\u00fc akademik kadrosu, disiplinler aras\u0131 yakla\u015f\u0131m\u0131 ve payda\u015f odakl\u0131 e\u011fitim anlay\u0131\u015f\u0131yla <strong data-start=\"1550\" data-end=\"1590\">e\u011fitim alan\u0131nda yenilik\u00e7i bir vizyon<\/strong> ortaya koymaktad\u0131r.<\/p>\n","protected":false},"excerpt":{"rendered":"<p>\u0130stanbul Ticaret \u00dcniversitesi E\u011fitim Bilimleri B\u00f6l\u00fcm\u00fc, bireylerin, ailelerin ve e\u011fitim kurumlar\u0131n\u0131n geli\u015fimine katk\u0131 sa\u011flayacak nitelikli uzmanlar yeti\u015ftirmeyi ama\u00e7lamaktad\u0131r. B\u00f6l\u00fcm; \u00e7a\u011fda\u015f e\u011fitim yakla\u015f\u0131mlar\u0131n\u0131, bilimsel ara\u015ft\u0131rmay\u0131 ve etik de\u011ferleri temel alarak toplumsal fayday\u0131 merkeze alan bir anlay\u0131\u015fla \u00e7al\u0131\u015fmalar\u0131n\u0131 s\u00fcrd\u00fcrmektedir. B\u00f6l\u00fcm b\u00fcnyesinde; Aile Dan\u0131\u015fmanl\u0131\u011f\u0131 ve E\u011fitimi Y\u00fcksek Lisans Program\u0131 (Tezli \/ Tezsiz) E\u011fitim Y\u00f6netimi Y\u00fcksek Lisans Program\u0131 \u00a0(Tezsiz) [&hellip;]<\/p>\n","protected":false},"author":223,"featured_media":0,"parent":0,"menu_order":0,"comment_status":"closed","ping_status":"closed","template":"genel_sayfa.php","meta":{"footnotes":""},"yoast_head":"<!-- This site is optimized with the Yoast SEO Premium plugin v22.1 (Yoast SEO v22.1) - https:\/\/yoast.com\/wordpress\/plugins\/seo\/ -->\n<title>Genel Bilgi - E\u011fitim Bilimleri<\/title>\n<meta name=\"robots\" content=\"index, follow, max-snippet:-1, max-image-preview:large, max-video-preview:-1\" \/>\n<link rel=\"canonical\" href=\"https:\/\/ticaret.edu.tr\/egitim-bilimleri\/lisans-genel-bilgi\/\" \/>\n<meta property=\"og:locale\" content=\"tr_TR\" \/>\n<meta property=\"og:type\" content=\"article\" \/>\n<meta property=\"og:title\" content=\"Genel Bilgi\" \/>\n<meta property=\"og:description\" content=\"\u0130stanbul Ticaret \u00dcniversitesi E\u011fitim Bilimleri B\u00f6l\u00fcm\u00fc, bireylerin, ailelerin ve e\u011fitim kurumlar\u0131n\u0131n geli\u015fimine katk\u0131 sa\u011flayacak nitelikli uzmanlar yeti\u015ftirmeyi ama\u00e7lamaktad\u0131r. B\u00f6l\u00fcm; \u00e7a\u011fda\u015f e\u011fitim yakla\u015f\u0131mlar\u0131n\u0131, bilimsel ara\u015ft\u0131rmay\u0131 ve etik de\u011ferleri temel alarak toplumsal fayday\u0131 merkeze alan bir anlay\u0131\u015fla \u00e7al\u0131\u015fmalar\u0131n\u0131 s\u00fcrd\u00fcrmektedir. B\u00f6l\u00fcm b\u00fcnyesinde; Aile Dan\u0131\u015fmanl\u0131\u011f\u0131 ve E\u011fitimi Y\u00fcksek Lisans Program\u0131 (Tezli \/ Tezsiz) E\u011fitim Y\u00f6netimi Y\u00fcksek Lisans Program\u0131 \u00a0(Tezsiz) [&hellip;]\" \/>\n<meta property=\"og:url\" content=\"https:\/\/ticaret.edu.tr\/egitim-bilimleri\/lisans-genel-bilgi\/\" \/>\n<meta property=\"og:site_name\" content=\"E\u011fitim Bilimleri\" \/>\n<meta property=\"article:publisher\" content=\"https:\/\/www.facebook.com\/ticaretedutr\" \/>\n<meta property=\"article:modified_time\" content=\"2025-10-15T10:41:01+00:00\" \/>\n<meta property=\"og:image\" content=\"http:\/\/ticaret.edu.tr\/egitim-bilimleri\/wp-content\/uploads\/sites\/66\/2021\/11\/web_logo-01.jpg\" \/>\n\t<meta property=\"og:image:width\" content=\"1250\" \/>\n\t<meta property=\"og:image:height\" content=\"833\" \/>\n\t<meta property=\"og:image:type\" content=\"image\/jpeg\" \/>\n<meta name=\"twitter:card\" content=\"summary_large_image\" \/>\n<meta name=\"twitter:site\" content=\"@ticaretedutr\" \/>\n<meta name=\"twitter:label1\" content=\"Tahmini okuma s\u00fcresi\" \/>\n\t<meta name=\"twitter:data1\" content=\"1 dakika\" \/>\n<script type=\"application\/ld+json\" class=\"yoast-schema-graph\">{\"@context\":\"https:\/\/schema.org\",\"@graph\":[{\"@type\":\"WebPage\",\"@id\":\"https:\/\/ticaret.edu.tr\/egitim-bilimleri\/lisans-genel-bilgi\/\",\"url\":\"https:\/\/ticaret.edu.tr\/egitim-bilimleri\/lisans-genel-bilgi\/\",\"name\":\"Genel Bilgi - E\u011fitim Bilimleri\",\"isPartOf\":{\"@id\":\"https:\/\/ticaret.edu.tr\/egitim-bilimleri\/#website\"},\"datePublished\":\"2025-01-26T22:32:15+00:00\",\"dateModified\":\"2025-10-15T10:41:01+00:00\",\"breadcrumb\":{\"@id\":\"https:\/\/ticaret.edu.tr\/egitim-bilimleri\/lisans-genel-bilgi\/#breadcrumb\"},\"inLanguage\":\"tr\",\"potentialAction\":[{\"@type\":\"ReadAction\",\"target\":[\"https:\/\/ticaret.edu.tr\/egitim-bilimleri\/lisans-genel-bilgi\/\"]}]},{\"@type\":\"BreadcrumbList\",\"@id\":\"https:\/\/ticaret.edu.tr\/egitim-bilimleri\/lisans-genel-bilgi\/#breadcrumb\",\"itemListElement\":[{\"@type\":\"ListItem\",\"position\":1,\"name\":\"Anasayfa\",\"item\":\"https:\/\/ticaret.edu.tr\/egitim-bilimleri\/\"},{\"@type\":\"ListItem\",\"position\":2,\"name\":\"Genel Bilgi\"}]},{\"@type\":\"WebSite\",\"@id\":\"https:\/\/ticaret.edu.tr\/egitim-bilimleri\/#website\",\"url\":\"https:\/\/ticaret.edu.tr\/egitim-bilimleri\/\",\"name\":\"E\u011fitim Bilimleri\",\"description\":\"Bir ba\u015fka \u0130stanbul Ticaret \u00dcniversitesi site sitesi\",\"potentialAction\":[{\"@type\":\"SearchAction\",\"target\":{\"@type\":\"EntryPoint\",\"urlTemplate\":\"https:\/\/ticaret.edu.tr\/egitim-bilimleri\/?s={search_term_string}\"},\"query-input\":\"required name=search_term_string\"}],\"inLanguage\":\"tr\"}]}<\/script>\n<!-- \/ Yoast SEO Premium plugin. -->","yoast_head_json":{"title":"Genel Bilgi - E\u011fitim Bilimleri","robots":{"index":"index","follow":"follow","max-snippet":"max-snippet:-1","max-image-preview":"max-image-preview:large","max-video-preview":"max-video-preview:-1"},"canonical":"https:\/\/ticaret.edu.tr\/egitim-bilimleri\/lisans-genel-bilgi\/","og_locale":"tr_TR","og_type":"article","og_title":"Genel Bilgi","og_description":"\u0130stanbul Ticaret \u00dcniversitesi E\u011fitim Bilimleri B\u00f6l\u00fcm\u00fc, bireylerin, ailelerin ve e\u011fitim kurumlar\u0131n\u0131n geli\u015fimine katk\u0131 sa\u011flayacak nitelikli uzmanlar yeti\u015ftirmeyi ama\u00e7lamaktad\u0131r. B\u00f6l\u00fcm; \u00e7a\u011fda\u015f e\u011fitim yakla\u015f\u0131mlar\u0131n\u0131, bilimsel ara\u015ft\u0131rmay\u0131 ve etik de\u011ferleri temel alarak toplumsal fayday\u0131 merkeze alan bir anlay\u0131\u015fla \u00e7al\u0131\u015fmalar\u0131n\u0131 s\u00fcrd\u00fcrmektedir. B\u00f6l\u00fcm b\u00fcnyesinde; Aile Dan\u0131\u015fmanl\u0131\u011f\u0131 ve E\u011fitimi Y\u00fcksek Lisans Program\u0131 (Tezli \/ Tezsiz) E\u011fitim Y\u00f6netimi Y\u00fcksek Lisans Program\u0131 \u00a0(Tezsiz) [&hellip;]","og_url":"https:\/\/ticaret.edu.tr\/egitim-bilimleri\/lisans-genel-bilgi\/","og_site_name":"E\u011fitim Bilimleri","article_publisher":"https:\/\/www.facebook.com\/ticaretedutr","article_modified_time":"2025-10-15T10:41:01+00:00","og_image":[{"width":1250,"height":833,"url":"http:\/\/ticaret.edu.tr\/egitim-bilimleri\/wp-content\/uploads\/sites\/66\/2021\/11\/web_logo-01.jpg","type":"image\/jpeg"}],"twitter_card":"summary_large_image","twitter_site":"@ticaretedutr","twitter_misc":{"Tahmini okuma s\u00fcresi":"1 dakika"},"schema":{"@context":"https:\/\/schema.org","@graph":[{"@type":"WebPage","@id":"https:\/\/ticaret.edu.tr\/egitim-bilimleri\/lisans-genel-bilgi\/","url":"https:\/\/ticaret.edu.tr\/egitim-bilimleri\/lisans-genel-bilgi\/","name":"Genel Bilgi - E\u011fitim Bilimleri","isPartOf":{"@id":"https:\/\/ticaret.edu.tr\/egitim-bilimleri\/#website"},"datePublished":"2025-01-26T22:32:15+00:00","dateModified":"2025-10-15T10:41:01+00:00","breadcrumb":{"@id":"https:\/\/ticaret.edu.tr\/egitim-bilimleri\/lisans-genel-bilgi\/#breadcrumb"},"inLanguage":"tr","potentialAction":[{"@type":"ReadAction","target":["https:\/\/ticaret.edu.tr\/egitim-bilimleri\/lisans-genel-bilgi\/"]}]},{"@type":"BreadcrumbList","@id":"https:\/\/ticaret.edu.tr\/egitim-bilimleri\/lisans-genel-bilgi\/#breadcrumb","itemListElement":[{"@type":"ListItem","position":1,"name":"Anasayfa","item":"https:\/\/ticaret.edu.tr\/egitim-bilimleri\/"},{"@type":"ListItem","position":2,"name":"Genel Bilgi"}]},{"@type":"WebSite","@id":"https:\/\/ticaret.edu.tr\/egitim-bilimleri\/#website","url":"https:\/\/ticaret.edu.tr\/egitim-bilimleri\/","name":"E\u011fitim Bilimleri","description":"Bir ba\u015fka \u0130stanbul Ticaret \u00dcniversitesi site sitesi","potentialAction":[{"@type":"SearchAction","target":{"@type":"EntryPoint","urlTemplate":"https:\/\/ticaret.edu.tr\/egitim-bilimleri\/?s={search_term_string}"},"query-input":"required name=search_term_string"}],"inLanguage":"tr"}]}},"lang":"tr","translations":{"tr":433},"pll_sync_post":[],"_links":{"self":[{"href":"http:\/\/ticaret.edu.tr\/egitim-bilimleri\/wp-json\/wp\/v2\/pages\/433"}],"collection":[{"href":"http:\/\/ticaret.edu.tr\/egitim-bilimleri\/wp-json\/wp\/v2\/pages"}],"about":[{"href":"http:\/\/ticaret.edu.tr\/egitim-bilimleri\/wp-json\/wp\/v2\/types\/page"}],"author":[{"embeddable":true,"href":"http:\/\/ticaret.edu.tr\/egitim-bilimleri\/wp-json\/wp\/v2\/users\/223"}],"replies":[{"embeddable":true,"href":"http:\/\/ticaret.edu.tr\/egitim-bilimleri\/wp-json\/wp\/v2\/comments?post=433"}],"version-history":[{"count":2,"href":"http:\/\/ticaret.edu.tr\/egitim-bilimleri\/wp-json\/wp\/v2\/pages\/433\/revisions"}],"predecessor-version":[{"id":705,"href":"http:\/\/ticaret.edu.tr\/egitim-bilimleri\/wp-json\/wp\/v2\/pages\/433\/revisions\/705"}],"wp:attachment":[{"href":"http:\/\/ticaret.edu.tr\/egitim-bilimleri\/wp-json\/wp\/v2\/media?parent=433"}],"curies":[{"name":"wp","href":"https:\/\/api.w.org\/{rel}","templated":true}]}}