{"id":435,"date":"2025-01-27T01:32:24","date_gmt":"2025-01-26T22:32:24","guid":{"rendered":"https:\/\/ticaret.edu.tr\/egitim-bilimleri\/?page_id=435"},"modified":"2025-10-15T14:40:45","modified_gmt":"2025-10-15T11:40:45","slug":"lisansustu-genel-bilgi","status":"publish","type":"page","link":"http:\/\/ticaret.edu.tr\/egitim-bilimleri\/lisansustu-genel-bilgi\/","title":{"rendered":"Genel Bilgi"},"content":{"rendered":"<h3 data-start=\"314\" data-end=\"362\">\ud83c\udf93 <strong data-start=\"321\" data-end=\"360\">Lisans\u00fcst\u00fc Programlar \u2013 Genel Bilgi<\/strong><\/h3>\n<p data-start=\"364\" data-end=\"623\">\u0130stanbul Ticaret \u00dcniversitesi <strong data-start=\"394\" data-end=\"421\">E\u011fitim Bilimleri B\u00f6l\u00fcm\u00fc<\/strong>, bireylerin, ailelerin ve e\u011fitim kurumlar\u0131n\u0131n geli\u015fimine katk\u0131 sa\u011flayacak uzmanlar yeti\u015ftirmek amac\u0131yla <strong data-start=\"526\" data-end=\"578\">disiplinler aras\u0131 bir yakla\u015f\u0131mla yap\u0131land\u0131r\u0131lm\u0131\u015f<\/strong> lisans\u00fcst\u00fc e\u011fitim programlar\u0131 sunmaktad\u0131r.<\/p>\n<p data-start=\"625\" data-end=\"676\">B\u00f6l\u00fcm b\u00fcnyesinde y\u00fcr\u00fct\u00fclen lisans\u00fcst\u00fc programlar:<\/p>\n<ul data-start=\"677\" data-end=\"821\">\n<li data-start=\"677\" data-end=\"762\">\n<p data-start=\"679\" data-end=\"762\">\ud83d\udc68\u200d\ud83d\udc69\u200d\ud83d\udc67 <strong data-start=\"688\" data-end=\"760\">Aile Dan\u0131\u015fmanl\u0131\u011f\u0131 ve E\u011fitimi Y\u00fcksek Lisans Program\u0131 (Tezli \/ Tezsiz)<\/strong><\/p>\n<\/li>\n<li data-start=\"763\" data-end=\"821\">\n<p data-start=\"765\" data-end=\"821\">\ud83c\udfeb <strong data-start=\"768\" data-end=\"819\">E\u011fitim Y\u00f6netimi Y\u00fcksek Lisans Program\u0131 (Tezsiz)<\/strong><\/p>\n<\/li>\n<\/ul>\n<hr data-start=\"823\" data-end=\"826\" \/>\n<h3 data-start=\"828\" data-end=\"859\">\ud83c\udfaf <strong data-start=\"835\" data-end=\"857\">Programlar\u0131n Amac\u0131<\/strong><\/h3>\n<p data-start=\"860\" data-end=\"1164\">Bu programlar, \u00f6\u011frencilerin e\u011fitim ve dan\u0131\u015fmanl\u0131k alanlar\u0131nda <strong data-start=\"922\" data-end=\"983\">kuramsal bilgi, uygulama becerisi ve ara\u015ft\u0131rma yetkinli\u011fi<\/strong> kazanmalar\u0131n\u0131 ama\u00e7lar.<br data-start=\"1006\" data-end=\"1009\" \/>Kat\u0131l\u0131mc\u0131lara, alan\u0131nda g\u00fcncel yakla\u015f\u0131mlar\u0131 takip edebilme, ele\u015ftirel d\u00fc\u015f\u00fcnme, problem \u00e7\u00f6zme ve toplumsal katk\u0131 odakl\u0131 projeler geli\u015ftirme f\u0131rsat\u0131 sunar.<\/p>\n<hr data-start=\"1166\" data-end=\"1169\" \/>\n<h3 data-start=\"1171\" data-end=\"1235\">\ud83e\udde0 <strong data-start=\"1178\" data-end=\"1233\">Aile Dan\u0131\u015fmanl\u0131\u011f\u0131 ve E\u011fitimi Y\u00fcksek Lisans Program\u0131<\/strong><\/h3>\n<p data-start=\"1236\" data-end=\"1583\">Bu program, aile i\u00e7i ili\u015fkileri anlamay\u0131, g\u00fc\u00e7lendirmeyi ve sa\u011fl\u0131kl\u0131 ileti\u015fim modelleri geli\u015ftirmeyi hedefler.<br data-start=\"1345\" data-end=\"1348\" \/>\u00d6\u011frencilere aile dan\u0131\u015fmanl\u0131\u011f\u0131 kuramlar\u0131, psikoterapi yakla\u015f\u0131mlar\u0131, aile e\u011fitimi ve uygulamal\u0131 dan\u0131\u015fmanl\u0131k becerileri kazand\u0131r\u0131l\u0131r.<br data-start=\"1478\" data-end=\"1481\" \/>Program, birey ve toplum refah\u0131n\u0131 art\u0131racak <strong data-start=\"1525\" data-end=\"1556\">nitelikli aile dan\u0131\u015fmanlar\u0131<\/strong> yeti\u015ftirmeye y\u00f6neliktir.<\/p>\n<hr data-start=\"1585\" data-end=\"1588\" \/>\n<h3 data-start=\"1590\" data-end=\"1641\">\ud83c\udfeb <strong data-start=\"1597\" data-end=\"1639\">E\u011fitim Y\u00f6netimi Y\u00fcksek Lisans Program\u0131<\/strong><\/h3>\n<p data-start=\"1642\" data-end=\"2040\">Bu program, e\u011fitim kurumlar\u0131nda g\u00f6rev yapan \u00f6\u011fretmen, y\u00f6netici ve uzmanlara; liderlik, planlama, denetim ve okul geli\u015fimi konular\u0131nda <strong data-start=\"1776\" data-end=\"1801\">profesyonel yetkinlik<\/strong> kazand\u0131r\u0131r.<br data-start=\"1813\" data-end=\"1816\" \/>E\u011fitim sistemlerinin etkinli\u011fini art\u0131rmaya ve s\u00fcrd\u00fcr\u00fclebilir geli\u015fime katk\u0131 sunmaya odaklan\u0131r.<br data-start=\"1910\" data-end=\"1913\" \/>Kat\u0131l\u0131mc\u0131lara <strong data-start=\"1927\" data-end=\"1989\">veri temelli karar alma, kalite y\u00f6netimi, e\u011fitim ekonomisi<\/strong> ve <strong data-start=\"1993\" data-end=\"2015\">stratejik planlama<\/strong> becerileri kazand\u0131r\u0131r.<\/p>\n<hr data-start=\"2339\" data-end=\"2342\" \/>\n<h3 data-start=\"2344\" data-end=\"2372\">\ud83c\udf3f <strong data-start=\"2351\" data-end=\"2370\">Akademik Vizyon<\/strong><\/h3>\n<p data-start=\"2373\" data-end=\"2644\">E\u011fitim Bilimleri B\u00f6l\u00fcm\u00fc, lisans\u00fcst\u00fc programlar\u0131n\u0131 sadece bilgi aktar\u0131m\u0131na de\u011fil, <strong data-start=\"2454\" data-end=\"2503\">ara\u015ft\u0131rma, etik sorumluluk ve toplumsal fayda<\/strong> odakl\u0131 bir vizyonla s\u00fcrd\u00fcr\u00fcr.<br data-start=\"2533\" data-end=\"2536\" \/>Ama\u00e7, \u00e7a\u011f\u0131n gerektirdi\u011fi donan\u0131ma sahip, insan merkezli, yarat\u0131c\u0131 ve \u00e7\u00f6z\u00fcm odakl\u0131 uzmanlar yeti\u015ftirmektir.<\/p>\n","protected":false},"excerpt":{"rendered":"<p>\ud83c\udf93 Lisans\u00fcst\u00fc Programlar \u2013 Genel Bilgi \u0130stanbul Ticaret \u00dcniversitesi E\u011fitim Bilimleri B\u00f6l\u00fcm\u00fc, bireylerin, ailelerin ve e\u011fitim kurumlar\u0131n\u0131n geli\u015fimine katk\u0131 sa\u011flayacak uzmanlar yeti\u015ftirmek amac\u0131yla disiplinler aras\u0131 bir yakla\u015f\u0131mla yap\u0131land\u0131r\u0131lm\u0131\u015f lisans\u00fcst\u00fc e\u011fitim programlar\u0131 sunmaktad\u0131r. B\u00f6l\u00fcm b\u00fcnyesinde y\u00fcr\u00fct\u00fclen lisans\u00fcst\u00fc programlar: \ud83d\udc68\u200d\ud83d\udc69\u200d\ud83d\udc67 Aile Dan\u0131\u015fmanl\u0131\u011f\u0131 ve E\u011fitimi Y\u00fcksek Lisans Program\u0131 (Tezli \/ Tezsiz) \ud83c\udfeb E\u011fitim Y\u00f6netimi Y\u00fcksek Lisans Program\u0131 (Tezsiz) [&hellip;]<\/p>\n","protected":false},"author":223,"featured_media":0,"parent":0,"menu_order":0,"comment_status":"closed","ping_status":"closed","template":"genel_sayfa.php","meta":{"footnotes":""},"yoast_head":"<!-- This site is optimized with the Yoast SEO Premium plugin v22.1 (Yoast SEO v22.1) - https:\/\/yoast.com\/wordpress\/plugins\/seo\/ -->\n<title>Genel Bilgi - E\u011fitim Bilimleri<\/title>\n<meta name=\"robots\" content=\"index, follow, max-snippet:-1, max-image-preview:large, max-video-preview:-1\" \/>\n<link rel=\"canonical\" href=\"https:\/\/ticaret.edu.tr\/egitim-bilimleri\/lisansustu-genel-bilgi\/\" \/>\n<meta property=\"og:locale\" content=\"tr_TR\" \/>\n<meta property=\"og:type\" content=\"article\" \/>\n<meta property=\"og:title\" content=\"Genel Bilgi\" \/>\n<meta property=\"og:description\" content=\"\ud83c\udf93 Lisans\u00fcst\u00fc Programlar \u2013 Genel Bilgi \u0130stanbul Ticaret \u00dcniversitesi E\u011fitim Bilimleri B\u00f6l\u00fcm\u00fc, bireylerin, ailelerin ve e\u011fitim kurumlar\u0131n\u0131n geli\u015fimine katk\u0131 sa\u011flayacak uzmanlar yeti\u015ftirmek amac\u0131yla disiplinler aras\u0131 bir yakla\u015f\u0131mla yap\u0131land\u0131r\u0131lm\u0131\u015f lisans\u00fcst\u00fc e\u011fitim programlar\u0131 sunmaktad\u0131r. B\u00f6l\u00fcm b\u00fcnyesinde y\u00fcr\u00fct\u00fclen lisans\u00fcst\u00fc programlar: \ud83d\udc68\u200d\ud83d\udc69\u200d\ud83d\udc67 Aile Dan\u0131\u015fmanl\u0131\u011f\u0131 ve E\u011fitimi Y\u00fcksek Lisans Program\u0131 (Tezli \/ Tezsiz) \ud83c\udfeb E\u011fitim Y\u00f6netimi Y\u00fcksek Lisans Program\u0131 (Tezsiz) [&hellip;]\" \/>\n<meta property=\"og:url\" content=\"https:\/\/ticaret.edu.tr\/egitim-bilimleri\/lisansustu-genel-bilgi\/\" \/>\n<meta property=\"og:site_name\" content=\"E\u011fitim Bilimleri\" \/>\n<meta property=\"article:publisher\" content=\"https:\/\/www.facebook.com\/ticaretedutr\" \/>\n<meta property=\"article:modified_time\" content=\"2025-10-15T11:40:45+00:00\" \/>\n<meta property=\"og:image\" content=\"http:\/\/ticaret.edu.tr\/egitim-bilimleri\/wp-content\/uploads\/sites\/66\/2021\/11\/web_logo-01.jpg\" \/>\n\t<meta property=\"og:image:width\" content=\"1250\" \/>\n\t<meta property=\"og:image:height\" content=\"833\" \/>\n\t<meta property=\"og:image:type\" content=\"image\/jpeg\" \/>\n<meta name=\"twitter:card\" content=\"summary_large_image\" \/>\n<meta name=\"twitter:site\" content=\"@ticaretedutr\" \/>\n<meta name=\"twitter:label1\" content=\"Tahmini okuma s\u00fcresi\" \/>\n\t<meta name=\"twitter:data1\" content=\"2 dakika\" \/>\n<script type=\"application\/ld+json\" class=\"yoast-schema-graph\">{\"@context\":\"https:\/\/schema.org\",\"@graph\":[{\"@type\":\"WebPage\",\"@id\":\"https:\/\/ticaret.edu.tr\/egitim-bilimleri\/lisansustu-genel-bilgi\/\",\"url\":\"https:\/\/ticaret.edu.tr\/egitim-bilimleri\/lisansustu-genel-bilgi\/\",\"name\":\"Genel Bilgi - E\u011fitim Bilimleri\",\"isPartOf\":{\"@id\":\"https:\/\/ticaret.edu.tr\/egitim-bilimleri\/#website\"},\"datePublished\":\"2025-01-26T22:32:24+00:00\",\"dateModified\":\"2025-10-15T11:40:45+00:00\",\"breadcrumb\":{\"@id\":\"https:\/\/ticaret.edu.tr\/egitim-bilimleri\/lisansustu-genel-bilgi\/#breadcrumb\"},\"inLanguage\":\"tr\",\"potentialAction\":[{\"@type\":\"ReadAction\",\"target\":[\"https:\/\/ticaret.edu.tr\/egitim-bilimleri\/lisansustu-genel-bilgi\/\"]}]},{\"@type\":\"BreadcrumbList\",\"@id\":\"https:\/\/ticaret.edu.tr\/egitim-bilimleri\/lisansustu-genel-bilgi\/#breadcrumb\",\"itemListElement\":[{\"@type\":\"ListItem\",\"position\":1,\"name\":\"Anasayfa\",\"item\":\"https:\/\/ticaret.edu.tr\/egitim-bilimleri\/\"},{\"@type\":\"ListItem\",\"position\":2,\"name\":\"Genel Bilgi\"}]},{\"@type\":\"WebSite\",\"@id\":\"https:\/\/ticaret.edu.tr\/egitim-bilimleri\/#website\",\"url\":\"https:\/\/ticaret.edu.tr\/egitim-bilimleri\/\",\"name\":\"E\u011fitim Bilimleri\",\"description\":\"Bir ba\u015fka \u0130stanbul Ticaret \u00dcniversitesi site sitesi\",\"potentialAction\":[{\"@type\":\"SearchAction\",\"target\":{\"@type\":\"EntryPoint\",\"urlTemplate\":\"https:\/\/ticaret.edu.tr\/egitim-bilimleri\/?s={search_term_string}\"},\"query-input\":\"required name=search_term_string\"}],\"inLanguage\":\"tr\"}]}<\/script>\n<!-- \/ Yoast SEO Premium plugin. -->","yoast_head_json":{"title":"Genel Bilgi - E\u011fitim Bilimleri","robots":{"index":"index","follow":"follow","max-snippet":"max-snippet:-1","max-image-preview":"max-image-preview:large","max-video-preview":"max-video-preview:-1"},"canonical":"https:\/\/ticaret.edu.tr\/egitim-bilimleri\/lisansustu-genel-bilgi\/","og_locale":"tr_TR","og_type":"article","og_title":"Genel Bilgi","og_description":"\ud83c\udf93 Lisans\u00fcst\u00fc Programlar \u2013 Genel Bilgi \u0130stanbul Ticaret \u00dcniversitesi E\u011fitim Bilimleri B\u00f6l\u00fcm\u00fc, bireylerin, ailelerin ve e\u011fitim kurumlar\u0131n\u0131n geli\u015fimine katk\u0131 sa\u011flayacak uzmanlar yeti\u015ftirmek amac\u0131yla disiplinler aras\u0131 bir yakla\u015f\u0131mla yap\u0131land\u0131r\u0131lm\u0131\u015f lisans\u00fcst\u00fc e\u011fitim programlar\u0131 sunmaktad\u0131r. B\u00f6l\u00fcm b\u00fcnyesinde y\u00fcr\u00fct\u00fclen lisans\u00fcst\u00fc programlar: \ud83d\udc68\u200d\ud83d\udc69\u200d\ud83d\udc67 Aile Dan\u0131\u015fmanl\u0131\u011f\u0131 ve E\u011fitimi Y\u00fcksek Lisans Program\u0131 (Tezli \/ Tezsiz) \ud83c\udfeb E\u011fitim Y\u00f6netimi Y\u00fcksek Lisans Program\u0131 (Tezsiz) [&hellip;]","og_url":"https:\/\/ticaret.edu.tr\/egitim-bilimleri\/lisansustu-genel-bilgi\/","og_site_name":"E\u011fitim Bilimleri","article_publisher":"https:\/\/www.facebook.com\/ticaretedutr","article_modified_time":"2025-10-15T11:40:45+00:00","og_image":[{"width":1250,"height":833,"url":"http:\/\/ticaret.edu.tr\/egitim-bilimleri\/wp-content\/uploads\/sites\/66\/2021\/11\/web_logo-01.jpg","type":"image\/jpeg"}],"twitter_card":"summary_large_image","twitter_site":"@ticaretedutr","twitter_misc":{"Tahmini okuma s\u00fcresi":"2 dakika"},"schema":{"@context":"https:\/\/schema.org","@graph":[{"@type":"WebPage","@id":"https:\/\/ticaret.edu.tr\/egitim-bilimleri\/lisansustu-genel-bilgi\/","url":"https:\/\/ticaret.edu.tr\/egitim-bilimleri\/lisansustu-genel-bilgi\/","name":"Genel Bilgi - E\u011fitim Bilimleri","isPartOf":{"@id":"https:\/\/ticaret.edu.tr\/egitim-bilimleri\/#website"},"datePublished":"2025-01-26T22:32:24+00:00","dateModified":"2025-10-15T11:40:45+00:00","breadcrumb":{"@id":"https:\/\/ticaret.edu.tr\/egitim-bilimleri\/lisansustu-genel-bilgi\/#breadcrumb"},"inLanguage":"tr","potentialAction":[{"@type":"ReadAction","target":["https:\/\/ticaret.edu.tr\/egitim-bilimleri\/lisansustu-genel-bilgi\/"]}]},{"@type":"BreadcrumbList","@id":"https:\/\/ticaret.edu.tr\/egitim-bilimleri\/lisansustu-genel-bilgi\/#breadcrumb","itemListElement":[{"@type":"ListItem","position":1,"name":"Anasayfa","item":"https:\/\/ticaret.edu.tr\/egitim-bilimleri\/"},{"@type":"ListItem","position":2,"name":"Genel Bilgi"}]},{"@type":"WebSite","@id":"https:\/\/ticaret.edu.tr\/egitim-bilimleri\/#website","url":"https:\/\/ticaret.edu.tr\/egitim-bilimleri\/","name":"E\u011fitim Bilimleri","description":"Bir ba\u015fka \u0130stanbul Ticaret \u00dcniversitesi site sitesi","potentialAction":[{"@type":"SearchAction","target":{"@type":"EntryPoint","urlTemplate":"https:\/\/ticaret.edu.tr\/egitim-bilimleri\/?s={search_term_string}"},"query-input":"required name=search_term_string"}],"inLanguage":"tr"}]}},"lang":"tr","translations":{"tr":435},"pll_sync_post":[],"_links":{"self":[{"href":"http:\/\/ticaret.edu.tr\/egitim-bilimleri\/wp-json\/wp\/v2\/pages\/435"}],"collection":[{"href":"http:\/\/ticaret.edu.tr\/egitim-bilimleri\/wp-json\/wp\/v2\/pages"}],"about":[{"href":"http:\/\/ticaret.edu.tr\/egitim-bilimleri\/wp-json\/wp\/v2\/types\/page"}],"author":[{"embeddable":true,"href":"http:\/\/ticaret.edu.tr\/egitim-bilimleri\/wp-json\/wp\/v2\/users\/223"}],"replies":[{"embeddable":true,"href":"http:\/\/ticaret.edu.tr\/egitim-bilimleri\/wp-json\/wp\/v2\/comments?post=435"}],"version-history":[{"count":2,"href":"http:\/\/ticaret.edu.tr\/egitim-bilimleri\/wp-json\/wp\/v2\/pages\/435\/revisions"}],"predecessor-version":[{"id":734,"href":"http:\/\/ticaret.edu.tr\/egitim-bilimleri\/wp-json\/wp\/v2\/pages\/435\/revisions\/734"}],"wp:attachment":[{"href":"http:\/\/ticaret.edu.tr\/egitim-bilimleri\/wp-json\/wp\/v2\/media?parent=435"}],"curies":[{"name":"wp","href":"https:\/\/api.w.org\/{rel}","templated":true}]}}