{"id":437,"date":"2025-01-27T01:32:41","date_gmt":"2025-01-26T22:32:41","guid":{"rendered":"https:\/\/ticaret.edu.tr\/egitim-bilimleri\/?page_id=437"},"modified":"2025-10-15T13:36:43","modified_gmt":"2025-10-15T10:36:43","slug":"bir-ust-dereceye-gecis","status":"publish","type":"page","link":"http:\/\/ticaret.edu.tr\/egitim-bilimleri\/bir-ust-dereceye-gecis\/","title":{"rendered":"Bir \u00dcst Dereceye Ge\u00e7i\u015f"},"content":{"rendered":"<p data-start=\"376\" data-end=\"658\">\u0130stanbul Ticaret \u00dcniversitesi <strong data-start=\"406\" data-end=\"433\">E\u011fitim Bilimleri B\u00f6l\u00fcm\u00fc<\/strong> b\u00fcnyesinde y\u00fcr\u00fct\u00fclen <strong data-start=\"455\" data-end=\"487\">Aile Dan\u0131\u015fmanl\u0131\u011f\u0131 ve E\u011fitimi Tezli <\/strong>y\u00fcksek lisans program\u0131n\u0131 ba\u015far\u0131yla tamamlayan mezunlar, gerekli ko\u015fullar\u0131 sa\u011flamalar\u0131 halinde <strong data-start=\"609\" data-end=\"634\">doktora programlar\u0131na<\/strong> ba\u015fvuru yapabilirler.<\/p>\n<p data-start=\"660\" data-end=\"697\">Bir \u00fcst dereceye ge\u00e7i\u015fte adaylar\u0131n;<\/p>\n<ul data-start=\"698\" data-end=\"942\">\n<li data-start=\"698\" data-end=\"757\">\n<p data-start=\"700\" data-end=\"757\">\u0130lgili alanda y\u00fcksek lisans diplomas\u0131na sahip olmalar\u0131,<\/p>\n<\/li>\n<li data-start=\"758\" data-end=\"834\">\n<p data-start=\"760\" data-end=\"834\"><strong data-start=\"760\" data-end=\"768\">ALES<\/strong> puan\u0131 ve <strong data-start=\"778\" data-end=\"816\">yabanc\u0131 dil yeterlilik belgelerini<\/strong> ibraz etmeleri,<\/p>\n<\/li>\n<li data-start=\"835\" data-end=\"942\">\n<p data-start=\"837\" data-end=\"942\">\u00dcniversitelerin belirledi\u011fi <strong data-start=\"865\" data-end=\"907\">m\u00fclakat ve de\u011ferlendirme s\u00fcre\u00e7lerinden<\/strong> ba\u015far\u0131l\u0131 olmalar\u0131 gerekmektedir.<\/p>\n<\/li>\n<\/ul>\n<p data-start=\"944\" data-end=\"1277\">Program mezunlar\u0131; <strong data-start=\"963\" data-end=\"1075\">E\u011fitim Bilimleri, Psikolojik Dan\u0131\u015fma ve Rehberlik, \u00d6l\u00e7me ve De\u011ferlendirme<\/strong> gibi alanlarda doktora e\u011fitimi alarak akademik kariyerlerine devam edebilir veya kamu, \u00f6zel sekt\u00f6r ve sivil toplum kurulu\u015flar\u0131nda <strong data-start=\"1206\" data-end=\"1240\">uzman, y\u00f6netici ve ara\u015ft\u0131rmac\u0131<\/strong> pozisyonlar\u0131nda g\u00f6rev alabilirler.<\/p>\n","protected":false},"excerpt":{"rendered":"<p>\u0130stanbul Ticaret \u00dcniversitesi E\u011fitim Bilimleri B\u00f6l\u00fcm\u00fc b\u00fcnyesinde y\u00fcr\u00fct\u00fclen Aile Dan\u0131\u015fmanl\u0131\u011f\u0131 ve E\u011fitimi Tezli y\u00fcksek lisans program\u0131n\u0131 ba\u015far\u0131yla tamamlayan mezunlar, gerekli ko\u015fullar\u0131 sa\u011flamalar\u0131 halinde doktora programlar\u0131na ba\u015fvuru yapabilirler. Bir \u00fcst dereceye ge\u00e7i\u015fte adaylar\u0131n; \u0130lgili alanda y\u00fcksek lisans diplomas\u0131na sahip olmalar\u0131, ALES puan\u0131 ve yabanc\u0131 dil yeterlilik belgelerini ibraz etmeleri, \u00dcniversitelerin belirledi\u011fi m\u00fclakat ve de\u011ferlendirme s\u00fcre\u00e7lerinden ba\u015far\u0131l\u0131 [&hellip;]<\/p>\n","protected":false},"author":223,"featured_media":0,"parent":0,"menu_order":0,"comment_status":"closed","ping_status":"closed","template":"genel_sayfa.php","meta":{"footnotes":""},"yoast_head":"<!-- This site is optimized with the Yoast SEO Premium plugin v22.1 (Yoast SEO v22.1) - https:\/\/yoast.com\/wordpress\/plugins\/seo\/ -->\n<title>Bir \u00dcst Dereceye Ge\u00e7i\u015f - E\u011fitim Bilimleri<\/title>\n<meta name=\"robots\" content=\"index, follow, max-snippet:-1, max-image-preview:large, max-video-preview:-1\" \/>\n<link rel=\"canonical\" href=\"https:\/\/ticaret.edu.tr\/egitim-bilimleri\/bir-ust-dereceye-gecis\/\" \/>\n<meta property=\"og:locale\" content=\"tr_TR\" \/>\n<meta property=\"og:type\" content=\"article\" \/>\n<meta property=\"og:title\" content=\"Bir \u00dcst Dereceye Ge\u00e7i\u015f\" \/>\n<meta property=\"og:description\" content=\"\u0130stanbul Ticaret \u00dcniversitesi E\u011fitim Bilimleri B\u00f6l\u00fcm\u00fc b\u00fcnyesinde y\u00fcr\u00fct\u00fclen Aile Dan\u0131\u015fmanl\u0131\u011f\u0131 ve E\u011fitimi Tezli y\u00fcksek lisans program\u0131n\u0131 ba\u015far\u0131yla tamamlayan mezunlar, gerekli ko\u015fullar\u0131 sa\u011flamalar\u0131 halinde doktora programlar\u0131na ba\u015fvuru yapabilirler. Bir \u00fcst dereceye ge\u00e7i\u015fte adaylar\u0131n; \u0130lgili alanda y\u00fcksek lisans diplomas\u0131na sahip olmalar\u0131, ALES puan\u0131 ve yabanc\u0131 dil yeterlilik belgelerini ibraz etmeleri, \u00dcniversitelerin belirledi\u011fi m\u00fclakat ve de\u011ferlendirme s\u00fcre\u00e7lerinden ba\u015far\u0131l\u0131 [&hellip;]\" \/>\n<meta property=\"og:url\" content=\"https:\/\/ticaret.edu.tr\/egitim-bilimleri\/bir-ust-dereceye-gecis\/\" \/>\n<meta property=\"og:site_name\" content=\"E\u011fitim Bilimleri\" \/>\n<meta property=\"article:publisher\" content=\"https:\/\/www.facebook.com\/ticaretedutr\" \/>\n<meta property=\"article:modified_time\" content=\"2025-10-15T10:36:43+00:00\" \/>\n<meta property=\"og:image\" content=\"http:\/\/ticaret.edu.tr\/egitim-bilimleri\/wp-content\/uploads\/sites\/66\/2021\/11\/web_logo-01.jpg\" \/>\n\t<meta property=\"og:image:width\" content=\"1250\" \/>\n\t<meta property=\"og:image:height\" content=\"833\" \/>\n\t<meta property=\"og:image:type\" content=\"image\/jpeg\" \/>\n<meta name=\"twitter:card\" content=\"summary_large_image\" \/>\n<meta name=\"twitter:site\" content=\"@ticaretedutr\" \/>\n<meta name=\"twitter:label1\" content=\"Tahmini okuma s\u00fcresi\" \/>\n\t<meta name=\"twitter:data1\" content=\"1 dakika\" \/>\n<script type=\"application\/ld+json\" class=\"yoast-schema-graph\">{\"@context\":\"https:\/\/schema.org\",\"@graph\":[{\"@type\":\"WebPage\",\"@id\":\"https:\/\/ticaret.edu.tr\/egitim-bilimleri\/bir-ust-dereceye-gecis\/\",\"url\":\"https:\/\/ticaret.edu.tr\/egitim-bilimleri\/bir-ust-dereceye-gecis\/\",\"name\":\"Bir \u00dcst Dereceye Ge\u00e7i\u015f - E\u011fitim Bilimleri\",\"isPartOf\":{\"@id\":\"https:\/\/ticaret.edu.tr\/egitim-bilimleri\/#website\"},\"datePublished\":\"2025-01-26T22:32:41+00:00\",\"dateModified\":\"2025-10-15T10:36:43+00:00\",\"breadcrumb\":{\"@id\":\"https:\/\/ticaret.edu.tr\/egitim-bilimleri\/bir-ust-dereceye-gecis\/#breadcrumb\"},\"inLanguage\":\"tr\",\"potentialAction\":[{\"@type\":\"ReadAction\",\"target\":[\"https:\/\/ticaret.edu.tr\/egitim-bilimleri\/bir-ust-dereceye-gecis\/\"]}]},{\"@type\":\"BreadcrumbList\",\"@id\":\"https:\/\/ticaret.edu.tr\/egitim-bilimleri\/bir-ust-dereceye-gecis\/#breadcrumb\",\"itemListElement\":[{\"@type\":\"ListItem\",\"position\":1,\"name\":\"Anasayfa\",\"item\":\"https:\/\/ticaret.edu.tr\/egitim-bilimleri\/\"},{\"@type\":\"ListItem\",\"position\":2,\"name\":\"Bir \u00dcst Dereceye Ge\u00e7i\u015f\"}]},{\"@type\":\"WebSite\",\"@id\":\"https:\/\/ticaret.edu.tr\/egitim-bilimleri\/#website\",\"url\":\"https:\/\/ticaret.edu.tr\/egitim-bilimleri\/\",\"name\":\"E\u011fitim Bilimleri\",\"description\":\"Bir ba\u015fka \u0130stanbul Ticaret \u00dcniversitesi site sitesi\",\"potentialAction\":[{\"@type\":\"SearchAction\",\"target\":{\"@type\":\"EntryPoint\",\"urlTemplate\":\"https:\/\/ticaret.edu.tr\/egitim-bilimleri\/?s={search_term_string}\"},\"query-input\":\"required name=search_term_string\"}],\"inLanguage\":\"tr\"}]}<\/script>\n<!-- \/ Yoast SEO Premium plugin. -->","yoast_head_json":{"title":"Bir \u00dcst Dereceye Ge\u00e7i\u015f - E\u011fitim Bilimleri","robots":{"index":"index","follow":"follow","max-snippet":"max-snippet:-1","max-image-preview":"max-image-preview:large","max-video-preview":"max-video-preview:-1"},"canonical":"https:\/\/ticaret.edu.tr\/egitim-bilimleri\/bir-ust-dereceye-gecis\/","og_locale":"tr_TR","og_type":"article","og_title":"Bir \u00dcst Dereceye Ge\u00e7i\u015f","og_description":"\u0130stanbul Ticaret \u00dcniversitesi E\u011fitim Bilimleri B\u00f6l\u00fcm\u00fc b\u00fcnyesinde y\u00fcr\u00fct\u00fclen Aile Dan\u0131\u015fmanl\u0131\u011f\u0131 ve E\u011fitimi Tezli y\u00fcksek lisans program\u0131n\u0131 ba\u015far\u0131yla tamamlayan mezunlar, gerekli ko\u015fullar\u0131 sa\u011flamalar\u0131 halinde doktora programlar\u0131na ba\u015fvuru yapabilirler. Bir \u00fcst dereceye ge\u00e7i\u015fte adaylar\u0131n; \u0130lgili alanda y\u00fcksek lisans diplomas\u0131na sahip olmalar\u0131, ALES puan\u0131 ve yabanc\u0131 dil yeterlilik belgelerini ibraz etmeleri, \u00dcniversitelerin belirledi\u011fi m\u00fclakat ve de\u011ferlendirme s\u00fcre\u00e7lerinden ba\u015far\u0131l\u0131 [&hellip;]","og_url":"https:\/\/ticaret.edu.tr\/egitim-bilimleri\/bir-ust-dereceye-gecis\/","og_site_name":"E\u011fitim Bilimleri","article_publisher":"https:\/\/www.facebook.com\/ticaretedutr","article_modified_time":"2025-10-15T10:36:43+00:00","og_image":[{"width":1250,"height":833,"url":"http:\/\/ticaret.edu.tr\/egitim-bilimleri\/wp-content\/uploads\/sites\/66\/2021\/11\/web_logo-01.jpg","type":"image\/jpeg"}],"twitter_card":"summary_large_image","twitter_site":"@ticaretedutr","twitter_misc":{"Tahmini okuma s\u00fcresi":"1 dakika"},"schema":{"@context":"https:\/\/schema.org","@graph":[{"@type":"WebPage","@id":"https:\/\/ticaret.edu.tr\/egitim-bilimleri\/bir-ust-dereceye-gecis\/","url":"https:\/\/ticaret.edu.tr\/egitim-bilimleri\/bir-ust-dereceye-gecis\/","name":"Bir \u00dcst Dereceye Ge\u00e7i\u015f - E\u011fitim Bilimleri","isPartOf":{"@id":"https:\/\/ticaret.edu.tr\/egitim-bilimleri\/#website"},"datePublished":"2025-01-26T22:32:41+00:00","dateModified":"2025-10-15T10:36:43+00:00","breadcrumb":{"@id":"https:\/\/ticaret.edu.tr\/egitim-bilimleri\/bir-ust-dereceye-gecis\/#breadcrumb"},"inLanguage":"tr","potentialAction":[{"@type":"ReadAction","target":["https:\/\/ticaret.edu.tr\/egitim-bilimleri\/bir-ust-dereceye-gecis\/"]}]},{"@type":"BreadcrumbList","@id":"https:\/\/ticaret.edu.tr\/egitim-bilimleri\/bir-ust-dereceye-gecis\/#breadcrumb","itemListElement":[{"@type":"ListItem","position":1,"name":"Anasayfa","item":"https:\/\/ticaret.edu.tr\/egitim-bilimleri\/"},{"@type":"ListItem","position":2,"name":"Bir \u00dcst Dereceye Ge\u00e7i\u015f"}]},{"@type":"WebSite","@id":"https:\/\/ticaret.edu.tr\/egitim-bilimleri\/#website","url":"https:\/\/ticaret.edu.tr\/egitim-bilimleri\/","name":"E\u011fitim Bilimleri","description":"Bir ba\u015fka \u0130stanbul Ticaret \u00dcniversitesi site sitesi","potentialAction":[{"@type":"SearchAction","target":{"@type":"EntryPoint","urlTemplate":"https:\/\/ticaret.edu.tr\/egitim-bilimleri\/?s={search_term_string}"},"query-input":"required name=search_term_string"}],"inLanguage":"tr"}]}},"lang":"tr","translations":{"tr":437},"pll_sync_post":[],"_links":{"self":[{"href":"http:\/\/ticaret.edu.tr\/egitim-bilimleri\/wp-json\/wp\/v2\/pages\/437"}],"collection":[{"href":"http:\/\/ticaret.edu.tr\/egitim-bilimleri\/wp-json\/wp\/v2\/pages"}],"about":[{"href":"http:\/\/ticaret.edu.tr\/egitim-bilimleri\/wp-json\/wp\/v2\/types\/page"}],"author":[{"embeddable":true,"href":"http:\/\/ticaret.edu.tr\/egitim-bilimleri\/wp-json\/wp\/v2\/users\/223"}],"replies":[{"embeddable":true,"href":"http:\/\/ticaret.edu.tr\/egitim-bilimleri\/wp-json\/wp\/v2\/comments?post=437"}],"version-history":[{"count":3,"href":"http:\/\/ticaret.edu.tr\/egitim-bilimleri\/wp-json\/wp\/v2\/pages\/437\/revisions"}],"predecessor-version":[{"id":702,"href":"http:\/\/ticaret.edu.tr\/egitim-bilimleri\/wp-json\/wp\/v2\/pages\/437\/revisions\/702"}],"wp:attachment":[{"href":"http:\/\/ticaret.edu.tr\/egitim-bilimleri\/wp-json\/wp\/v2\/media?parent=437"}],"curies":[{"name":"wp","href":"https:\/\/api.w.org\/{rel}","templated":true}]}}