{"id":439,"date":"2025-01-27T01:32:55","date_gmt":"2025-01-26T22:32:55","guid":{"rendered":"https:\/\/ticaret.edu.tr\/egitim-bilimleri\/?page_id=439"},"modified":"2025-10-15T13:53:50","modified_gmt":"2025-10-15T10:53:50","slug":"program-egitim-amaclari","status":"publish","type":"page","link":"http:\/\/ticaret.edu.tr\/egitim-bilimleri\/program-egitim-amaclari\/","title":{"rendered":"Program E\u011fitim Ama\u00e7lar\u0131"},"content":{"rendered":"<h3 data-start=\"329\" data-end=\"401\">\ud83c\udf93 <strong data-start=\"336\" data-end=\"399\">Aile Dan\u0131\u015fmanl\u0131\u011f\u0131 ve E\u011fitimi Y\u00fcksek Lisans Program\u0131 (Tezli)<\/strong><\/h3>\n<p data-start=\"403\" data-end=\"644\">Aile Dan\u0131\u015fmanl\u0131\u011f\u0131 ve E\u011fitimi Tezli Y\u00fcksek Lisans Program\u0131, aile yap\u0131s\u0131n\u0131 g\u00fc\u00e7lendirmeyi, aile i\u00e7i ili\u015fkileri sa\u011fl\u0131kl\u0131 bi\u00e7imde d\u00fczenlemeyi ve toplumsal refaha katk\u0131 sa\u011flamay\u0131 hedefleyen uzmanlar yeti\u015ftirmeyi ama\u00e7lar.<br data-start=\"617\" data-end=\"620\" \/>Program, \u00f6\u011frencilerin:<\/p>\n<ul data-start=\"645\" data-end=\"984\">\n<li data-start=\"645\" data-end=\"754\">\n<p data-start=\"647\" data-end=\"754\">Aile sistemleri, dan\u0131\u015fmanl\u0131k kuramlar\u0131 ve terapi yakla\u015f\u0131mlar\u0131 konusunda derinlemesine bilgi edinmelerini,<\/p>\n<\/li>\n<li data-start=\"755\" data-end=\"857\">\n<p data-start=\"757\" data-end=\"857\">Bilimsel ara\u015ft\u0131rma yapma, veri analiz etme ve akademik yay\u0131n \u00fcretme becerilerini geli\u015ftirmelerini,<\/p>\n<\/li>\n<li data-start=\"858\" data-end=\"984\">\n<p data-start=\"860\" data-end=\"984\">Etik ilkeler do\u011frultusunda ailelere psikolojik destek sunabilecek profesyonel yeterlili\u011fe ula\u015fmalar\u0131n\u0131 sa\u011flamay\u0131 hedefler.<\/p>\n<\/li>\n<\/ul>\n<hr data-start=\"986\" data-end=\"989\" \/>\n<h3 data-start=\"991\" data-end=\"1064\">\ud83c\udf93 <strong data-start=\"998\" data-end=\"1062\">Aile Dan\u0131\u015fmanl\u0131\u011f\u0131 ve E\u011fitimi Y\u00fcksek Lisans Program\u0131 (Tezsiz)<\/strong><\/h3>\n<p data-start=\"1066\" data-end=\"1274\">Aile Dan\u0131\u015fmanl\u0131\u011f\u0131 ve E\u011fitimi Tezsiz Y\u00fcksek Lisans Program\u0131, uygulamaya y\u00f6nelik bilgi ve becerileri geli\u015ftirerek aile dan\u0131\u015fmanl\u0131\u011f\u0131 alan\u0131nda mesleki uzmanl\u0131k kazand\u0131rmay\u0131 ama\u00e7lar.<br data-start=\"1243\" data-end=\"1246\" \/>Program\u0131n temel hedefleri:<\/p>\n<ul data-start=\"1275\" data-end=\"1609\">\n<li data-start=\"1275\" data-end=\"1385\">\n<p data-start=\"1277\" data-end=\"1385\">Aile dinamiklerini analiz edebilen, ileti\u015fim ve problem \u00e7\u00f6zme becerileri geli\u015fmi\u015f dan\u0131\u015fmanlar yeti\u015ftirmek,<\/p>\n<\/li>\n<li data-start=\"1386\" data-end=\"1504\">\n<p data-start=\"1388\" data-end=\"1504\">Dan\u0131\u015fmanl\u0131k s\u00fcrecinde etik ilkelere ba\u011fl\u0131, \u00e7\u00f6z\u00fcm odakl\u0131 ve k\u00fclt\u00fcrel duyarl\u0131l\u0131\u011f\u0131 y\u00fcksek profesyoneller kazand\u0131rmak,<\/p>\n<\/li>\n<li data-start=\"1505\" data-end=\"1609\">\n<p data-start=\"1507\" data-end=\"1609\">Birey, \u00e7ift ve aile d\u00fczeyinde rehberlik hizmeti verebilecek uygulay\u0131c\u0131 yeterlili\u011fini desteklemektir.<\/p>\n<\/li>\n<\/ul>\n<hr data-start=\"1611\" data-end=\"1614\" \/>\n<h3 data-start=\"1616\" data-end=\"1676\">\ud83c\udf93 <strong data-start=\"1623\" data-end=\"1674\">E\u011fitim Y\u00f6netimi Y\u00fcksek Lisans Program\u0131 (Tezsiz)<\/strong><\/h3>\n<p data-start=\"1678\" data-end=\"1871\">E\u011fitim Y\u00f6netimi Tezsiz Y\u00fcksek Lisans Program\u0131, e\u011fitim kurumlar\u0131nda etkin liderlik, stratejik planlama, kalite y\u00f6netimi ve de\u011ferlendirme becerileri kazand\u0131rmay\u0131 ama\u00e7lar.<br data-start=\"1846\" data-end=\"1849\" \/>Program\u0131n hedefleri:<\/p>\n<ul data-start=\"1872\" data-end=\"2174\">\n<li data-start=\"1872\" data-end=\"1974\">\n<p data-start=\"1874\" data-end=\"1974\">E\u011fitim sistemlerini analiz edebilen, yenilik\u00e7i kararlar alabilen y\u00f6netici ve liderler yeti\u015ftirmek,<\/p>\n<\/li>\n<li data-start=\"1975\" data-end=\"2080\">\n<p data-start=\"1977\" data-end=\"2080\">Kurumsal geli\u015fim, insan kaynaklar\u0131 y\u00f6netimi ve e\u011fitim politikalar\u0131 alanlar\u0131nda yetkinlik kazand\u0131rmak,<\/p>\n<\/li>\n<li data-start=\"2081\" data-end=\"2174\">\n<p data-start=\"2083\" data-end=\"2174\">E\u011fitim y\u00f6netimi alan\u0131nda \u00e7a\u011fda\u015f yakla\u015f\u0131mlar\u0131 uygulayabilen profesyoneller yeti\u015ftirmektir.<\/p>\n<\/li>\n<\/ul>\n<hr data-start=\"2176\" data-end=\"2179\" \/>\n<h3 data-start=\"2181\" data-end=\"2240\">\ud83c\udf93 <strong data-start=\"2188\" data-end=\"2238\">Pedagojik Formasyon E\u011fitimi Sertifika Program\u0131<\/strong><\/h3>\n<p data-start=\"2242\" data-end=\"2451\">Pedagojik Formasyon E\u011fitimi Sertifika Program\u0131, \u00f6\u011fretmenlik mesle\u011fini icra edecek bireylerin gerekli <strong data-start=\"2343\" data-end=\"2373\">\u00f6\u011fretmenlik meslek bilgisi<\/strong> ve <strong data-start=\"2377\" data-end=\"2405\">pedagojik yeterlilikleri<\/strong> kazanmas\u0131n\u0131 hedefler.<br data-start=\"2427\" data-end=\"2430\" \/>Program\u0131n ama\u00e7lar\u0131:<\/p>\n<ul data-start=\"2452\" data-end=\"2796\">\n<li data-start=\"2452\" data-end=\"2550\">\n<p data-start=\"2454\" data-end=\"2550\">\u00d6\u011fretme-\u00f6\u011frenme s\u00fcre\u00e7lerinde etkin y\u00f6ntem ve teknikleri uygulayabilen \u00f6\u011fretmenler yeti\u015ftirmek,<\/p>\n<\/li>\n<li data-start=\"2551\" data-end=\"2665\">\n<p data-start=\"2553\" data-end=\"2665\">S\u0131n\u0131f y\u00f6netimi, \u00f6l\u00e7me ve de\u011ferlendirme, e\u011fitim psikolojisi gibi temel alanlarda mesleki beceriler kazand\u0131rmak,<\/p>\n<\/li>\n<li data-start=\"2666\" data-end=\"2796\">\n<p data-start=\"2668\" data-end=\"2796\">\u00d6\u011frenciyi merkeze alan, etik de\u011ferlere duyarl\u0131 ve \u00e7a\u011fda\u015f e\u011fitim teknolojilerini kullanabilen \u00f6\u011fretmen adaylar\u0131 yeti\u015ftirmektir.<\/p>\n<\/li>\n<\/ul>\n<hr data-start=\"2798\" data-end=\"2801\" \/>\n<h3 data-start=\"2803\" data-end=\"2845\">\ud83c\udf93 <strong data-start=\"2810\" data-end=\"2843\">Ortak Dersler Koordinat\u00f6rl\u00fc\u011f\u00fc<\/strong><\/h3>\n<p data-start=\"2847\" data-end=\"3084\">Ortak Dersler Koordinat\u00f6rl\u00fc\u011f\u00fc, \u0130stanbul Ticaret \u00dcniversitesi\u2019nin t\u00fcm fak\u00fclte ve b\u00f6l\u00fcmlerinde verilen <strong data-start=\"2948\" data-end=\"3008\">genel k\u00fclt\u00fcr, ileti\u015fim, etik ve e\u011fitim temelli derslerin<\/strong> planlanmas\u0131 ve y\u00fcr\u00fct\u00fclmesini ama\u00e7lar.<br data-start=\"3046\" data-end=\"3049\" \/>Koordinat\u00f6rl\u00fc\u011f\u00fcn temel hedefleri:<\/p>\n<ul data-start=\"3085\" data-end=\"3375\">\n<li data-start=\"3085\" data-end=\"3176\">\n<p data-start=\"3087\" data-end=\"3176\">\u00d6\u011frencilerin ele\u015ftirel d\u00fc\u015f\u00fcnme, ileti\u015fim ve etik fark\u0131ndal\u0131k becerilerini g\u00fc\u00e7lendirmek,<\/p>\n<\/li>\n<li data-start=\"3177\" data-end=\"3267\">\n<p data-start=\"3179\" data-end=\"3267\">\u00dcniversite genelinde \u00f6\u011frenme kazan\u0131mlar\u0131n\u0131n b\u00fct\u00fcnc\u00fcl bi\u00e7imde desteklenmesini sa\u011flamak,<\/p>\n<\/li>\n<li data-start=\"3268\" data-end=\"3375\">\n<p data-start=\"3270\" data-end=\"3375\">E\u011fitim kalitesini art\u0131racak yenilik\u00e7i \u00f6\u011fretim uygulamalar\u0131n\u0131n yayg\u0131nla\u015ft\u0131r\u0131lmas\u0131na katk\u0131da bulunmakt\u0131r.<\/p>\n<\/li>\n<\/ul>\n","protected":false},"excerpt":{"rendered":"<p>\ud83c\udf93 Aile Dan\u0131\u015fmanl\u0131\u011f\u0131 ve E\u011fitimi Y\u00fcksek Lisans Program\u0131 (Tezli) Aile Dan\u0131\u015fmanl\u0131\u011f\u0131 ve E\u011fitimi Tezli Y\u00fcksek Lisans Program\u0131, aile yap\u0131s\u0131n\u0131 g\u00fc\u00e7lendirmeyi, aile i\u00e7i ili\u015fkileri sa\u011fl\u0131kl\u0131 bi\u00e7imde d\u00fczenlemeyi ve toplumsal refaha katk\u0131 sa\u011flamay\u0131 hedefleyen uzmanlar yeti\u015ftirmeyi ama\u00e7lar.Program, \u00f6\u011frencilerin: Aile sistemleri, dan\u0131\u015fmanl\u0131k kuramlar\u0131 ve terapi yakla\u015f\u0131mlar\u0131 konusunda derinlemesine bilgi edinmelerini, Bilimsel ara\u015ft\u0131rma yapma, veri analiz etme ve akademik [&hellip;]<\/p>\n","protected":false},"author":223,"featured_media":0,"parent":0,"menu_order":0,"comment_status":"closed","ping_status":"closed","template":"genel_sayfa.php","meta":{"footnotes":""},"yoast_head":"<!-- This site is optimized with the Yoast SEO Premium plugin v22.1 (Yoast SEO v22.1) - https:\/\/yoast.com\/wordpress\/plugins\/seo\/ -->\n<title>Program E\u011fitim Ama\u00e7lar\u0131 - E\u011fitim Bilimleri<\/title>\n<meta name=\"robots\" content=\"index, follow, max-snippet:-1, max-image-preview:large, max-video-preview:-1\" \/>\n<link rel=\"canonical\" href=\"https:\/\/ticaret.edu.tr\/egitim-bilimleri\/program-egitim-amaclari\/\" \/>\n<meta property=\"og:locale\" content=\"tr_TR\" \/>\n<meta property=\"og:type\" content=\"article\" \/>\n<meta property=\"og:title\" content=\"Program E\u011fitim Ama\u00e7lar\u0131\" \/>\n<meta property=\"og:description\" content=\"\ud83c\udf93 Aile Dan\u0131\u015fmanl\u0131\u011f\u0131 ve E\u011fitimi Y\u00fcksek Lisans Program\u0131 (Tezli) Aile Dan\u0131\u015fmanl\u0131\u011f\u0131 ve E\u011fitimi Tezli Y\u00fcksek Lisans Program\u0131, aile yap\u0131s\u0131n\u0131 g\u00fc\u00e7lendirmeyi, aile i\u00e7i ili\u015fkileri sa\u011fl\u0131kl\u0131 bi\u00e7imde d\u00fczenlemeyi ve toplumsal refaha katk\u0131 sa\u011flamay\u0131 hedefleyen uzmanlar yeti\u015ftirmeyi ama\u00e7lar.Program, \u00f6\u011frencilerin: Aile sistemleri, dan\u0131\u015fmanl\u0131k kuramlar\u0131 ve terapi yakla\u015f\u0131mlar\u0131 konusunda derinlemesine bilgi edinmelerini, Bilimsel ara\u015ft\u0131rma yapma, veri analiz etme ve akademik [&hellip;]\" \/>\n<meta property=\"og:url\" content=\"https:\/\/ticaret.edu.tr\/egitim-bilimleri\/program-egitim-amaclari\/\" \/>\n<meta property=\"og:site_name\" content=\"E\u011fitim Bilimleri\" \/>\n<meta property=\"article:publisher\" content=\"https:\/\/www.facebook.com\/ticaretedutr\" \/>\n<meta property=\"article:modified_time\" content=\"2025-10-15T10:53:50+00:00\" \/>\n<meta property=\"og:image\" content=\"http:\/\/ticaret.edu.tr\/egitim-bilimleri\/wp-content\/uploads\/sites\/66\/2021\/11\/web_logo-01.jpg\" \/>\n\t<meta property=\"og:image:width\" content=\"1250\" \/>\n\t<meta property=\"og:image:height\" content=\"833\" \/>\n\t<meta property=\"og:image:type\" content=\"image\/jpeg\" \/>\n<meta name=\"twitter:card\" content=\"summary_large_image\" \/>\n<meta name=\"twitter:site\" content=\"@ticaretedutr\" \/>\n<meta name=\"twitter:label1\" content=\"Tahmini okuma s\u00fcresi\" \/>\n\t<meta name=\"twitter:data1\" content=\"2 dakika\" \/>\n<script type=\"application\/ld+json\" class=\"yoast-schema-graph\">{\"@context\":\"https:\/\/schema.org\",\"@graph\":[{\"@type\":\"WebPage\",\"@id\":\"https:\/\/ticaret.edu.tr\/egitim-bilimleri\/program-egitim-amaclari\/\",\"url\":\"https:\/\/ticaret.edu.tr\/egitim-bilimleri\/program-egitim-amaclari\/\",\"name\":\"Program E\u011fitim Ama\u00e7lar\u0131 - E\u011fitim Bilimleri\",\"isPartOf\":{\"@id\":\"https:\/\/ticaret.edu.tr\/egitim-bilimleri\/#website\"},\"datePublished\":\"2025-01-26T22:32:55+00:00\",\"dateModified\":\"2025-10-15T10:53:50+00:00\",\"breadcrumb\":{\"@id\":\"https:\/\/ticaret.edu.tr\/egitim-bilimleri\/program-egitim-amaclari\/#breadcrumb\"},\"inLanguage\":\"tr\",\"potentialAction\":[{\"@type\":\"ReadAction\",\"target\":[\"https:\/\/ticaret.edu.tr\/egitim-bilimleri\/program-egitim-amaclari\/\"]}]},{\"@type\":\"BreadcrumbList\",\"@id\":\"https:\/\/ticaret.edu.tr\/egitim-bilimleri\/program-egitim-amaclari\/#breadcrumb\",\"itemListElement\":[{\"@type\":\"ListItem\",\"position\":1,\"name\":\"Anasayfa\",\"item\":\"https:\/\/ticaret.edu.tr\/egitim-bilimleri\/\"},{\"@type\":\"ListItem\",\"position\":2,\"name\":\"Program E\u011fitim Ama\u00e7lar\u0131\"}]},{\"@type\":\"WebSite\",\"@id\":\"https:\/\/ticaret.edu.tr\/egitim-bilimleri\/#website\",\"url\":\"https:\/\/ticaret.edu.tr\/egitim-bilimleri\/\",\"name\":\"E\u011fitim Bilimleri\",\"description\":\"Bir ba\u015fka \u0130stanbul Ticaret \u00dcniversitesi site sitesi\",\"potentialAction\":[{\"@type\":\"SearchAction\",\"target\":{\"@type\":\"EntryPoint\",\"urlTemplate\":\"https:\/\/ticaret.edu.tr\/egitim-bilimleri\/?s={search_term_string}\"},\"query-input\":\"required name=search_term_string\"}],\"inLanguage\":\"tr\"}]}<\/script>\n<!-- \/ Yoast SEO Premium plugin. -->","yoast_head_json":{"title":"Program E\u011fitim Ama\u00e7lar\u0131 - E\u011fitim Bilimleri","robots":{"index":"index","follow":"follow","max-snippet":"max-snippet:-1","max-image-preview":"max-image-preview:large","max-video-preview":"max-video-preview:-1"},"canonical":"https:\/\/ticaret.edu.tr\/egitim-bilimleri\/program-egitim-amaclari\/","og_locale":"tr_TR","og_type":"article","og_title":"Program E\u011fitim Ama\u00e7lar\u0131","og_description":"\ud83c\udf93 Aile Dan\u0131\u015fmanl\u0131\u011f\u0131 ve E\u011fitimi Y\u00fcksek Lisans Program\u0131 (Tezli) Aile Dan\u0131\u015fmanl\u0131\u011f\u0131 ve E\u011fitimi Tezli Y\u00fcksek Lisans Program\u0131, aile yap\u0131s\u0131n\u0131 g\u00fc\u00e7lendirmeyi, aile i\u00e7i ili\u015fkileri sa\u011fl\u0131kl\u0131 bi\u00e7imde d\u00fczenlemeyi ve toplumsal refaha katk\u0131 sa\u011flamay\u0131 hedefleyen uzmanlar yeti\u015ftirmeyi ama\u00e7lar.Program, \u00f6\u011frencilerin: Aile sistemleri, dan\u0131\u015fmanl\u0131k kuramlar\u0131 ve terapi yakla\u015f\u0131mlar\u0131 konusunda derinlemesine bilgi edinmelerini, Bilimsel ara\u015ft\u0131rma yapma, veri analiz etme ve akademik [&hellip;]","og_url":"https:\/\/ticaret.edu.tr\/egitim-bilimleri\/program-egitim-amaclari\/","og_site_name":"E\u011fitim Bilimleri","article_publisher":"https:\/\/www.facebook.com\/ticaretedutr","article_modified_time":"2025-10-15T10:53:50+00:00","og_image":[{"width":1250,"height":833,"url":"http:\/\/ticaret.edu.tr\/egitim-bilimleri\/wp-content\/uploads\/sites\/66\/2021\/11\/web_logo-01.jpg","type":"image\/jpeg"}],"twitter_card":"summary_large_image","twitter_site":"@ticaretedutr","twitter_misc":{"Tahmini okuma s\u00fcresi":"2 dakika"},"schema":{"@context":"https:\/\/schema.org","@graph":[{"@type":"WebPage","@id":"https:\/\/ticaret.edu.tr\/egitim-bilimleri\/program-egitim-amaclari\/","url":"https:\/\/ticaret.edu.tr\/egitim-bilimleri\/program-egitim-amaclari\/","name":"Program E\u011fitim Ama\u00e7lar\u0131 - E\u011fitim Bilimleri","isPartOf":{"@id":"https:\/\/ticaret.edu.tr\/egitim-bilimleri\/#website"},"datePublished":"2025-01-26T22:32:55+00:00","dateModified":"2025-10-15T10:53:50+00:00","breadcrumb":{"@id":"https:\/\/ticaret.edu.tr\/egitim-bilimleri\/program-egitim-amaclari\/#breadcrumb"},"inLanguage":"tr","potentialAction":[{"@type":"ReadAction","target":["https:\/\/ticaret.edu.tr\/egitim-bilimleri\/program-egitim-amaclari\/"]}]},{"@type":"BreadcrumbList","@id":"https:\/\/ticaret.edu.tr\/egitim-bilimleri\/program-egitim-amaclari\/#breadcrumb","itemListElement":[{"@type":"ListItem","position":1,"name":"Anasayfa","item":"https:\/\/ticaret.edu.tr\/egitim-bilimleri\/"},{"@type":"ListItem","position":2,"name":"Program E\u011fitim Ama\u00e7lar\u0131"}]},{"@type":"WebSite","@id":"https:\/\/ticaret.edu.tr\/egitim-bilimleri\/#website","url":"https:\/\/ticaret.edu.tr\/egitim-bilimleri\/","name":"E\u011fitim Bilimleri","description":"Bir ba\u015fka \u0130stanbul Ticaret \u00dcniversitesi site sitesi","potentialAction":[{"@type":"SearchAction","target":{"@type":"EntryPoint","urlTemplate":"https:\/\/ticaret.edu.tr\/egitim-bilimleri\/?s={search_term_string}"},"query-input":"required name=search_term_string"}],"inLanguage":"tr"}]}},"lang":"tr","translations":{"tr":439},"pll_sync_post":[],"_links":{"self":[{"href":"http:\/\/ticaret.edu.tr\/egitim-bilimleri\/wp-json\/wp\/v2\/pages\/439"}],"collection":[{"href":"http:\/\/ticaret.edu.tr\/egitim-bilimleri\/wp-json\/wp\/v2\/pages"}],"about":[{"href":"http:\/\/ticaret.edu.tr\/egitim-bilimleri\/wp-json\/wp\/v2\/types\/page"}],"author":[{"embeddable":true,"href":"http:\/\/ticaret.edu.tr\/egitim-bilimleri\/wp-json\/wp\/v2\/users\/223"}],"replies":[{"embeddable":true,"href":"http:\/\/ticaret.edu.tr\/egitim-bilimleri\/wp-json\/wp\/v2\/comments?post=439"}],"version-history":[{"count":2,"href":"http:\/\/ticaret.edu.tr\/egitim-bilimleri\/wp-json\/wp\/v2\/pages\/439\/revisions"}],"predecessor-version":[{"id":714,"href":"http:\/\/ticaret.edu.tr\/egitim-bilimleri\/wp-json\/wp\/v2\/pages\/439\/revisions\/714"}],"wp:attachment":[{"href":"http:\/\/ticaret.edu.tr\/egitim-bilimleri\/wp-json\/wp\/v2\/media?parent=439"}],"curies":[{"name":"wp","href":"https:\/\/api.w.org\/{rel}","templated":true}]}}