{"id":442,"date":"2025-01-27T01:33:28","date_gmt":"2025-01-26T22:33:28","guid":{"rendered":"https:\/\/ticaret.edu.tr\/egitim-bilimleri\/?page_id=442"},"modified":"2025-10-17T20:19:29","modified_gmt":"2025-10-17T17:19:29","slug":"program-ogretim-ciktilari","status":"publish","type":"page","link":"http:\/\/ticaret.edu.tr\/egitim-bilimleri\/program-ogretim-ciktilari\/","title":{"rendered":"Program \u00d6\u011fretim \u00c7\u0131kt\u0131lar\u0131"},"content":{"rendered":"<h3 data-start=\"287\" data-end=\"331\">\ud83c\udfaf <strong data-start=\"294\" data-end=\"329\">Program \u00d6\u011fretim \u00c7\u0131kt\u0131lar\u0131 (P\u00d6\u00c7)<\/strong><\/h3>\n<p data-start=\"333\" data-end=\"706\">Pedagojik Formasyon E\u011fitimi Sertifika Program\u0131\u2019n\u0131n amac\u0131, \u00f6\u011fretmenlik mesle\u011fini icra edecek bireylerin <strong data-start=\"436\" data-end=\"452\">alan bilgisi<\/strong>, <strong data-start=\"454\" data-end=\"474\">\u00f6\u011fretim becerisi<\/strong> ve <strong data-start=\"478\" data-end=\"494\">mesleki etik<\/strong> a\u00e7\u0131s\u0131ndan donan\u0131ml\u0131 hale gelmelerini sa\u011flamakt\u0131r.<br data-start=\"544\" data-end=\"547\" \/>Program\u0131n \u00f6\u011fretim \u00e7\u0131kt\u0131lar\u0131, T\u00fcrkiye Y\u00fcksek\u00f6\u011fretim Yeterlilikler \u00c7er\u00e7evesi (<strong data-start=\"623\" data-end=\"631\">TYY\u00c7<\/strong>) ve <strong data-start=\"636\" data-end=\"671\">\u00d6\u011fretmenlik Meslek Standartlar\u0131<\/strong> dikkate al\u0131narak belirlenmi\u015ftir.<\/p>\n<hr data-start=\"708\" data-end=\"711\" \/>\n<h3 data-start=\"713\" data-end=\"765\">\ud83e\udde0 <strong data-start=\"720\" data-end=\"765\">Program\u0131 Ba\u015far\u0131yla Tamamlayan \u00d6\u011frenciler:<\/strong><\/h3>\n<ol data-start=\"767\" data-end=\"1932\">\n<li data-start=\"767\" data-end=\"853\">\n<p data-start=\"770\" data-end=\"853\">\ud83c\udf93 <strong data-start=\"773\" data-end=\"842\">E\u011fitim biliminin temel kavramlar\u0131n\u0131, ilkelerini ve yakla\u015f\u0131mlar\u0131n\u0131<\/strong> a\u00e7\u0131klar.<\/p>\n<\/li>\n<li data-start=\"854\" data-end=\"992\">\n<p data-start=\"857\" data-end=\"992\">\ud83e\udde9 \u00d6\u011frenme-\u00f6\u011fretme s\u00fcre\u00e7lerine ili\u015fkin <strong data-start=\"896\" data-end=\"918\">kuram ve modelleri<\/strong> bilir, farkl\u0131 \u00f6\u011frenme stillerine uygun \u00f6\u011fretim stratejileri geli\u015ftirir.<\/p>\n<\/li>\n<li data-start=\"993\" data-end=\"1089\">\n<p data-start=\"996\" data-end=\"1089\">\ud83d\udcac E\u011fitim ortam\u0131nda etkili <strong data-start=\"1023\" data-end=\"1064\">ileti\u015fim, s\u0131n\u0131f y\u00f6netimi ve rehberlik<\/strong> becerilerini kullan\u0131r.<\/p>\n<\/li>\n<li data-start=\"1090\" data-end=\"1216\">\n<p data-start=\"1093\" data-end=\"1216\">\ud83e\udde0 \u00d6\u011frencilerin bili\u015fsel, duyu\u015fsal ve psikomotor geli\u015fim \u00f6zelliklerini dikkate alarak <strong data-start=\"1179\" data-end=\"1213\">\u00f6\u011fretim etkinliklerini planlar<\/strong>.<\/p>\n<\/li>\n<li data-start=\"1217\" data-end=\"1334\">\n<p data-start=\"1220\" data-end=\"1334\">\ud83d\udcd8 E\u011fitimde <strong data-start=\"1232\" data-end=\"1269\">\u00f6l\u00e7me ve de\u011ferlendirme ilkelerini<\/strong> uygular, \u00f6\u011frenci ba\u015far\u0131s\u0131n\u0131 \u00e7ok boyutlu bi\u00e7imde de\u011ferlendirir.<\/p>\n<\/li>\n<li data-start=\"1335\" data-end=\"1431\">\n<p data-start=\"1338\" data-end=\"1431\">\ud83d\udcbb \u00d6\u011fretim s\u00fcrecinde <strong data-start=\"1359\" data-end=\"1405\">e\u011fitim teknolojilerini ve dijital ara\u00e7lar\u0131<\/strong> etkin bi\u00e7imde kullan\u0131r.<\/p>\n<\/li>\n<li data-start=\"1432\" data-end=\"1557\">\n<p data-start=\"1435\" data-end=\"1557\">\ud83e\udd1d Farkl\u0131 k\u00fclt\u00fcr, de\u011fer ve ihtiya\u00e7lara sahip \u00f6\u011frencilere kar\u015f\u0131 <strong data-start=\"1498\" data-end=\"1543\">duyarl\u0131 ve kapsay\u0131c\u0131 bir \u00f6\u011fretim anlay\u0131\u015f\u0131<\/strong> geli\u015ftirir.<\/p>\n<\/li>\n<li data-start=\"1558\" data-end=\"1688\">\n<p data-start=\"1561\" data-end=\"1688\">\u2696\ufe0f <strong data-start=\"1564\" data-end=\"1591\">Meslek eti\u011fi ilkelerine<\/strong> uygun davran\u0131r, \u00f6\u011frencilerin g\u00fcvenli ve destekleyici bir \u00f6\u011frenme ortam\u0131nda geli\u015fimini g\u00f6zetir.<\/p>\n<\/li>\n<li data-start=\"1689\" data-end=\"1799\">\n<p data-start=\"1692\" data-end=\"1799\">\ud83c\udf31 \u00d6\u011fretmenlik mesle\u011fine ili\u015fkin <strong data-start=\"1725\" data-end=\"1785\">mesleki kimlik, sorumluluk ve ya\u015fam boyu \u00f6\u011frenme bilinci<\/strong> geli\u015ftirir.<\/p>\n<\/li>\n<li data-start=\"1800\" data-end=\"1932\">\n<p data-start=\"1804\" data-end=\"1932\">\ud83e\udded E\u011fitim sistemine ve toplumsal geli\u015fime katk\u0131 sa\u011flayacak <strong data-start=\"1863\" data-end=\"1905\">yenilik\u00e7i, ara\u015ft\u0131rmac\u0131 ve \u00e7\u00f6z\u00fcm odakl\u0131<\/strong> bir bak\u0131\u015f a\u00e7\u0131s\u0131 kazan\u0131r.<\/p>\n<\/li>\n<\/ol>\n<hr data-start=\"1934\" data-end=\"1937\" \/>\n<h3 data-start=\"1939\" data-end=\"1979\">\ud83d\udcd8 <strong data-start=\"1946\" data-end=\"1977\">Program\u0131n Genel Kazan\u0131mlar\u0131<\/strong><\/h3>\n<p data-start=\"1980\" data-end=\"2035\">Bu \u00f6\u011fretim \u00e7\u0131kt\u0131lar\u0131 do\u011frultusunda program mezunlar\u0131;<\/p>\n<ul data-start=\"2036\" data-end=\"2287\">\n<li data-start=\"2036\" data-end=\"2065\">\n<p data-start=\"2038\" data-end=\"2065\"><strong data-start=\"2038\" data-end=\"2062\">Etik de\u011ferlere sahip<\/strong>,<\/p>\n<\/li>\n<li data-start=\"2066\" data-end=\"2105\">\n<p data-start=\"2068\" data-end=\"2105\"><strong data-start=\"2068\" data-end=\"2102\">Yenilik\u00e7i ve dijital okuryazar<\/strong>,<\/p>\n<\/li>\n<li data-start=\"2106\" data-end=\"2158\">\n<p data-start=\"2108\" data-end=\"2158\"><strong data-start=\"2108\" data-end=\"2155\">\u00d6\u011frenci merkezli \u00f6\u011fretim tasar\u0131m\u0131 yapabilen<\/strong>,<\/p>\n<\/li>\n<li data-start=\"2159\" data-end=\"2215\">\n<p data-start=\"2161\" data-end=\"2215\"><strong data-start=\"2161\" data-end=\"2212\">E\u011fitimde kaliteyi ve s\u00fcrekli geli\u015fimi \u00f6nemseyen<\/strong>,<\/p>\n<\/li>\n<li data-start=\"2216\" data-end=\"2287\">\n<p data-start=\"2218\" data-end=\"2287\"><strong data-start=\"2218\" data-end=\"2257\">Toplumsal sorumluluk bilinci y\u00fcksek<\/strong> bireyler olarak yeti\u015firler.<\/p>\n<\/li>\n<\/ul>\n","protected":false},"excerpt":{"rendered":"<p>\ud83c\udfaf Program \u00d6\u011fretim \u00c7\u0131kt\u0131lar\u0131 (P\u00d6\u00c7) Pedagojik Formasyon E\u011fitimi Sertifika Program\u0131\u2019n\u0131n amac\u0131, \u00f6\u011fretmenlik mesle\u011fini icra edecek bireylerin alan bilgisi, \u00f6\u011fretim becerisi ve mesleki etik a\u00e7\u0131s\u0131ndan donan\u0131ml\u0131 hale gelmelerini sa\u011flamakt\u0131r.Program\u0131n \u00f6\u011fretim \u00e7\u0131kt\u0131lar\u0131, T\u00fcrkiye Y\u00fcksek\u00f6\u011fretim Yeterlilikler \u00c7er\u00e7evesi (TYY\u00c7) ve \u00d6\u011fretmenlik Meslek Standartlar\u0131 dikkate al\u0131narak belirlenmi\u015ftir. \ud83e\udde0 Program\u0131 Ba\u015far\u0131yla Tamamlayan \u00d6\u011frenciler: \ud83c\udf93 E\u011fitim biliminin temel kavramlar\u0131n\u0131, ilkelerini ve yakla\u015f\u0131mlar\u0131n\u0131 [&hellip;]<\/p>\n","protected":false},"author":223,"featured_media":0,"parent":0,"menu_order":0,"comment_status":"closed","ping_status":"closed","template":"genel_sayfa.php","meta":{"footnotes":""},"yoast_head":"<!-- This site is optimized with the Yoast SEO Premium plugin v22.1 (Yoast SEO v22.1) - https:\/\/yoast.com\/wordpress\/plugins\/seo\/ -->\n<title>Program \u00d6\u011fretim \u00c7\u0131kt\u0131lar\u0131 - E\u011fitim Bilimleri<\/title>\n<meta name=\"robots\" content=\"index, follow, max-snippet:-1, max-image-preview:large, max-video-preview:-1\" \/>\n<link rel=\"canonical\" href=\"https:\/\/ticaret.edu.tr\/egitim-bilimleri\/program-ogretim-ciktilari\/\" \/>\n<meta property=\"og:locale\" content=\"tr_TR\" \/>\n<meta property=\"og:type\" content=\"article\" \/>\n<meta property=\"og:title\" content=\"Program \u00d6\u011fretim \u00c7\u0131kt\u0131lar\u0131\" \/>\n<meta property=\"og:description\" content=\"\ud83c\udfaf Program \u00d6\u011fretim \u00c7\u0131kt\u0131lar\u0131 (P\u00d6\u00c7) Pedagojik Formasyon E\u011fitimi Sertifika Program\u0131\u2019n\u0131n amac\u0131, \u00f6\u011fretmenlik mesle\u011fini icra edecek bireylerin alan bilgisi, \u00f6\u011fretim becerisi ve mesleki etik a\u00e7\u0131s\u0131ndan donan\u0131ml\u0131 hale gelmelerini sa\u011flamakt\u0131r.Program\u0131n \u00f6\u011fretim \u00e7\u0131kt\u0131lar\u0131, T\u00fcrkiye Y\u00fcksek\u00f6\u011fretim Yeterlilikler \u00c7er\u00e7evesi (TYY\u00c7) ve \u00d6\u011fretmenlik Meslek Standartlar\u0131 dikkate al\u0131narak belirlenmi\u015ftir. \ud83e\udde0 Program\u0131 Ba\u015far\u0131yla Tamamlayan \u00d6\u011frenciler: \ud83c\udf93 E\u011fitim biliminin temel kavramlar\u0131n\u0131, ilkelerini ve yakla\u015f\u0131mlar\u0131n\u0131 [&hellip;]\" \/>\n<meta property=\"og:url\" content=\"https:\/\/ticaret.edu.tr\/egitim-bilimleri\/program-ogretim-ciktilari\/\" \/>\n<meta property=\"og:site_name\" content=\"E\u011fitim Bilimleri\" \/>\n<meta property=\"article:publisher\" content=\"https:\/\/www.facebook.com\/ticaretedutr\" \/>\n<meta property=\"article:modified_time\" content=\"2025-10-17T17:19:29+00:00\" \/>\n<meta property=\"og:image\" content=\"http:\/\/ticaret.edu.tr\/egitim-bilimleri\/wp-content\/uploads\/sites\/66\/2021\/11\/web_logo-01.jpg\" \/>\n\t<meta property=\"og:image:width\" content=\"1250\" \/>\n\t<meta property=\"og:image:height\" content=\"833\" \/>\n\t<meta property=\"og:image:type\" content=\"image\/jpeg\" \/>\n<meta name=\"twitter:card\" content=\"summary_large_image\" \/>\n<meta name=\"twitter:site\" content=\"@ticaretedutr\" \/>\n<meta name=\"twitter:label1\" content=\"Tahmini okuma s\u00fcresi\" \/>\n\t<meta name=\"twitter:data1\" content=\"2 dakika\" \/>\n<script type=\"application\/ld+json\" class=\"yoast-schema-graph\">{\"@context\":\"https:\/\/schema.org\",\"@graph\":[{\"@type\":\"WebPage\",\"@id\":\"https:\/\/ticaret.edu.tr\/egitim-bilimleri\/program-ogretim-ciktilari\/\",\"url\":\"https:\/\/ticaret.edu.tr\/egitim-bilimleri\/program-ogretim-ciktilari\/\",\"name\":\"Program \u00d6\u011fretim \u00c7\u0131kt\u0131lar\u0131 - E\u011fitim Bilimleri\",\"isPartOf\":{\"@id\":\"https:\/\/ticaret.edu.tr\/egitim-bilimleri\/#website\"},\"datePublished\":\"2025-01-26T22:33:28+00:00\",\"dateModified\":\"2025-10-17T17:19:29+00:00\",\"breadcrumb\":{\"@id\":\"https:\/\/ticaret.edu.tr\/egitim-bilimleri\/program-ogretim-ciktilari\/#breadcrumb\"},\"inLanguage\":\"tr\",\"potentialAction\":[{\"@type\":\"ReadAction\",\"target\":[\"https:\/\/ticaret.edu.tr\/egitim-bilimleri\/program-ogretim-ciktilari\/\"]}]},{\"@type\":\"BreadcrumbList\",\"@id\":\"https:\/\/ticaret.edu.tr\/egitim-bilimleri\/program-ogretim-ciktilari\/#breadcrumb\",\"itemListElement\":[{\"@type\":\"ListItem\",\"position\":1,\"name\":\"Anasayfa\",\"item\":\"https:\/\/ticaret.edu.tr\/egitim-bilimleri\/\"},{\"@type\":\"ListItem\",\"position\":2,\"name\":\"Program \u00d6\u011fretim \u00c7\u0131kt\u0131lar\u0131\"}]},{\"@type\":\"WebSite\",\"@id\":\"https:\/\/ticaret.edu.tr\/egitim-bilimleri\/#website\",\"url\":\"https:\/\/ticaret.edu.tr\/egitim-bilimleri\/\",\"name\":\"E\u011fitim Bilimleri\",\"description\":\"Bir ba\u015fka \u0130stanbul Ticaret \u00dcniversitesi site sitesi\",\"potentialAction\":[{\"@type\":\"SearchAction\",\"target\":{\"@type\":\"EntryPoint\",\"urlTemplate\":\"https:\/\/ticaret.edu.tr\/egitim-bilimleri\/?s={search_term_string}\"},\"query-input\":\"required name=search_term_string\"}],\"inLanguage\":\"tr\"}]}<\/script>\n<!-- \/ Yoast SEO Premium plugin. -->","yoast_head_json":{"title":"Program \u00d6\u011fretim \u00c7\u0131kt\u0131lar\u0131 - E\u011fitim Bilimleri","robots":{"index":"index","follow":"follow","max-snippet":"max-snippet:-1","max-image-preview":"max-image-preview:large","max-video-preview":"max-video-preview:-1"},"canonical":"https:\/\/ticaret.edu.tr\/egitim-bilimleri\/program-ogretim-ciktilari\/","og_locale":"tr_TR","og_type":"article","og_title":"Program \u00d6\u011fretim \u00c7\u0131kt\u0131lar\u0131","og_description":"\ud83c\udfaf Program \u00d6\u011fretim \u00c7\u0131kt\u0131lar\u0131 (P\u00d6\u00c7) Pedagojik Formasyon E\u011fitimi Sertifika Program\u0131\u2019n\u0131n amac\u0131, \u00f6\u011fretmenlik mesle\u011fini icra edecek bireylerin alan bilgisi, \u00f6\u011fretim becerisi ve mesleki etik a\u00e7\u0131s\u0131ndan donan\u0131ml\u0131 hale gelmelerini sa\u011flamakt\u0131r.Program\u0131n \u00f6\u011fretim \u00e7\u0131kt\u0131lar\u0131, T\u00fcrkiye Y\u00fcksek\u00f6\u011fretim Yeterlilikler \u00c7er\u00e7evesi (TYY\u00c7) ve \u00d6\u011fretmenlik Meslek Standartlar\u0131 dikkate al\u0131narak belirlenmi\u015ftir. \ud83e\udde0 Program\u0131 Ba\u015far\u0131yla Tamamlayan \u00d6\u011frenciler: \ud83c\udf93 E\u011fitim biliminin temel kavramlar\u0131n\u0131, ilkelerini ve yakla\u015f\u0131mlar\u0131n\u0131 [&hellip;]","og_url":"https:\/\/ticaret.edu.tr\/egitim-bilimleri\/program-ogretim-ciktilari\/","og_site_name":"E\u011fitim Bilimleri","article_publisher":"https:\/\/www.facebook.com\/ticaretedutr","article_modified_time":"2025-10-17T17:19:29+00:00","og_image":[{"width":1250,"height":833,"url":"http:\/\/ticaret.edu.tr\/egitim-bilimleri\/wp-content\/uploads\/sites\/66\/2021\/11\/web_logo-01.jpg","type":"image\/jpeg"}],"twitter_card":"summary_large_image","twitter_site":"@ticaretedutr","twitter_misc":{"Tahmini okuma s\u00fcresi":"2 dakika"},"schema":{"@context":"https:\/\/schema.org","@graph":[{"@type":"WebPage","@id":"https:\/\/ticaret.edu.tr\/egitim-bilimleri\/program-ogretim-ciktilari\/","url":"https:\/\/ticaret.edu.tr\/egitim-bilimleri\/program-ogretim-ciktilari\/","name":"Program \u00d6\u011fretim \u00c7\u0131kt\u0131lar\u0131 - E\u011fitim Bilimleri","isPartOf":{"@id":"https:\/\/ticaret.edu.tr\/egitim-bilimleri\/#website"},"datePublished":"2025-01-26T22:33:28+00:00","dateModified":"2025-10-17T17:19:29+00:00","breadcrumb":{"@id":"https:\/\/ticaret.edu.tr\/egitim-bilimleri\/program-ogretim-ciktilari\/#breadcrumb"},"inLanguage":"tr","potentialAction":[{"@type":"ReadAction","target":["https:\/\/ticaret.edu.tr\/egitim-bilimleri\/program-ogretim-ciktilari\/"]}]},{"@type":"BreadcrumbList","@id":"https:\/\/ticaret.edu.tr\/egitim-bilimleri\/program-ogretim-ciktilari\/#breadcrumb","itemListElement":[{"@type":"ListItem","position":1,"name":"Anasayfa","item":"https:\/\/ticaret.edu.tr\/egitim-bilimleri\/"},{"@type":"ListItem","position":2,"name":"Program \u00d6\u011fretim \u00c7\u0131kt\u0131lar\u0131"}]},{"@type":"WebSite","@id":"https:\/\/ticaret.edu.tr\/egitim-bilimleri\/#website","url":"https:\/\/ticaret.edu.tr\/egitim-bilimleri\/","name":"E\u011fitim Bilimleri","description":"Bir ba\u015fka \u0130stanbul Ticaret \u00dcniversitesi site sitesi","potentialAction":[{"@type":"SearchAction","target":{"@type":"EntryPoint","urlTemplate":"https:\/\/ticaret.edu.tr\/egitim-bilimleri\/?s={search_term_string}"},"query-input":"required name=search_term_string"}],"inLanguage":"tr"}]}},"lang":"tr","translations":{"tr":442},"pll_sync_post":[],"_links":{"self":[{"href":"http:\/\/ticaret.edu.tr\/egitim-bilimleri\/wp-json\/wp\/v2\/pages\/442"}],"collection":[{"href":"http:\/\/ticaret.edu.tr\/egitim-bilimleri\/wp-json\/wp\/v2\/pages"}],"about":[{"href":"http:\/\/ticaret.edu.tr\/egitim-bilimleri\/wp-json\/wp\/v2\/types\/page"}],"author":[{"embeddable":true,"href":"http:\/\/ticaret.edu.tr\/egitim-bilimleri\/wp-json\/wp\/v2\/users\/223"}],"replies":[{"embeddable":true,"href":"http:\/\/ticaret.edu.tr\/egitim-bilimleri\/wp-json\/wp\/v2\/comments?post=442"}],"version-history":[{"count":2,"href":"http:\/\/ticaret.edu.tr\/egitim-bilimleri\/wp-json\/wp\/v2\/pages\/442\/revisions"}],"predecessor-version":[{"id":754,"href":"http:\/\/ticaret.edu.tr\/egitim-bilimleri\/wp-json\/wp\/v2\/pages\/442\/revisions\/754"}],"wp:attachment":[{"href":"http:\/\/ticaret.edu.tr\/egitim-bilimleri\/wp-json\/wp\/v2\/media?parent=442"}],"curies":[{"name":"wp","href":"https:\/\/api.w.org\/{rel}","templated":true}]}}