{"id":444,"date":"2025-01-27T01:33:39","date_gmt":"2025-01-26T22:33:39","guid":{"rendered":"https:\/\/ticaret.edu.tr\/egitim-bilimleri\/?page_id=444"},"modified":"2025-10-17T20:14:11","modified_gmt":"2025-10-17T17:14:11","slug":"kazanilan-derece","status":"publish","type":"page","link":"http:\/\/ticaret.edu.tr\/egitim-bilimleri\/kazanilan-derece\/","title":{"rendered":"Kazan\u0131lan Derece"},"content":{"rendered":"<p>B\u00f6l\u00fcm b\u00fcnyesinde lisans d\u00fczeyinde bir program bulunmamaktad\u0131r.<br data-start=\"401\" data-end=\"404\" \/>Ancak <strong data-start=\"410\" data-end=\"460\">Pedagojik Formasyon E\u011fitimi Sertifika Program\u0131<\/strong>\u2019n\u0131 ba\u015far\u0131yla tamamlayan kat\u0131l\u0131mc\u0131lara, <strong data-start=\"500\" data-end=\"545\">\u201cPedagojik Formasyon E\u011fitimi Sertifikas\u0131\u201d<\/strong> verilmektedir.<br data-start=\"560\" data-end=\"563\" \/>Bu belge, \u00f6\u011fretmenlik mesle\u011fini icra etmek isteyen lisans mezunlar\u0131na <strong data-start=\"633\" data-end=\"675\">\u00f6\u011fretmenlik meslek bilgisi yeterlili\u011fi<\/strong> kazand\u0131r\u0131r.<\/p>\n","protected":false},"excerpt":{"rendered":"<p>B\u00f6l\u00fcm b\u00fcnyesinde lisans d\u00fczeyinde bir program bulunmamaktad\u0131r.Ancak Pedagojik Formasyon E\u011fitimi Sertifika Program\u0131\u2019n\u0131 ba\u015far\u0131yla tamamlayan kat\u0131l\u0131mc\u0131lara, \u201cPedagojik Formasyon E\u011fitimi Sertifikas\u0131\u201d verilmektedir.Bu belge, \u00f6\u011fretmenlik mesle\u011fini icra etmek isteyen lisans mezunlar\u0131na \u00f6\u011fretmenlik meslek bilgisi yeterlili\u011fi kazand\u0131r\u0131r.<\/p>\n","protected":false},"author":223,"featured_media":0,"parent":0,"menu_order":0,"comment_status":"closed","ping_status":"closed","template":"genel_sayfa.php","meta":{"footnotes":""},"yoast_head":"<!-- This site is optimized with the Yoast SEO Premium plugin v22.1 (Yoast SEO v22.1) - https:\/\/yoast.com\/wordpress\/plugins\/seo\/ -->\n<title>Kazan\u0131lan Derece - E\u011fitim Bilimleri<\/title>\n<meta name=\"robots\" content=\"index, follow, max-snippet:-1, max-image-preview:large, max-video-preview:-1\" \/>\n<link rel=\"canonical\" href=\"https:\/\/ticaret.edu.tr\/egitim-bilimleri\/kazanilan-derece\/\" \/>\n<meta property=\"og:locale\" content=\"tr_TR\" \/>\n<meta property=\"og:type\" content=\"article\" \/>\n<meta property=\"og:title\" content=\"Kazan\u0131lan Derece\" \/>\n<meta property=\"og:description\" content=\"B\u00f6l\u00fcm b\u00fcnyesinde lisans d\u00fczeyinde bir program bulunmamaktad\u0131r.Ancak Pedagojik Formasyon E\u011fitimi Sertifika Program\u0131\u2019n\u0131 ba\u015far\u0131yla tamamlayan kat\u0131l\u0131mc\u0131lara, \u201cPedagojik Formasyon E\u011fitimi Sertifikas\u0131\u201d verilmektedir.Bu belge, \u00f6\u011fretmenlik mesle\u011fini icra etmek isteyen lisans mezunlar\u0131na \u00f6\u011fretmenlik meslek bilgisi yeterlili\u011fi kazand\u0131r\u0131r.\" \/>\n<meta property=\"og:url\" content=\"https:\/\/ticaret.edu.tr\/egitim-bilimleri\/kazanilan-derece\/\" \/>\n<meta property=\"og:site_name\" content=\"E\u011fitim Bilimleri\" \/>\n<meta property=\"article:publisher\" content=\"https:\/\/www.facebook.com\/ticaretedutr\" \/>\n<meta property=\"article:modified_time\" content=\"2025-10-17T17:14:11+00:00\" \/>\n<meta property=\"og:image\" content=\"http:\/\/ticaret.edu.tr\/egitim-bilimleri\/wp-content\/uploads\/sites\/66\/2021\/11\/web_logo-01.jpg\" \/>\n\t<meta property=\"og:image:width\" content=\"1250\" \/>\n\t<meta property=\"og:image:height\" content=\"833\" \/>\n\t<meta property=\"og:image:type\" content=\"image\/jpeg\" \/>\n<meta name=\"twitter:card\" content=\"summary_large_image\" \/>\n<meta name=\"twitter:site\" content=\"@ticaretedutr\" \/>\n<script type=\"application\/ld+json\" class=\"yoast-schema-graph\">{\"@context\":\"https:\/\/schema.org\",\"@graph\":[{\"@type\":\"WebPage\",\"@id\":\"https:\/\/ticaret.edu.tr\/egitim-bilimleri\/kazanilan-derece\/\",\"url\":\"https:\/\/ticaret.edu.tr\/egitim-bilimleri\/kazanilan-derece\/\",\"name\":\"Kazan\u0131lan Derece - E\u011fitim Bilimleri\",\"isPartOf\":{\"@id\":\"https:\/\/ticaret.edu.tr\/egitim-bilimleri\/#website\"},\"datePublished\":\"2025-01-26T22:33:39+00:00\",\"dateModified\":\"2025-10-17T17:14:11+00:00\",\"breadcrumb\":{\"@id\":\"https:\/\/ticaret.edu.tr\/egitim-bilimleri\/kazanilan-derece\/#breadcrumb\"},\"inLanguage\":\"tr\",\"potentialAction\":[{\"@type\":\"ReadAction\",\"target\":[\"https:\/\/ticaret.edu.tr\/egitim-bilimleri\/kazanilan-derece\/\"]}]},{\"@type\":\"BreadcrumbList\",\"@id\":\"https:\/\/ticaret.edu.tr\/egitim-bilimleri\/kazanilan-derece\/#breadcrumb\",\"itemListElement\":[{\"@type\":\"ListItem\",\"position\":1,\"name\":\"Anasayfa\",\"item\":\"https:\/\/ticaret.edu.tr\/egitim-bilimleri\/\"},{\"@type\":\"ListItem\",\"position\":2,\"name\":\"Kazan\u0131lan Derece\"}]},{\"@type\":\"WebSite\",\"@id\":\"https:\/\/ticaret.edu.tr\/egitim-bilimleri\/#website\",\"url\":\"https:\/\/ticaret.edu.tr\/egitim-bilimleri\/\",\"name\":\"E\u011fitim Bilimleri\",\"description\":\"Bir ba\u015fka \u0130stanbul Ticaret \u00dcniversitesi site sitesi\",\"potentialAction\":[{\"@type\":\"SearchAction\",\"target\":{\"@type\":\"EntryPoint\",\"urlTemplate\":\"https:\/\/ticaret.edu.tr\/egitim-bilimleri\/?s={search_term_string}\"},\"query-input\":\"required name=search_term_string\"}],\"inLanguage\":\"tr\"}]}<\/script>\n<!-- \/ Yoast SEO Premium plugin. -->","yoast_head_json":{"title":"Kazan\u0131lan Derece - E\u011fitim Bilimleri","robots":{"index":"index","follow":"follow","max-snippet":"max-snippet:-1","max-image-preview":"max-image-preview:large","max-video-preview":"max-video-preview:-1"},"canonical":"https:\/\/ticaret.edu.tr\/egitim-bilimleri\/kazanilan-derece\/","og_locale":"tr_TR","og_type":"article","og_title":"Kazan\u0131lan Derece","og_description":"B\u00f6l\u00fcm b\u00fcnyesinde lisans d\u00fczeyinde bir program bulunmamaktad\u0131r.Ancak Pedagojik Formasyon E\u011fitimi Sertifika Program\u0131\u2019n\u0131 ba\u015far\u0131yla tamamlayan kat\u0131l\u0131mc\u0131lara, \u201cPedagojik Formasyon E\u011fitimi Sertifikas\u0131\u201d verilmektedir.Bu belge, \u00f6\u011fretmenlik mesle\u011fini icra etmek isteyen lisans mezunlar\u0131na \u00f6\u011fretmenlik meslek bilgisi yeterlili\u011fi kazand\u0131r\u0131r.","og_url":"https:\/\/ticaret.edu.tr\/egitim-bilimleri\/kazanilan-derece\/","og_site_name":"E\u011fitim Bilimleri","article_publisher":"https:\/\/www.facebook.com\/ticaretedutr","article_modified_time":"2025-10-17T17:14:11+00:00","og_image":[{"width":1250,"height":833,"url":"http:\/\/ticaret.edu.tr\/egitim-bilimleri\/wp-content\/uploads\/sites\/66\/2021\/11\/web_logo-01.jpg","type":"image\/jpeg"}],"twitter_card":"summary_large_image","twitter_site":"@ticaretedutr","schema":{"@context":"https:\/\/schema.org","@graph":[{"@type":"WebPage","@id":"https:\/\/ticaret.edu.tr\/egitim-bilimleri\/kazanilan-derece\/","url":"https:\/\/ticaret.edu.tr\/egitim-bilimleri\/kazanilan-derece\/","name":"Kazan\u0131lan Derece - E\u011fitim Bilimleri","isPartOf":{"@id":"https:\/\/ticaret.edu.tr\/egitim-bilimleri\/#website"},"datePublished":"2025-01-26T22:33:39+00:00","dateModified":"2025-10-17T17:14:11+00:00","breadcrumb":{"@id":"https:\/\/ticaret.edu.tr\/egitim-bilimleri\/kazanilan-derece\/#breadcrumb"},"inLanguage":"tr","potentialAction":[{"@type":"ReadAction","target":["https:\/\/ticaret.edu.tr\/egitim-bilimleri\/kazanilan-derece\/"]}]},{"@type":"BreadcrumbList","@id":"https:\/\/ticaret.edu.tr\/egitim-bilimleri\/kazanilan-derece\/#breadcrumb","itemListElement":[{"@type":"ListItem","position":1,"name":"Anasayfa","item":"https:\/\/ticaret.edu.tr\/egitim-bilimleri\/"},{"@type":"ListItem","position":2,"name":"Kazan\u0131lan Derece"}]},{"@type":"WebSite","@id":"https:\/\/ticaret.edu.tr\/egitim-bilimleri\/#website","url":"https:\/\/ticaret.edu.tr\/egitim-bilimleri\/","name":"E\u011fitim Bilimleri","description":"Bir ba\u015fka \u0130stanbul Ticaret \u00dcniversitesi site sitesi","potentialAction":[{"@type":"SearchAction","target":{"@type":"EntryPoint","urlTemplate":"https:\/\/ticaret.edu.tr\/egitim-bilimleri\/?s={search_term_string}"},"query-input":"required name=search_term_string"}],"inLanguage":"tr"}]}},"lang":"tr","translations":{"tr":444},"pll_sync_post":[],"_links":{"self":[{"href":"http:\/\/ticaret.edu.tr\/egitim-bilimleri\/wp-json\/wp\/v2\/pages\/444"}],"collection":[{"href":"http:\/\/ticaret.edu.tr\/egitim-bilimleri\/wp-json\/wp\/v2\/pages"}],"about":[{"href":"http:\/\/ticaret.edu.tr\/egitim-bilimleri\/wp-json\/wp\/v2\/types\/page"}],"author":[{"embeddable":true,"href":"http:\/\/ticaret.edu.tr\/egitim-bilimleri\/wp-json\/wp\/v2\/users\/223"}],"replies":[{"embeddable":true,"href":"http:\/\/ticaret.edu.tr\/egitim-bilimleri\/wp-json\/wp\/v2\/comments?post=444"}],"version-history":[{"count":2,"href":"http:\/\/ticaret.edu.tr\/egitim-bilimleri\/wp-json\/wp\/v2\/pages\/444\/revisions"}],"predecessor-version":[{"id":749,"href":"http:\/\/ticaret.edu.tr\/egitim-bilimleri\/wp-json\/wp\/v2\/pages\/444\/revisions\/749"}],"wp:attachment":[{"href":"http:\/\/ticaret.edu.tr\/egitim-bilimleri\/wp-json\/wp\/v2\/media?parent=444"}],"curies":[{"name":"wp","href":"https:\/\/api.w.org\/{rel}","templated":true}]}}