{"id":452,"date":"2025-01-27T01:34:12","date_gmt":"2025-01-26T22:34:12","guid":{"rendered":"https:\/\/ticaret.edu.tr\/egitim-bilimleri\/?page_id=452"},"modified":"2025-10-17T20:17:28","modified_gmt":"2025-10-17T17:17:28","slug":"mezuniyet-kosullari","status":"publish","type":"page","link":"http:\/\/ticaret.edu.tr\/egitim-bilimleri\/mezuniyet-kosullari\/","title":{"rendered":"Mezuniyet Ko\u015fullar\u0131"},"content":{"rendered":"<p data-start=\"1990\" data-end=\"2065\">Pedagojik Formasyon E\u011fitimi Sertifika Program\u0131\u2019ndan mezun olabilmek i\u00e7in:<\/p>\n<ul data-start=\"2066\" data-end=\"2357\">\n<li data-start=\"2066\" data-end=\"2116\">\n<p data-start=\"2068\" data-end=\"2116\">Programdaki t\u00fcm dersleri ba\u015far\u0131yla tamamlamak,<\/p>\n<\/li>\n<li data-start=\"2117\" data-end=\"2153\">\n<p data-start=\"2119\" data-end=\"2153\">Gerekli uygulama staj\u0131n\u0131 yapmak,<\/p>\n<\/li>\n<li data-start=\"2154\" data-end=\"2357\">\n<p data-start=\"2156\" data-end=\"2357\">Genel not ortalamas\u0131nda <strong data-start=\"2180\" data-end=\"2201\">ba\u015far\u0131 \u015fartlar\u0131n\u0131<\/strong> sa\u011flamak gereklidir.<br data-start=\"2222\" data-end=\"2225\" \/>Program\u0131 ba\u015far\u0131yla bitiren kat\u0131l\u0131mc\u0131lar, \u00f6\u011fretmenlik mesle\u011finde g\u00f6rev alabilecek <strong data-start=\"2306\" data-end=\"2343\">pedagojik formasyon yeterlili\u011fine<\/strong> sahip olur.<\/p>\n<\/li>\n<\/ul>\n","protected":false},"excerpt":{"rendered":"<p>Pedagojik Formasyon E\u011fitimi Sertifika Program\u0131\u2019ndan mezun olabilmek i\u00e7in: Programdaki t\u00fcm dersleri ba\u015far\u0131yla tamamlamak, Gerekli uygulama staj\u0131n\u0131 yapmak, Genel not ortalamas\u0131nda ba\u015far\u0131 \u015fartlar\u0131n\u0131 sa\u011flamak gereklidir.Program\u0131 ba\u015far\u0131yla bitiren kat\u0131l\u0131mc\u0131lar, \u00f6\u011fretmenlik mesle\u011finde g\u00f6rev alabilecek pedagojik formasyon yeterlili\u011fine sahip olur.<\/p>\n","protected":false},"author":223,"featured_media":0,"parent":0,"menu_order":0,"comment_status":"closed","ping_status":"closed","template":"genel_sayfa.php","meta":{"footnotes":""},"yoast_head":"<!-- This site is optimized with the Yoast SEO Premium plugin v22.1 (Yoast SEO v22.1) - https:\/\/yoast.com\/wordpress\/plugins\/seo\/ -->\n<title>Mezuniyet Ko\u015fullar\u0131 - E\u011fitim Bilimleri<\/title>\n<meta name=\"robots\" content=\"index, follow, max-snippet:-1, max-image-preview:large, max-video-preview:-1\" \/>\n<link rel=\"canonical\" href=\"https:\/\/ticaret.edu.tr\/egitim-bilimleri\/mezuniyet-kosullari\/\" \/>\n<meta property=\"og:locale\" content=\"tr_TR\" \/>\n<meta property=\"og:type\" content=\"article\" \/>\n<meta property=\"og:title\" content=\"Mezuniyet Ko\u015fullar\u0131\" \/>\n<meta property=\"og:description\" content=\"Pedagojik Formasyon E\u011fitimi Sertifika Program\u0131\u2019ndan mezun olabilmek i\u00e7in: Programdaki t\u00fcm dersleri ba\u015far\u0131yla tamamlamak, Gerekli uygulama staj\u0131n\u0131 yapmak, Genel not ortalamas\u0131nda ba\u015far\u0131 \u015fartlar\u0131n\u0131 sa\u011flamak gereklidir.Program\u0131 ba\u015far\u0131yla bitiren kat\u0131l\u0131mc\u0131lar, \u00f6\u011fretmenlik mesle\u011finde g\u00f6rev alabilecek pedagojik formasyon yeterlili\u011fine sahip olur.\" \/>\n<meta property=\"og:url\" content=\"https:\/\/ticaret.edu.tr\/egitim-bilimleri\/mezuniyet-kosullari\/\" \/>\n<meta property=\"og:site_name\" content=\"E\u011fitim Bilimleri\" \/>\n<meta property=\"article:publisher\" content=\"https:\/\/www.facebook.com\/ticaretedutr\" \/>\n<meta property=\"article:modified_time\" content=\"2025-10-17T17:17:28+00:00\" \/>\n<meta property=\"og:image\" content=\"http:\/\/ticaret.edu.tr\/egitim-bilimleri\/wp-content\/uploads\/sites\/66\/2021\/11\/web_logo-01.jpg\" \/>\n\t<meta property=\"og:image:width\" content=\"1250\" \/>\n\t<meta property=\"og:image:height\" content=\"833\" \/>\n\t<meta property=\"og:image:type\" content=\"image\/jpeg\" \/>\n<meta name=\"twitter:card\" content=\"summary_large_image\" \/>\n<meta name=\"twitter:site\" content=\"@ticaretedutr\" \/>\n<script type=\"application\/ld+json\" class=\"yoast-schema-graph\">{\"@context\":\"https:\/\/schema.org\",\"@graph\":[{\"@type\":\"WebPage\",\"@id\":\"https:\/\/ticaret.edu.tr\/egitim-bilimleri\/mezuniyet-kosullari\/\",\"url\":\"https:\/\/ticaret.edu.tr\/egitim-bilimleri\/mezuniyet-kosullari\/\",\"name\":\"Mezuniyet Ko\u015fullar\u0131 - E\u011fitim Bilimleri\",\"isPartOf\":{\"@id\":\"https:\/\/ticaret.edu.tr\/egitim-bilimleri\/#website\"},\"datePublished\":\"2025-01-26T22:34:12+00:00\",\"dateModified\":\"2025-10-17T17:17:28+00:00\",\"breadcrumb\":{\"@id\":\"https:\/\/ticaret.edu.tr\/egitim-bilimleri\/mezuniyet-kosullari\/#breadcrumb\"},\"inLanguage\":\"tr\",\"potentialAction\":[{\"@type\":\"ReadAction\",\"target\":[\"https:\/\/ticaret.edu.tr\/egitim-bilimleri\/mezuniyet-kosullari\/\"]}]},{\"@type\":\"BreadcrumbList\",\"@id\":\"https:\/\/ticaret.edu.tr\/egitim-bilimleri\/mezuniyet-kosullari\/#breadcrumb\",\"itemListElement\":[{\"@type\":\"ListItem\",\"position\":1,\"name\":\"Anasayfa\",\"item\":\"https:\/\/ticaret.edu.tr\/egitim-bilimleri\/\"},{\"@type\":\"ListItem\",\"position\":2,\"name\":\"Mezuniyet Ko\u015fullar\u0131\"}]},{\"@type\":\"WebSite\",\"@id\":\"https:\/\/ticaret.edu.tr\/egitim-bilimleri\/#website\",\"url\":\"https:\/\/ticaret.edu.tr\/egitim-bilimleri\/\",\"name\":\"E\u011fitim Bilimleri\",\"description\":\"Bir ba\u015fka \u0130stanbul Ticaret \u00dcniversitesi site sitesi\",\"potentialAction\":[{\"@type\":\"SearchAction\",\"target\":{\"@type\":\"EntryPoint\",\"urlTemplate\":\"https:\/\/ticaret.edu.tr\/egitim-bilimleri\/?s={search_term_string}\"},\"query-input\":\"required name=search_term_string\"}],\"inLanguage\":\"tr\"}]}<\/script>\n<!-- \/ Yoast SEO Premium plugin. -->","yoast_head_json":{"title":"Mezuniyet Ko\u015fullar\u0131 - E\u011fitim Bilimleri","robots":{"index":"index","follow":"follow","max-snippet":"max-snippet:-1","max-image-preview":"max-image-preview:large","max-video-preview":"max-video-preview:-1"},"canonical":"https:\/\/ticaret.edu.tr\/egitim-bilimleri\/mezuniyet-kosullari\/","og_locale":"tr_TR","og_type":"article","og_title":"Mezuniyet Ko\u015fullar\u0131","og_description":"Pedagojik Formasyon E\u011fitimi Sertifika Program\u0131\u2019ndan mezun olabilmek i\u00e7in: Programdaki t\u00fcm dersleri ba\u015far\u0131yla tamamlamak, Gerekli uygulama staj\u0131n\u0131 yapmak, Genel not ortalamas\u0131nda ba\u015far\u0131 \u015fartlar\u0131n\u0131 sa\u011flamak gereklidir.Program\u0131 ba\u015far\u0131yla bitiren kat\u0131l\u0131mc\u0131lar, \u00f6\u011fretmenlik mesle\u011finde g\u00f6rev alabilecek pedagojik formasyon yeterlili\u011fine sahip olur.","og_url":"https:\/\/ticaret.edu.tr\/egitim-bilimleri\/mezuniyet-kosullari\/","og_site_name":"E\u011fitim Bilimleri","article_publisher":"https:\/\/www.facebook.com\/ticaretedutr","article_modified_time":"2025-10-17T17:17:28+00:00","og_image":[{"width":1250,"height":833,"url":"http:\/\/ticaret.edu.tr\/egitim-bilimleri\/wp-content\/uploads\/sites\/66\/2021\/11\/web_logo-01.jpg","type":"image\/jpeg"}],"twitter_card":"summary_large_image","twitter_site":"@ticaretedutr","schema":{"@context":"https:\/\/schema.org","@graph":[{"@type":"WebPage","@id":"https:\/\/ticaret.edu.tr\/egitim-bilimleri\/mezuniyet-kosullari\/","url":"https:\/\/ticaret.edu.tr\/egitim-bilimleri\/mezuniyet-kosullari\/","name":"Mezuniyet Ko\u015fullar\u0131 - E\u011fitim Bilimleri","isPartOf":{"@id":"https:\/\/ticaret.edu.tr\/egitim-bilimleri\/#website"},"datePublished":"2025-01-26T22:34:12+00:00","dateModified":"2025-10-17T17:17:28+00:00","breadcrumb":{"@id":"https:\/\/ticaret.edu.tr\/egitim-bilimleri\/mezuniyet-kosullari\/#breadcrumb"},"inLanguage":"tr","potentialAction":[{"@type":"ReadAction","target":["https:\/\/ticaret.edu.tr\/egitim-bilimleri\/mezuniyet-kosullari\/"]}]},{"@type":"BreadcrumbList","@id":"https:\/\/ticaret.edu.tr\/egitim-bilimleri\/mezuniyet-kosullari\/#breadcrumb","itemListElement":[{"@type":"ListItem","position":1,"name":"Anasayfa","item":"https:\/\/ticaret.edu.tr\/egitim-bilimleri\/"},{"@type":"ListItem","position":2,"name":"Mezuniyet Ko\u015fullar\u0131"}]},{"@type":"WebSite","@id":"https:\/\/ticaret.edu.tr\/egitim-bilimleri\/#website","url":"https:\/\/ticaret.edu.tr\/egitim-bilimleri\/","name":"E\u011fitim Bilimleri","description":"Bir ba\u015fka \u0130stanbul Ticaret \u00dcniversitesi site sitesi","potentialAction":[{"@type":"SearchAction","target":{"@type":"EntryPoint","urlTemplate":"https:\/\/ticaret.edu.tr\/egitim-bilimleri\/?s={search_term_string}"},"query-input":"required name=search_term_string"}],"inLanguage":"tr"}]}},"lang":"tr","translations":{"tr":452},"pll_sync_post":[],"_links":{"self":[{"href":"http:\/\/ticaret.edu.tr\/egitim-bilimleri\/wp-json\/wp\/v2\/pages\/452"}],"collection":[{"href":"http:\/\/ticaret.edu.tr\/egitim-bilimleri\/wp-json\/wp\/v2\/pages"}],"about":[{"href":"http:\/\/ticaret.edu.tr\/egitim-bilimleri\/wp-json\/wp\/v2\/types\/page"}],"author":[{"embeddable":true,"href":"http:\/\/ticaret.edu.tr\/egitim-bilimleri\/wp-json\/wp\/v2\/users\/223"}],"replies":[{"embeddable":true,"href":"http:\/\/ticaret.edu.tr\/egitim-bilimleri\/wp-json\/wp\/v2\/comments?post=452"}],"version-history":[{"count":2,"href":"http:\/\/ticaret.edu.tr\/egitim-bilimleri\/wp-json\/wp\/v2\/pages\/452\/revisions"}],"predecessor-version":[{"id":752,"href":"http:\/\/ticaret.edu.tr\/egitim-bilimleri\/wp-json\/wp\/v2\/pages\/452\/revisions\/752"}],"wp:attachment":[{"href":"http:\/\/ticaret.edu.tr\/egitim-bilimleri\/wp-json\/wp\/v2\/media?parent=452"}],"curies":[{"name":"wp","href":"https:\/\/api.w.org\/{rel}","templated":true}]}}