{"id":454,"date":"2025-01-27T01:34:20","date_gmt":"2025-01-26T22:34:20","guid":{"rendered":"https:\/\/ticaret.edu.tr\/egitim-bilimleri\/?page_id=454"},"modified":"2025-10-15T13:38:39","modified_gmt":"2025-10-15T10:38:39","slug":"calisma-turu","status":"publish","type":"page","link":"http:\/\/ticaret.edu.tr\/egitim-bilimleri\/calisma-turu\/","title":{"rendered":"\u00c7al\u0131\u015fma T\u00fcr\u00fc"},"content":{"rendered":"<p data-start=\"340\" data-end=\"522\">\u0130stanbul Ticaret \u00dcniversitesi <strong data-start=\"370\" data-end=\"397\">E\u011fitim Bilimleri B\u00f6l\u00fcm\u00fc<\/strong>, lisans ve lisans\u00fcst\u00fc d\u00fczeyde farkl\u0131 akademik birimleriyle e\u011fitim-\u00f6\u011fretim faaliyetlerini s\u00fcrd\u00fcrmektedir. B\u00f6l\u00fcm b\u00fcnyesinde:<\/p>\n<ul data-start=\"523\" data-end=\"774\">\n<li data-start=\"523\" data-end=\"599\">\n<p data-start=\"525\" data-end=\"599\"><strong data-start=\"525\" data-end=\"597\">Aile Dan\u0131\u015fmanl\u0131\u011f\u0131 ve E\u011fitimi Y\u00fcksek Lisans Program\u0131 (Tezli \/ Tezsiz)<\/strong><\/p>\n<\/li>\n<li data-start=\"600\" data-end=\"663\">\n<p data-start=\"602\" data-end=\"663\"><strong data-start=\"602\" data-end=\"661\">E\u011fitim Y\u00f6netimi Y\u00fcksek Lisans Program\u0131 (Tezli \/ Tezsiz)<\/strong><\/p>\n<\/li>\n<li data-start=\"664\" data-end=\"701\">\n<p data-start=\"666\" data-end=\"701\"><strong data-start=\"666\" data-end=\"699\">Ortak Dersler Koordinat\u00f6rl\u00fc\u011f\u00fc<\/strong><\/p>\n<\/li>\n<li data-start=\"702\" data-end=\"774\">\n<p data-start=\"704\" data-end=\"774\"><strong data-start=\"704\" data-end=\"754\">Pedagojik Formasyon E\u011fitimi Sertifika Program\u0131<\/strong><br data-start=\"754\" data-end=\"757\" \/>yer almaktad\u0131r.<\/p>\n<\/li>\n<\/ul>\n<p data-start=\"776\" data-end=\"1031\"><strong data-start=\"776\" data-end=\"811\">Tezli y\u00fcksek lisans programlar\u0131<\/strong>, ara\u015ft\u0131rma ve akademik kariyer hedefleyen \u00f6\u011frenciler i\u00e7in bilimsel \u00fcretimi destekleyen bir yap\u0131dad\u0131r. <strong data-start=\"914\" data-end=\"935\">Tezsiz programlar<\/strong> ise uygulamaya ve mesleki geli\u015fime odaklanarak, profesyonel becerileri g\u00fc\u00e7lendirmeyi ama\u00e7lar.<\/p>\n<p data-start=\"1033\" data-end=\"1219\"><strong data-start=\"1033\" data-end=\"1066\">Ortak Dersler Koordinat\u00f6rl\u00fc\u011f\u00fc<\/strong>, \u00fcniversitenin t\u00fcm fak\u00fcltelerinde verilen genel k\u00fclt\u00fcr, e\u011fitim ve ileti\u015fim temelli derslerin planlanmas\u0131, y\u00fcr\u00fct\u00fclmesi ve koordinasyonundan sorumludur.<\/p>\n<p data-start=\"1221\" data-end=\"1422\"><strong data-start=\"1221\" data-end=\"1271\">Pedagojik Formasyon E\u011fitimi Sertifika Program\u0131<\/strong> ise \u00f6\u011fretmenlik mesle\u011fini icra etmek isteyen lisans mezunlar\u0131na y\u00f6nelik olarak, <strong data-start=\"1352\" data-end=\"1395\">Milli E\u011fitim Bakanl\u0131\u011f\u0131 mevzuat\u0131na uygun<\/strong> bi\u00e7imde y\u00fcr\u00fct\u00fclmektedir.<\/p>\n<p data-start=\"1424\" data-end=\"1626\">T\u00fcm programlarda dersler, \u00f6\u011frenci profiline uygun d\u00fczenlenmekte ve <strong data-start=\"1534\" data-end=\"1590\">kuramsal bilgi ile uygulama deneyimini b\u00fct\u00fcnle\u015ftiren<\/strong> bir \u00f6\u011frenme ortam\u0131 sunulmaktad\u0131r.<\/p>\n","protected":false},"excerpt":{"rendered":"<p>\u0130stanbul Ticaret \u00dcniversitesi E\u011fitim Bilimleri B\u00f6l\u00fcm\u00fc, lisans ve lisans\u00fcst\u00fc d\u00fczeyde farkl\u0131 akademik birimleriyle e\u011fitim-\u00f6\u011fretim faaliyetlerini s\u00fcrd\u00fcrmektedir. B\u00f6l\u00fcm b\u00fcnyesinde: Aile Dan\u0131\u015fmanl\u0131\u011f\u0131 ve E\u011fitimi Y\u00fcksek Lisans Program\u0131 (Tezli \/ Tezsiz) E\u011fitim Y\u00f6netimi Y\u00fcksek Lisans Program\u0131 (Tezli \/ Tezsiz) Ortak Dersler Koordinat\u00f6rl\u00fc\u011f\u00fc Pedagojik Formasyon E\u011fitimi Sertifika Program\u0131yer almaktad\u0131r. Tezli y\u00fcksek lisans programlar\u0131, ara\u015ft\u0131rma ve akademik kariyer hedefleyen \u00f6\u011frenciler [&hellip;]<\/p>\n","protected":false},"author":223,"featured_media":0,"parent":0,"menu_order":0,"comment_status":"closed","ping_status":"closed","template":"genel_sayfa.php","meta":{"footnotes":""},"yoast_head":"<!-- This site is optimized with the Yoast SEO Premium plugin v22.1 (Yoast SEO v22.1) - https:\/\/yoast.com\/wordpress\/plugins\/seo\/ -->\n<title>\u00c7al\u0131\u015fma T\u00fcr\u00fc - E\u011fitim Bilimleri<\/title>\n<meta name=\"robots\" content=\"index, follow, max-snippet:-1, max-image-preview:large, max-video-preview:-1\" \/>\n<link rel=\"canonical\" href=\"https:\/\/ticaret.edu.tr\/egitim-bilimleri\/calisma-turu\/\" \/>\n<meta property=\"og:locale\" content=\"tr_TR\" \/>\n<meta property=\"og:type\" content=\"article\" \/>\n<meta property=\"og:title\" content=\"\u00c7al\u0131\u015fma T\u00fcr\u00fc\" \/>\n<meta property=\"og:description\" content=\"\u0130stanbul Ticaret \u00dcniversitesi E\u011fitim Bilimleri B\u00f6l\u00fcm\u00fc, lisans ve lisans\u00fcst\u00fc d\u00fczeyde farkl\u0131 akademik birimleriyle e\u011fitim-\u00f6\u011fretim faaliyetlerini s\u00fcrd\u00fcrmektedir. B\u00f6l\u00fcm b\u00fcnyesinde: Aile Dan\u0131\u015fmanl\u0131\u011f\u0131 ve E\u011fitimi Y\u00fcksek Lisans Program\u0131 (Tezli \/ Tezsiz) E\u011fitim Y\u00f6netimi Y\u00fcksek Lisans Program\u0131 (Tezli \/ Tezsiz) Ortak Dersler Koordinat\u00f6rl\u00fc\u011f\u00fc Pedagojik Formasyon E\u011fitimi Sertifika Program\u0131yer almaktad\u0131r. Tezli y\u00fcksek lisans programlar\u0131, ara\u015ft\u0131rma ve akademik kariyer hedefleyen \u00f6\u011frenciler [&hellip;]\" \/>\n<meta property=\"og:url\" content=\"https:\/\/ticaret.edu.tr\/egitim-bilimleri\/calisma-turu\/\" \/>\n<meta property=\"og:site_name\" content=\"E\u011fitim Bilimleri\" \/>\n<meta property=\"article:publisher\" content=\"https:\/\/www.facebook.com\/ticaretedutr\" \/>\n<meta property=\"article:modified_time\" content=\"2025-10-15T10:38:39+00:00\" \/>\n<meta property=\"og:image\" content=\"http:\/\/ticaret.edu.tr\/egitim-bilimleri\/wp-content\/uploads\/sites\/66\/2021\/11\/web_logo-01.jpg\" \/>\n\t<meta property=\"og:image:width\" content=\"1250\" \/>\n\t<meta property=\"og:image:height\" content=\"833\" \/>\n\t<meta property=\"og:image:type\" content=\"image\/jpeg\" \/>\n<meta name=\"twitter:card\" content=\"summary_large_image\" \/>\n<meta name=\"twitter:site\" content=\"@ticaretedutr\" \/>\n<meta name=\"twitter:label1\" content=\"Tahmini okuma s\u00fcresi\" \/>\n\t<meta name=\"twitter:data1\" content=\"1 dakika\" \/>\n<script type=\"application\/ld+json\" class=\"yoast-schema-graph\">{\"@context\":\"https:\/\/schema.org\",\"@graph\":[{\"@type\":\"WebPage\",\"@id\":\"https:\/\/ticaret.edu.tr\/egitim-bilimleri\/calisma-turu\/\",\"url\":\"https:\/\/ticaret.edu.tr\/egitim-bilimleri\/calisma-turu\/\",\"name\":\"\u00c7al\u0131\u015fma T\u00fcr\u00fc - E\u011fitim Bilimleri\",\"isPartOf\":{\"@id\":\"https:\/\/ticaret.edu.tr\/egitim-bilimleri\/#website\"},\"datePublished\":\"2025-01-26T22:34:20+00:00\",\"dateModified\":\"2025-10-15T10:38:39+00:00\",\"breadcrumb\":{\"@id\":\"https:\/\/ticaret.edu.tr\/egitim-bilimleri\/calisma-turu\/#breadcrumb\"},\"inLanguage\":\"tr\",\"potentialAction\":[{\"@type\":\"ReadAction\",\"target\":[\"https:\/\/ticaret.edu.tr\/egitim-bilimleri\/calisma-turu\/\"]}]},{\"@type\":\"BreadcrumbList\",\"@id\":\"https:\/\/ticaret.edu.tr\/egitim-bilimleri\/calisma-turu\/#breadcrumb\",\"itemListElement\":[{\"@type\":\"ListItem\",\"position\":1,\"name\":\"Anasayfa\",\"item\":\"https:\/\/ticaret.edu.tr\/egitim-bilimleri\/\"},{\"@type\":\"ListItem\",\"position\":2,\"name\":\"\u00c7al\u0131\u015fma T\u00fcr\u00fc\"}]},{\"@type\":\"WebSite\",\"@id\":\"https:\/\/ticaret.edu.tr\/egitim-bilimleri\/#website\",\"url\":\"https:\/\/ticaret.edu.tr\/egitim-bilimleri\/\",\"name\":\"E\u011fitim Bilimleri\",\"description\":\"Bir ba\u015fka \u0130stanbul Ticaret \u00dcniversitesi site sitesi\",\"potentialAction\":[{\"@type\":\"SearchAction\",\"target\":{\"@type\":\"EntryPoint\",\"urlTemplate\":\"https:\/\/ticaret.edu.tr\/egitim-bilimleri\/?s={search_term_string}\"},\"query-input\":\"required name=search_term_string\"}],\"inLanguage\":\"tr\"}]}<\/script>\n<!-- \/ Yoast SEO Premium plugin. -->","yoast_head_json":{"title":"\u00c7al\u0131\u015fma T\u00fcr\u00fc - E\u011fitim Bilimleri","robots":{"index":"index","follow":"follow","max-snippet":"max-snippet:-1","max-image-preview":"max-image-preview:large","max-video-preview":"max-video-preview:-1"},"canonical":"https:\/\/ticaret.edu.tr\/egitim-bilimleri\/calisma-turu\/","og_locale":"tr_TR","og_type":"article","og_title":"\u00c7al\u0131\u015fma T\u00fcr\u00fc","og_description":"\u0130stanbul Ticaret \u00dcniversitesi E\u011fitim Bilimleri B\u00f6l\u00fcm\u00fc, lisans ve lisans\u00fcst\u00fc d\u00fczeyde farkl\u0131 akademik birimleriyle e\u011fitim-\u00f6\u011fretim faaliyetlerini s\u00fcrd\u00fcrmektedir. B\u00f6l\u00fcm b\u00fcnyesinde: Aile Dan\u0131\u015fmanl\u0131\u011f\u0131 ve E\u011fitimi Y\u00fcksek Lisans Program\u0131 (Tezli \/ Tezsiz) E\u011fitim Y\u00f6netimi Y\u00fcksek Lisans Program\u0131 (Tezli \/ Tezsiz) Ortak Dersler Koordinat\u00f6rl\u00fc\u011f\u00fc Pedagojik Formasyon E\u011fitimi Sertifika Program\u0131yer almaktad\u0131r. Tezli y\u00fcksek lisans programlar\u0131, ara\u015ft\u0131rma ve akademik kariyer hedefleyen \u00f6\u011frenciler [&hellip;]","og_url":"https:\/\/ticaret.edu.tr\/egitim-bilimleri\/calisma-turu\/","og_site_name":"E\u011fitim Bilimleri","article_publisher":"https:\/\/www.facebook.com\/ticaretedutr","article_modified_time":"2025-10-15T10:38:39+00:00","og_image":[{"width":1250,"height":833,"url":"http:\/\/ticaret.edu.tr\/egitim-bilimleri\/wp-content\/uploads\/sites\/66\/2021\/11\/web_logo-01.jpg","type":"image\/jpeg"}],"twitter_card":"summary_large_image","twitter_site":"@ticaretedutr","twitter_misc":{"Tahmini okuma s\u00fcresi":"1 dakika"},"schema":{"@context":"https:\/\/schema.org","@graph":[{"@type":"WebPage","@id":"https:\/\/ticaret.edu.tr\/egitim-bilimleri\/calisma-turu\/","url":"https:\/\/ticaret.edu.tr\/egitim-bilimleri\/calisma-turu\/","name":"\u00c7al\u0131\u015fma T\u00fcr\u00fc - E\u011fitim Bilimleri","isPartOf":{"@id":"https:\/\/ticaret.edu.tr\/egitim-bilimleri\/#website"},"datePublished":"2025-01-26T22:34:20+00:00","dateModified":"2025-10-15T10:38:39+00:00","breadcrumb":{"@id":"https:\/\/ticaret.edu.tr\/egitim-bilimleri\/calisma-turu\/#breadcrumb"},"inLanguage":"tr","potentialAction":[{"@type":"ReadAction","target":["https:\/\/ticaret.edu.tr\/egitim-bilimleri\/calisma-turu\/"]}]},{"@type":"BreadcrumbList","@id":"https:\/\/ticaret.edu.tr\/egitim-bilimleri\/calisma-turu\/#breadcrumb","itemListElement":[{"@type":"ListItem","position":1,"name":"Anasayfa","item":"https:\/\/ticaret.edu.tr\/egitim-bilimleri\/"},{"@type":"ListItem","position":2,"name":"\u00c7al\u0131\u015fma T\u00fcr\u00fc"}]},{"@type":"WebSite","@id":"https:\/\/ticaret.edu.tr\/egitim-bilimleri\/#website","url":"https:\/\/ticaret.edu.tr\/egitim-bilimleri\/","name":"E\u011fitim Bilimleri","description":"Bir ba\u015fka \u0130stanbul Ticaret \u00dcniversitesi site sitesi","potentialAction":[{"@type":"SearchAction","target":{"@type":"EntryPoint","urlTemplate":"https:\/\/ticaret.edu.tr\/egitim-bilimleri\/?s={search_term_string}"},"query-input":"required name=search_term_string"}],"inLanguage":"tr"}]}},"lang":"tr","translations":{"tr":454},"pll_sync_post":[],"_links":{"self":[{"href":"http:\/\/ticaret.edu.tr\/egitim-bilimleri\/wp-json\/wp\/v2\/pages\/454"}],"collection":[{"href":"http:\/\/ticaret.edu.tr\/egitim-bilimleri\/wp-json\/wp\/v2\/pages"}],"about":[{"href":"http:\/\/ticaret.edu.tr\/egitim-bilimleri\/wp-json\/wp\/v2\/types\/page"}],"author":[{"embeddable":true,"href":"http:\/\/ticaret.edu.tr\/egitim-bilimleri\/wp-json\/wp\/v2\/users\/223"}],"replies":[{"embeddable":true,"href":"http:\/\/ticaret.edu.tr\/egitim-bilimleri\/wp-json\/wp\/v2\/comments?post=454"}],"version-history":[{"count":2,"href":"http:\/\/ticaret.edu.tr\/egitim-bilimleri\/wp-json\/wp\/v2\/pages\/454\/revisions"}],"predecessor-version":[{"id":703,"href":"http:\/\/ticaret.edu.tr\/egitim-bilimleri\/wp-json\/wp\/v2\/pages\/454\/revisions\/703"}],"wp:attachment":[{"href":"http:\/\/ticaret.edu.tr\/egitim-bilimleri\/wp-json\/wp\/v2\/media?parent=454"}],"curies":[{"name":"wp","href":"https:\/\/api.w.org\/{rel}","templated":true}]}}