{"id":456,"date":"2025-01-27T01:34:28","date_gmt":"2025-01-26T22:34:28","guid":{"rendered":"https:\/\/ticaret.edu.tr\/egitim-bilimleri\/?page_id=456"},"modified":"2025-10-17T20:18:22","modified_gmt":"2025-10-17T17:18:22","slug":"onceki-ogrenmenin-tanimlanmasi","status":"publish","type":"page","link":"http:\/\/ticaret.edu.tr\/egitim-bilimleri\/onceki-ogrenmenin-tanimlanmasi\/","title":{"rendered":"\u00d6nceki \u00d6\u011frenmenin Tan\u0131mlanmas\u0131"},"content":{"rendered":"<p>Pedagojik Formasyon E\u011fitimi Sertifika Program\u0131\u2019nda, adaylar\u0131n \u00f6nceki \u00f6\u011frenim deneyimleri dikkate al\u0131nmakla birlikte, <strong data-start=\"2887\" data-end=\"2940\">muafiyet veya intibak uygulamas\u0131 yap\u0131lmamaktad\u0131r.<\/strong><br data-start=\"2940\" data-end=\"2943\" \/>Program kapsam\u0131ndaki t\u00fcm ders ve uygulamalar, \u00f6\u011fretmenlik meslek bilgisi b\u00fct\u00fcnl\u00fc\u011f\u00fc i\u00e7inde tamamlanmal\u0131d\u0131r.<\/p>\n","protected":false},"excerpt":{"rendered":"<p>Pedagojik Formasyon E\u011fitimi Sertifika Program\u0131\u2019nda, adaylar\u0131n \u00f6nceki \u00f6\u011frenim deneyimleri dikkate al\u0131nmakla birlikte, muafiyet veya intibak uygulamas\u0131 yap\u0131lmamaktad\u0131r.Program kapsam\u0131ndaki t\u00fcm ders ve uygulamalar, \u00f6\u011fretmenlik meslek bilgisi b\u00fct\u00fcnl\u00fc\u011f\u00fc i\u00e7inde tamamlanmal\u0131d\u0131r.<\/p>\n","protected":false},"author":223,"featured_media":0,"parent":0,"menu_order":0,"comment_status":"closed","ping_status":"closed","template":"genel_sayfa.php","meta":{"footnotes":""},"yoast_head":"<!-- This site is optimized with the Yoast SEO Premium plugin v22.1 (Yoast SEO v22.1) - https:\/\/yoast.com\/wordpress\/plugins\/seo\/ -->\n<title>\u00d6nceki \u00d6\u011frenmenin Tan\u0131mlanmas\u0131 - E\u011fitim Bilimleri<\/title>\n<meta name=\"robots\" content=\"index, follow, max-snippet:-1, max-image-preview:large, max-video-preview:-1\" \/>\n<link rel=\"canonical\" href=\"https:\/\/ticaret.edu.tr\/egitim-bilimleri\/onceki-ogrenmenin-tanimlanmasi\/\" \/>\n<meta property=\"og:locale\" content=\"tr_TR\" \/>\n<meta property=\"og:type\" content=\"article\" \/>\n<meta property=\"og:title\" content=\"\u00d6nceki \u00d6\u011frenmenin Tan\u0131mlanmas\u0131\" \/>\n<meta property=\"og:description\" content=\"Pedagojik Formasyon E\u011fitimi Sertifika Program\u0131\u2019nda, adaylar\u0131n \u00f6nceki \u00f6\u011frenim deneyimleri dikkate al\u0131nmakla birlikte, muafiyet veya intibak uygulamas\u0131 yap\u0131lmamaktad\u0131r.Program kapsam\u0131ndaki t\u00fcm ders ve uygulamalar, \u00f6\u011fretmenlik meslek bilgisi b\u00fct\u00fcnl\u00fc\u011f\u00fc i\u00e7inde tamamlanmal\u0131d\u0131r.\" \/>\n<meta property=\"og:url\" content=\"https:\/\/ticaret.edu.tr\/egitim-bilimleri\/onceki-ogrenmenin-tanimlanmasi\/\" \/>\n<meta property=\"og:site_name\" content=\"E\u011fitim Bilimleri\" \/>\n<meta property=\"article:publisher\" content=\"https:\/\/www.facebook.com\/ticaretedutr\" \/>\n<meta property=\"article:modified_time\" content=\"2025-10-17T17:18:22+00:00\" \/>\n<meta property=\"og:image\" content=\"http:\/\/ticaret.edu.tr\/egitim-bilimleri\/wp-content\/uploads\/sites\/66\/2021\/11\/web_logo-01.jpg\" \/>\n\t<meta property=\"og:image:width\" content=\"1250\" \/>\n\t<meta property=\"og:image:height\" content=\"833\" \/>\n\t<meta property=\"og:image:type\" content=\"image\/jpeg\" \/>\n<meta name=\"twitter:card\" content=\"summary_large_image\" \/>\n<meta name=\"twitter:site\" content=\"@ticaretedutr\" \/>\n<meta name=\"twitter:label1\" content=\"Tahmini okuma s\u00fcresi\" \/>\n\t<meta name=\"twitter:data1\" content=\"1 dakika\" \/>\n<script type=\"application\/ld+json\" class=\"yoast-schema-graph\">{\"@context\":\"https:\/\/schema.org\",\"@graph\":[{\"@type\":\"WebPage\",\"@id\":\"https:\/\/ticaret.edu.tr\/egitim-bilimleri\/onceki-ogrenmenin-tanimlanmasi\/\",\"url\":\"https:\/\/ticaret.edu.tr\/egitim-bilimleri\/onceki-ogrenmenin-tanimlanmasi\/\",\"name\":\"\u00d6nceki \u00d6\u011frenmenin Tan\u0131mlanmas\u0131 - E\u011fitim Bilimleri\",\"isPartOf\":{\"@id\":\"https:\/\/ticaret.edu.tr\/egitim-bilimleri\/#website\"},\"datePublished\":\"2025-01-26T22:34:28+00:00\",\"dateModified\":\"2025-10-17T17:18:22+00:00\",\"breadcrumb\":{\"@id\":\"https:\/\/ticaret.edu.tr\/egitim-bilimleri\/onceki-ogrenmenin-tanimlanmasi\/#breadcrumb\"},\"inLanguage\":\"tr\",\"potentialAction\":[{\"@type\":\"ReadAction\",\"target\":[\"https:\/\/ticaret.edu.tr\/egitim-bilimleri\/onceki-ogrenmenin-tanimlanmasi\/\"]}]},{\"@type\":\"BreadcrumbList\",\"@id\":\"https:\/\/ticaret.edu.tr\/egitim-bilimleri\/onceki-ogrenmenin-tanimlanmasi\/#breadcrumb\",\"itemListElement\":[{\"@type\":\"ListItem\",\"position\":1,\"name\":\"Anasayfa\",\"item\":\"https:\/\/ticaret.edu.tr\/egitim-bilimleri\/\"},{\"@type\":\"ListItem\",\"position\":2,\"name\":\"\u00d6nceki \u00d6\u011frenmenin Tan\u0131mlanmas\u0131\"}]},{\"@type\":\"WebSite\",\"@id\":\"https:\/\/ticaret.edu.tr\/egitim-bilimleri\/#website\",\"url\":\"https:\/\/ticaret.edu.tr\/egitim-bilimleri\/\",\"name\":\"E\u011fitim Bilimleri\",\"description\":\"Bir ba\u015fka \u0130stanbul Ticaret \u00dcniversitesi site sitesi\",\"potentialAction\":[{\"@type\":\"SearchAction\",\"target\":{\"@type\":\"EntryPoint\",\"urlTemplate\":\"https:\/\/ticaret.edu.tr\/egitim-bilimleri\/?s={search_term_string}\"},\"query-input\":\"required name=search_term_string\"}],\"inLanguage\":\"tr\"}]}<\/script>\n<!-- \/ Yoast SEO Premium plugin. -->","yoast_head_json":{"title":"\u00d6nceki \u00d6\u011frenmenin Tan\u0131mlanmas\u0131 - E\u011fitim Bilimleri","robots":{"index":"index","follow":"follow","max-snippet":"max-snippet:-1","max-image-preview":"max-image-preview:large","max-video-preview":"max-video-preview:-1"},"canonical":"https:\/\/ticaret.edu.tr\/egitim-bilimleri\/onceki-ogrenmenin-tanimlanmasi\/","og_locale":"tr_TR","og_type":"article","og_title":"\u00d6nceki \u00d6\u011frenmenin Tan\u0131mlanmas\u0131","og_description":"Pedagojik Formasyon E\u011fitimi Sertifika Program\u0131\u2019nda, adaylar\u0131n \u00f6nceki \u00f6\u011frenim deneyimleri dikkate al\u0131nmakla birlikte, muafiyet veya intibak uygulamas\u0131 yap\u0131lmamaktad\u0131r.Program kapsam\u0131ndaki t\u00fcm ders ve uygulamalar, \u00f6\u011fretmenlik meslek bilgisi b\u00fct\u00fcnl\u00fc\u011f\u00fc i\u00e7inde tamamlanmal\u0131d\u0131r.","og_url":"https:\/\/ticaret.edu.tr\/egitim-bilimleri\/onceki-ogrenmenin-tanimlanmasi\/","og_site_name":"E\u011fitim Bilimleri","article_publisher":"https:\/\/www.facebook.com\/ticaretedutr","article_modified_time":"2025-10-17T17:18:22+00:00","og_image":[{"width":1250,"height":833,"url":"http:\/\/ticaret.edu.tr\/egitim-bilimleri\/wp-content\/uploads\/sites\/66\/2021\/11\/web_logo-01.jpg","type":"image\/jpeg"}],"twitter_card":"summary_large_image","twitter_site":"@ticaretedutr","twitter_misc":{"Tahmini okuma s\u00fcresi":"1 dakika"},"schema":{"@context":"https:\/\/schema.org","@graph":[{"@type":"WebPage","@id":"https:\/\/ticaret.edu.tr\/egitim-bilimleri\/onceki-ogrenmenin-tanimlanmasi\/","url":"https:\/\/ticaret.edu.tr\/egitim-bilimleri\/onceki-ogrenmenin-tanimlanmasi\/","name":"\u00d6nceki \u00d6\u011frenmenin Tan\u0131mlanmas\u0131 - E\u011fitim Bilimleri","isPartOf":{"@id":"https:\/\/ticaret.edu.tr\/egitim-bilimleri\/#website"},"datePublished":"2025-01-26T22:34:28+00:00","dateModified":"2025-10-17T17:18:22+00:00","breadcrumb":{"@id":"https:\/\/ticaret.edu.tr\/egitim-bilimleri\/onceki-ogrenmenin-tanimlanmasi\/#breadcrumb"},"inLanguage":"tr","potentialAction":[{"@type":"ReadAction","target":["https:\/\/ticaret.edu.tr\/egitim-bilimleri\/onceki-ogrenmenin-tanimlanmasi\/"]}]},{"@type":"BreadcrumbList","@id":"https:\/\/ticaret.edu.tr\/egitim-bilimleri\/onceki-ogrenmenin-tanimlanmasi\/#breadcrumb","itemListElement":[{"@type":"ListItem","position":1,"name":"Anasayfa","item":"https:\/\/ticaret.edu.tr\/egitim-bilimleri\/"},{"@type":"ListItem","position":2,"name":"\u00d6nceki \u00d6\u011frenmenin Tan\u0131mlanmas\u0131"}]},{"@type":"WebSite","@id":"https:\/\/ticaret.edu.tr\/egitim-bilimleri\/#website","url":"https:\/\/ticaret.edu.tr\/egitim-bilimleri\/","name":"E\u011fitim Bilimleri","description":"Bir ba\u015fka \u0130stanbul Ticaret \u00dcniversitesi site sitesi","potentialAction":[{"@type":"SearchAction","target":{"@type":"EntryPoint","urlTemplate":"https:\/\/ticaret.edu.tr\/egitim-bilimleri\/?s={search_term_string}"},"query-input":"required name=search_term_string"}],"inLanguage":"tr"}]}},"lang":"tr","translations":{"tr":456},"pll_sync_post":[],"_links":{"self":[{"href":"http:\/\/ticaret.edu.tr\/egitim-bilimleri\/wp-json\/wp\/v2\/pages\/456"}],"collection":[{"href":"http:\/\/ticaret.edu.tr\/egitim-bilimleri\/wp-json\/wp\/v2\/pages"}],"about":[{"href":"http:\/\/ticaret.edu.tr\/egitim-bilimleri\/wp-json\/wp\/v2\/types\/page"}],"author":[{"embeddable":true,"href":"http:\/\/ticaret.edu.tr\/egitim-bilimleri\/wp-json\/wp\/v2\/users\/223"}],"replies":[{"embeddable":true,"href":"http:\/\/ticaret.edu.tr\/egitim-bilimleri\/wp-json\/wp\/v2\/comments?post=456"}],"version-history":[{"count":2,"href":"http:\/\/ticaret.edu.tr\/egitim-bilimleri\/wp-json\/wp\/v2\/pages\/456\/revisions"}],"predecessor-version":[{"id":753,"href":"http:\/\/ticaret.edu.tr\/egitim-bilimleri\/wp-json\/wp\/v2\/pages\/456\/revisions\/753"}],"wp:attachment":[{"href":"http:\/\/ticaret.edu.tr\/egitim-bilimleri\/wp-json\/wp\/v2\/media?parent=456"}],"curies":[{"name":"wp","href":"https:\/\/api.w.org\/{rel}","templated":true}]}}