{"id":466,"date":"2025-01-27T01:40:32","date_gmt":"2025-01-26T22:40:32","guid":{"rendered":"https:\/\/ticaret.edu.tr\/egitim-bilimleri\/?page_id=466"},"modified":"2025-10-15T13:39:38","modified_gmt":"2025-10-15T10:39:38","slug":"lisans-ders-ve-sinav-programi","status":"publish","type":"page","link":"http:\/\/ticaret.edu.tr\/egitim-bilimleri\/lisans-ders-ve-sinav-programi\/","title":{"rendered":"Ders ve S\u0131nav Program\u0131"},"content":{"rendered":"<p data-start=\"158\" data-end=\"390\">\u0130stanbul Ticaret \u00dcniversitesi <strong data-start=\"188\" data-end=\"215\">E\u011fitim Bilimleri B\u00f6l\u00fcm\u00fc<\/strong> b\u00fcnyesinde y\u00fcr\u00fct\u00fclen t\u00fcm programlarda ders ve s\u0131nav s\u00fcre\u00e7leri, <strong data-start=\"279\" data-end=\"310\">\u00dcniversite Akademik Takvimi<\/strong> ve <strong data-start=\"314\" data-end=\"345\">Lisans\u00fcst\u00fc E\u011fitim Enstit\u00fcs\u00fc<\/strong> y\u00f6nergeleri do\u011frultusunda planlanmaktad\u0131r.<\/p>\n<p data-start=\"392\" data-end=\"420\">B\u00f6l\u00fcm kapsam\u0131nda yer alan:<\/p>\n<ul data-start=\"421\" data-end=\"755\">\n<li data-start=\"421\" data-end=\"497\">\n<p data-start=\"423\" data-end=\"497\"><strong data-start=\"423\" data-end=\"495\">Aile Dan\u0131\u015fmanl\u0131\u011f\u0131 ve E\u011fitimi Y\u00fcksek Lisans Program\u0131 (Tezli \/ Tezsiz)<\/strong><\/p>\n<\/li>\n<li data-start=\"498\" data-end=\"561\">\n<p data-start=\"500\" data-end=\"561\"><strong data-start=\"500\" data-end=\"559\">E\u011fitim Y\u00f6netimi Y\u00fcksek Lisans Program\u0131 (Tezsiz)<\/strong><\/p>\n<\/li>\n<li data-start=\"562\" data-end=\"755\">\n<p data-start=\"564\" data-end=\"755\"><strong data-start=\"564\" data-end=\"614\">Pedagojik Formasyon E\u011fitimi Sertifika Program\u0131<\/strong><br data-start=\"614\" data-end=\"617\" \/>dersleri d\u00f6nemlik olarak d\u00fczenlenmekte, g\u00fcncel <strong data-start=\"664\" data-end=\"693\">ders ve s\u0131nav programlar\u0131<\/strong> her yar\u0131y\u0131l ba\u015f\u0131nda web sayfas\u0131 \u00fczerinden payla\u015f\u0131lmaktad\u0131r.<\/p>\n<\/li>\n<\/ul>\n<p data-start=\"757\" data-end=\"1054\">Y\u00fcksek lisans dersleri genellikle <strong data-start=\"776\" data-end=\"807\">hafta i\u00e7i ak\u015fam saatlerinde<\/strong> y\u00fcr\u00fct\u00fclmekte olup, \u00e7al\u0131\u015fan \u00f6\u011frencilerin programa aktif kat\u0131l\u0131m\u0131n\u0131 destekleyecek bi\u00e7imde planlan\u0131r.<\/p>\n<p data-start=\"757\" data-end=\"1054\">S\u0131navlar; ara s\u0131nav, final, b\u00fct\u00fcnleme ve proje de\u011ferlendirmesi bi\u00e7iminde, ilgili program\u0131n \u00f6l\u00e7me-de\u011ferlendirme esaslar\u0131na uygun olarak yap\u0131l\u0131r.<\/p>\n","protected":false},"excerpt":{"rendered":"<p>\u0130stanbul Ticaret \u00dcniversitesi E\u011fitim Bilimleri B\u00f6l\u00fcm\u00fc b\u00fcnyesinde y\u00fcr\u00fct\u00fclen t\u00fcm programlarda ders ve s\u0131nav s\u00fcre\u00e7leri, \u00dcniversite Akademik Takvimi ve Lisans\u00fcst\u00fc E\u011fitim Enstit\u00fcs\u00fc y\u00f6nergeleri do\u011frultusunda planlanmaktad\u0131r. B\u00f6l\u00fcm kapsam\u0131nda yer alan: Aile Dan\u0131\u015fmanl\u0131\u011f\u0131 ve E\u011fitimi Y\u00fcksek Lisans Program\u0131 (Tezli \/ Tezsiz) E\u011fitim Y\u00f6netimi Y\u00fcksek Lisans Program\u0131 (Tezsiz) Pedagojik Formasyon E\u011fitimi Sertifika Program\u0131dersleri d\u00f6nemlik olarak d\u00fczenlenmekte, g\u00fcncel ders ve [&hellip;]<\/p>\n","protected":false},"author":223,"featured_media":0,"parent":0,"menu_order":0,"comment_status":"closed","ping_status":"closed","template":"genel_sayfa.php","meta":{"footnotes":""},"yoast_head":"<!-- This site is optimized with the Yoast SEO Premium plugin v22.1 (Yoast SEO v22.1) - https:\/\/yoast.com\/wordpress\/plugins\/seo\/ -->\n<title>Ders ve S\u0131nav Program\u0131 - E\u011fitim Bilimleri<\/title>\n<meta name=\"robots\" content=\"index, follow, max-snippet:-1, max-image-preview:large, max-video-preview:-1\" \/>\n<link rel=\"canonical\" href=\"https:\/\/ticaret.edu.tr\/egitim-bilimleri\/lisans-ders-ve-sinav-programi\/\" \/>\n<meta property=\"og:locale\" content=\"tr_TR\" \/>\n<meta property=\"og:type\" content=\"article\" \/>\n<meta property=\"og:title\" content=\"Ders ve S\u0131nav Program\u0131\" \/>\n<meta property=\"og:description\" content=\"\u0130stanbul Ticaret \u00dcniversitesi E\u011fitim Bilimleri B\u00f6l\u00fcm\u00fc b\u00fcnyesinde y\u00fcr\u00fct\u00fclen t\u00fcm programlarda ders ve s\u0131nav s\u00fcre\u00e7leri, \u00dcniversite Akademik Takvimi ve Lisans\u00fcst\u00fc E\u011fitim Enstit\u00fcs\u00fc y\u00f6nergeleri do\u011frultusunda planlanmaktad\u0131r. B\u00f6l\u00fcm kapsam\u0131nda yer alan: Aile Dan\u0131\u015fmanl\u0131\u011f\u0131 ve E\u011fitimi Y\u00fcksek Lisans Program\u0131 (Tezli \/ Tezsiz) E\u011fitim Y\u00f6netimi Y\u00fcksek Lisans Program\u0131 (Tezsiz) Pedagojik Formasyon E\u011fitimi Sertifika Program\u0131dersleri d\u00f6nemlik olarak d\u00fczenlenmekte, g\u00fcncel ders ve [&hellip;]\" \/>\n<meta property=\"og:url\" content=\"https:\/\/ticaret.edu.tr\/egitim-bilimleri\/lisans-ders-ve-sinav-programi\/\" \/>\n<meta property=\"og:site_name\" content=\"E\u011fitim Bilimleri\" \/>\n<meta property=\"article:publisher\" content=\"https:\/\/www.facebook.com\/ticaretedutr\" \/>\n<meta property=\"article:modified_time\" content=\"2025-10-15T10:39:38+00:00\" \/>\n<meta property=\"og:image\" content=\"http:\/\/ticaret.edu.tr\/egitim-bilimleri\/wp-content\/uploads\/sites\/66\/2021\/11\/web_logo-01.jpg\" \/>\n\t<meta property=\"og:image:width\" content=\"1250\" \/>\n\t<meta property=\"og:image:height\" content=\"833\" \/>\n\t<meta property=\"og:image:type\" content=\"image\/jpeg\" \/>\n<meta name=\"twitter:card\" content=\"summary_large_image\" \/>\n<meta name=\"twitter:site\" content=\"@ticaretedutr\" \/>\n<meta name=\"twitter:label1\" content=\"Tahmini okuma s\u00fcresi\" \/>\n\t<meta name=\"twitter:data1\" content=\"1 dakika\" \/>\n<script type=\"application\/ld+json\" class=\"yoast-schema-graph\">{\"@context\":\"https:\/\/schema.org\",\"@graph\":[{\"@type\":\"WebPage\",\"@id\":\"https:\/\/ticaret.edu.tr\/egitim-bilimleri\/lisans-ders-ve-sinav-programi\/\",\"url\":\"https:\/\/ticaret.edu.tr\/egitim-bilimleri\/lisans-ders-ve-sinav-programi\/\",\"name\":\"Ders ve S\u0131nav Program\u0131 - E\u011fitim Bilimleri\",\"isPartOf\":{\"@id\":\"https:\/\/ticaret.edu.tr\/egitim-bilimleri\/#website\"},\"datePublished\":\"2025-01-26T22:40:32+00:00\",\"dateModified\":\"2025-10-15T10:39:38+00:00\",\"breadcrumb\":{\"@id\":\"https:\/\/ticaret.edu.tr\/egitim-bilimleri\/lisans-ders-ve-sinav-programi\/#breadcrumb\"},\"inLanguage\":\"tr\",\"potentialAction\":[{\"@type\":\"ReadAction\",\"target\":[\"https:\/\/ticaret.edu.tr\/egitim-bilimleri\/lisans-ders-ve-sinav-programi\/\"]}]},{\"@type\":\"BreadcrumbList\",\"@id\":\"https:\/\/ticaret.edu.tr\/egitim-bilimleri\/lisans-ders-ve-sinav-programi\/#breadcrumb\",\"itemListElement\":[{\"@type\":\"ListItem\",\"position\":1,\"name\":\"Anasayfa\",\"item\":\"https:\/\/ticaret.edu.tr\/egitim-bilimleri\/\"},{\"@type\":\"ListItem\",\"position\":2,\"name\":\"Ders ve S\u0131nav Program\u0131\"}]},{\"@type\":\"WebSite\",\"@id\":\"https:\/\/ticaret.edu.tr\/egitim-bilimleri\/#website\",\"url\":\"https:\/\/ticaret.edu.tr\/egitim-bilimleri\/\",\"name\":\"E\u011fitim Bilimleri\",\"description\":\"Bir ba\u015fka \u0130stanbul Ticaret \u00dcniversitesi site sitesi\",\"potentialAction\":[{\"@type\":\"SearchAction\",\"target\":{\"@type\":\"EntryPoint\",\"urlTemplate\":\"https:\/\/ticaret.edu.tr\/egitim-bilimleri\/?s={search_term_string}\"},\"query-input\":\"required name=search_term_string\"}],\"inLanguage\":\"tr\"}]}<\/script>\n<!-- \/ Yoast SEO Premium plugin. -->","yoast_head_json":{"title":"Ders ve S\u0131nav Program\u0131 - E\u011fitim Bilimleri","robots":{"index":"index","follow":"follow","max-snippet":"max-snippet:-1","max-image-preview":"max-image-preview:large","max-video-preview":"max-video-preview:-1"},"canonical":"https:\/\/ticaret.edu.tr\/egitim-bilimleri\/lisans-ders-ve-sinav-programi\/","og_locale":"tr_TR","og_type":"article","og_title":"Ders ve S\u0131nav Program\u0131","og_description":"\u0130stanbul Ticaret \u00dcniversitesi E\u011fitim Bilimleri B\u00f6l\u00fcm\u00fc b\u00fcnyesinde y\u00fcr\u00fct\u00fclen t\u00fcm programlarda ders ve s\u0131nav s\u00fcre\u00e7leri, \u00dcniversite Akademik Takvimi ve Lisans\u00fcst\u00fc E\u011fitim Enstit\u00fcs\u00fc y\u00f6nergeleri do\u011frultusunda planlanmaktad\u0131r. B\u00f6l\u00fcm kapsam\u0131nda yer alan: Aile Dan\u0131\u015fmanl\u0131\u011f\u0131 ve E\u011fitimi Y\u00fcksek Lisans Program\u0131 (Tezli \/ Tezsiz) E\u011fitim Y\u00f6netimi Y\u00fcksek Lisans Program\u0131 (Tezsiz) Pedagojik Formasyon E\u011fitimi Sertifika Program\u0131dersleri d\u00f6nemlik olarak d\u00fczenlenmekte, g\u00fcncel ders ve [&hellip;]","og_url":"https:\/\/ticaret.edu.tr\/egitim-bilimleri\/lisans-ders-ve-sinav-programi\/","og_site_name":"E\u011fitim Bilimleri","article_publisher":"https:\/\/www.facebook.com\/ticaretedutr","article_modified_time":"2025-10-15T10:39:38+00:00","og_image":[{"width":1250,"height":833,"url":"http:\/\/ticaret.edu.tr\/egitim-bilimleri\/wp-content\/uploads\/sites\/66\/2021\/11\/web_logo-01.jpg","type":"image\/jpeg"}],"twitter_card":"summary_large_image","twitter_site":"@ticaretedutr","twitter_misc":{"Tahmini okuma s\u00fcresi":"1 dakika"},"schema":{"@context":"https:\/\/schema.org","@graph":[{"@type":"WebPage","@id":"https:\/\/ticaret.edu.tr\/egitim-bilimleri\/lisans-ders-ve-sinav-programi\/","url":"https:\/\/ticaret.edu.tr\/egitim-bilimleri\/lisans-ders-ve-sinav-programi\/","name":"Ders ve S\u0131nav Program\u0131 - E\u011fitim Bilimleri","isPartOf":{"@id":"https:\/\/ticaret.edu.tr\/egitim-bilimleri\/#website"},"datePublished":"2025-01-26T22:40:32+00:00","dateModified":"2025-10-15T10:39:38+00:00","breadcrumb":{"@id":"https:\/\/ticaret.edu.tr\/egitim-bilimleri\/lisans-ders-ve-sinav-programi\/#breadcrumb"},"inLanguage":"tr","potentialAction":[{"@type":"ReadAction","target":["https:\/\/ticaret.edu.tr\/egitim-bilimleri\/lisans-ders-ve-sinav-programi\/"]}]},{"@type":"BreadcrumbList","@id":"https:\/\/ticaret.edu.tr\/egitim-bilimleri\/lisans-ders-ve-sinav-programi\/#breadcrumb","itemListElement":[{"@type":"ListItem","position":1,"name":"Anasayfa","item":"https:\/\/ticaret.edu.tr\/egitim-bilimleri\/"},{"@type":"ListItem","position":2,"name":"Ders ve S\u0131nav Program\u0131"}]},{"@type":"WebSite","@id":"https:\/\/ticaret.edu.tr\/egitim-bilimleri\/#website","url":"https:\/\/ticaret.edu.tr\/egitim-bilimleri\/","name":"E\u011fitim Bilimleri","description":"Bir ba\u015fka \u0130stanbul Ticaret \u00dcniversitesi site sitesi","potentialAction":[{"@type":"SearchAction","target":{"@type":"EntryPoint","urlTemplate":"https:\/\/ticaret.edu.tr\/egitim-bilimleri\/?s={search_term_string}"},"query-input":"required name=search_term_string"}],"inLanguage":"tr"}]}},"lang":"tr","translations":{"tr":466},"pll_sync_post":[],"_links":{"self":[{"href":"http:\/\/ticaret.edu.tr\/egitim-bilimleri\/wp-json\/wp\/v2\/pages\/466"}],"collection":[{"href":"http:\/\/ticaret.edu.tr\/egitim-bilimleri\/wp-json\/wp\/v2\/pages"}],"about":[{"href":"http:\/\/ticaret.edu.tr\/egitim-bilimleri\/wp-json\/wp\/v2\/types\/page"}],"author":[{"embeddable":true,"href":"http:\/\/ticaret.edu.tr\/egitim-bilimleri\/wp-json\/wp\/v2\/users\/223"}],"replies":[{"embeddable":true,"href":"http:\/\/ticaret.edu.tr\/egitim-bilimleri\/wp-json\/wp\/v2\/comments?post=466"}],"version-history":[{"count":2,"href":"http:\/\/ticaret.edu.tr\/egitim-bilimleri\/wp-json\/wp\/v2\/pages\/466\/revisions"}],"predecessor-version":[{"id":704,"href":"http:\/\/ticaret.edu.tr\/egitim-bilimleri\/wp-json\/wp\/v2\/pages\/466\/revisions\/704"}],"wp:attachment":[{"href":"http:\/\/ticaret.edu.tr\/egitim-bilimleri\/wp-json\/wp\/v2\/media?parent=466"}],"curies":[{"name":"wp","href":"https:\/\/api.w.org\/{rel}","templated":true}]}}