{"id":468,"date":"2025-01-27T01:40:49","date_gmt":"2025-01-26T22:40:49","guid":{"rendered":"https:\/\/ticaret.edu.tr\/egitim-bilimleri\/?page_id=468"},"modified":"2025-10-15T13:31:35","modified_gmt":"2025-10-15T10:31:35","slug":"cap-yandal-yatay-gecis","status":"publish","type":"page","link":"http:\/\/ticaret.edu.tr\/egitim-bilimleri\/cap-yandal-yatay-gecis\/","title":{"rendered":"\u00c7ap &#8211; Yandal \/ Yatay Ge\u00e7i\u015f"},"content":{"rendered":"<p data-start=\"140\" data-end=\"213\">E\u011fitim Bilimleri B\u00f6l\u00fcm\u00fc b\u00fcnyesinde <strong data-start=\"175\" data-end=\"211\">lisans program\u0131 bulunmamaktad\u0131r.<\/strong><\/p>\n<p data-start=\"215\" data-end=\"499\">Ancak <strong data-start=\"221\" data-end=\"283\">Aile Dan\u0131\u015fmanl\u0131\u011f\u0131 ve E\u011fitimi Tezsiz Y\u00fcksek Lisans Program\u0131<\/strong>\u2019nda \u00f6\u011frenim g\u00f6rmekte olan \u00f6\u011frenciler, <strong data-start=\"322\" data-end=\"363\">ilgili mevzuat h\u00fck\u00fcmleri \u00e7er\u00e7evesinde<\/strong> gerekli \u015fartlar\u0131 (<strong data-start=\"382\" data-end=\"431\">ALES puan\u0131, genel not ortalamas\u0131 ve kontenjan<\/strong>) sa\u011flamalar\u0131 halinde <strong data-start=\"453\" data-end=\"483\">tezli programa yatay ge\u00e7i\u015f<\/strong> yapabilirler.<\/p>\n","protected":false},"excerpt":{"rendered":"<p>E\u011fitim Bilimleri B\u00f6l\u00fcm\u00fc b\u00fcnyesinde lisans program\u0131 bulunmamaktad\u0131r. Ancak Aile Dan\u0131\u015fmanl\u0131\u011f\u0131 ve E\u011fitimi Tezsiz Y\u00fcksek Lisans Program\u0131\u2019nda \u00f6\u011frenim g\u00f6rmekte olan \u00f6\u011frenciler, ilgili mevzuat h\u00fck\u00fcmleri \u00e7er\u00e7evesinde gerekli \u015fartlar\u0131 (ALES puan\u0131, genel not ortalamas\u0131 ve kontenjan) sa\u011flamalar\u0131 halinde tezli programa yatay ge\u00e7i\u015f yapabilirler.<\/p>\n","protected":false},"author":223,"featured_media":0,"parent":0,"menu_order":0,"comment_status":"closed","ping_status":"closed","template":"genel_sayfa.php","meta":{"footnotes":""},"yoast_head":"<!-- This site is optimized with the Yoast SEO Premium plugin v22.1 (Yoast SEO v22.1) - https:\/\/yoast.com\/wordpress\/plugins\/seo\/ -->\n<title>\u00c7ap - Yandal \/ Yatay Ge\u00e7i\u015f - E\u011fitim Bilimleri<\/title>\n<meta name=\"robots\" content=\"index, follow, max-snippet:-1, max-image-preview:large, max-video-preview:-1\" \/>\n<link rel=\"canonical\" href=\"https:\/\/ticaret.edu.tr\/egitim-bilimleri\/cap-yandal-yatay-gecis\/\" \/>\n<meta property=\"og:locale\" content=\"tr_TR\" \/>\n<meta property=\"og:type\" content=\"article\" \/>\n<meta property=\"og:title\" content=\"\u00c7ap - Yandal \/ Yatay Ge\u00e7i\u015f\" \/>\n<meta property=\"og:description\" content=\"E\u011fitim Bilimleri B\u00f6l\u00fcm\u00fc b\u00fcnyesinde lisans program\u0131 bulunmamaktad\u0131r. Ancak Aile Dan\u0131\u015fmanl\u0131\u011f\u0131 ve E\u011fitimi Tezsiz Y\u00fcksek Lisans Program\u0131\u2019nda \u00f6\u011frenim g\u00f6rmekte olan \u00f6\u011frenciler, ilgili mevzuat h\u00fck\u00fcmleri \u00e7er\u00e7evesinde gerekli \u015fartlar\u0131 (ALES puan\u0131, genel not ortalamas\u0131 ve kontenjan) sa\u011flamalar\u0131 halinde tezli programa yatay ge\u00e7i\u015f yapabilirler.\" \/>\n<meta property=\"og:url\" content=\"https:\/\/ticaret.edu.tr\/egitim-bilimleri\/cap-yandal-yatay-gecis\/\" \/>\n<meta property=\"og:site_name\" content=\"E\u011fitim Bilimleri\" \/>\n<meta property=\"article:publisher\" content=\"https:\/\/www.facebook.com\/ticaretedutr\" \/>\n<meta property=\"article:modified_time\" content=\"2025-10-15T10:31:35+00:00\" \/>\n<meta property=\"og:image\" content=\"http:\/\/ticaret.edu.tr\/egitim-bilimleri\/wp-content\/uploads\/sites\/66\/2021\/11\/web_logo-01.jpg\" \/>\n\t<meta property=\"og:image:width\" content=\"1250\" \/>\n\t<meta property=\"og:image:height\" content=\"833\" \/>\n\t<meta property=\"og:image:type\" content=\"image\/jpeg\" \/>\n<meta name=\"twitter:card\" content=\"summary_large_image\" \/>\n<meta name=\"twitter:site\" content=\"@ticaretedutr\" \/>\n<script type=\"application\/ld+json\" class=\"yoast-schema-graph\">{\"@context\":\"https:\/\/schema.org\",\"@graph\":[{\"@type\":\"WebPage\",\"@id\":\"https:\/\/ticaret.edu.tr\/egitim-bilimleri\/cap-yandal-yatay-gecis\/\",\"url\":\"https:\/\/ticaret.edu.tr\/egitim-bilimleri\/cap-yandal-yatay-gecis\/\",\"name\":\"\u00c7ap - Yandal \/ Yatay Ge\u00e7i\u015f - E\u011fitim Bilimleri\",\"isPartOf\":{\"@id\":\"https:\/\/ticaret.edu.tr\/egitim-bilimleri\/#website\"},\"datePublished\":\"2025-01-26T22:40:49+00:00\",\"dateModified\":\"2025-10-15T10:31:35+00:00\",\"breadcrumb\":{\"@id\":\"https:\/\/ticaret.edu.tr\/egitim-bilimleri\/cap-yandal-yatay-gecis\/#breadcrumb\"},\"inLanguage\":\"tr\",\"potentialAction\":[{\"@type\":\"ReadAction\",\"target\":[\"https:\/\/ticaret.edu.tr\/egitim-bilimleri\/cap-yandal-yatay-gecis\/\"]}]},{\"@type\":\"BreadcrumbList\",\"@id\":\"https:\/\/ticaret.edu.tr\/egitim-bilimleri\/cap-yandal-yatay-gecis\/#breadcrumb\",\"itemListElement\":[{\"@type\":\"ListItem\",\"position\":1,\"name\":\"Anasayfa\",\"item\":\"https:\/\/ticaret.edu.tr\/egitim-bilimleri\/\"},{\"@type\":\"ListItem\",\"position\":2,\"name\":\"\u00c7ap &#8211; Yandal \/ Yatay Ge\u00e7i\u015f\"}]},{\"@type\":\"WebSite\",\"@id\":\"https:\/\/ticaret.edu.tr\/egitim-bilimleri\/#website\",\"url\":\"https:\/\/ticaret.edu.tr\/egitim-bilimleri\/\",\"name\":\"E\u011fitim Bilimleri\",\"description\":\"Bir ba\u015fka \u0130stanbul Ticaret \u00dcniversitesi site sitesi\",\"potentialAction\":[{\"@type\":\"SearchAction\",\"target\":{\"@type\":\"EntryPoint\",\"urlTemplate\":\"https:\/\/ticaret.edu.tr\/egitim-bilimleri\/?s={search_term_string}\"},\"query-input\":\"required name=search_term_string\"}],\"inLanguage\":\"tr\"}]}<\/script>\n<!-- \/ Yoast SEO Premium plugin. -->","yoast_head_json":{"title":"\u00c7ap - Yandal \/ Yatay Ge\u00e7i\u015f - E\u011fitim Bilimleri","robots":{"index":"index","follow":"follow","max-snippet":"max-snippet:-1","max-image-preview":"max-image-preview:large","max-video-preview":"max-video-preview:-1"},"canonical":"https:\/\/ticaret.edu.tr\/egitim-bilimleri\/cap-yandal-yatay-gecis\/","og_locale":"tr_TR","og_type":"article","og_title":"\u00c7ap - Yandal \/ Yatay Ge\u00e7i\u015f","og_description":"E\u011fitim Bilimleri B\u00f6l\u00fcm\u00fc b\u00fcnyesinde lisans program\u0131 bulunmamaktad\u0131r. Ancak Aile Dan\u0131\u015fmanl\u0131\u011f\u0131 ve E\u011fitimi Tezsiz Y\u00fcksek Lisans Program\u0131\u2019nda \u00f6\u011frenim g\u00f6rmekte olan \u00f6\u011frenciler, ilgili mevzuat h\u00fck\u00fcmleri \u00e7er\u00e7evesinde gerekli \u015fartlar\u0131 (ALES puan\u0131, genel not ortalamas\u0131 ve kontenjan) sa\u011flamalar\u0131 halinde tezli programa yatay ge\u00e7i\u015f yapabilirler.","og_url":"https:\/\/ticaret.edu.tr\/egitim-bilimleri\/cap-yandal-yatay-gecis\/","og_site_name":"E\u011fitim Bilimleri","article_publisher":"https:\/\/www.facebook.com\/ticaretedutr","article_modified_time":"2025-10-15T10:31:35+00:00","og_image":[{"width":1250,"height":833,"url":"http:\/\/ticaret.edu.tr\/egitim-bilimleri\/wp-content\/uploads\/sites\/66\/2021\/11\/web_logo-01.jpg","type":"image\/jpeg"}],"twitter_card":"summary_large_image","twitter_site":"@ticaretedutr","schema":{"@context":"https:\/\/schema.org","@graph":[{"@type":"WebPage","@id":"https:\/\/ticaret.edu.tr\/egitim-bilimleri\/cap-yandal-yatay-gecis\/","url":"https:\/\/ticaret.edu.tr\/egitim-bilimleri\/cap-yandal-yatay-gecis\/","name":"\u00c7ap - Yandal \/ Yatay Ge\u00e7i\u015f - E\u011fitim Bilimleri","isPartOf":{"@id":"https:\/\/ticaret.edu.tr\/egitim-bilimleri\/#website"},"datePublished":"2025-01-26T22:40:49+00:00","dateModified":"2025-10-15T10:31:35+00:00","breadcrumb":{"@id":"https:\/\/ticaret.edu.tr\/egitim-bilimleri\/cap-yandal-yatay-gecis\/#breadcrumb"},"inLanguage":"tr","potentialAction":[{"@type":"ReadAction","target":["https:\/\/ticaret.edu.tr\/egitim-bilimleri\/cap-yandal-yatay-gecis\/"]}]},{"@type":"BreadcrumbList","@id":"https:\/\/ticaret.edu.tr\/egitim-bilimleri\/cap-yandal-yatay-gecis\/#breadcrumb","itemListElement":[{"@type":"ListItem","position":1,"name":"Anasayfa","item":"https:\/\/ticaret.edu.tr\/egitim-bilimleri\/"},{"@type":"ListItem","position":2,"name":"\u00c7ap &#8211; Yandal \/ Yatay Ge\u00e7i\u015f"}]},{"@type":"WebSite","@id":"https:\/\/ticaret.edu.tr\/egitim-bilimleri\/#website","url":"https:\/\/ticaret.edu.tr\/egitim-bilimleri\/","name":"E\u011fitim Bilimleri","description":"Bir ba\u015fka \u0130stanbul Ticaret \u00dcniversitesi site sitesi","potentialAction":[{"@type":"SearchAction","target":{"@type":"EntryPoint","urlTemplate":"https:\/\/ticaret.edu.tr\/egitim-bilimleri\/?s={search_term_string}"},"query-input":"required name=search_term_string"}],"inLanguage":"tr"}]}},"lang":"tr","translations":{"tr":468},"pll_sync_post":[],"_links":{"self":[{"href":"http:\/\/ticaret.edu.tr\/egitim-bilimleri\/wp-json\/wp\/v2\/pages\/468"}],"collection":[{"href":"http:\/\/ticaret.edu.tr\/egitim-bilimleri\/wp-json\/wp\/v2\/pages"}],"about":[{"href":"http:\/\/ticaret.edu.tr\/egitim-bilimleri\/wp-json\/wp\/v2\/types\/page"}],"author":[{"embeddable":true,"href":"http:\/\/ticaret.edu.tr\/egitim-bilimleri\/wp-json\/wp\/v2\/users\/223"}],"replies":[{"embeddable":true,"href":"http:\/\/ticaret.edu.tr\/egitim-bilimleri\/wp-json\/wp\/v2\/comments?post=468"}],"version-history":[{"count":3,"href":"http:\/\/ticaret.edu.tr\/egitim-bilimleri\/wp-json\/wp\/v2\/pages\/468\/revisions"}],"predecessor-version":[{"id":698,"href":"http:\/\/ticaret.edu.tr\/egitim-bilimleri\/wp-json\/wp\/v2\/pages\/468\/revisions\/698"}],"wp:attachment":[{"href":"http:\/\/ticaret.edu.tr\/egitim-bilimleri\/wp-json\/wp\/v2\/media?parent=468"}],"curies":[{"name":"wp","href":"https:\/\/api.w.org\/{rel}","templated":true}]}}