{"id":472,"date":"2025-01-27T01:41:37","date_gmt":"2025-01-26T22:41:37","guid":{"rendered":"https:\/\/ticaret.edu.tr\/egitim-bilimleri\/?page_id=472"},"modified":"2025-10-15T14:31:38","modified_gmt":"2025-10-15T11:31:38","slug":"tasarim-projesi-bitirme-projesi","status":"publish","type":"page","link":"http:\/\/ticaret.edu.tr\/egitim-bilimleri\/tasarim-projesi-bitirme-projesi\/","title":{"rendered":"Tasar\u0131m Projesi \/ Bitirme Projesi"},"content":{"rendered":"<p data-start=\"282\" data-end=\"696\">D\u00f6nem Projesi, \u00f6\u011frencilerin y\u00fcksek lisans e\u011fitimleri boyunca edindikleri kuramsal bilgi ve uygulama becerilerini <strong data-start=\"418\" data-end=\"479\">bilimsel ara\u015ft\u0131rma temelli bir \u00e7al\u0131\u015fmaya d\u00f6n\u00fc\u015ft\u00fcrmelerini<\/strong> ama\u00e7lar.<br data-start=\"488\" data-end=\"491\" \/>Bu ders, hem <strong data-start=\"504\" data-end=\"536\">Aile Dan\u0131\u015fmanl\u0131\u011f\u0131 ve E\u011fitimi<\/strong> hem de <strong data-start=\"544\" data-end=\"563\">E\u011fitim Y\u00f6netimi<\/strong> programlar\u0131nda, \u00f6\u011frencilerin ba\u011f\u0131ms\u0131z ara\u015ft\u0131rma y\u00fcr\u00fctme, problem \u00e7\u00f6zme ve akademik raporlama yeterliklerini geli\u015ftirmeyi hedefler.<\/p>\n<hr data-start=\"698\" data-end=\"701\" \/>\n<h3 data-start=\"703\" data-end=\"758\">\ud83e\udde0 <strong data-start=\"710\" data-end=\"756\">Aile Dan\u0131\u015fmanl\u0131\u011f\u0131 ve E\u011fitimi Program\u0131 \u0130\u00e7in<\/strong><\/h3>\n<p data-start=\"759\" data-end=\"977\">Bu proje, aile yap\u0131s\u0131, ili\u015fkiler, ebeveynlik, aile i\u00e7i ileti\u015fim, psikolojik dan\u0131\u015fma s\u00fcre\u00e7leri veya toplumsal refah gibi alanlarda y\u00fcr\u00fct\u00fclen \u00f6zg\u00fcn bir \u00e7al\u0131\u015fmad\u0131r.<br data-start=\"920\" data-end=\"923\" \/>\ud83d\udcca \u00d6\u011frenciler, dan\u0131\u015fman \u00f6\u011fretim \u00fcyesi rehberli\u011finde;<\/p>\n<ul data-start=\"978\" data-end=\"1191\">\n<li data-start=\"978\" data-end=\"1042\">\n<p data-start=\"980\" data-end=\"1042\">Aile dan\u0131\u015fmanl\u0131\u011f\u0131yla ilgili bir ara\u015ft\u0131rma problemi belirler,<\/p>\n<\/li>\n<li data-start=\"1043\" data-end=\"1093\">\n<p data-start=\"1045\" data-end=\"1093\">Literat\u00fcr\u00fc tarar ve ara\u015ft\u0131rma y\u00f6ntemini se\u00e7er,<\/p>\n<\/li>\n<li data-start=\"1094\" data-end=\"1134\">\n<p data-start=\"1096\" data-end=\"1134\">Veri toplar veya nitel analiz yapar,<\/p>\n<\/li>\n<li data-start=\"1135\" data-end=\"1191\">\n<p data-start=\"1137\" data-end=\"1191\">Bulgular\u0131n\u0131 <strong data-start=\"1149\" data-end=\"1179\">etik ilkeler do\u011frultusunda<\/strong> raporlar.<\/p>\n<\/li>\n<\/ul>\n<p data-start=\"1193\" data-end=\"1362\">\ud83d\udcac Proje sonunda \u00f6\u011frencilerin, aile dan\u0131\u015fmanl\u0131\u011f\u0131 alan\u0131na katk\u0131 sa\u011flayacak <strong data-start=\"1267\" data-end=\"1337\">uygulama \u00f6nerileri, e\u011fitim modelleri veya dan\u0131\u015fmanl\u0131k protokolleri<\/strong> geli\u015ftirmesi beklenir.<\/p>\n<hr data-start=\"1364\" data-end=\"1367\" \/>\n<h3 data-start=\"1369\" data-end=\"1411\">\ud83c\udfeb <strong data-start=\"1376\" data-end=\"1409\">E\u011fitim Y\u00f6netimi Program\u0131 \u0130\u00e7in<\/strong><\/h3>\n<p data-start=\"1412\" data-end=\"1614\">Bu proje, e\u011fitim kurumlar\u0131nda y\u00f6netim, liderlik, okul geli\u015fimi, \u00f6rg\u00fctsel davran\u0131\u015f veya e\u011fitim politikalar\u0131 gibi konulara odaklan\u0131r.<br data-start=\"1543\" data-end=\"1546\" \/>\ud83d\udcc8 \u00d6\u011frenciler, e\u011fitim y\u00f6netimi alan\u0131nda bir problemi tan\u0131mlayarak;<\/p>\n<ul data-start=\"1615\" data-end=\"1800\">\n<li data-start=\"1615\" data-end=\"1649\">\n<p data-start=\"1617\" data-end=\"1649\">\u0130lgili literat\u00fcr\u00fc analiz eder,<\/p>\n<\/li>\n<li data-start=\"1650\" data-end=\"1700\">\n<p data-start=\"1652\" data-end=\"1700\">Veri toplama ve \u00e7\u00f6z\u00fcmleme s\u00fcre\u00e7lerini planlar,<\/p>\n<\/li>\n<li data-start=\"1701\" data-end=\"1800\">\n<p data-start=\"1703\" data-end=\"1800\">Bulgular\u0131n\u0131 yorumlayarak <strong data-start=\"1728\" data-end=\"1767\">kurumsal geli\u015fim ve e\u011fitimde kalite<\/strong> a\u00e7\u0131s\u0131ndan \u00f6neriler geli\u015ftirir.<\/p>\n<\/li>\n<\/ul>\n<p data-start=\"1802\" data-end=\"1965\">\ud83e\udded Proje s\u00fcreci, \u00f6\u011frencilerin stratejik d\u00fc\u015f\u00fcnme, veri temelli karar alma ve e\u011fitim sistemine katk\u0131 sa\u011flayan \u00e7\u00f6z\u00fcm odakl\u0131 bir bak\u0131\u015f a\u00e7\u0131s\u0131 kazanmalar\u0131n\u0131 destekler.<\/p>\n<h3 data-start=\"1972\" data-end=\"1998\">\ud83e\udde9 <strong data-start=\"1979\" data-end=\"1996\">Genel \u0130lkeler<\/strong><\/h3>\n<ul data-start=\"1999\" data-end=\"2313\">\n<li data-start=\"1999\" data-end=\"2092\">\n<p data-start=\"2001\" data-end=\"2092\">D\u00f6nem Projesi bireysel olarak y\u00fcr\u00fct\u00fcl\u00fcr ve dan\u0131\u015fman \u00f6\u011fretim \u00fcyesi g\u00f6zetiminde tamamlan\u0131r.<\/p>\n<\/li>\n<li data-start=\"2093\" data-end=\"2176\">\n<p data-start=\"2095\" data-end=\"2176\">\u00c7al\u0131\u015fmalar <strong data-start=\"2106\" data-end=\"2148\">bilimsel ara\u015ft\u0131rma ve etik kurallar\u0131na<\/strong> uygun \u015fekilde haz\u0131rlan\u0131r.<\/p>\n<\/li>\n<li data-start=\"2177\" data-end=\"2313\">\n<p data-start=\"2179\" data-end=\"2313\">Proje sonunda \u00f6\u011frencilerden, ara\u015ft\u0131rma raporlar\u0131n\u0131 <strong data-start=\"2230\" data-end=\"2265\">yaz\u0131l\u0131 ve s\u00f6zl\u00fc sunum bi\u00e7iminde<\/strong> de\u011ferlendirme komisyonuna sunmalar\u0131 beklenir.<\/p>\n<\/li>\n<\/ul>\n","protected":false},"excerpt":{"rendered":"<p>D\u00f6nem Projesi, \u00f6\u011frencilerin y\u00fcksek lisans e\u011fitimleri boyunca edindikleri kuramsal bilgi ve uygulama becerilerini bilimsel ara\u015ft\u0131rma temelli bir \u00e7al\u0131\u015fmaya d\u00f6n\u00fc\u015ft\u00fcrmelerini ama\u00e7lar.Bu ders, hem Aile Dan\u0131\u015fmanl\u0131\u011f\u0131 ve E\u011fitimi hem de E\u011fitim Y\u00f6netimi programlar\u0131nda, \u00f6\u011frencilerin ba\u011f\u0131ms\u0131z ara\u015ft\u0131rma y\u00fcr\u00fctme, problem \u00e7\u00f6zme ve akademik raporlama yeterliklerini geli\u015ftirmeyi hedefler. \ud83e\udde0 Aile Dan\u0131\u015fmanl\u0131\u011f\u0131 ve E\u011fitimi Program\u0131 \u0130\u00e7in Bu proje, aile yap\u0131s\u0131, ili\u015fkiler, [&hellip;]<\/p>\n","protected":false},"author":223,"featured_media":0,"parent":0,"menu_order":0,"comment_status":"closed","ping_status":"closed","template":"genel_sayfa.php","meta":{"footnotes":""},"yoast_head":"<!-- This site is optimized with the Yoast SEO Premium plugin v22.1 (Yoast SEO v22.1) - https:\/\/yoast.com\/wordpress\/plugins\/seo\/ -->\n<title>Tasar\u0131m Projesi \/ Bitirme Projesi - E\u011fitim Bilimleri<\/title>\n<meta name=\"robots\" content=\"index, follow, max-snippet:-1, max-image-preview:large, max-video-preview:-1\" \/>\n<link rel=\"canonical\" href=\"https:\/\/ticaret.edu.tr\/egitim-bilimleri\/tasarim-projesi-bitirme-projesi\/\" \/>\n<meta property=\"og:locale\" content=\"tr_TR\" \/>\n<meta property=\"og:type\" content=\"article\" \/>\n<meta property=\"og:title\" content=\"Tasar\u0131m Projesi \/ Bitirme Projesi\" \/>\n<meta property=\"og:description\" content=\"D\u00f6nem Projesi, \u00f6\u011frencilerin y\u00fcksek lisans e\u011fitimleri boyunca edindikleri kuramsal bilgi ve uygulama becerilerini bilimsel ara\u015ft\u0131rma temelli bir \u00e7al\u0131\u015fmaya d\u00f6n\u00fc\u015ft\u00fcrmelerini ama\u00e7lar.Bu ders, hem Aile Dan\u0131\u015fmanl\u0131\u011f\u0131 ve E\u011fitimi hem de E\u011fitim Y\u00f6netimi programlar\u0131nda, \u00f6\u011frencilerin ba\u011f\u0131ms\u0131z ara\u015ft\u0131rma y\u00fcr\u00fctme, problem \u00e7\u00f6zme ve akademik raporlama yeterliklerini geli\u015ftirmeyi hedefler. \ud83e\udde0 Aile Dan\u0131\u015fmanl\u0131\u011f\u0131 ve E\u011fitimi Program\u0131 \u0130\u00e7in Bu proje, aile yap\u0131s\u0131, ili\u015fkiler, [&hellip;]\" \/>\n<meta property=\"og:url\" content=\"https:\/\/ticaret.edu.tr\/egitim-bilimleri\/tasarim-projesi-bitirme-projesi\/\" \/>\n<meta property=\"og:site_name\" content=\"E\u011fitim Bilimleri\" \/>\n<meta property=\"article:publisher\" content=\"https:\/\/www.facebook.com\/ticaretedutr\" \/>\n<meta property=\"article:modified_time\" content=\"2025-10-15T11:31:38+00:00\" \/>\n<meta property=\"og:image\" content=\"http:\/\/ticaret.edu.tr\/egitim-bilimleri\/wp-content\/uploads\/sites\/66\/2021\/11\/web_logo-01.jpg\" \/>\n\t<meta property=\"og:image:width\" content=\"1250\" \/>\n\t<meta property=\"og:image:height\" content=\"833\" \/>\n\t<meta property=\"og:image:type\" content=\"image\/jpeg\" \/>\n<meta name=\"twitter:card\" content=\"summary_large_image\" \/>\n<meta name=\"twitter:site\" content=\"@ticaretedutr\" \/>\n<meta name=\"twitter:label1\" content=\"Tahmini okuma s\u00fcresi\" \/>\n\t<meta name=\"twitter:data1\" content=\"2 dakika\" \/>\n<script type=\"application\/ld+json\" class=\"yoast-schema-graph\">{\"@context\":\"https:\/\/schema.org\",\"@graph\":[{\"@type\":\"WebPage\",\"@id\":\"https:\/\/ticaret.edu.tr\/egitim-bilimleri\/tasarim-projesi-bitirme-projesi\/\",\"url\":\"https:\/\/ticaret.edu.tr\/egitim-bilimleri\/tasarim-projesi-bitirme-projesi\/\",\"name\":\"Tasar\u0131m Projesi \/ Bitirme Projesi - E\u011fitim Bilimleri\",\"isPartOf\":{\"@id\":\"https:\/\/ticaret.edu.tr\/egitim-bilimleri\/#website\"},\"datePublished\":\"2025-01-26T22:41:37+00:00\",\"dateModified\":\"2025-10-15T11:31:38+00:00\",\"breadcrumb\":{\"@id\":\"https:\/\/ticaret.edu.tr\/egitim-bilimleri\/tasarim-projesi-bitirme-projesi\/#breadcrumb\"},\"inLanguage\":\"tr\",\"potentialAction\":[{\"@type\":\"ReadAction\",\"target\":[\"https:\/\/ticaret.edu.tr\/egitim-bilimleri\/tasarim-projesi-bitirme-projesi\/\"]}]},{\"@type\":\"BreadcrumbList\",\"@id\":\"https:\/\/ticaret.edu.tr\/egitim-bilimleri\/tasarim-projesi-bitirme-projesi\/#breadcrumb\",\"itemListElement\":[{\"@type\":\"ListItem\",\"position\":1,\"name\":\"Anasayfa\",\"item\":\"https:\/\/ticaret.edu.tr\/egitim-bilimleri\/\"},{\"@type\":\"ListItem\",\"position\":2,\"name\":\"Tasar\u0131m Projesi \/ Bitirme Projesi\"}]},{\"@type\":\"WebSite\",\"@id\":\"https:\/\/ticaret.edu.tr\/egitim-bilimleri\/#website\",\"url\":\"https:\/\/ticaret.edu.tr\/egitim-bilimleri\/\",\"name\":\"E\u011fitim Bilimleri\",\"description\":\"Bir ba\u015fka \u0130stanbul Ticaret \u00dcniversitesi site sitesi\",\"potentialAction\":[{\"@type\":\"SearchAction\",\"target\":{\"@type\":\"EntryPoint\",\"urlTemplate\":\"https:\/\/ticaret.edu.tr\/egitim-bilimleri\/?s={search_term_string}\"},\"query-input\":\"required name=search_term_string\"}],\"inLanguage\":\"tr\"}]}<\/script>\n<!-- \/ Yoast SEO Premium plugin. -->","yoast_head_json":{"title":"Tasar\u0131m Projesi \/ Bitirme Projesi - E\u011fitim Bilimleri","robots":{"index":"index","follow":"follow","max-snippet":"max-snippet:-1","max-image-preview":"max-image-preview:large","max-video-preview":"max-video-preview:-1"},"canonical":"https:\/\/ticaret.edu.tr\/egitim-bilimleri\/tasarim-projesi-bitirme-projesi\/","og_locale":"tr_TR","og_type":"article","og_title":"Tasar\u0131m Projesi \/ Bitirme Projesi","og_description":"D\u00f6nem Projesi, \u00f6\u011frencilerin y\u00fcksek lisans e\u011fitimleri boyunca edindikleri kuramsal bilgi ve uygulama becerilerini bilimsel ara\u015ft\u0131rma temelli bir \u00e7al\u0131\u015fmaya d\u00f6n\u00fc\u015ft\u00fcrmelerini ama\u00e7lar.Bu ders, hem Aile Dan\u0131\u015fmanl\u0131\u011f\u0131 ve E\u011fitimi hem de E\u011fitim Y\u00f6netimi programlar\u0131nda, \u00f6\u011frencilerin ba\u011f\u0131ms\u0131z ara\u015ft\u0131rma y\u00fcr\u00fctme, problem \u00e7\u00f6zme ve akademik raporlama yeterliklerini geli\u015ftirmeyi hedefler. \ud83e\udde0 Aile Dan\u0131\u015fmanl\u0131\u011f\u0131 ve E\u011fitimi Program\u0131 \u0130\u00e7in Bu proje, aile yap\u0131s\u0131, ili\u015fkiler, [&hellip;]","og_url":"https:\/\/ticaret.edu.tr\/egitim-bilimleri\/tasarim-projesi-bitirme-projesi\/","og_site_name":"E\u011fitim Bilimleri","article_publisher":"https:\/\/www.facebook.com\/ticaretedutr","article_modified_time":"2025-10-15T11:31:38+00:00","og_image":[{"width":1250,"height":833,"url":"http:\/\/ticaret.edu.tr\/egitim-bilimleri\/wp-content\/uploads\/sites\/66\/2021\/11\/web_logo-01.jpg","type":"image\/jpeg"}],"twitter_card":"summary_large_image","twitter_site":"@ticaretedutr","twitter_misc":{"Tahmini okuma s\u00fcresi":"2 dakika"},"schema":{"@context":"https:\/\/schema.org","@graph":[{"@type":"WebPage","@id":"https:\/\/ticaret.edu.tr\/egitim-bilimleri\/tasarim-projesi-bitirme-projesi\/","url":"https:\/\/ticaret.edu.tr\/egitim-bilimleri\/tasarim-projesi-bitirme-projesi\/","name":"Tasar\u0131m Projesi \/ Bitirme Projesi - E\u011fitim Bilimleri","isPartOf":{"@id":"https:\/\/ticaret.edu.tr\/egitim-bilimleri\/#website"},"datePublished":"2025-01-26T22:41:37+00:00","dateModified":"2025-10-15T11:31:38+00:00","breadcrumb":{"@id":"https:\/\/ticaret.edu.tr\/egitim-bilimleri\/tasarim-projesi-bitirme-projesi\/#breadcrumb"},"inLanguage":"tr","potentialAction":[{"@type":"ReadAction","target":["https:\/\/ticaret.edu.tr\/egitim-bilimleri\/tasarim-projesi-bitirme-projesi\/"]}]},{"@type":"BreadcrumbList","@id":"https:\/\/ticaret.edu.tr\/egitim-bilimleri\/tasarim-projesi-bitirme-projesi\/#breadcrumb","itemListElement":[{"@type":"ListItem","position":1,"name":"Anasayfa","item":"https:\/\/ticaret.edu.tr\/egitim-bilimleri\/"},{"@type":"ListItem","position":2,"name":"Tasar\u0131m Projesi \/ Bitirme Projesi"}]},{"@type":"WebSite","@id":"https:\/\/ticaret.edu.tr\/egitim-bilimleri\/#website","url":"https:\/\/ticaret.edu.tr\/egitim-bilimleri\/","name":"E\u011fitim Bilimleri","description":"Bir ba\u015fka \u0130stanbul Ticaret \u00dcniversitesi site sitesi","potentialAction":[{"@type":"SearchAction","target":{"@type":"EntryPoint","urlTemplate":"https:\/\/ticaret.edu.tr\/egitim-bilimleri\/?s={search_term_string}"},"query-input":"required name=search_term_string"}],"inLanguage":"tr"}]}},"lang":"tr","translations":{"tr":472},"pll_sync_post":[],"_links":{"self":[{"href":"http:\/\/ticaret.edu.tr\/egitim-bilimleri\/wp-json\/wp\/v2\/pages\/472"}],"collection":[{"href":"http:\/\/ticaret.edu.tr\/egitim-bilimleri\/wp-json\/wp\/v2\/pages"}],"about":[{"href":"http:\/\/ticaret.edu.tr\/egitim-bilimleri\/wp-json\/wp\/v2\/types\/page"}],"author":[{"embeddable":true,"href":"http:\/\/ticaret.edu.tr\/egitim-bilimleri\/wp-json\/wp\/v2\/users\/223"}],"replies":[{"embeddable":true,"href":"http:\/\/ticaret.edu.tr\/egitim-bilimleri\/wp-json\/wp\/v2\/comments?post=472"}],"version-history":[{"count":3,"href":"http:\/\/ticaret.edu.tr\/egitim-bilimleri\/wp-json\/wp\/v2\/pages\/472\/revisions"}],"predecessor-version":[{"id":728,"href":"http:\/\/ticaret.edu.tr\/egitim-bilimleri\/wp-json\/wp\/v2\/pages\/472\/revisions\/728"}],"wp:attachment":[{"href":"http:\/\/ticaret.edu.tr\/egitim-bilimleri\/wp-json\/wp\/v2\/media?parent=472"}],"curies":[{"name":"wp","href":"https:\/\/api.w.org\/{rel}","templated":true}]}}