{"id":474,"date":"2025-01-27T01:41:56","date_gmt":"2025-01-26T22:41:56","guid":{"rendered":"https:\/\/ticaret.edu.tr\/egitim-bilimleri\/?page_id=474"},"modified":"2025-10-15T14:32:30","modified_gmt":"2025-10-15T11:32:30","slug":"staj","status":"publish","type":"page","link":"http:\/\/ticaret.edu.tr\/egitim-bilimleri\/staj\/","title":{"rendered":"Staj"},"content":{"rendered":"<h3 data-start=\"175\" data-end=\"234\">\ud83c\udf93 <strong data-start=\"182\" data-end=\"232\">Pedagojik Formasyon Uygulama Dersi (PEF Staj\u0131)<\/strong><\/h3>\n<p data-start=\"236\" data-end=\"516\">\ud83c\udfaf <strong data-start=\"239\" data-end=\"256\">Dersin Amac\u0131:<\/strong><br data-start=\"256\" data-end=\"259\" \/>Pedagojik Formasyon E\u011fitimi Sertifika Program\u0131 kapsam\u0131nda y\u00fcr\u00fct\u00fclen <strong data-start=\"327\" data-end=\"367\">\u201c\u00d6\u011fretmenlik Uygulamas\u0131 (PEF Staj\u0131)\u201d<\/strong>dersi, \u00f6\u011fretmen adaylar\u0131n\u0131n \u00f6\u011fretim ortamlar\u0131nda <strong data-start=\"417\" data-end=\"449\">ger\u00e7ek deneyim kazanmalar\u0131n\u0131<\/strong> ve <strong data-start=\"453\" data-end=\"505\">kuramsal bilgilerini uygulamaya d\u00f6n\u00fc\u015ft\u00fcrmelerini<\/strong> ama\u00e7lar.<\/p>\n<hr data-start=\"518\" data-end=\"521\" \/>\n<h3 data-start=\"523\" data-end=\"561\">\ud83c\udfeb <strong data-start=\"530\" data-end=\"559\">Uygulama Alan\u0131 ve \u0130\u00e7erik:<\/strong><\/h3>\n<p data-start=\"562\" data-end=\"835\">\ud83d\udccd \u00d6\u011fretmenlik Uygulamas\u0131 dersi, Mill\u00ee E\u011fitim Bakanl\u0131\u011f\u0131\u2019na ba\u011fl\u0131 resmi okullarda y\u00fcr\u00fct\u00fcl\u00fcr.<br data-start=\"653\" data-end=\"656\" \/>\ud83d\udcda \u00d6\u011frenciler, dan\u0131\u015fman \u00f6\u011fretim eleman\u0131 ve okul rehber \u00f6\u011fretmeni (uygulama \u00f6\u011fretmeni) rehberli\u011finde haftal\u0131k planlar do\u011frultusunda g\u00f6zlem ve \u00f6\u011fretim etkinlikleri ger\u00e7ekle\u015ftirir.<\/p>\n<p data-start=\"837\" data-end=\"869\">Uygulama s\u00fcrecinde \u00f6\u011frenciler:<\/p>\n<ul data-start=\"870\" data-end=\"1080\">\n<li data-start=\"870\" data-end=\"900\">\n<p data-start=\"872\" data-end=\"900\">\ud83d\udc40 S\u0131n\u0131f i\u00e7i g\u00f6zlem yapar,<\/p>\n<\/li>\n<li data-start=\"901\" data-end=\"928\">\n<p data-start=\"903\" data-end=\"928\">\u270f\ufe0f Ders plan\u0131 haz\u0131rlar,<\/p>\n<\/li>\n<li data-start=\"929\" data-end=\"985\">\n<p data-start=\"931\" data-end=\"985\">\ud83e\uddd1\u200d\ud83c\udfeb Etkili \u00f6\u011fretim y\u00f6ntem ve tekniklerini uygular,<\/p>\n<\/li>\n<li data-start=\"986\" data-end=\"1038\">\n<p data-start=\"988\" data-end=\"1038\">\ud83d\udcac \u00d6\u011frenci-veli-\u00f6\u011fretmen ileti\u015fimini deneyimler,<\/p>\n<\/li>\n<li data-start=\"1039\" data-end=\"1080\">\n<p data-start=\"1041\" data-end=\"1080\">\ud83d\udcc8 \u00d6\u011fretim s\u00fcre\u00e7lerini de\u011ferlendirir.<\/p>\n<\/li>\n<\/ul>\n<hr data-start=\"1082\" data-end=\"1085\" \/>\n<h3 data-start=\"1087\" data-end=\"1122\">\ud83e\udded <strong data-start=\"1094\" data-end=\"1120\">De\u011ferlendirme ve Ama\u00e7:<\/strong><\/h3>\n<p data-start=\"1123\" data-end=\"1157\">PEF Staj\u0131, \u00f6\u011fretmen adaylar\u0131n\u0131n;<\/p>\n<ul data-start=\"1158\" data-end=\"1392\">\n<li data-start=\"1158\" data-end=\"1191\">\n<p data-start=\"1160\" data-end=\"1191\">E\u011fitim ortam\u0131na uyum sa\u011flama,<\/p>\n<\/li>\n<li data-start=\"1192\" data-end=\"1227\">\n<p data-start=\"1194\" data-end=\"1227\">\u00d6\u011frenci farkl\u0131l\u0131klar\u0131n\u0131 tan\u0131ma,<\/p>\n<\/li>\n<li data-start=\"1228\" data-end=\"1284\">\n<p data-start=\"1230\" data-end=\"1284\">\u00d6\u011fretim s\u00fcrecini planlama, y\u00fcr\u00fctme ve de\u011ferlendirme,<\/p>\n<\/li>\n<li data-start=\"1285\" data-end=\"1392\">\n<p data-start=\"1287\" data-end=\"1392\">Mesleki etik ilkelere ba\u011fl\u0131 \u00e7al\u0131\u015fma<br data-start=\"1322\" data-end=\"1325\" \/>gibi temel <strong data-start=\"1336\" data-end=\"1368\">\u00f6\u011fretmenlik yeterliliklerini<\/strong> kazanmalar\u0131n\u0131 sa\u011flar.<\/p>\n<\/li>\n<\/ul>\n<hr data-start=\"1394\" data-end=\"1397\" \/>\n<h3 data-start=\"1399\" data-end=\"1428\">\ud83d\udcce <strong data-start=\"1406\" data-end=\"1426\">Uygulama S\u00fcreci:<\/strong><\/h3>\n<ul data-start=\"1429\" data-end=\"1749\">\n<li data-start=\"1429\" data-end=\"1542\">\n<p data-start=\"1431\" data-end=\"1542\">Uygulama okullar\u0131, \u00fcniversite taraf\u0131ndan belirlenir ve \u00f6\u011frenciler bu okullarda belirli haftalarda g\u00f6rev al\u0131r.<\/p>\n<\/li>\n<li data-start=\"1543\" data-end=\"1632\">\n<p data-start=\"1545\" data-end=\"1632\">Her \u00f6\u011frenci, s\u00fcreci i\u00e7eren <strong data-start=\"1572\" data-end=\"1596\">uygulama raporlar\u0131n\u0131<\/strong> d\u00fczenli olarak dan\u0131\u015fman\u0131na sunar.<\/p>\n<\/li>\n<li data-start=\"1633\" data-end=\"1749\">\n<p data-start=\"1635\" data-end=\"1749\">Staj sonunda \u00f6\u011frencilerden, g\u00f6zlem ve \u00f6\u011fretim deneyimlerini yans\u0131tan <strong data-start=\"1704\" data-end=\"1723\">PEF Staj Raporu<\/strong> haz\u0131rlamalar\u0131 beklenir.<\/p>\n<\/li>\n<\/ul>\n","protected":false},"excerpt":{"rendered":"<p>\ud83c\udf93 Pedagojik Formasyon Uygulama Dersi (PEF Staj\u0131) \ud83c\udfaf Dersin Amac\u0131:Pedagojik Formasyon E\u011fitimi Sertifika Program\u0131 kapsam\u0131nda y\u00fcr\u00fct\u00fclen \u201c\u00d6\u011fretmenlik Uygulamas\u0131 (PEF Staj\u0131)\u201ddersi, \u00f6\u011fretmen adaylar\u0131n\u0131n \u00f6\u011fretim ortamlar\u0131nda ger\u00e7ek deneyim kazanmalar\u0131n\u0131 ve kuramsal bilgilerini uygulamaya d\u00f6n\u00fc\u015ft\u00fcrmelerini ama\u00e7lar. \ud83c\udfeb Uygulama Alan\u0131 ve \u0130\u00e7erik: \ud83d\udccd \u00d6\u011fretmenlik Uygulamas\u0131 dersi, Mill\u00ee E\u011fitim Bakanl\u0131\u011f\u0131\u2019na ba\u011fl\u0131 resmi okullarda y\u00fcr\u00fct\u00fcl\u00fcr.\ud83d\udcda \u00d6\u011frenciler, dan\u0131\u015fman \u00f6\u011fretim eleman\u0131 ve okul [&hellip;]<\/p>\n","protected":false},"author":223,"featured_media":0,"parent":0,"menu_order":0,"comment_status":"closed","ping_status":"closed","template":"genel_sayfa.php","meta":{"footnotes":""},"yoast_head":"<!-- This site is optimized with the Yoast SEO Premium plugin v22.1 (Yoast SEO v22.1) - https:\/\/yoast.com\/wordpress\/plugins\/seo\/ -->\n<title>Staj - E\u011fitim Bilimleri<\/title>\n<meta name=\"robots\" content=\"index, follow, max-snippet:-1, max-image-preview:large, max-video-preview:-1\" \/>\n<link rel=\"canonical\" href=\"https:\/\/ticaret.edu.tr\/egitim-bilimleri\/staj\/\" \/>\n<meta property=\"og:locale\" content=\"tr_TR\" \/>\n<meta property=\"og:type\" content=\"article\" \/>\n<meta property=\"og:title\" content=\"Staj\" \/>\n<meta property=\"og:description\" content=\"\ud83c\udf93 Pedagojik Formasyon Uygulama Dersi (PEF Staj\u0131) \ud83c\udfaf Dersin Amac\u0131:Pedagojik Formasyon E\u011fitimi Sertifika Program\u0131 kapsam\u0131nda y\u00fcr\u00fct\u00fclen \u201c\u00d6\u011fretmenlik Uygulamas\u0131 (PEF Staj\u0131)\u201ddersi, \u00f6\u011fretmen adaylar\u0131n\u0131n \u00f6\u011fretim ortamlar\u0131nda ger\u00e7ek deneyim kazanmalar\u0131n\u0131 ve kuramsal bilgilerini uygulamaya d\u00f6n\u00fc\u015ft\u00fcrmelerini ama\u00e7lar. \ud83c\udfeb Uygulama Alan\u0131 ve \u0130\u00e7erik: \ud83d\udccd \u00d6\u011fretmenlik Uygulamas\u0131 dersi, Mill\u00ee E\u011fitim Bakanl\u0131\u011f\u0131\u2019na ba\u011fl\u0131 resmi okullarda y\u00fcr\u00fct\u00fcl\u00fcr.\ud83d\udcda \u00d6\u011frenciler, dan\u0131\u015fman \u00f6\u011fretim eleman\u0131 ve okul [&hellip;]\" \/>\n<meta property=\"og:url\" content=\"https:\/\/ticaret.edu.tr\/egitim-bilimleri\/staj\/\" \/>\n<meta property=\"og:site_name\" content=\"E\u011fitim Bilimleri\" \/>\n<meta property=\"article:publisher\" content=\"https:\/\/www.facebook.com\/ticaretedutr\" \/>\n<meta property=\"article:modified_time\" content=\"2025-10-15T11:32:30+00:00\" \/>\n<meta property=\"og:image\" content=\"http:\/\/ticaret.edu.tr\/egitim-bilimleri\/wp-content\/uploads\/sites\/66\/2021\/11\/web_logo-01.jpg\" \/>\n\t<meta property=\"og:image:width\" content=\"1250\" \/>\n\t<meta property=\"og:image:height\" content=\"833\" \/>\n\t<meta property=\"og:image:type\" content=\"image\/jpeg\" \/>\n<meta name=\"twitter:card\" content=\"summary_large_image\" \/>\n<meta name=\"twitter:site\" content=\"@ticaretedutr\" \/>\n<meta name=\"twitter:label1\" content=\"Tahmini okuma s\u00fcresi\" \/>\n\t<meta name=\"twitter:data1\" content=\"2 dakika\" \/>\n<script type=\"application\/ld+json\" class=\"yoast-schema-graph\">{\"@context\":\"https:\/\/schema.org\",\"@graph\":[{\"@type\":\"WebPage\",\"@id\":\"https:\/\/ticaret.edu.tr\/egitim-bilimleri\/staj\/\",\"url\":\"https:\/\/ticaret.edu.tr\/egitim-bilimleri\/staj\/\",\"name\":\"Staj - E\u011fitim Bilimleri\",\"isPartOf\":{\"@id\":\"https:\/\/ticaret.edu.tr\/egitim-bilimleri\/#website\"},\"datePublished\":\"2025-01-26T22:41:56+00:00\",\"dateModified\":\"2025-10-15T11:32:30+00:00\",\"breadcrumb\":{\"@id\":\"https:\/\/ticaret.edu.tr\/egitim-bilimleri\/staj\/#breadcrumb\"},\"inLanguage\":\"tr\",\"potentialAction\":[{\"@type\":\"ReadAction\",\"target\":[\"https:\/\/ticaret.edu.tr\/egitim-bilimleri\/staj\/\"]}]},{\"@type\":\"BreadcrumbList\",\"@id\":\"https:\/\/ticaret.edu.tr\/egitim-bilimleri\/staj\/#breadcrumb\",\"itemListElement\":[{\"@type\":\"ListItem\",\"position\":1,\"name\":\"Anasayfa\",\"item\":\"https:\/\/ticaret.edu.tr\/egitim-bilimleri\/\"},{\"@type\":\"ListItem\",\"position\":2,\"name\":\"Staj\"}]},{\"@type\":\"WebSite\",\"@id\":\"https:\/\/ticaret.edu.tr\/egitim-bilimleri\/#website\",\"url\":\"https:\/\/ticaret.edu.tr\/egitim-bilimleri\/\",\"name\":\"E\u011fitim Bilimleri\",\"description\":\"Bir ba\u015fka \u0130stanbul Ticaret \u00dcniversitesi site sitesi\",\"potentialAction\":[{\"@type\":\"SearchAction\",\"target\":{\"@type\":\"EntryPoint\",\"urlTemplate\":\"https:\/\/ticaret.edu.tr\/egitim-bilimleri\/?s={search_term_string}\"},\"query-input\":\"required name=search_term_string\"}],\"inLanguage\":\"tr\"}]}<\/script>\n<!-- \/ Yoast SEO Premium plugin. -->","yoast_head_json":{"title":"Staj - E\u011fitim Bilimleri","robots":{"index":"index","follow":"follow","max-snippet":"max-snippet:-1","max-image-preview":"max-image-preview:large","max-video-preview":"max-video-preview:-1"},"canonical":"https:\/\/ticaret.edu.tr\/egitim-bilimleri\/staj\/","og_locale":"tr_TR","og_type":"article","og_title":"Staj","og_description":"\ud83c\udf93 Pedagojik Formasyon Uygulama Dersi (PEF Staj\u0131) \ud83c\udfaf Dersin Amac\u0131:Pedagojik Formasyon E\u011fitimi Sertifika Program\u0131 kapsam\u0131nda y\u00fcr\u00fct\u00fclen \u201c\u00d6\u011fretmenlik Uygulamas\u0131 (PEF Staj\u0131)\u201ddersi, \u00f6\u011fretmen adaylar\u0131n\u0131n \u00f6\u011fretim ortamlar\u0131nda ger\u00e7ek deneyim kazanmalar\u0131n\u0131 ve kuramsal bilgilerini uygulamaya d\u00f6n\u00fc\u015ft\u00fcrmelerini ama\u00e7lar. \ud83c\udfeb Uygulama Alan\u0131 ve \u0130\u00e7erik: \ud83d\udccd \u00d6\u011fretmenlik Uygulamas\u0131 dersi, Mill\u00ee E\u011fitim Bakanl\u0131\u011f\u0131\u2019na ba\u011fl\u0131 resmi okullarda y\u00fcr\u00fct\u00fcl\u00fcr.\ud83d\udcda \u00d6\u011frenciler, dan\u0131\u015fman \u00f6\u011fretim eleman\u0131 ve okul [&hellip;]","og_url":"https:\/\/ticaret.edu.tr\/egitim-bilimleri\/staj\/","og_site_name":"E\u011fitim Bilimleri","article_publisher":"https:\/\/www.facebook.com\/ticaretedutr","article_modified_time":"2025-10-15T11:32:30+00:00","og_image":[{"width":1250,"height":833,"url":"http:\/\/ticaret.edu.tr\/egitim-bilimleri\/wp-content\/uploads\/sites\/66\/2021\/11\/web_logo-01.jpg","type":"image\/jpeg"}],"twitter_card":"summary_large_image","twitter_site":"@ticaretedutr","twitter_misc":{"Tahmini okuma s\u00fcresi":"2 dakika"},"schema":{"@context":"https:\/\/schema.org","@graph":[{"@type":"WebPage","@id":"https:\/\/ticaret.edu.tr\/egitim-bilimleri\/staj\/","url":"https:\/\/ticaret.edu.tr\/egitim-bilimleri\/staj\/","name":"Staj - E\u011fitim Bilimleri","isPartOf":{"@id":"https:\/\/ticaret.edu.tr\/egitim-bilimleri\/#website"},"datePublished":"2025-01-26T22:41:56+00:00","dateModified":"2025-10-15T11:32:30+00:00","breadcrumb":{"@id":"https:\/\/ticaret.edu.tr\/egitim-bilimleri\/staj\/#breadcrumb"},"inLanguage":"tr","potentialAction":[{"@type":"ReadAction","target":["https:\/\/ticaret.edu.tr\/egitim-bilimleri\/staj\/"]}]},{"@type":"BreadcrumbList","@id":"https:\/\/ticaret.edu.tr\/egitim-bilimleri\/staj\/#breadcrumb","itemListElement":[{"@type":"ListItem","position":1,"name":"Anasayfa","item":"https:\/\/ticaret.edu.tr\/egitim-bilimleri\/"},{"@type":"ListItem","position":2,"name":"Staj"}]},{"@type":"WebSite","@id":"https:\/\/ticaret.edu.tr\/egitim-bilimleri\/#website","url":"https:\/\/ticaret.edu.tr\/egitim-bilimleri\/","name":"E\u011fitim Bilimleri","description":"Bir ba\u015fka \u0130stanbul Ticaret \u00dcniversitesi site sitesi","potentialAction":[{"@type":"SearchAction","target":{"@type":"EntryPoint","urlTemplate":"https:\/\/ticaret.edu.tr\/egitim-bilimleri\/?s={search_term_string}"},"query-input":"required name=search_term_string"}],"inLanguage":"tr"}]}},"lang":"tr","translations":{"tr":474},"pll_sync_post":[],"_links":{"self":[{"href":"http:\/\/ticaret.edu.tr\/egitim-bilimleri\/wp-json\/wp\/v2\/pages\/474"}],"collection":[{"href":"http:\/\/ticaret.edu.tr\/egitim-bilimleri\/wp-json\/wp\/v2\/pages"}],"about":[{"href":"http:\/\/ticaret.edu.tr\/egitim-bilimleri\/wp-json\/wp\/v2\/types\/page"}],"author":[{"embeddable":true,"href":"http:\/\/ticaret.edu.tr\/egitim-bilimleri\/wp-json\/wp\/v2\/users\/223"}],"replies":[{"embeddable":true,"href":"http:\/\/ticaret.edu.tr\/egitim-bilimleri\/wp-json\/wp\/v2\/comments?post=474"}],"version-history":[{"count":2,"href":"http:\/\/ticaret.edu.tr\/egitim-bilimleri\/wp-json\/wp\/v2\/pages\/474\/revisions"}],"predecessor-version":[{"id":729,"href":"http:\/\/ticaret.edu.tr\/egitim-bilimleri\/wp-json\/wp\/v2\/pages\/474\/revisions\/729"}],"wp:attachment":[{"href":"http:\/\/ticaret.edu.tr\/egitim-bilimleri\/wp-json\/wp\/v2\/media?parent=474"}],"curies":[{"name":"wp","href":"https:\/\/api.w.org\/{rel}","templated":true}]}}