{"id":478,"date":"2025-01-27T01:42:17","date_gmt":"2025-01-26T22:42:17","guid":{"rendered":"https:\/\/ticaret.edu.tr\/egitim-bilimleri\/?page_id=478"},"modified":"2025-10-15T13:49:37","modified_gmt":"2025-10-15T10:49:37","slug":"lisansustu-yonetmelikler","status":"publish","type":"page","link":"http:\/\/ticaret.edu.tr\/egitim-bilimleri\/lisansustu-yonetmelikler\/","title":{"rendered":"Y\u00f6netmelikler"},"content":{"rendered":"<p data-start=\"104\" data-end=\"348\">\u0130stanbul Ticaret \u00dcniversitesi <strong data-start=\"134\" data-end=\"161\">E\u011fitim Bilimleri B\u00f6l\u00fcm\u00fc<\/strong> b\u00fcnyesinde y\u00fcr\u00fct\u00fclen t\u00fcm lisans\u00fcst\u00fc programlarda, akademik ve idari s\u00fcre\u00e7ler <strong data-start=\"239\" data-end=\"312\">\u0130stanbul Ticaret \u00dcniversitesi Lisans\u00fcst\u00fc E\u011fitim Enstit\u00fcs\u00fc Y\u00f6netmeli\u011fi<\/strong> h\u00fck\u00fcmlerine g\u00f6re y\u00fcr\u00fct\u00fclmektedir.<\/p>\n<p data-start=\"350\" data-end=\"537\">Programlara kabul, derslerin y\u00fcr\u00fct\u00fclmesi, \u00f6l\u00e7me ve de\u011ferlendirme esaslar\u0131, tez ve proje s\u00fcre\u00e7leri ile mezuniyet ko\u015fullar\u0131 ilgili y\u00f6netmelikte belirtilen esaslar do\u011frultusunda uygulan\u0131r.<\/p>\n<p data-start=\"539\" data-end=\"667\">G\u00fcncel y\u00f6netmelik metnine <a href=\"http:\/\/ticaret.edu.tr\/matematik\/wp-content\/uploads\/sites\/29\/2025\/01\/ISTANBUL-TICARET-UNIVERSITESI-LISANSUSTU-EGITIM-VE-OGRETIM-YONETMELIGI.pdf\"><strong data-start=\"565\" data-end=\"626\">\u0130stanbul Ticaret \u00dcniversitesi Lisans\u00fcst\u00fc E\u011fitim Enstit\u00fcs\u00fc<\/strong><\/a> web sayfas\u0131 \u00fczerinden ula\u015fabilirsiniz.<\/p>\n","protected":false},"excerpt":{"rendered":"<p>\u0130stanbul Ticaret \u00dcniversitesi E\u011fitim Bilimleri B\u00f6l\u00fcm\u00fc b\u00fcnyesinde y\u00fcr\u00fct\u00fclen t\u00fcm lisans\u00fcst\u00fc programlarda, akademik ve idari s\u00fcre\u00e7ler \u0130stanbul Ticaret \u00dcniversitesi Lisans\u00fcst\u00fc E\u011fitim Enstit\u00fcs\u00fc Y\u00f6netmeli\u011fi h\u00fck\u00fcmlerine g\u00f6re y\u00fcr\u00fct\u00fclmektedir. Programlara kabul, derslerin y\u00fcr\u00fct\u00fclmesi, \u00f6l\u00e7me ve de\u011ferlendirme esaslar\u0131, tez ve proje s\u00fcre\u00e7leri ile mezuniyet ko\u015fullar\u0131 ilgili y\u00f6netmelikte belirtilen esaslar do\u011frultusunda uygulan\u0131r. G\u00fcncel y\u00f6netmelik metnine \u0130stanbul Ticaret \u00dcniversitesi Lisans\u00fcst\u00fc E\u011fitim Enstit\u00fcs\u00fc [&hellip;]<\/p>\n","protected":false},"author":223,"featured_media":0,"parent":0,"menu_order":0,"comment_status":"closed","ping_status":"closed","template":"genel_sayfa.php","meta":{"footnotes":""},"yoast_head":"<!-- This site is optimized with the Yoast SEO Premium plugin v22.1 (Yoast SEO v22.1) - https:\/\/yoast.com\/wordpress\/plugins\/seo\/ -->\n<title>Y\u00f6netmelikler - E\u011fitim Bilimleri<\/title>\n<meta name=\"robots\" content=\"index, follow, max-snippet:-1, max-image-preview:large, max-video-preview:-1\" \/>\n<link rel=\"canonical\" href=\"https:\/\/ticaret.edu.tr\/egitim-bilimleri\/lisansustu-yonetmelikler\/\" \/>\n<meta property=\"og:locale\" content=\"tr_TR\" \/>\n<meta property=\"og:type\" content=\"article\" \/>\n<meta property=\"og:title\" content=\"Y\u00f6netmelikler\" \/>\n<meta property=\"og:description\" content=\"\u0130stanbul Ticaret \u00dcniversitesi E\u011fitim Bilimleri B\u00f6l\u00fcm\u00fc b\u00fcnyesinde y\u00fcr\u00fct\u00fclen t\u00fcm lisans\u00fcst\u00fc programlarda, akademik ve idari s\u00fcre\u00e7ler \u0130stanbul Ticaret \u00dcniversitesi Lisans\u00fcst\u00fc E\u011fitim Enstit\u00fcs\u00fc Y\u00f6netmeli\u011fi h\u00fck\u00fcmlerine g\u00f6re y\u00fcr\u00fct\u00fclmektedir. Programlara kabul, derslerin y\u00fcr\u00fct\u00fclmesi, \u00f6l\u00e7me ve de\u011ferlendirme esaslar\u0131, tez ve proje s\u00fcre\u00e7leri ile mezuniyet ko\u015fullar\u0131 ilgili y\u00f6netmelikte belirtilen esaslar do\u011frultusunda uygulan\u0131r. G\u00fcncel y\u00f6netmelik metnine \u0130stanbul Ticaret \u00dcniversitesi Lisans\u00fcst\u00fc E\u011fitim Enstit\u00fcs\u00fc [&hellip;]\" \/>\n<meta property=\"og:url\" content=\"https:\/\/ticaret.edu.tr\/egitim-bilimleri\/lisansustu-yonetmelikler\/\" \/>\n<meta property=\"og:site_name\" content=\"E\u011fitim Bilimleri\" \/>\n<meta property=\"article:publisher\" content=\"https:\/\/www.facebook.com\/ticaretedutr\" \/>\n<meta property=\"article:modified_time\" content=\"2025-10-15T10:49:37+00:00\" \/>\n<meta property=\"og:image\" content=\"http:\/\/ticaret.edu.tr\/egitim-bilimleri\/wp-content\/uploads\/sites\/66\/2021\/11\/web_logo-01.jpg\" \/>\n\t<meta property=\"og:image:width\" content=\"1250\" \/>\n\t<meta property=\"og:image:height\" content=\"833\" \/>\n\t<meta property=\"og:image:type\" content=\"image\/jpeg\" \/>\n<meta name=\"twitter:card\" content=\"summary_large_image\" \/>\n<meta name=\"twitter:site\" content=\"@ticaretedutr\" \/>\n<meta name=\"twitter:label1\" content=\"Tahmini okuma s\u00fcresi\" \/>\n\t<meta name=\"twitter:data1\" content=\"1 dakika\" \/>\n<script type=\"application\/ld+json\" class=\"yoast-schema-graph\">{\"@context\":\"https:\/\/schema.org\",\"@graph\":[{\"@type\":\"WebPage\",\"@id\":\"https:\/\/ticaret.edu.tr\/egitim-bilimleri\/lisansustu-yonetmelikler\/\",\"url\":\"https:\/\/ticaret.edu.tr\/egitim-bilimleri\/lisansustu-yonetmelikler\/\",\"name\":\"Y\u00f6netmelikler - E\u011fitim Bilimleri\",\"isPartOf\":{\"@id\":\"https:\/\/ticaret.edu.tr\/egitim-bilimleri\/#website\"},\"datePublished\":\"2025-01-26T22:42:17+00:00\",\"dateModified\":\"2025-10-15T10:49:37+00:00\",\"breadcrumb\":{\"@id\":\"https:\/\/ticaret.edu.tr\/egitim-bilimleri\/lisansustu-yonetmelikler\/#breadcrumb\"},\"inLanguage\":\"tr\",\"potentialAction\":[{\"@type\":\"ReadAction\",\"target\":[\"https:\/\/ticaret.edu.tr\/egitim-bilimleri\/lisansustu-yonetmelikler\/\"]}]},{\"@type\":\"BreadcrumbList\",\"@id\":\"https:\/\/ticaret.edu.tr\/egitim-bilimleri\/lisansustu-yonetmelikler\/#breadcrumb\",\"itemListElement\":[{\"@type\":\"ListItem\",\"position\":1,\"name\":\"Anasayfa\",\"item\":\"https:\/\/ticaret.edu.tr\/egitim-bilimleri\/\"},{\"@type\":\"ListItem\",\"position\":2,\"name\":\"Y\u00f6netmelikler\"}]},{\"@type\":\"WebSite\",\"@id\":\"https:\/\/ticaret.edu.tr\/egitim-bilimleri\/#website\",\"url\":\"https:\/\/ticaret.edu.tr\/egitim-bilimleri\/\",\"name\":\"E\u011fitim Bilimleri\",\"description\":\"Bir ba\u015fka \u0130stanbul Ticaret \u00dcniversitesi site sitesi\",\"potentialAction\":[{\"@type\":\"SearchAction\",\"target\":{\"@type\":\"EntryPoint\",\"urlTemplate\":\"https:\/\/ticaret.edu.tr\/egitim-bilimleri\/?s={search_term_string}\"},\"query-input\":\"required name=search_term_string\"}],\"inLanguage\":\"tr\"}]}<\/script>\n<!-- \/ Yoast SEO Premium plugin. -->","yoast_head_json":{"title":"Y\u00f6netmelikler - E\u011fitim Bilimleri","robots":{"index":"index","follow":"follow","max-snippet":"max-snippet:-1","max-image-preview":"max-image-preview:large","max-video-preview":"max-video-preview:-1"},"canonical":"https:\/\/ticaret.edu.tr\/egitim-bilimleri\/lisansustu-yonetmelikler\/","og_locale":"tr_TR","og_type":"article","og_title":"Y\u00f6netmelikler","og_description":"\u0130stanbul Ticaret \u00dcniversitesi E\u011fitim Bilimleri B\u00f6l\u00fcm\u00fc b\u00fcnyesinde y\u00fcr\u00fct\u00fclen t\u00fcm lisans\u00fcst\u00fc programlarda, akademik ve idari s\u00fcre\u00e7ler \u0130stanbul Ticaret \u00dcniversitesi Lisans\u00fcst\u00fc E\u011fitim Enstit\u00fcs\u00fc Y\u00f6netmeli\u011fi h\u00fck\u00fcmlerine g\u00f6re y\u00fcr\u00fct\u00fclmektedir. Programlara kabul, derslerin y\u00fcr\u00fct\u00fclmesi, \u00f6l\u00e7me ve de\u011ferlendirme esaslar\u0131, tez ve proje s\u00fcre\u00e7leri ile mezuniyet ko\u015fullar\u0131 ilgili y\u00f6netmelikte belirtilen esaslar do\u011frultusunda uygulan\u0131r. G\u00fcncel y\u00f6netmelik metnine \u0130stanbul Ticaret \u00dcniversitesi Lisans\u00fcst\u00fc E\u011fitim Enstit\u00fcs\u00fc [&hellip;]","og_url":"https:\/\/ticaret.edu.tr\/egitim-bilimleri\/lisansustu-yonetmelikler\/","og_site_name":"E\u011fitim Bilimleri","article_publisher":"https:\/\/www.facebook.com\/ticaretedutr","article_modified_time":"2025-10-15T10:49:37+00:00","og_image":[{"width":1250,"height":833,"url":"http:\/\/ticaret.edu.tr\/egitim-bilimleri\/wp-content\/uploads\/sites\/66\/2021\/11\/web_logo-01.jpg","type":"image\/jpeg"}],"twitter_card":"summary_large_image","twitter_site":"@ticaretedutr","twitter_misc":{"Tahmini okuma s\u00fcresi":"1 dakika"},"schema":{"@context":"https:\/\/schema.org","@graph":[{"@type":"WebPage","@id":"https:\/\/ticaret.edu.tr\/egitim-bilimleri\/lisansustu-yonetmelikler\/","url":"https:\/\/ticaret.edu.tr\/egitim-bilimleri\/lisansustu-yonetmelikler\/","name":"Y\u00f6netmelikler - E\u011fitim Bilimleri","isPartOf":{"@id":"https:\/\/ticaret.edu.tr\/egitim-bilimleri\/#website"},"datePublished":"2025-01-26T22:42:17+00:00","dateModified":"2025-10-15T10:49:37+00:00","breadcrumb":{"@id":"https:\/\/ticaret.edu.tr\/egitim-bilimleri\/lisansustu-yonetmelikler\/#breadcrumb"},"inLanguage":"tr","potentialAction":[{"@type":"ReadAction","target":["https:\/\/ticaret.edu.tr\/egitim-bilimleri\/lisansustu-yonetmelikler\/"]}]},{"@type":"BreadcrumbList","@id":"https:\/\/ticaret.edu.tr\/egitim-bilimleri\/lisansustu-yonetmelikler\/#breadcrumb","itemListElement":[{"@type":"ListItem","position":1,"name":"Anasayfa","item":"https:\/\/ticaret.edu.tr\/egitim-bilimleri\/"},{"@type":"ListItem","position":2,"name":"Y\u00f6netmelikler"}]},{"@type":"WebSite","@id":"https:\/\/ticaret.edu.tr\/egitim-bilimleri\/#website","url":"https:\/\/ticaret.edu.tr\/egitim-bilimleri\/","name":"E\u011fitim Bilimleri","description":"Bir ba\u015fka \u0130stanbul Ticaret \u00dcniversitesi site sitesi","potentialAction":[{"@type":"SearchAction","target":{"@type":"EntryPoint","urlTemplate":"https:\/\/ticaret.edu.tr\/egitim-bilimleri\/?s={search_term_string}"},"query-input":"required name=search_term_string"}],"inLanguage":"tr"}]}},"lang":"tr","translations":{"tr":478},"pll_sync_post":[],"_links":{"self":[{"href":"http:\/\/ticaret.edu.tr\/egitim-bilimleri\/wp-json\/wp\/v2\/pages\/478"}],"collection":[{"href":"http:\/\/ticaret.edu.tr\/egitim-bilimleri\/wp-json\/wp\/v2\/pages"}],"about":[{"href":"http:\/\/ticaret.edu.tr\/egitim-bilimleri\/wp-json\/wp\/v2\/types\/page"}],"author":[{"embeddable":true,"href":"http:\/\/ticaret.edu.tr\/egitim-bilimleri\/wp-json\/wp\/v2\/users\/223"}],"replies":[{"embeddable":true,"href":"http:\/\/ticaret.edu.tr\/egitim-bilimleri\/wp-json\/wp\/v2\/comments?post=478"}],"version-history":[{"count":2,"href":"http:\/\/ticaret.edu.tr\/egitim-bilimleri\/wp-json\/wp\/v2\/pages\/478\/revisions"}],"predecessor-version":[{"id":713,"href":"http:\/\/ticaret.edu.tr\/egitim-bilimleri\/wp-json\/wp\/v2\/pages\/478\/revisions\/713"}],"wp:attachment":[{"href":"http:\/\/ticaret.edu.tr\/egitim-bilimleri\/wp-json\/wp\/v2\/media?parent=478"}],"curies":[{"name":"wp","href":"https:\/\/api.w.org\/{rel}","templated":true}]}}