{"id":482,"date":"2025-01-27T01:43:27","date_gmt":"2025-01-26T22:43:27","guid":{"rendered":"https:\/\/ticaret.edu.tr\/egitim-bilimleri\/?page_id=482"},"modified":"2025-10-15T14:42:46","modified_gmt":"2025-10-15T11:42:46","slug":"basvuru-kosullari","status":"publish","type":"page","link":"http:\/\/ticaret.edu.tr\/egitim-bilimleri\/basvuru-kosullari\/","title":{"rendered":"Ba\u015fvuru Ko\u015fullar\u0131"},"content":{"rendered":"<div class=\"container page-content\">\n<div class=\"row\">\n<div class=\"col-12 col-md-8 py-3 d-flex flex-column\">\n<div>\n<div class=\"bolum-icerik\">\n<h3>Aile Dan\u0131\u015fmanl\u0131\u011f\u0131 ve E\u011fitimi Ba\u015fvuru Ko\u015fullar\u0131<\/h3>\n<ul>\n<li>Tezli Y\u00fcksek Lisans Programlar\u0131 i\u00e7in ALES Puan T\u00fcr\u00fcnden en az 55 puan<\/li>\n<li>Tezsiz Y\u00fcksek Lisans Programlar\u0131 i\u00e7in ALES ko\u015fulunun aranmamas\u0131<\/li>\n<li>Tezli Y\u00fcksek Lisans Programlar\u0131na \u201c\u00d6zel \u00d6\u011frenci\u201d ba\u015fvurular\u0131n\u0131n kabul edilmemesi<\/li>\n<li>Erkek adaylar i\u00e7in; Askerlik Terhis veya Tecil Belgesinin ibraz edilmesi<\/li>\n<li>04.09.2012 tarihli 28401 say\u0131l\u0131 Resmi Gazete\u2019de yay\u0131mlanan Aile ve Sosyal Politikalar Bakanl\u0131\u011f\u0131 Ger\u00e7ek Ki\u015filer ve \u00d6zel Hukuk T\u00fczel Ki\u015fileri ile Kamu Kurum ve Kurulu\u015flar\u0131nca A\u00e7\u0131lacak Aile Dan\u0131\u015fma Merkezleri Y\u00f6netmeli\u011fi ile belirlenen lisans alanlar\u0131ndan birinden mezun olmak. \u0130lgili alanlar: Sosyal hizmet, psikoloji, sosyoloji, psikolojik dan\u0131\u015fmanl\u0131k ve rehberlik, t\u0131p, hem\u015firelik ve \u00e7ocuk geli\u015fimi.<\/li>\n<\/ul>\n<\/div>\n<\/div>\n<\/div>\n<\/div>\n<\/div>\n<footer class=\"py-4\">\n<div class=\"container-xxl px-5\">\n<div class=\"row g-0 mb-3\">\n<div class=\"col-12 mb-4 d-flex align-items-center justify-content-between\"><\/div>\n<div class=\"col-12 col-lg-5 mb-3\"><\/div>\n<\/div>\n<\/div>\n<\/footer>\n","protected":false},"excerpt":{"rendered":"<p>Aile Dan\u0131\u015fmanl\u0131\u011f\u0131 ve E\u011fitimi Ba\u015fvuru Ko\u015fullar\u0131 Tezli Y\u00fcksek Lisans Programlar\u0131 i\u00e7in ALES Puan T\u00fcr\u00fcnden en az 55 puan Tezsiz Y\u00fcksek Lisans Programlar\u0131 i\u00e7in ALES ko\u015fulunun aranmamas\u0131 Tezli Y\u00fcksek Lisans Programlar\u0131na \u201c\u00d6zel \u00d6\u011frenci\u201d ba\u015fvurular\u0131n\u0131n kabul edilmemesi Erkek adaylar i\u00e7in; Askerlik Terhis veya Tecil Belgesinin ibraz edilmesi 04.09.2012 tarihli 28401 say\u0131l\u0131 Resmi Gazete\u2019de yay\u0131mlanan Aile ve Sosyal [&hellip;]<\/p>\n","protected":false},"author":223,"featured_media":0,"parent":0,"menu_order":0,"comment_status":"closed","ping_status":"closed","template":"genel_sayfa.php","meta":{"footnotes":""},"yoast_head":"<!-- This site is optimized with the Yoast SEO Premium plugin v22.1 (Yoast SEO v22.1) - https:\/\/yoast.com\/wordpress\/plugins\/seo\/ -->\n<title>Ba\u015fvuru Ko\u015fullar\u0131 - E\u011fitim Bilimleri<\/title>\n<meta name=\"robots\" content=\"index, follow, max-snippet:-1, max-image-preview:large, max-video-preview:-1\" \/>\n<link rel=\"canonical\" href=\"https:\/\/ticaret.edu.tr\/egitim-bilimleri\/basvuru-kosullari\/\" \/>\n<meta property=\"og:locale\" content=\"tr_TR\" \/>\n<meta property=\"og:type\" content=\"article\" \/>\n<meta property=\"og:title\" content=\"Ba\u015fvuru Ko\u015fullar\u0131\" \/>\n<meta property=\"og:description\" content=\"Aile Dan\u0131\u015fmanl\u0131\u011f\u0131 ve E\u011fitimi Ba\u015fvuru Ko\u015fullar\u0131 Tezli Y\u00fcksek Lisans Programlar\u0131 i\u00e7in ALES Puan T\u00fcr\u00fcnden en az 55 puan Tezsiz Y\u00fcksek Lisans Programlar\u0131 i\u00e7in ALES ko\u015fulunun aranmamas\u0131 Tezli Y\u00fcksek Lisans Programlar\u0131na \u201c\u00d6zel \u00d6\u011frenci\u201d ba\u015fvurular\u0131n\u0131n kabul edilmemesi Erkek adaylar i\u00e7in; Askerlik Terhis veya Tecil Belgesinin ibraz edilmesi 04.09.2012 tarihli 28401 say\u0131l\u0131 Resmi Gazete\u2019de yay\u0131mlanan Aile ve Sosyal [&hellip;]\" \/>\n<meta property=\"og:url\" content=\"https:\/\/ticaret.edu.tr\/egitim-bilimleri\/basvuru-kosullari\/\" \/>\n<meta property=\"og:site_name\" content=\"E\u011fitim Bilimleri\" \/>\n<meta property=\"article:publisher\" content=\"https:\/\/www.facebook.com\/ticaretedutr\" \/>\n<meta property=\"article:modified_time\" content=\"2025-10-15T11:42:46+00:00\" \/>\n<meta property=\"og:image\" content=\"http:\/\/ticaret.edu.tr\/egitim-bilimleri\/wp-content\/uploads\/sites\/66\/2021\/11\/web_logo-01.jpg\" \/>\n\t<meta property=\"og:image:width\" content=\"1250\" \/>\n\t<meta property=\"og:image:height\" content=\"833\" \/>\n\t<meta property=\"og:image:type\" content=\"image\/jpeg\" \/>\n<meta name=\"twitter:card\" content=\"summary_large_image\" \/>\n<meta name=\"twitter:site\" content=\"@ticaretedutr\" \/>\n<meta name=\"twitter:label1\" content=\"Tahmini okuma s\u00fcresi\" \/>\n\t<meta name=\"twitter:data1\" content=\"1 dakika\" \/>\n<script type=\"application\/ld+json\" class=\"yoast-schema-graph\">{\"@context\":\"https:\/\/schema.org\",\"@graph\":[{\"@type\":\"WebPage\",\"@id\":\"https:\/\/ticaret.edu.tr\/egitim-bilimleri\/basvuru-kosullari\/\",\"url\":\"https:\/\/ticaret.edu.tr\/egitim-bilimleri\/basvuru-kosullari\/\",\"name\":\"Ba\u015fvuru Ko\u015fullar\u0131 - E\u011fitim Bilimleri\",\"isPartOf\":{\"@id\":\"https:\/\/ticaret.edu.tr\/egitim-bilimleri\/#website\"},\"datePublished\":\"2025-01-26T22:43:27+00:00\",\"dateModified\":\"2025-10-15T11:42:46+00:00\",\"breadcrumb\":{\"@id\":\"https:\/\/ticaret.edu.tr\/egitim-bilimleri\/basvuru-kosullari\/#breadcrumb\"},\"inLanguage\":\"tr\",\"potentialAction\":[{\"@type\":\"ReadAction\",\"target\":[\"https:\/\/ticaret.edu.tr\/egitim-bilimleri\/basvuru-kosullari\/\"]}]},{\"@type\":\"BreadcrumbList\",\"@id\":\"https:\/\/ticaret.edu.tr\/egitim-bilimleri\/basvuru-kosullari\/#breadcrumb\",\"itemListElement\":[{\"@type\":\"ListItem\",\"position\":1,\"name\":\"Anasayfa\",\"item\":\"https:\/\/ticaret.edu.tr\/egitim-bilimleri\/\"},{\"@type\":\"ListItem\",\"position\":2,\"name\":\"Ba\u015fvuru Ko\u015fullar\u0131\"}]},{\"@type\":\"WebSite\",\"@id\":\"https:\/\/ticaret.edu.tr\/egitim-bilimleri\/#website\",\"url\":\"https:\/\/ticaret.edu.tr\/egitim-bilimleri\/\",\"name\":\"E\u011fitim Bilimleri\",\"description\":\"Bir ba\u015fka \u0130stanbul Ticaret \u00dcniversitesi site sitesi\",\"potentialAction\":[{\"@type\":\"SearchAction\",\"target\":{\"@type\":\"EntryPoint\",\"urlTemplate\":\"https:\/\/ticaret.edu.tr\/egitim-bilimleri\/?s={search_term_string}\"},\"query-input\":\"required name=search_term_string\"}],\"inLanguage\":\"tr\"}]}<\/script>\n<!-- \/ Yoast SEO Premium plugin. -->","yoast_head_json":{"title":"Ba\u015fvuru Ko\u015fullar\u0131 - E\u011fitim Bilimleri","robots":{"index":"index","follow":"follow","max-snippet":"max-snippet:-1","max-image-preview":"max-image-preview:large","max-video-preview":"max-video-preview:-1"},"canonical":"https:\/\/ticaret.edu.tr\/egitim-bilimleri\/basvuru-kosullari\/","og_locale":"tr_TR","og_type":"article","og_title":"Ba\u015fvuru Ko\u015fullar\u0131","og_description":"Aile Dan\u0131\u015fmanl\u0131\u011f\u0131 ve E\u011fitimi Ba\u015fvuru Ko\u015fullar\u0131 Tezli Y\u00fcksek Lisans Programlar\u0131 i\u00e7in ALES Puan T\u00fcr\u00fcnden en az 55 puan Tezsiz Y\u00fcksek Lisans Programlar\u0131 i\u00e7in ALES ko\u015fulunun aranmamas\u0131 Tezli Y\u00fcksek Lisans Programlar\u0131na \u201c\u00d6zel \u00d6\u011frenci\u201d ba\u015fvurular\u0131n\u0131n kabul edilmemesi Erkek adaylar i\u00e7in; Askerlik Terhis veya Tecil Belgesinin ibraz edilmesi 04.09.2012 tarihli 28401 say\u0131l\u0131 Resmi Gazete\u2019de yay\u0131mlanan Aile ve Sosyal [&hellip;]","og_url":"https:\/\/ticaret.edu.tr\/egitim-bilimleri\/basvuru-kosullari\/","og_site_name":"E\u011fitim Bilimleri","article_publisher":"https:\/\/www.facebook.com\/ticaretedutr","article_modified_time":"2025-10-15T11:42:46+00:00","og_image":[{"width":1250,"height":833,"url":"http:\/\/ticaret.edu.tr\/egitim-bilimleri\/wp-content\/uploads\/sites\/66\/2021\/11\/web_logo-01.jpg","type":"image\/jpeg"}],"twitter_card":"summary_large_image","twitter_site":"@ticaretedutr","twitter_misc":{"Tahmini okuma s\u00fcresi":"1 dakika"},"schema":{"@context":"https:\/\/schema.org","@graph":[{"@type":"WebPage","@id":"https:\/\/ticaret.edu.tr\/egitim-bilimleri\/basvuru-kosullari\/","url":"https:\/\/ticaret.edu.tr\/egitim-bilimleri\/basvuru-kosullari\/","name":"Ba\u015fvuru Ko\u015fullar\u0131 - E\u011fitim Bilimleri","isPartOf":{"@id":"https:\/\/ticaret.edu.tr\/egitim-bilimleri\/#website"},"datePublished":"2025-01-26T22:43:27+00:00","dateModified":"2025-10-15T11:42:46+00:00","breadcrumb":{"@id":"https:\/\/ticaret.edu.tr\/egitim-bilimleri\/basvuru-kosullari\/#breadcrumb"},"inLanguage":"tr","potentialAction":[{"@type":"ReadAction","target":["https:\/\/ticaret.edu.tr\/egitim-bilimleri\/basvuru-kosullari\/"]}]},{"@type":"BreadcrumbList","@id":"https:\/\/ticaret.edu.tr\/egitim-bilimleri\/basvuru-kosullari\/#breadcrumb","itemListElement":[{"@type":"ListItem","position":1,"name":"Anasayfa","item":"https:\/\/ticaret.edu.tr\/egitim-bilimleri\/"},{"@type":"ListItem","position":2,"name":"Ba\u015fvuru Ko\u015fullar\u0131"}]},{"@type":"WebSite","@id":"https:\/\/ticaret.edu.tr\/egitim-bilimleri\/#website","url":"https:\/\/ticaret.edu.tr\/egitim-bilimleri\/","name":"E\u011fitim Bilimleri","description":"Bir ba\u015fka \u0130stanbul Ticaret \u00dcniversitesi site sitesi","potentialAction":[{"@type":"SearchAction","target":{"@type":"EntryPoint","urlTemplate":"https:\/\/ticaret.edu.tr\/egitim-bilimleri\/?s={search_term_string}"},"query-input":"required name=search_term_string"}],"inLanguage":"tr"}]}},"lang":"tr","translations":{"tr":482},"pll_sync_post":[],"_links":{"self":[{"href":"http:\/\/ticaret.edu.tr\/egitim-bilimleri\/wp-json\/wp\/v2\/pages\/482"}],"collection":[{"href":"http:\/\/ticaret.edu.tr\/egitim-bilimleri\/wp-json\/wp\/v2\/pages"}],"about":[{"href":"http:\/\/ticaret.edu.tr\/egitim-bilimleri\/wp-json\/wp\/v2\/types\/page"}],"author":[{"embeddable":true,"href":"http:\/\/ticaret.edu.tr\/egitim-bilimleri\/wp-json\/wp\/v2\/users\/223"}],"replies":[{"embeddable":true,"href":"http:\/\/ticaret.edu.tr\/egitim-bilimleri\/wp-json\/wp\/v2\/comments?post=482"}],"version-history":[{"count":2,"href":"http:\/\/ticaret.edu.tr\/egitim-bilimleri\/wp-json\/wp\/v2\/pages\/482\/revisions"}],"predecessor-version":[{"id":735,"href":"http:\/\/ticaret.edu.tr\/egitim-bilimleri\/wp-json\/wp\/v2\/pages\/482\/revisions\/735"}],"wp:attachment":[{"href":"http:\/\/ticaret.edu.tr\/egitim-bilimleri\/wp-json\/wp\/v2\/media?parent=482"}],"curies":[{"name":"wp","href":"https:\/\/api.w.org\/{rel}","templated":true}]}}