{"id":488,"date":"2025-01-27T01:44:11","date_gmt":"2025-01-26T22:44:11","guid":{"rendered":"https:\/\/ticaret.edu.tr\/egitim-bilimleri\/?page_id=488"},"modified":"2025-10-15T14:44:42","modified_gmt":"2025-10-15T11:44:42","slug":"yatay-gecis","status":"publish","type":"page","link":"http:\/\/ticaret.edu.tr\/egitim-bilimleri\/yatay-gecis\/","title":{"rendered":"Yatay Ge\u00e7i\u015f"},"content":{"rendered":"<h3 data-start=\"217\" data-end=\"252\">\ud83d\udd04 <strong data-start=\"224\" data-end=\"250\">Lisans\u00fcst\u00fc Yatay Ge\u00e7i\u015f<\/strong><\/h3>\n<p data-start=\"254\" data-end=\"537\">\u0130stanbul Ticaret \u00dcniversitesi <strong data-start=\"284\" data-end=\"311\">E\u011fitim Bilimleri B\u00f6l\u00fcm\u00fc<\/strong> b\u00fcnyesinde y\u00fcr\u00fct\u00fclen <strong data-start=\"333\" data-end=\"365\">Aile Dan\u0131\u015fmanl\u0131\u011f\u0131 ve E\u011fitimi<\/strong> (Tezli &amp; Tezsiz) ve <strong data-start=\"386\" data-end=\"405\">E\u011fitim Y\u00f6netimi<\/strong> (Tezsiz) y\u00fcksek lisans programlar\u0131na, di\u011fer y\u00fcksek\u00f6\u011fretim kurumlar\u0131n\u0131n e\u015fde\u011fer programlar\u0131ndan <strong data-start=\"501\" data-end=\"516\">yatay ge\u00e7i\u015f<\/strong> yap\u0131labilmektedir.<\/p>\n<hr data-start=\"539\" data-end=\"542\" \/>\n<h3 data-start=\"544\" data-end=\"570\">\ud83c\udfaf <strong data-start=\"551\" data-end=\"568\">Genel Esaslar<\/strong><\/h3>\n<p data-start=\"571\" data-end=\"755\">\ud83d\udccb Yatay ge\u00e7i\u015f ba\u015fvurular\u0131, <strong data-start=\"599\" data-end=\"672\">\u0130stanbul Ticaret \u00dcniversitesi Lisans\u00fcst\u00fc E\u011fitim Enstit\u00fcs\u00fc Y\u00f6netmeli\u011fi<\/strong> h\u00fck\u00fcmleri do\u011frultusunda de\u011ferlendirilir.<br data-start=\"713\" data-end=\"716\" \/>Adaylar\u0131n ba\u015fvuru yapabilmeleri i\u00e7in:<\/p>\n<ul data-start=\"756\" data-end=\"1043\">\n<li data-start=\"756\" data-end=\"832\">\n<p data-start=\"758\" data-end=\"832\">Kay\u0131tl\u0131 olduklar\u0131 \u00fcniversitede en az bir yar\u0131y\u0131l\u0131n\u0131 tamamlam\u0131\u015f olmalar\u0131,<\/p>\n<\/li>\n<li data-start=\"833\" data-end=\"935\">\n<p data-start=\"835\" data-end=\"935\">Ba\u015far\u0131l\u0131 olduklar\u0131 derslerin i\u00e7eriklerinin ve kredilerinin, ba\u015fvurduklar\u0131 programla uyumlu olmas\u0131,<\/p>\n<\/li>\n<li data-start=\"936\" data-end=\"1004\">\n<p data-start=\"938\" data-end=\"1004\">Akademik not ortalamas\u0131n\u0131n <strong data-start=\"965\" data-end=\"994\">4.00 \u00fczerinden en az 2.50<\/strong> olmas\u0131,<\/p>\n<\/li>\n<li data-start=\"1005\" data-end=\"1043\">\n<p data-start=\"1007\" data-end=\"1043\">Kontenjan bulunmas\u0131 gerekmektedir.<\/p>\n<\/li>\n<\/ul>\n<hr data-start=\"1045\" data-end=\"1048\" \/>\n<h3 data-start=\"1050\" data-end=\"1083\">\ud83e\udde0 <strong data-start=\"1057\" data-end=\"1081\">De\u011ferlendirme S\u00fcreci<\/strong><\/h3>\n<p data-start=\"1084\" data-end=\"1381\">\ud83e\uddfe Ba\u015fvurular, aday\u0131n \u00f6nceki ders i\u00e7erikleri, akademik ba\u015far\u0131 durumu ve m\u00fclakat sonucuna g\u00f6re de\u011ferlendirilir.<br data-start=\"1194\" data-end=\"1197\" \/>Uygun g\u00f6r\u00fclen adaylar, ders intibaklar\u0131 yap\u0131larak programa kabul edilir.<br data-start=\"1269\" data-end=\"1272\" \/>\u0130ntibak edilen dersler, Enstit\u00fc Y\u00f6netim Kurulu karar\u0131yla belirlenir ve \u00f6\u011frencinin ders y\u00fck\u00fcne d\u00e2hil edilir.<\/p>\n<hr data-start=\"1383\" data-end=\"1386\" \/>\n<h3 data-start=\"1388\" data-end=\"1428\">\ud83d\udd53 <strong data-start=\"1395\" data-end=\"1426\">Ba\u015fvuru Takvimi ve Belgeler<\/strong><\/h3>\n<p data-start=\"1429\" data-end=\"1561\">\ud83d\udcc5 Yatay ge\u00e7i\u015f ba\u015fvurular\u0131 her y\u0131l <strong data-start=\"1464\" data-end=\"1495\">g\u00fcz ve bahar yar\u0131y\u0131llar\u0131nda<\/strong> ilan edilen tarihlerde al\u0131n\u0131r.<br data-start=\"1526\" data-end=\"1529\" \/>Ba\u015fvuru i\u00e7in gerekli belgeler:<\/p>\n<ul data-start=\"1562\" data-end=\"1663\">\n<li data-start=\"1562\" data-end=\"1573\">\n<p data-start=\"1564\" data-end=\"1573\">Dilek\u00e7e<\/p>\n<\/li>\n<li data-start=\"1574\" data-end=\"1601\">\n<p data-start=\"1576\" data-end=\"1601\">Not d\u00f6k\u00fcm\u00fc (transkript)<\/p>\n<\/li>\n<li data-start=\"1602\" data-end=\"1621\">\n<p data-start=\"1604\" data-end=\"1621\">Ders i\u00e7erikleri<\/p>\n<\/li>\n<li data-start=\"1622\" data-end=\"1641\">\n<p data-start=\"1624\" data-end=\"1641\">\u00d6\u011frenci belgesi<\/p>\n<\/li>\n<li data-start=\"1642\" data-end=\"1663\">\n<p data-start=\"1644\" data-end=\"1663\">Kimlik fotokopisi<\/p>\n<\/li>\n<\/ul>\n<p data-start=\"1665\" data-end=\"1770\">\ud83d\udcce G\u00fcncel takvim ve ba\u015fvuru detaylar\u0131, <strong data-start=\"1704\" data-end=\"1735\">Lisans\u00fcst\u00fc E\u011fitim Enstit\u00fcs\u00fc<\/strong> web sayfas\u0131nda yay\u0131mlanmaktad\u0131r.<\/p>\n","protected":false},"excerpt":{"rendered":"<p>\ud83d\udd04 Lisans\u00fcst\u00fc Yatay Ge\u00e7i\u015f \u0130stanbul Ticaret \u00dcniversitesi E\u011fitim Bilimleri B\u00f6l\u00fcm\u00fc b\u00fcnyesinde y\u00fcr\u00fct\u00fclen Aile Dan\u0131\u015fmanl\u0131\u011f\u0131 ve E\u011fitimi (Tezli &amp; Tezsiz) ve E\u011fitim Y\u00f6netimi (Tezsiz) y\u00fcksek lisans programlar\u0131na, di\u011fer y\u00fcksek\u00f6\u011fretim kurumlar\u0131n\u0131n e\u015fde\u011fer programlar\u0131ndan yatay ge\u00e7i\u015f yap\u0131labilmektedir. \ud83c\udfaf Genel Esaslar \ud83d\udccb Yatay ge\u00e7i\u015f ba\u015fvurular\u0131, \u0130stanbul Ticaret \u00dcniversitesi Lisans\u00fcst\u00fc E\u011fitim Enstit\u00fcs\u00fc Y\u00f6netmeli\u011fi h\u00fck\u00fcmleri do\u011frultusunda de\u011ferlendirilir.Adaylar\u0131n ba\u015fvuru yapabilmeleri i\u00e7in: Kay\u0131tl\u0131 [&hellip;]<\/p>\n","protected":false},"author":223,"featured_media":0,"parent":0,"menu_order":0,"comment_status":"closed","ping_status":"closed","template":"genel_sayfa.php","meta":{"footnotes":""},"yoast_head":"<!-- This site is optimized with the Yoast SEO Premium plugin v22.1 (Yoast SEO v22.1) - https:\/\/yoast.com\/wordpress\/plugins\/seo\/ -->\n<title>Yatay Ge\u00e7i\u015f - E\u011fitim Bilimleri<\/title>\n<meta name=\"robots\" content=\"index, follow, max-snippet:-1, max-image-preview:large, max-video-preview:-1\" \/>\n<link rel=\"canonical\" href=\"https:\/\/ticaret.edu.tr\/egitim-bilimleri\/yatay-gecis\/\" \/>\n<meta property=\"og:locale\" content=\"tr_TR\" \/>\n<meta property=\"og:type\" content=\"article\" \/>\n<meta property=\"og:title\" content=\"Yatay Ge\u00e7i\u015f\" \/>\n<meta property=\"og:description\" content=\"\ud83d\udd04 Lisans\u00fcst\u00fc Yatay Ge\u00e7i\u015f \u0130stanbul Ticaret \u00dcniversitesi E\u011fitim Bilimleri B\u00f6l\u00fcm\u00fc b\u00fcnyesinde y\u00fcr\u00fct\u00fclen Aile Dan\u0131\u015fmanl\u0131\u011f\u0131 ve E\u011fitimi (Tezli &amp; Tezsiz) ve E\u011fitim Y\u00f6netimi (Tezsiz) y\u00fcksek lisans programlar\u0131na, di\u011fer y\u00fcksek\u00f6\u011fretim kurumlar\u0131n\u0131n e\u015fde\u011fer programlar\u0131ndan yatay ge\u00e7i\u015f yap\u0131labilmektedir. \ud83c\udfaf Genel Esaslar \ud83d\udccb Yatay ge\u00e7i\u015f ba\u015fvurular\u0131, \u0130stanbul Ticaret \u00dcniversitesi Lisans\u00fcst\u00fc E\u011fitim Enstit\u00fcs\u00fc Y\u00f6netmeli\u011fi h\u00fck\u00fcmleri do\u011frultusunda de\u011ferlendirilir.Adaylar\u0131n ba\u015fvuru yapabilmeleri i\u00e7in: Kay\u0131tl\u0131 [&hellip;]\" \/>\n<meta property=\"og:url\" content=\"https:\/\/ticaret.edu.tr\/egitim-bilimleri\/yatay-gecis\/\" \/>\n<meta property=\"og:site_name\" content=\"E\u011fitim Bilimleri\" \/>\n<meta property=\"article:publisher\" content=\"https:\/\/www.facebook.com\/ticaretedutr\" \/>\n<meta property=\"article:modified_time\" content=\"2025-10-15T11:44:42+00:00\" \/>\n<meta property=\"og:image\" content=\"http:\/\/ticaret.edu.tr\/egitim-bilimleri\/wp-content\/uploads\/sites\/66\/2021\/11\/web_logo-01.jpg\" \/>\n\t<meta property=\"og:image:width\" content=\"1250\" \/>\n\t<meta property=\"og:image:height\" content=\"833\" \/>\n\t<meta property=\"og:image:type\" content=\"image\/jpeg\" \/>\n<meta name=\"twitter:card\" content=\"summary_large_image\" \/>\n<meta name=\"twitter:site\" content=\"@ticaretedutr\" \/>\n<meta name=\"twitter:label1\" content=\"Tahmini okuma s\u00fcresi\" \/>\n\t<meta name=\"twitter:data1\" content=\"2 dakika\" \/>\n<script type=\"application\/ld+json\" class=\"yoast-schema-graph\">{\"@context\":\"https:\/\/schema.org\",\"@graph\":[{\"@type\":\"WebPage\",\"@id\":\"https:\/\/ticaret.edu.tr\/egitim-bilimleri\/yatay-gecis\/\",\"url\":\"https:\/\/ticaret.edu.tr\/egitim-bilimleri\/yatay-gecis\/\",\"name\":\"Yatay Ge\u00e7i\u015f - E\u011fitim Bilimleri\",\"isPartOf\":{\"@id\":\"https:\/\/ticaret.edu.tr\/egitim-bilimleri\/#website\"},\"datePublished\":\"2025-01-26T22:44:11+00:00\",\"dateModified\":\"2025-10-15T11:44:42+00:00\",\"breadcrumb\":{\"@id\":\"https:\/\/ticaret.edu.tr\/egitim-bilimleri\/yatay-gecis\/#breadcrumb\"},\"inLanguage\":\"tr\",\"potentialAction\":[{\"@type\":\"ReadAction\",\"target\":[\"https:\/\/ticaret.edu.tr\/egitim-bilimleri\/yatay-gecis\/\"]}]},{\"@type\":\"BreadcrumbList\",\"@id\":\"https:\/\/ticaret.edu.tr\/egitim-bilimleri\/yatay-gecis\/#breadcrumb\",\"itemListElement\":[{\"@type\":\"ListItem\",\"position\":1,\"name\":\"Anasayfa\",\"item\":\"https:\/\/ticaret.edu.tr\/egitim-bilimleri\/\"},{\"@type\":\"ListItem\",\"position\":2,\"name\":\"Yatay Ge\u00e7i\u015f\"}]},{\"@type\":\"WebSite\",\"@id\":\"https:\/\/ticaret.edu.tr\/egitim-bilimleri\/#website\",\"url\":\"https:\/\/ticaret.edu.tr\/egitim-bilimleri\/\",\"name\":\"E\u011fitim Bilimleri\",\"description\":\"Bir ba\u015fka \u0130stanbul Ticaret \u00dcniversitesi site sitesi\",\"potentialAction\":[{\"@type\":\"SearchAction\",\"target\":{\"@type\":\"EntryPoint\",\"urlTemplate\":\"https:\/\/ticaret.edu.tr\/egitim-bilimleri\/?s={search_term_string}\"},\"query-input\":\"required name=search_term_string\"}],\"inLanguage\":\"tr\"}]}<\/script>\n<!-- \/ Yoast SEO Premium plugin. -->","yoast_head_json":{"title":"Yatay Ge\u00e7i\u015f - E\u011fitim Bilimleri","robots":{"index":"index","follow":"follow","max-snippet":"max-snippet:-1","max-image-preview":"max-image-preview:large","max-video-preview":"max-video-preview:-1"},"canonical":"https:\/\/ticaret.edu.tr\/egitim-bilimleri\/yatay-gecis\/","og_locale":"tr_TR","og_type":"article","og_title":"Yatay Ge\u00e7i\u015f","og_description":"\ud83d\udd04 Lisans\u00fcst\u00fc Yatay Ge\u00e7i\u015f \u0130stanbul Ticaret \u00dcniversitesi E\u011fitim Bilimleri B\u00f6l\u00fcm\u00fc b\u00fcnyesinde y\u00fcr\u00fct\u00fclen Aile Dan\u0131\u015fmanl\u0131\u011f\u0131 ve E\u011fitimi (Tezli &amp; Tezsiz) ve E\u011fitim Y\u00f6netimi (Tezsiz) y\u00fcksek lisans programlar\u0131na, di\u011fer y\u00fcksek\u00f6\u011fretim kurumlar\u0131n\u0131n e\u015fde\u011fer programlar\u0131ndan yatay ge\u00e7i\u015f yap\u0131labilmektedir. \ud83c\udfaf Genel Esaslar \ud83d\udccb Yatay ge\u00e7i\u015f ba\u015fvurular\u0131, \u0130stanbul Ticaret \u00dcniversitesi Lisans\u00fcst\u00fc E\u011fitim Enstit\u00fcs\u00fc Y\u00f6netmeli\u011fi h\u00fck\u00fcmleri do\u011frultusunda de\u011ferlendirilir.Adaylar\u0131n ba\u015fvuru yapabilmeleri i\u00e7in: Kay\u0131tl\u0131 [&hellip;]","og_url":"https:\/\/ticaret.edu.tr\/egitim-bilimleri\/yatay-gecis\/","og_site_name":"E\u011fitim Bilimleri","article_publisher":"https:\/\/www.facebook.com\/ticaretedutr","article_modified_time":"2025-10-15T11:44:42+00:00","og_image":[{"width":1250,"height":833,"url":"http:\/\/ticaret.edu.tr\/egitim-bilimleri\/wp-content\/uploads\/sites\/66\/2021\/11\/web_logo-01.jpg","type":"image\/jpeg"}],"twitter_card":"summary_large_image","twitter_site":"@ticaretedutr","twitter_misc":{"Tahmini okuma s\u00fcresi":"2 dakika"},"schema":{"@context":"https:\/\/schema.org","@graph":[{"@type":"WebPage","@id":"https:\/\/ticaret.edu.tr\/egitim-bilimleri\/yatay-gecis\/","url":"https:\/\/ticaret.edu.tr\/egitim-bilimleri\/yatay-gecis\/","name":"Yatay Ge\u00e7i\u015f - E\u011fitim Bilimleri","isPartOf":{"@id":"https:\/\/ticaret.edu.tr\/egitim-bilimleri\/#website"},"datePublished":"2025-01-26T22:44:11+00:00","dateModified":"2025-10-15T11:44:42+00:00","breadcrumb":{"@id":"https:\/\/ticaret.edu.tr\/egitim-bilimleri\/yatay-gecis\/#breadcrumb"},"inLanguage":"tr","potentialAction":[{"@type":"ReadAction","target":["https:\/\/ticaret.edu.tr\/egitim-bilimleri\/yatay-gecis\/"]}]},{"@type":"BreadcrumbList","@id":"https:\/\/ticaret.edu.tr\/egitim-bilimleri\/yatay-gecis\/#breadcrumb","itemListElement":[{"@type":"ListItem","position":1,"name":"Anasayfa","item":"https:\/\/ticaret.edu.tr\/egitim-bilimleri\/"},{"@type":"ListItem","position":2,"name":"Yatay Ge\u00e7i\u015f"}]},{"@type":"WebSite","@id":"https:\/\/ticaret.edu.tr\/egitim-bilimleri\/#website","url":"https:\/\/ticaret.edu.tr\/egitim-bilimleri\/","name":"E\u011fitim Bilimleri","description":"Bir ba\u015fka \u0130stanbul Ticaret \u00dcniversitesi site sitesi","potentialAction":[{"@type":"SearchAction","target":{"@type":"EntryPoint","urlTemplate":"https:\/\/ticaret.edu.tr\/egitim-bilimleri\/?s={search_term_string}"},"query-input":"required name=search_term_string"}],"inLanguage":"tr"}]}},"lang":"tr","translations":{"tr":488},"pll_sync_post":[],"_links":{"self":[{"href":"http:\/\/ticaret.edu.tr\/egitim-bilimleri\/wp-json\/wp\/v2\/pages\/488"}],"collection":[{"href":"http:\/\/ticaret.edu.tr\/egitim-bilimleri\/wp-json\/wp\/v2\/pages"}],"about":[{"href":"http:\/\/ticaret.edu.tr\/egitim-bilimleri\/wp-json\/wp\/v2\/types\/page"}],"author":[{"embeddable":true,"href":"http:\/\/ticaret.edu.tr\/egitim-bilimleri\/wp-json\/wp\/v2\/users\/223"}],"replies":[{"embeddable":true,"href":"http:\/\/ticaret.edu.tr\/egitim-bilimleri\/wp-json\/wp\/v2\/comments?post=488"}],"version-history":[{"count":2,"href":"http:\/\/ticaret.edu.tr\/egitim-bilimleri\/wp-json\/wp\/v2\/pages\/488\/revisions"}],"predecessor-version":[{"id":736,"href":"http:\/\/ticaret.edu.tr\/egitim-bilimleri\/wp-json\/wp\/v2\/pages\/488\/revisions\/736"}],"wp:attachment":[{"href":"http:\/\/ticaret.edu.tr\/egitim-bilimleri\/wp-json\/wp\/v2\/media?parent=488"}],"curies":[{"name":"wp","href":"https:\/\/api.w.org\/{rel}","templated":true}]}}