{"id":494,"date":"2025-01-27T01:45:00","date_gmt":"2025-01-26T22:45:00","guid":{"rendered":"https:\/\/ticaret.edu.tr\/egitim-bilimleri\/?page_id=494"},"modified":"2025-10-15T14:55:30","modified_gmt":"2025-10-15T11:55:30","slug":"ogretim-planlari","status":"publish","type":"page","link":"http:\/\/ticaret.edu.tr\/egitim-bilimleri\/ogretim-planlari\/","title":{"rendered":"\u00d6\u011fretim Planlar\u0131"},"content":{"rendered":"<h3 data-start=\"261\" data-end=\"289\">\ud83d\uddc2\ufe0f <strong data-start=\"269\" data-end=\"289\">\u00d6\u011fretim Planlar\u0131<\/strong><\/h3>\n<p data-start=\"291\" data-end=\"563\">\u0130stanbul Ticaret \u00dcniversitesi <strong data-start=\"321\" data-end=\"348\">E\u011fitim Bilimleri B\u00f6l\u00fcm\u00fc<\/strong> b\u00fcnyesinde y\u00fcr\u00fct\u00fclen lisans\u00fcst\u00fc programlar\u0131n \u00f6\u011fretim planlar\u0131, \u00f6\u011frencilerin alanlar\u0131nda <strong data-start=\"437\" data-end=\"455\">kuramsal bilgi<\/strong>, <strong data-start=\"457\" data-end=\"478\">uygulama becerisi<\/strong> ve <strong data-start=\"482\" data-end=\"506\">ara\u015ft\u0131rma yetkinli\u011fi<\/strong> kazanmalar\u0131n\u0131 hedefleyecek \u015fekilde yap\u0131land\u0131r\u0131lm\u0131\u015ft\u0131r.<\/p>\n<p data-start=\"565\" data-end=\"747\">Programlardaki dersler, <strong data-start=\"589\" data-end=\"625\">disiplinler aras\u0131 bir yakla\u015f\u0131mla<\/strong> haz\u0131rlanm\u0131\u015f olup, her dersin \u00f6\u011frenme \u00e7\u0131kt\u0131lar\u0131, T\u00fcrkiye Y\u00fcksek\u00f6\u011fretim Yeterlilikler \u00c7er\u00e7evesi (<strong data-start=\"721\" data-end=\"729\">TYY\u00c7<\/strong>) ile uyumludur.<\/p>\n<hr data-start=\"749\" data-end=\"752\" \/>\n<h3 data-start=\"754\" data-end=\"839\">\ud83d\udc68\u200d\ud83d\udc69\u200d\ud83c\udfeb <strong data-start=\"767\" data-end=\"839\">Aile Dan\u0131\u015fmanl\u0131\u011f\u0131 ve E\u011fitimi Y\u00fcksek Lisans Program\u0131 (Tezli &amp; Tezsiz)<\/strong><\/h3>\n<p data-start=\"840\" data-end=\"1036\">Bu program\u0131n \u00f6\u011fretim plan\u0131; aile dinamikleri, psikolojik dan\u0131\u015fma kuramlar\u0131, terapi yakla\u015f\u0131mlar\u0131 ve etik ilkeler \u00fczerine temellenmi\u015ftir.<br data-start=\"975\" data-end=\"978\" \/>\ud83d\udcd8 \u00d6\u011fretim plan\u0131 kapsam\u0131nda yer alan baz\u0131 temel dersler:<\/p>\n<ul data-start=\"1037\" data-end=\"1244\">\n<li data-start=\"1037\" data-end=\"1080\">\n<p data-start=\"1039\" data-end=\"1080\">Aile Dan\u0131\u015fmanl\u0131\u011f\u0131nda Kuram ve Teknikler<\/p>\n<\/li>\n<li data-start=\"1081\" data-end=\"1110\">\n<p data-start=\"1083\" data-end=\"1110\">Aile Dan\u0131\u015fmas\u0131 Uygulamas\u0131<\/p>\n<\/li>\n<li data-start=\"1111\" data-end=\"1140\">\n<p data-start=\"1113\" data-end=\"1140\">Aile E\u011fitimi Yakla\u015f\u0131mlar\u0131<\/p>\n<\/li>\n<li data-start=\"1141\" data-end=\"1165\">\n<p data-start=\"1143\" data-end=\"1165\">Aile ve \u00c7ocuk Hukuku<\/p>\n<\/li>\n<li data-start=\"1166\" data-end=\"1211\">\n<p data-start=\"1168\" data-end=\"1211\">Psikolojik Dan\u0131\u015fma \u0130lkeleri ve Becerileri<\/p>\n<\/li>\n<li data-start=\"1212\" data-end=\"1244\">\n<p data-start=\"1214\" data-end=\"1244\">Ara\u015ft\u0131rma Y\u00f6ntemleri ve Etik<\/p>\n<\/li>\n<\/ul>\n<p data-start=\"1246\" data-end=\"1348\">Tezli programda \u00f6\u011frenciler ayr\u0131ca <strong data-start=\"1280\" data-end=\"1297\">tez \u00e7al\u0131\u015fmas\u0131<\/strong>, tezsiz programda ise <strong data-start=\"1320\" data-end=\"1337\">d\u00f6nem projesi<\/strong> y\u00fcr\u00fct\u00fcr.<\/p>\n<hr data-start=\"1350\" data-end=\"1353\" \/>\n<h3 data-start=\"1355\" data-end=\"1415\">\ud83c\udfeb <strong data-start=\"1362\" data-end=\"1413\">E\u011fitim Y\u00f6netimi Y\u00fcksek Lisans Program\u0131 (Tezsiz)<\/strong><\/h3>\n<p data-start=\"1416\" data-end=\"1622\">Bu program\u0131n \u00f6\u011fretim plan\u0131, e\u011fitim kurumlar\u0131nda y\u00f6netim, liderlik ve kalite s\u00fcre\u00e7lerinde g\u00f6rev alacak profesyonellerin yeti\u015ftirilmesini hedefler.<br data-start=\"1561\" data-end=\"1564\" \/>\ud83d\udcd8 \u00d6\u011fretim plan\u0131 kapsam\u0131nda yer alan baz\u0131 temel dersler:<\/p>\n<ul data-start=\"1623\" data-end=\"1825\">\n<li data-start=\"1623\" data-end=\"1654\">\n<p data-start=\"1625\" data-end=\"1654\">E\u011fitim Y\u00f6netimi ve Denetimi<\/p>\n<\/li>\n<li data-start=\"1655\" data-end=\"1674\">\n<p data-start=\"1657\" data-end=\"1674\">Okul Geli\u015ftirme<\/p>\n<\/li>\n<li data-start=\"1675\" data-end=\"1696\">\n<p data-start=\"1677\" data-end=\"1696\">\u00d6\u011fretim Liderli\u011fi<\/p>\n<\/li>\n<li data-start=\"1697\" data-end=\"1731\">\n<p data-start=\"1699\" data-end=\"1731\">E\u011fitim Ekonomisi ve Planlamas\u0131<\/p>\n<\/li>\n<li data-start=\"1732\" data-end=\"1774\">\n<p data-start=\"1734\" data-end=\"1774\">Okul Y\u00f6netiminde \u0130leti\u015fim ve \u0130\u015fbirli\u011fi<\/p>\n<\/li>\n<li data-start=\"1775\" data-end=\"1807\">\n<p data-start=\"1777\" data-end=\"1807\">Ara\u015ft\u0131rma Y\u00f6ntemleri ve Etik<\/p>\n<\/li>\n<li data-start=\"1808\" data-end=\"1825\">\n<p data-start=\"1810\" data-end=\"1825\">D\u00f6nem Projesi<\/p>\n<\/li>\n<\/ul>\n<p data-start=\"1827\" data-end=\"2009\">Program, uygulama ve ara\u015ft\u0131rma temelli bir yap\u0131ya sahip olup, derslerin \u00f6nemli bir b\u00f6l\u00fcm\u00fc <strong data-start=\"1917\" data-end=\"1933\">vaka analizi<\/strong>, <strong data-start=\"1935\" data-end=\"1952\">problem \u00e7\u00f6zme<\/strong> ve <strong data-start=\"1956\" data-end=\"1976\">proje geli\u015ftirme<\/strong> y\u00f6ntemleriyle y\u00fcr\u00fct\u00fclmektedir.<\/p>\n<hr data-start=\"2011\" data-end=\"2014\" \/>\n<h3 data-start=\"2016\" data-end=\"2062\">\ud83e\udde0 <strong data-start=\"2023\" data-end=\"2062\">E\u011fitim Modeli ve Derslerin \u0130\u015fleni\u015fi<\/strong><\/h3>\n<ul data-start=\"2063\" data-end=\"2388\">\n<li data-start=\"2063\" data-end=\"2165\">\n<p data-start=\"2065\" data-end=\"2165\">Dersler, \u00e7al\u0131\u015fan \u00f6\u011frencilere uygun bi\u00e7imde <strong data-start=\"2108\" data-end=\"2152\">ak\u015fam saatlerinde <\/strong>y\u00fcr\u00fct\u00fcl\u00fcr.<\/p>\n<\/li>\n<li data-start=\"2166\" data-end=\"2291\">\n<p data-start=\"2168\" data-end=\"2291\">\u00d6\u011fretim y\u00f6ntemi; kuramsal sunumlar, uygulamal\u0131 \u00e7al\u0131\u015fmalar, proje temelli \u00f6\u011frenme, bireysel ve grup tart\u0131\u015fmalar\u0131n\u0131 i\u00e7erir.<\/p>\n<\/li>\n<li data-start=\"2292\" data-end=\"2388\">\n<p data-start=\"2294\" data-end=\"2388\">\u00d6\u011frencilerden her d\u00f6nemde <strong data-start=\"2320\" data-end=\"2376\">aktif kat\u0131l\u0131m, ara\u015ft\u0131rma raporu ve sunum \u00e7al\u0131\u015fmalar\u0131<\/strong> beklenir.<\/p>\n<\/li>\n<\/ul>\n","protected":false},"excerpt":{"rendered":"<p>\ud83d\uddc2\ufe0f \u00d6\u011fretim Planlar\u0131 \u0130stanbul Ticaret \u00dcniversitesi E\u011fitim Bilimleri B\u00f6l\u00fcm\u00fc b\u00fcnyesinde y\u00fcr\u00fct\u00fclen lisans\u00fcst\u00fc programlar\u0131n \u00f6\u011fretim planlar\u0131, \u00f6\u011frencilerin alanlar\u0131nda kuramsal bilgi, uygulama becerisi ve ara\u015ft\u0131rma yetkinli\u011fi kazanmalar\u0131n\u0131 hedefleyecek \u015fekilde yap\u0131land\u0131r\u0131lm\u0131\u015ft\u0131r. Programlardaki dersler, disiplinler aras\u0131 bir yakla\u015f\u0131mla haz\u0131rlanm\u0131\u015f olup, her dersin \u00f6\u011frenme \u00e7\u0131kt\u0131lar\u0131, T\u00fcrkiye Y\u00fcksek\u00f6\u011fretim Yeterlilikler \u00c7er\u00e7evesi (TYY\u00c7) ile uyumludur. \ud83d\udc68\u200d\ud83d\udc69\u200d\ud83c\udfeb Aile Dan\u0131\u015fmanl\u0131\u011f\u0131 ve E\u011fitimi Y\u00fcksek Lisans Program\u0131 [&hellip;]<\/p>\n","protected":false},"author":223,"featured_media":0,"parent":0,"menu_order":0,"comment_status":"closed","ping_status":"closed","template":"genel_sayfa.php","meta":{"footnotes":""},"yoast_head":"<!-- This site is optimized with the Yoast SEO Premium plugin v22.1 (Yoast SEO v22.1) - https:\/\/yoast.com\/wordpress\/plugins\/seo\/ -->\n<title>\u00d6\u011fretim Planlar\u0131 - E\u011fitim Bilimleri<\/title>\n<meta name=\"robots\" content=\"index, follow, max-snippet:-1, max-image-preview:large, max-video-preview:-1\" \/>\n<link rel=\"canonical\" href=\"https:\/\/ticaret.edu.tr\/egitim-bilimleri\/ogretim-planlari\/\" \/>\n<meta property=\"og:locale\" content=\"tr_TR\" \/>\n<meta property=\"og:type\" content=\"article\" \/>\n<meta property=\"og:title\" content=\"\u00d6\u011fretim Planlar\u0131\" \/>\n<meta property=\"og:description\" content=\"\ud83d\uddc2\ufe0f \u00d6\u011fretim Planlar\u0131 \u0130stanbul Ticaret \u00dcniversitesi E\u011fitim Bilimleri B\u00f6l\u00fcm\u00fc b\u00fcnyesinde y\u00fcr\u00fct\u00fclen lisans\u00fcst\u00fc programlar\u0131n \u00f6\u011fretim planlar\u0131, \u00f6\u011frencilerin alanlar\u0131nda kuramsal bilgi, uygulama becerisi ve ara\u015ft\u0131rma yetkinli\u011fi kazanmalar\u0131n\u0131 hedefleyecek \u015fekilde yap\u0131land\u0131r\u0131lm\u0131\u015ft\u0131r. Programlardaki dersler, disiplinler aras\u0131 bir yakla\u015f\u0131mla haz\u0131rlanm\u0131\u015f olup, her dersin \u00f6\u011frenme \u00e7\u0131kt\u0131lar\u0131, T\u00fcrkiye Y\u00fcksek\u00f6\u011fretim Yeterlilikler \u00c7er\u00e7evesi (TYY\u00c7) ile uyumludur. \ud83d\udc68\u200d\ud83d\udc69\u200d\ud83c\udfeb Aile Dan\u0131\u015fmanl\u0131\u011f\u0131 ve E\u011fitimi Y\u00fcksek Lisans Program\u0131 [&hellip;]\" \/>\n<meta property=\"og:url\" content=\"https:\/\/ticaret.edu.tr\/egitim-bilimleri\/ogretim-planlari\/\" \/>\n<meta property=\"og:site_name\" content=\"E\u011fitim Bilimleri\" \/>\n<meta property=\"article:publisher\" content=\"https:\/\/www.facebook.com\/ticaretedutr\" \/>\n<meta property=\"article:modified_time\" content=\"2025-10-15T11:55:30+00:00\" \/>\n<meta property=\"og:image\" content=\"http:\/\/ticaret.edu.tr\/egitim-bilimleri\/wp-content\/uploads\/sites\/66\/2021\/11\/web_logo-01.jpg\" \/>\n\t<meta property=\"og:image:width\" content=\"1250\" \/>\n\t<meta property=\"og:image:height\" content=\"833\" \/>\n\t<meta property=\"og:image:type\" content=\"image\/jpeg\" \/>\n<meta name=\"twitter:card\" content=\"summary_large_image\" \/>\n<meta name=\"twitter:site\" content=\"@ticaretedutr\" \/>\n<meta name=\"twitter:label1\" content=\"Tahmini okuma s\u00fcresi\" \/>\n\t<meta name=\"twitter:data1\" content=\"2 dakika\" \/>\n<script type=\"application\/ld+json\" class=\"yoast-schema-graph\">{\"@context\":\"https:\/\/schema.org\",\"@graph\":[{\"@type\":\"WebPage\",\"@id\":\"https:\/\/ticaret.edu.tr\/egitim-bilimleri\/ogretim-planlari\/\",\"url\":\"https:\/\/ticaret.edu.tr\/egitim-bilimleri\/ogretim-planlari\/\",\"name\":\"\u00d6\u011fretim Planlar\u0131 - E\u011fitim Bilimleri\",\"isPartOf\":{\"@id\":\"https:\/\/ticaret.edu.tr\/egitim-bilimleri\/#website\"},\"datePublished\":\"2025-01-26T22:45:00+00:00\",\"dateModified\":\"2025-10-15T11:55:30+00:00\",\"breadcrumb\":{\"@id\":\"https:\/\/ticaret.edu.tr\/egitim-bilimleri\/ogretim-planlari\/#breadcrumb\"},\"inLanguage\":\"tr\",\"potentialAction\":[{\"@type\":\"ReadAction\",\"target\":[\"https:\/\/ticaret.edu.tr\/egitim-bilimleri\/ogretim-planlari\/\"]}]},{\"@type\":\"BreadcrumbList\",\"@id\":\"https:\/\/ticaret.edu.tr\/egitim-bilimleri\/ogretim-planlari\/#breadcrumb\",\"itemListElement\":[{\"@type\":\"ListItem\",\"position\":1,\"name\":\"Anasayfa\",\"item\":\"https:\/\/ticaret.edu.tr\/egitim-bilimleri\/\"},{\"@type\":\"ListItem\",\"position\":2,\"name\":\"\u00d6\u011fretim Planlar\u0131\"}]},{\"@type\":\"WebSite\",\"@id\":\"https:\/\/ticaret.edu.tr\/egitim-bilimleri\/#website\",\"url\":\"https:\/\/ticaret.edu.tr\/egitim-bilimleri\/\",\"name\":\"E\u011fitim Bilimleri\",\"description\":\"Bir ba\u015fka \u0130stanbul Ticaret \u00dcniversitesi site sitesi\",\"potentialAction\":[{\"@type\":\"SearchAction\",\"target\":{\"@type\":\"EntryPoint\",\"urlTemplate\":\"https:\/\/ticaret.edu.tr\/egitim-bilimleri\/?s={search_term_string}\"},\"query-input\":\"required name=search_term_string\"}],\"inLanguage\":\"tr\"}]}<\/script>\n<!-- \/ Yoast SEO Premium plugin. -->","yoast_head_json":{"title":"\u00d6\u011fretim Planlar\u0131 - E\u011fitim Bilimleri","robots":{"index":"index","follow":"follow","max-snippet":"max-snippet:-1","max-image-preview":"max-image-preview:large","max-video-preview":"max-video-preview:-1"},"canonical":"https:\/\/ticaret.edu.tr\/egitim-bilimleri\/ogretim-planlari\/","og_locale":"tr_TR","og_type":"article","og_title":"\u00d6\u011fretim Planlar\u0131","og_description":"\ud83d\uddc2\ufe0f \u00d6\u011fretim Planlar\u0131 \u0130stanbul Ticaret \u00dcniversitesi E\u011fitim Bilimleri B\u00f6l\u00fcm\u00fc b\u00fcnyesinde y\u00fcr\u00fct\u00fclen lisans\u00fcst\u00fc programlar\u0131n \u00f6\u011fretim planlar\u0131, \u00f6\u011frencilerin alanlar\u0131nda kuramsal bilgi, uygulama becerisi ve ara\u015ft\u0131rma yetkinli\u011fi kazanmalar\u0131n\u0131 hedefleyecek \u015fekilde yap\u0131land\u0131r\u0131lm\u0131\u015ft\u0131r. Programlardaki dersler, disiplinler aras\u0131 bir yakla\u015f\u0131mla haz\u0131rlanm\u0131\u015f olup, her dersin \u00f6\u011frenme \u00e7\u0131kt\u0131lar\u0131, T\u00fcrkiye Y\u00fcksek\u00f6\u011fretim Yeterlilikler \u00c7er\u00e7evesi (TYY\u00c7) ile uyumludur. \ud83d\udc68\u200d\ud83d\udc69\u200d\ud83c\udfeb Aile Dan\u0131\u015fmanl\u0131\u011f\u0131 ve E\u011fitimi Y\u00fcksek Lisans Program\u0131 [&hellip;]","og_url":"https:\/\/ticaret.edu.tr\/egitim-bilimleri\/ogretim-planlari\/","og_site_name":"E\u011fitim Bilimleri","article_publisher":"https:\/\/www.facebook.com\/ticaretedutr","article_modified_time":"2025-10-15T11:55:30+00:00","og_image":[{"width":1250,"height":833,"url":"http:\/\/ticaret.edu.tr\/egitim-bilimleri\/wp-content\/uploads\/sites\/66\/2021\/11\/web_logo-01.jpg","type":"image\/jpeg"}],"twitter_card":"summary_large_image","twitter_site":"@ticaretedutr","twitter_misc":{"Tahmini okuma s\u00fcresi":"2 dakika"},"schema":{"@context":"https:\/\/schema.org","@graph":[{"@type":"WebPage","@id":"https:\/\/ticaret.edu.tr\/egitim-bilimleri\/ogretim-planlari\/","url":"https:\/\/ticaret.edu.tr\/egitim-bilimleri\/ogretim-planlari\/","name":"\u00d6\u011fretim Planlar\u0131 - E\u011fitim Bilimleri","isPartOf":{"@id":"https:\/\/ticaret.edu.tr\/egitim-bilimleri\/#website"},"datePublished":"2025-01-26T22:45:00+00:00","dateModified":"2025-10-15T11:55:30+00:00","breadcrumb":{"@id":"https:\/\/ticaret.edu.tr\/egitim-bilimleri\/ogretim-planlari\/#breadcrumb"},"inLanguage":"tr","potentialAction":[{"@type":"ReadAction","target":["https:\/\/ticaret.edu.tr\/egitim-bilimleri\/ogretim-planlari\/"]}]},{"@type":"BreadcrumbList","@id":"https:\/\/ticaret.edu.tr\/egitim-bilimleri\/ogretim-planlari\/#breadcrumb","itemListElement":[{"@type":"ListItem","position":1,"name":"Anasayfa","item":"https:\/\/ticaret.edu.tr\/egitim-bilimleri\/"},{"@type":"ListItem","position":2,"name":"\u00d6\u011fretim Planlar\u0131"}]},{"@type":"WebSite","@id":"https:\/\/ticaret.edu.tr\/egitim-bilimleri\/#website","url":"https:\/\/ticaret.edu.tr\/egitim-bilimleri\/","name":"E\u011fitim Bilimleri","description":"Bir ba\u015fka \u0130stanbul Ticaret \u00dcniversitesi site sitesi","potentialAction":[{"@type":"SearchAction","target":{"@type":"EntryPoint","urlTemplate":"https:\/\/ticaret.edu.tr\/egitim-bilimleri\/?s={search_term_string}"},"query-input":"required name=search_term_string"}],"inLanguage":"tr"}]}},"lang":"tr","translations":{"tr":494},"pll_sync_post":[],"_links":{"self":[{"href":"http:\/\/ticaret.edu.tr\/egitim-bilimleri\/wp-json\/wp\/v2\/pages\/494"}],"collection":[{"href":"http:\/\/ticaret.edu.tr\/egitim-bilimleri\/wp-json\/wp\/v2\/pages"}],"about":[{"href":"http:\/\/ticaret.edu.tr\/egitim-bilimleri\/wp-json\/wp\/v2\/types\/page"}],"author":[{"embeddable":true,"href":"http:\/\/ticaret.edu.tr\/egitim-bilimleri\/wp-json\/wp\/v2\/users\/223"}],"replies":[{"embeddable":true,"href":"http:\/\/ticaret.edu.tr\/egitim-bilimleri\/wp-json\/wp\/v2\/comments?post=494"}],"version-history":[{"count":2,"href":"http:\/\/ticaret.edu.tr\/egitim-bilimleri\/wp-json\/wp\/v2\/pages\/494\/revisions"}],"predecessor-version":[{"id":740,"href":"http:\/\/ticaret.edu.tr\/egitim-bilimleri\/wp-json\/wp\/v2\/pages\/494\/revisions\/740"}],"wp:attachment":[{"href":"http:\/\/ticaret.edu.tr\/egitim-bilimleri\/wp-json\/wp\/v2\/media?parent=494"}],"curies":[{"name":"wp","href":"https:\/\/api.w.org\/{rel}","templated":true}]}}