{"id":496,"date":"2025-01-27T01:45:16","date_gmt":"2025-01-26T22:45:16","guid":{"rendered":"https:\/\/ticaret.edu.tr\/egitim-bilimleri\/?page_id=496"},"modified":"2025-10-15T14:23:06","modified_gmt":"2025-10-15T11:23:06","slug":"laboratuvarlar","status":"publish","type":"page","link":"http:\/\/ticaret.edu.tr\/egitim-bilimleri\/laboratuvarlar\/","title":{"rendered":"Laboratuvarlar"},"content":{"rendered":"<h3 data-start=\"268\" data-end=\"297\">\ud83d\udcbb Laboratuvar Tan\u0131t\u0131m\u0131<\/h3>\n<p data-start=\"299\" data-end=\"515\">\u0130stanbul Ticaret \u00dcniversitesi <strong data-start=\"329\" data-end=\"380\">Bilgisayar Laboratuvar\u0131<\/strong>, \u00f6\u011frenciler ve akademisyenler i\u00e7in ara\u015ft\u0131rma, veri analizi ve proje geli\u015ftirme s\u00fcre\u00e7lerini destekleyen modern bir \u00e7al\u0131\u015fma ortam\u0131d\u0131r.<\/p>\n<p data-start=\"517\" data-end=\"727\">Laboratuvar, e\u011fitim bilimleri, aile dan\u0131\u015fmanl\u0131\u011f\u0131, e\u011fitim y\u00f6netimi ve ilgili disiplinlerde y\u00fcr\u00fct\u00fclen <strong data-start=\"617\" data-end=\"673\">bilimsel ara\u015ft\u0131rmalar, tezler ve proje \u00e7al\u0131\u015fmalar\u0131na<\/strong> altyap\u0131 deste\u011fi sa\u011flamak amac\u0131yla kullan\u0131lmaktad\u0131r.<\/p>\n<p data-start=\"729\" data-end=\"745\">Laboratuvarda;<\/p>\n<ul data-start=\"746\" data-end=\"927\">\n<li data-start=\"746\" data-end=\"834\">\n<p data-start=\"748\" data-end=\"834\"><strong data-start=\"748\" data-end=\"789\">SPSS, Office 365<\/strong> gibi veri analiz ve raporlama yaz\u0131l\u0131mlar\u0131,<\/p>\n<\/li>\n<li data-start=\"835\" data-end=\"870\">\n<p data-start=\"837\" data-end=\"870\">G\u00fcncel donan\u0131ml\u0131 bilgisayarlar,<\/p>\n<\/li>\n<li data-start=\"871\" data-end=\"927\">\n<p data-start=\"873\" data-end=\"927\">H\u0131zl\u0131 internet ve yaz\u0131c\u0131 olanaklar\u0131<br data-start=\"908\" data-end=\"911\" \/>bulunmaktad\u0131r.<\/p>\n<\/li>\n<\/ul>\n<p data-start=\"929\" data-end=\"1132\">Ders y\u00fcr\u00fct\u00fclmemekle birlikte, \u00f6\u011frenciler laboratuvar\u0131 <strong data-start=\"983\" data-end=\"1068\">istatistiksel analiz, \u00f6l\u00e7ek geli\u015ftirme, i\u00e7erik analizi, veri kodlama ve raporlama<\/strong> gibi akademik \u00e7al\u0131\u015fmalar\u0131nda aktif olarak kullanabilmektedir.<\/p>\n<p data-start=\"1134\" data-end=\"1318\">Laboratuvar, E\u011fitim Bilimleri B\u00f6l\u00fcm\u00fc\u2019n\u00fcn <strong data-start=\"1175\" data-end=\"1280\">bilimsel \u00fcretkenli\u011fi art\u0131rma, ara\u015ft\u0131rma kapasitesini g\u00fc\u00e7lendirme ve dijital yeterlilikleri destekleme<\/strong> hedeflerinin \u00f6nemli bir par\u00e7as\u0131d\u0131r.<\/p>\n","protected":false},"excerpt":{"rendered":"<p>\ud83d\udcbb Laboratuvar Tan\u0131t\u0131m\u0131 \u0130stanbul Ticaret \u00dcniversitesi Bilgisayar Laboratuvar\u0131, \u00f6\u011frenciler ve akademisyenler i\u00e7in ara\u015ft\u0131rma, veri analizi ve proje geli\u015ftirme s\u00fcre\u00e7lerini destekleyen modern bir \u00e7al\u0131\u015fma ortam\u0131d\u0131r. Laboratuvar, e\u011fitim bilimleri, aile dan\u0131\u015fmanl\u0131\u011f\u0131, e\u011fitim y\u00f6netimi ve ilgili disiplinlerde y\u00fcr\u00fct\u00fclen bilimsel ara\u015ft\u0131rmalar, tezler ve proje \u00e7al\u0131\u015fmalar\u0131na altyap\u0131 deste\u011fi sa\u011flamak amac\u0131yla kullan\u0131lmaktad\u0131r. Laboratuvarda; SPSS, Office 365 gibi veri analiz ve raporlama [&hellip;]<\/p>\n","protected":false},"author":223,"featured_media":0,"parent":0,"menu_order":0,"comment_status":"closed","ping_status":"closed","template":"genel_sayfa.php","meta":{"footnotes":""},"yoast_head":"<!-- This site is optimized with the Yoast SEO Premium plugin v22.1 (Yoast SEO v22.1) - https:\/\/yoast.com\/wordpress\/plugins\/seo\/ -->\n<title>Laboratuvarlar - E\u011fitim Bilimleri<\/title>\n<meta name=\"robots\" content=\"index, follow, max-snippet:-1, max-image-preview:large, max-video-preview:-1\" \/>\n<link rel=\"canonical\" href=\"https:\/\/ticaret.edu.tr\/egitim-bilimleri\/laboratuvarlar\/\" \/>\n<meta property=\"og:locale\" content=\"tr_TR\" \/>\n<meta property=\"og:type\" content=\"article\" \/>\n<meta property=\"og:title\" content=\"Laboratuvarlar\" \/>\n<meta property=\"og:description\" content=\"\ud83d\udcbb Laboratuvar Tan\u0131t\u0131m\u0131 \u0130stanbul Ticaret \u00dcniversitesi Bilgisayar Laboratuvar\u0131, \u00f6\u011frenciler ve akademisyenler i\u00e7in ara\u015ft\u0131rma, veri analizi ve proje geli\u015ftirme s\u00fcre\u00e7lerini destekleyen modern bir \u00e7al\u0131\u015fma ortam\u0131d\u0131r. Laboratuvar, e\u011fitim bilimleri, aile dan\u0131\u015fmanl\u0131\u011f\u0131, e\u011fitim y\u00f6netimi ve ilgili disiplinlerde y\u00fcr\u00fct\u00fclen bilimsel ara\u015ft\u0131rmalar, tezler ve proje \u00e7al\u0131\u015fmalar\u0131na altyap\u0131 deste\u011fi sa\u011flamak amac\u0131yla kullan\u0131lmaktad\u0131r. Laboratuvarda; SPSS, Office 365 gibi veri analiz ve raporlama [&hellip;]\" \/>\n<meta property=\"og:url\" content=\"https:\/\/ticaret.edu.tr\/egitim-bilimleri\/laboratuvarlar\/\" \/>\n<meta property=\"og:site_name\" content=\"E\u011fitim Bilimleri\" \/>\n<meta property=\"article:publisher\" content=\"https:\/\/www.facebook.com\/ticaretedutr\" \/>\n<meta property=\"article:modified_time\" content=\"2025-10-15T11:23:06+00:00\" \/>\n<meta property=\"og:image\" content=\"http:\/\/ticaret.edu.tr\/egitim-bilimleri\/wp-content\/uploads\/sites\/66\/2021\/11\/web_logo-01.jpg\" \/>\n\t<meta property=\"og:image:width\" content=\"1250\" \/>\n\t<meta property=\"og:image:height\" content=\"833\" \/>\n\t<meta property=\"og:image:type\" content=\"image\/jpeg\" \/>\n<meta name=\"twitter:card\" content=\"summary_large_image\" \/>\n<meta name=\"twitter:site\" content=\"@ticaretedutr\" \/>\n<meta name=\"twitter:label1\" content=\"Tahmini okuma s\u00fcresi\" \/>\n\t<meta name=\"twitter:data1\" content=\"1 dakika\" \/>\n<script type=\"application\/ld+json\" class=\"yoast-schema-graph\">{\"@context\":\"https:\/\/schema.org\",\"@graph\":[{\"@type\":\"WebPage\",\"@id\":\"https:\/\/ticaret.edu.tr\/egitim-bilimleri\/laboratuvarlar\/\",\"url\":\"https:\/\/ticaret.edu.tr\/egitim-bilimleri\/laboratuvarlar\/\",\"name\":\"Laboratuvarlar - E\u011fitim Bilimleri\",\"isPartOf\":{\"@id\":\"https:\/\/ticaret.edu.tr\/egitim-bilimleri\/#website\"},\"datePublished\":\"2025-01-26T22:45:16+00:00\",\"dateModified\":\"2025-10-15T11:23:06+00:00\",\"breadcrumb\":{\"@id\":\"https:\/\/ticaret.edu.tr\/egitim-bilimleri\/laboratuvarlar\/#breadcrumb\"},\"inLanguage\":\"tr\",\"potentialAction\":[{\"@type\":\"ReadAction\",\"target\":[\"https:\/\/ticaret.edu.tr\/egitim-bilimleri\/laboratuvarlar\/\"]}]},{\"@type\":\"BreadcrumbList\",\"@id\":\"https:\/\/ticaret.edu.tr\/egitim-bilimleri\/laboratuvarlar\/#breadcrumb\",\"itemListElement\":[{\"@type\":\"ListItem\",\"position\":1,\"name\":\"Anasayfa\",\"item\":\"https:\/\/ticaret.edu.tr\/egitim-bilimleri\/\"},{\"@type\":\"ListItem\",\"position\":2,\"name\":\"Laboratuvarlar\"}]},{\"@type\":\"WebSite\",\"@id\":\"https:\/\/ticaret.edu.tr\/egitim-bilimleri\/#website\",\"url\":\"https:\/\/ticaret.edu.tr\/egitim-bilimleri\/\",\"name\":\"E\u011fitim Bilimleri\",\"description\":\"Bir ba\u015fka \u0130stanbul Ticaret \u00dcniversitesi site sitesi\",\"potentialAction\":[{\"@type\":\"SearchAction\",\"target\":{\"@type\":\"EntryPoint\",\"urlTemplate\":\"https:\/\/ticaret.edu.tr\/egitim-bilimleri\/?s={search_term_string}\"},\"query-input\":\"required name=search_term_string\"}],\"inLanguage\":\"tr\"}]}<\/script>\n<!-- \/ Yoast SEO Premium plugin. -->","yoast_head_json":{"title":"Laboratuvarlar - E\u011fitim Bilimleri","robots":{"index":"index","follow":"follow","max-snippet":"max-snippet:-1","max-image-preview":"max-image-preview:large","max-video-preview":"max-video-preview:-1"},"canonical":"https:\/\/ticaret.edu.tr\/egitim-bilimleri\/laboratuvarlar\/","og_locale":"tr_TR","og_type":"article","og_title":"Laboratuvarlar","og_description":"\ud83d\udcbb Laboratuvar Tan\u0131t\u0131m\u0131 \u0130stanbul Ticaret \u00dcniversitesi Bilgisayar Laboratuvar\u0131, \u00f6\u011frenciler ve akademisyenler i\u00e7in ara\u015ft\u0131rma, veri analizi ve proje geli\u015ftirme s\u00fcre\u00e7lerini destekleyen modern bir \u00e7al\u0131\u015fma ortam\u0131d\u0131r. Laboratuvar, e\u011fitim bilimleri, aile dan\u0131\u015fmanl\u0131\u011f\u0131, e\u011fitim y\u00f6netimi ve ilgili disiplinlerde y\u00fcr\u00fct\u00fclen bilimsel ara\u015ft\u0131rmalar, tezler ve proje \u00e7al\u0131\u015fmalar\u0131na altyap\u0131 deste\u011fi sa\u011flamak amac\u0131yla kullan\u0131lmaktad\u0131r. Laboratuvarda; SPSS, Office 365 gibi veri analiz ve raporlama [&hellip;]","og_url":"https:\/\/ticaret.edu.tr\/egitim-bilimleri\/laboratuvarlar\/","og_site_name":"E\u011fitim Bilimleri","article_publisher":"https:\/\/www.facebook.com\/ticaretedutr","article_modified_time":"2025-10-15T11:23:06+00:00","og_image":[{"width":1250,"height":833,"url":"http:\/\/ticaret.edu.tr\/egitim-bilimleri\/wp-content\/uploads\/sites\/66\/2021\/11\/web_logo-01.jpg","type":"image\/jpeg"}],"twitter_card":"summary_large_image","twitter_site":"@ticaretedutr","twitter_misc":{"Tahmini okuma s\u00fcresi":"1 dakika"},"schema":{"@context":"https:\/\/schema.org","@graph":[{"@type":"WebPage","@id":"https:\/\/ticaret.edu.tr\/egitim-bilimleri\/laboratuvarlar\/","url":"https:\/\/ticaret.edu.tr\/egitim-bilimleri\/laboratuvarlar\/","name":"Laboratuvarlar - E\u011fitim Bilimleri","isPartOf":{"@id":"https:\/\/ticaret.edu.tr\/egitim-bilimleri\/#website"},"datePublished":"2025-01-26T22:45:16+00:00","dateModified":"2025-10-15T11:23:06+00:00","breadcrumb":{"@id":"https:\/\/ticaret.edu.tr\/egitim-bilimleri\/laboratuvarlar\/#breadcrumb"},"inLanguage":"tr","potentialAction":[{"@type":"ReadAction","target":["https:\/\/ticaret.edu.tr\/egitim-bilimleri\/laboratuvarlar\/"]}]},{"@type":"BreadcrumbList","@id":"https:\/\/ticaret.edu.tr\/egitim-bilimleri\/laboratuvarlar\/#breadcrumb","itemListElement":[{"@type":"ListItem","position":1,"name":"Anasayfa","item":"https:\/\/ticaret.edu.tr\/egitim-bilimleri\/"},{"@type":"ListItem","position":2,"name":"Laboratuvarlar"}]},{"@type":"WebSite","@id":"https:\/\/ticaret.edu.tr\/egitim-bilimleri\/#website","url":"https:\/\/ticaret.edu.tr\/egitim-bilimleri\/","name":"E\u011fitim Bilimleri","description":"Bir ba\u015fka \u0130stanbul Ticaret \u00dcniversitesi site sitesi","potentialAction":[{"@type":"SearchAction","target":{"@type":"EntryPoint","urlTemplate":"https:\/\/ticaret.edu.tr\/egitim-bilimleri\/?s={search_term_string}"},"query-input":"required name=search_term_string"}],"inLanguage":"tr"}]}},"lang":"tr","translations":{"tr":496},"pll_sync_post":[],"_links":{"self":[{"href":"http:\/\/ticaret.edu.tr\/egitim-bilimleri\/wp-json\/wp\/v2\/pages\/496"}],"collection":[{"href":"http:\/\/ticaret.edu.tr\/egitim-bilimleri\/wp-json\/wp\/v2\/pages"}],"about":[{"href":"http:\/\/ticaret.edu.tr\/egitim-bilimleri\/wp-json\/wp\/v2\/types\/page"}],"author":[{"embeddable":true,"href":"http:\/\/ticaret.edu.tr\/egitim-bilimleri\/wp-json\/wp\/v2\/users\/223"}],"replies":[{"embeddable":true,"href":"http:\/\/ticaret.edu.tr\/egitim-bilimleri\/wp-json\/wp\/v2\/comments?post=496"}],"version-history":[{"count":2,"href":"http:\/\/ticaret.edu.tr\/egitim-bilimleri\/wp-json\/wp\/v2\/pages\/496\/revisions"}],"predecessor-version":[{"id":721,"href":"http:\/\/ticaret.edu.tr\/egitim-bilimleri\/wp-json\/wp\/v2\/pages\/496\/revisions\/721"}],"wp:attachment":[{"href":"http:\/\/ticaret.edu.tr\/egitim-bilimleri\/wp-json\/wp\/v2\/media?parent=496"}],"curies":[{"name":"wp","href":"https:\/\/api.w.org\/{rel}","templated":true}]}}