{"id":498,"date":"2025-01-27T01:45:38","date_gmt":"2025-01-26T22:45:38","guid":{"rendered":"https:\/\/ticaret.edu.tr\/egitim-bilimleri\/?page_id=498"},"modified":"2025-10-15T14:30:33","modified_gmt":"2025-10-15T11:30:33","slug":"proje-destekler","status":"publish","type":"page","link":"http:\/\/ticaret.edu.tr\/egitim-bilimleri\/proje-destekler\/","title":{"rendered":"Proje \/ Destekler"},"content":{"rendered":"<p data-start=\"404\" data-end=\"665\">\u00d6\u011frenciler, dan\u0131\u015fman \u00f6\u011fretim \u00fcyesi rehberli\u011finde;<\/p>\n<ul data-start=\"666\" data-end=\"828\">\n<li data-start=\"666\" data-end=\"703\">\n<p data-start=\"668\" data-end=\"703\">\ud83d\udcca Ara\u015ft\u0131rma problemini tan\u0131mlar,<\/p>\n<\/li>\n<li data-start=\"704\" data-end=\"736\">\n<p data-start=\"706\" data-end=\"736\">\ud83d\udd0d Literat\u00fcr taramas\u0131 yapar,<\/p>\n<\/li>\n<li data-start=\"737\" data-end=\"776\">\n<p data-start=\"739\" data-end=\"776\">\ud83e\udde0 Uygun ara\u015ft\u0131rma y\u00f6ntemini se\u00e7er,<\/p>\n<\/li>\n<li data-start=\"777\" data-end=\"828\">\n<p data-start=\"779\" data-end=\"828\">\u270d\ufe0f Bulgular\u0131n\u0131 raporlar ve \u00f6neriler geli\u015ftirir.<\/p>\n<\/li>\n<\/ul>\n<p data-start=\"830\" data-end=\"933\">\ud83e\udded Bu s\u00fcre\u00e7te akademik etik ilkelerine, bilimsel yaz\u0131m kurallar\u0131na ve veri gizlili\u011fine dikkat edilir.<\/p>\n<p data-start=\"935\" data-end=\"1118\">\ud83d\udcc8 D\u00f6nem Projesi, \u00f6\u011frencilerin <strong data-start=\"966\" data-end=\"1027\">ele\u015ftirel d\u00fc\u015f\u00fcnme, analiz yapma ve raporlama becerilerini<\/strong> geli\u015ftirmelerine katk\u0131 sa\u011flar ve program\u0131n tamamlanmas\u0131 i\u00e7in <strong data-start=\"1089\" data-end=\"1116\">zorunlu bir bile\u015fendir.<\/strong><\/p>\n","protected":false},"excerpt":{"rendered":"<p>\u00d6\u011frenciler, dan\u0131\u015fman \u00f6\u011fretim \u00fcyesi rehberli\u011finde; \ud83d\udcca Ara\u015ft\u0131rma problemini tan\u0131mlar, \ud83d\udd0d Literat\u00fcr taramas\u0131 yapar, \ud83e\udde0 Uygun ara\u015ft\u0131rma y\u00f6ntemini se\u00e7er, \u270d\ufe0f Bulgular\u0131n\u0131 raporlar ve \u00f6neriler geli\u015ftirir. \ud83e\udded Bu s\u00fcre\u00e7te akademik etik ilkelerine, bilimsel yaz\u0131m kurallar\u0131na ve veri gizlili\u011fine dikkat edilir. \ud83d\udcc8 D\u00f6nem Projesi, \u00f6\u011frencilerin ele\u015ftirel d\u00fc\u015f\u00fcnme, analiz yapma ve raporlama becerilerini geli\u015ftirmelerine katk\u0131 sa\u011flar ve program\u0131n tamamlanmas\u0131 [&hellip;]<\/p>\n","protected":false},"author":223,"featured_media":0,"parent":0,"menu_order":0,"comment_status":"closed","ping_status":"closed","template":"genel_sayfa.php","meta":{"footnotes":""},"yoast_head":"<!-- This site is optimized with the Yoast SEO Premium plugin v22.1 (Yoast SEO v22.1) - https:\/\/yoast.com\/wordpress\/plugins\/seo\/ -->\n<title>Proje \/ Destekler - E\u011fitim Bilimleri<\/title>\n<meta name=\"robots\" content=\"index, follow, max-snippet:-1, max-image-preview:large, max-video-preview:-1\" \/>\n<link rel=\"canonical\" href=\"https:\/\/ticaret.edu.tr\/egitim-bilimleri\/proje-destekler\/\" \/>\n<meta property=\"og:locale\" content=\"tr_TR\" \/>\n<meta property=\"og:type\" content=\"article\" \/>\n<meta property=\"og:title\" content=\"Proje \/ Destekler\" \/>\n<meta property=\"og:description\" content=\"\u00d6\u011frenciler, dan\u0131\u015fman \u00f6\u011fretim \u00fcyesi rehberli\u011finde; \ud83d\udcca Ara\u015ft\u0131rma problemini tan\u0131mlar, \ud83d\udd0d Literat\u00fcr taramas\u0131 yapar, \ud83e\udde0 Uygun ara\u015ft\u0131rma y\u00f6ntemini se\u00e7er, \u270d\ufe0f Bulgular\u0131n\u0131 raporlar ve \u00f6neriler geli\u015ftirir. \ud83e\udded Bu s\u00fcre\u00e7te akademik etik ilkelerine, bilimsel yaz\u0131m kurallar\u0131na ve veri gizlili\u011fine dikkat edilir. \ud83d\udcc8 D\u00f6nem Projesi, \u00f6\u011frencilerin ele\u015ftirel d\u00fc\u015f\u00fcnme, analiz yapma ve raporlama becerilerini geli\u015ftirmelerine katk\u0131 sa\u011flar ve program\u0131n tamamlanmas\u0131 [&hellip;]\" \/>\n<meta property=\"og:url\" content=\"https:\/\/ticaret.edu.tr\/egitim-bilimleri\/proje-destekler\/\" \/>\n<meta property=\"og:site_name\" content=\"E\u011fitim Bilimleri\" \/>\n<meta property=\"article:publisher\" content=\"https:\/\/www.facebook.com\/ticaretedutr\" \/>\n<meta property=\"article:modified_time\" content=\"2025-10-15T11:30:33+00:00\" \/>\n<meta property=\"og:image\" content=\"http:\/\/ticaret.edu.tr\/egitim-bilimleri\/wp-content\/uploads\/sites\/66\/2021\/11\/web_logo-01.jpg\" \/>\n\t<meta property=\"og:image:width\" content=\"1250\" \/>\n\t<meta property=\"og:image:height\" content=\"833\" \/>\n\t<meta property=\"og:image:type\" content=\"image\/jpeg\" \/>\n<meta name=\"twitter:card\" content=\"summary_large_image\" \/>\n<meta name=\"twitter:site\" content=\"@ticaretedutr\" \/>\n<meta name=\"twitter:label1\" content=\"Tahmini okuma s\u00fcresi\" \/>\n\t<meta name=\"twitter:data1\" content=\"1 dakika\" \/>\n<script type=\"application\/ld+json\" class=\"yoast-schema-graph\">{\"@context\":\"https:\/\/schema.org\",\"@graph\":[{\"@type\":\"WebPage\",\"@id\":\"https:\/\/ticaret.edu.tr\/egitim-bilimleri\/proje-destekler\/\",\"url\":\"https:\/\/ticaret.edu.tr\/egitim-bilimleri\/proje-destekler\/\",\"name\":\"Proje \/ Destekler - E\u011fitim Bilimleri\",\"isPartOf\":{\"@id\":\"https:\/\/ticaret.edu.tr\/egitim-bilimleri\/#website\"},\"datePublished\":\"2025-01-26T22:45:38+00:00\",\"dateModified\":\"2025-10-15T11:30:33+00:00\",\"breadcrumb\":{\"@id\":\"https:\/\/ticaret.edu.tr\/egitim-bilimleri\/proje-destekler\/#breadcrumb\"},\"inLanguage\":\"tr\",\"potentialAction\":[{\"@type\":\"ReadAction\",\"target\":[\"https:\/\/ticaret.edu.tr\/egitim-bilimleri\/proje-destekler\/\"]}]},{\"@type\":\"BreadcrumbList\",\"@id\":\"https:\/\/ticaret.edu.tr\/egitim-bilimleri\/proje-destekler\/#breadcrumb\",\"itemListElement\":[{\"@type\":\"ListItem\",\"position\":1,\"name\":\"Anasayfa\",\"item\":\"https:\/\/ticaret.edu.tr\/egitim-bilimleri\/\"},{\"@type\":\"ListItem\",\"position\":2,\"name\":\"Proje \/ Destekler\"}]},{\"@type\":\"WebSite\",\"@id\":\"https:\/\/ticaret.edu.tr\/egitim-bilimleri\/#website\",\"url\":\"https:\/\/ticaret.edu.tr\/egitim-bilimleri\/\",\"name\":\"E\u011fitim Bilimleri\",\"description\":\"Bir ba\u015fka \u0130stanbul Ticaret \u00dcniversitesi site sitesi\",\"potentialAction\":[{\"@type\":\"SearchAction\",\"target\":{\"@type\":\"EntryPoint\",\"urlTemplate\":\"https:\/\/ticaret.edu.tr\/egitim-bilimleri\/?s={search_term_string}\"},\"query-input\":\"required name=search_term_string\"}],\"inLanguage\":\"tr\"}]}<\/script>\n<!-- \/ Yoast SEO Premium plugin. -->","yoast_head_json":{"title":"Proje \/ Destekler - E\u011fitim Bilimleri","robots":{"index":"index","follow":"follow","max-snippet":"max-snippet:-1","max-image-preview":"max-image-preview:large","max-video-preview":"max-video-preview:-1"},"canonical":"https:\/\/ticaret.edu.tr\/egitim-bilimleri\/proje-destekler\/","og_locale":"tr_TR","og_type":"article","og_title":"Proje \/ Destekler","og_description":"\u00d6\u011frenciler, dan\u0131\u015fman \u00f6\u011fretim \u00fcyesi rehberli\u011finde; \ud83d\udcca Ara\u015ft\u0131rma problemini tan\u0131mlar, \ud83d\udd0d Literat\u00fcr taramas\u0131 yapar, \ud83e\udde0 Uygun ara\u015ft\u0131rma y\u00f6ntemini se\u00e7er, \u270d\ufe0f Bulgular\u0131n\u0131 raporlar ve \u00f6neriler geli\u015ftirir. \ud83e\udded Bu s\u00fcre\u00e7te akademik etik ilkelerine, bilimsel yaz\u0131m kurallar\u0131na ve veri gizlili\u011fine dikkat edilir. \ud83d\udcc8 D\u00f6nem Projesi, \u00f6\u011frencilerin ele\u015ftirel d\u00fc\u015f\u00fcnme, analiz yapma ve raporlama becerilerini geli\u015ftirmelerine katk\u0131 sa\u011flar ve program\u0131n tamamlanmas\u0131 [&hellip;]","og_url":"https:\/\/ticaret.edu.tr\/egitim-bilimleri\/proje-destekler\/","og_site_name":"E\u011fitim Bilimleri","article_publisher":"https:\/\/www.facebook.com\/ticaretedutr","article_modified_time":"2025-10-15T11:30:33+00:00","og_image":[{"width":1250,"height":833,"url":"http:\/\/ticaret.edu.tr\/egitim-bilimleri\/wp-content\/uploads\/sites\/66\/2021\/11\/web_logo-01.jpg","type":"image\/jpeg"}],"twitter_card":"summary_large_image","twitter_site":"@ticaretedutr","twitter_misc":{"Tahmini okuma s\u00fcresi":"1 dakika"},"schema":{"@context":"https:\/\/schema.org","@graph":[{"@type":"WebPage","@id":"https:\/\/ticaret.edu.tr\/egitim-bilimleri\/proje-destekler\/","url":"https:\/\/ticaret.edu.tr\/egitim-bilimleri\/proje-destekler\/","name":"Proje \/ Destekler - E\u011fitim Bilimleri","isPartOf":{"@id":"https:\/\/ticaret.edu.tr\/egitim-bilimleri\/#website"},"datePublished":"2025-01-26T22:45:38+00:00","dateModified":"2025-10-15T11:30:33+00:00","breadcrumb":{"@id":"https:\/\/ticaret.edu.tr\/egitim-bilimleri\/proje-destekler\/#breadcrumb"},"inLanguage":"tr","potentialAction":[{"@type":"ReadAction","target":["https:\/\/ticaret.edu.tr\/egitim-bilimleri\/proje-destekler\/"]}]},{"@type":"BreadcrumbList","@id":"https:\/\/ticaret.edu.tr\/egitim-bilimleri\/proje-destekler\/#breadcrumb","itemListElement":[{"@type":"ListItem","position":1,"name":"Anasayfa","item":"https:\/\/ticaret.edu.tr\/egitim-bilimleri\/"},{"@type":"ListItem","position":2,"name":"Proje \/ Destekler"}]},{"@type":"WebSite","@id":"https:\/\/ticaret.edu.tr\/egitim-bilimleri\/#website","url":"https:\/\/ticaret.edu.tr\/egitim-bilimleri\/","name":"E\u011fitim Bilimleri","description":"Bir ba\u015fka \u0130stanbul Ticaret \u00dcniversitesi site sitesi","potentialAction":[{"@type":"SearchAction","target":{"@type":"EntryPoint","urlTemplate":"https:\/\/ticaret.edu.tr\/egitim-bilimleri\/?s={search_term_string}"},"query-input":"required name=search_term_string"}],"inLanguage":"tr"}]}},"lang":"tr","translations":{"tr":498},"pll_sync_post":[],"_links":{"self":[{"href":"http:\/\/ticaret.edu.tr\/egitim-bilimleri\/wp-json\/wp\/v2\/pages\/498"}],"collection":[{"href":"http:\/\/ticaret.edu.tr\/egitim-bilimleri\/wp-json\/wp\/v2\/pages"}],"about":[{"href":"http:\/\/ticaret.edu.tr\/egitim-bilimleri\/wp-json\/wp\/v2\/types\/page"}],"author":[{"embeddable":true,"href":"http:\/\/ticaret.edu.tr\/egitim-bilimleri\/wp-json\/wp\/v2\/users\/223"}],"replies":[{"embeddable":true,"href":"http:\/\/ticaret.edu.tr\/egitim-bilimleri\/wp-json\/wp\/v2\/comments?post=498"}],"version-history":[{"count":4,"href":"http:\/\/ticaret.edu.tr\/egitim-bilimleri\/wp-json\/wp\/v2\/pages\/498\/revisions"}],"predecessor-version":[{"id":727,"href":"http:\/\/ticaret.edu.tr\/egitim-bilimleri\/wp-json\/wp\/v2\/pages\/498\/revisions\/727"}],"wp:attachment":[{"href":"http:\/\/ticaret.edu.tr\/egitim-bilimleri\/wp-json\/wp\/v2\/media?parent=498"}],"curies":[{"name":"wp","href":"https:\/\/api.w.org\/{rel}","templated":true}]}}