{"id":5,"date":"2021-04-20T09:36:11","date_gmt":"2021-04-20T06:36:11","guid":{"rendered":"http:\/\/ticaret.edu.tr\/egitim\/?page_id=5"},"modified":"2025-02-24T13:10:47","modified_gmt":"2025-02-24T10:10:47","slug":"ana-sayfa","status":"publish","type":"page","link":"http:\/\/ticaret.edu.tr\/egitim-bilimleri\/","title":{"rendered":"Ana Sayfa"},"content":{"rendered":"<p>\u0130stanbul Ticaret \u00dcniversitesi \u0130nsan ve Toplum Bilimleri Fak\u00fcltesi E\u011fitim Bilimleri B\u00f6l\u00fcm\u00fc Y\u00fcksek\u00f6\u011fretim Y\u00fcr\u00fctme Kurulu\u2019nun 03.08.2010 tarihli onay\u0131yla kurulmu\u015ftur. E\u011fitim Bilimleri B\u00f6l\u00fcmlerinin genel amac\u0131; e\u011fitim-\u00f6\u011fretimin kalitesini y\u00fckseltmeye y\u00f6nelik faaliyetleri y\u00fcr\u00fctmek, e\u011fitim uzmanlar\u0131 ve \u00f6\u011fretim elemanlar\u0131 yeti\u015ftirmek ve \u00f6\u011fretmenlik meslek derslerinin y\u00fcr\u00fct\u00fclmesini sa\u011flamakt\u0131r.<\/p>\n<p>Bu ba\u011flamda b\u00f6l\u00fcm\u00fcm\u00fcz\u00fcn kurulu\u015f ama\u00e7lar\u0131 aras\u0131nda; lisans ve lisans\u00fcst\u00fc programlarla ilk ve orta \u00f6\u011fretim d\u00fczeylerinde g\u00f6rev yapacak \u00f6\u011fretmenleri yeti\u015ftirmek, ilk\u00f6\u011fretim ve orta\u00f6\u011fretim okullar\u0131 ile di\u011fer e\u011fitim kurumlar\u0131ndaki y\u00f6netici ve \u00f6\u011fretmenler i\u00e7in hizmet i\u00e7i e\u011fitim programlar\u0131 uygulamak, e\u011fitim alan\u0131nda ara\u015ft\u0131rmalar yapmak, \u00e7e\u015fitli fak\u00fclte ve b\u00f6l\u00fcmlerden mezunlara y\u00f6nelik temel e\u011fitim derslerinin verilmesini sa\u011flamak ve e\u011fitim uygulamalar\u0131na dan\u0131\u015fmanl\u0131k yapmak yer almaktad\u0131r.<\/p>\n<p>Prof. Dr. Hanifi Parlar<br \/>\nB\u00f6l\u00fcm Ba\u015fkan\u0131<\/p>\n<p><u><strong>\u0130leti\u015fim Bilgileri:<\/strong><\/u><br \/>\n<a href=\"mailto:hparlar@ticaret.edu.tr\">hparlar@ticaret.edu.tr<\/a><br \/>\n4440413 \/ 4647<\/p>\n","protected":false},"excerpt":{"rendered":"<p>\u0130stanbul Ticaret \u00dcniversitesi \u0130nsan ve Toplum Bilimleri Fak\u00fcltesi E\u011fitim Bilimleri B\u00f6l\u00fcm\u00fc Y\u00fcksek\u00f6\u011fretim Y\u00fcr\u00fctme Kurulu\u2019nun 03.08.2010 tarihli onay\u0131yla kurulmu\u015ftur. E\u011fitim Bilimleri B\u00f6l\u00fcmlerinin genel amac\u0131; e\u011fitim-\u00f6\u011fretimin kalitesini y\u00fckseltmeye y\u00f6nelik faaliyetleri y\u00fcr\u00fctmek, e\u011fitim uzmanlar\u0131 ve \u00f6\u011fretim elemanlar\u0131 yeti\u015ftirmek ve \u00f6\u011fretmenlik meslek derslerinin y\u00fcr\u00fct\u00fclmesini sa\u011flamakt\u0131r. Bu ba\u011flamda b\u00f6l\u00fcm\u00fcm\u00fcz\u00fcn kurulu\u015f ama\u00e7lar\u0131 aras\u0131nda; lisans ve lisans\u00fcst\u00fc programlarla ilk ve orta \u00f6\u011fretim [&hellip;]<\/p>\n","protected":false},"author":201,"featured_media":0,"parent":0,"menu_order":0,"comment_status":"closed","ping_status":"closed","template":"pages\/homepage.php","meta":{"footnotes":""},"yoast_head":"<!-- This site is optimized with the Yoast SEO Premium plugin v22.1 (Yoast SEO v22.1) - https:\/\/yoast.com\/wordpress\/plugins\/seo\/ -->\n<title>Ana Sayfa - E\u011fitim Bilimleri<\/title>\n<meta name=\"robots\" content=\"index, follow, max-snippet:-1, max-image-preview:large, max-video-preview:-1\" \/>\n<link rel=\"canonical\" href=\"https:\/\/ticaret.edu.tr\/egitim-bilimleri\/\" \/>\n<meta property=\"og:locale\" content=\"tr_TR\" \/>\n<meta property=\"og:type\" content=\"article\" \/>\n<meta property=\"og:title\" content=\"Ana Sayfa\" \/>\n<meta property=\"og:description\" content=\"\u0130stanbul Ticaret \u00dcniversitesi \u0130nsan ve Toplum Bilimleri Fak\u00fcltesi E\u011fitim Bilimleri B\u00f6l\u00fcm\u00fc Y\u00fcksek\u00f6\u011fretim Y\u00fcr\u00fctme Kurulu\u2019nun 03.08.2010 tarihli onay\u0131yla kurulmu\u015ftur. E\u011fitim Bilimleri B\u00f6l\u00fcmlerinin genel amac\u0131; e\u011fitim-\u00f6\u011fretimin kalitesini y\u00fckseltmeye y\u00f6nelik faaliyetleri y\u00fcr\u00fctmek, e\u011fitim uzmanlar\u0131 ve \u00f6\u011fretim elemanlar\u0131 yeti\u015ftirmek ve \u00f6\u011fretmenlik meslek derslerinin y\u00fcr\u00fct\u00fclmesini sa\u011flamakt\u0131r. Bu ba\u011flamda b\u00f6l\u00fcm\u00fcm\u00fcz\u00fcn kurulu\u015f ama\u00e7lar\u0131 aras\u0131nda; lisans ve lisans\u00fcst\u00fc programlarla ilk ve orta \u00f6\u011fretim [&hellip;]\" \/>\n<meta property=\"og:url\" content=\"https:\/\/ticaret.edu.tr\/egitim-bilimleri\/\" \/>\n<meta property=\"og:site_name\" content=\"E\u011fitim Bilimleri\" \/>\n<meta property=\"article:publisher\" content=\"https:\/\/www.facebook.com\/ticaretedutr\" \/>\n<meta property=\"article:modified_time\" content=\"2025-02-24T10:10:47+00:00\" \/>\n<meta property=\"og:image\" content=\"http:\/\/ticaret.edu.tr\/egitim-bilimleri\/wp-content\/uploads\/sites\/66\/2021\/11\/web_logo-01.jpg\" \/>\n\t<meta property=\"og:image:width\" content=\"1250\" \/>\n\t<meta property=\"og:image:height\" content=\"833\" \/>\n\t<meta property=\"og:image:type\" content=\"image\/jpeg\" \/>\n<meta name=\"twitter:card\" content=\"summary_large_image\" \/>\n<meta name=\"twitter:site\" content=\"@ticaretedutr\" \/>\n<meta name=\"twitter:label1\" content=\"Tahmini okuma s\u00fcresi\" \/>\n\t<meta name=\"twitter:data1\" content=\"1 dakika\" \/>\n<script type=\"application\/ld+json\" class=\"yoast-schema-graph\">{\"@context\":\"https:\/\/schema.org\",\"@graph\":[{\"@type\":\"WebPage\",\"@id\":\"https:\/\/ticaret.edu.tr\/egitim-bilimleri\/\",\"url\":\"https:\/\/ticaret.edu.tr\/egitim-bilimleri\/\",\"name\":\"Ana Sayfa - E\u011fitim Bilimleri\",\"isPartOf\":{\"@id\":\"https:\/\/ticaret.edu.tr\/egitim-bilimleri\/#website\"},\"datePublished\":\"2021-04-20T06:36:11+00:00\",\"dateModified\":\"2025-02-24T10:10:47+00:00\",\"breadcrumb\":{\"@id\":\"https:\/\/ticaret.edu.tr\/egitim-bilimleri\/#breadcrumb\"},\"inLanguage\":\"tr\",\"potentialAction\":[{\"@type\":\"ReadAction\",\"target\":[\"https:\/\/ticaret.edu.tr\/egitim-bilimleri\/\"]}]},{\"@type\":\"BreadcrumbList\",\"@id\":\"https:\/\/ticaret.edu.tr\/egitim-bilimleri\/#breadcrumb\",\"itemListElement\":[{\"@type\":\"ListItem\",\"position\":1,\"name\":\"Anasayfa\",\"item\":\"https:\/\/ticaret.edu.tr\/egitim-bilimleri\/\"},{\"@type\":\"ListItem\",\"position\":2,\"name\":\"Ana Sayfa\"}]},{\"@type\":\"WebSite\",\"@id\":\"https:\/\/ticaret.edu.tr\/egitim-bilimleri\/#website\",\"url\":\"https:\/\/ticaret.edu.tr\/egitim-bilimleri\/\",\"name\":\"E\u011fitim Bilimleri\",\"description\":\"Bir ba\u015fka \u0130stanbul Ticaret \u00dcniversitesi site sitesi\",\"potentialAction\":[{\"@type\":\"SearchAction\",\"target\":{\"@type\":\"EntryPoint\",\"urlTemplate\":\"https:\/\/ticaret.edu.tr\/egitim-bilimleri\/?s={search_term_string}\"},\"query-input\":\"required name=search_term_string\"}],\"inLanguage\":\"tr\"}]}<\/script>\n<!-- \/ Yoast SEO Premium plugin. -->","yoast_head_json":{"title":"Ana Sayfa - E\u011fitim Bilimleri","robots":{"index":"index","follow":"follow","max-snippet":"max-snippet:-1","max-image-preview":"max-image-preview:large","max-video-preview":"max-video-preview:-1"},"canonical":"https:\/\/ticaret.edu.tr\/egitim-bilimleri\/","og_locale":"tr_TR","og_type":"article","og_title":"Ana Sayfa","og_description":"\u0130stanbul Ticaret \u00dcniversitesi \u0130nsan ve Toplum Bilimleri Fak\u00fcltesi E\u011fitim Bilimleri B\u00f6l\u00fcm\u00fc Y\u00fcksek\u00f6\u011fretim Y\u00fcr\u00fctme Kurulu\u2019nun 03.08.2010 tarihli onay\u0131yla kurulmu\u015ftur. E\u011fitim Bilimleri B\u00f6l\u00fcmlerinin genel amac\u0131; e\u011fitim-\u00f6\u011fretimin kalitesini y\u00fckseltmeye y\u00f6nelik faaliyetleri y\u00fcr\u00fctmek, e\u011fitim uzmanlar\u0131 ve \u00f6\u011fretim elemanlar\u0131 yeti\u015ftirmek ve \u00f6\u011fretmenlik meslek derslerinin y\u00fcr\u00fct\u00fclmesini sa\u011flamakt\u0131r. Bu ba\u011flamda b\u00f6l\u00fcm\u00fcm\u00fcz\u00fcn kurulu\u015f ama\u00e7lar\u0131 aras\u0131nda; lisans ve lisans\u00fcst\u00fc programlarla ilk ve orta \u00f6\u011fretim [&hellip;]","og_url":"https:\/\/ticaret.edu.tr\/egitim-bilimleri\/","og_site_name":"E\u011fitim Bilimleri","article_publisher":"https:\/\/www.facebook.com\/ticaretedutr","article_modified_time":"2025-02-24T10:10:47+00:00","og_image":[{"width":1250,"height":833,"url":"http:\/\/ticaret.edu.tr\/egitim-bilimleri\/wp-content\/uploads\/sites\/66\/2021\/11\/web_logo-01.jpg","type":"image\/jpeg"}],"twitter_card":"summary_large_image","twitter_site":"@ticaretedutr","twitter_misc":{"Tahmini okuma s\u00fcresi":"1 dakika"},"schema":{"@context":"https:\/\/schema.org","@graph":[{"@type":"WebPage","@id":"https:\/\/ticaret.edu.tr\/egitim-bilimleri\/","url":"https:\/\/ticaret.edu.tr\/egitim-bilimleri\/","name":"Ana Sayfa - E\u011fitim Bilimleri","isPartOf":{"@id":"https:\/\/ticaret.edu.tr\/egitim-bilimleri\/#website"},"datePublished":"2021-04-20T06:36:11+00:00","dateModified":"2025-02-24T10:10:47+00:00","breadcrumb":{"@id":"https:\/\/ticaret.edu.tr\/egitim-bilimleri\/#breadcrumb"},"inLanguage":"tr","potentialAction":[{"@type":"ReadAction","target":["https:\/\/ticaret.edu.tr\/egitim-bilimleri\/"]}]},{"@type":"BreadcrumbList","@id":"https:\/\/ticaret.edu.tr\/egitim-bilimleri\/#breadcrumb","itemListElement":[{"@type":"ListItem","position":1,"name":"Anasayfa","item":"https:\/\/ticaret.edu.tr\/egitim-bilimleri\/"},{"@type":"ListItem","position":2,"name":"Ana Sayfa"}]},{"@type":"WebSite","@id":"https:\/\/ticaret.edu.tr\/egitim-bilimleri\/#website","url":"https:\/\/ticaret.edu.tr\/egitim-bilimleri\/","name":"E\u011fitim Bilimleri","description":"Bir ba\u015fka \u0130stanbul Ticaret \u00dcniversitesi site sitesi","potentialAction":[{"@type":"SearchAction","target":{"@type":"EntryPoint","urlTemplate":"https:\/\/ticaret.edu.tr\/egitim-bilimleri\/?s={search_term_string}"},"query-input":"required name=search_term_string"}],"inLanguage":"tr"}]}},"lang":"tr","translations":{"tr":5},"pll_sync_post":[],"_links":{"self":[{"href":"http:\/\/ticaret.edu.tr\/egitim-bilimleri\/wp-json\/wp\/v2\/pages\/5"}],"collection":[{"href":"http:\/\/ticaret.edu.tr\/egitim-bilimleri\/wp-json\/wp\/v2\/pages"}],"about":[{"href":"http:\/\/ticaret.edu.tr\/egitim-bilimleri\/wp-json\/wp\/v2\/types\/page"}],"author":[{"embeddable":true,"href":"http:\/\/ticaret.edu.tr\/egitim-bilimleri\/wp-json\/wp\/v2\/users\/201"}],"replies":[{"embeddable":true,"href":"http:\/\/ticaret.edu.tr\/egitim-bilimleri\/wp-json\/wp\/v2\/comments?post=5"}],"version-history":[{"count":8,"href":"http:\/\/ticaret.edu.tr\/egitim-bilimleri\/wp-json\/wp\/v2\/pages\/5\/revisions"}],"predecessor-version":[{"id":760,"href":"http:\/\/ticaret.edu.tr\/egitim-bilimleri\/wp-json\/wp\/v2\/pages\/5\/revisions\/760"}],"wp:attachment":[{"href":"http:\/\/ticaret.edu.tr\/egitim-bilimleri\/wp-json\/wp\/v2\/media?parent=5"}],"curies":[{"name":"wp","href":"https:\/\/api.w.org\/{rel}","templated":true}]}}