{"id":500,"date":"2025-01-27T01:45:57","date_gmt":"2025-01-26T22:45:57","guid":{"rendered":"https:\/\/ticaret.edu.tr\/egitim-bilimleri\/?page_id=500"},"modified":"2025-10-15T14:34:21","modified_gmt":"2025-10-15T11:34:21","slug":"arastirma-alanlari","status":"publish","type":"page","link":"http:\/\/ticaret.edu.tr\/egitim-bilimleri\/arastirma-alanlari\/","title":{"rendered":"Ara\u015ft\u0131rma Alanlar\u0131"},"content":{"rendered":"<h3 data-start=\"256\" data-end=\"287\">\ud83d\udd2c <strong data-start=\"263\" data-end=\"285\">Ara\u015ft\u0131rma Alanlar\u0131<\/strong><\/h3>\n<p data-start=\"289\" data-end=\"610\">\u0130stanbul Ticaret \u00dcniversitesi <strong data-start=\"319\" data-end=\"346\">E\u011fitim Bilimleri B\u00f6l\u00fcm\u00fc<\/strong>, e\u011fitim, aile, dan\u0131\u015fmanl\u0131k ve y\u00f6netim alanlar\u0131nda disiplinler aras\u0131 bak\u0131\u015f a\u00e7\u0131s\u0131yla ara\u015ft\u0131rmalar y\u00fcr\u00fctmektedir.<br data-start=\"457\" data-end=\"460\" \/>B\u00f6l\u00fcm\u00fcn \u00f6ncelikli ara\u015ft\u0131rma alanlar\u0131, <strong data-start=\"498\" data-end=\"573\">insan geli\u015fimi, e\u011fitimde kalite, aile sistemleri ve kurumlar\u0131n d\u00f6n\u00fc\u015f\u00fcm\u00fc<\/strong>odakl\u0131 konularda yo\u011funla\u015fmaktad\u0131r.<\/p>\n<hr data-start=\"612\" data-end=\"615\" \/>\n<h3 data-start=\"617\" data-end=\"692\">\ud83d\udc68\u200d\ud83d\udc69\u200d\ud83d\udc67 <strong data-start=\"630\" data-end=\"690\">Aile Dan\u0131\u015fmanl\u0131\u011f\u0131 ve E\u011fitimi Program\u0131 Ara\u015ft\u0131rma Alanlar\u0131<\/strong><\/h3>\n<p data-start=\"693\" data-end=\"1191\">Bu program, aileyi bir sistem olarak ele al\u0131r ve birey\u2013aile\u2013toplum ili\u015fkilerini g\u00fc\u00e7lendirmeye y\u00f6nelik bilimsel \u00e7al\u0131\u015fmalar\u0131 destekler.<br data-start=\"826\" data-end=\"829\" \/>\ud83d\udd39 Aile i\u015flevselli\u011fi ve aile i\u00e7i ileti\u015fim<br data-start=\"870\" data-end=\"873\" \/>\ud83d\udd39 Evlilik doyumu, \u00e7at\u0131\u015fma \u00e7\u00f6zme ve ba\u011flanma stilleri<br data-start=\"926\" data-end=\"929\" \/>\ud83d\udd39 Ebeveynlik tutumlar\u0131, \u00e7ocuk ve ergen geli\u015fimi<br data-start=\"977\" data-end=\"980\" \/>\ud83d\udd39 Aile dan\u0131\u015fmanl\u0131\u011f\u0131 kuramlar\u0131 ve psikoterapi yakla\u015f\u0131mlar\u0131<br data-start=\"1038\" data-end=\"1041\" \/>\ud83d\udd39 Aile dayan\u0131kl\u0131l\u0131\u011f\u0131, travma ve kriz sonras\u0131 uyum<br data-start=\"1091\" data-end=\"1094\" \/>\ud83d\udd39 K\u00fclt\u00fcrel fakt\u00f6rlerin aile yap\u0131s\u0131na etkisi<br data-start=\"1138\" data-end=\"1141\" \/>\ud83d\udd39 Aile politikalar\u0131 ve sosyal destek sistemleri<\/p>\n<p data-start=\"1193\" data-end=\"1337\">Bu alanlardaki ara\u015ft\u0131rmalar, hem bireysel hem toplumsal d\u00fczeyde <strong data-start=\"1257\" data-end=\"1313\">psikolojik dayan\u0131kl\u0131l\u0131\u011f\u0131, ileti\u015fimi ve aile refah\u0131n\u0131<\/strong>art\u0131rmaya y\u00f6neliktir.<\/p>\n<hr data-start=\"1339\" data-end=\"1342\" \/>\n<h3 data-start=\"1344\" data-end=\"1400\">\ud83c\udfeb <strong data-start=\"1351\" data-end=\"1398\">E\u011fitim Y\u00f6netimi Program\u0131 Ara\u015ft\u0131rma Alanlar\u0131<\/strong><\/h3>\n<p data-start=\"1401\" data-end=\"1872\">E\u011fitim Y\u00f6netimi Program\u0131, e\u011fitim kurumlar\u0131n\u0131n etkinli\u011fini art\u0131rmaya ve y\u00f6netim s\u00fcre\u00e7lerinde yenilik\u00e7i modeller geli\u015ftirmeye odaklan\u0131r.<br data-start=\"1535\" data-end=\"1538\" \/>\ud83d\udcca E\u011fitimde stratejik planlama ve liderlik<br data-start=\"1580\" data-end=\"1583\" \/>\ud83c\udf31 Okul geli\u015fimi ve kalite y\u00f6netimi<br data-start=\"1618\" data-end=\"1621\" \/>\ud83e\udd1d E\u011fitimde ileti\u015fim, kurum k\u00fclt\u00fcr\u00fc ve \u00f6rg\u00fctsel davran\u0131\u015f<br data-start=\"1677\" data-end=\"1680\" \/>\ud83d\udca1 E\u011fitim politikalar\u0131, reformlar ve de\u011fi\u015fim y\u00f6netimi<br data-start=\"1733\" data-end=\"1736\" \/>\ud83e\udde9 E\u011fitim ekonomisi ve kaynak y\u00f6netimi<br data-start=\"1774\" data-end=\"1777\" \/>\ud83d\udcc8 \u00d6\u011fretim liderli\u011fi ve performans de\u011ferlendirme<br data-start=\"1825\" data-end=\"1828\" \/>\ud83c\udf0d Dijital d\u00f6n\u00fc\u015f\u00fcm ve e\u011fitim teknolojileri<\/p>\n<p data-start=\"1874\" data-end=\"2031\">Bu ara\u015ft\u0131rma alanlar\u0131, e\u011fitim kurumlar\u0131n\u0131n s\u00fcrd\u00fcr\u00fclebilir geli\u015fimini destekleyen <strong data-start=\"1955\" data-end=\"2004\">veri temelli karar alma ve liderlik modelleri<\/strong> geli\u015ftirmeye y\u00f6neliktir.<\/p>\n<hr data-start=\"2033\" data-end=\"2036\" \/>\n<h3 data-start=\"2038\" data-end=\"2104\">\ud83c\udf93 <strong data-start=\"2045\" data-end=\"2102\">Pedagojik Formasyon E\u011fitimi ve Ortak Dersler Alanlar\u0131<\/strong><\/h3>\n<p data-start=\"2105\" data-end=\"2343\">\ud83d\udcd8 \u00d6\u011fretmenlik mesle\u011fine haz\u0131rl\u0131k s\u00fcre\u00e7leri<br data-start=\"2148\" data-end=\"2151\" \/>\ud83e\udde0 \u00d6\u011fretim y\u00f6ntemleri ve \u00f6\u011frenme kuramlar\u0131<br data-start=\"2193\" data-end=\"2196\" \/>\ud83d\udcac E\u011fitimde ileti\u015fim ve s\u0131n\u0131f y\u00f6netimi<br data-start=\"2234\" data-end=\"2237\" \/>\u2696\ufe0f E\u011fitimde etik, de\u011ferler e\u011fitimi ve rehberlik<br data-start=\"2284\" data-end=\"2287\" \/>\ud83d\udcbb E\u011fitimde teknoloji kullan\u0131m\u0131 ve dijital pedagojiler<\/p>\n<p data-start=\"2345\" data-end=\"2510\">Bu kapsamda yap\u0131lan ara\u015ft\u0131rmalar, \u00f6\u011fretmen adaylar\u0131n\u0131n <strong data-start=\"2400\" data-end=\"2427\">21. y\u00fczy\u0131l becerilerini<\/strong>, etik fark\u0131ndal\u0131\u011f\u0131n\u0131 ve e\u011fitimde yenilik\u00e7i yakla\u015f\u0131mlar\u0131n\u0131 geli\u015ftirmeyi hedefler.<\/p>\n<hr data-start=\"2512\" data-end=\"2515\" \/>\n<h3 data-start=\"2517\" data-end=\"2555\">\ud83c\udf3f <strong data-start=\"2524\" data-end=\"2553\">Genel Ara\u015ft\u0131rma Yakla\u015f\u0131m\u0131<\/strong><\/h3>\n<p data-start=\"2556\" data-end=\"2612\">E\u011fitim Bilimleri B\u00f6l\u00fcm\u00fc, y\u00fcr\u00fct\u00fclen t\u00fcm ara\u015ft\u0131rmalarda;<\/p>\n<ul data-start=\"2613\" data-end=\"2744\">\n<li data-start=\"2613\" data-end=\"2638\">\n<p data-start=\"2615\" data-end=\"2638\">\ud83d\udcda Bilimsel titizlik,<\/p>\n<\/li>\n<li data-start=\"2639\" data-end=\"2659\">\n<p data-start=\"2641\" data-end=\"2659\">\ud83e\udded Etik ilkeler,<\/p>\n<\/li>\n<li data-start=\"2660\" data-end=\"2696\">\n<p data-start=\"2662\" data-end=\"2696\">\ud83e\udd1d Disiplinler aras\u0131 i\u015f birli\u011fi,<\/p>\n<\/li>\n<li data-start=\"2697\" data-end=\"2744\">\n<p data-start=\"2699\" data-end=\"2744\">\ud83c\udf0d Toplumsal katk\u0131<br data-start=\"2717\" data-end=\"2720\" \/>ilkelerini temel al\u0131r.<\/p>\n<\/li>\n<\/ul>\n<p data-start=\"2746\" data-end=\"2947\">B\u00f6l\u00fcm, akademisyenler ve \u00f6\u011frenciler taraf\u0131ndan y\u00fcr\u00fct\u00fclen <strong data-start=\"2803\" data-end=\"2854\">tezler, projeler ve T\u00dcB\u0130TAK destekli \u00e7al\u0131\u015fmalar<\/strong>arac\u0131l\u0131\u011f\u0131yla e\u011fitim bilimleri alan\u0131ndaki bilgi birikimini s\u00fcrekli olarak geni\u015fletmektedir.<\/p>\n","protected":false},"excerpt":{"rendered":"<p>\ud83d\udd2c Ara\u015ft\u0131rma Alanlar\u0131 \u0130stanbul Ticaret \u00dcniversitesi E\u011fitim Bilimleri B\u00f6l\u00fcm\u00fc, e\u011fitim, aile, dan\u0131\u015fmanl\u0131k ve y\u00f6netim alanlar\u0131nda disiplinler aras\u0131 bak\u0131\u015f a\u00e7\u0131s\u0131yla ara\u015ft\u0131rmalar y\u00fcr\u00fctmektedir.B\u00f6l\u00fcm\u00fcn \u00f6ncelikli ara\u015ft\u0131rma alanlar\u0131, insan geli\u015fimi, e\u011fitimde kalite, aile sistemleri ve kurumlar\u0131n d\u00f6n\u00fc\u015f\u00fcm\u00fcodakl\u0131 konularda yo\u011funla\u015fmaktad\u0131r. \ud83d\udc68\u200d\ud83d\udc69\u200d\ud83d\udc67 Aile Dan\u0131\u015fmanl\u0131\u011f\u0131 ve E\u011fitimi Program\u0131 Ara\u015ft\u0131rma Alanlar\u0131 Bu program, aileyi bir sistem olarak ele al\u0131r ve birey\u2013aile\u2013toplum ili\u015fkilerini g\u00fc\u00e7lendirmeye [&hellip;]<\/p>\n","protected":false},"author":223,"featured_media":0,"parent":0,"menu_order":0,"comment_status":"closed","ping_status":"closed","template":"genel_sayfa.php","meta":{"footnotes":""},"yoast_head":"<!-- This site is optimized with the Yoast SEO Premium plugin v22.1 (Yoast SEO v22.1) - https:\/\/yoast.com\/wordpress\/plugins\/seo\/ -->\n<title>Ara\u015ft\u0131rma Alanlar\u0131 - E\u011fitim Bilimleri<\/title>\n<meta name=\"robots\" content=\"index, follow, max-snippet:-1, max-image-preview:large, max-video-preview:-1\" \/>\n<link rel=\"canonical\" href=\"https:\/\/ticaret.edu.tr\/egitim-bilimleri\/arastirma-alanlari\/\" \/>\n<meta property=\"og:locale\" content=\"tr_TR\" \/>\n<meta property=\"og:type\" content=\"article\" \/>\n<meta property=\"og:title\" content=\"Ara\u015ft\u0131rma Alanlar\u0131\" \/>\n<meta property=\"og:description\" content=\"\ud83d\udd2c Ara\u015ft\u0131rma Alanlar\u0131 \u0130stanbul Ticaret \u00dcniversitesi E\u011fitim Bilimleri B\u00f6l\u00fcm\u00fc, e\u011fitim, aile, dan\u0131\u015fmanl\u0131k ve y\u00f6netim alanlar\u0131nda disiplinler aras\u0131 bak\u0131\u015f a\u00e7\u0131s\u0131yla ara\u015ft\u0131rmalar y\u00fcr\u00fctmektedir.B\u00f6l\u00fcm\u00fcn \u00f6ncelikli ara\u015ft\u0131rma alanlar\u0131, insan geli\u015fimi, e\u011fitimde kalite, aile sistemleri ve kurumlar\u0131n d\u00f6n\u00fc\u015f\u00fcm\u00fcodakl\u0131 konularda yo\u011funla\u015fmaktad\u0131r. \ud83d\udc68\u200d\ud83d\udc69\u200d\ud83d\udc67 Aile Dan\u0131\u015fmanl\u0131\u011f\u0131 ve E\u011fitimi Program\u0131 Ara\u015ft\u0131rma Alanlar\u0131 Bu program, aileyi bir sistem olarak ele al\u0131r ve birey\u2013aile\u2013toplum ili\u015fkilerini g\u00fc\u00e7lendirmeye [&hellip;]\" \/>\n<meta property=\"og:url\" content=\"https:\/\/ticaret.edu.tr\/egitim-bilimleri\/arastirma-alanlari\/\" \/>\n<meta property=\"og:site_name\" content=\"E\u011fitim Bilimleri\" \/>\n<meta property=\"article:publisher\" content=\"https:\/\/www.facebook.com\/ticaretedutr\" \/>\n<meta property=\"article:modified_time\" content=\"2025-10-15T11:34:21+00:00\" \/>\n<meta property=\"og:image\" content=\"http:\/\/ticaret.edu.tr\/egitim-bilimleri\/wp-content\/uploads\/sites\/66\/2021\/11\/web_logo-01.jpg\" \/>\n\t<meta property=\"og:image:width\" content=\"1250\" \/>\n\t<meta property=\"og:image:height\" content=\"833\" \/>\n\t<meta property=\"og:image:type\" content=\"image\/jpeg\" \/>\n<meta name=\"twitter:card\" content=\"summary_large_image\" \/>\n<meta name=\"twitter:site\" content=\"@ticaretedutr\" \/>\n<script type=\"application\/ld+json\" class=\"yoast-schema-graph\">{\"@context\":\"https:\/\/schema.org\",\"@graph\":[{\"@type\":\"WebPage\",\"@id\":\"https:\/\/ticaret.edu.tr\/egitim-bilimleri\/arastirma-alanlari\/\",\"url\":\"https:\/\/ticaret.edu.tr\/egitim-bilimleri\/arastirma-alanlari\/\",\"name\":\"Ara\u015ft\u0131rma Alanlar\u0131 - E\u011fitim Bilimleri\",\"isPartOf\":{\"@id\":\"https:\/\/ticaret.edu.tr\/egitim-bilimleri\/#website\"},\"datePublished\":\"2025-01-26T22:45:57+00:00\",\"dateModified\":\"2025-10-15T11:34:21+00:00\",\"breadcrumb\":{\"@id\":\"https:\/\/ticaret.edu.tr\/egitim-bilimleri\/arastirma-alanlari\/#breadcrumb\"},\"inLanguage\":\"tr\",\"potentialAction\":[{\"@type\":\"ReadAction\",\"target\":[\"https:\/\/ticaret.edu.tr\/egitim-bilimleri\/arastirma-alanlari\/\"]}]},{\"@type\":\"BreadcrumbList\",\"@id\":\"https:\/\/ticaret.edu.tr\/egitim-bilimleri\/arastirma-alanlari\/#breadcrumb\",\"itemListElement\":[{\"@type\":\"ListItem\",\"position\":1,\"name\":\"Anasayfa\",\"item\":\"https:\/\/ticaret.edu.tr\/egitim-bilimleri\/\"},{\"@type\":\"ListItem\",\"position\":2,\"name\":\"Ara\u015ft\u0131rma Alanlar\u0131\"}]},{\"@type\":\"WebSite\",\"@id\":\"https:\/\/ticaret.edu.tr\/egitim-bilimleri\/#website\",\"url\":\"https:\/\/ticaret.edu.tr\/egitim-bilimleri\/\",\"name\":\"E\u011fitim Bilimleri\",\"description\":\"Bir ba\u015fka \u0130stanbul Ticaret \u00dcniversitesi site sitesi\",\"potentialAction\":[{\"@type\":\"SearchAction\",\"target\":{\"@type\":\"EntryPoint\",\"urlTemplate\":\"https:\/\/ticaret.edu.tr\/egitim-bilimleri\/?s={search_term_string}\"},\"query-input\":\"required name=search_term_string\"}],\"inLanguage\":\"tr\"}]}<\/script>\n<!-- \/ Yoast SEO Premium plugin. -->","yoast_head_json":{"title":"Ara\u015ft\u0131rma Alanlar\u0131 - E\u011fitim Bilimleri","robots":{"index":"index","follow":"follow","max-snippet":"max-snippet:-1","max-image-preview":"max-image-preview:large","max-video-preview":"max-video-preview:-1"},"canonical":"https:\/\/ticaret.edu.tr\/egitim-bilimleri\/arastirma-alanlari\/","og_locale":"tr_TR","og_type":"article","og_title":"Ara\u015ft\u0131rma Alanlar\u0131","og_description":"\ud83d\udd2c Ara\u015ft\u0131rma Alanlar\u0131 \u0130stanbul Ticaret \u00dcniversitesi E\u011fitim Bilimleri B\u00f6l\u00fcm\u00fc, e\u011fitim, aile, dan\u0131\u015fmanl\u0131k ve y\u00f6netim alanlar\u0131nda disiplinler aras\u0131 bak\u0131\u015f a\u00e7\u0131s\u0131yla ara\u015ft\u0131rmalar y\u00fcr\u00fctmektedir.B\u00f6l\u00fcm\u00fcn \u00f6ncelikli ara\u015ft\u0131rma alanlar\u0131, insan geli\u015fimi, e\u011fitimde kalite, aile sistemleri ve kurumlar\u0131n d\u00f6n\u00fc\u015f\u00fcm\u00fcodakl\u0131 konularda yo\u011funla\u015fmaktad\u0131r. \ud83d\udc68\u200d\ud83d\udc69\u200d\ud83d\udc67 Aile Dan\u0131\u015fmanl\u0131\u011f\u0131 ve E\u011fitimi Program\u0131 Ara\u015ft\u0131rma Alanlar\u0131 Bu program, aileyi bir sistem olarak ele al\u0131r ve birey\u2013aile\u2013toplum ili\u015fkilerini g\u00fc\u00e7lendirmeye [&hellip;]","og_url":"https:\/\/ticaret.edu.tr\/egitim-bilimleri\/arastirma-alanlari\/","og_site_name":"E\u011fitim Bilimleri","article_publisher":"https:\/\/www.facebook.com\/ticaretedutr","article_modified_time":"2025-10-15T11:34:21+00:00","og_image":[{"width":1250,"height":833,"url":"http:\/\/ticaret.edu.tr\/egitim-bilimleri\/wp-content\/uploads\/sites\/66\/2021\/11\/web_logo-01.jpg","type":"image\/jpeg"}],"twitter_card":"summary_large_image","twitter_site":"@ticaretedutr","schema":{"@context":"https:\/\/schema.org","@graph":[{"@type":"WebPage","@id":"https:\/\/ticaret.edu.tr\/egitim-bilimleri\/arastirma-alanlari\/","url":"https:\/\/ticaret.edu.tr\/egitim-bilimleri\/arastirma-alanlari\/","name":"Ara\u015ft\u0131rma Alanlar\u0131 - E\u011fitim Bilimleri","isPartOf":{"@id":"https:\/\/ticaret.edu.tr\/egitim-bilimleri\/#website"},"datePublished":"2025-01-26T22:45:57+00:00","dateModified":"2025-10-15T11:34:21+00:00","breadcrumb":{"@id":"https:\/\/ticaret.edu.tr\/egitim-bilimleri\/arastirma-alanlari\/#breadcrumb"},"inLanguage":"tr","potentialAction":[{"@type":"ReadAction","target":["https:\/\/ticaret.edu.tr\/egitim-bilimleri\/arastirma-alanlari\/"]}]},{"@type":"BreadcrumbList","@id":"https:\/\/ticaret.edu.tr\/egitim-bilimleri\/arastirma-alanlari\/#breadcrumb","itemListElement":[{"@type":"ListItem","position":1,"name":"Anasayfa","item":"https:\/\/ticaret.edu.tr\/egitim-bilimleri\/"},{"@type":"ListItem","position":2,"name":"Ara\u015ft\u0131rma Alanlar\u0131"}]},{"@type":"WebSite","@id":"https:\/\/ticaret.edu.tr\/egitim-bilimleri\/#website","url":"https:\/\/ticaret.edu.tr\/egitim-bilimleri\/","name":"E\u011fitim Bilimleri","description":"Bir ba\u015fka \u0130stanbul Ticaret \u00dcniversitesi site sitesi","potentialAction":[{"@type":"SearchAction","target":{"@type":"EntryPoint","urlTemplate":"https:\/\/ticaret.edu.tr\/egitim-bilimleri\/?s={search_term_string}"},"query-input":"required name=search_term_string"}],"inLanguage":"tr"}]}},"lang":"tr","translations":{"tr":500},"pll_sync_post":[],"_links":{"self":[{"href":"http:\/\/ticaret.edu.tr\/egitim-bilimleri\/wp-json\/wp\/v2\/pages\/500"}],"collection":[{"href":"http:\/\/ticaret.edu.tr\/egitim-bilimleri\/wp-json\/wp\/v2\/pages"}],"about":[{"href":"http:\/\/ticaret.edu.tr\/egitim-bilimleri\/wp-json\/wp\/v2\/types\/page"}],"author":[{"embeddable":true,"href":"http:\/\/ticaret.edu.tr\/egitim-bilimleri\/wp-json\/wp\/v2\/users\/223"}],"replies":[{"embeddable":true,"href":"http:\/\/ticaret.edu.tr\/egitim-bilimleri\/wp-json\/wp\/v2\/comments?post=500"}],"version-history":[{"count":2,"href":"http:\/\/ticaret.edu.tr\/egitim-bilimleri\/wp-json\/wp\/v2\/pages\/500\/revisions"}],"predecessor-version":[{"id":730,"href":"http:\/\/ticaret.edu.tr\/egitim-bilimleri\/wp-json\/wp\/v2\/pages\/500\/revisions\/730"}],"wp:attachment":[{"href":"http:\/\/ticaret.edu.tr\/egitim-bilimleri\/wp-json\/wp\/v2\/media?parent=500"}],"curies":[{"name":"wp","href":"https:\/\/api.w.org\/{rel}","templated":true}]}}