{"id":504,"date":"2025-01-27T01:46:34","date_gmt":"2025-01-26T22:46:34","guid":{"rendered":"https:\/\/ticaret.edu.tr\/egitim-bilimleri\/?page_id=504"},"modified":"2025-10-15T14:37:01","modified_gmt":"2025-10-15T11:37:01","slug":"bilimsel-etkinlikler","status":"publish","type":"page","link":"http:\/\/ticaret.edu.tr\/egitim-bilimleri\/bilimsel-etkinlikler\/","title":{"rendered":"Bilimsel Etkinlikler"},"content":{"rendered":"<h3 data-start=\"235\" data-end=\"268\">\ud83c\udf93 <strong data-start=\"242\" data-end=\"266\">Bilimsel Etkinlikler<\/strong><\/h3>\n<p data-start=\"270\" data-end=\"469\">\u0130stanbul Ticaret \u00dcniversitesi <strong data-start=\"300\" data-end=\"327\">E\u011fitim Bilimleri B\u00f6l\u00fcm\u00fc<\/strong>, bilimsel bilgi \u00fcretimini, akademik payla\u015f\u0131m\u0131 ve disiplinler aras\u0131 etkile\u015fimi desteklemeyi temel hedeflerinden biri olarak benimsemektedir.<\/p>\n<p data-start=\"471\" data-end=\"535\">B\u00f6l\u00fcm b\u00fcnyesinde, \u00f6\u011fretim \u00fcyeleri ve \u00f6\u011frencilerin kat\u0131l\u0131m\u0131yla;<\/p>\n<ul data-start=\"536\" data-end=\"808\">\n<li data-start=\"536\" data-end=\"588\">\n<p data-start=\"538\" data-end=\"588\">\ud83c\udfa4 <strong data-start=\"541\" data-end=\"585\">konferans, seminer, panel ve \u00e7al\u0131\u015ftaylara<\/strong>,<\/p>\n<\/li>\n<li data-start=\"589\" data-end=\"654\">\n<p data-start=\"591\" data-end=\"654\">\ud83e\udde9 <strong data-start=\"594\" data-end=\"651\">ara\u015ft\u0131rma odakl\u0131 toplant\u0131lar ve \u00f6\u011frenci sunum g\u00fcnlerine<\/strong>,<\/p>\n<\/li>\n<li data-start=\"655\" data-end=\"708\">\n<p data-start=\"657\" data-end=\"708\">\ud83c\udf0d <strong data-start=\"660\" data-end=\"705\">ulusal ve uluslararas\u0131 kongre kat\u0131l\u0131mlar\u0131na<\/strong>,<\/p>\n<\/li>\n<li data-start=\"709\" data-end=\"808\">\n<p data-start=\"711\" data-end=\"808\">\ud83d\udcd8 <strong data-start=\"714\" data-end=\"755\">T\u00dcB\u0130TAK ve proje tan\u0131t\u0131m etkinliklerine,<\/strong><br data-start=\"755\" data-end=\"758\" \/>\u00a0aktif kat\u0131l\u0131m sa\u011flanmaktad\u0131r.<\/p>\n<\/li>\n<\/ul>\n<p data-start=\"810\" data-end=\"1018\">Bu etkinlikler, \u00f6\u011frencilerin <strong data-start=\"839\" data-end=\"891\">bilimsel d\u00fc\u015f\u00fcnme, ara\u015ft\u0131rma, sunum ve i\u015f birli\u011fi<\/strong> becerilerini geli\u015ftirmeyi; akademisyenlerin ise e\u011fitim ve dan\u0131\u015fmanl\u0131k alanlar\u0131ndaki bilgi birikimini payla\u015fmalar\u0131n\u0131 ama\u00e7lar.<\/p>\n","protected":false},"excerpt":{"rendered":"<p>\ud83c\udf93 Bilimsel Etkinlikler \u0130stanbul Ticaret \u00dcniversitesi E\u011fitim Bilimleri B\u00f6l\u00fcm\u00fc, bilimsel bilgi \u00fcretimini, akademik payla\u015f\u0131m\u0131 ve disiplinler aras\u0131 etkile\u015fimi desteklemeyi temel hedeflerinden biri olarak benimsemektedir. B\u00f6l\u00fcm b\u00fcnyesinde, \u00f6\u011fretim \u00fcyeleri ve \u00f6\u011frencilerin kat\u0131l\u0131m\u0131yla; \ud83c\udfa4 konferans, seminer, panel ve \u00e7al\u0131\u015ftaylara, \ud83e\udde9 ara\u015ft\u0131rma odakl\u0131 toplant\u0131lar ve \u00f6\u011frenci sunum g\u00fcnlerine, \ud83c\udf0d ulusal ve uluslararas\u0131 kongre kat\u0131l\u0131mlar\u0131na, \ud83d\udcd8 T\u00dcB\u0130TAK ve proje [&hellip;]<\/p>\n","protected":false},"author":223,"featured_media":0,"parent":0,"menu_order":0,"comment_status":"closed","ping_status":"closed","template":"genel_sayfa.php","meta":{"footnotes":""},"yoast_head":"<!-- This site is optimized with the Yoast SEO Premium plugin v22.1 (Yoast SEO v22.1) - https:\/\/yoast.com\/wordpress\/plugins\/seo\/ -->\n<title>Bilimsel Etkinlikler - E\u011fitim Bilimleri<\/title>\n<meta name=\"robots\" content=\"index, follow, max-snippet:-1, max-image-preview:large, max-video-preview:-1\" \/>\n<link rel=\"canonical\" href=\"https:\/\/ticaret.edu.tr\/egitim-bilimleri\/bilimsel-etkinlikler\/\" \/>\n<meta property=\"og:locale\" content=\"tr_TR\" \/>\n<meta property=\"og:type\" content=\"article\" \/>\n<meta property=\"og:title\" content=\"Bilimsel Etkinlikler\" \/>\n<meta property=\"og:description\" content=\"\ud83c\udf93 Bilimsel Etkinlikler \u0130stanbul Ticaret \u00dcniversitesi E\u011fitim Bilimleri B\u00f6l\u00fcm\u00fc, bilimsel bilgi \u00fcretimini, akademik payla\u015f\u0131m\u0131 ve disiplinler aras\u0131 etkile\u015fimi desteklemeyi temel hedeflerinden biri olarak benimsemektedir. B\u00f6l\u00fcm b\u00fcnyesinde, \u00f6\u011fretim \u00fcyeleri ve \u00f6\u011frencilerin kat\u0131l\u0131m\u0131yla; \ud83c\udfa4 konferans, seminer, panel ve \u00e7al\u0131\u015ftaylara, \ud83e\udde9 ara\u015ft\u0131rma odakl\u0131 toplant\u0131lar ve \u00f6\u011frenci sunum g\u00fcnlerine, \ud83c\udf0d ulusal ve uluslararas\u0131 kongre kat\u0131l\u0131mlar\u0131na, \ud83d\udcd8 T\u00dcB\u0130TAK ve proje [&hellip;]\" \/>\n<meta property=\"og:url\" content=\"https:\/\/ticaret.edu.tr\/egitim-bilimleri\/bilimsel-etkinlikler\/\" \/>\n<meta property=\"og:site_name\" content=\"E\u011fitim Bilimleri\" \/>\n<meta property=\"article:publisher\" content=\"https:\/\/www.facebook.com\/ticaretedutr\" \/>\n<meta property=\"article:modified_time\" content=\"2025-10-15T11:37:01+00:00\" \/>\n<meta property=\"og:image\" content=\"http:\/\/ticaret.edu.tr\/egitim-bilimleri\/wp-content\/uploads\/sites\/66\/2021\/11\/web_logo-01.jpg\" \/>\n\t<meta property=\"og:image:width\" content=\"1250\" \/>\n\t<meta property=\"og:image:height\" content=\"833\" \/>\n\t<meta property=\"og:image:type\" content=\"image\/jpeg\" \/>\n<meta name=\"twitter:card\" content=\"summary_large_image\" \/>\n<meta name=\"twitter:site\" content=\"@ticaretedutr\" \/>\n<meta name=\"twitter:label1\" content=\"Tahmini okuma s\u00fcresi\" \/>\n\t<meta name=\"twitter:data1\" content=\"1 dakika\" \/>\n<script type=\"application\/ld+json\" class=\"yoast-schema-graph\">{\"@context\":\"https:\/\/schema.org\",\"@graph\":[{\"@type\":\"WebPage\",\"@id\":\"https:\/\/ticaret.edu.tr\/egitim-bilimleri\/bilimsel-etkinlikler\/\",\"url\":\"https:\/\/ticaret.edu.tr\/egitim-bilimleri\/bilimsel-etkinlikler\/\",\"name\":\"Bilimsel Etkinlikler - E\u011fitim Bilimleri\",\"isPartOf\":{\"@id\":\"https:\/\/ticaret.edu.tr\/egitim-bilimleri\/#website\"},\"datePublished\":\"2025-01-26T22:46:34+00:00\",\"dateModified\":\"2025-10-15T11:37:01+00:00\",\"breadcrumb\":{\"@id\":\"https:\/\/ticaret.edu.tr\/egitim-bilimleri\/bilimsel-etkinlikler\/#breadcrumb\"},\"inLanguage\":\"tr\",\"potentialAction\":[{\"@type\":\"ReadAction\",\"target\":[\"https:\/\/ticaret.edu.tr\/egitim-bilimleri\/bilimsel-etkinlikler\/\"]}]},{\"@type\":\"BreadcrumbList\",\"@id\":\"https:\/\/ticaret.edu.tr\/egitim-bilimleri\/bilimsel-etkinlikler\/#breadcrumb\",\"itemListElement\":[{\"@type\":\"ListItem\",\"position\":1,\"name\":\"Anasayfa\",\"item\":\"https:\/\/ticaret.edu.tr\/egitim-bilimleri\/\"},{\"@type\":\"ListItem\",\"position\":2,\"name\":\"Bilimsel Etkinlikler\"}]},{\"@type\":\"WebSite\",\"@id\":\"https:\/\/ticaret.edu.tr\/egitim-bilimleri\/#website\",\"url\":\"https:\/\/ticaret.edu.tr\/egitim-bilimleri\/\",\"name\":\"E\u011fitim Bilimleri\",\"description\":\"Bir ba\u015fka \u0130stanbul Ticaret \u00dcniversitesi site sitesi\",\"potentialAction\":[{\"@type\":\"SearchAction\",\"target\":{\"@type\":\"EntryPoint\",\"urlTemplate\":\"https:\/\/ticaret.edu.tr\/egitim-bilimleri\/?s={search_term_string}\"},\"query-input\":\"required name=search_term_string\"}],\"inLanguage\":\"tr\"}]}<\/script>\n<!-- \/ Yoast SEO Premium plugin. -->","yoast_head_json":{"title":"Bilimsel Etkinlikler - E\u011fitim Bilimleri","robots":{"index":"index","follow":"follow","max-snippet":"max-snippet:-1","max-image-preview":"max-image-preview:large","max-video-preview":"max-video-preview:-1"},"canonical":"https:\/\/ticaret.edu.tr\/egitim-bilimleri\/bilimsel-etkinlikler\/","og_locale":"tr_TR","og_type":"article","og_title":"Bilimsel Etkinlikler","og_description":"\ud83c\udf93 Bilimsel Etkinlikler \u0130stanbul Ticaret \u00dcniversitesi E\u011fitim Bilimleri B\u00f6l\u00fcm\u00fc, bilimsel bilgi \u00fcretimini, akademik payla\u015f\u0131m\u0131 ve disiplinler aras\u0131 etkile\u015fimi desteklemeyi temel hedeflerinden biri olarak benimsemektedir. B\u00f6l\u00fcm b\u00fcnyesinde, \u00f6\u011fretim \u00fcyeleri ve \u00f6\u011frencilerin kat\u0131l\u0131m\u0131yla; \ud83c\udfa4 konferans, seminer, panel ve \u00e7al\u0131\u015ftaylara, \ud83e\udde9 ara\u015ft\u0131rma odakl\u0131 toplant\u0131lar ve \u00f6\u011frenci sunum g\u00fcnlerine, \ud83c\udf0d ulusal ve uluslararas\u0131 kongre kat\u0131l\u0131mlar\u0131na, \ud83d\udcd8 T\u00dcB\u0130TAK ve proje [&hellip;]","og_url":"https:\/\/ticaret.edu.tr\/egitim-bilimleri\/bilimsel-etkinlikler\/","og_site_name":"E\u011fitim Bilimleri","article_publisher":"https:\/\/www.facebook.com\/ticaretedutr","article_modified_time":"2025-10-15T11:37:01+00:00","og_image":[{"width":1250,"height":833,"url":"http:\/\/ticaret.edu.tr\/egitim-bilimleri\/wp-content\/uploads\/sites\/66\/2021\/11\/web_logo-01.jpg","type":"image\/jpeg"}],"twitter_card":"summary_large_image","twitter_site":"@ticaretedutr","twitter_misc":{"Tahmini okuma s\u00fcresi":"1 dakika"},"schema":{"@context":"https:\/\/schema.org","@graph":[{"@type":"WebPage","@id":"https:\/\/ticaret.edu.tr\/egitim-bilimleri\/bilimsel-etkinlikler\/","url":"https:\/\/ticaret.edu.tr\/egitim-bilimleri\/bilimsel-etkinlikler\/","name":"Bilimsel Etkinlikler - E\u011fitim Bilimleri","isPartOf":{"@id":"https:\/\/ticaret.edu.tr\/egitim-bilimleri\/#website"},"datePublished":"2025-01-26T22:46:34+00:00","dateModified":"2025-10-15T11:37:01+00:00","breadcrumb":{"@id":"https:\/\/ticaret.edu.tr\/egitim-bilimleri\/bilimsel-etkinlikler\/#breadcrumb"},"inLanguage":"tr","potentialAction":[{"@type":"ReadAction","target":["https:\/\/ticaret.edu.tr\/egitim-bilimleri\/bilimsel-etkinlikler\/"]}]},{"@type":"BreadcrumbList","@id":"https:\/\/ticaret.edu.tr\/egitim-bilimleri\/bilimsel-etkinlikler\/#breadcrumb","itemListElement":[{"@type":"ListItem","position":1,"name":"Anasayfa","item":"https:\/\/ticaret.edu.tr\/egitim-bilimleri\/"},{"@type":"ListItem","position":2,"name":"Bilimsel Etkinlikler"}]},{"@type":"WebSite","@id":"https:\/\/ticaret.edu.tr\/egitim-bilimleri\/#website","url":"https:\/\/ticaret.edu.tr\/egitim-bilimleri\/","name":"E\u011fitim Bilimleri","description":"Bir ba\u015fka \u0130stanbul Ticaret \u00dcniversitesi site sitesi","potentialAction":[{"@type":"SearchAction","target":{"@type":"EntryPoint","urlTemplate":"https:\/\/ticaret.edu.tr\/egitim-bilimleri\/?s={search_term_string}"},"query-input":"required name=search_term_string"}],"inLanguage":"tr"}]}},"lang":"tr","translations":{"tr":504},"pll_sync_post":[],"_links":{"self":[{"href":"http:\/\/ticaret.edu.tr\/egitim-bilimleri\/wp-json\/wp\/v2\/pages\/504"}],"collection":[{"href":"http:\/\/ticaret.edu.tr\/egitim-bilimleri\/wp-json\/wp\/v2\/pages"}],"about":[{"href":"http:\/\/ticaret.edu.tr\/egitim-bilimleri\/wp-json\/wp\/v2\/types\/page"}],"author":[{"embeddable":true,"href":"http:\/\/ticaret.edu.tr\/egitim-bilimleri\/wp-json\/wp\/v2\/users\/223"}],"replies":[{"embeddable":true,"href":"http:\/\/ticaret.edu.tr\/egitim-bilimleri\/wp-json\/wp\/v2\/comments?post=504"}],"version-history":[{"count":2,"href":"http:\/\/ticaret.edu.tr\/egitim-bilimleri\/wp-json\/wp\/v2\/pages\/504\/revisions"}],"predecessor-version":[{"id":732,"href":"http:\/\/ticaret.edu.tr\/egitim-bilimleri\/wp-json\/wp\/v2\/pages\/504\/revisions\/732"}],"wp:attachment":[{"href":"http:\/\/ticaret.edu.tr\/egitim-bilimleri\/wp-json\/wp\/v2\/media?parent=504"}],"curies":[{"name":"wp","href":"https:\/\/api.w.org\/{rel}","templated":true}]}}