{"id":506,"date":"2025-01-27T01:47:08","date_gmt":"2025-01-26T22:47:08","guid":{"rendered":"https:\/\/ticaret.edu.tr\/egitim-bilimleri\/?page_id=506"},"modified":"2025-10-15T13:34:39","modified_gmt":"2025-10-15T10:34:39","slug":"akreditasyon","status":"publish","type":"page","link":"http:\/\/ticaret.edu.tr\/egitim-bilimleri\/akreditasyon\/","title":{"rendered":"Akreditasyon"},"content":{"rendered":"<p data-start=\"128\" data-end=\"321\">\u0130stanbul Ticaret \u00dcniversitesi <strong data-start=\"158\" data-end=\"185\">E\u011fitim Bilimleri B\u00f6l\u00fcm\u00fc<\/strong>, y\u00fcr\u00fctt\u00fc\u011f\u00fc t\u00fcm lisans\u00fcst\u00fc programlarda <strong data-start=\"225\" data-end=\"291\">kalite g\u00fcvencesi, akademik m\u00fckemmeliyet ve s\u00fcrekli iyile\u015ftirme<\/strong> ilkelerini esas almaktad\u0131r.<\/p>\n<p data-start=\"323\" data-end=\"584\">B\u00f6l\u00fcm b\u00fcnyesinde yer alan <strong data-start=\"349\" data-end=\"381\">Aile Dan\u0131\u015fmanl\u0131\u011f\u0131 ve E\u011fitimi<\/strong> ile <strong data-start=\"386\" data-end=\"405\">E\u011fitim Y\u00f6netimi<\/strong> y\u00fcksek lisans programlar\u0131, <strong data-start=\"433\" data-end=\"463\">Y\u00fcksek\u00f6\u011fretim Kurulu (Y\u00d6K)<\/strong> taraf\u0131ndan onaylanm\u0131\u015f ve <strong data-start=\"489\" data-end=\"550\">\u0130stanbul Ticaret \u00dcniversitesi Lisans\u00fcst\u00fc E\u011fitim Enstit\u00fcs\u00fc<\/strong>\u00e7at\u0131s\u0131 alt\u0131nda y\u00fcr\u00fct\u00fclmektedir.<\/p>\n<p data-start=\"586\" data-end=\"821\">Programlar\u0131n i\u00e7erikleri, <strong data-start=\"611\" data-end=\"649\">ulusal ve uluslararas\u0131 standartlar<\/strong>, <strong data-start=\"651\" data-end=\"690\">Y\u00d6KAK (Y\u00fcksek\u00f6\u011fretim Kalite Kurulu)<\/strong> ilkeleri ve <strong data-start=\"703\" data-end=\"748\">\u00fcniversitemizin kalite g\u00fcvence politikas\u0131<\/strong> do\u011frultusunda d\u00fczenli olarak g\u00f6zden ge\u00e7irilmekte ve g\u00fcncellenmektedir.<\/p>\n<p data-start=\"823\" data-end=\"1012\">E\u011fitim Bilimleri B\u00f6l\u00fcm\u00fc, yak\u0131n d\u00f6nemde her iki program\u0131n da <strong data-start=\"883\" data-end=\"918\">akreditasyon s\u00fcrecini ba\u015flatmak<\/strong> amac\u0131yla ilgili kalite kurulu\u015flar\u0131yla i\u015f birli\u011fi \u00e7al\u0131\u015fmalar\u0131n\u0131 s\u00fcrd\u00fcrmektedir. Bu kapsamda;<\/p>\n<ul data-start=\"1013\" data-end=\"1202\">\n<li data-start=\"1013\" data-end=\"1043\">\n<p data-start=\"1015\" data-end=\"1043\">Program \u00f6\u011frenme \u00e7\u0131kt\u0131lar\u0131,<\/p>\n<\/li>\n<li data-start=\"1044\" data-end=\"1073\">\n<p data-start=\"1046\" data-end=\"1073\">Payda\u015f geri bildirimleri,<\/p>\n<\/li>\n<li data-start=\"1074\" data-end=\"1112\">\n<p data-start=\"1076\" data-end=\"1112\">\u00d6l\u00e7me ve de\u011ferlendirme sistemleri,<\/p>\n<\/li>\n<li data-start=\"1113\" data-end=\"1202\">\n<p data-start=\"1115\" data-end=\"1202\">Mezun izleme ve s\u00fcrekli iyile\u015ftirme s\u00fcre\u00e7leri<br data-start=\"1160\" data-end=\"1163\" \/>d\u00fczenli olarak de\u011ferlendirilmektedir.<\/p>\n<\/li>\n<\/ul>\n","protected":false},"excerpt":{"rendered":"<p>\u0130stanbul Ticaret \u00dcniversitesi E\u011fitim Bilimleri B\u00f6l\u00fcm\u00fc, y\u00fcr\u00fctt\u00fc\u011f\u00fc t\u00fcm lisans\u00fcst\u00fc programlarda kalite g\u00fcvencesi, akademik m\u00fckemmeliyet ve s\u00fcrekli iyile\u015ftirme ilkelerini esas almaktad\u0131r. B\u00f6l\u00fcm b\u00fcnyesinde yer alan Aile Dan\u0131\u015fmanl\u0131\u011f\u0131 ve E\u011fitimi ile E\u011fitim Y\u00f6netimi y\u00fcksek lisans programlar\u0131, Y\u00fcksek\u00f6\u011fretim Kurulu (Y\u00d6K) taraf\u0131ndan onaylanm\u0131\u015f ve \u0130stanbul Ticaret \u00dcniversitesi Lisans\u00fcst\u00fc E\u011fitim Enstit\u00fcs\u00fc\u00e7at\u0131s\u0131 alt\u0131nda y\u00fcr\u00fct\u00fclmektedir. Programlar\u0131n i\u00e7erikleri, ulusal ve uluslararas\u0131 standartlar, Y\u00d6KAK [&hellip;]<\/p>\n","protected":false},"author":223,"featured_media":0,"parent":0,"menu_order":0,"comment_status":"closed","ping_status":"closed","template":"genel_sayfa.php","meta":{"footnotes":""},"yoast_head":"<!-- This site is optimized with the Yoast SEO Premium plugin v22.1 (Yoast SEO v22.1) - https:\/\/yoast.com\/wordpress\/plugins\/seo\/ -->\n<title>Akreditasyon - E\u011fitim Bilimleri<\/title>\n<meta name=\"robots\" content=\"index, follow, max-snippet:-1, max-image-preview:large, max-video-preview:-1\" \/>\n<link rel=\"canonical\" href=\"https:\/\/ticaret.edu.tr\/egitim-bilimleri\/akreditasyon\/\" \/>\n<meta property=\"og:locale\" content=\"tr_TR\" \/>\n<meta property=\"og:type\" content=\"article\" \/>\n<meta property=\"og:title\" content=\"Akreditasyon\" \/>\n<meta property=\"og:description\" content=\"\u0130stanbul Ticaret \u00dcniversitesi E\u011fitim Bilimleri B\u00f6l\u00fcm\u00fc, y\u00fcr\u00fctt\u00fc\u011f\u00fc t\u00fcm lisans\u00fcst\u00fc programlarda kalite g\u00fcvencesi, akademik m\u00fckemmeliyet ve s\u00fcrekli iyile\u015ftirme ilkelerini esas almaktad\u0131r. B\u00f6l\u00fcm b\u00fcnyesinde yer alan Aile Dan\u0131\u015fmanl\u0131\u011f\u0131 ve E\u011fitimi ile E\u011fitim Y\u00f6netimi y\u00fcksek lisans programlar\u0131, Y\u00fcksek\u00f6\u011fretim Kurulu (Y\u00d6K) taraf\u0131ndan onaylanm\u0131\u015f ve \u0130stanbul Ticaret \u00dcniversitesi Lisans\u00fcst\u00fc E\u011fitim Enstit\u00fcs\u00fc\u00e7at\u0131s\u0131 alt\u0131nda y\u00fcr\u00fct\u00fclmektedir. Programlar\u0131n i\u00e7erikleri, ulusal ve uluslararas\u0131 standartlar, Y\u00d6KAK [&hellip;]\" \/>\n<meta property=\"og:url\" content=\"https:\/\/ticaret.edu.tr\/egitim-bilimleri\/akreditasyon\/\" \/>\n<meta property=\"og:site_name\" content=\"E\u011fitim Bilimleri\" \/>\n<meta property=\"article:publisher\" content=\"https:\/\/www.facebook.com\/ticaretedutr\" \/>\n<meta property=\"article:modified_time\" content=\"2025-10-15T10:34:39+00:00\" \/>\n<meta property=\"og:image\" content=\"http:\/\/ticaret.edu.tr\/egitim-bilimleri\/wp-content\/uploads\/sites\/66\/2021\/11\/web_logo-01.jpg\" \/>\n\t<meta property=\"og:image:width\" content=\"1250\" \/>\n\t<meta property=\"og:image:height\" content=\"833\" \/>\n\t<meta property=\"og:image:type\" content=\"image\/jpeg\" \/>\n<meta name=\"twitter:card\" content=\"summary_large_image\" \/>\n<meta name=\"twitter:site\" content=\"@ticaretedutr\" \/>\n<meta name=\"twitter:label1\" content=\"Tahmini okuma s\u00fcresi\" \/>\n\t<meta name=\"twitter:data1\" content=\"1 dakika\" \/>\n<script type=\"application\/ld+json\" class=\"yoast-schema-graph\">{\"@context\":\"https:\/\/schema.org\",\"@graph\":[{\"@type\":\"WebPage\",\"@id\":\"https:\/\/ticaret.edu.tr\/egitim-bilimleri\/akreditasyon\/\",\"url\":\"https:\/\/ticaret.edu.tr\/egitim-bilimleri\/akreditasyon\/\",\"name\":\"Akreditasyon - E\u011fitim Bilimleri\",\"isPartOf\":{\"@id\":\"https:\/\/ticaret.edu.tr\/egitim-bilimleri\/#website\"},\"datePublished\":\"2025-01-26T22:47:08+00:00\",\"dateModified\":\"2025-10-15T10:34:39+00:00\",\"breadcrumb\":{\"@id\":\"https:\/\/ticaret.edu.tr\/egitim-bilimleri\/akreditasyon\/#breadcrumb\"},\"inLanguage\":\"tr\",\"potentialAction\":[{\"@type\":\"ReadAction\",\"target\":[\"https:\/\/ticaret.edu.tr\/egitim-bilimleri\/akreditasyon\/\"]}]},{\"@type\":\"BreadcrumbList\",\"@id\":\"https:\/\/ticaret.edu.tr\/egitim-bilimleri\/akreditasyon\/#breadcrumb\",\"itemListElement\":[{\"@type\":\"ListItem\",\"position\":1,\"name\":\"Anasayfa\",\"item\":\"https:\/\/ticaret.edu.tr\/egitim-bilimleri\/\"},{\"@type\":\"ListItem\",\"position\":2,\"name\":\"Akreditasyon\"}]},{\"@type\":\"WebSite\",\"@id\":\"https:\/\/ticaret.edu.tr\/egitim-bilimleri\/#website\",\"url\":\"https:\/\/ticaret.edu.tr\/egitim-bilimleri\/\",\"name\":\"E\u011fitim Bilimleri\",\"description\":\"Bir ba\u015fka \u0130stanbul Ticaret \u00dcniversitesi site sitesi\",\"potentialAction\":[{\"@type\":\"SearchAction\",\"target\":{\"@type\":\"EntryPoint\",\"urlTemplate\":\"https:\/\/ticaret.edu.tr\/egitim-bilimleri\/?s={search_term_string}\"},\"query-input\":\"required name=search_term_string\"}],\"inLanguage\":\"tr\"}]}<\/script>\n<!-- \/ Yoast SEO Premium plugin. -->","yoast_head_json":{"title":"Akreditasyon - E\u011fitim Bilimleri","robots":{"index":"index","follow":"follow","max-snippet":"max-snippet:-1","max-image-preview":"max-image-preview:large","max-video-preview":"max-video-preview:-1"},"canonical":"https:\/\/ticaret.edu.tr\/egitim-bilimleri\/akreditasyon\/","og_locale":"tr_TR","og_type":"article","og_title":"Akreditasyon","og_description":"\u0130stanbul Ticaret \u00dcniversitesi E\u011fitim Bilimleri B\u00f6l\u00fcm\u00fc, y\u00fcr\u00fctt\u00fc\u011f\u00fc t\u00fcm lisans\u00fcst\u00fc programlarda kalite g\u00fcvencesi, akademik m\u00fckemmeliyet ve s\u00fcrekli iyile\u015ftirme ilkelerini esas almaktad\u0131r. B\u00f6l\u00fcm b\u00fcnyesinde yer alan Aile Dan\u0131\u015fmanl\u0131\u011f\u0131 ve E\u011fitimi ile E\u011fitim Y\u00f6netimi y\u00fcksek lisans programlar\u0131, Y\u00fcksek\u00f6\u011fretim Kurulu (Y\u00d6K) taraf\u0131ndan onaylanm\u0131\u015f ve \u0130stanbul Ticaret \u00dcniversitesi Lisans\u00fcst\u00fc E\u011fitim Enstit\u00fcs\u00fc\u00e7at\u0131s\u0131 alt\u0131nda y\u00fcr\u00fct\u00fclmektedir. Programlar\u0131n i\u00e7erikleri, ulusal ve uluslararas\u0131 standartlar, Y\u00d6KAK [&hellip;]","og_url":"https:\/\/ticaret.edu.tr\/egitim-bilimleri\/akreditasyon\/","og_site_name":"E\u011fitim Bilimleri","article_publisher":"https:\/\/www.facebook.com\/ticaretedutr","article_modified_time":"2025-10-15T10:34:39+00:00","og_image":[{"width":1250,"height":833,"url":"http:\/\/ticaret.edu.tr\/egitim-bilimleri\/wp-content\/uploads\/sites\/66\/2021\/11\/web_logo-01.jpg","type":"image\/jpeg"}],"twitter_card":"summary_large_image","twitter_site":"@ticaretedutr","twitter_misc":{"Tahmini okuma s\u00fcresi":"1 dakika"},"schema":{"@context":"https:\/\/schema.org","@graph":[{"@type":"WebPage","@id":"https:\/\/ticaret.edu.tr\/egitim-bilimleri\/akreditasyon\/","url":"https:\/\/ticaret.edu.tr\/egitim-bilimleri\/akreditasyon\/","name":"Akreditasyon - E\u011fitim Bilimleri","isPartOf":{"@id":"https:\/\/ticaret.edu.tr\/egitim-bilimleri\/#website"},"datePublished":"2025-01-26T22:47:08+00:00","dateModified":"2025-10-15T10:34:39+00:00","breadcrumb":{"@id":"https:\/\/ticaret.edu.tr\/egitim-bilimleri\/akreditasyon\/#breadcrumb"},"inLanguage":"tr","potentialAction":[{"@type":"ReadAction","target":["https:\/\/ticaret.edu.tr\/egitim-bilimleri\/akreditasyon\/"]}]},{"@type":"BreadcrumbList","@id":"https:\/\/ticaret.edu.tr\/egitim-bilimleri\/akreditasyon\/#breadcrumb","itemListElement":[{"@type":"ListItem","position":1,"name":"Anasayfa","item":"https:\/\/ticaret.edu.tr\/egitim-bilimleri\/"},{"@type":"ListItem","position":2,"name":"Akreditasyon"}]},{"@type":"WebSite","@id":"https:\/\/ticaret.edu.tr\/egitim-bilimleri\/#website","url":"https:\/\/ticaret.edu.tr\/egitim-bilimleri\/","name":"E\u011fitim Bilimleri","description":"Bir ba\u015fka \u0130stanbul Ticaret \u00dcniversitesi site sitesi","potentialAction":[{"@type":"SearchAction","target":{"@type":"EntryPoint","urlTemplate":"https:\/\/ticaret.edu.tr\/egitim-bilimleri\/?s={search_term_string}"},"query-input":"required name=search_term_string"}],"inLanguage":"tr"}]}},"lang":"tr","translations":{"tr":506},"pll_sync_post":[],"_links":{"self":[{"href":"http:\/\/ticaret.edu.tr\/egitim-bilimleri\/wp-json\/wp\/v2\/pages\/506"}],"collection":[{"href":"http:\/\/ticaret.edu.tr\/egitim-bilimleri\/wp-json\/wp\/v2\/pages"}],"about":[{"href":"http:\/\/ticaret.edu.tr\/egitim-bilimleri\/wp-json\/wp\/v2\/types\/page"}],"author":[{"embeddable":true,"href":"http:\/\/ticaret.edu.tr\/egitim-bilimleri\/wp-json\/wp\/v2\/users\/223"}],"replies":[{"embeddable":true,"href":"http:\/\/ticaret.edu.tr\/egitim-bilimleri\/wp-json\/wp\/v2\/comments?post=506"}],"version-history":[{"count":2,"href":"http:\/\/ticaret.edu.tr\/egitim-bilimleri\/wp-json\/wp\/v2\/pages\/506\/revisions"}],"predecessor-version":[{"id":700,"href":"http:\/\/ticaret.edu.tr\/egitim-bilimleri\/wp-json\/wp\/v2\/pages\/506\/revisions\/700"}],"wp:attachment":[{"href":"http:\/\/ticaret.edu.tr\/egitim-bilimleri\/wp-json\/wp\/v2\/media?parent=506"}],"curies":[{"name":"wp","href":"https:\/\/api.w.org\/{rel}","templated":true}]}}