{"id":95,"date":"2023-02-20T10:33:20","date_gmt":"2023-02-20T07:33:20","guid":{"rendered":"https:\/\/ticaret.edu.tr\/egitim-bilimleri\/?page_id=95"},"modified":"2025-03-05T23:23:56","modified_gmt":"2025-03-05T20:23:56","slug":"pedagojik-formasyon","status":"publish","type":"page","link":"http:\/\/ticaret.edu.tr\/egitim-bilimleri\/pedagojik-formasyon\/","title":{"rendered":"Pedagojik Formasyon"},"content":{"rendered":"<h3 data-start=\"0\" data-end=\"53\"><strong data-start=\"4\" data-end=\"51\">Pedagojik Formasyon Nedir? Kimler Alabilir?<\/strong><\/h3>\n<p data-start=\"55\" data-end=\"407\"><strong data-start=\"55\" data-end=\"78\">Pedagojik formasyon<\/strong>, \u00f6\u011fretmen olmak isteyen bireylerin almas\u0131 gereken e\u011fitim program\u0131d\u0131r. Bu program, \u00f6\u011fretmen adaylar\u0131na <strong data-start=\"181\" data-end=\"254\">\u00f6\u011fretim y\u00f6ntemleri, s\u0131n\u0131f y\u00f6netimi, \u00f6l\u00e7me ve de\u011ferlendirme teknikleri<\/strong> gibi temel becerileri kazand\u0131r\u0131r. \u00d6zellikle <strong data-start=\"299\" data-end=\"319\">lisans mezunlar\u0131<\/strong> veya \u00f6\u011fretmenlik mesle\u011fine y\u00f6nelmek isteyen \u00f6\u011frenciler i\u00e7in b\u00fcy\u00fck bir avantaj sa\u011flar.<\/p>\n<h3 data-start=\"409\" data-end=\"455\"><strong data-start=\"413\" data-end=\"453\">Pedagojik Formasyonun Amac\u0131 ve \u00d6nemi<\/strong><\/h3>\n<p data-start=\"457\" data-end=\"647\">Pedagojik formasyonun temel amac\u0131, \u00f6\u011fretmen adaylar\u0131n\u0131 <strong data-start=\"512\" data-end=\"565\">e\u011fitim bilimleri alan\u0131nda donan\u0131ml\u0131 hale getirmek<\/strong> ve onlar\u0131 s\u0131n\u0131f ortam\u0131na haz\u0131rlamakt\u0131r. Bu program sayesinde \u00f6\u011fretmen adaylar\u0131:<\/p>\n<p data-start=\"649\" data-end=\"916\">\u2705 <strong data-start=\"651\" data-end=\"692\">\u00d6\u011frenci merkezli \u00f6\u011fretim tekniklerini<\/strong> \u00f6\u011frenir.<br data-start=\"701\" data-end=\"704\" \/>\u2705 <strong data-start=\"706\" data-end=\"724\">S\u0131n\u0131f y\u00f6netimi<\/strong> ve \u00f6\u011frenci psikolojisi hakk\u0131nda bilgi sahibi olur.<br data-start=\"775\" data-end=\"778\" \/>\u2705 <strong data-start=\"780\" data-end=\"823\">Etkili ileti\u015fim ve rehberlik becerileri<\/strong> kazan\u0131r.<br data-start=\"832\" data-end=\"835\" \/>\u2705 <strong data-start=\"837\" data-end=\"874\" data-is-only-node=\"\">E\u011fitim teknolojilerini kullanarak<\/strong> modern \u00f6\u011fretim stratejileri geli\u015ftirir.<\/p>\n<p data-start=\"918\" data-end=\"1097\">E\u011fitimde kaliteyi art\u0131rmak ve \u00f6\u011frencilerin ba\u015far\u0131lar\u0131n\u0131 y\u00fckseltmek i\u00e7in <strong data-start=\"990\" data-end=\"1025\">pedagojik formasyon programlar\u0131<\/strong>, \u00f6\u011fretmen adaylar\u0131n\u0131n yetkinliklerini geli\u015ftirmelerine yard\u0131mc\u0131 olur.<\/p>\n","protected":false},"excerpt":{"rendered":"<p>Pedagojik Formasyon Nedir? Kimler Alabilir? Pedagojik formasyon, \u00f6\u011fretmen olmak isteyen bireylerin almas\u0131 gereken e\u011fitim program\u0131d\u0131r. Bu program, \u00f6\u011fretmen adaylar\u0131na \u00f6\u011fretim y\u00f6ntemleri, s\u0131n\u0131f y\u00f6netimi, \u00f6l\u00e7me ve de\u011ferlendirme teknikleri gibi temel becerileri kazand\u0131r\u0131r. \u00d6zellikle lisans mezunlar\u0131 veya \u00f6\u011fretmenlik mesle\u011fine y\u00f6nelmek isteyen \u00f6\u011frenciler i\u00e7in b\u00fcy\u00fck bir avantaj sa\u011flar. Pedagojik Formasyonun Amac\u0131 ve \u00d6nemi Pedagojik formasyonun temel amac\u0131, \u00f6\u011fretmen [&hellip;]<\/p>\n","protected":false},"author":201,"featured_media":0,"parent":0,"menu_order":0,"comment_status":"closed","ping_status":"closed","template":"genel_sayfa.php","meta":{"footnotes":""},"yoast_head":"<!-- This site is optimized with the Yoast SEO Premium plugin v22.1 (Yoast SEO v22.1) - https:\/\/yoast.com\/wordpress\/plugins\/seo\/ -->\n<title>Pedagojik Formasyon - E\u011fitim Bilimleri<\/title>\n<meta name=\"robots\" content=\"index, follow, max-snippet:-1, max-image-preview:large, max-video-preview:-1\" \/>\n<link rel=\"canonical\" href=\"https:\/\/ticaret.edu.tr\/egitim-bilimleri\/pedagojik-formasyon\/\" \/>\n<meta property=\"og:locale\" content=\"tr_TR\" \/>\n<meta property=\"og:type\" content=\"article\" \/>\n<meta property=\"og:title\" content=\"Pedagojik Formasyon\" \/>\n<meta property=\"og:description\" content=\"Pedagojik Formasyon Nedir? Kimler Alabilir? Pedagojik formasyon, \u00f6\u011fretmen olmak isteyen bireylerin almas\u0131 gereken e\u011fitim program\u0131d\u0131r. Bu program, \u00f6\u011fretmen adaylar\u0131na \u00f6\u011fretim y\u00f6ntemleri, s\u0131n\u0131f y\u00f6netimi, \u00f6l\u00e7me ve de\u011ferlendirme teknikleri gibi temel becerileri kazand\u0131r\u0131r. \u00d6zellikle lisans mezunlar\u0131 veya \u00f6\u011fretmenlik mesle\u011fine y\u00f6nelmek isteyen \u00f6\u011frenciler i\u00e7in b\u00fcy\u00fck bir avantaj sa\u011flar. Pedagojik Formasyonun Amac\u0131 ve \u00d6nemi Pedagojik formasyonun temel amac\u0131, \u00f6\u011fretmen [&hellip;]\" \/>\n<meta property=\"og:url\" content=\"https:\/\/ticaret.edu.tr\/egitim-bilimleri\/pedagojik-formasyon\/\" \/>\n<meta property=\"og:site_name\" content=\"E\u011fitim Bilimleri\" \/>\n<meta property=\"article:publisher\" content=\"https:\/\/www.facebook.com\/ticaretedutr\" \/>\n<meta property=\"article:modified_time\" content=\"2025-03-05T20:23:56+00:00\" \/>\n<meta property=\"og:image\" content=\"http:\/\/ticaret.edu.tr\/egitim-bilimleri\/wp-content\/uploads\/sites\/66\/2021\/11\/web_logo-01.jpg\" \/>\n\t<meta property=\"og:image:width\" content=\"1250\" \/>\n\t<meta property=\"og:image:height\" content=\"833\" \/>\n\t<meta property=\"og:image:type\" content=\"image\/jpeg\" \/>\n<meta name=\"twitter:card\" content=\"summary_large_image\" \/>\n<meta name=\"twitter:site\" content=\"@ticaretedutr\" \/>\n<meta name=\"twitter:label1\" content=\"Tahmini okuma s\u00fcresi\" \/>\n\t<meta name=\"twitter:data1\" content=\"1 dakika\" \/>\n<script type=\"application\/ld+json\" class=\"yoast-schema-graph\">{\"@context\":\"https:\/\/schema.org\",\"@graph\":[{\"@type\":\"WebPage\",\"@id\":\"https:\/\/ticaret.edu.tr\/egitim-bilimleri\/pedagojik-formasyon\/\",\"url\":\"https:\/\/ticaret.edu.tr\/egitim-bilimleri\/pedagojik-formasyon\/\",\"name\":\"Pedagojik Formasyon - E\u011fitim Bilimleri\",\"isPartOf\":{\"@id\":\"https:\/\/ticaret.edu.tr\/egitim-bilimleri\/#website\"},\"datePublished\":\"2023-02-20T07:33:20+00:00\",\"dateModified\":\"2025-03-05T20:23:56+00:00\",\"breadcrumb\":{\"@id\":\"https:\/\/ticaret.edu.tr\/egitim-bilimleri\/pedagojik-formasyon\/#breadcrumb\"},\"inLanguage\":\"tr\",\"potentialAction\":[{\"@type\":\"ReadAction\",\"target\":[\"https:\/\/ticaret.edu.tr\/egitim-bilimleri\/pedagojik-formasyon\/\"]}]},{\"@type\":\"BreadcrumbList\",\"@id\":\"https:\/\/ticaret.edu.tr\/egitim-bilimleri\/pedagojik-formasyon\/#breadcrumb\",\"itemListElement\":[{\"@type\":\"ListItem\",\"position\":1,\"name\":\"Anasayfa\",\"item\":\"https:\/\/ticaret.edu.tr\/egitim-bilimleri\/\"},{\"@type\":\"ListItem\",\"position\":2,\"name\":\"Pedagojik Formasyon\"}]},{\"@type\":\"WebSite\",\"@id\":\"https:\/\/ticaret.edu.tr\/egitim-bilimleri\/#website\",\"url\":\"https:\/\/ticaret.edu.tr\/egitim-bilimleri\/\",\"name\":\"E\u011fitim Bilimleri\",\"description\":\"Bir ba\u015fka \u0130stanbul Ticaret \u00dcniversitesi site sitesi\",\"potentialAction\":[{\"@type\":\"SearchAction\",\"target\":{\"@type\":\"EntryPoint\",\"urlTemplate\":\"https:\/\/ticaret.edu.tr\/egitim-bilimleri\/?s={search_term_string}\"},\"query-input\":\"required name=search_term_string\"}],\"inLanguage\":\"tr\"}]}<\/script>\n<!-- \/ Yoast SEO Premium plugin. -->","yoast_head_json":{"title":"Pedagojik Formasyon - E\u011fitim Bilimleri","robots":{"index":"index","follow":"follow","max-snippet":"max-snippet:-1","max-image-preview":"max-image-preview:large","max-video-preview":"max-video-preview:-1"},"canonical":"https:\/\/ticaret.edu.tr\/egitim-bilimleri\/pedagojik-formasyon\/","og_locale":"tr_TR","og_type":"article","og_title":"Pedagojik Formasyon","og_description":"Pedagojik Formasyon Nedir? Kimler Alabilir? Pedagojik formasyon, \u00f6\u011fretmen olmak isteyen bireylerin almas\u0131 gereken e\u011fitim program\u0131d\u0131r. Bu program, \u00f6\u011fretmen adaylar\u0131na \u00f6\u011fretim y\u00f6ntemleri, s\u0131n\u0131f y\u00f6netimi, \u00f6l\u00e7me ve de\u011ferlendirme teknikleri gibi temel becerileri kazand\u0131r\u0131r. \u00d6zellikle lisans mezunlar\u0131 veya \u00f6\u011fretmenlik mesle\u011fine y\u00f6nelmek isteyen \u00f6\u011frenciler i\u00e7in b\u00fcy\u00fck bir avantaj sa\u011flar. Pedagojik Formasyonun Amac\u0131 ve \u00d6nemi Pedagojik formasyonun temel amac\u0131, \u00f6\u011fretmen [&hellip;]","og_url":"https:\/\/ticaret.edu.tr\/egitim-bilimleri\/pedagojik-formasyon\/","og_site_name":"E\u011fitim Bilimleri","article_publisher":"https:\/\/www.facebook.com\/ticaretedutr","article_modified_time":"2025-03-05T20:23:56+00:00","og_image":[{"width":1250,"height":833,"url":"http:\/\/ticaret.edu.tr\/egitim-bilimleri\/wp-content\/uploads\/sites\/66\/2021\/11\/web_logo-01.jpg","type":"image\/jpeg"}],"twitter_card":"summary_large_image","twitter_site":"@ticaretedutr","twitter_misc":{"Tahmini okuma s\u00fcresi":"1 dakika"},"schema":{"@context":"https:\/\/schema.org","@graph":[{"@type":"WebPage","@id":"https:\/\/ticaret.edu.tr\/egitim-bilimleri\/pedagojik-formasyon\/","url":"https:\/\/ticaret.edu.tr\/egitim-bilimleri\/pedagojik-formasyon\/","name":"Pedagojik Formasyon - E\u011fitim Bilimleri","isPartOf":{"@id":"https:\/\/ticaret.edu.tr\/egitim-bilimleri\/#website"},"datePublished":"2023-02-20T07:33:20+00:00","dateModified":"2025-03-05T20:23:56+00:00","breadcrumb":{"@id":"https:\/\/ticaret.edu.tr\/egitim-bilimleri\/pedagojik-formasyon\/#breadcrumb"},"inLanguage":"tr","potentialAction":[{"@type":"ReadAction","target":["https:\/\/ticaret.edu.tr\/egitim-bilimleri\/pedagojik-formasyon\/"]}]},{"@type":"BreadcrumbList","@id":"https:\/\/ticaret.edu.tr\/egitim-bilimleri\/pedagojik-formasyon\/#breadcrumb","itemListElement":[{"@type":"ListItem","position":1,"name":"Anasayfa","item":"https:\/\/ticaret.edu.tr\/egitim-bilimleri\/"},{"@type":"ListItem","position":2,"name":"Pedagojik Formasyon"}]},{"@type":"WebSite","@id":"https:\/\/ticaret.edu.tr\/egitim-bilimleri\/#website","url":"https:\/\/ticaret.edu.tr\/egitim-bilimleri\/","name":"E\u011fitim Bilimleri","description":"Bir ba\u015fka \u0130stanbul Ticaret \u00dcniversitesi site sitesi","potentialAction":[{"@type":"SearchAction","target":{"@type":"EntryPoint","urlTemplate":"https:\/\/ticaret.edu.tr\/egitim-bilimleri\/?s={search_term_string}"},"query-input":"required name=search_term_string"}],"inLanguage":"tr"}]}},"lang":"tr","translations":{"tr":95},"pll_sync_post":[],"_links":{"self":[{"href":"http:\/\/ticaret.edu.tr\/egitim-bilimleri\/wp-json\/wp\/v2\/pages\/95"}],"collection":[{"href":"http:\/\/ticaret.edu.tr\/egitim-bilimleri\/wp-json\/wp\/v2\/pages"}],"about":[{"href":"http:\/\/ticaret.edu.tr\/egitim-bilimleri\/wp-json\/wp\/v2\/types\/page"}],"author":[{"embeddable":true,"href":"http:\/\/ticaret.edu.tr\/egitim-bilimleri\/wp-json\/wp\/v2\/users\/201"}],"replies":[{"embeddable":true,"href":"http:\/\/ticaret.edu.tr\/egitim-bilimleri\/wp-json\/wp\/v2\/comments?post=95"}],"version-history":[{"count":5,"href":"http:\/\/ticaret.edu.tr\/egitim-bilimleri\/wp-json\/wp\/v2\/pages\/95\/revisions"}],"predecessor-version":[{"id":644,"href":"http:\/\/ticaret.edu.tr\/egitim-bilimleri\/wp-json\/wp\/v2\/pages\/95\/revisions\/644"}],"wp:attachment":[{"href":"http:\/\/ticaret.edu.tr\/egitim-bilimleri\/wp-json\/wp\/v2\/media?parent=95"}],"curies":[{"name":"wp","href":"https:\/\/api.w.org\/{rel}","templated":true}]}}